{"id":485,"date":"2018-04-09T17:45:25","date_gmt":"2018-04-09T15:45:25","guid":{"rendered":"http:\/\/wp.kristdemokraterna.se\/timra\/?page_id=485"},"modified":"2024-03-14T11:53:42","modified_gmt":"2024-03-14T10:53:42","slug":"vara-fortroendevalda","status":"publish","type":"page","link":"https:\/\/wp.kristdemokraterna.se\/timra\/textsida-med-vanster-sidebar\/vara-fortroendevalda\/","title":{"rendered":"V\u00e5ra f\u00f6rtroendevalda"},"content":{"rendered":"<p><strong>Kommunfullm\u00e4ktige<\/strong><\/p>\n<p>Jotiar Lennartsson, ledamot<br \/>\nAnastasie Mukabera, ledamot<br \/>\nDaniella Nyirakalinka, ers\u00e4ttare<\/p>\n<p><strong>Kommunstyrelsen<\/strong><\/p>\n<p>Viktor Bengtsson<\/p>\n<p><strong>Barn- och utbildningsn\u00e4mnden<\/strong><\/p>\n<p>Jotiar Lennartsson<\/p>\n<p><strong>Kultur- och teknikn\u00e4mnden<br \/>\n<\/strong>Mariette Assira (fyllnadsval som tas p\u00e5 kommunfullm\u00e4ktige 25 mars)<\/p>\n<p><strong>Milj\u00f6- och byggnadsn\u00e4mnden<br \/>\n<\/strong>Rolf Johnny Dale<\/p>\n<p><strong>Socialn\u00e4mnden<\/strong><br \/>\nAnastasie Mukabera<\/p>\n<p><strong>Medelpads r\u00e4ddningstj\u00e4nstf\u00f6rbund<br \/>\n<\/strong>Daniella Nyirakalinka (fyllnadsval som tas p\u00e5 kommunfullm\u00e4ktige 25 mars)<\/p>\n<p>&nbsp;<\/p>\n","protected":false},"excerpt":{"rendered":"<p>Kommunfullm\u00e4ktige Jotiar Lennartsson, ledamot Anastasie Mukabera, ledamot Daniella Nyirakalinka, ers\u00e4ttare Kommunstyrelsen Viktor Bengtsson Barn- och utbildningsn\u00e4mnden Jotiar Lennartsson Kultur- och teknikn\u00e4mnden Mariette Assira (fyllnadsval som tas p\u00e5 kommunfullm\u00e4ktige 25 mars) Milj\u00f6- och byggnadsn\u00e4mnden Rolf Johnny Dale Socialn\u00e4mnden Anastasie Mukabera Medelpads r\u00e4ddningstj\u00e4nstf\u00f6rbund Daniella Nyirakalinka (fyllnadsval som tas p\u00e5 kommunfullm\u00e4ktige 25 mars) &nbsp;<\/p>\n","protected":false},"author":787,"featured_media":0,"parent":269,"menu_order":0,"comment_status":"closed","ping_status":"closed","template":"","meta":{"_acf_changed":false,"footnotes":""},"class_list":["post-485","page","type-page","status-publish","hentry"],"acf":[],"yoast_head":"<!-- This site is optimized with the Yoast SEO plugin v27.4 - https:\/\/yoast.com\/product\/yoast-seo-wordpress\/ -->\n<title>V\u00e5ra f\u00f6rtroendevalda - Kristdemokraterna i Timr\u00e5<\/title>\n<meta name=\"robots\" content=\"index, follow, max-snippet:-1, max-image-preview:large, max-video-preview:-1\" \/>\n<link rel=\"canonical\" href=\"https:\/\/wp.kristdemokraterna.se\/timra\/textsida-med-vanster-sidebar\/vara-fortroendevalda\/\" \/>\n<meta property=\"og:locale\" content=\"sv_SE\" \/>\n<meta property=\"og:type\" content=\"article\" \/>\n<meta property=\"og:title\" content=\"V\u00e5ra f\u00f6rtroendevalda - Kristdemokraterna i Timr\u00e5\" \/>\n<meta property=\"og:description\" content=\"Kommunfullm\u00e4ktige Jotiar Lennartsson, ledamot Anastasie Mukabera, ledamot Daniella Nyirakalinka, ers\u00e4ttare Kommunstyrelsen Viktor Bengtsson Barn- och utbildningsn\u00e4mnden Jotiar Lennartsson Kultur- och teknikn\u00e4mnden Mariette Assira (fyllnadsval som tas p\u00e5 kommunfullm\u00e4ktige 25 mars) Milj\u00f6- och byggnadsn\u00e4mnden Rolf Johnny Dale Socialn\u00e4mnden Anastasie Mukabera Medelpads r\u00e4ddningstj\u00e4nstf\u00f6rbund Daniella Nyirakalinka (fyllnadsval som tas p\u00e5 kommunfullm\u00e4ktige 25 mars) &nbsp;\" \/>\n<meta property=\"og:url\" content=\"https:\/\/wp.kristdemokraterna.se\/timra\/textsida-med-vanster-sidebar\/vara-fortroendevalda\/\" \/>\n<meta property=\"og:site_name\" content=\"Kristdemokraterna i Timr\u00e5\" \/>\n<meta property=\"article:modified_time\" content=\"2024-03-14T10:53:42+00:00\" \/>\n<meta name=\"twitter:card\" content=\"summary_large_image\" \/>\n<meta name=\"twitter:label1\" content=\"Ber\u00e4knad l\u00e4stid\" \/>\n\t<meta name=\"twitter:data1\" content=\"1 minut\" \/>\n<script type=\"application\/ld+json\" class=\"yoast-schema-graph\">{\"@context\":\"https:\\\/\\\/schema.org\",\"@graph\":[{\"@type\":\"WebPage\",\"@id\":\"https:\\\/\\\/wp.kristdemokraterna.se\\\/timra\\\/textsida-med-vanster-sidebar\\\/vara-fortroendevalda\\\/\",\"url\":\"https:\\\/\\\/wp.kristdemokraterna.se\\\/timra\\\/textsida-med-vanster-sidebar\\\/vara-fortroendevalda\\\/\",\"name\":\"V\u00e5ra f\u00f6rtroendevalda - Kristdemokraterna i Timr\u00e5\",\"isPartOf\":{\"@id\":\"https:\\\/\\\/wp.kristdemokraterna.se\\\/timra\\\/#website\"},\"datePublished\":\"2018-04-09T15:45:25+00:00\",\"dateModified\":\"2024-03-14T10:53:42+00:00\",\"breadcrumb\":{\"@id\":\"https:\\\/\\\/wp.kristdemokraterna.se\\\/timra\\\/textsida-med-vanster-sidebar\\\/vara-fortroendevalda\\\/#breadcrumb\"},\"inLanguage\":\"sv-SE\",\"potentialAction\":[{\"@type\":\"ReadAction\",\"target\":[\"https:\\\/\\\/wp.kristdemokraterna.se\\\/timra\\\/textsida-med-vanster-sidebar\\\/vara-fortroendevalda\\\/\"]}]},{\"@type\":\"BreadcrumbList\",\"@id\":\"https:\\\/\\\/wp.kristdemokraterna.se\\\/timra\\\/textsida-med-vanster-sidebar\\\/vara-fortroendevalda\\\/#breadcrumb\",\"itemListElement\":[{\"@type\":\"ListItem\",\"position\":1,\"name\":\"Hem\",\"item\":\"https:\\\/\\\/wp.kristdemokraterna.se\\\/timra\\\/\"},{\"@type\":\"ListItem\",\"position\":2,\"name\":\"Historia\",\"item\":\"https:\\\/\\\/wp.kristdemokraterna.se\\\/timra\\\/textsida-med-vanster-sidebar\\\/\"},{\"@type\":\"ListItem\",\"position\":3,\"name\":\"V\u00e5ra f\u00f6rtroendevalda\"}]},{\"@type\":\"WebSite\",\"@id\":\"https:\\\/\\\/wp.kristdemokraterna.se\\\/timra\\\/#website\",\"url\":\"https:\\\/\\\/wp.kristdemokraterna.se\\\/timra\\\/\",\"name\":\"Kristdemokraterna i Timr\u00e5\",\"description\":\"Vill du ocks\u00e5 ha maktskifte?\",\"inLanguage\":\"sv-SE\"}]}<\/script>\n<!-- \/ Yoast SEO plugin. -->","yoast_head_json":{"title":"V\u00e5ra f\u00f6rtroendevalda - Kristdemokraterna i Timr\u00e5","robots":{"index":"index","follow":"follow","max-snippet":"max-snippet:-1","max-image-preview":"max-image-preview:large","max-video-preview":"max-video-preview:-1"},"canonical":"https:\/\/wp.kristdemokraterna.se\/timra\/textsida-med-vanster-sidebar\/vara-fortroendevalda\/","og_locale":"sv_SE","og_type":"article","og_title":"V\u00e5ra f\u00f6rtroendevalda - Kristdemokraterna i Timr\u00e5","og_description":"Kommunfullm\u00e4ktige Jotiar Lennartsson, ledamot Anastasie Mukabera, ledamot Daniella Nyirakalinka, ers\u00e4ttare Kommunstyrelsen Viktor Bengtsson Barn- och utbildningsn\u00e4mnden Jotiar Lennartsson Kultur- och teknikn\u00e4mnden Mariette Assira (fyllnadsval som tas p\u00e5 kommunfullm\u00e4ktige 25 mars) Milj\u00f6- och byggnadsn\u00e4mnden Rolf Johnny Dale Socialn\u00e4mnden Anastasie Mukabera Medelpads r\u00e4ddningstj\u00e4nstf\u00f6rbund Daniella Nyirakalinka (fyllnadsval som tas p\u00e5 kommunfullm\u00e4ktige 25 mars) &nbsp;","og_url":"https:\/\/wp.kristdemokraterna.se\/timra\/textsida-med-vanster-sidebar\/vara-fortroendevalda\/","og_site_name":"Kristdemokraterna i Timr\u00e5","article_modified_time":"2024-03-14T10:53:42+00:00","twitter_card":"summary_large_image","twitter_misc":{"Ber\u00e4knad l\u00e4stid":"1 minut"},"schema":{"@context":"https:\/\/schema.org","@graph":[{"@type":"WebPage","@id":"https:\/\/wp.kristdemokraterna.se\/timra\/textsida-med-vanster-sidebar\/vara-fortroendevalda\/","url":"https:\/\/wp.kristdemokraterna.se\/timra\/textsida-med-vanster-sidebar\/vara-fortroendevalda\/","name":"V\u00e5ra f\u00f6rtroendevalda - Kristdemokraterna i Timr\u00e5","isPartOf":{"@id":"https:\/\/wp.kristdemokraterna.se\/timra\/#website"},"datePublished":"2018-04-09T15:45:25+00:00","dateModified":"2024-03-14T10:53:42+00:00","breadcrumb":{"@id":"https:\/\/wp.kristdemokraterna.se\/timra\/textsida-med-vanster-sidebar\/vara-fortroendevalda\/#breadcrumb"},"inLanguage":"sv-SE","potentialAction":[{"@type":"ReadAction","target":["https:\/\/wp.kristdemokraterna.se\/timra\/textsida-med-vanster-sidebar\/vara-fortroendevalda\/"]}]},{"@type":"BreadcrumbList","@id":"https:\/\/wp.kristdemokraterna.se\/timra\/textsida-med-vanster-sidebar\/vara-fortroendevalda\/#breadcrumb","itemListElement":[{"@type":"ListItem","position":1,"name":"Hem","item":"https:\/\/wp.kristdemokraterna.se\/timra\/"},{"@type":"ListItem","position":2,"name":"Historia","item":"https:\/\/wp.kristdemokraterna.se\/timra\/textsida-med-vanster-sidebar\/"},{"@type":"ListItem","position":3,"name":"V\u00e5ra f\u00f6rtroendevalda"}]},{"@type":"WebSite","@id":"https:\/\/wp.kristdemokraterna.se\/timra\/#website","url":"https:\/\/wp.kristdemokraterna.se\/timra\/","name":"Kristdemokraterna i Timr\u00e5","description":"Vill du ocks\u00e5 ha maktskifte?","inLanguage":"sv-SE"}]}},"_links":{"self":[{"href":"https:\/\/wp.kristdemokraterna.se\/timra\/wp-json\/wp\/v2\/pages\/485","targetHints":{"allow":["GET"]}}],"collection":[{"href":"https:\/\/wp.kristdemokraterna.se\/timra\/wp-json\/wp\/v2\/pages"}],"about":[{"href":"https:\/\/wp.kristdemokraterna.se\/timra\/wp-json\/wp\/v2\/types\/page"}],"author":[{"embeddable":true,"href":"https:\/\/wp.kristdemokraterna.se\/timra\/wp-json\/wp\/v2\/users\/787"}],"replies":[{"embeddable":true,"href":"https:\/\/wp.kristdemokraterna.se\/timra\/wp-json\/wp\/v2\/comments?post=485"}],"version-history":[{"count":6,"href":"https:\/\/wp.kristdemokraterna.se\/timra\/wp-json\/wp\/v2\/pages\/485\/revisions"}],"predecessor-version":[{"id":801,"href":"https:\/\/wp.kristdemokraterna.se\/timra\/wp-json\/wp\/v2\/pages\/485\/revisions\/801"}],"up":[{"embeddable":true,"href":"https:\/\/wp.kristdemokraterna.se\/timra\/wp-json\/wp\/v2\/pages\/269"}],"wp:attachment":[{"href":"https:\/\/wp.kristdemokraterna.se\/timra\/wp-json\/wp\/v2\/media?parent=485"}],"curies":[{"name":"wp","href":"https:\/\/api.w.org\/{rel}","templated":true}]}}