{"id":510,"date":"2018-05-04T13:23:35","date_gmt":"2018-05-04T11:23:35","guid":{"rendered":"http:\/\/wp.kristdemokraterna.se\/timra\/?page_id=510"},"modified":"2018-05-04T13:25:03","modified_gmt":"2018-05-04T11:25:03","slug":"ge-en-gava","status":"publish","type":"page","link":"https:\/\/wp.kristdemokraterna.se\/timra\/engagera-dig\/ge-en-gava\/","title":{"rendered":"Ge en g\u00e5va"},"content":{"rendered":"<p>Vill du bidra till Kristdemokraternas framg\u00e5ng i valet 2018? Timr\u00e5 beh\u00f6ver ett starkt kristdemokratiskt parti och kommunen beh\u00f6ver en stabilt styre. I ett s\u00e5dant styre \u00e4r Kristdemokraterna en viktig pusselbit. D\u00e4rf\u00f6r beh\u00f6ver vi st\u00e4rka v\u00e5rt inflytande. V\u00e5r v\u00e4rdegrund \u00e4r viktig f\u00f6r att bygga ett gott samh\u00e4lle.\u00a0Din g\u00e5va g\u00f6r skillnad!<\/p>\n<h2>Bidrag till partiavdelningen i Timr\u00e5<\/h2>\n<p>Du kan \u00e4ven s\u00e4tta in valfritt belopp p\u00e5 partiavdelningens plusgiro 68 56 76 \u2013 9.<br \/>\nAnge \u201dValfond\u201d samt ditt namn och kontaktuppgifter p\u00e5 inbetalningen.<\/p>\n<h2>Bidrag till riksorganisationen<\/h2>\n<p>Vill du ge ett bidrag till riksorganisationen d\u00e5 kan du s\u00e4tta in valfritt belopp p\u00e5 plusgiro 70 58 58 \u2013 9 eller bankgiro 705-8589.<br \/>\nAnge \u201dValfond\u201d samt ditt namn och kontaktuppgifter p\u00e5 inbetalningen Alternativt kan du skicka ett sms till nr\u00a0<strong>72672<\/strong>\u00a0enligt nedanst\u00e5ende form:<\/p>\n<p><em>50 kr:\u00a0<\/em><br \/>\nkd 50 F\u00f6rnamn Efternamn\u00a0personnr epost<\/p>\n<p><em>100 kr:<\/em><br \/>\nkd 100 F\u00f6rnamn Efternamn personnr\u00a0epost<\/p>\n<p><em>150 kr:<\/em><br \/>\nkd 150 F\u00f6rnamn Efternamn personnr\u00a0epost<\/p>\n<p><em>200 kr:<\/em><br \/>\nkd 200 F\u00f6rnamn Efternamn personnr\u00a0epost<\/p>\n<p><em><strong>Exempel:<br \/>\n<\/strong><\/em>kd 200 F\u00f6rnamn\u00a0Efternamn\u00a0\u00c5\u00c5MMDD-XXXX fornamn.efternamn@kristdemokraterna.se<\/p>\n<p>Du kan givetvis\u00a0<strong>sms:a flera g\u00e5nger<\/strong>\u00a0om du vill bidra med mer.\u00a0Din operat\u00f6rs sms-avgift tillkommer.<\/p>\n<hr \/>\n<p><em>De politiska partierna f\u00e5r inte ta emot anonyma bidrag. Vi redovisar d\u00e4rf\u00f6r alla bidrag \u00f6ver ett halvt prisbasbelopp, det vill s\u00e4ga 22 200 kr (2014) till Kammarkollegiet\u00a0(Lag 2014:105).\u00a0I enlighet med personuppgiftslagen vill vi informera om att vi kommer att dataregistrera dina uppgifter (10 \u00a7 PuL).<br \/>\nOm du har fr\u00e5gor om Lag 2014:105 eller PuL kontkata\u00a0<a class=\"externalLink\" href=\"mailto:helpdesk@kristdemokraterna.se\">helpdesk@kristdemokraterna.se<\/a><\/em><\/p>\n","protected":false},"excerpt":{"rendered":"<p>Vill du bidra till Kristdemokraternas framg\u00e5ng i valet 2018? Timr\u00e5 beh\u00f6ver ett starkt kristdemokratiskt parti och kommunen beh\u00f6ver en stabilt styre. I ett s\u00e5dant styre \u00e4r Kristdemokraterna en viktig pusselbit. D\u00e4rf\u00f6r beh\u00f6ver vi st\u00e4rka v\u00e5rt inflytande. V\u00e5r v\u00e4rdegrund \u00e4r viktig f\u00f6r att bygga ett gott samh\u00e4lle.\u00a0Din g\u00e5va g\u00f6r skillnad! Bidrag till partiavdelningen i Timr\u00e5 Du <a class=\"read-more-link\" href=\"https:\/\/wp.kristdemokraterna.se\/timra\/engagera-dig\/ge-en-gava\/\">L\u00e4s mer<\/a><\/p>\n","protected":false},"author":787,"featured_media":0,"parent":506,"menu_order":0,"comment_status":"closed","ping_status":"closed","template":"","meta":{"_acf_changed":false,"footnotes":""},"class_list":["post-510","page","type-page","status-publish","hentry"],"acf":[],"yoast_head":"<!-- This site is optimized with the Yoast SEO plugin v27.3 - https:\/\/yoast.com\/product\/yoast-seo-wordpress\/ -->\n<title>Ge en g\u00e5va - Kristdemokraterna i Timr\u00e5<\/title>\n<meta name=\"robots\" content=\"index, follow, max-snippet:-1, max-image-preview:large, max-video-preview:-1\" \/>\n<link rel=\"canonical\" href=\"https:\/\/wp.kristdemokraterna.se\/timra\/engagera-dig\/ge-en-gava\/\" \/>\n<meta property=\"og:locale\" content=\"sv_SE\" \/>\n<meta property=\"og:type\" content=\"article\" \/>\n<meta property=\"og:title\" content=\"Ge en g\u00e5va - Kristdemokraterna i Timr\u00e5\" \/>\n<meta property=\"og:description\" content=\"Vill du bidra till Kristdemokraternas framg\u00e5ng i valet 2018? Timr\u00e5 beh\u00f6ver ett starkt kristdemokratiskt parti och kommunen beh\u00f6ver en stabilt styre. I ett s\u00e5dant styre \u00e4r Kristdemokraterna en viktig pusselbit. D\u00e4rf\u00f6r beh\u00f6ver vi st\u00e4rka v\u00e5rt inflytande. V\u00e5r v\u00e4rdegrund \u00e4r viktig f\u00f6r att bygga ett gott samh\u00e4lle.\u00a0Din g\u00e5va g\u00f6r skillnad! Bidrag till partiavdelningen i Timr\u00e5 Du L\u00e4s mer\" \/>\n<meta property=\"og:url\" content=\"https:\/\/wp.kristdemokraterna.se\/timra\/engagera-dig\/ge-en-gava\/\" \/>\n<meta property=\"og:site_name\" content=\"Kristdemokraterna i Timr\u00e5\" \/>\n<meta property=\"article:modified_time\" content=\"2018-05-04T11:25:03+00:00\" \/>\n<meta name=\"twitter:card\" content=\"summary_large_image\" \/>\n<meta name=\"twitter:label1\" content=\"Ber\u00e4knad l\u00e4stid\" \/>\n\t<meta name=\"twitter:data1\" content=\"1 minut\" \/>\n<script type=\"application\/ld+json\" class=\"yoast-schema-graph\">{\"@context\":\"https:\\\/\\\/schema.org\",\"@graph\":[{\"@type\":\"WebPage\",\"@id\":\"https:\\\/\\\/wp.kristdemokraterna.se\\\/timra\\\/engagera-dig\\\/ge-en-gava\\\/\",\"url\":\"https:\\\/\\\/wp.kristdemokraterna.se\\\/timra\\\/engagera-dig\\\/ge-en-gava\\\/\",\"name\":\"Ge en g\u00e5va - Kristdemokraterna i Timr\u00e5\",\"isPartOf\":{\"@id\":\"https:\\\/\\\/wp.kristdemokraterna.se\\\/timra\\\/#website\"},\"datePublished\":\"2018-05-04T11:23:35+00:00\",\"dateModified\":\"2018-05-04T11:25:03+00:00\",\"breadcrumb\":{\"@id\":\"https:\\\/\\\/wp.kristdemokraterna.se\\\/timra\\\/engagera-dig\\\/ge-en-gava\\\/#breadcrumb\"},\"inLanguage\":\"sv-SE\",\"potentialAction\":[{\"@type\":\"ReadAction\",\"target\":[\"https:\\\/\\\/wp.kristdemokraterna.se\\\/timra\\\/engagera-dig\\\/ge-en-gava\\\/\"]}]},{\"@type\":\"BreadcrumbList\",\"@id\":\"https:\\\/\\\/wp.kristdemokraterna.se\\\/timra\\\/engagera-dig\\\/ge-en-gava\\\/#breadcrumb\",\"itemListElement\":[{\"@type\":\"ListItem\",\"position\":1,\"name\":\"Hem\",\"item\":\"https:\\\/\\\/wp.kristdemokraterna.se\\\/timra\\\/\"},{\"@type\":\"ListItem\",\"position\":2,\"name\":\"Engagera dig\",\"item\":\"https:\\\/\\\/wp.kristdemokraterna.se\\\/timra\\\/engagera-dig\\\/\"},{\"@type\":\"ListItem\",\"position\":3,\"name\":\"Ge en g\u00e5va\"}]},{\"@type\":\"WebSite\",\"@id\":\"https:\\\/\\\/wp.kristdemokraterna.se\\\/timra\\\/#website\",\"url\":\"https:\\\/\\\/wp.kristdemokraterna.se\\\/timra\\\/\",\"name\":\"Kristdemokraterna i Timr\u00e5\",\"description\":\"Vill du ocks\u00e5 ha maktskifte?\",\"inLanguage\":\"sv-SE\"}]}<\/script>\n<!-- \/ Yoast SEO plugin. -->","yoast_head_json":{"title":"Ge en g\u00e5va - Kristdemokraterna i Timr\u00e5","robots":{"index":"index","follow":"follow","max-snippet":"max-snippet:-1","max-image-preview":"max-image-preview:large","max-video-preview":"max-video-preview:-1"},"canonical":"https:\/\/wp.kristdemokraterna.se\/timra\/engagera-dig\/ge-en-gava\/","og_locale":"sv_SE","og_type":"article","og_title":"Ge en g\u00e5va - Kristdemokraterna i Timr\u00e5","og_description":"Vill du bidra till Kristdemokraternas framg\u00e5ng i valet 2018? Timr\u00e5 beh\u00f6ver ett starkt kristdemokratiskt parti och kommunen beh\u00f6ver en stabilt styre. I ett s\u00e5dant styre \u00e4r Kristdemokraterna en viktig pusselbit. D\u00e4rf\u00f6r beh\u00f6ver vi st\u00e4rka v\u00e5rt inflytande. V\u00e5r v\u00e4rdegrund \u00e4r viktig f\u00f6r att bygga ett gott samh\u00e4lle.\u00a0Din g\u00e5va g\u00f6r skillnad! Bidrag till partiavdelningen i Timr\u00e5 Du L\u00e4s mer","og_url":"https:\/\/wp.kristdemokraterna.se\/timra\/engagera-dig\/ge-en-gava\/","og_site_name":"Kristdemokraterna i Timr\u00e5","article_modified_time":"2018-05-04T11:25:03+00:00","twitter_card":"summary_large_image","twitter_misc":{"Ber\u00e4knad l\u00e4stid":"1 minut"},"schema":{"@context":"https:\/\/schema.org","@graph":[{"@type":"WebPage","@id":"https:\/\/wp.kristdemokraterna.se\/timra\/engagera-dig\/ge-en-gava\/","url":"https:\/\/wp.kristdemokraterna.se\/timra\/engagera-dig\/ge-en-gava\/","name":"Ge en g\u00e5va - Kristdemokraterna i Timr\u00e5","isPartOf":{"@id":"https:\/\/wp.kristdemokraterna.se\/timra\/#website"},"datePublished":"2018-05-04T11:23:35+00:00","dateModified":"2018-05-04T11:25:03+00:00","breadcrumb":{"@id":"https:\/\/wp.kristdemokraterna.se\/timra\/engagera-dig\/ge-en-gava\/#breadcrumb"},"inLanguage":"sv-SE","potentialAction":[{"@type":"ReadAction","target":["https:\/\/wp.kristdemokraterna.se\/timra\/engagera-dig\/ge-en-gava\/"]}]},{"@type":"BreadcrumbList","@id":"https:\/\/wp.kristdemokraterna.se\/timra\/engagera-dig\/ge-en-gava\/#breadcrumb","itemListElement":[{"@type":"ListItem","position":1,"name":"Hem","item":"https:\/\/wp.kristdemokraterna.se\/timra\/"},{"@type":"ListItem","position":2,"name":"Engagera dig","item":"https:\/\/wp.kristdemokraterna.se\/timra\/engagera-dig\/"},{"@type":"ListItem","position":3,"name":"Ge en g\u00e5va"}]},{"@type":"WebSite","@id":"https:\/\/wp.kristdemokraterna.se\/timra\/#website","url":"https:\/\/wp.kristdemokraterna.se\/timra\/","name":"Kristdemokraterna i Timr\u00e5","description":"Vill du ocks\u00e5 ha maktskifte?","inLanguage":"sv-SE"}]}},"_links":{"self":[{"href":"https:\/\/wp.kristdemokraterna.se\/timra\/wp-json\/wp\/v2\/pages\/510","targetHints":{"allow":["GET"]}}],"collection":[{"href":"https:\/\/wp.kristdemokraterna.se\/timra\/wp-json\/wp\/v2\/pages"}],"about":[{"href":"https:\/\/wp.kristdemokraterna.se\/timra\/wp-json\/wp\/v2\/types\/page"}],"author":[{"embeddable":true,"href":"https:\/\/wp.kristdemokraterna.se\/timra\/wp-json\/wp\/v2\/users\/787"}],"replies":[{"embeddable":true,"href":"https:\/\/wp.kristdemokraterna.se\/timra\/wp-json\/wp\/v2\/comments?post=510"}],"version-history":[{"count":1,"href":"https:\/\/wp.kristdemokraterna.se\/timra\/wp-json\/wp\/v2\/pages\/510\/revisions"}],"predecessor-version":[{"id":511,"href":"https:\/\/wp.kristdemokraterna.se\/timra\/wp-json\/wp\/v2\/pages\/510\/revisions\/511"}],"up":[{"embeddable":true,"href":"https:\/\/wp.kristdemokraterna.se\/timra\/wp-json\/wp\/v2\/pages\/506"}],"wp:attachment":[{"href":"https:\/\/wp.kristdemokraterna.se\/timra\/wp-json\/wp\/v2\/media?parent=510"}],"curies":[{"name":"wp","href":"https:\/\/api.w.org\/{rel}","templated":true}]}}