{"id":542,"date":"2018-06-02T11:13:38","date_gmt":"2018-06-02T09:13:38","guid":{"rendered":"http:\/\/wp.kristdemokraterna.se\/timra\/?page_id=542"},"modified":"2018-06-02T12:48:26","modified_gmt":"2018-06-02T10:48:26","slug":"vi-kandiderar-i-kommunvalet","status":"publish","type":"page","link":"https:\/\/wp.kristdemokraterna.se\/timra\/vill-du-ocksa-ha-maktskifte\/vi-kandiderar-i-kommunvalet\/","title":{"rendered":"Toppkandidaterna tycker till"},"content":{"rendered":"<p>De sociala fr\u00e5gorna och omsorgsfr\u00e5gorna ligger oss varmt om hj\u00e4rtat. Vi vill att man tar tag i den psykiska oh\u00e4lsan och vill se ett krafttag mot mobbningen. Jag har sj\u00e4lv varit utsatt f\u00f6r mobbning i skolan s\u00e4ger Henrik.<\/p>\n<p>Vi m\u00e5ste ocks\u00e5 f\u00f6rb\u00e4ttra kvaliten p\u00e5 v\u00e5ra \u00e4ldreboenden. Och d\u00e5 handlar det om allt fr\u00e5n rumstemperaturer till r\u00e4tt att v\u00e4lja p\u00e5 flera matr\u00e4tter fyller Sven-\u00c5ke p\u00e5. Man ska aldrig beh\u00f6va betala extra genom en f\u00f6rh\u00f6jd elfaktura f\u00f6r att f\u00e5 tillr\u00e4ckligt varmt i sin l\u00e4genhet.<\/p>\n<div id=\"attachment_534\" style=\"width: 310px\" class=\"wp-caption alignnone\"><a href=\"http:\/\/wp.kristdemokraterna.se\/timra\/files\/2018\/06\/henrik-och-sven-ake-e1527929661962.jpg\"><img loading=\"lazy\" decoding=\"async\" aria-describedby=\"caption-attachment-534\" class=\"size-medium wp-image-534\" src=\"http:\/\/wp.kristdemokraterna.se\/timra\/files\/2018\/06\/henrik-och-sven-ake-e1527929661962-300x225.jpg\" alt=\"Henrik Sendelbach och Sven-\u00c5ke Jacobsson\" width=\"300\" height=\"225\" srcset=\"https:\/\/wp.kristdemokraterna.se\/timra\/files\/2018\/06\/henrik-och-sven-ake-e1527929661962-300x225.jpg 300w, https:\/\/wp.kristdemokraterna.se\/timra\/files\/2018\/06\/henrik-och-sven-ake-e1527929661962-768x576.jpg 768w, https:\/\/wp.kristdemokraterna.se\/timra\/files\/2018\/06\/henrik-och-sven-ake-e1527929661962-1024x768.jpg 1024w, https:\/\/wp.kristdemokraterna.se\/timra\/files\/2018\/06\/henrik-och-sven-ake-e1527929661962-267x200.jpg 267w, https:\/\/wp.kristdemokraterna.se\/timra\/files\/2018\/06\/henrik-och-sven-ake-e1527929661962-370x278.jpg 370w, https:\/\/wp.kristdemokraterna.se\/timra\/files\/2018\/06\/henrik-och-sven-ake-e1527929661962-770x578.jpg 770w, https:\/\/wp.kristdemokraterna.se\/timra\/files\/2018\/06\/henrik-och-sven-ake-e1527929661962-450x338.jpg 450w, https:\/\/wp.kristdemokraterna.se\/timra\/files\/2018\/06\/henrik-och-sven-ake-e1527929661962-280x210.jpg 280w, https:\/\/wp.kristdemokraterna.se\/timra\/files\/2018\/06\/henrik-och-sven-ake-e1527929661962-340x255.jpg 340w, https:\/\/wp.kristdemokraterna.se\/timra\/files\/2018\/06\/henrik-och-sven-ake-e1527929661962-200x150.jpg 200w, https:\/\/wp.kristdemokraterna.se\/timra\/files\/2018\/06\/henrik-och-sven-ake-e1527929661962-75x56.jpg 75w\" sizes=\"auto, (max-width: 300px) 100vw, 300px\" \/><\/a><p id=\"caption-attachment-534\" class=\"wp-caption-text\">Henrik Sendelbach och Sven-\u00c5ke Jacobsson toppar Timr\u00e5listan i h\u00f6stens kommunalval.<\/p><\/div>\n","protected":false},"excerpt":{"rendered":"<p>De sociala fr\u00e5gorna och omsorgsfr\u00e5gorna ligger oss varmt om hj\u00e4rtat. Vi vill att man tar tag i den psykiska oh\u00e4lsan och vill se ett krafttag mot mobbningen. Jag har sj\u00e4lv varit utsatt f\u00f6r mobbning i skolan s\u00e4ger Henrik. Vi m\u00e5ste ocks\u00e5 f\u00f6rb\u00e4ttra kvaliten p\u00e5 v\u00e5ra \u00e4ldreboenden. Och d\u00e5 handlar det om allt fr\u00e5n rumstemperaturer till <a class=\"read-more-link\" href=\"https:\/\/wp.kristdemokraterna.se\/timra\/vill-du-ocksa-ha-maktskifte\/vi-kandiderar-i-kommunvalet\/\">L\u00e4s mer<\/a><\/p>\n","protected":false},"author":787,"featured_media":0,"parent":559,"menu_order":0,"comment_status":"closed","ping_status":"closed","template":"page-full.php","meta":{"_acf_changed":false,"footnotes":""},"class_list":["post-542","page","type-page","status-publish","hentry"],"acf":[],"yoast_head":"<!-- This site is optimized with the Yoast SEO plugin v27.4 - https:\/\/yoast.com\/product\/yoast-seo-wordpress\/ -->\n<title>Toppkandidaterna tycker till - Kristdemokraterna i Timr\u00e5<\/title>\n<meta name=\"robots\" content=\"index, follow, max-snippet:-1, max-image-preview:large, max-video-preview:-1\" \/>\n<link rel=\"canonical\" href=\"https:\/\/wp.kristdemokraterna.se\/timra\/vill-du-ocksa-ha-maktskifte\/vi-kandiderar-i-kommunvalet\/\" \/>\n<meta property=\"og:locale\" content=\"sv_SE\" \/>\n<meta property=\"og:type\" content=\"article\" \/>\n<meta property=\"og:title\" content=\"Toppkandidaterna tycker till - Kristdemokraterna i Timr\u00e5\" \/>\n<meta property=\"og:description\" content=\"De sociala fr\u00e5gorna och omsorgsfr\u00e5gorna ligger oss varmt om hj\u00e4rtat. Vi vill att man tar tag i den psykiska oh\u00e4lsan och vill se ett krafttag mot mobbningen. Jag har sj\u00e4lv varit utsatt f\u00f6r mobbning i skolan s\u00e4ger Henrik. Vi m\u00e5ste ocks\u00e5 f\u00f6rb\u00e4ttra kvaliten p\u00e5 v\u00e5ra \u00e4ldreboenden. Och d\u00e5 handlar det om allt fr\u00e5n rumstemperaturer till L\u00e4s mer\" \/>\n<meta property=\"og:url\" content=\"https:\/\/wp.kristdemokraterna.se\/timra\/vill-du-ocksa-ha-maktskifte\/vi-kandiderar-i-kommunvalet\/\" \/>\n<meta property=\"og:site_name\" content=\"Kristdemokraterna i Timr\u00e5\" \/>\n<meta property=\"article:modified_time\" content=\"2018-06-02T10:48:26+00:00\" \/>\n<meta property=\"og:image\" content=\"http:\/\/wp.kristdemokraterna.se\/timra\/files\/2018\/06\/henrik-och-sven-ake-e1527929661962-300x225.jpg\" \/>\n<meta name=\"twitter:card\" content=\"summary_large_image\" \/>\n<meta name=\"twitter:label1\" content=\"Ber\u00e4knad l\u00e4stid\" \/>\n\t<meta name=\"twitter:data1\" content=\"1 minut\" \/>\n<script type=\"application\/ld+json\" class=\"yoast-schema-graph\">{\"@context\":\"https:\\\/\\\/schema.org\",\"@graph\":[{\"@type\":\"WebPage\",\"@id\":\"https:\\\/\\\/wp.kristdemokraterna.se\\\/timra\\\/vill-du-ocksa-ha-maktskifte\\\/vi-kandiderar-i-kommunvalet\\\/\",\"url\":\"https:\\\/\\\/wp.kristdemokraterna.se\\\/timra\\\/vill-du-ocksa-ha-maktskifte\\\/vi-kandiderar-i-kommunvalet\\\/\",\"name\":\"Toppkandidaterna tycker till - Kristdemokraterna i Timr\u00e5\",\"isPartOf\":{\"@id\":\"https:\\\/\\\/wp.kristdemokraterna.se\\\/timra\\\/#website\"},\"primaryImageOfPage\":{\"@id\":\"https:\\\/\\\/wp.kristdemokraterna.se\\\/timra\\\/vill-du-ocksa-ha-maktskifte\\\/vi-kandiderar-i-kommunvalet\\\/#primaryimage\"},\"image\":{\"@id\":\"https:\\\/\\\/wp.kristdemokraterna.se\\\/timra\\\/vill-du-ocksa-ha-maktskifte\\\/vi-kandiderar-i-kommunvalet\\\/#primaryimage\"},\"thumbnailUrl\":\"http:\\\/\\\/wp.kristdemokraterna.se\\\/timra\\\/files\\\/2018\\\/06\\\/henrik-och-sven-ake-e1527929661962-300x225.jpg\",\"datePublished\":\"2018-06-02T09:13:38+00:00\",\"dateModified\":\"2018-06-02T10:48:26+00:00\",\"breadcrumb\":{\"@id\":\"https:\\\/\\\/wp.kristdemokraterna.se\\\/timra\\\/vill-du-ocksa-ha-maktskifte\\\/vi-kandiderar-i-kommunvalet\\\/#breadcrumb\"},\"inLanguage\":\"sv-SE\",\"potentialAction\":[{\"@type\":\"ReadAction\",\"target\":[\"https:\\\/\\\/wp.kristdemokraterna.se\\\/timra\\\/vill-du-ocksa-ha-maktskifte\\\/vi-kandiderar-i-kommunvalet\\\/\"]}]},{\"@type\":\"ImageObject\",\"inLanguage\":\"sv-SE\",\"@id\":\"https:\\\/\\\/wp.kristdemokraterna.se\\\/timra\\\/vill-du-ocksa-ha-maktskifte\\\/vi-kandiderar-i-kommunvalet\\\/#primaryimage\",\"url\":\"https:\\\/\\\/wp.kristdemokraterna.se\\\/timra\\\/files\\\/2018\\\/06\\\/henrik-och-sven-ake-e1527929661962.jpg\",\"contentUrl\":\"https:\\\/\\\/wp.kristdemokraterna.se\\\/timra\\\/files\\\/2018\\\/06\\\/henrik-och-sven-ake-e1527929661962.jpg\",\"width\":4000,\"height\":3000,\"caption\":\"Henrik Sendelbach och Sven-\u00c5ke Jacobsson\"},{\"@type\":\"BreadcrumbList\",\"@id\":\"https:\\\/\\\/wp.kristdemokraterna.se\\\/timra\\\/vill-du-ocksa-ha-maktskifte\\\/vi-kandiderar-i-kommunvalet\\\/#breadcrumb\",\"itemListElement\":[{\"@type\":\"ListItem\",\"position\":1,\"name\":\"Hem\",\"item\":\"https:\\\/\\\/wp.kristdemokraterna.se\\\/timra\\\/\"},{\"@type\":\"ListItem\",\"position\":2,\"name\":\"Vill du ocks\u00e5 ha maktskifte?\",\"item\":\"https:\\\/\\\/wp.kristdemokraterna.se\\\/timra\\\/vill-du-ocksa-ha-maktskifte\\\/\"},{\"@type\":\"ListItem\",\"position\":3,\"name\":\"Toppkandidaterna tycker till\"}]},{\"@type\":\"WebSite\",\"@id\":\"https:\\\/\\\/wp.kristdemokraterna.se\\\/timra\\\/#website\",\"url\":\"https:\\\/\\\/wp.kristdemokraterna.se\\\/timra\\\/\",\"name\":\"Kristdemokraterna i Timr\u00e5\",\"description\":\"Vill du ocks\u00e5 ha maktskifte?\",\"inLanguage\":\"sv-SE\"}]}<\/script>\n<!-- \/ Yoast SEO plugin. -->","yoast_head_json":{"title":"Toppkandidaterna tycker till - Kristdemokraterna i Timr\u00e5","robots":{"index":"index","follow":"follow","max-snippet":"max-snippet:-1","max-image-preview":"max-image-preview:large","max-video-preview":"max-video-preview:-1"},"canonical":"https:\/\/wp.kristdemokraterna.se\/timra\/vill-du-ocksa-ha-maktskifte\/vi-kandiderar-i-kommunvalet\/","og_locale":"sv_SE","og_type":"article","og_title":"Toppkandidaterna tycker till - Kristdemokraterna i Timr\u00e5","og_description":"De sociala fr\u00e5gorna och omsorgsfr\u00e5gorna ligger oss varmt om hj\u00e4rtat. Vi vill att man tar tag i den psykiska oh\u00e4lsan och vill se ett krafttag mot mobbningen. Jag har sj\u00e4lv varit utsatt f\u00f6r mobbning i skolan s\u00e4ger Henrik. Vi m\u00e5ste ocks\u00e5 f\u00f6rb\u00e4ttra kvaliten p\u00e5 v\u00e5ra \u00e4ldreboenden. Och d\u00e5 handlar det om allt fr\u00e5n rumstemperaturer till L\u00e4s mer","og_url":"https:\/\/wp.kristdemokraterna.se\/timra\/vill-du-ocksa-ha-maktskifte\/vi-kandiderar-i-kommunvalet\/","og_site_name":"Kristdemokraterna i Timr\u00e5","article_modified_time":"2018-06-02T10:48:26+00:00","og_image":[{"url":"http:\/\/wp.kristdemokraterna.se\/timra\/files\/2018\/06\/henrik-och-sven-ake-e1527929661962-300x225.jpg","type":"","width":"","height":""}],"twitter_card":"summary_large_image","twitter_misc":{"Ber\u00e4knad l\u00e4stid":"1 minut"},"schema":{"@context":"https:\/\/schema.org","@graph":[{"@type":"WebPage","@id":"https:\/\/wp.kristdemokraterna.se\/timra\/vill-du-ocksa-ha-maktskifte\/vi-kandiderar-i-kommunvalet\/","url":"https:\/\/wp.kristdemokraterna.se\/timra\/vill-du-ocksa-ha-maktskifte\/vi-kandiderar-i-kommunvalet\/","name":"Toppkandidaterna tycker till - Kristdemokraterna i Timr\u00e5","isPartOf":{"@id":"https:\/\/wp.kristdemokraterna.se\/timra\/#website"},"primaryImageOfPage":{"@id":"https:\/\/wp.kristdemokraterna.se\/timra\/vill-du-ocksa-ha-maktskifte\/vi-kandiderar-i-kommunvalet\/#primaryimage"},"image":{"@id":"https:\/\/wp.kristdemokraterna.se\/timra\/vill-du-ocksa-ha-maktskifte\/vi-kandiderar-i-kommunvalet\/#primaryimage"},"thumbnailUrl":"http:\/\/wp.kristdemokraterna.se\/timra\/files\/2018\/06\/henrik-och-sven-ake-e1527929661962-300x225.jpg","datePublished":"2018-06-02T09:13:38+00:00","dateModified":"2018-06-02T10:48:26+00:00","breadcrumb":{"@id":"https:\/\/wp.kristdemokraterna.se\/timra\/vill-du-ocksa-ha-maktskifte\/vi-kandiderar-i-kommunvalet\/#breadcrumb"},"inLanguage":"sv-SE","potentialAction":[{"@type":"ReadAction","target":["https:\/\/wp.kristdemokraterna.se\/timra\/vill-du-ocksa-ha-maktskifte\/vi-kandiderar-i-kommunvalet\/"]}]},{"@type":"ImageObject","inLanguage":"sv-SE","@id":"https:\/\/wp.kristdemokraterna.se\/timra\/vill-du-ocksa-ha-maktskifte\/vi-kandiderar-i-kommunvalet\/#primaryimage","url":"https:\/\/wp.kristdemokraterna.se\/timra\/files\/2018\/06\/henrik-och-sven-ake-e1527929661962.jpg","contentUrl":"https:\/\/wp.kristdemokraterna.se\/timra\/files\/2018\/06\/henrik-och-sven-ake-e1527929661962.jpg","width":4000,"height":3000,"caption":"Henrik Sendelbach och Sven-\u00c5ke Jacobsson"},{"@type":"BreadcrumbList","@id":"https:\/\/wp.kristdemokraterna.se\/timra\/vill-du-ocksa-ha-maktskifte\/vi-kandiderar-i-kommunvalet\/#breadcrumb","itemListElement":[{"@type":"ListItem","position":1,"name":"Hem","item":"https:\/\/wp.kristdemokraterna.se\/timra\/"},{"@type":"ListItem","position":2,"name":"Vill du ocks\u00e5 ha maktskifte?","item":"https:\/\/wp.kristdemokraterna.se\/timra\/vill-du-ocksa-ha-maktskifte\/"},{"@type":"ListItem","position":3,"name":"Toppkandidaterna tycker till"}]},{"@type":"WebSite","@id":"https:\/\/wp.kristdemokraterna.se\/timra\/#website","url":"https:\/\/wp.kristdemokraterna.se\/timra\/","name":"Kristdemokraterna i Timr\u00e5","description":"Vill du ocks\u00e5 ha maktskifte?","inLanguage":"sv-SE"}]}},"_links":{"self":[{"href":"https:\/\/wp.kristdemokraterna.se\/timra\/wp-json\/wp\/v2\/pages\/542","targetHints":{"allow":["GET"]}}],"collection":[{"href":"https:\/\/wp.kristdemokraterna.se\/timra\/wp-json\/wp\/v2\/pages"}],"about":[{"href":"https:\/\/wp.kristdemokraterna.se\/timra\/wp-json\/wp\/v2\/types\/page"}],"author":[{"embeddable":true,"href":"https:\/\/wp.kristdemokraterna.se\/timra\/wp-json\/wp\/v2\/users\/787"}],"replies":[{"embeddable":true,"href":"https:\/\/wp.kristdemokraterna.se\/timra\/wp-json\/wp\/v2\/comments?post=542"}],"version-history":[{"count":3,"href":"https:\/\/wp.kristdemokraterna.se\/timra\/wp-json\/wp\/v2\/pages\/542\/revisions"}],"predecessor-version":[{"id":566,"href":"https:\/\/wp.kristdemokraterna.se\/timra\/wp-json\/wp\/v2\/pages\/542\/revisions\/566"}],"up":[{"embeddable":true,"href":"https:\/\/wp.kristdemokraterna.se\/timra\/wp-json\/wp\/v2\/pages\/559"}],"wp:attachment":[{"href":"https:\/\/wp.kristdemokraterna.se\/timra\/wp-json\/wp\/v2\/media?parent=542"}],"curies":[{"name":"wp","href":"https:\/\/api.w.org\/{rel}","templated":true}]}}