{"id":547,"date":"2018-06-02T11:22:12","date_gmt":"2018-06-02T09:22:12","guid":{"rendered":"http:\/\/wp.kristdemokraterna.se\/timra\/?page_id=547"},"modified":"2018-06-02T11:23:33","modified_gmt":"2018-06-02T09:23:33","slug":"vi-prioriterar-valfarden","status":"publish","type":"page","link":"https:\/\/wp.kristdemokraterna.se\/timra\/vi-prioriterar-valfarden\/","title":{"rendered":"Vi prioriterar v\u00e4lf\u00e4rden"},"content":{"rendered":"<blockquote><p><strong>Tankeskifte i v\u00e5rd och omsorg, l\u00e5t tryggheten st\u00e5 i centrum.<\/strong><\/p><\/blockquote>\n<p>Man ska kunna \u00e5ldras i trygghet, och lita p\u00e5 \u00e4ldreomsorgen. Det \u00e4r inte v\u00e4rdigt att man anses f\u00f6r pigg f\u00f6r att flytta t ex till ett<br \/>\ntrygghetsboende n\u00e4r man har behov av det. D\u00e4rf\u00f6r vill vi att alla \u00f6ver 85 \u00e5r ska garanteras plats i ett anpassat boende.<\/p>\n<p>F\u00f6r att det ska bli verklighet beh\u00f6ver vi skapa fler \u00e4ldreboendeplatser.<\/p>\n<p>Familjen \u00e4r den gemenskap d\u00e4r barn f\u00e5r en trygg uppv\u00e4xt. Men n\u00e4r familjen inte fungerar m\u00e5ste kommunen finnas d\u00e4r.<\/p>\n<p>Det kan ske t ex genom f\u00f6r\u00e4ldrast\u00f6dsprogram till blivande f\u00f6r\u00e4ldrar och att man kan f\u00e5 st\u00f6d fr\u00e5n en familjecentral.\u00a0En familjecentral best\u00e5r av m\u00f6dra- och<br \/>\nbarnh\u00e4lsov\u00e5rd, \u00f6ppen f\u00f6rskola och socialtj\u00e4nst \u2013 allt i samma lokaler. Timr\u00e5 saknar idag en s\u00e5dan d\u00e5 man valt bort att erbjuda en \u00f6ppen f\u00f6rskola. Vi vill \u00e4ndra p\u00e5 det.<\/p>\n<p>Vi vill ocks\u00e5 att personal och f\u00f6rtroendevalda inom kommunen utbildas i hur Barnkonventionen ska beaktas och till\u00e4mpas.<\/p>\n<p>Man ska ocks\u00e5 k\u00e4nna sig trygg p\u00e5 andra s\u00e4tt. Det beh\u00f6vs exempelvis fler poliser generellt i samh\u00e4llet. Men trygghet handlar ocks\u00e5 om att motverka mobbning i skolan, att ha mindre barngrupper i f\u00f6rskolan, att skapa s\u00e4kra cykel- och promenadstr\u00e5k och hur vi arbetar med ljuss\u00e4ttning. Detta st\u00e4ller krav p\u00e5 att k\u00e4rnverksamheterna prioriteras i kommunens ekonomi, d\u00e4rf\u00f6r ska vi inte sl\u00f6sa pengar p\u00e5 dyra skrytbyggen utan satsa p\u00e5 v\u00e4lf\u00e4rden.<\/p>\n","protected":false},"excerpt":{"rendered":"<p>Tankeskifte i v\u00e5rd och omsorg, l\u00e5t tryggheten st\u00e5 i centrum. Man ska kunna \u00e5ldras i trygghet, och lita p\u00e5 \u00e4ldreomsorgen. Det \u00e4r inte v\u00e4rdigt att man anses f\u00f6r pigg f\u00f6r att flytta t ex till ett trygghetsboende n\u00e4r man har behov av det. D\u00e4rf\u00f6r vill vi att alla \u00f6ver 85 \u00e5r ska garanteras plats i <a class=\"read-more-link\" href=\"https:\/\/wp.kristdemokraterna.se\/timra\/vi-prioriterar-valfarden\/\">L\u00e4s mer<\/a><\/p>\n","protected":false},"author":787,"featured_media":0,"parent":0,"menu_order":0,"comment_status":"closed","ping_status":"closed","template":"page-full.php","meta":{"_acf_changed":false,"footnotes":""},"class_list":["post-547","page","type-page","status-publish","hentry"],"acf":[],"yoast_head":"<!-- This site is optimized with the Yoast SEO plugin v27.3 - https:\/\/yoast.com\/product\/yoast-seo-wordpress\/ -->\n<title>Vi prioriterar v\u00e4lf\u00e4rden - Kristdemokraterna i Timr\u00e5<\/title>\n<meta name=\"robots\" content=\"index, follow, max-snippet:-1, max-image-preview:large, max-video-preview:-1\" \/>\n<link rel=\"canonical\" href=\"https:\/\/wp.kristdemokraterna.se\/timra\/vi-prioriterar-valfarden\/\" \/>\n<meta property=\"og:locale\" content=\"sv_SE\" \/>\n<meta property=\"og:type\" content=\"article\" \/>\n<meta property=\"og:title\" content=\"Vi prioriterar v\u00e4lf\u00e4rden - Kristdemokraterna i Timr\u00e5\" \/>\n<meta property=\"og:description\" content=\"Tankeskifte i v\u00e5rd och omsorg, l\u00e5t tryggheten st\u00e5 i centrum. Man ska kunna \u00e5ldras i trygghet, och lita p\u00e5 \u00e4ldreomsorgen. Det \u00e4r inte v\u00e4rdigt att man anses f\u00f6r pigg f\u00f6r att flytta t ex till ett trygghetsboende n\u00e4r man har behov av det. D\u00e4rf\u00f6r vill vi att alla \u00f6ver 85 \u00e5r ska garanteras plats i L\u00e4s mer\" \/>\n<meta property=\"og:url\" content=\"https:\/\/wp.kristdemokraterna.se\/timra\/vi-prioriterar-valfarden\/\" \/>\n<meta property=\"og:site_name\" content=\"Kristdemokraterna i Timr\u00e5\" \/>\n<meta property=\"article:modified_time\" content=\"2018-06-02T09:23:33+00:00\" \/>\n<meta name=\"twitter:card\" content=\"summary_large_image\" \/>\n<meta name=\"twitter:label1\" content=\"Ber\u00e4knad l\u00e4stid\" \/>\n\t<meta name=\"twitter:data1\" content=\"1 minut\" \/>\n<script type=\"application\/ld+json\" class=\"yoast-schema-graph\">{\"@context\":\"https:\\\/\\\/schema.org\",\"@graph\":[{\"@type\":\"WebPage\",\"@id\":\"https:\\\/\\\/wp.kristdemokraterna.se\\\/timra\\\/vi-prioriterar-valfarden\\\/\",\"url\":\"https:\\\/\\\/wp.kristdemokraterna.se\\\/timra\\\/vi-prioriterar-valfarden\\\/\",\"name\":\"Vi prioriterar v\u00e4lf\u00e4rden - Kristdemokraterna i Timr\u00e5\",\"isPartOf\":{\"@id\":\"https:\\\/\\\/wp.kristdemokraterna.se\\\/timra\\\/#website\"},\"datePublished\":\"2018-06-02T09:22:12+00:00\",\"dateModified\":\"2018-06-02T09:23:33+00:00\",\"breadcrumb\":{\"@id\":\"https:\\\/\\\/wp.kristdemokraterna.se\\\/timra\\\/vi-prioriterar-valfarden\\\/#breadcrumb\"},\"inLanguage\":\"sv-SE\",\"potentialAction\":[{\"@type\":\"ReadAction\",\"target\":[\"https:\\\/\\\/wp.kristdemokraterna.se\\\/timra\\\/vi-prioriterar-valfarden\\\/\"]}]},{\"@type\":\"BreadcrumbList\",\"@id\":\"https:\\\/\\\/wp.kristdemokraterna.se\\\/timra\\\/vi-prioriterar-valfarden\\\/#breadcrumb\",\"itemListElement\":[{\"@type\":\"ListItem\",\"position\":1,\"name\":\"Hem\",\"item\":\"https:\\\/\\\/wp.kristdemokraterna.se\\\/timra\\\/\"},{\"@type\":\"ListItem\",\"position\":2,\"name\":\"Vi prioriterar v\u00e4lf\u00e4rden\"}]},{\"@type\":\"WebSite\",\"@id\":\"https:\\\/\\\/wp.kristdemokraterna.se\\\/timra\\\/#website\",\"url\":\"https:\\\/\\\/wp.kristdemokraterna.se\\\/timra\\\/\",\"name\":\"Kristdemokraterna i Timr\u00e5\",\"description\":\"Vill du ocks\u00e5 ha maktskifte?\",\"inLanguage\":\"sv-SE\"}]}<\/script>\n<!-- \/ Yoast SEO plugin. -->","yoast_head_json":{"title":"Vi prioriterar v\u00e4lf\u00e4rden - Kristdemokraterna i Timr\u00e5","robots":{"index":"index","follow":"follow","max-snippet":"max-snippet:-1","max-image-preview":"max-image-preview:large","max-video-preview":"max-video-preview:-1"},"canonical":"https:\/\/wp.kristdemokraterna.se\/timra\/vi-prioriterar-valfarden\/","og_locale":"sv_SE","og_type":"article","og_title":"Vi prioriterar v\u00e4lf\u00e4rden - Kristdemokraterna i Timr\u00e5","og_description":"Tankeskifte i v\u00e5rd och omsorg, l\u00e5t tryggheten st\u00e5 i centrum. Man ska kunna \u00e5ldras i trygghet, och lita p\u00e5 \u00e4ldreomsorgen. Det \u00e4r inte v\u00e4rdigt att man anses f\u00f6r pigg f\u00f6r att flytta t ex till ett trygghetsboende n\u00e4r man har behov av det. D\u00e4rf\u00f6r vill vi att alla \u00f6ver 85 \u00e5r ska garanteras plats i L\u00e4s mer","og_url":"https:\/\/wp.kristdemokraterna.se\/timra\/vi-prioriterar-valfarden\/","og_site_name":"Kristdemokraterna i Timr\u00e5","article_modified_time":"2018-06-02T09:23:33+00:00","twitter_card":"summary_large_image","twitter_misc":{"Ber\u00e4knad l\u00e4stid":"1 minut"},"schema":{"@context":"https:\/\/schema.org","@graph":[{"@type":"WebPage","@id":"https:\/\/wp.kristdemokraterna.se\/timra\/vi-prioriterar-valfarden\/","url":"https:\/\/wp.kristdemokraterna.se\/timra\/vi-prioriterar-valfarden\/","name":"Vi prioriterar v\u00e4lf\u00e4rden - Kristdemokraterna i Timr\u00e5","isPartOf":{"@id":"https:\/\/wp.kristdemokraterna.se\/timra\/#website"},"datePublished":"2018-06-02T09:22:12+00:00","dateModified":"2018-06-02T09:23:33+00:00","breadcrumb":{"@id":"https:\/\/wp.kristdemokraterna.se\/timra\/vi-prioriterar-valfarden\/#breadcrumb"},"inLanguage":"sv-SE","potentialAction":[{"@type":"ReadAction","target":["https:\/\/wp.kristdemokraterna.se\/timra\/vi-prioriterar-valfarden\/"]}]},{"@type":"BreadcrumbList","@id":"https:\/\/wp.kristdemokraterna.se\/timra\/vi-prioriterar-valfarden\/#breadcrumb","itemListElement":[{"@type":"ListItem","position":1,"name":"Hem","item":"https:\/\/wp.kristdemokraterna.se\/timra\/"},{"@type":"ListItem","position":2,"name":"Vi prioriterar v\u00e4lf\u00e4rden"}]},{"@type":"WebSite","@id":"https:\/\/wp.kristdemokraterna.se\/timra\/#website","url":"https:\/\/wp.kristdemokraterna.se\/timra\/","name":"Kristdemokraterna i Timr\u00e5","description":"Vill du ocks\u00e5 ha maktskifte?","inLanguage":"sv-SE"}]}},"_links":{"self":[{"href":"https:\/\/wp.kristdemokraterna.se\/timra\/wp-json\/wp\/v2\/pages\/547","targetHints":{"allow":["GET"]}}],"collection":[{"href":"https:\/\/wp.kristdemokraterna.se\/timra\/wp-json\/wp\/v2\/pages"}],"about":[{"href":"https:\/\/wp.kristdemokraterna.se\/timra\/wp-json\/wp\/v2\/types\/page"}],"author":[{"embeddable":true,"href":"https:\/\/wp.kristdemokraterna.se\/timra\/wp-json\/wp\/v2\/users\/787"}],"replies":[{"embeddable":true,"href":"https:\/\/wp.kristdemokraterna.se\/timra\/wp-json\/wp\/v2\/comments?post=547"}],"version-history":[{"count":4,"href":"https:\/\/wp.kristdemokraterna.se\/timra\/wp-json\/wp\/v2\/pages\/547\/revisions"}],"predecessor-version":[{"id":551,"href":"https:\/\/wp.kristdemokraterna.se\/timra\/wp-json\/wp\/v2\/pages\/547\/revisions\/551"}],"wp:attachment":[{"href":"https:\/\/wp.kristdemokraterna.se\/timra\/wp-json\/wp\/v2\/media?parent=547"}],"curies":[{"name":"wp","href":"https:\/\/api.w.org\/{rel}","templated":true}]}}