{"id":552,"date":"2018-06-02T11:31:47","date_gmt":"2018-06-02T09:31:47","guid":{"rendered":"http:\/\/wp.kristdemokraterna.se\/timra\/?page_id=552"},"modified":"2018-06-02T12:47:06","modified_gmt":"2018-06-02T10:47:06","slug":"valet-2018","status":"publish","type":"page","link":"https:\/\/wp.kristdemokraterna.se\/timra\/vill-du-ocksa-ha-maktskifte\/valet-2018\/","title":{"rendered":"V\u00e5r valsedel i kommunalvalet 2018"},"content":{"rendered":"<p>18 namn blev det p\u00e5 Kristdemokraternas lista i valet till kommunfullm\u00e4ktige i Timr\u00e5 2018. Det \u00e4r ett namn mer \u00e4n i f\u00f6rra valet. J\u00e4mf\u00f6rt med andra partier s\u00e5 \u00e4r det n\u00e5t namn f\u00e4rre \u00e4n vad Timr\u00e5partiet och Liberalerna har p\u00e5 sin lista i \u00e5r, men \u00e5 andra sidan betydligt fler \u00e4n vad Moderaterna, V\u00e4nsterpartiet och Sverigedemokraterna fick ihop och faktiskt mer \u00e4n dubbelt s\u00e5 m\u00e5nga som Milj\u00f6partiet.<\/p>\n<p>S\u00e5 h\u00e4r ser listan ut:<\/p>\n<ol>\n<li>Henrik Sendelbach, \u00d6strand<\/li>\n<li>Sven-\u00c5ke Jacobson, Edsg\u00e5rden<\/li>\n<li>Ingrid Sendelbach, \u00d6strand<\/li>\n<li>Roger Boork, Bergeforsen<\/li>\n<li>Ulla Sj\u00f6str\u00f6m, Vivsta<\/li>\n<li>Krister J\u00f6nsson, Stavreviken<\/li>\n<li>Anastasie Mukabera, Talln\u00e4s<\/li>\n<li>Sven-\u00c5ke Wahlberg, H\u00e4studden<\/li>\n<li>Martin Unger, Ny-Vivsta<\/li>\n<li>Lisbeth Stenlund, Ny-Vivsta<\/li>\n<li>Viktor Bengtson, B\u00f6le\u00e4ngen<\/li>\n<li>Roger Henriksson, V\u00e4vland<\/li>\n<li>Linda Unger, Ny-Vivsta<\/li>\n<li>Torsten Uppg\u00e5rd, S\u00f6r\u00e5ker<\/li>\n<li>Jean-N\u00e9stor Lenga Ingoli, Talln\u00e4s<\/li>\n<li>Siv Zetterlund, Lilla Bandsj\u00f6n<\/li>\n<li>Gun Britt Uppg\u00e5rd, S\u00f6r\u00e5ker<\/li>\n<li>Mats Lind\u00e9n, Vivsta<\/li>\n<\/ol>\n","protected":false},"excerpt":{"rendered":"<p>18 namn blev det p\u00e5 Kristdemokraternas lista i valet till kommunfullm\u00e4ktige i Timr\u00e5 2018. Det \u00e4r ett namn mer \u00e4n i f\u00f6rra valet. J\u00e4mf\u00f6rt med andra partier s\u00e5 \u00e4r det n\u00e5t namn f\u00e4rre \u00e4n vad Timr\u00e5partiet och Liberalerna har p\u00e5 sin lista i \u00e5r, men \u00e5 andra sidan betydligt fler \u00e4n vad Moderaterna, V\u00e4nsterpartiet och <a class=\"read-more-link\" href=\"https:\/\/wp.kristdemokraterna.se\/timra\/vill-du-ocksa-ha-maktskifte\/valet-2018\/\">L\u00e4s mer<\/a><\/p>\n","protected":false},"author":787,"featured_media":0,"parent":559,"menu_order":0,"comment_status":"closed","ping_status":"closed","template":"","meta":{"_acf_changed":false,"footnotes":""},"class_list":["post-552","page","type-page","status-publish","hentry"],"acf":[],"yoast_head":"<!-- This site is optimized with the Yoast SEO plugin v27.5 - https:\/\/yoast.com\/product\/yoast-seo-wordpress\/ -->\n<title>V\u00e5r valsedel i kommunalvalet 2018 - Kristdemokraterna i Timr\u00e5<\/title>\n<meta name=\"robots\" content=\"index, follow, max-snippet:-1, max-image-preview:large, max-video-preview:-1\" \/>\n<link rel=\"canonical\" href=\"https:\/\/wp.kristdemokraterna.se\/timra\/vill-du-ocksa-ha-maktskifte\/valet-2018\/\" \/>\n<meta property=\"og:locale\" content=\"sv_SE\" \/>\n<meta property=\"og:type\" content=\"article\" \/>\n<meta property=\"og:title\" content=\"V\u00e5r valsedel i kommunalvalet 2018 - Kristdemokraterna i Timr\u00e5\" \/>\n<meta property=\"og:description\" content=\"18 namn blev det p\u00e5 Kristdemokraternas lista i valet till kommunfullm\u00e4ktige i Timr\u00e5 2018. Det \u00e4r ett namn mer \u00e4n i f\u00f6rra valet. J\u00e4mf\u00f6rt med andra partier s\u00e5 \u00e4r det n\u00e5t namn f\u00e4rre \u00e4n vad Timr\u00e5partiet och Liberalerna har p\u00e5 sin lista i \u00e5r, men \u00e5 andra sidan betydligt fler \u00e4n vad Moderaterna, V\u00e4nsterpartiet och L\u00e4s mer\" \/>\n<meta property=\"og:url\" content=\"https:\/\/wp.kristdemokraterna.se\/timra\/vill-du-ocksa-ha-maktskifte\/valet-2018\/\" \/>\n<meta property=\"og:site_name\" content=\"Kristdemokraterna i Timr\u00e5\" \/>\n<meta property=\"article:modified_time\" content=\"2018-06-02T10:47:06+00:00\" \/>\n<meta name=\"twitter:card\" content=\"summary_large_image\" \/>\n<meta name=\"twitter:label1\" content=\"Ber\u00e4knad l\u00e4stid\" \/>\n\t<meta name=\"twitter:data1\" content=\"1 minut\" \/>\n<script type=\"application\/ld+json\" class=\"yoast-schema-graph\">{\"@context\":\"https:\\\/\\\/schema.org\",\"@graph\":[{\"@type\":\"WebPage\",\"@id\":\"https:\\\/\\\/wp.kristdemokraterna.se\\\/timra\\\/vill-du-ocksa-ha-maktskifte\\\/valet-2018\\\/\",\"url\":\"https:\\\/\\\/wp.kristdemokraterna.se\\\/timra\\\/vill-du-ocksa-ha-maktskifte\\\/valet-2018\\\/\",\"name\":\"V\u00e5r valsedel i kommunalvalet 2018 - Kristdemokraterna i Timr\u00e5\",\"isPartOf\":{\"@id\":\"https:\\\/\\\/wp.kristdemokraterna.se\\\/timra\\\/#website\"},\"datePublished\":\"2018-06-02T09:31:47+00:00\",\"dateModified\":\"2018-06-02T10:47:06+00:00\",\"breadcrumb\":{\"@id\":\"https:\\\/\\\/wp.kristdemokraterna.se\\\/timra\\\/vill-du-ocksa-ha-maktskifte\\\/valet-2018\\\/#breadcrumb\"},\"inLanguage\":\"sv-SE\",\"potentialAction\":[{\"@type\":\"ReadAction\",\"target\":[\"https:\\\/\\\/wp.kristdemokraterna.se\\\/timra\\\/vill-du-ocksa-ha-maktskifte\\\/valet-2018\\\/\"]}]},{\"@type\":\"BreadcrumbList\",\"@id\":\"https:\\\/\\\/wp.kristdemokraterna.se\\\/timra\\\/vill-du-ocksa-ha-maktskifte\\\/valet-2018\\\/#breadcrumb\",\"itemListElement\":[{\"@type\":\"ListItem\",\"position\":1,\"name\":\"Hem\",\"item\":\"https:\\\/\\\/wp.kristdemokraterna.se\\\/timra\\\/\"},{\"@type\":\"ListItem\",\"position\":2,\"name\":\"Vill du ocks\u00e5 ha maktskifte?\",\"item\":\"https:\\\/\\\/wp.kristdemokraterna.se\\\/timra\\\/vill-du-ocksa-ha-maktskifte\\\/\"},{\"@type\":\"ListItem\",\"position\":3,\"name\":\"V\u00e5r valsedel i kommunalvalet 2018\"}]},{\"@type\":\"WebSite\",\"@id\":\"https:\\\/\\\/wp.kristdemokraterna.se\\\/timra\\\/#website\",\"url\":\"https:\\\/\\\/wp.kristdemokraterna.se\\\/timra\\\/\",\"name\":\"Kristdemokraterna i Timr\u00e5\",\"description\":\"Vill du ocks\u00e5 ha maktskifte?\",\"inLanguage\":\"sv-SE\"}]}<\/script>\n<!-- \/ Yoast SEO plugin. -->","yoast_head_json":{"title":"V\u00e5r valsedel i kommunalvalet 2018 - Kristdemokraterna i Timr\u00e5","robots":{"index":"index","follow":"follow","max-snippet":"max-snippet:-1","max-image-preview":"max-image-preview:large","max-video-preview":"max-video-preview:-1"},"canonical":"https:\/\/wp.kristdemokraterna.se\/timra\/vill-du-ocksa-ha-maktskifte\/valet-2018\/","og_locale":"sv_SE","og_type":"article","og_title":"V\u00e5r valsedel i kommunalvalet 2018 - Kristdemokraterna i Timr\u00e5","og_description":"18 namn blev det p\u00e5 Kristdemokraternas lista i valet till kommunfullm\u00e4ktige i Timr\u00e5 2018. Det \u00e4r ett namn mer \u00e4n i f\u00f6rra valet. J\u00e4mf\u00f6rt med andra partier s\u00e5 \u00e4r det n\u00e5t namn f\u00e4rre \u00e4n vad Timr\u00e5partiet och Liberalerna har p\u00e5 sin lista i \u00e5r, men \u00e5 andra sidan betydligt fler \u00e4n vad Moderaterna, V\u00e4nsterpartiet och L\u00e4s mer","og_url":"https:\/\/wp.kristdemokraterna.se\/timra\/vill-du-ocksa-ha-maktskifte\/valet-2018\/","og_site_name":"Kristdemokraterna i Timr\u00e5","article_modified_time":"2018-06-02T10:47:06+00:00","twitter_card":"summary_large_image","twitter_misc":{"Ber\u00e4knad l\u00e4stid":"1 minut"},"schema":{"@context":"https:\/\/schema.org","@graph":[{"@type":"WebPage","@id":"https:\/\/wp.kristdemokraterna.se\/timra\/vill-du-ocksa-ha-maktskifte\/valet-2018\/","url":"https:\/\/wp.kristdemokraterna.se\/timra\/vill-du-ocksa-ha-maktskifte\/valet-2018\/","name":"V\u00e5r valsedel i kommunalvalet 2018 - Kristdemokraterna i Timr\u00e5","isPartOf":{"@id":"https:\/\/wp.kristdemokraterna.se\/timra\/#website"},"datePublished":"2018-06-02T09:31:47+00:00","dateModified":"2018-06-02T10:47:06+00:00","breadcrumb":{"@id":"https:\/\/wp.kristdemokraterna.se\/timra\/vill-du-ocksa-ha-maktskifte\/valet-2018\/#breadcrumb"},"inLanguage":"sv-SE","potentialAction":[{"@type":"ReadAction","target":["https:\/\/wp.kristdemokraterna.se\/timra\/vill-du-ocksa-ha-maktskifte\/valet-2018\/"]}]},{"@type":"BreadcrumbList","@id":"https:\/\/wp.kristdemokraterna.se\/timra\/vill-du-ocksa-ha-maktskifte\/valet-2018\/#breadcrumb","itemListElement":[{"@type":"ListItem","position":1,"name":"Hem","item":"https:\/\/wp.kristdemokraterna.se\/timra\/"},{"@type":"ListItem","position":2,"name":"Vill du ocks\u00e5 ha maktskifte?","item":"https:\/\/wp.kristdemokraterna.se\/timra\/vill-du-ocksa-ha-maktskifte\/"},{"@type":"ListItem","position":3,"name":"V\u00e5r valsedel i kommunalvalet 2018"}]},{"@type":"WebSite","@id":"https:\/\/wp.kristdemokraterna.se\/timra\/#website","url":"https:\/\/wp.kristdemokraterna.se\/timra\/","name":"Kristdemokraterna i Timr\u00e5","description":"Vill du ocks\u00e5 ha maktskifte?","inLanguage":"sv-SE"}]}},"_links":{"self":[{"href":"https:\/\/wp.kristdemokraterna.se\/timra\/wp-json\/wp\/v2\/pages\/552","targetHints":{"allow":["GET"]}}],"collection":[{"href":"https:\/\/wp.kristdemokraterna.se\/timra\/wp-json\/wp\/v2\/pages"}],"about":[{"href":"https:\/\/wp.kristdemokraterna.se\/timra\/wp-json\/wp\/v2\/types\/page"}],"author":[{"embeddable":true,"href":"https:\/\/wp.kristdemokraterna.se\/timra\/wp-json\/wp\/v2\/users\/787"}],"replies":[{"embeddable":true,"href":"https:\/\/wp.kristdemokraterna.se\/timra\/wp-json\/wp\/v2\/comments?post=552"}],"version-history":[{"count":3,"href":"https:\/\/wp.kristdemokraterna.se\/timra\/wp-json\/wp\/v2\/pages\/552\/revisions"}],"predecessor-version":[{"id":558,"href":"https:\/\/wp.kristdemokraterna.se\/timra\/wp-json\/wp\/v2\/pages\/552\/revisions\/558"}],"up":[{"embeddable":true,"href":"https:\/\/wp.kristdemokraterna.se\/timra\/wp-json\/wp\/v2\/pages\/559"}],"wp:attachment":[{"href":"https:\/\/wp.kristdemokraterna.se\/timra\/wp-json\/wp\/v2\/media?parent=552"}],"curies":[{"name":"wp","href":"https:\/\/api.w.org\/{rel}","templated":true}]}}