{"id":568,"date":"2018-06-02T12:43:32","date_gmt":"2018-06-02T10:43:32","guid":{"rendered":"http:\/\/wp.kristdemokraterna.se\/timra\/?page_id=568"},"modified":"2018-06-02T12:43:32","modified_gmt":"2018-06-02T10:43:32","slug":"i-din-kommun-vill-vi","status":"publish","type":"page","link":"https:\/\/wp.kristdemokraterna.se\/timra\/vill-du-ocksa-ha-maktskifte\/i-din-kommun-vill-vi\/","title":{"rendered":"I din kommun vill vi"},"content":{"rendered":"<ol>\n<li>Skapa ett samh\u00e4lle d\u00e4r ingen ska beh\u00f6va k\u00e4nna sig enasm<\/li>\n<li>Skapa en skola d\u00e4r man motverkar mobbning och kr\u00e4nkningar<\/li>\n<li>Skapa en \u00e4ldreomsorg d\u00e4r det \u00e4r gott om platser f\u00f6r social samvaro och sociala aktiviteter<\/li>\n<li>Skapa en familjecentral med \u00f6ppen f\u00f6rskola f\u00f6r att \u00f6ka tryggheten f\u00f6r familjer<\/li>\n<li>Skapa b\u00e4ttre villkor f\u00f6r f\u00f6reningslivet f\u00f6r att uppv\u00e4rdera de ideella krafternas v\u00e4rde<\/li>\n<li>Skapa en f\u00f6rskola med mindre barngrupper f\u00f6r att ge barnen lite lugnare och tryggare milj\u00f6<\/li>\n<li>Skapa mer valfrihet inom skola och omsorg f\u00f6r att du vet b\u00e4st hur du vill ha det<\/li>\n<li>Skapa en kommun d\u00e4r DU \u00c4R\u00a0V\u00c4RDEFULL och inte bara en int\u00e4kt eller en kostnad f\u00f6r kommunen<\/li>\n<\/ol>\n","protected":false},"excerpt":{"rendered":"<p>Skapa ett samh\u00e4lle d\u00e4r ingen ska beh\u00f6va k\u00e4nna sig enasm Skapa en skola d\u00e4r man motverkar mobbning och kr\u00e4nkningar Skapa en \u00e4ldreomsorg d\u00e4r det \u00e4r gott om platser f\u00f6r social samvaro och sociala aktiviteter Skapa en familjecentral med \u00f6ppen f\u00f6rskola f\u00f6r att \u00f6ka tryggheten f\u00f6r familjer Skapa b\u00e4ttre villkor f\u00f6r f\u00f6reningslivet f\u00f6r att uppv\u00e4rdera de <a class=\"read-more-link\" href=\"https:\/\/wp.kristdemokraterna.se\/timra\/vill-du-ocksa-ha-maktskifte\/i-din-kommun-vill-vi\/\">L\u00e4s mer<\/a><\/p>\n","protected":false},"author":787,"featured_media":0,"parent":559,"menu_order":0,"comment_status":"closed","ping_status":"closed","template":"","meta":{"_acf_changed":false,"footnotes":""},"class_list":["post-568","page","type-page","status-publish","hentry"],"acf":[],"yoast_head":"<!-- This site is optimized with the Yoast SEO plugin v27.4 - https:\/\/yoast.com\/product\/yoast-seo-wordpress\/ -->\n<title>I din kommun vill vi - Kristdemokraterna i Timr\u00e5<\/title>\n<meta name=\"robots\" content=\"index, follow, max-snippet:-1, max-image-preview:large, max-video-preview:-1\" \/>\n<link rel=\"canonical\" href=\"https:\/\/wp.kristdemokraterna.se\/timra\/vill-du-ocksa-ha-maktskifte\/i-din-kommun-vill-vi\/\" \/>\n<meta property=\"og:locale\" content=\"sv_SE\" \/>\n<meta property=\"og:type\" content=\"article\" \/>\n<meta property=\"og:title\" content=\"I din kommun vill vi - Kristdemokraterna i Timr\u00e5\" \/>\n<meta property=\"og:description\" content=\"Skapa ett samh\u00e4lle d\u00e4r ingen ska beh\u00f6va k\u00e4nna sig enasm Skapa en skola d\u00e4r man motverkar mobbning och kr\u00e4nkningar Skapa en \u00e4ldreomsorg d\u00e4r det \u00e4r gott om platser f\u00f6r social samvaro och sociala aktiviteter Skapa en familjecentral med \u00f6ppen f\u00f6rskola f\u00f6r att \u00f6ka tryggheten f\u00f6r familjer Skapa b\u00e4ttre villkor f\u00f6r f\u00f6reningslivet f\u00f6r att uppv\u00e4rdera de L\u00e4s mer\" \/>\n<meta property=\"og:url\" content=\"https:\/\/wp.kristdemokraterna.se\/timra\/vill-du-ocksa-ha-maktskifte\/i-din-kommun-vill-vi\/\" \/>\n<meta property=\"og:site_name\" content=\"Kristdemokraterna i Timr\u00e5\" \/>\n<meta name=\"twitter:card\" content=\"summary_large_image\" \/>\n<meta name=\"twitter:label1\" content=\"Ber\u00e4knad l\u00e4stid\" \/>\n\t<meta name=\"twitter:data1\" content=\"1 minut\" \/>\n<script type=\"application\/ld+json\" class=\"yoast-schema-graph\">{\"@context\":\"https:\\\/\\\/schema.org\",\"@graph\":[{\"@type\":\"WebPage\",\"@id\":\"https:\\\/\\\/wp.kristdemokraterna.se\\\/timra\\\/vill-du-ocksa-ha-maktskifte\\\/i-din-kommun-vill-vi\\\/\",\"url\":\"https:\\\/\\\/wp.kristdemokraterna.se\\\/timra\\\/vill-du-ocksa-ha-maktskifte\\\/i-din-kommun-vill-vi\\\/\",\"name\":\"I din kommun vill vi - Kristdemokraterna i Timr\u00e5\",\"isPartOf\":{\"@id\":\"https:\\\/\\\/wp.kristdemokraterna.se\\\/timra\\\/#website\"},\"datePublished\":\"2018-06-02T10:43:32+00:00\",\"breadcrumb\":{\"@id\":\"https:\\\/\\\/wp.kristdemokraterna.se\\\/timra\\\/vill-du-ocksa-ha-maktskifte\\\/i-din-kommun-vill-vi\\\/#breadcrumb\"},\"inLanguage\":\"sv-SE\",\"potentialAction\":[{\"@type\":\"ReadAction\",\"target\":[\"https:\\\/\\\/wp.kristdemokraterna.se\\\/timra\\\/vill-du-ocksa-ha-maktskifte\\\/i-din-kommun-vill-vi\\\/\"]}]},{\"@type\":\"BreadcrumbList\",\"@id\":\"https:\\\/\\\/wp.kristdemokraterna.se\\\/timra\\\/vill-du-ocksa-ha-maktskifte\\\/i-din-kommun-vill-vi\\\/#breadcrumb\",\"itemListElement\":[{\"@type\":\"ListItem\",\"position\":1,\"name\":\"Hem\",\"item\":\"https:\\\/\\\/wp.kristdemokraterna.se\\\/timra\\\/\"},{\"@type\":\"ListItem\",\"position\":2,\"name\":\"Vill du ocks\u00e5 ha maktskifte?\",\"item\":\"https:\\\/\\\/wp.kristdemokraterna.se\\\/timra\\\/vill-du-ocksa-ha-maktskifte\\\/\"},{\"@type\":\"ListItem\",\"position\":3,\"name\":\"I din kommun vill vi\"}]},{\"@type\":\"WebSite\",\"@id\":\"https:\\\/\\\/wp.kristdemokraterna.se\\\/timra\\\/#website\",\"url\":\"https:\\\/\\\/wp.kristdemokraterna.se\\\/timra\\\/\",\"name\":\"Kristdemokraterna i Timr\u00e5\",\"description\":\"Vill du ocks\u00e5 ha maktskifte?\",\"inLanguage\":\"sv-SE\"}]}<\/script>\n<!-- \/ Yoast SEO plugin. -->","yoast_head_json":{"title":"I din kommun vill vi - Kristdemokraterna i Timr\u00e5","robots":{"index":"index","follow":"follow","max-snippet":"max-snippet:-1","max-image-preview":"max-image-preview:large","max-video-preview":"max-video-preview:-1"},"canonical":"https:\/\/wp.kristdemokraterna.se\/timra\/vill-du-ocksa-ha-maktskifte\/i-din-kommun-vill-vi\/","og_locale":"sv_SE","og_type":"article","og_title":"I din kommun vill vi - Kristdemokraterna i Timr\u00e5","og_description":"Skapa ett samh\u00e4lle d\u00e4r ingen ska beh\u00f6va k\u00e4nna sig enasm Skapa en skola d\u00e4r man motverkar mobbning och kr\u00e4nkningar Skapa en \u00e4ldreomsorg d\u00e4r det \u00e4r gott om platser f\u00f6r social samvaro och sociala aktiviteter Skapa en familjecentral med \u00f6ppen f\u00f6rskola f\u00f6r att \u00f6ka tryggheten f\u00f6r familjer Skapa b\u00e4ttre villkor f\u00f6r f\u00f6reningslivet f\u00f6r att uppv\u00e4rdera de L\u00e4s mer","og_url":"https:\/\/wp.kristdemokraterna.se\/timra\/vill-du-ocksa-ha-maktskifte\/i-din-kommun-vill-vi\/","og_site_name":"Kristdemokraterna i Timr\u00e5","twitter_card":"summary_large_image","twitter_misc":{"Ber\u00e4knad l\u00e4stid":"1 minut"},"schema":{"@context":"https:\/\/schema.org","@graph":[{"@type":"WebPage","@id":"https:\/\/wp.kristdemokraterna.se\/timra\/vill-du-ocksa-ha-maktskifte\/i-din-kommun-vill-vi\/","url":"https:\/\/wp.kristdemokraterna.se\/timra\/vill-du-ocksa-ha-maktskifte\/i-din-kommun-vill-vi\/","name":"I din kommun vill vi - Kristdemokraterna i Timr\u00e5","isPartOf":{"@id":"https:\/\/wp.kristdemokraterna.se\/timra\/#website"},"datePublished":"2018-06-02T10:43:32+00:00","breadcrumb":{"@id":"https:\/\/wp.kristdemokraterna.se\/timra\/vill-du-ocksa-ha-maktskifte\/i-din-kommun-vill-vi\/#breadcrumb"},"inLanguage":"sv-SE","potentialAction":[{"@type":"ReadAction","target":["https:\/\/wp.kristdemokraterna.se\/timra\/vill-du-ocksa-ha-maktskifte\/i-din-kommun-vill-vi\/"]}]},{"@type":"BreadcrumbList","@id":"https:\/\/wp.kristdemokraterna.se\/timra\/vill-du-ocksa-ha-maktskifte\/i-din-kommun-vill-vi\/#breadcrumb","itemListElement":[{"@type":"ListItem","position":1,"name":"Hem","item":"https:\/\/wp.kristdemokraterna.se\/timra\/"},{"@type":"ListItem","position":2,"name":"Vill du ocks\u00e5 ha maktskifte?","item":"https:\/\/wp.kristdemokraterna.se\/timra\/vill-du-ocksa-ha-maktskifte\/"},{"@type":"ListItem","position":3,"name":"I din kommun vill vi"}]},{"@type":"WebSite","@id":"https:\/\/wp.kristdemokraterna.se\/timra\/#website","url":"https:\/\/wp.kristdemokraterna.se\/timra\/","name":"Kristdemokraterna i Timr\u00e5","description":"Vill du ocks\u00e5 ha maktskifte?","inLanguage":"sv-SE"}]}},"_links":{"self":[{"href":"https:\/\/wp.kristdemokraterna.se\/timra\/wp-json\/wp\/v2\/pages\/568","targetHints":{"allow":["GET"]}}],"collection":[{"href":"https:\/\/wp.kristdemokraterna.se\/timra\/wp-json\/wp\/v2\/pages"}],"about":[{"href":"https:\/\/wp.kristdemokraterna.se\/timra\/wp-json\/wp\/v2\/types\/page"}],"author":[{"embeddable":true,"href":"https:\/\/wp.kristdemokraterna.se\/timra\/wp-json\/wp\/v2\/users\/787"}],"replies":[{"embeddable":true,"href":"https:\/\/wp.kristdemokraterna.se\/timra\/wp-json\/wp\/v2\/comments?post=568"}],"version-history":[{"count":1,"href":"https:\/\/wp.kristdemokraterna.se\/timra\/wp-json\/wp\/v2\/pages\/568\/revisions"}],"predecessor-version":[{"id":569,"href":"https:\/\/wp.kristdemokraterna.se\/timra\/wp-json\/wp\/v2\/pages\/568\/revisions\/569"}],"up":[{"embeddable":true,"href":"https:\/\/wp.kristdemokraterna.se\/timra\/wp-json\/wp\/v2\/pages\/559"}],"wp:attachment":[{"href":"https:\/\/wp.kristdemokraterna.se\/timra\/wp-json\/wp\/v2\/media?parent=568"}],"curies":[{"name":"wp","href":"https:\/\/api.w.org\/{rel}","templated":true}]}}