{"id":783,"date":"2022-09-05T11:00:08","date_gmt":"2022-09-05T09:00:08","guid":{"rendered":"https:\/\/wp.kristdemokraterna.se\/timra\/?page_id=783"},"modified":"2022-09-05T11:07:39","modified_gmt":"2022-09-05T09:07:39","slug":"var-valsedel-i-valet-2022","status":"publish","type":"page","link":"https:\/\/wp.kristdemokraterna.se\/timra\/var-valsedel-i-valet-2022\/","title":{"rendered":"V\u00e5r valsedel i valet 2022"},"content":{"rendered":"<p>15 namn blev det p\u00e5 Kristdemokraternas lista i valet till kommunfullm\u00e4ktige i Timr\u00e5 2022. J\u00e4mf\u00f6rt med andra partier s\u00e5 \u00e4r n\u00e5got f\u00e4rre namn \u00e4n vad Timr\u00e5partiet och Liberalerna har p\u00e5 sin lista i \u00e5r, men \u00e5 andra sidan betydligt fler \u00e4n vad Moderaterna och Sverigedemokraterna fick ihop och faktiskt mer \u00e4n dubbelt s\u00e5 m\u00e5nga som Milj\u00f6partiet.<\/p>\n<p>S\u00e5 h\u00e4r ser listan ut:<\/p>\n<ol>\n<li>Sven-\u00c5ke Jacobson, Timr\u00e5<\/li>\n<li>Jotiar Lennartsson, S\u00f6rberge<\/li>\n<li>Anastasie Mukabera, S\u00f6rberge<\/li>\n<li>Krister J\u00f6nsson, Timr\u00e5<\/li>\n<li>Daniella Nyirakalinka, Timr\u00e5<\/li>\n<li>Lennart Hanson, Timr\u00e5<\/li>\n<li>Roger Boork, Bergeforsen<\/li>\n<li>Eva Hanson, Timr\u00e5<\/li>\n<li>Kenth Lundqvist, Timr\u00e5<\/li>\n<li>Rosalie Nyirakazege, Timr\u00e5<\/li>\n<li>Viktor Bengtson, S\u00f6rberge<\/li>\n<li>Siv Zetterlund, Timr\u00e5<\/li>\n<li>Jean-N\u00e9stor Ingoli, S\u00f6rberge<\/li>\n<li>Ann-Sofie Jacobson, Timr\u00e5<\/li>\n<li>Sven-\u00c5ke Wahlberg, S\u00f6rberge<\/li>\n<\/ol>\n<p>L\u00e4s mer om v\u00e5ra toppkandidater och v\u00e5r politik p\u00e5 v\u00e5r facebooksida: <a href=\"https:\/\/www.facebook.com\/kdtimra\">https:\/\/www.facebook.com\/kdtimra<\/a>.<\/p>\n","protected":false},"excerpt":{"rendered":"<p>15 namn blev det p\u00e5 Kristdemokraternas lista i valet till kommunfullm\u00e4ktige i Timr\u00e5 2022. J\u00e4mf\u00f6rt med andra partier s\u00e5 \u00e4r n\u00e5got f\u00e4rre namn \u00e4n vad Timr\u00e5partiet och Liberalerna har p\u00e5 sin lista i \u00e5r, men \u00e5 andra sidan betydligt fler \u00e4n vad Moderaterna och Sverigedemokraterna fick ihop och faktiskt mer \u00e4n dubbelt s\u00e5 m\u00e5nga som <a class=\"read-more-link\" href=\"https:\/\/wp.kristdemokraterna.se\/timra\/var-valsedel-i-valet-2022\/\">L\u00e4s mer<\/a><\/p>\n","protected":false},"author":787,"featured_media":0,"parent":0,"menu_order":0,"comment_status":"closed","ping_status":"closed","template":"","meta":{"_acf_changed":false,"footnotes":""},"class_list":["post-783","page","type-page","status-publish","hentry"],"acf":[],"yoast_head":"<!-- This site is optimized with the Yoast SEO plugin v27.4 - https:\/\/yoast.com\/product\/yoast-seo-wordpress\/ -->\n<title>V\u00e5r valsedel i valet 2022 - Kristdemokraterna i Timr\u00e5<\/title>\n<meta name=\"robots\" content=\"index, follow, max-snippet:-1, max-image-preview:large, max-video-preview:-1\" \/>\n<link rel=\"canonical\" href=\"https:\/\/wp.kristdemokraterna.se\/timra\/var-valsedel-i-valet-2022\/\" \/>\n<meta property=\"og:locale\" content=\"sv_SE\" \/>\n<meta property=\"og:type\" content=\"article\" \/>\n<meta property=\"og:title\" content=\"V\u00e5r valsedel i valet 2022 - Kristdemokraterna i Timr\u00e5\" \/>\n<meta property=\"og:description\" content=\"15 namn blev det p\u00e5 Kristdemokraternas lista i valet till kommunfullm\u00e4ktige i Timr\u00e5 2022. J\u00e4mf\u00f6rt med andra partier s\u00e5 \u00e4r n\u00e5got f\u00e4rre namn \u00e4n vad Timr\u00e5partiet och Liberalerna har p\u00e5 sin lista i \u00e5r, men \u00e5 andra sidan betydligt fler \u00e4n vad Moderaterna och Sverigedemokraterna fick ihop och faktiskt mer \u00e4n dubbelt s\u00e5 m\u00e5nga som L\u00e4s mer\" \/>\n<meta property=\"og:url\" content=\"https:\/\/wp.kristdemokraterna.se\/timra\/var-valsedel-i-valet-2022\/\" \/>\n<meta property=\"og:site_name\" content=\"Kristdemokraterna i Timr\u00e5\" \/>\n<meta property=\"article:modified_time\" content=\"2022-09-05T09:07:39+00:00\" \/>\n<meta name=\"twitter:card\" content=\"summary_large_image\" \/>\n<meta name=\"twitter:label1\" content=\"Ber\u00e4knad l\u00e4stid\" \/>\n\t<meta name=\"twitter:data1\" content=\"1 minut\" \/>\n<script type=\"application\/ld+json\" class=\"yoast-schema-graph\">{\"@context\":\"https:\\\/\\\/schema.org\",\"@graph\":[{\"@type\":\"WebPage\",\"@id\":\"https:\\\/\\\/wp.kristdemokraterna.se\\\/timra\\\/var-valsedel-i-valet-2022\\\/\",\"url\":\"https:\\\/\\\/wp.kristdemokraterna.se\\\/timra\\\/var-valsedel-i-valet-2022\\\/\",\"name\":\"V\u00e5r valsedel i valet 2022 - Kristdemokraterna i Timr\u00e5\",\"isPartOf\":{\"@id\":\"https:\\\/\\\/wp.kristdemokraterna.se\\\/timra\\\/#website\"},\"datePublished\":\"2022-09-05T09:00:08+00:00\",\"dateModified\":\"2022-09-05T09:07:39+00:00\",\"breadcrumb\":{\"@id\":\"https:\\\/\\\/wp.kristdemokraterna.se\\\/timra\\\/var-valsedel-i-valet-2022\\\/#breadcrumb\"},\"inLanguage\":\"sv-SE\",\"potentialAction\":[{\"@type\":\"ReadAction\",\"target\":[\"https:\\\/\\\/wp.kristdemokraterna.se\\\/timra\\\/var-valsedel-i-valet-2022\\\/\"]}]},{\"@type\":\"BreadcrumbList\",\"@id\":\"https:\\\/\\\/wp.kristdemokraterna.se\\\/timra\\\/var-valsedel-i-valet-2022\\\/#breadcrumb\",\"itemListElement\":[{\"@type\":\"ListItem\",\"position\":1,\"name\":\"Hem\",\"item\":\"https:\\\/\\\/wp.kristdemokraterna.se\\\/timra\\\/\"},{\"@type\":\"ListItem\",\"position\":2,\"name\":\"V\u00e5r valsedel i valet 2022\"}]},{\"@type\":\"WebSite\",\"@id\":\"https:\\\/\\\/wp.kristdemokraterna.se\\\/timra\\\/#website\",\"url\":\"https:\\\/\\\/wp.kristdemokraterna.se\\\/timra\\\/\",\"name\":\"Kristdemokraterna i Timr\u00e5\",\"description\":\"Vill du ocks\u00e5 ha maktskifte?\",\"inLanguage\":\"sv-SE\"}]}<\/script>\n<!-- \/ Yoast SEO plugin. -->","yoast_head_json":{"title":"V\u00e5r valsedel i valet 2022 - Kristdemokraterna i Timr\u00e5","robots":{"index":"index","follow":"follow","max-snippet":"max-snippet:-1","max-image-preview":"max-image-preview:large","max-video-preview":"max-video-preview:-1"},"canonical":"https:\/\/wp.kristdemokraterna.se\/timra\/var-valsedel-i-valet-2022\/","og_locale":"sv_SE","og_type":"article","og_title":"V\u00e5r valsedel i valet 2022 - Kristdemokraterna i Timr\u00e5","og_description":"15 namn blev det p\u00e5 Kristdemokraternas lista i valet till kommunfullm\u00e4ktige i Timr\u00e5 2022. J\u00e4mf\u00f6rt med andra partier s\u00e5 \u00e4r n\u00e5got f\u00e4rre namn \u00e4n vad Timr\u00e5partiet och Liberalerna har p\u00e5 sin lista i \u00e5r, men \u00e5 andra sidan betydligt fler \u00e4n vad Moderaterna och Sverigedemokraterna fick ihop och faktiskt mer \u00e4n dubbelt s\u00e5 m\u00e5nga som L\u00e4s mer","og_url":"https:\/\/wp.kristdemokraterna.se\/timra\/var-valsedel-i-valet-2022\/","og_site_name":"Kristdemokraterna i Timr\u00e5","article_modified_time":"2022-09-05T09:07:39+00:00","twitter_card":"summary_large_image","twitter_misc":{"Ber\u00e4knad l\u00e4stid":"1 minut"},"schema":{"@context":"https:\/\/schema.org","@graph":[{"@type":"WebPage","@id":"https:\/\/wp.kristdemokraterna.se\/timra\/var-valsedel-i-valet-2022\/","url":"https:\/\/wp.kristdemokraterna.se\/timra\/var-valsedel-i-valet-2022\/","name":"V\u00e5r valsedel i valet 2022 - Kristdemokraterna i Timr\u00e5","isPartOf":{"@id":"https:\/\/wp.kristdemokraterna.se\/timra\/#website"},"datePublished":"2022-09-05T09:00:08+00:00","dateModified":"2022-09-05T09:07:39+00:00","breadcrumb":{"@id":"https:\/\/wp.kristdemokraterna.se\/timra\/var-valsedel-i-valet-2022\/#breadcrumb"},"inLanguage":"sv-SE","potentialAction":[{"@type":"ReadAction","target":["https:\/\/wp.kristdemokraterna.se\/timra\/var-valsedel-i-valet-2022\/"]}]},{"@type":"BreadcrumbList","@id":"https:\/\/wp.kristdemokraterna.se\/timra\/var-valsedel-i-valet-2022\/#breadcrumb","itemListElement":[{"@type":"ListItem","position":1,"name":"Hem","item":"https:\/\/wp.kristdemokraterna.se\/timra\/"},{"@type":"ListItem","position":2,"name":"V\u00e5r valsedel i valet 2022"}]},{"@type":"WebSite","@id":"https:\/\/wp.kristdemokraterna.se\/timra\/#website","url":"https:\/\/wp.kristdemokraterna.se\/timra\/","name":"Kristdemokraterna i Timr\u00e5","description":"Vill du ocks\u00e5 ha maktskifte?","inLanguage":"sv-SE"}]}},"_links":{"self":[{"href":"https:\/\/wp.kristdemokraterna.se\/timra\/wp-json\/wp\/v2\/pages\/783","targetHints":{"allow":["GET"]}}],"collection":[{"href":"https:\/\/wp.kristdemokraterna.se\/timra\/wp-json\/wp\/v2\/pages"}],"about":[{"href":"https:\/\/wp.kristdemokraterna.se\/timra\/wp-json\/wp\/v2\/types\/page"}],"author":[{"embeddable":true,"href":"https:\/\/wp.kristdemokraterna.se\/timra\/wp-json\/wp\/v2\/users\/787"}],"replies":[{"embeddable":true,"href":"https:\/\/wp.kristdemokraterna.se\/timra\/wp-json\/wp\/v2\/comments?post=783"}],"version-history":[{"count":2,"href":"https:\/\/wp.kristdemokraterna.se\/timra\/wp-json\/wp\/v2\/pages\/783\/revisions"}],"predecessor-version":[{"id":792,"href":"https:\/\/wp.kristdemokraterna.se\/timra\/wp-json\/wp\/v2\/pages\/783\/revisions\/792"}],"wp:attachment":[{"href":"https:\/\/wp.kristdemokraterna.se\/timra\/wp-json\/wp\/v2\/media?parent=783"}],"curies":[{"name":"wp","href":"https:\/\/api.w.org\/{rel}","templated":true}]}}