{"id":340,"date":"2017-04-16T17:16:58","date_gmt":"2017-04-16T15:16:58","guid":{"rendered":"http:\/\/wp.kristdemokraterna.se\/tingsryd\/?page_id=340"},"modified":"2024-09-18T07:02:15","modified_gmt":"2024-09-18T05:02:15","slug":"kontakt","status":"publish","type":"page","link":"https:\/\/wp.kristdemokraterna.se\/tingsryd\/kontakt\/","title":{"rendered":"Kontakt"},"content":{"rendered":"<p><strong>\u00c4r du intresserad att bli medlem eller har du fr\u00e5gor om v\u00e5r politik? Kontakta oss!<\/strong><\/p>\n<p><a href=\"http:\/\/wp.kristdemokraterna.se\/tingsryd\/files\/2022\/06\/birgitta-arvidsson.jpg\"><img loading=\"lazy\" decoding=\"async\" class=\"wp-image-555 size-medium alignnone\" src=\"http:\/\/wp.kristdemokraterna.se\/tingsryd\/files\/2022\/06\/birgitta-arvidsson-225x300.jpg\" alt=\"\" width=\"225\" height=\"300\" srcset=\"https:\/\/wp.kristdemokraterna.se\/tingsryd\/files\/2022\/06\/birgitta-arvidsson-225x300.jpg 225w, https:\/\/wp.kristdemokraterna.se\/tingsryd\/files\/2022\/06\/birgitta-arvidsson-768x1024.jpg 768w, https:\/\/wp.kristdemokraterna.se\/tingsryd\/files\/2022\/06\/birgitta-arvidsson-1152x1536.jpg 1152w, https:\/\/wp.kristdemokraterna.se\/tingsryd\/files\/2022\/06\/birgitta-arvidsson-1536x2048.jpg 1536w, https:\/\/wp.kristdemokraterna.se\/tingsryd\/files\/2022\/06\/birgitta-arvidsson-150x200.jpg 150w, https:\/\/wp.kristdemokraterna.se\/tingsryd\/files\/2022\/06\/birgitta-arvidsson-370x493.jpg 370w, https:\/\/wp.kristdemokraterna.se\/tingsryd\/files\/2022\/06\/birgitta-arvidsson-770x1026.jpg 770w, https:\/\/wp.kristdemokraterna.se\/tingsryd\/files\/2022\/06\/birgitta-arvidsson-450x600.jpg 450w, https:\/\/wp.kristdemokraterna.se\/tingsryd\/files\/2022\/06\/birgitta-arvidsson-280x373.jpg 280w, https:\/\/wp.kristdemokraterna.se\/tingsryd\/files\/2022\/06\/birgitta-arvidsson-340x453.jpg 340w, https:\/\/wp.kristdemokraterna.se\/tingsryd\/files\/2022\/06\/birgitta-arvidsson-42x56.jpg 42w, https:\/\/wp.kristdemokraterna.se\/tingsryd\/files\/2022\/06\/birgitta-arvidsson.jpg 1772w\" sizes=\"auto, (max-width: 225px) 100vw, 225px\" \/><\/a><\/p>\n<p><em>Birgitta Arvidsson &#8211; Ordf\u00f6rande<\/em><\/p>\n<p><a href=\"mailto:birgitta.arvidsson@tingsryd.se\">birgitta.arvidsson@tingsryd.se<\/a><\/p>\n<p>Mobil: 076-021 09 75<\/p>\n<p>&nbsp;<\/p>\n<p>&nbsp;<\/p>\n<p><em>Fredrik Heinwall &#8211; Vice ordf\u00f6rande<\/em><\/p>\n<p><a href=\"mailto:Fredrik.Heinvall@tingsryd.se\">fredrik.heinvall@tingsryd.se<\/a><\/p>\n<p>Mobil: 070-885 17 05<\/p>\n","protected":false},"excerpt":{"rendered":"<p>\u00c4r du intresserad att bli medlem eller har du fr\u00e5gor om v\u00e5r politik? Kontakta oss! Birgitta Arvidsson &#8211; Ordf\u00f6rande birgitta.arvidsson@tingsryd.se Mobil: 076-021 09 75 &nbsp; &nbsp; Fredrik Heinwall &#8211; Vice ordf\u00f6rande fredrik.heinvall@tingsryd.se Mobil: 070-885 17 05<\/p>\n","protected":false},"author":631,"featured_media":0,"parent":0,"menu_order":0,"comment_status":"closed","ping_status":"closed","template":"","meta":{"_acf_changed":false,"footnotes":""},"class_list":["post-340","page","type-page","status-publish","hentry"],"acf":[],"yoast_head":"<!-- This site is optimized with the Yoast SEO plugin v27.4 - https:\/\/yoast.com\/product\/yoast-seo-wordpress\/ -->\n<title>Kontakt - Kristdemokraterna i Tingsryd<\/title>\n<meta name=\"robots\" content=\"index, follow, max-snippet:-1, max-image-preview:large, max-video-preview:-1\" \/>\n<link rel=\"canonical\" href=\"https:\/\/wp.kristdemokraterna.se\/tingsryd\/kontakt\/\" \/>\n<meta property=\"og:locale\" content=\"sv_SE\" \/>\n<meta property=\"og:type\" content=\"article\" \/>\n<meta property=\"og:title\" content=\"Kontakt - Kristdemokraterna i Tingsryd\" \/>\n<meta property=\"og:description\" content=\"\u00c4r du intresserad att bli medlem eller har du fr\u00e5gor om v\u00e5r politik? Kontakta oss! Birgitta Arvidsson &#8211; Ordf\u00f6rande birgitta.arvidsson@tingsryd.se Mobil: 076-021 09 75 &nbsp; &nbsp; Fredrik Heinwall &#8211; Vice ordf\u00f6rande fredrik.heinvall@tingsryd.se Mobil: 070-885 17 05\" \/>\n<meta property=\"og:url\" content=\"https:\/\/wp.kristdemokraterna.se\/tingsryd\/kontakt\/\" \/>\n<meta property=\"og:site_name\" content=\"Kristdemokraterna i Tingsryd\" \/>\n<meta property=\"article:modified_time\" content=\"2024-09-18T05:02:15+00:00\" \/>\n<meta property=\"og:image\" content=\"http:\/\/wp.kristdemokraterna.se\/tingsryd\/files\/2022\/06\/birgitta-arvidsson-225x300.jpg\" \/>\n<meta name=\"twitter:card\" content=\"summary_large_image\" \/>\n<meta name=\"twitter:label1\" content=\"Ber\u00e4knad l\u00e4stid\" \/>\n\t<meta name=\"twitter:data1\" content=\"1 minut\" \/>\n<script type=\"application\/ld+json\" class=\"yoast-schema-graph\">{\"@context\":\"https:\\\/\\\/schema.org\",\"@graph\":[{\"@type\":\"WebPage\",\"@id\":\"https:\\\/\\\/wp.kristdemokraterna.se\\\/tingsryd\\\/kontakt\\\/\",\"url\":\"https:\\\/\\\/wp.kristdemokraterna.se\\\/tingsryd\\\/kontakt\\\/\",\"name\":\"Kontakt - Kristdemokraterna i Tingsryd\",\"isPartOf\":{\"@id\":\"https:\\\/\\\/wp.kristdemokraterna.se\\\/tingsryd\\\/#website\"},\"primaryImageOfPage\":{\"@id\":\"https:\\\/\\\/wp.kristdemokraterna.se\\\/tingsryd\\\/kontakt\\\/#primaryimage\"},\"image\":{\"@id\":\"https:\\\/\\\/wp.kristdemokraterna.se\\\/tingsryd\\\/kontakt\\\/#primaryimage\"},\"thumbnailUrl\":\"http:\\\/\\\/wp.kristdemokraterna.se\\\/tingsryd\\\/files\\\/2022\\\/06\\\/birgitta-arvidsson-225x300.jpg\",\"datePublished\":\"2017-04-16T15:16:58+00:00\",\"dateModified\":\"2024-09-18T05:02:15+00:00\",\"breadcrumb\":{\"@id\":\"https:\\\/\\\/wp.kristdemokraterna.se\\\/tingsryd\\\/kontakt\\\/#breadcrumb\"},\"inLanguage\":\"sv-SE\",\"potentialAction\":[{\"@type\":\"ReadAction\",\"target\":[\"https:\\\/\\\/wp.kristdemokraterna.se\\\/tingsryd\\\/kontakt\\\/\"]}]},{\"@type\":\"ImageObject\",\"inLanguage\":\"sv-SE\",\"@id\":\"https:\\\/\\\/wp.kristdemokraterna.se\\\/tingsryd\\\/kontakt\\\/#primaryimage\",\"url\":\"http:\\\/\\\/wp.kristdemokraterna.se\\\/tingsryd\\\/files\\\/2022\\\/06\\\/birgitta-arvidsson-225x300.jpg\",\"contentUrl\":\"http:\\\/\\\/wp.kristdemokraterna.se\\\/tingsryd\\\/files\\\/2022\\\/06\\\/birgitta-arvidsson-225x300.jpg\"},{\"@type\":\"BreadcrumbList\",\"@id\":\"https:\\\/\\\/wp.kristdemokraterna.se\\\/tingsryd\\\/kontakt\\\/#breadcrumb\",\"itemListElement\":[{\"@type\":\"ListItem\",\"position\":1,\"name\":\"Hem\",\"item\":\"https:\\\/\\\/wp.kristdemokraterna.se\\\/tingsryd\\\/\"},{\"@type\":\"ListItem\",\"position\":2,\"name\":\"Kontakt\"}]},{\"@type\":\"WebSite\",\"@id\":\"https:\\\/\\\/wp.kristdemokraterna.se\\\/tingsryd\\\/#website\",\"url\":\"https:\\\/\\\/wp.kristdemokraterna.se\\\/tingsryd\\\/\",\"name\":\"Kristdemokraterna i Tingsryd\",\"description\":\"\",\"inLanguage\":\"sv-SE\"}]}<\/script>\n<!-- \/ Yoast SEO plugin. -->","yoast_head_json":{"title":"Kontakt - Kristdemokraterna i Tingsryd","robots":{"index":"index","follow":"follow","max-snippet":"max-snippet:-1","max-image-preview":"max-image-preview:large","max-video-preview":"max-video-preview:-1"},"canonical":"https:\/\/wp.kristdemokraterna.se\/tingsryd\/kontakt\/","og_locale":"sv_SE","og_type":"article","og_title":"Kontakt - Kristdemokraterna i Tingsryd","og_description":"\u00c4r du intresserad att bli medlem eller har du fr\u00e5gor om v\u00e5r politik? Kontakta oss! Birgitta Arvidsson &#8211; Ordf\u00f6rande birgitta.arvidsson@tingsryd.se Mobil: 076-021 09 75 &nbsp; &nbsp; Fredrik Heinwall &#8211; Vice ordf\u00f6rande fredrik.heinvall@tingsryd.se Mobil: 070-885 17 05","og_url":"https:\/\/wp.kristdemokraterna.se\/tingsryd\/kontakt\/","og_site_name":"Kristdemokraterna i Tingsryd","article_modified_time":"2024-09-18T05:02:15+00:00","og_image":[{"url":"http:\/\/wp.kristdemokraterna.se\/tingsryd\/files\/2022\/06\/birgitta-arvidsson-225x300.jpg","type":"","width":"","height":""}],"twitter_card":"summary_large_image","twitter_misc":{"Ber\u00e4knad l\u00e4stid":"1 minut"},"schema":{"@context":"https:\/\/schema.org","@graph":[{"@type":"WebPage","@id":"https:\/\/wp.kristdemokraterna.se\/tingsryd\/kontakt\/","url":"https:\/\/wp.kristdemokraterna.se\/tingsryd\/kontakt\/","name":"Kontakt - Kristdemokraterna i Tingsryd","isPartOf":{"@id":"https:\/\/wp.kristdemokraterna.se\/tingsryd\/#website"},"primaryImageOfPage":{"@id":"https:\/\/wp.kristdemokraterna.se\/tingsryd\/kontakt\/#primaryimage"},"image":{"@id":"https:\/\/wp.kristdemokraterna.se\/tingsryd\/kontakt\/#primaryimage"},"thumbnailUrl":"http:\/\/wp.kristdemokraterna.se\/tingsryd\/files\/2022\/06\/birgitta-arvidsson-225x300.jpg","datePublished":"2017-04-16T15:16:58+00:00","dateModified":"2024-09-18T05:02:15+00:00","breadcrumb":{"@id":"https:\/\/wp.kristdemokraterna.se\/tingsryd\/kontakt\/#breadcrumb"},"inLanguage":"sv-SE","potentialAction":[{"@type":"ReadAction","target":["https:\/\/wp.kristdemokraterna.se\/tingsryd\/kontakt\/"]}]},{"@type":"ImageObject","inLanguage":"sv-SE","@id":"https:\/\/wp.kristdemokraterna.se\/tingsryd\/kontakt\/#primaryimage","url":"http:\/\/wp.kristdemokraterna.se\/tingsryd\/files\/2022\/06\/birgitta-arvidsson-225x300.jpg","contentUrl":"http:\/\/wp.kristdemokraterna.se\/tingsryd\/files\/2022\/06\/birgitta-arvidsson-225x300.jpg"},{"@type":"BreadcrumbList","@id":"https:\/\/wp.kristdemokraterna.se\/tingsryd\/kontakt\/#breadcrumb","itemListElement":[{"@type":"ListItem","position":1,"name":"Hem","item":"https:\/\/wp.kristdemokraterna.se\/tingsryd\/"},{"@type":"ListItem","position":2,"name":"Kontakt"}]},{"@type":"WebSite","@id":"https:\/\/wp.kristdemokraterna.se\/tingsryd\/#website","url":"https:\/\/wp.kristdemokraterna.se\/tingsryd\/","name":"Kristdemokraterna i Tingsryd","description":"","inLanguage":"sv-SE"}]}},"_links":{"self":[{"href":"https:\/\/wp.kristdemokraterna.se\/tingsryd\/wp-json\/wp\/v2\/pages\/340","targetHints":{"allow":["GET"]}}],"collection":[{"href":"https:\/\/wp.kristdemokraterna.se\/tingsryd\/wp-json\/wp\/v2\/pages"}],"about":[{"href":"https:\/\/wp.kristdemokraterna.se\/tingsryd\/wp-json\/wp\/v2\/types\/page"}],"author":[{"embeddable":true,"href":"https:\/\/wp.kristdemokraterna.se\/tingsryd\/wp-json\/wp\/v2\/users\/631"}],"replies":[{"embeddable":true,"href":"https:\/\/wp.kristdemokraterna.se\/tingsryd\/wp-json\/wp\/v2\/comments?post=340"}],"version-history":[{"count":14,"href":"https:\/\/wp.kristdemokraterna.se\/tingsryd\/wp-json\/wp\/v2\/pages\/340\/revisions"}],"predecessor-version":[{"id":710,"href":"https:\/\/wp.kristdemokraterna.se\/tingsryd\/wp-json\/wp\/v2\/pages\/340\/revisions\/710"}],"wp:attachment":[{"href":"https:\/\/wp.kristdemokraterna.se\/tingsryd\/wp-json\/wp\/v2\/media?parent=340"}],"curies":[{"name":"wp","href":"https:\/\/api.w.org\/{rel}","templated":true}]}}