{"id":437,"date":"2018-05-26T12:03:32","date_gmt":"2018-05-26T10:03:32","guid":{"rendered":"http:\/\/wp.kristdemokraterna.se\/tingsryd\/?page_id=437"},"modified":"2022-08-23T21:14:00","modified_gmt":"2022-08-23T19:14:00","slug":"toppkandidater-2022","status":"publish","type":"page","link":"https:\/\/wp.kristdemokraterna.se\/tingsryd\/toppkandidater-2022\/","title":{"rendered":"TOPPKANDIDATER 2022"},"content":{"rendered":"<div id=\"attachment_555\" style=\"width: 235px\" class=\"wp-caption alignnone\"><a href=\"http:\/\/wp.kristdemokraterna.se\/tingsryd\/files\/2022\/06\/birgitta-arvidsson.jpg\"><img loading=\"lazy\" decoding=\"async\" aria-describedby=\"caption-attachment-555\" class=\"wp-image-555 size-medium\" src=\"http:\/\/wp.kristdemokraterna.se\/tingsryd\/files\/2022\/06\/birgitta-arvidsson-225x300.jpg\" alt=\"\" width=\"225\" height=\"300\" srcset=\"https:\/\/wp.kristdemokraterna.se\/tingsryd\/files\/2022\/06\/birgitta-arvidsson-225x300.jpg 225w, https:\/\/wp.kristdemokraterna.se\/tingsryd\/files\/2022\/06\/birgitta-arvidsson-768x1024.jpg 768w, https:\/\/wp.kristdemokraterna.se\/tingsryd\/files\/2022\/06\/birgitta-arvidsson-1152x1536.jpg 1152w, https:\/\/wp.kristdemokraterna.se\/tingsryd\/files\/2022\/06\/birgitta-arvidsson-1536x2048.jpg 1536w, https:\/\/wp.kristdemokraterna.se\/tingsryd\/files\/2022\/06\/birgitta-arvidsson-150x200.jpg 150w, https:\/\/wp.kristdemokraterna.se\/tingsryd\/files\/2022\/06\/birgitta-arvidsson-370x493.jpg 370w, https:\/\/wp.kristdemokraterna.se\/tingsryd\/files\/2022\/06\/birgitta-arvidsson-770x1026.jpg 770w, https:\/\/wp.kristdemokraterna.se\/tingsryd\/files\/2022\/06\/birgitta-arvidsson-450x600.jpg 450w, https:\/\/wp.kristdemokraterna.se\/tingsryd\/files\/2022\/06\/birgitta-arvidsson-280x373.jpg 280w, https:\/\/wp.kristdemokraterna.se\/tingsryd\/files\/2022\/06\/birgitta-arvidsson-340x453.jpg 340w, https:\/\/wp.kristdemokraterna.se\/tingsryd\/files\/2022\/06\/birgitta-arvidsson-42x56.jpg 42w, https:\/\/wp.kristdemokraterna.se\/tingsryd\/files\/2022\/06\/birgitta-arvidsson.jpg 1772w\" sizes=\"auto, (max-width: 225px) 100vw, 225px\" \/><\/a><p id=\"caption-attachment-555\" class=\"wp-caption-text\">Birgitta Arvidsson, 1:a plats p\u00e5 kommunlistan<\/p><\/div>\n<p>\u201dJag heter Birgitta Arvidsson och \u00e4r ganska ny som politiker inom Kristdemokraterna. Jag har<br \/>\narbetat som sjukgymnast i hela mitt liv och arbetar fortfarande p\u00e5 v\u00e5rdcentralen i Tingsryd.<br \/>\nJag har ocks\u00e5 varit mycket aktiv inom svenska kyrkan under m\u00e5nga \u00e5r.<br \/>\nJag tycker att Kristdemokraterna lyfter m\u00e5nga angel\u00e4gna fr\u00e5gor i v\u00e5r kommun men vill<br \/>\ns\u00e4rskilt po\u00e4ngtera v\u00e5ra \u00e4ldrefr\u00e5gor. Vi vill forts\u00e4tta att h\u00f6ja kvaliteten p\u00e5 \u00e4ldreomsorgen. Alla<br \/>\nska m\u00f6tas med stor respekt och h\u00e4nsyn. Kommunen ska kunna erbjuda bra boende samt<br \/>\ntrevlig och stimulerande social samvaro f\u00f6r alla. Det ska vara l\u00e4tt att bli gammal i Tingsryd.<br \/>\nEftersom jag arbetar med h\u00e4lsa och fysisk aktivitet vet jag att h\u00e4lsofr\u00e4mjande strategier f\u00f6r<br \/>\n\u00e4ldre har en avg\u00f6rande betydelse f\u00f6r att uppr\u00e4tth\u00e5lla och \u00f6ka funktionsf\u00f6rm\u00e5gan, bibeh\u00e5lla<br \/>\neller f\u00f6rb\u00e4ttra egenv\u00e5rden samt stimulera sociala n\u00e4tverk. Genom att erbjuda h\u00e4lsofr\u00e4mjande<br \/>\ninsatser till \u00e4ldre kan vi bidra till ett l\u00e4ngre, sj\u00e4lvst\u00e4ndigt liv med god livskvalitet.<br \/>\n\u00c4ldresamtalet kan ge en m\u00f6jlighet f\u00f6r hemsjukv\u00e5rden att uppt\u00e4cka medicinska behov i tid.\u201d<\/p>\n<p>&nbsp;<\/p>\n<div id=\"attachment_558\" style=\"width: 235px\" class=\"wp-caption alignnone\"><a href=\"http:\/\/wp.kristdemokraterna.se\/tingsryd\/files\/2022\/06\/anders-gustafsson.jpg\"><img loading=\"lazy\" decoding=\"async\" aria-describedby=\"caption-attachment-558\" class=\"wp-image-558 size-medium\" style=\"margin-bottom: -1ex\" src=\"http:\/\/wp.kristdemokraterna.se\/tingsryd\/files\/2022\/06\/anders-gustafsson-225x300.jpg\" alt=\"\" width=\"225\" height=\"300\" srcset=\"https:\/\/wp.kristdemokraterna.se\/tingsryd\/files\/2022\/06\/anders-gustafsson-225x300.jpg 225w, https:\/\/wp.kristdemokraterna.se\/tingsryd\/files\/2022\/06\/anders-gustafsson-768x1024.jpg 768w, https:\/\/wp.kristdemokraterna.se\/tingsryd\/files\/2022\/06\/anders-gustafsson-1152x1536.jpg 1152w, https:\/\/wp.kristdemokraterna.se\/tingsryd\/files\/2022\/06\/anders-gustafsson-1536x2048.jpg 1536w, https:\/\/wp.kristdemokraterna.se\/tingsryd\/files\/2022\/06\/anders-gustafsson-150x200.jpg 150w, https:\/\/wp.kristdemokraterna.se\/tingsryd\/files\/2022\/06\/anders-gustafsson-370x493.jpg 370w, https:\/\/wp.kristdemokraterna.se\/tingsryd\/files\/2022\/06\/anders-gustafsson-770x1026.jpg 770w, https:\/\/wp.kristdemokraterna.se\/tingsryd\/files\/2022\/06\/anders-gustafsson-450x600.jpg 450w, https:\/\/wp.kristdemokraterna.se\/tingsryd\/files\/2022\/06\/anders-gustafsson-280x373.jpg 280w, https:\/\/wp.kristdemokraterna.se\/tingsryd\/files\/2022\/06\/anders-gustafsson-340x453.jpg 340w, https:\/\/wp.kristdemokraterna.se\/tingsryd\/files\/2022\/06\/anders-gustafsson-42x56.jpg 42w, https:\/\/wp.kristdemokraterna.se\/tingsryd\/files\/2022\/06\/anders-gustafsson.jpg 1772w\" sizes=\"auto, (max-width: 225px) 100vw, 225px\" \/><\/a><p id=\"caption-attachment-558\" class=\"wp-caption-text\">Anders Gustafsson, 2:a plats p\u00e5 kommunlistan<\/p><\/div>\n<p>\u201dDet \u00e4r viktigt att se Tingsryds kommun som en helhet d\u00e4r n\u00e4ringslivets olika akt\u00f6rer<br \/>\ntillsammans med kommunen skapar tillv\u00e4xt.\u201d<\/p>\n<p>&nbsp;<\/p>\n<div id=\"attachment_554\" style=\"width: 235px\" class=\"wp-caption alignnone\"><a href=\"http:\/\/wp.kristdemokraterna.se\/tingsryd\/files\/2022\/06\/jonce-jan-popovski.jpg\"><img loading=\"lazy\" decoding=\"async\" aria-describedby=\"caption-attachment-554\" class=\"wp-image-554 size-medium\" src=\"http:\/\/wp.kristdemokraterna.se\/tingsryd\/files\/2022\/06\/jonce-jan-popovski-225x300.jpg\" alt=\"\" width=\"225\" height=\"300\" srcset=\"https:\/\/wp.kristdemokraterna.se\/tingsryd\/files\/2022\/06\/jonce-jan-popovski-225x300.jpg 225w, https:\/\/wp.kristdemokraterna.se\/tingsryd\/files\/2022\/06\/jonce-jan-popovski-768x1024.jpg 768w, https:\/\/wp.kristdemokraterna.se\/tingsryd\/files\/2022\/06\/jonce-jan-popovski-1152x1536.jpg 1152w, https:\/\/wp.kristdemokraterna.se\/tingsryd\/files\/2022\/06\/jonce-jan-popovski-1536x2048.jpg 1536w, https:\/\/wp.kristdemokraterna.se\/tingsryd\/files\/2022\/06\/jonce-jan-popovski-150x200.jpg 150w, https:\/\/wp.kristdemokraterna.se\/tingsryd\/files\/2022\/06\/jonce-jan-popovski-370x493.jpg 370w, https:\/\/wp.kristdemokraterna.se\/tingsryd\/files\/2022\/06\/jonce-jan-popovski-770x1026.jpg 770w, https:\/\/wp.kristdemokraterna.se\/tingsryd\/files\/2022\/06\/jonce-jan-popovski-450x600.jpg 450w, https:\/\/wp.kristdemokraterna.se\/tingsryd\/files\/2022\/06\/jonce-jan-popovski-280x373.jpg 280w, https:\/\/wp.kristdemokraterna.se\/tingsryd\/files\/2022\/06\/jonce-jan-popovski-340x453.jpg 340w, https:\/\/wp.kristdemokraterna.se\/tingsryd\/files\/2022\/06\/jonce-jan-popovski-42x56.jpg 42w, https:\/\/wp.kristdemokraterna.se\/tingsryd\/files\/2022\/06\/jonce-jan-popovski.jpg 1772w\" sizes=\"auto, (max-width: 225px) 100vw, 225px\" \/><\/a><p id=\"caption-attachment-554\" class=\"wp-caption-text\">Jan Popovski, 3:e plats p\u00e5 kommunlistan<\/p><\/div>\n<p>\u201dJag heter Jan Popovski och \u00e4r underh\u00e5llstekniker, egenf\u00f6retagare.<br \/>\nJag vill bidra med att vi f\u00e5r en v\u00e4l fungerande kommun d\u00e4r unga k\u00e4nner att det \u00e4r stimulerande att verka och utvecklas i och att \u00e4ldre k\u00e4nner trygghet och n\u00e4rhet till samh\u00e4llsservice.<br \/>\nD\u00e4rf\u00f6r \u00e4r jag kandidat f\u00f6r Kristdemokraterna!<br \/>\nPartiet str\u00e4var efter f\u00f6r att uppfylla det som beh\u00f6vs f\u00f6r ett v\u00e4l fungerande samh\u00e4lle med bra n\u00e4ringsliv, god v\u00e5rd och familjepolitik.\u201d<\/p>\n<p>&nbsp;<\/p>\n<div id=\"attachment_557\" style=\"width: 235px\" class=\"wp-caption alignnone\"><a href=\"http:\/\/wp.kristdemokraterna.se\/tingsryd\/files\/2022\/06\/annika-gustafsson.jpg\"><img loading=\"lazy\" decoding=\"async\" aria-describedby=\"caption-attachment-557\" class=\"wp-image-557 size-medium\" src=\"http:\/\/wp.kristdemokraterna.se\/tingsryd\/files\/2022\/06\/annika-gustafsson-225x300.jpg\" alt=\"\" width=\"225\" height=\"300\" srcset=\"https:\/\/wp.kristdemokraterna.se\/tingsryd\/files\/2022\/06\/annika-gustafsson-225x300.jpg 225w, https:\/\/wp.kristdemokraterna.se\/tingsryd\/files\/2022\/06\/annika-gustafsson-768x1024.jpg 768w, https:\/\/wp.kristdemokraterna.se\/tingsryd\/files\/2022\/06\/annika-gustafsson-1152x1536.jpg 1152w, https:\/\/wp.kristdemokraterna.se\/tingsryd\/files\/2022\/06\/annika-gustafsson-1536x2048.jpg 1536w, https:\/\/wp.kristdemokraterna.se\/tingsryd\/files\/2022\/06\/annika-gustafsson-150x200.jpg 150w, https:\/\/wp.kristdemokraterna.se\/tingsryd\/files\/2022\/06\/annika-gustafsson-370x493.jpg 370w, https:\/\/wp.kristdemokraterna.se\/tingsryd\/files\/2022\/06\/annika-gustafsson-770x1026.jpg 770w, https:\/\/wp.kristdemokraterna.se\/tingsryd\/files\/2022\/06\/annika-gustafsson-450x600.jpg 450w, https:\/\/wp.kristdemokraterna.se\/tingsryd\/files\/2022\/06\/annika-gustafsson-280x373.jpg 280w, https:\/\/wp.kristdemokraterna.se\/tingsryd\/files\/2022\/06\/annika-gustafsson-340x453.jpg 340w, https:\/\/wp.kristdemokraterna.se\/tingsryd\/files\/2022\/06\/annika-gustafsson-42x56.jpg 42w, https:\/\/wp.kristdemokraterna.se\/tingsryd\/files\/2022\/06\/annika-gustafsson.jpg 1772w\" sizes=\"auto, (max-width: 225px) 100vw, 225px\" \/><\/a><p id=\"caption-attachment-557\" class=\"wp-caption-text\">Annika Gustafsson, 4:e plats p\u00e5 kommunlistan<\/p><\/div>\n<p>&nbsp;<\/p>\n<div id=\"attachment_556\" style=\"width: 235px\" class=\"wp-caption alignnone\"><a href=\"http:\/\/wp.kristdemokraterna.se\/tingsryd\/files\/2022\/06\/tommy-fransson.jpg\"><img loading=\"lazy\" decoding=\"async\" aria-describedby=\"caption-attachment-556\" class=\"wp-image-556 size-medium\" src=\"http:\/\/wp.kristdemokraterna.se\/tingsryd\/files\/2022\/06\/tommy-fransson-225x300.jpg\" alt=\"\" width=\"225\" height=\"300\" srcset=\"https:\/\/wp.kristdemokraterna.se\/tingsryd\/files\/2022\/06\/tommy-fransson-225x300.jpg 225w, https:\/\/wp.kristdemokraterna.se\/tingsryd\/files\/2022\/06\/tommy-fransson-768x1024.jpg 768w, https:\/\/wp.kristdemokraterna.se\/tingsryd\/files\/2022\/06\/tommy-fransson-1152x1536.jpg 1152w, https:\/\/wp.kristdemokraterna.se\/tingsryd\/files\/2022\/06\/tommy-fransson-1536x2048.jpg 1536w, https:\/\/wp.kristdemokraterna.se\/tingsryd\/files\/2022\/06\/tommy-fransson-150x200.jpg 150w, https:\/\/wp.kristdemokraterna.se\/tingsryd\/files\/2022\/06\/tommy-fransson-370x493.jpg 370w, https:\/\/wp.kristdemokraterna.se\/tingsryd\/files\/2022\/06\/tommy-fransson-770x1026.jpg 770w, https:\/\/wp.kristdemokraterna.se\/tingsryd\/files\/2022\/06\/tommy-fransson-450x600.jpg 450w, https:\/\/wp.kristdemokraterna.se\/tingsryd\/files\/2022\/06\/tommy-fransson-280x373.jpg 280w, https:\/\/wp.kristdemokraterna.se\/tingsryd\/files\/2022\/06\/tommy-fransson-340x453.jpg 340w, https:\/\/wp.kristdemokraterna.se\/tingsryd\/files\/2022\/06\/tommy-fransson-42x56.jpg 42w, https:\/\/wp.kristdemokraterna.se\/tingsryd\/files\/2022\/06\/tommy-fransson.jpg 1772w\" sizes=\"auto, (max-width: 225px) 100vw, 225px\" \/><\/a><p id=\"caption-attachment-556\" class=\"wp-caption-text\">Tommy Fransson, 5:e plats p\u00e5 kommunlistan<\/p><\/div>\n<p>\u201dPolitik \u00e4r ett lagarbete, frihet under ansvar dvs valfrihet och respekt f\u00f6r varandra.<br \/>\nEn levande landsbygd \u00e4r viktigt f\u00f6r mig, man ska kunna bo i hela kommunen.<br \/>\nDet ska vara attraktivt att bos\u00e4tta sig p\u00e5 landsbygden. Vi m\u00e5ste underl\u00e4tta att bygga sj\u00f6n\u00e4ra.<br \/>\nEn fungerande skola \u00e4r en f\u00f6ruts\u00e4ttning f\u00f6r framtida tillv\u00e4xt.<br \/>\nSocial trygghet f\u00f6r alla \u00e4r n\u00e5got jag tycker \u00e4r viktigt.<br \/>\nM\u00f6jligheten till trygghetsboende och seniorboende.<br \/>\nMan ska visa respekt f\u00f6r de f\u00f6retag vi har i kommunen och ge ett bra bem\u00f6tande och vara behj\u00e4lpliga i den m\u00e5n man kan.\u201d<\/p>\n","protected":false},"excerpt":{"rendered":"<p>\u201dJag heter Birgitta Arvidsson och \u00e4r ganska ny som politiker inom Kristdemokraterna. Jag har arbetat som sjukgymnast i hela mitt liv och arbetar fortfarande p\u00e5 v\u00e5rdcentralen i Tingsryd. Jag har ocks\u00e5 varit mycket aktiv inom svenska kyrkan under m\u00e5nga \u00e5r. Jag tycker att Kristdemokraterna lyfter m\u00e5nga angel\u00e4gna fr\u00e5gor i v\u00e5r kommun men vill s\u00e4rskilt po\u00e4ngtera <a class=\"read-more-link\" href=\"https:\/\/wp.kristdemokraterna.se\/tingsryd\/toppkandidater-2022\/\">Read More<\/a><\/p>\n","protected":false},"author":631,"featured_media":0,"parent":0,"menu_order":0,"comment_status":"closed","ping_status":"closed","template":"","meta":{"_acf_changed":false,"footnotes":""},"class_list":["post-437","page","type-page","status-publish","hentry"],"acf":[],"yoast_head":"<!-- This site is optimized with the Yoast SEO plugin v27.4 - https:\/\/yoast.com\/product\/yoast-seo-wordpress\/ -->\n<title>TOPPKANDIDATER 2022 - Kristdemokraterna i Tingsryd<\/title>\n<meta name=\"robots\" content=\"index, follow, max-snippet:-1, max-image-preview:large, max-video-preview:-1\" \/>\n<link rel=\"canonical\" href=\"https:\/\/wp.kristdemokraterna.se\/tingsryd\/toppkandidater-2022\/\" \/>\n<meta property=\"og:locale\" content=\"sv_SE\" \/>\n<meta property=\"og:type\" content=\"article\" \/>\n<meta property=\"og:title\" content=\"TOPPKANDIDATER 2022 - Kristdemokraterna i Tingsryd\" \/>\n<meta property=\"og:description\" content=\"\u201dJag heter Birgitta Arvidsson och \u00e4r ganska ny som politiker inom Kristdemokraterna. Jag har arbetat som sjukgymnast i hela mitt liv och arbetar fortfarande p\u00e5 v\u00e5rdcentralen i Tingsryd. Jag har ocks\u00e5 varit mycket aktiv inom svenska kyrkan under m\u00e5nga \u00e5r. Jag tycker att Kristdemokraterna lyfter m\u00e5nga angel\u00e4gna fr\u00e5gor i v\u00e5r kommun men vill s\u00e4rskilt po\u00e4ngtera Read More\" \/>\n<meta property=\"og:url\" content=\"https:\/\/wp.kristdemokraterna.se\/tingsryd\/toppkandidater-2022\/\" \/>\n<meta property=\"og:site_name\" content=\"Kristdemokraterna i Tingsryd\" \/>\n<meta property=\"article:modified_time\" content=\"2022-08-23T19:14:00+00:00\" \/>\n<meta property=\"og:image\" content=\"http:\/\/wp.kristdemokraterna.se\/tingsryd\/files\/2022\/06\/birgitta-arvidsson-225x300.jpg\" \/>\n<meta name=\"twitter:card\" content=\"summary_large_image\" \/>\n<meta name=\"twitter:label1\" content=\"Ber\u00e4knad l\u00e4stid\" \/>\n\t<meta name=\"twitter:data1\" content=\"3 minuter\" \/>\n<script type=\"application\/ld+json\" class=\"yoast-schema-graph\">{\"@context\":\"https:\\\/\\\/schema.org\",\"@graph\":[{\"@type\":\"WebPage\",\"@id\":\"https:\\\/\\\/wp.kristdemokraterna.se\\\/tingsryd\\\/toppkandidater-2022\\\/\",\"url\":\"https:\\\/\\\/wp.kristdemokraterna.se\\\/tingsryd\\\/toppkandidater-2022\\\/\",\"name\":\"TOPPKANDIDATER 2022 - Kristdemokraterna i Tingsryd\",\"isPartOf\":{\"@id\":\"https:\\\/\\\/wp.kristdemokraterna.se\\\/tingsryd\\\/#website\"},\"primaryImageOfPage\":{\"@id\":\"https:\\\/\\\/wp.kristdemokraterna.se\\\/tingsryd\\\/toppkandidater-2022\\\/#primaryimage\"},\"image\":{\"@id\":\"https:\\\/\\\/wp.kristdemokraterna.se\\\/tingsryd\\\/toppkandidater-2022\\\/#primaryimage\"},\"thumbnailUrl\":\"http:\\\/\\\/wp.kristdemokraterna.se\\\/tingsryd\\\/files\\\/2022\\\/06\\\/birgitta-arvidsson-225x300.jpg\",\"datePublished\":\"2018-05-26T10:03:32+00:00\",\"dateModified\":\"2022-08-23T19:14:00+00:00\",\"breadcrumb\":{\"@id\":\"https:\\\/\\\/wp.kristdemokraterna.se\\\/tingsryd\\\/toppkandidater-2022\\\/#breadcrumb\"},\"inLanguage\":\"sv-SE\",\"potentialAction\":[{\"@type\":\"ReadAction\",\"target\":[\"https:\\\/\\\/wp.kristdemokraterna.se\\\/tingsryd\\\/toppkandidater-2022\\\/\"]}]},{\"@type\":\"ImageObject\",\"inLanguage\":\"sv-SE\",\"@id\":\"https:\\\/\\\/wp.kristdemokraterna.se\\\/tingsryd\\\/toppkandidater-2022\\\/#primaryimage\",\"url\":\"http:\\\/\\\/wp.kristdemokraterna.se\\\/tingsryd\\\/files\\\/2022\\\/06\\\/birgitta-arvidsson-225x300.jpg\",\"contentUrl\":\"http:\\\/\\\/wp.kristdemokraterna.se\\\/tingsryd\\\/files\\\/2022\\\/06\\\/birgitta-arvidsson-225x300.jpg\"},{\"@type\":\"BreadcrumbList\",\"@id\":\"https:\\\/\\\/wp.kristdemokraterna.se\\\/tingsryd\\\/toppkandidater-2022\\\/#breadcrumb\",\"itemListElement\":[{\"@type\":\"ListItem\",\"position\":1,\"name\":\"Hem\",\"item\":\"https:\\\/\\\/wp.kristdemokraterna.se\\\/tingsryd\\\/\"},{\"@type\":\"ListItem\",\"position\":2,\"name\":\"TOPPKANDIDATER 2022\"}]},{\"@type\":\"WebSite\",\"@id\":\"https:\\\/\\\/wp.kristdemokraterna.se\\\/tingsryd\\\/#website\",\"url\":\"https:\\\/\\\/wp.kristdemokraterna.se\\\/tingsryd\\\/\",\"name\":\"Kristdemokraterna i Tingsryd\",\"description\":\"\",\"inLanguage\":\"sv-SE\"}]}<\/script>\n<!-- \/ Yoast SEO plugin. -->","yoast_head_json":{"title":"TOPPKANDIDATER 2022 - Kristdemokraterna i Tingsryd","robots":{"index":"index","follow":"follow","max-snippet":"max-snippet:-1","max-image-preview":"max-image-preview:large","max-video-preview":"max-video-preview:-1"},"canonical":"https:\/\/wp.kristdemokraterna.se\/tingsryd\/toppkandidater-2022\/","og_locale":"sv_SE","og_type":"article","og_title":"TOPPKANDIDATER 2022 - Kristdemokraterna i Tingsryd","og_description":"\u201dJag heter Birgitta Arvidsson och \u00e4r ganska ny som politiker inom Kristdemokraterna. Jag har arbetat som sjukgymnast i hela mitt liv och arbetar fortfarande p\u00e5 v\u00e5rdcentralen i Tingsryd. Jag har ocks\u00e5 varit mycket aktiv inom svenska kyrkan under m\u00e5nga \u00e5r. Jag tycker att Kristdemokraterna lyfter m\u00e5nga angel\u00e4gna fr\u00e5gor i v\u00e5r kommun men vill s\u00e4rskilt po\u00e4ngtera Read More","og_url":"https:\/\/wp.kristdemokraterna.se\/tingsryd\/toppkandidater-2022\/","og_site_name":"Kristdemokraterna i Tingsryd","article_modified_time":"2022-08-23T19:14:00+00:00","og_image":[{"url":"http:\/\/wp.kristdemokraterna.se\/tingsryd\/files\/2022\/06\/birgitta-arvidsson-225x300.jpg","type":"","width":"","height":""}],"twitter_card":"summary_large_image","twitter_misc":{"Ber\u00e4knad l\u00e4stid":"3 minuter"},"schema":{"@context":"https:\/\/schema.org","@graph":[{"@type":"WebPage","@id":"https:\/\/wp.kristdemokraterna.se\/tingsryd\/toppkandidater-2022\/","url":"https:\/\/wp.kristdemokraterna.se\/tingsryd\/toppkandidater-2022\/","name":"TOPPKANDIDATER 2022 - Kristdemokraterna i Tingsryd","isPartOf":{"@id":"https:\/\/wp.kristdemokraterna.se\/tingsryd\/#website"},"primaryImageOfPage":{"@id":"https:\/\/wp.kristdemokraterna.se\/tingsryd\/toppkandidater-2022\/#primaryimage"},"image":{"@id":"https:\/\/wp.kristdemokraterna.se\/tingsryd\/toppkandidater-2022\/#primaryimage"},"thumbnailUrl":"http:\/\/wp.kristdemokraterna.se\/tingsryd\/files\/2022\/06\/birgitta-arvidsson-225x300.jpg","datePublished":"2018-05-26T10:03:32+00:00","dateModified":"2022-08-23T19:14:00+00:00","breadcrumb":{"@id":"https:\/\/wp.kristdemokraterna.se\/tingsryd\/toppkandidater-2022\/#breadcrumb"},"inLanguage":"sv-SE","potentialAction":[{"@type":"ReadAction","target":["https:\/\/wp.kristdemokraterna.se\/tingsryd\/toppkandidater-2022\/"]}]},{"@type":"ImageObject","inLanguage":"sv-SE","@id":"https:\/\/wp.kristdemokraterna.se\/tingsryd\/toppkandidater-2022\/#primaryimage","url":"http:\/\/wp.kristdemokraterna.se\/tingsryd\/files\/2022\/06\/birgitta-arvidsson-225x300.jpg","contentUrl":"http:\/\/wp.kristdemokraterna.se\/tingsryd\/files\/2022\/06\/birgitta-arvidsson-225x300.jpg"},{"@type":"BreadcrumbList","@id":"https:\/\/wp.kristdemokraterna.se\/tingsryd\/toppkandidater-2022\/#breadcrumb","itemListElement":[{"@type":"ListItem","position":1,"name":"Hem","item":"https:\/\/wp.kristdemokraterna.se\/tingsryd\/"},{"@type":"ListItem","position":2,"name":"TOPPKANDIDATER 2022"}]},{"@type":"WebSite","@id":"https:\/\/wp.kristdemokraterna.se\/tingsryd\/#website","url":"https:\/\/wp.kristdemokraterna.se\/tingsryd\/","name":"Kristdemokraterna i Tingsryd","description":"","inLanguage":"sv-SE"}]}},"_links":{"self":[{"href":"https:\/\/wp.kristdemokraterna.se\/tingsryd\/wp-json\/wp\/v2\/pages\/437","targetHints":{"allow":["GET"]}}],"collection":[{"href":"https:\/\/wp.kristdemokraterna.se\/tingsryd\/wp-json\/wp\/v2\/pages"}],"about":[{"href":"https:\/\/wp.kristdemokraterna.se\/tingsryd\/wp-json\/wp\/v2\/types\/page"}],"author":[{"embeddable":true,"href":"https:\/\/wp.kristdemokraterna.se\/tingsryd\/wp-json\/wp\/v2\/users\/631"}],"replies":[{"embeddable":true,"href":"https:\/\/wp.kristdemokraterna.se\/tingsryd\/wp-json\/wp\/v2\/comments?post=437"}],"version-history":[{"count":18,"href":"https:\/\/wp.kristdemokraterna.se\/tingsryd\/wp-json\/wp\/v2\/pages\/437\/revisions"}],"predecessor-version":[{"id":610,"href":"https:\/\/wp.kristdemokraterna.se\/tingsryd\/wp-json\/wp\/v2\/pages\/437\/revisions\/610"}],"wp:attachment":[{"href":"https:\/\/wp.kristdemokraterna.se\/tingsryd\/wp-json\/wp\/v2\/media?parent=437"}],"curies":[{"name":"wp","href":"https:\/\/api.w.org\/{rel}","templated":true}]}}