{"id":50,"date":"2014-05-11T14:00:42","date_gmt":"2014-05-11T12:00:42","guid":{"rendered":"http:\/\/wp.kristdemokraterna.se\/tingsryd\/?page_id=50"},"modified":"2014-06-03T21:48:28","modified_gmt":"2014-06-03T19:48:28","slug":"vara-foretradare","status":"publish","type":"page","link":"https:\/\/wp.kristdemokraterna.se\/tingsryd\/vara-foretradare\/","title":{"rendered":"Kommunvalet 2014"},"content":{"rendered":"<p><a href=\"http:\/\/wp.kristdemokraterna.se\/tingsryd\/files\/2014\/05\/gruppbild-kopia.jpg\"><img loading=\"lazy\" decoding=\"async\" class=\"aligncenter wp-image-72 size-large\" src=\"http:\/\/wp.kristdemokraterna.se\/tingsryd\/files\/2014\/05\/gruppbild-kopia-1024x650.jpg\" alt=\"gruppbild---Kopia\" width=\"584\" height=\"370\" srcset=\"https:\/\/wp.kristdemokraterna.se\/tingsryd\/files\/2014\/05\/gruppbild-kopia-1024x650.jpg 1024w, https:\/\/wp.kristdemokraterna.se\/tingsryd\/files\/2014\/05\/gruppbild-kopia-300x190.jpg 300w, https:\/\/wp.kristdemokraterna.se\/tingsryd\/files\/2014\/05\/gruppbild-kopia-544x346.jpg 544w, https:\/\/wp.kristdemokraterna.se\/tingsryd\/files\/2014\/05\/gruppbild-kopia-176x112.jpg 176w\" sizes=\"auto, (max-width: 584px) 100vw, 584px\" \/><\/a><\/p>\n<p><strong>Det h\u00e4r vill Kristdemokraterna arbeta f\u00f6r i Tingsryds kommun<\/strong><\/p>\n<ul>\n<li>Mindre barngrupper i f\u00f6rskola och p\u00e5 fritids<\/li>\n<li>Valfrihet och f\u00f6rb\u00e4ttrad informationen om olika alternativ inom barnomsorgen<\/li>\n<li>Minskad administration f\u00f6r l\u00e4rare och f\u00f6rskoll\u00e4rare s\u00e5 att tiden med barnen kan \u00f6ka<\/li>\n<li>\u00d6kade m\u00f6jligheter f\u00f6r \u00e4ldre att v\u00e4lja boende<\/li>\n<li>Trygghetsboenden i anslutning till servicehusen<\/li>\n<li>H\u00f6g kvalitet och n\u00f6jdhet inom \u00e4ldreomsorgen<\/li>\n<li>Satsning p\u00e5 \u00e4ldres friskv\u00e5rd och mat och s\u00e4kerst\u00e4llan av hj\u00e4lp vid m\u00e5ltider<\/li>\n<li>\u00d6kad andel k\u00f6tt som kommer fr\u00e5n g\u00e5rdar med v\u00e4rdig djurh\u00e5llning, samt n\u00e4rproducerade livsmedel i m\u00e5ltidsverksamheterna<\/li>\n<li>Samverkan med n\u00e4ringslivet f\u00f6r kommunens b\u00e4sta<\/li>\n<\/ul>\n<p>&nbsp;<\/p>\n<p><strong>V\u00e5ra kandidater till kommunfullm\u00e4ktige Tingsryd 2014<\/strong><\/p>\n<div id=\"attachment_74\" style=\"width: 226px\" class=\"wp-caption alignleft\"><a href=\"http:\/\/wp.kristdemokraterna.se\/tingsryd\/files\/2014\/05\/mg_84901.jpg\"><img loading=\"lazy\" decoding=\"async\" aria-describedby=\"caption-attachment-74\" class=\"wp-image-74 size-medium\" src=\"http:\/\/wp.kristdemokraterna.se\/tingsryd\/files\/2014\/05\/mg_84901-216x300.jpg\" alt=\"_MG_8490\" width=\"216\" height=\"300\" srcset=\"https:\/\/wp.kristdemokraterna.se\/tingsryd\/files\/2014\/05\/mg_84901-216x300.jpg 216w, https:\/\/wp.kristdemokraterna.se\/tingsryd\/files\/2014\/05\/mg_84901-739x1024.jpg 739w, https:\/\/wp.kristdemokraterna.se\/tingsryd\/files\/2014\/05\/mg_84901-249x346.jpg 249w, https:\/\/wp.kristdemokraterna.se\/tingsryd\/files\/2014\/05\/mg_84901-80x112.jpg 80w\" sizes=\"auto, (max-width: 216px) 100vw, 216px\" \/><\/a><p id=\"caption-attachment-74\" class=\"wp-caption-text\">Anette Weidenmark<\/p><\/div>\n<p><strong>Anette Weidenmark<br \/>\n<\/strong>Jag heter Anette Weidenmark. Jag arbetar som spr\u00e5kl\u00e4rare inom vuxenutbildningen i Lessebo men \u00e4r bosatt i Tingsryd. Mina hj\u00e4rtefr\u00e5gor \u00e4r familjen och skolan. Jag vill arbeta f\u00f6r att ge barnen de allra b\u00e4sta f\u00f6ruts\u00e4ttningarna f\u00f6r en trygg uppv\u00e4xt. I skolan ska varje barn st\u00f6ttas och uppmuntras att n\u00e5 sin fulla kunskapspotential f\u00f6r att d\u00e4rigenom kunna f\u00e5 ett rikare liv och f\u00f6ruts\u00e4ttningar att uppfylla sina dr\u00f6mmar om framtida yrkesval.<\/p>\n<p>&nbsp;<\/p>\n<p>&nbsp;<\/p>\n<p>&nbsp;<\/p>\n<div id=\"attachment_78\" style=\"width: 226px\" class=\"wp-caption alignright\"><a href=\"http:\/\/wp.kristdemokraterna.se\/tingsryd\/files\/2014\/05\/mg_8474.jpg\"><img loading=\"lazy\" decoding=\"async\" aria-describedby=\"caption-attachment-78\" class=\"wp-image-78 size-medium\" src=\"http:\/\/wp.kristdemokraterna.se\/tingsryd\/files\/2014\/05\/mg_8474-216x300.jpg\" alt=\"\" width=\"216\" height=\"300\" srcset=\"https:\/\/wp.kristdemokraterna.se\/tingsryd\/files\/2014\/05\/mg_8474-216x300.jpg 216w, https:\/\/wp.kristdemokraterna.se\/tingsryd\/files\/2014\/05\/mg_8474-739x1024.jpg 739w, https:\/\/wp.kristdemokraterna.se\/tingsryd\/files\/2014\/05\/mg_8474-249x346.jpg 249w, https:\/\/wp.kristdemokraterna.se\/tingsryd\/files\/2014\/05\/mg_8474-80x112.jpg 80w\" sizes=\"auto, (max-width: 216px) 100vw, 216px\" \/><\/a><p id=\"caption-attachment-78\" class=\"wp-caption-text\">Marianne Bergstr\u00f6m<\/p><\/div>\n<p><strong>Marianne Bergstr\u00f6m<br \/>\n<\/strong>Jag heter Marianne Bergstr\u00f6m och sitter i Socialn\u00e4mnden och kommunfullm\u00e4ktige sedan n\u00e5gra \u00e5r tillbaka. Jag brinner mest f\u00f6r \u00e4ldreomsorgen. De \u00e4ldre ska ha det bra p\u00e5 \u00e4ldre dagar.<\/p>\n<p>&nbsp;<\/p>\n<p>&nbsp;<\/p>\n<p>&nbsp;<\/p>\n<p>&nbsp;<\/p>\n<p>&nbsp;<\/p>\n<p>&nbsp;<\/p>\n<div id=\"attachment_80\" style=\"width: 226px\" class=\"wp-caption alignleft\"><a href=\"http:\/\/wp.kristdemokraterna.se\/tingsryd\/files\/2014\/05\/mg_8476.jpg\"><img loading=\"lazy\" decoding=\"async\" aria-describedby=\"caption-attachment-80\" class=\"wp-image-80 size-medium\" src=\"http:\/\/wp.kristdemokraterna.se\/tingsryd\/files\/2014\/05\/mg_8476-216x300.jpg\" alt=\"\" width=\"216\" height=\"300\" srcset=\"https:\/\/wp.kristdemokraterna.se\/tingsryd\/files\/2014\/05\/mg_8476-216x300.jpg 216w, https:\/\/wp.kristdemokraterna.se\/tingsryd\/files\/2014\/05\/mg_8476-739x1024.jpg 739w, https:\/\/wp.kristdemokraterna.se\/tingsryd\/files\/2014\/05\/mg_8476-249x346.jpg 249w, https:\/\/wp.kristdemokraterna.se\/tingsryd\/files\/2014\/05\/mg_8476-80x112.jpg 80w\" sizes=\"auto, (max-width: 216px) 100vw, 216px\" \/><\/a><p id=\"caption-attachment-80\" class=\"wp-caption-text\">Ingrid Thordsson<\/p><\/div>\n<p><strong>Ingrid Thordsson<br \/>\n<\/strong>Jag heter Ingrid Thordsson och har varit Tingsrydsbo i 23 \u00e5r. Jag brinner f\u00f6r m\u00e5nga fr\u00e5gor som r\u00f6r v\u00e5rt samh\u00e4lle. Fr\u00e4mst \u00e4r det dock familjefr\u00e5gor, att hj\u00e4lpa barn till en bra uppv\u00e4xt. Sedan \u00e4r det integrationsfr\u00e5gor, hur v\u00e5ra inv\u00e5nare med ursprung i andra l\u00e4nder ska kunna bli delaktiga i v\u00e5rt samh\u00e4lle.<\/p>\n<p>&nbsp;<\/p>\n<p>&nbsp;<\/p>\n<p>&nbsp;<\/p>\n<p>&nbsp;<\/p>\n<p>&nbsp;<\/p>\n<div id=\"attachment_83\" style=\"width: 246px\" class=\"wp-caption alignright\"><a href=\"http:\/\/wp.kristdemokraterna.se\/tingsryd\/files\/2014\/05\/meow.jpg\"><img loading=\"lazy\" decoding=\"async\" aria-describedby=\"caption-attachment-83\" class=\"wp-image-83 size-medium\" src=\"http:\/\/wp.kristdemokraterna.se\/tingsryd\/files\/2014\/05\/meow-236x300.jpg\" alt=\"\" width=\"236\" height=\"300\" srcset=\"https:\/\/wp.kristdemokraterna.se\/tingsryd\/files\/2014\/05\/meow-236x300.jpg 236w, https:\/\/wp.kristdemokraterna.se\/tingsryd\/files\/2014\/05\/meow-808x1024.jpg 808w, https:\/\/wp.kristdemokraterna.se\/tingsryd\/files\/2014\/05\/meow-273x346.jpg 273w, https:\/\/wp.kristdemokraterna.se\/tingsryd\/files\/2014\/05\/meow-88x112.jpg 88w\" sizes=\"auto, (max-width: 236px) 100vw, 236px\" \/><\/a><p id=\"caption-attachment-83\" class=\"wp-caption-text\">Gunnar Sandgren<\/p><\/div>\n<p><strong>Gunnar Sandgren<br \/>\n<\/strong>Jag heter Gunnar Sandgren och jag har bott i Tingsryd sedan 1966, d\u00e5 jag b\u00f6rjade arbeta som l\u00e4rare p\u00e5 mellanstadiet i Tingsryd. Efter 25 \u00e5r som l\u00e4rare var jag sedan anst\u00e4lld p\u00e5 Tingsryds bibliotek under 20 \u00e5r och \u00e4r nu pension\u00e4r. Jag har under denna tid representerat KD i fullm\u00e4ktige under n\u00e5gra\u00a0mandatperioder med avbrott f\u00f6r utlandsarbete i Bolivia under fem \u00e5r. Jag vill arbeta f\u00f6r att Tingsryd ska bli en allt b\u00e4ttre kommun att leva och verka i f\u00f6r alla inv\u00e5nare. Alla ska kunna k\u00e4nna sig sedda och v\u00e4rdefulla oavsett ursprung och bakgrund.<\/p>\n<p><strong>\u00a0<\/strong><\/p>\n<p>&nbsp;<\/p>\n<div id=\"attachment_76\" style=\"width: 226px\" class=\"wp-caption alignleft\"><a href=\"http:\/\/wp.kristdemokraterna.se\/tingsryd\/files\/2014\/05\/mg_8483.jpg\"><img loading=\"lazy\" decoding=\"async\" aria-describedby=\"caption-attachment-76\" class=\"wp-image-76 size-medium\" src=\"http:\/\/wp.kristdemokraterna.se\/tingsryd\/files\/2014\/05\/mg_8483-216x300.jpg\" alt=\"Helena Sandgren\" width=\"216\" height=\"300\" srcset=\"https:\/\/wp.kristdemokraterna.se\/tingsryd\/files\/2014\/05\/mg_8483-216x300.jpg 216w, https:\/\/wp.kristdemokraterna.se\/tingsryd\/files\/2014\/05\/mg_8483-739x1024.jpg 739w, https:\/\/wp.kristdemokraterna.se\/tingsryd\/files\/2014\/05\/mg_8483-249x346.jpg 249w, https:\/\/wp.kristdemokraterna.se\/tingsryd\/files\/2014\/05\/mg_8483-80x112.jpg 80w\" sizes=\"auto, (max-width: 216px) 100vw, 216px\" \/><\/a><p id=\"caption-attachment-76\" class=\"wp-caption-text\">Helena Sandgren<\/p><\/div>\n<p><strong>Helena Sandgren<br \/>\n<\/strong>Jag heter Helena Sandgren och \u00e4r bosatt i Tingsryd. Under 15 \u00e5r har jag arbetat som \u00f6verf\u00f6rmyndare och d\u00e5 hade jag daglig kontakt med m\u00e4nniskor som beh\u00f6vde hj\u00e4lp och st\u00f6d. Alla i v\u00e5r kommun ska kunna k\u00e4nna sig trygga och behandlas med v\u00e4rdighet och respekt oavsett \u00e5lder och ursprung.<\/p>\n<p>&nbsp;<\/p>\n<p>&nbsp;<\/p>\n<p>&nbsp;<\/p>\n<p>&nbsp;<\/p>\n<p>&nbsp;<\/p>\n<div id=\"attachment_85\" style=\"width: 226px\" class=\"wp-caption alignright\"><a href=\"http:\/\/wp.kristdemokraterna.se\/tingsryd\/files\/2014\/05\/boarvidsson.jpg\"><img loading=\"lazy\" decoding=\"async\" aria-describedby=\"caption-attachment-85\" class=\"wp-image-85 size-medium\" src=\"http:\/\/wp.kristdemokraterna.se\/tingsryd\/files\/2014\/05\/boarvidsson-216x300.jpg\" alt=\"BoArvidsson\" width=\"216\" height=\"300\" srcset=\"https:\/\/wp.kristdemokraterna.se\/tingsryd\/files\/2014\/05\/boarvidsson-216x300.jpg 216w, https:\/\/wp.kristdemokraterna.se\/tingsryd\/files\/2014\/05\/boarvidsson-739x1024.jpg 739w, https:\/\/wp.kristdemokraterna.se\/tingsryd\/files\/2014\/05\/boarvidsson-249x346.jpg 249w, https:\/\/wp.kristdemokraterna.se\/tingsryd\/files\/2014\/05\/boarvidsson-80x112.jpg 80w\" sizes=\"auto, (max-width: 216px) 100vw, 216px\" \/><\/a><p id=\"caption-attachment-85\" class=\"wp-caption-text\">Bo Arvidsson<\/p><\/div>\n<p><strong>Bo Arvidsson<br \/>\n<\/strong>Mitt namn \u00e4r Bo Arvidsson och jag har varit bankanst\u00e4lld st\u00f6rre delen av mitt liv. I dag arbetar jag dels som \u00f6verf\u00f6rmyndare i Tingsryds kommun dels som egenf\u00f6retagare med sm\u00e5skaligt skogsbruk. Landsbygds- och sm\u00e5f\u00f6retagarfr\u00e5gor ligger mig varmt om hj\u00e4rtat<\/p>\n<p>&nbsp;<\/p>\n<p>&nbsp;<\/p>\n<p>&nbsp;<\/p>\n<p>&nbsp;<\/p>\n<p>&nbsp;<\/p>\n<div id=\"attachment_86\" style=\"width: 235px\" class=\"wp-caption alignleft\"><a href=\"http:\/\/wp.kristdemokraterna.se\/tingsryd\/files\/2014\/05\/mg_15821.jpeg\"><img loading=\"lazy\" decoding=\"async\" aria-describedby=\"caption-attachment-86\" class=\"wp-image-86 size-medium\" src=\"http:\/\/wp.kristdemokraterna.se\/tingsryd\/files\/2014\/05\/mg_15821-225x300.jpeg\" alt=\"_MG_1582\" width=\"225\" height=\"300\" srcset=\"https:\/\/wp.kristdemokraterna.se\/tingsryd\/files\/2014\/05\/mg_15821-225x300.jpeg 225w, https:\/\/wp.kristdemokraterna.se\/tingsryd\/files\/2014\/05\/mg_15821-768x1024.jpeg 768w, https:\/\/wp.kristdemokraterna.se\/tingsryd\/files\/2014\/05\/mg_15821-259x346.jpeg 259w, https:\/\/wp.kristdemokraterna.se\/tingsryd\/files\/2014\/05\/mg_15821-84x112.jpeg 84w\" sizes=\"auto, (max-width: 225px) 100vw, 225px\" \/><\/a><p id=\"caption-attachment-86\" class=\"wp-caption-text\">Birgitta Arvidsson<\/p><\/div>\n<p><strong>Birgitta Arvidsson<br \/>\n<\/strong>Jag heter Birgitta Arvidsson. Jag har arbetat som sjukgymnast under 40 \u00e5r. Jag \u00e4r ocks\u00e5 mycket engagerad inom kyrkan. En viktig fr\u00e5ga f\u00f6r mig \u00e4r att skapa m\u00f6tesplatser f\u00f6r det goda samtalet f\u00f6r m\u00e4nniskor i alla \u00e5ldrar.<strong><br \/>\n<\/strong><\/p>\n<p>&nbsp;<\/p>\n","protected":false},"excerpt":{"rendered":"<p>Det h\u00e4r vill Kristdemokraterna arbeta f\u00f6r i Tingsryds kommun Mindre barngrupper i f\u00f6rskola och p\u00e5 fritids Valfrihet och f\u00f6rb\u00e4ttrad informationen om olika alternativ inom barnomsorgen Minskad administration f\u00f6r l\u00e4rare och f\u00f6rskoll\u00e4rare s\u00e5 att tiden med barnen kan \u00f6ka \u00d6kade m\u00f6jligheter f\u00f6r \u00e4ldre att v\u00e4lja boende Trygghetsboenden i anslutning till servicehusen H\u00f6g kvalitet och n\u00f6jdhet inom <a class=\"read-more-link\" href=\"https:\/\/wp.kristdemokraterna.se\/tingsryd\/vara-foretradare\/\">Read More<\/a><\/p>\n","protected":false},"author":631,"featured_media":0,"parent":0,"menu_order":1,"comment_status":"closed","ping_status":"closed","template":"","meta":{"_acf_changed":false,"footnotes":""},"class_list":["post-50","page","type-page","status-publish","hentry"],"acf":[],"yoast_head":"<!-- This site is optimized with the Yoast SEO plugin v27.4 - https:\/\/yoast.com\/product\/yoast-seo-wordpress\/ -->\n<title>Kommunvalet 2014 - Kristdemokraterna i Tingsryd<\/title>\n<meta name=\"robots\" content=\"index, follow, max-snippet:-1, max-image-preview:large, max-video-preview:-1\" \/>\n<link rel=\"canonical\" href=\"https:\/\/wp.kristdemokraterna.se\/tingsryd\/vara-foretradare\/\" \/>\n<meta property=\"og:locale\" content=\"sv_SE\" \/>\n<meta property=\"og:type\" content=\"article\" \/>\n<meta property=\"og:title\" content=\"Kommunvalet 2014 - Kristdemokraterna i Tingsryd\" \/>\n<meta property=\"og:description\" content=\"Det h\u00e4r vill Kristdemokraterna arbeta f\u00f6r i Tingsryds kommun Mindre barngrupper i f\u00f6rskola och p\u00e5 fritids Valfrihet och f\u00f6rb\u00e4ttrad informationen om olika alternativ inom barnomsorgen Minskad administration f\u00f6r l\u00e4rare och f\u00f6rskoll\u00e4rare s\u00e5 att tiden med barnen kan \u00f6ka \u00d6kade m\u00f6jligheter f\u00f6r \u00e4ldre att v\u00e4lja boende Trygghetsboenden i anslutning till servicehusen H\u00f6g kvalitet och n\u00f6jdhet inom Read More\" \/>\n<meta property=\"og:url\" content=\"https:\/\/wp.kristdemokraterna.se\/tingsryd\/vara-foretradare\/\" \/>\n<meta property=\"og:site_name\" content=\"Kristdemokraterna i Tingsryd\" \/>\n<meta property=\"article:modified_time\" content=\"2014-06-03T19:48:28+00:00\" \/>\n<meta property=\"og:image\" content=\"http:\/\/wp.kristdemokraterna.se\/tingsryd\/files\/2014\/05\/gruppbild-kopia-1024x650.jpg\" \/>\n<meta name=\"twitter:card\" content=\"summary_large_image\" \/>\n<meta name=\"twitter:label1\" content=\"Ber\u00e4knad l\u00e4stid\" \/>\n\t<meta name=\"twitter:data1\" content=\"3 minuter\" \/>\n<script type=\"application\/ld+json\" class=\"yoast-schema-graph\">{\"@context\":\"https:\\\/\\\/schema.org\",\"@graph\":[{\"@type\":\"WebPage\",\"@id\":\"https:\\\/\\\/wp.kristdemokraterna.se\\\/tingsryd\\\/vara-foretradare\\\/\",\"url\":\"https:\\\/\\\/wp.kristdemokraterna.se\\\/tingsryd\\\/vara-foretradare\\\/\",\"name\":\"Kommunvalet 2014 - Kristdemokraterna i Tingsryd\",\"isPartOf\":{\"@id\":\"https:\\\/\\\/wp.kristdemokraterna.se\\\/tingsryd\\\/#website\"},\"primaryImageOfPage\":{\"@id\":\"https:\\\/\\\/wp.kristdemokraterna.se\\\/tingsryd\\\/vara-foretradare\\\/#primaryimage\"},\"image\":{\"@id\":\"https:\\\/\\\/wp.kristdemokraterna.se\\\/tingsryd\\\/vara-foretradare\\\/#primaryimage\"},\"thumbnailUrl\":\"http:\\\/\\\/wp.kristdemokraterna.se\\\/tingsryd\\\/files\\\/2014\\\/05\\\/gruppbild-kopia-1024x650.jpg\",\"datePublished\":\"2014-05-11T12:00:42+00:00\",\"dateModified\":\"2014-06-03T19:48:28+00:00\",\"breadcrumb\":{\"@id\":\"https:\\\/\\\/wp.kristdemokraterna.se\\\/tingsryd\\\/vara-foretradare\\\/#breadcrumb\"},\"inLanguage\":\"sv-SE\",\"potentialAction\":[{\"@type\":\"ReadAction\",\"target\":[\"https:\\\/\\\/wp.kristdemokraterna.se\\\/tingsryd\\\/vara-foretradare\\\/\"]}]},{\"@type\":\"ImageObject\",\"inLanguage\":\"sv-SE\",\"@id\":\"https:\\\/\\\/wp.kristdemokraterna.se\\\/tingsryd\\\/vara-foretradare\\\/#primaryimage\",\"url\":\"http:\\\/\\\/wp.kristdemokraterna.se\\\/tingsryd\\\/files\\\/2014\\\/05\\\/gruppbild-kopia-1024x650.jpg\",\"contentUrl\":\"http:\\\/\\\/wp.kristdemokraterna.se\\\/tingsryd\\\/files\\\/2014\\\/05\\\/gruppbild-kopia-1024x650.jpg\"},{\"@type\":\"BreadcrumbList\",\"@id\":\"https:\\\/\\\/wp.kristdemokraterna.se\\\/tingsryd\\\/vara-foretradare\\\/#breadcrumb\",\"itemListElement\":[{\"@type\":\"ListItem\",\"position\":1,\"name\":\"Hem\",\"item\":\"https:\\\/\\\/wp.kristdemokraterna.se\\\/tingsryd\\\/\"},{\"@type\":\"ListItem\",\"position\":2,\"name\":\"Kommunvalet 2014\"}]},{\"@type\":\"WebSite\",\"@id\":\"https:\\\/\\\/wp.kristdemokraterna.se\\\/tingsryd\\\/#website\",\"url\":\"https:\\\/\\\/wp.kristdemokraterna.se\\\/tingsryd\\\/\",\"name\":\"Kristdemokraterna i Tingsryd\",\"description\":\"\",\"inLanguage\":\"sv-SE\"}]}<\/script>\n<!-- \/ Yoast SEO plugin. -->","yoast_head_json":{"title":"Kommunvalet 2014 - Kristdemokraterna i Tingsryd","robots":{"index":"index","follow":"follow","max-snippet":"max-snippet:-1","max-image-preview":"max-image-preview:large","max-video-preview":"max-video-preview:-1"},"canonical":"https:\/\/wp.kristdemokraterna.se\/tingsryd\/vara-foretradare\/","og_locale":"sv_SE","og_type":"article","og_title":"Kommunvalet 2014 - Kristdemokraterna i Tingsryd","og_description":"Det h\u00e4r vill Kristdemokraterna arbeta f\u00f6r i Tingsryds kommun Mindre barngrupper i f\u00f6rskola och p\u00e5 fritids Valfrihet och f\u00f6rb\u00e4ttrad informationen om olika alternativ inom barnomsorgen Minskad administration f\u00f6r l\u00e4rare och f\u00f6rskoll\u00e4rare s\u00e5 att tiden med barnen kan \u00f6ka \u00d6kade m\u00f6jligheter f\u00f6r \u00e4ldre att v\u00e4lja boende Trygghetsboenden i anslutning till servicehusen H\u00f6g kvalitet och n\u00f6jdhet inom Read More","og_url":"https:\/\/wp.kristdemokraterna.se\/tingsryd\/vara-foretradare\/","og_site_name":"Kristdemokraterna i Tingsryd","article_modified_time":"2014-06-03T19:48:28+00:00","og_image":[{"url":"http:\/\/wp.kristdemokraterna.se\/tingsryd\/files\/2014\/05\/gruppbild-kopia-1024x650.jpg","type":"","width":"","height":""}],"twitter_card":"summary_large_image","twitter_misc":{"Ber\u00e4knad l\u00e4stid":"3 minuter"},"schema":{"@context":"https:\/\/schema.org","@graph":[{"@type":"WebPage","@id":"https:\/\/wp.kristdemokraterna.se\/tingsryd\/vara-foretradare\/","url":"https:\/\/wp.kristdemokraterna.se\/tingsryd\/vara-foretradare\/","name":"Kommunvalet 2014 - Kristdemokraterna i Tingsryd","isPartOf":{"@id":"https:\/\/wp.kristdemokraterna.se\/tingsryd\/#website"},"primaryImageOfPage":{"@id":"https:\/\/wp.kristdemokraterna.se\/tingsryd\/vara-foretradare\/#primaryimage"},"image":{"@id":"https:\/\/wp.kristdemokraterna.se\/tingsryd\/vara-foretradare\/#primaryimage"},"thumbnailUrl":"http:\/\/wp.kristdemokraterna.se\/tingsryd\/files\/2014\/05\/gruppbild-kopia-1024x650.jpg","datePublished":"2014-05-11T12:00:42+00:00","dateModified":"2014-06-03T19:48:28+00:00","breadcrumb":{"@id":"https:\/\/wp.kristdemokraterna.se\/tingsryd\/vara-foretradare\/#breadcrumb"},"inLanguage":"sv-SE","potentialAction":[{"@type":"ReadAction","target":["https:\/\/wp.kristdemokraterna.se\/tingsryd\/vara-foretradare\/"]}]},{"@type":"ImageObject","inLanguage":"sv-SE","@id":"https:\/\/wp.kristdemokraterna.se\/tingsryd\/vara-foretradare\/#primaryimage","url":"http:\/\/wp.kristdemokraterna.se\/tingsryd\/files\/2014\/05\/gruppbild-kopia-1024x650.jpg","contentUrl":"http:\/\/wp.kristdemokraterna.se\/tingsryd\/files\/2014\/05\/gruppbild-kopia-1024x650.jpg"},{"@type":"BreadcrumbList","@id":"https:\/\/wp.kristdemokraterna.se\/tingsryd\/vara-foretradare\/#breadcrumb","itemListElement":[{"@type":"ListItem","position":1,"name":"Hem","item":"https:\/\/wp.kristdemokraterna.se\/tingsryd\/"},{"@type":"ListItem","position":2,"name":"Kommunvalet 2014"}]},{"@type":"WebSite","@id":"https:\/\/wp.kristdemokraterna.se\/tingsryd\/#website","url":"https:\/\/wp.kristdemokraterna.se\/tingsryd\/","name":"Kristdemokraterna i Tingsryd","description":"","inLanguage":"sv-SE"}]}},"_links":{"self":[{"href":"https:\/\/wp.kristdemokraterna.se\/tingsryd\/wp-json\/wp\/v2\/pages\/50","targetHints":{"allow":["GET"]}}],"collection":[{"href":"https:\/\/wp.kristdemokraterna.se\/tingsryd\/wp-json\/wp\/v2\/pages"}],"about":[{"href":"https:\/\/wp.kristdemokraterna.se\/tingsryd\/wp-json\/wp\/v2\/types\/page"}],"author":[{"embeddable":true,"href":"https:\/\/wp.kristdemokraterna.se\/tingsryd\/wp-json\/wp\/v2\/users\/631"}],"replies":[{"embeddable":true,"href":"https:\/\/wp.kristdemokraterna.se\/tingsryd\/wp-json\/wp\/v2\/comments?post=50"}],"version-history":[{"count":16,"href":"https:\/\/wp.kristdemokraterna.se\/tingsryd\/wp-json\/wp\/v2\/pages\/50\/revisions"}],"predecessor-version":[{"id":167,"href":"https:\/\/wp.kristdemokraterna.se\/tingsryd\/wp-json\/wp\/v2\/pages\/50\/revisions\/167"}],"wp:attachment":[{"href":"https:\/\/wp.kristdemokraterna.se\/tingsryd\/wp-json\/wp\/v2\/media?parent=50"}],"curies":[{"name":"wp","href":"https:\/\/api.w.org\/{rel}","templated":true}]}}