{"id":363,"date":"2017-12-04T16:11:27","date_gmt":"2017-12-04T15:11:27","guid":{"rendered":"http:\/\/wp.kristdemokraterna.se\/tranas\/?page_id=363"},"modified":"2025-08-26T12:14:01","modified_gmt":"2025-08-26T10:14:01","slug":"kontakta-oss-2","status":"publish","type":"page","link":"https:\/\/wp.kristdemokraterna.se\/tranas\/textsida-med-vanster-sidebar\/kontakta-oss-2\/","title":{"rendered":"Kontakta oss"},"content":{"rendered":"<p style=\"text-align: left\"><a href=\"http:\/\/wp.kristdemokraterna.se\/tranas\/files\/2024\/05\/mats-antonsson.jpg\"><img loading=\"lazy\" decoding=\"async\" class=\"alignnone wp-image-804\" src=\"http:\/\/wp.kristdemokraterna.se\/tranas\/files\/2024\/05\/mats-antonsson-1024x839.jpg\" alt=\"\" width=\"524\" height=\"429\" srcset=\"https:\/\/wp.kristdemokraterna.se\/tranas\/files\/2024\/05\/mats-antonsson-1024x839.jpg 1024w, https:\/\/wp.kristdemokraterna.se\/tranas\/files\/2024\/05\/mats-antonsson-300x246.jpg 300w, https:\/\/wp.kristdemokraterna.se\/tranas\/files\/2024\/05\/mats-antonsson-768x629.jpg 768w, https:\/\/wp.kristdemokraterna.se\/tranas\/files\/2024\/05\/mats-antonsson-244x200.jpg 244w, https:\/\/wp.kristdemokraterna.se\/tranas\/files\/2024\/05\/mats-antonsson-370x303.jpg 370w, https:\/\/wp.kristdemokraterna.se\/tranas\/files\/2024\/05\/mats-antonsson-770x631.jpg 770w, https:\/\/wp.kristdemokraterna.se\/tranas\/files\/2024\/05\/mats-antonsson-450x369.jpg 450w, https:\/\/wp.kristdemokraterna.se\/tranas\/files\/2024\/05\/mats-antonsson-280x229.jpg 280w, https:\/\/wp.kristdemokraterna.se\/tranas\/files\/2024\/05\/mats-antonsson-340x279.jpg 340w, https:\/\/wp.kristdemokraterna.se\/tranas\/files\/2024\/05\/mats-antonsson-200x164.jpg 200w, https:\/\/wp.kristdemokraterna.se\/tranas\/files\/2024\/05\/mats-antonsson-68x56.jpg 68w, https:\/\/wp.kristdemokraterna.se\/tranas\/files\/2024\/05\/mats-antonsson.jpg 1416w\" sizes=\"auto, (max-width: 524px) 100vw, 524px\" \/><\/a><\/p>\n<h2>Tran\u00e5s partiavdelning<\/h2>\n<ul>\n<li><strong>Mats Antonsson<\/strong> &#8211; ordf\u00f6rande<\/li>\n<li><strong>Telefon:<\/strong> 070 &#8211; 2479285<\/li>\n<li><strong>Epost:<\/strong> mats.antonsson@kristdemokraterna.se<\/li>\n<li><strong>Postadress:<\/strong><a href=\"https:\/\/www.google.se\/maps\/place\/Orkestergatan%201,%2057338%20Tran%C3%A5s\" target=\"_blank\" rel=\"noopener noreferrer\"> Orkestergatan 1, 57338 Tran\u00e5s<\/a><\/li>\n<li><strong>Webbplats:<\/strong> <a href=\"https:\/\/wp.kristdemokraterna.se\/tranas\/\">http\/\/:kristdemokraterna.se\/tranas\/<\/a><\/li>\n<\/ul>\n<p>&nbsp;<\/p>\n<p><a href=\"https:\/\/wp.kristdemokraterna.se\/tranas\/?page_id=811&amp;preview=true\"><strong>H\u00e4r hittar du v\u00e5ra f\u00f6rtroendevalda<\/strong><\/a><\/p>\n<p><a href=\"http:\/\/wp.kristdemokraterna.se\/tranas\/files\/2025\/08\/gruppbild-kd-tranas-2025.jpg\"><img loading=\"lazy\" decoding=\"async\" class=\"alignnone  wp-image-863\" src=\"http:\/\/wp.kristdemokraterna.se\/tranas\/files\/2025\/08\/gruppbild-kd-tranas-2025-1024x648.jpg\" alt=\"\" width=\"798\" height=\"505\" srcset=\"https:\/\/wp.kristdemokraterna.se\/tranas\/files\/2025\/08\/gruppbild-kd-tranas-2025-1024x648.jpg 1024w, https:\/\/wp.kristdemokraterna.se\/tranas\/files\/2025\/08\/gruppbild-kd-tranas-2025-300x190.jpg 300w, https:\/\/wp.kristdemokraterna.se\/tranas\/files\/2025\/08\/gruppbild-kd-tranas-2025-768x486.jpg 768w, https:\/\/wp.kristdemokraterna.se\/tranas\/files\/2025\/08\/gruppbild-kd-tranas-2025-316x200.jpg 316w, https:\/\/wp.kristdemokraterna.se\/tranas\/files\/2025\/08\/gruppbild-kd-tranas-2025-370x234.jpg 370w, https:\/\/wp.kristdemokraterna.se\/tranas\/files\/2025\/08\/gruppbild-kd-tranas-2025-770x487.jpg 770w, https:\/\/wp.kristdemokraterna.se\/tranas\/files\/2025\/08\/gruppbild-kd-tranas-2025-450x285.jpg 450w, https:\/\/wp.kristdemokraterna.se\/tranas\/files\/2025\/08\/gruppbild-kd-tranas-2025-280x177.jpg 280w, https:\/\/wp.kristdemokraterna.se\/tranas\/files\/2025\/08\/gruppbild-kd-tranas-2025-340x215.jpg 340w, https:\/\/wp.kristdemokraterna.se\/tranas\/files\/2025\/08\/gruppbild-kd-tranas-2025-200x127.jpg 200w, https:\/\/wp.kristdemokraterna.se\/tranas\/files\/2025\/08\/gruppbild-kd-tranas-2025-88x56.jpg 88w, https:\/\/wp.kristdemokraterna.se\/tranas\/files\/2025\/08\/gruppbild-kd-tranas-2025.jpg 1371w\" sizes=\"auto, (max-width: 798px) 100vw, 798px\" \/><\/a><\/p>\n","protected":false},"excerpt":{"rendered":"<p>Tran\u00e5s partiavdelning Mats Antonsson &#8211; ordf\u00f6rande Telefon: 070 &#8211; 2479285 Epost: mats.antonsson@kristdemokraterna.se Postadress: Orkestergatan 1, 57338 Tran\u00e5s Webbplats: http\/\/:kristdemokraterna.se\/tranas\/ &nbsp; H\u00e4r hittar du v\u00e5ra f\u00f6rtroendevalda<\/p>\n","protected":false},"author":469,"featured_media":0,"parent":269,"menu_order":2,"comment_status":"closed","ping_status":"closed","template":"page.php","meta":{"_acf_changed":false,"footnotes":""},"class_list":["post-363","page","type-page","status-publish","hentry"],"acf":[],"yoast_head":"<!-- This site is optimized with the Yoast SEO plugin v27.4 - https:\/\/yoast.com\/product\/yoast-seo-wordpress\/ -->\n<title>Kontakta oss - Kristdemokraterna | Tran\u00e5s<\/title>\n<meta name=\"robots\" content=\"index, follow, max-snippet:-1, max-image-preview:large, max-video-preview:-1\" \/>\n<link rel=\"canonical\" href=\"https:\/\/wp.kristdemokraterna.se\/tranas\/textsida-med-vanster-sidebar\/kontakta-oss-2\/\" \/>\n<meta property=\"og:locale\" content=\"sv_SE\" \/>\n<meta property=\"og:type\" content=\"article\" \/>\n<meta property=\"og:title\" content=\"Kontakta oss - Kristdemokraterna | Tran\u00e5s\" \/>\n<meta property=\"og:description\" content=\"Tran\u00e5s partiavdelning Mats Antonsson &#8211; ordf\u00f6rande Telefon: 070 &#8211; 2479285 Epost: mats.antonsson@kristdemokraterna.se Postadress: Orkestergatan 1, 57338 Tran\u00e5s Webbplats: http\/\/:kristdemokraterna.se\/tranas\/ &nbsp; H\u00e4r hittar du v\u00e5ra f\u00f6rtroendevalda\" \/>\n<meta property=\"og:url\" content=\"https:\/\/wp.kristdemokraterna.se\/tranas\/textsida-med-vanster-sidebar\/kontakta-oss-2\/\" \/>\n<meta property=\"og:site_name\" content=\"Kristdemokraterna | Tran\u00e5s\" \/>\n<meta property=\"article:modified_time\" content=\"2025-08-26T10:14:01+00:00\" \/>\n<meta property=\"og:image\" content=\"https:\/\/wp.kristdemokraterna.se\/tranas\/files\/2024\/05\/mats-antonsson.jpg\" \/>\n\t<meta property=\"og:image:width\" content=\"1416\" \/>\n\t<meta property=\"og:image:height\" content=\"1160\" \/>\n\t<meta property=\"og:image:type\" content=\"image\/jpeg\" \/>\n<meta name=\"twitter:card\" content=\"summary_large_image\" \/>\n<meta name=\"twitter:label1\" content=\"Ber\u00e4knad l\u00e4stid\" \/>\n\t<meta name=\"twitter:data1\" content=\"1 minut\" \/>\n<script type=\"application\/ld+json\" class=\"yoast-schema-graph\">{\"@context\":\"https:\\\/\\\/schema.org\",\"@graph\":[{\"@type\":\"WebPage\",\"@id\":\"https:\\\/\\\/wp.kristdemokraterna.se\\\/tranas\\\/textsida-med-vanster-sidebar\\\/kontakta-oss-2\\\/\",\"url\":\"https:\\\/\\\/wp.kristdemokraterna.se\\\/tranas\\\/textsida-med-vanster-sidebar\\\/kontakta-oss-2\\\/\",\"name\":\"Kontakta oss - Kristdemokraterna | Tran\u00e5s\",\"isPartOf\":{\"@id\":\"https:\\\/\\\/wp.kristdemokraterna.se\\\/tranas\\\/#website\"},\"primaryImageOfPage\":{\"@id\":\"https:\\\/\\\/wp.kristdemokraterna.se\\\/tranas\\\/textsida-med-vanster-sidebar\\\/kontakta-oss-2\\\/#primaryimage\"},\"image\":{\"@id\":\"https:\\\/\\\/wp.kristdemokraterna.se\\\/tranas\\\/textsida-med-vanster-sidebar\\\/kontakta-oss-2\\\/#primaryimage\"},\"thumbnailUrl\":\"http:\\\/\\\/wp.kristdemokraterna.se\\\/tranas\\\/files\\\/2024\\\/05\\\/mats-antonsson-1024x839.jpg\",\"datePublished\":\"2017-12-04T15:11:27+00:00\",\"dateModified\":\"2025-08-26T10:14:01+00:00\",\"breadcrumb\":{\"@id\":\"https:\\\/\\\/wp.kristdemokraterna.se\\\/tranas\\\/textsida-med-vanster-sidebar\\\/kontakta-oss-2\\\/#breadcrumb\"},\"inLanguage\":\"sv-SE\",\"potentialAction\":[{\"@type\":\"ReadAction\",\"target\":[\"https:\\\/\\\/wp.kristdemokraterna.se\\\/tranas\\\/textsida-med-vanster-sidebar\\\/kontakta-oss-2\\\/\"]}]},{\"@type\":\"ImageObject\",\"inLanguage\":\"sv-SE\",\"@id\":\"https:\\\/\\\/wp.kristdemokraterna.se\\\/tranas\\\/textsida-med-vanster-sidebar\\\/kontakta-oss-2\\\/#primaryimage\",\"url\":\"http:\\\/\\\/wp.kristdemokraterna.se\\\/tranas\\\/files\\\/2024\\\/05\\\/mats-antonsson-1024x839.jpg\",\"contentUrl\":\"http:\\\/\\\/wp.kristdemokraterna.se\\\/tranas\\\/files\\\/2024\\\/05\\\/mats-antonsson-1024x839.jpg\"},{\"@type\":\"BreadcrumbList\",\"@id\":\"https:\\\/\\\/wp.kristdemokraterna.se\\\/tranas\\\/textsida-med-vanster-sidebar\\\/kontakta-oss-2\\\/#breadcrumb\",\"itemListElement\":[{\"@type\":\"ListItem\",\"position\":1,\"name\":\"Hem\",\"item\":\"https:\\\/\\\/wp.kristdemokraterna.se\\\/tranas\\\/\"},{\"@type\":\"ListItem\",\"position\":2,\"name\":\"V\u00e5r partiavdelning\",\"item\":\"https:\\\/\\\/wp.kristdemokraterna.se\\\/tranas\\\/textsida-med-vanster-sidebar\\\/\"},{\"@type\":\"ListItem\",\"position\":3,\"name\":\"Kontakta oss\"}]},{\"@type\":\"WebSite\",\"@id\":\"https:\\\/\\\/wp.kristdemokraterna.se\\\/tranas\\\/#website\",\"url\":\"https:\\\/\\\/wp.kristdemokraterna.se\\\/tranas\\\/\",\"name\":\"Kristdemokraterna | Tran\u00e5s\",\"description\":\"Kristdemokraterna i Tran\u00e5s webbplats\",\"inLanguage\":\"sv-SE\"}]}<\/script>\n<!-- \/ Yoast SEO plugin. -->","yoast_head_json":{"title":"Kontakta oss - Kristdemokraterna | Tran\u00e5s","robots":{"index":"index","follow":"follow","max-snippet":"max-snippet:-1","max-image-preview":"max-image-preview:large","max-video-preview":"max-video-preview:-1"},"canonical":"https:\/\/wp.kristdemokraterna.se\/tranas\/textsida-med-vanster-sidebar\/kontakta-oss-2\/","og_locale":"sv_SE","og_type":"article","og_title":"Kontakta oss - Kristdemokraterna | Tran\u00e5s","og_description":"Tran\u00e5s partiavdelning Mats Antonsson &#8211; ordf\u00f6rande Telefon: 070 &#8211; 2479285 Epost: mats.antonsson@kristdemokraterna.se Postadress: Orkestergatan 1, 57338 Tran\u00e5s Webbplats: http\/\/:kristdemokraterna.se\/tranas\/ &nbsp; H\u00e4r hittar du v\u00e5ra f\u00f6rtroendevalda","og_url":"https:\/\/wp.kristdemokraterna.se\/tranas\/textsida-med-vanster-sidebar\/kontakta-oss-2\/","og_site_name":"Kristdemokraterna | Tran\u00e5s","article_modified_time":"2025-08-26T10:14:01+00:00","og_image":[{"width":1416,"height":1160,"url":"https:\/\/wp.kristdemokraterna.se\/tranas\/files\/2024\/05\/mats-antonsson.jpg","type":"image\/jpeg"}],"twitter_card":"summary_large_image","twitter_misc":{"Ber\u00e4knad l\u00e4stid":"1 minut"},"schema":{"@context":"https:\/\/schema.org","@graph":[{"@type":"WebPage","@id":"https:\/\/wp.kristdemokraterna.se\/tranas\/textsida-med-vanster-sidebar\/kontakta-oss-2\/","url":"https:\/\/wp.kristdemokraterna.se\/tranas\/textsida-med-vanster-sidebar\/kontakta-oss-2\/","name":"Kontakta oss - Kristdemokraterna | Tran\u00e5s","isPartOf":{"@id":"https:\/\/wp.kristdemokraterna.se\/tranas\/#website"},"primaryImageOfPage":{"@id":"https:\/\/wp.kristdemokraterna.se\/tranas\/textsida-med-vanster-sidebar\/kontakta-oss-2\/#primaryimage"},"image":{"@id":"https:\/\/wp.kristdemokraterna.se\/tranas\/textsida-med-vanster-sidebar\/kontakta-oss-2\/#primaryimage"},"thumbnailUrl":"http:\/\/wp.kristdemokraterna.se\/tranas\/files\/2024\/05\/mats-antonsson-1024x839.jpg","datePublished":"2017-12-04T15:11:27+00:00","dateModified":"2025-08-26T10:14:01+00:00","breadcrumb":{"@id":"https:\/\/wp.kristdemokraterna.se\/tranas\/textsida-med-vanster-sidebar\/kontakta-oss-2\/#breadcrumb"},"inLanguage":"sv-SE","potentialAction":[{"@type":"ReadAction","target":["https:\/\/wp.kristdemokraterna.se\/tranas\/textsida-med-vanster-sidebar\/kontakta-oss-2\/"]}]},{"@type":"ImageObject","inLanguage":"sv-SE","@id":"https:\/\/wp.kristdemokraterna.se\/tranas\/textsida-med-vanster-sidebar\/kontakta-oss-2\/#primaryimage","url":"http:\/\/wp.kristdemokraterna.se\/tranas\/files\/2024\/05\/mats-antonsson-1024x839.jpg","contentUrl":"http:\/\/wp.kristdemokraterna.se\/tranas\/files\/2024\/05\/mats-antonsson-1024x839.jpg"},{"@type":"BreadcrumbList","@id":"https:\/\/wp.kristdemokraterna.se\/tranas\/textsida-med-vanster-sidebar\/kontakta-oss-2\/#breadcrumb","itemListElement":[{"@type":"ListItem","position":1,"name":"Hem","item":"https:\/\/wp.kristdemokraterna.se\/tranas\/"},{"@type":"ListItem","position":2,"name":"V\u00e5r partiavdelning","item":"https:\/\/wp.kristdemokraterna.se\/tranas\/textsida-med-vanster-sidebar\/"},{"@type":"ListItem","position":3,"name":"Kontakta oss"}]},{"@type":"WebSite","@id":"https:\/\/wp.kristdemokraterna.se\/tranas\/#website","url":"https:\/\/wp.kristdemokraterna.se\/tranas\/","name":"Kristdemokraterna | Tran\u00e5s","description":"Kristdemokraterna i Tran\u00e5s webbplats","inLanguage":"sv-SE"}]}},"_links":{"self":[{"href":"https:\/\/wp.kristdemokraterna.se\/tranas\/wp-json\/wp\/v2\/pages\/363","targetHints":{"allow":["GET"]}}],"collection":[{"href":"https:\/\/wp.kristdemokraterna.se\/tranas\/wp-json\/wp\/v2\/pages"}],"about":[{"href":"https:\/\/wp.kristdemokraterna.se\/tranas\/wp-json\/wp\/v2\/types\/page"}],"author":[{"embeddable":true,"href":"https:\/\/wp.kristdemokraterna.se\/tranas\/wp-json\/wp\/v2\/users\/469"}],"replies":[{"embeddable":true,"href":"https:\/\/wp.kristdemokraterna.se\/tranas\/wp-json\/wp\/v2\/comments?post=363"}],"version-history":[{"count":13,"href":"https:\/\/wp.kristdemokraterna.se\/tranas\/wp-json\/wp\/v2\/pages\/363\/revisions"}],"predecessor-version":[{"id":872,"href":"https:\/\/wp.kristdemokraterna.se\/tranas\/wp-json\/wp\/v2\/pages\/363\/revisions\/872"}],"up":[{"embeddable":true,"href":"https:\/\/wp.kristdemokraterna.se\/tranas\/wp-json\/wp\/v2\/pages\/269"}],"wp:attachment":[{"href":"https:\/\/wp.kristdemokraterna.se\/tranas\/wp-json\/wp\/v2\/media?parent=363"}],"curies":[{"name":"wp","href":"https:\/\/api.w.org\/{rel}","templated":true}]}}