{"id":688,"date":"2020-06-03T12:17:56","date_gmt":"2020-06-03T10:17:56","guid":{"rendered":"http:\/\/wp.kristdemokraterna.se\/tranas\/?page_id=688"},"modified":"2025-08-21T21:28:57","modified_gmt":"2025-08-21T19:28:57","slug":"vitsippspriset","status":"publish","type":"page","link":"https:\/\/wp.kristdemokraterna.se\/tranas\/textsida-med-vanster-sidebar\/vitsippspriset\/","title":{"rendered":"Vitsippepriset 2023 &#8211; 2024"},"content":{"rendered":"<p style=\"text-align: center\"><strong><a href=\"http:\/\/wp.kristdemokraterna.se\/tranas\/files\/2024\/05\/dsc_5791-scaled.jpg\"><img loading=\"lazy\" decoding=\"async\" class=\"alignnone wp-image-787\" src=\"http:\/\/wp.kristdemokraterna.se\/tranas\/files\/2024\/05\/dsc_5791-1024x653.jpg\" alt=\"\" width=\"636\" height=\"406\" srcset=\"https:\/\/wp.kristdemokraterna.se\/tranas\/files\/2024\/05\/dsc_5791-1024x653.jpg 1024w, https:\/\/wp.kristdemokraterna.se\/tranas\/files\/2024\/05\/dsc_5791-300x191.jpg 300w, https:\/\/wp.kristdemokraterna.se\/tranas\/files\/2024\/05\/dsc_5791-768x490.jpg 768w, https:\/\/wp.kristdemokraterna.se\/tranas\/files\/2024\/05\/dsc_5791-1536x980.jpg 1536w, https:\/\/wp.kristdemokraterna.se\/tranas\/files\/2024\/05\/dsc_5791-2048x1307.jpg 2048w, https:\/\/wp.kristdemokraterna.se\/tranas\/files\/2024\/05\/dsc_5791-313x200.jpg 313w, https:\/\/wp.kristdemokraterna.se\/tranas\/files\/2024\/05\/dsc_5791-370x236.jpg 370w, https:\/\/wp.kristdemokraterna.se\/tranas\/files\/2024\/05\/dsc_5791-770x491.jpg 770w, https:\/\/wp.kristdemokraterna.se\/tranas\/files\/2024\/05\/dsc_5791-450x287.jpg 450w, https:\/\/wp.kristdemokraterna.se\/tranas\/files\/2024\/05\/dsc_5791-280x179.jpg 280w, https:\/\/wp.kristdemokraterna.se\/tranas\/files\/2024\/05\/dsc_5791-340x217.jpg 340w, https:\/\/wp.kristdemokraterna.se\/tranas\/files\/2024\/05\/dsc_5791-200x128.jpg 200w, https:\/\/wp.kristdemokraterna.se\/tranas\/files\/2024\/05\/dsc_5791-88x56.jpg 88w\" sizes=\"auto, (max-width: 636px) 100vw, 636px\" \/><\/a><br \/>\n<\/strong><\/p>\n<p style=\"text-align: center\"><strong>25 maj 2024 &#8211; Vitsippepriset tilldelas Fridhems Ridklubb<\/strong><\/p>\n<p style=\"text-align: left;padding-left: 80px\">Med m\u00e5l att alla ska ha samma r\u00e4ttigheter och m\u00f6jligheter genom anpassad utrustning och med ett imponerande engagemang.<br \/>\nMed h\u00e4star och lektioner anpassade efter funktionsnedsattas egna f\u00f6ruts\u00e4ttningar f\u00f6r att ALLA som vill ska f\u00e5 vara med p\u00e5 sin egen niv\u00e5 och efter egen f\u00f6rm\u00e5ga.<\/p>\n<p style=\"text-align: center\"><strong><a href=\"http:\/\/wp.kristdemokraterna.se\/tranas\/files\/2020\/06\/vit4-rotated.jpg\"><img loading=\"lazy\" decoding=\"async\" class=\"alignnone size-full wp-image-685\" src=\"http:\/\/wp.kristdemokraterna.se\/tranas\/files\/2020\/06\/vit4-rotated.jpg\" alt=\"\" width=\"640\" height=\"640\" srcset=\"https:\/\/wp.kristdemokraterna.se\/tranas\/files\/2020\/06\/vit4-rotated.jpg 640w, https:\/\/wp.kristdemokraterna.se\/tranas\/files\/2020\/06\/vit4-300x300.jpg 300w, https:\/\/wp.kristdemokraterna.se\/tranas\/files\/2020\/06\/vit4-150x150.jpg 150w, https:\/\/wp.kristdemokraterna.se\/tranas\/files\/2020\/06\/vit4-200x200.jpg 200w, https:\/\/wp.kristdemokraterna.se\/tranas\/files\/2020\/06\/vit4-370x370.jpg 370w, https:\/\/wp.kristdemokraterna.se\/tranas\/files\/2020\/06\/vit4-90x90.jpg 90w, https:\/\/wp.kristdemokraterna.se\/tranas\/files\/2020\/06\/vit4-450x450.jpg 450w, https:\/\/wp.kristdemokraterna.se\/tranas\/files\/2020\/06\/vit4-280x280.jpg 280w, https:\/\/wp.kristdemokraterna.se\/tranas\/files\/2020\/06\/vit4-340x340.jpg 340w, https:\/\/wp.kristdemokraterna.se\/tranas\/files\/2020\/06\/vit4-56x56.jpg 56w\" sizes=\"auto, (max-width: 640px) 100vw, 640px\" \/><\/a><\/strong><\/p>\n<p style=\"text-align: left;padding-left: 80px\"><strong>P\u00e5 pingstafton 2023 tilldelades Tran\u00e5s Musikk\u00e5r Kristdemokraternas Vitsippspris med nedanst\u00e5ende motivering:<\/strong><\/p>\n<p style=\"text-align: left;padding-left: 80px\">F\u00f6r \u00e5terkommande ideella insatser inom musiklivet i Tran\u00e5s och ansvar och engagemang f\u00f6r att skapa gemenskap \u00f6ver generationsgr\u00e4nser inom musiken.<br \/>\n\u00c5rligen \u00e5terkommande marscher p\u00e5 Storgatan, konserter i olika sammanhang \u00e5ret runt samt julkonsert som f\u00f6rgyller livet f\u00f6r oss Tran\u00e5sbor och dessutom med m\u00f6jlighet att se och h\u00f6ra professionella artister fr\u00e5n hela landet. Tran\u00e5s Musikk\u00e5r \u00e4r en mycket god ambassad\u00f6r f\u00f6r Tran\u00e5s och ett exempel p\u00e5 f\u00f6reningslivets stora betydelse f\u00f6r ett gott liv.<\/p>\n","protected":false},"excerpt":{"rendered":"<p>25 maj 2024 &#8211; Vitsippepriset tilldelas Fridhems Ridklubb Med m\u00e5l att alla ska ha samma r\u00e4ttigheter och m\u00f6jligheter genom anpassad utrustning och med ett imponerande engagemang. Med h\u00e4star och lektioner anpassade efter funktionsnedsattas egna f\u00f6ruts\u00e4ttningar f\u00f6r att ALLA som vill ska f\u00e5 vara med p\u00e5 sin egen niv\u00e5 och efter egen f\u00f6rm\u00e5ga. P\u00e5 pingstafton 2023 <a class=\"read-more-link\" href=\"https:\/\/wp.kristdemokraterna.se\/tranas\/textsida-med-vanster-sidebar\/vitsippspriset\/\">L\u00e4s mer<\/a><\/p>\n","protected":false},"author":469,"featured_media":0,"parent":269,"menu_order":4,"comment_status":"closed","ping_status":"closed","template":"page.php","meta":{"_acf_changed":false,"footnotes":""},"class_list":["post-688","page","type-page","status-publish","hentry"],"acf":[],"yoast_head":"<!-- This site is optimized with the Yoast SEO plugin v27.4 - https:\/\/yoast.com\/product\/yoast-seo-wordpress\/ -->\n<title>Vitsippepriset 2023 - 2024 - Kristdemokraterna | Tran\u00e5s<\/title>\n<meta name=\"robots\" content=\"index, follow, max-snippet:-1, max-image-preview:large, max-video-preview:-1\" \/>\n<link rel=\"canonical\" href=\"https:\/\/wp.kristdemokraterna.se\/tranas\/textsida-med-vanster-sidebar\/vitsippspriset\/\" \/>\n<meta property=\"og:locale\" content=\"sv_SE\" \/>\n<meta property=\"og:type\" content=\"article\" \/>\n<meta property=\"og:title\" content=\"Vitsippepriset 2023 - 2024 - Kristdemokraterna | Tran\u00e5s\" \/>\n<meta property=\"og:description\" content=\"25 maj 2024 &#8211; Vitsippepriset tilldelas Fridhems Ridklubb Med m\u00e5l att alla ska ha samma r\u00e4ttigheter och m\u00f6jligheter genom anpassad utrustning och med ett imponerande engagemang. Med h\u00e4star och lektioner anpassade efter funktionsnedsattas egna f\u00f6ruts\u00e4ttningar f\u00f6r att ALLA som vill ska f\u00e5 vara med p\u00e5 sin egen niv\u00e5 och efter egen f\u00f6rm\u00e5ga. P\u00e5 pingstafton 2023 L\u00e4s mer\" \/>\n<meta property=\"og:url\" content=\"https:\/\/wp.kristdemokraterna.se\/tranas\/textsida-med-vanster-sidebar\/vitsippspriset\/\" \/>\n<meta property=\"og:site_name\" content=\"Kristdemokraterna | Tran\u00e5s\" \/>\n<meta property=\"article:modified_time\" content=\"2025-08-21T19:28:57+00:00\" \/>\n<meta property=\"og:image\" content=\"https:\/\/wp.kristdemokraterna.se\/tranas\/files\/2024\/05\/dsc_5791-1024x653.jpg\" \/>\n\t<meta property=\"og:image:width\" content=\"1024\" \/>\n\t<meta property=\"og:image:height\" content=\"653\" \/>\n\t<meta property=\"og:image:type\" content=\"image\/jpeg\" \/>\n<meta name=\"twitter:card\" content=\"summary_large_image\" \/>\n<meta name=\"twitter:label1\" content=\"Ber\u00e4knad l\u00e4stid\" \/>\n\t<meta name=\"twitter:data1\" content=\"2 minuter\" \/>\n<script type=\"application\/ld+json\" class=\"yoast-schema-graph\">{\"@context\":\"https:\\\/\\\/schema.org\",\"@graph\":[{\"@type\":\"WebPage\",\"@id\":\"https:\\\/\\\/wp.kristdemokraterna.se\\\/tranas\\\/textsida-med-vanster-sidebar\\\/vitsippspriset\\\/\",\"url\":\"https:\\\/\\\/wp.kristdemokraterna.se\\\/tranas\\\/textsida-med-vanster-sidebar\\\/vitsippspriset\\\/\",\"name\":\"Vitsippepriset 2023 - 2024 - Kristdemokraterna | Tran\u00e5s\",\"isPartOf\":{\"@id\":\"https:\\\/\\\/wp.kristdemokraterna.se\\\/tranas\\\/#website\"},\"primaryImageOfPage\":{\"@id\":\"https:\\\/\\\/wp.kristdemokraterna.se\\\/tranas\\\/textsida-med-vanster-sidebar\\\/vitsippspriset\\\/#primaryimage\"},\"image\":{\"@id\":\"https:\\\/\\\/wp.kristdemokraterna.se\\\/tranas\\\/textsida-med-vanster-sidebar\\\/vitsippspriset\\\/#primaryimage\"},\"thumbnailUrl\":\"http:\\\/\\\/wp.kristdemokraterna.se\\\/tranas\\\/files\\\/2024\\\/05\\\/dsc_5791-1024x653.jpg\",\"datePublished\":\"2020-06-03T10:17:56+00:00\",\"dateModified\":\"2025-08-21T19:28:57+00:00\",\"breadcrumb\":{\"@id\":\"https:\\\/\\\/wp.kristdemokraterna.se\\\/tranas\\\/textsida-med-vanster-sidebar\\\/vitsippspriset\\\/#breadcrumb\"},\"inLanguage\":\"sv-SE\",\"potentialAction\":[{\"@type\":\"ReadAction\",\"target\":[\"https:\\\/\\\/wp.kristdemokraterna.se\\\/tranas\\\/textsida-med-vanster-sidebar\\\/vitsippspriset\\\/\"]}]},{\"@type\":\"ImageObject\",\"inLanguage\":\"sv-SE\",\"@id\":\"https:\\\/\\\/wp.kristdemokraterna.se\\\/tranas\\\/textsida-med-vanster-sidebar\\\/vitsippspriset\\\/#primaryimage\",\"url\":\"http:\\\/\\\/wp.kristdemokraterna.se\\\/tranas\\\/files\\\/2024\\\/05\\\/dsc_5791-1024x653.jpg\",\"contentUrl\":\"http:\\\/\\\/wp.kristdemokraterna.se\\\/tranas\\\/files\\\/2024\\\/05\\\/dsc_5791-1024x653.jpg\"},{\"@type\":\"BreadcrumbList\",\"@id\":\"https:\\\/\\\/wp.kristdemokraterna.se\\\/tranas\\\/textsida-med-vanster-sidebar\\\/vitsippspriset\\\/#breadcrumb\",\"itemListElement\":[{\"@type\":\"ListItem\",\"position\":1,\"name\":\"Hem\",\"item\":\"https:\\\/\\\/wp.kristdemokraterna.se\\\/tranas\\\/\"},{\"@type\":\"ListItem\",\"position\":2,\"name\":\"V\u00e5r partiavdelning\",\"item\":\"https:\\\/\\\/wp.kristdemokraterna.se\\\/tranas\\\/textsida-med-vanster-sidebar\\\/\"},{\"@type\":\"ListItem\",\"position\":3,\"name\":\"Vitsippepriset 2023 &#8211; 2024\"}]},{\"@type\":\"WebSite\",\"@id\":\"https:\\\/\\\/wp.kristdemokraterna.se\\\/tranas\\\/#website\",\"url\":\"https:\\\/\\\/wp.kristdemokraterna.se\\\/tranas\\\/\",\"name\":\"Kristdemokraterna | Tran\u00e5s\",\"description\":\"Kristdemokraterna i Tran\u00e5s webbplats\",\"inLanguage\":\"sv-SE\"}]}<\/script>\n<!-- \/ Yoast SEO plugin. -->","yoast_head_json":{"title":"Vitsippepriset 2023 - 2024 - Kristdemokraterna | Tran\u00e5s","robots":{"index":"index","follow":"follow","max-snippet":"max-snippet:-1","max-image-preview":"max-image-preview:large","max-video-preview":"max-video-preview:-1"},"canonical":"https:\/\/wp.kristdemokraterna.se\/tranas\/textsida-med-vanster-sidebar\/vitsippspriset\/","og_locale":"sv_SE","og_type":"article","og_title":"Vitsippepriset 2023 - 2024 - Kristdemokraterna | Tran\u00e5s","og_description":"25 maj 2024 &#8211; Vitsippepriset tilldelas Fridhems Ridklubb Med m\u00e5l att alla ska ha samma r\u00e4ttigheter och m\u00f6jligheter genom anpassad utrustning och med ett imponerande engagemang. Med h\u00e4star och lektioner anpassade efter funktionsnedsattas egna f\u00f6ruts\u00e4ttningar f\u00f6r att ALLA som vill ska f\u00e5 vara med p\u00e5 sin egen niv\u00e5 och efter egen f\u00f6rm\u00e5ga. P\u00e5 pingstafton 2023 L\u00e4s mer","og_url":"https:\/\/wp.kristdemokraterna.se\/tranas\/textsida-med-vanster-sidebar\/vitsippspriset\/","og_site_name":"Kristdemokraterna | Tran\u00e5s","article_modified_time":"2025-08-21T19:28:57+00:00","og_image":[{"width":1024,"height":653,"url":"https:\/\/wp.kristdemokraterna.se\/tranas\/files\/2024\/05\/dsc_5791-1024x653.jpg","type":"image\/jpeg"}],"twitter_card":"summary_large_image","twitter_misc":{"Ber\u00e4knad l\u00e4stid":"2 minuter"},"schema":{"@context":"https:\/\/schema.org","@graph":[{"@type":"WebPage","@id":"https:\/\/wp.kristdemokraterna.se\/tranas\/textsida-med-vanster-sidebar\/vitsippspriset\/","url":"https:\/\/wp.kristdemokraterna.se\/tranas\/textsida-med-vanster-sidebar\/vitsippspriset\/","name":"Vitsippepriset 2023 - 2024 - Kristdemokraterna | Tran\u00e5s","isPartOf":{"@id":"https:\/\/wp.kristdemokraterna.se\/tranas\/#website"},"primaryImageOfPage":{"@id":"https:\/\/wp.kristdemokraterna.se\/tranas\/textsida-med-vanster-sidebar\/vitsippspriset\/#primaryimage"},"image":{"@id":"https:\/\/wp.kristdemokraterna.se\/tranas\/textsida-med-vanster-sidebar\/vitsippspriset\/#primaryimage"},"thumbnailUrl":"http:\/\/wp.kristdemokraterna.se\/tranas\/files\/2024\/05\/dsc_5791-1024x653.jpg","datePublished":"2020-06-03T10:17:56+00:00","dateModified":"2025-08-21T19:28:57+00:00","breadcrumb":{"@id":"https:\/\/wp.kristdemokraterna.se\/tranas\/textsida-med-vanster-sidebar\/vitsippspriset\/#breadcrumb"},"inLanguage":"sv-SE","potentialAction":[{"@type":"ReadAction","target":["https:\/\/wp.kristdemokraterna.se\/tranas\/textsida-med-vanster-sidebar\/vitsippspriset\/"]}]},{"@type":"ImageObject","inLanguage":"sv-SE","@id":"https:\/\/wp.kristdemokraterna.se\/tranas\/textsida-med-vanster-sidebar\/vitsippspriset\/#primaryimage","url":"http:\/\/wp.kristdemokraterna.se\/tranas\/files\/2024\/05\/dsc_5791-1024x653.jpg","contentUrl":"http:\/\/wp.kristdemokraterna.se\/tranas\/files\/2024\/05\/dsc_5791-1024x653.jpg"},{"@type":"BreadcrumbList","@id":"https:\/\/wp.kristdemokraterna.se\/tranas\/textsida-med-vanster-sidebar\/vitsippspriset\/#breadcrumb","itemListElement":[{"@type":"ListItem","position":1,"name":"Hem","item":"https:\/\/wp.kristdemokraterna.se\/tranas\/"},{"@type":"ListItem","position":2,"name":"V\u00e5r partiavdelning","item":"https:\/\/wp.kristdemokraterna.se\/tranas\/textsida-med-vanster-sidebar\/"},{"@type":"ListItem","position":3,"name":"Vitsippepriset 2023 &#8211; 2024"}]},{"@type":"WebSite","@id":"https:\/\/wp.kristdemokraterna.se\/tranas\/#website","url":"https:\/\/wp.kristdemokraterna.se\/tranas\/","name":"Kristdemokraterna | Tran\u00e5s","description":"Kristdemokraterna i Tran\u00e5s webbplats","inLanguage":"sv-SE"}]}},"_links":{"self":[{"href":"https:\/\/wp.kristdemokraterna.se\/tranas\/wp-json\/wp\/v2\/pages\/688","targetHints":{"allow":["GET"]}}],"collection":[{"href":"https:\/\/wp.kristdemokraterna.se\/tranas\/wp-json\/wp\/v2\/pages"}],"about":[{"href":"https:\/\/wp.kristdemokraterna.se\/tranas\/wp-json\/wp\/v2\/types\/page"}],"author":[{"embeddable":true,"href":"https:\/\/wp.kristdemokraterna.se\/tranas\/wp-json\/wp\/v2\/users\/469"}],"replies":[{"embeddable":true,"href":"https:\/\/wp.kristdemokraterna.se\/tranas\/wp-json\/wp\/v2\/comments?post=688"}],"version-history":[{"count":15,"href":"https:\/\/wp.kristdemokraterna.se\/tranas\/wp-json\/wp\/v2\/pages\/688\/revisions"}],"predecessor-version":[{"id":861,"href":"https:\/\/wp.kristdemokraterna.se\/tranas\/wp-json\/wp\/v2\/pages\/688\/revisions\/861"}],"up":[{"embeddable":true,"href":"https:\/\/wp.kristdemokraterna.se\/tranas\/wp-json\/wp\/v2\/pages\/269"}],"wp:attachment":[{"href":"https:\/\/wp.kristdemokraterna.se\/tranas\/wp-json\/wp\/v2\/media?parent=688"}],"curies":[{"name":"wp","href":"https:\/\/api.w.org\/{rel}","templated":true}]}}