{"id":790,"date":"2024-05-25T15:55:19","date_gmt":"2024-05-25T13:55:19","guid":{"rendered":"https:\/\/wp.kristdemokraterna.se\/tranas\/?page_id=790"},"modified":"2025-08-21T21:25:35","modified_gmt":"2025-08-21T19:25:35","slug":"en-trevlig-dag-i-tranas","status":"publish","type":"page","link":"https:\/\/wp.kristdemokraterna.se\/tranas\/textsida-med-vanster-sidebar\/en-trevlig-dag-i-tranas\/","title":{"rendered":"En trevlig dag i Tran\u00e5s"},"content":{"rendered":"<p style=\"text-align: center\">idag den 25 maj 2024 var det en h\u00e4ndelserik och trevlig dag med mycket folk i r\u00f6relse i Tran\u00e5s.<\/p>\n<p style=\"text-align: center\"><a href=\"http:\/\/wp.kristdemokraterna.se\/tranas\/files\/2024\/05\/dsc_5724-scaled.jpg\"><img loading=\"lazy\" decoding=\"async\" class=\"alignnone wp-image-796\" src=\"http:\/\/wp.kristdemokraterna.se\/tranas\/files\/2024\/05\/dsc_5724-1024x693.jpg\" alt=\"\" width=\"609\" height=\"412\" srcset=\"https:\/\/wp.kristdemokraterna.se\/tranas\/files\/2024\/05\/dsc_5724-1024x693.jpg 1024w, https:\/\/wp.kristdemokraterna.se\/tranas\/files\/2024\/05\/dsc_5724-300x203.jpg 300w, https:\/\/wp.kristdemokraterna.se\/tranas\/files\/2024\/05\/dsc_5724-768x520.jpg 768w, https:\/\/wp.kristdemokraterna.se\/tranas\/files\/2024\/05\/dsc_5724-1536x1039.jpg 1536w, https:\/\/wp.kristdemokraterna.se\/tranas\/files\/2024\/05\/dsc_5724-2048x1386.jpg 2048w, https:\/\/wp.kristdemokraterna.se\/tranas\/files\/2024\/05\/dsc_5724-296x200.jpg 296w, https:\/\/wp.kristdemokraterna.se\/tranas\/files\/2024\/05\/dsc_5724-370x250.jpg 370w, https:\/\/wp.kristdemokraterna.se\/tranas\/files\/2024\/05\/dsc_5724-770x521.jpg 770w, https:\/\/wp.kristdemokraterna.se\/tranas\/files\/2024\/05\/dsc_5724-450x305.jpg 450w, https:\/\/wp.kristdemokraterna.se\/tranas\/files\/2024\/05\/dsc_5724-280x189.jpg 280w, https:\/\/wp.kristdemokraterna.se\/tranas\/files\/2024\/05\/dsc_5724-340x230.jpg 340w, https:\/\/wp.kristdemokraterna.se\/tranas\/files\/2024\/05\/dsc_5724-200x135.jpg 200w, https:\/\/wp.kristdemokraterna.se\/tranas\/files\/2024\/05\/dsc_5724-83x56.jpg 83w\" sizes=\"auto, (max-width: 609px) 100vw, 609px\" \/><\/a><\/p>\n<p style=\"text-align: center\">Vi hade bes\u00f6k av Ella Kardemark som \u00e4r mycket engagerad och vill ta det lokala perspektivet till EU.<\/p>\n<p style=\"text-align: center\"><a href=\"http:\/\/wp.kristdemokraterna.se\/tranas\/files\/2024\/05\/dsc_5690-scaled.jpg\"><img loading=\"lazy\" decoding=\"async\" class=\"alignnone wp-image-791\" src=\"http:\/\/wp.kristdemokraterna.se\/tranas\/files\/2024\/05\/dsc_5690-1024x683.jpg\" alt=\"\" width=\"612\" height=\"408\" srcset=\"https:\/\/wp.kristdemokraterna.se\/tranas\/files\/2024\/05\/dsc_5690-1024x683.jpg 1024w, https:\/\/wp.kristdemokraterna.se\/tranas\/files\/2024\/05\/dsc_5690-300x200.jpg 300w, https:\/\/wp.kristdemokraterna.se\/tranas\/files\/2024\/05\/dsc_5690-768x512.jpg 768w, https:\/\/wp.kristdemokraterna.se\/tranas\/files\/2024\/05\/dsc_5690-1536x1024.jpg 1536w, https:\/\/wp.kristdemokraterna.se\/tranas\/files\/2024\/05\/dsc_5690-2048x1365.jpg 2048w, https:\/\/wp.kristdemokraterna.se\/tranas\/files\/2024\/05\/dsc_5690-370x247.jpg 370w, https:\/\/wp.kristdemokraterna.se\/tranas\/files\/2024\/05\/dsc_5690-770x513.jpg 770w, https:\/\/wp.kristdemokraterna.se\/tranas\/files\/2024\/05\/dsc_5690-450x300.jpg 450w, https:\/\/wp.kristdemokraterna.se\/tranas\/files\/2024\/05\/dsc_5690-280x187.jpg 280w, https:\/\/wp.kristdemokraterna.se\/tranas\/files\/2024\/05\/dsc_5690-340x227.jpg 340w, https:\/\/wp.kristdemokraterna.se\/tranas\/files\/2024\/05\/dsc_5690-200x133.jpg 200w, https:\/\/wp.kristdemokraterna.se\/tranas\/files\/2024\/05\/dsc_5690-84x56.jpg 84w\" sizes=\"auto, (max-width: 612px) 100vw, 612px\" \/><\/a><\/p>\n<p style=\"text-align: center\">Ella Kardemark, Rolf Lindahl och Mats Antonsson<\/p>\n<p style=\"text-align: center\"><a href=\"http:\/\/wp.kristdemokraterna.se\/tranas\/files\/2024\/05\/dsc_5829-scaled.jpg\"><img loading=\"lazy\" decoding=\"async\" class=\"alignnone wp-image-795\" src=\"http:\/\/wp.kristdemokraterna.se\/tranas\/files\/2024\/05\/dsc_5829-1024x683.jpg\" alt=\"\" width=\"608\" height=\"406\" srcset=\"https:\/\/wp.kristdemokraterna.se\/tranas\/files\/2024\/05\/dsc_5829-1024x683.jpg 1024w, https:\/\/wp.kristdemokraterna.se\/tranas\/files\/2024\/05\/dsc_5829-300x200.jpg 300w, https:\/\/wp.kristdemokraterna.se\/tranas\/files\/2024\/05\/dsc_5829-768x512.jpg 768w, https:\/\/wp.kristdemokraterna.se\/tranas\/files\/2024\/05\/dsc_5829-1536x1024.jpg 1536w, https:\/\/wp.kristdemokraterna.se\/tranas\/files\/2024\/05\/dsc_5829-2048x1365.jpg 2048w, https:\/\/wp.kristdemokraterna.se\/tranas\/files\/2024\/05\/dsc_5829-370x247.jpg 370w, https:\/\/wp.kristdemokraterna.se\/tranas\/files\/2024\/05\/dsc_5829-770x513.jpg 770w, https:\/\/wp.kristdemokraterna.se\/tranas\/files\/2024\/05\/dsc_5829-450x300.jpg 450w, https:\/\/wp.kristdemokraterna.se\/tranas\/files\/2024\/05\/dsc_5829-280x187.jpg 280w, https:\/\/wp.kristdemokraterna.se\/tranas\/files\/2024\/05\/dsc_5829-340x227.jpg 340w, https:\/\/wp.kristdemokraterna.se\/tranas\/files\/2024\/05\/dsc_5829-200x133.jpg 200w, https:\/\/wp.kristdemokraterna.se\/tranas\/files\/2024\/05\/dsc_5829-84x56.jpg 84w\" sizes=\"auto, (max-width: 608px) 100vw, 608px\" \/><\/a><\/p>\n<p style=\"text-align: center\">Vitsippepriset delades ut till Fridhems Ridklubb<\/p>\n<p style=\"text-align: center\"><a href=\"http:\/\/wp.kristdemokraterna.se\/tranas\/files\/2024\/05\/dsc_5837-scaled.jpg\"><img loading=\"lazy\" decoding=\"async\" class=\"alignnone wp-image-793\" src=\"http:\/\/wp.kristdemokraterna.se\/tranas\/files\/2024\/05\/dsc_5837-728x1024.jpg\" alt=\"\" width=\"612\" height=\"861\" srcset=\"https:\/\/wp.kristdemokraterna.se\/tranas\/files\/2024\/05\/dsc_5837-728x1024.jpg 728w, https:\/\/wp.kristdemokraterna.se\/tranas\/files\/2024\/05\/dsc_5837-213x300.jpg 213w, https:\/\/wp.kristdemokraterna.se\/tranas\/files\/2024\/05\/dsc_5837-768x1080.jpg 768w, https:\/\/wp.kristdemokraterna.se\/tranas\/files\/2024\/05\/dsc_5837-1093x1536.jpg 1093w, https:\/\/wp.kristdemokraterna.se\/tranas\/files\/2024\/05\/dsc_5837-1457x2048.jpg 1457w, https:\/\/wp.kristdemokraterna.se\/tranas\/files\/2024\/05\/dsc_5837-142x200.jpg 142w, https:\/\/wp.kristdemokraterna.se\/tranas\/files\/2024\/05\/dsc_5837-370x520.jpg 370w, https:\/\/wp.kristdemokraterna.se\/tranas\/files\/2024\/05\/dsc_5837-770x1083.jpg 770w, https:\/\/wp.kristdemokraterna.se\/tranas\/files\/2024\/05\/dsc_5837-450x633.jpg 450w, https:\/\/wp.kristdemokraterna.se\/tranas\/files\/2024\/05\/dsc_5837-280x394.jpg 280w, https:\/\/wp.kristdemokraterna.se\/tranas\/files\/2024\/05\/dsc_5837-340x478.jpg 340w, https:\/\/wp.kristdemokraterna.se\/tranas\/files\/2024\/05\/dsc_5837-40x56.jpg 40w, https:\/\/wp.kristdemokraterna.se\/tranas\/files\/2024\/05\/dsc_5837-scaled.jpg 1821w\" sizes=\"auto, (max-width: 612px) 100vw, 612px\" \/><\/a><\/p>\n<p style=\"text-align: center\">Rolf Lindahl och Leif Osbeck<\/p>\n","protected":false},"excerpt":{"rendered":"<p>idag den 25 maj 2024 var det en h\u00e4ndelserik och trevlig dag med mycket folk i r\u00f6relse i Tran\u00e5s. Vi hade bes\u00f6k av Ella Kardemark som \u00e4r mycket engagerad och vill ta det lokala perspektivet till EU. Ella Kardemark, Rolf Lindahl och Mats Antonsson Vitsippepriset delades ut till Fridhems Ridklubb Rolf Lindahl och Leif Osbeck<\/p>\n","protected":false},"author":469,"featured_media":0,"parent":269,"menu_order":5,"comment_status":"closed","ping_status":"closed","template":"page.php","meta":{"_acf_changed":false,"footnotes":""},"class_list":["post-790","page","type-page","status-publish","hentry"],"acf":[],"yoast_head":"<!-- This site is optimized with the Yoast SEO plugin v27.4 - https:\/\/yoast.com\/product\/yoast-seo-wordpress\/ -->\n<title>En trevlig dag i Tran\u00e5s - Kristdemokraterna | Tran\u00e5s<\/title>\n<meta name=\"robots\" content=\"index, follow, max-snippet:-1, max-image-preview:large, max-video-preview:-1\" \/>\n<link rel=\"canonical\" href=\"https:\/\/wp.kristdemokraterna.se\/tranas\/textsida-med-vanster-sidebar\/en-trevlig-dag-i-tranas\/\" \/>\n<meta property=\"og:locale\" content=\"sv_SE\" \/>\n<meta property=\"og:type\" content=\"article\" \/>\n<meta property=\"og:title\" content=\"En trevlig dag i Tran\u00e5s - Kristdemokraterna | Tran\u00e5s\" \/>\n<meta property=\"og:description\" content=\"idag den 25 maj 2024 var det en h\u00e4ndelserik och trevlig dag med mycket folk i r\u00f6relse i Tran\u00e5s. Vi hade bes\u00f6k av Ella Kardemark som \u00e4r mycket engagerad och vill ta det lokala perspektivet till EU. Ella Kardemark, Rolf Lindahl och Mats Antonsson Vitsippepriset delades ut till Fridhems Ridklubb Rolf Lindahl och Leif Osbeck\" \/>\n<meta property=\"og:url\" content=\"https:\/\/wp.kristdemokraterna.se\/tranas\/textsida-med-vanster-sidebar\/en-trevlig-dag-i-tranas\/\" \/>\n<meta property=\"og:site_name\" content=\"Kristdemokraterna | Tran\u00e5s\" \/>\n<meta property=\"article:modified_time\" content=\"2025-08-21T19:25:35+00:00\" \/>\n<meta property=\"og:image\" content=\"https:\/\/wp.kristdemokraterna.se\/tranas\/files\/2024\/05\/dsc_5724-1024x693.jpg\" \/>\n\t<meta property=\"og:image:width\" content=\"1024\" \/>\n\t<meta property=\"og:image:height\" content=\"693\" \/>\n\t<meta property=\"og:image:type\" content=\"image\/jpeg\" \/>\n<meta name=\"twitter:card\" content=\"summary_large_image\" \/>\n<meta name=\"twitter:label1\" content=\"Ber\u00e4knad l\u00e4stid\" \/>\n\t<meta name=\"twitter:data1\" content=\"2 minuter\" \/>\n<script type=\"application\/ld+json\" class=\"yoast-schema-graph\">{\"@context\":\"https:\\\/\\\/schema.org\",\"@graph\":[{\"@type\":\"WebPage\",\"@id\":\"https:\\\/\\\/wp.kristdemokraterna.se\\\/tranas\\\/textsida-med-vanster-sidebar\\\/en-trevlig-dag-i-tranas\\\/\",\"url\":\"https:\\\/\\\/wp.kristdemokraterna.se\\\/tranas\\\/textsida-med-vanster-sidebar\\\/en-trevlig-dag-i-tranas\\\/\",\"name\":\"En trevlig dag i Tran\u00e5s - Kristdemokraterna | Tran\u00e5s\",\"isPartOf\":{\"@id\":\"https:\\\/\\\/wp.kristdemokraterna.se\\\/tranas\\\/#website\"},\"primaryImageOfPage\":{\"@id\":\"https:\\\/\\\/wp.kristdemokraterna.se\\\/tranas\\\/textsida-med-vanster-sidebar\\\/en-trevlig-dag-i-tranas\\\/#primaryimage\"},\"image\":{\"@id\":\"https:\\\/\\\/wp.kristdemokraterna.se\\\/tranas\\\/textsida-med-vanster-sidebar\\\/en-trevlig-dag-i-tranas\\\/#primaryimage\"},\"thumbnailUrl\":\"http:\\\/\\\/wp.kristdemokraterna.se\\\/tranas\\\/files\\\/2024\\\/05\\\/dsc_5724-1024x693.jpg\",\"datePublished\":\"2024-05-25T13:55:19+00:00\",\"dateModified\":\"2025-08-21T19:25:35+00:00\",\"breadcrumb\":{\"@id\":\"https:\\\/\\\/wp.kristdemokraterna.se\\\/tranas\\\/textsida-med-vanster-sidebar\\\/en-trevlig-dag-i-tranas\\\/#breadcrumb\"},\"inLanguage\":\"sv-SE\",\"potentialAction\":[{\"@type\":\"ReadAction\",\"target\":[\"https:\\\/\\\/wp.kristdemokraterna.se\\\/tranas\\\/textsida-med-vanster-sidebar\\\/en-trevlig-dag-i-tranas\\\/\"]}]},{\"@type\":\"ImageObject\",\"inLanguage\":\"sv-SE\",\"@id\":\"https:\\\/\\\/wp.kristdemokraterna.se\\\/tranas\\\/textsida-med-vanster-sidebar\\\/en-trevlig-dag-i-tranas\\\/#primaryimage\",\"url\":\"http:\\\/\\\/wp.kristdemokraterna.se\\\/tranas\\\/files\\\/2024\\\/05\\\/dsc_5724-1024x693.jpg\",\"contentUrl\":\"http:\\\/\\\/wp.kristdemokraterna.se\\\/tranas\\\/files\\\/2024\\\/05\\\/dsc_5724-1024x693.jpg\"},{\"@type\":\"BreadcrumbList\",\"@id\":\"https:\\\/\\\/wp.kristdemokraterna.se\\\/tranas\\\/textsida-med-vanster-sidebar\\\/en-trevlig-dag-i-tranas\\\/#breadcrumb\",\"itemListElement\":[{\"@type\":\"ListItem\",\"position\":1,\"name\":\"Hem\",\"item\":\"https:\\\/\\\/wp.kristdemokraterna.se\\\/tranas\\\/\"},{\"@type\":\"ListItem\",\"position\":2,\"name\":\"V\u00e5r partiavdelning\",\"item\":\"https:\\\/\\\/wp.kristdemokraterna.se\\\/tranas\\\/textsida-med-vanster-sidebar\\\/\"},{\"@type\":\"ListItem\",\"position\":3,\"name\":\"En trevlig dag i Tran\u00e5s\"}]},{\"@type\":\"WebSite\",\"@id\":\"https:\\\/\\\/wp.kristdemokraterna.se\\\/tranas\\\/#website\",\"url\":\"https:\\\/\\\/wp.kristdemokraterna.se\\\/tranas\\\/\",\"name\":\"Kristdemokraterna | Tran\u00e5s\",\"description\":\"Kristdemokraterna i Tran\u00e5s webbplats\",\"inLanguage\":\"sv-SE\"}]}<\/script>\n<!-- \/ Yoast SEO plugin. -->","yoast_head_json":{"title":"En trevlig dag i Tran\u00e5s - Kristdemokraterna | Tran\u00e5s","robots":{"index":"index","follow":"follow","max-snippet":"max-snippet:-1","max-image-preview":"max-image-preview:large","max-video-preview":"max-video-preview:-1"},"canonical":"https:\/\/wp.kristdemokraterna.se\/tranas\/textsida-med-vanster-sidebar\/en-trevlig-dag-i-tranas\/","og_locale":"sv_SE","og_type":"article","og_title":"En trevlig dag i Tran\u00e5s - Kristdemokraterna | Tran\u00e5s","og_description":"idag den 25 maj 2024 var det en h\u00e4ndelserik och trevlig dag med mycket folk i r\u00f6relse i Tran\u00e5s. Vi hade bes\u00f6k av Ella Kardemark som \u00e4r mycket engagerad och vill ta det lokala perspektivet till EU. Ella Kardemark, Rolf Lindahl och Mats Antonsson Vitsippepriset delades ut till Fridhems Ridklubb Rolf Lindahl och Leif Osbeck","og_url":"https:\/\/wp.kristdemokraterna.se\/tranas\/textsida-med-vanster-sidebar\/en-trevlig-dag-i-tranas\/","og_site_name":"Kristdemokraterna | Tran\u00e5s","article_modified_time":"2025-08-21T19:25:35+00:00","og_image":[{"width":1024,"height":693,"url":"https:\/\/wp.kristdemokraterna.se\/tranas\/files\/2024\/05\/dsc_5724-1024x693.jpg","type":"image\/jpeg"}],"twitter_card":"summary_large_image","twitter_misc":{"Ber\u00e4knad l\u00e4stid":"2 minuter"},"schema":{"@context":"https:\/\/schema.org","@graph":[{"@type":"WebPage","@id":"https:\/\/wp.kristdemokraterna.se\/tranas\/textsida-med-vanster-sidebar\/en-trevlig-dag-i-tranas\/","url":"https:\/\/wp.kristdemokraterna.se\/tranas\/textsida-med-vanster-sidebar\/en-trevlig-dag-i-tranas\/","name":"En trevlig dag i Tran\u00e5s - Kristdemokraterna | Tran\u00e5s","isPartOf":{"@id":"https:\/\/wp.kristdemokraterna.se\/tranas\/#website"},"primaryImageOfPage":{"@id":"https:\/\/wp.kristdemokraterna.se\/tranas\/textsida-med-vanster-sidebar\/en-trevlig-dag-i-tranas\/#primaryimage"},"image":{"@id":"https:\/\/wp.kristdemokraterna.se\/tranas\/textsida-med-vanster-sidebar\/en-trevlig-dag-i-tranas\/#primaryimage"},"thumbnailUrl":"http:\/\/wp.kristdemokraterna.se\/tranas\/files\/2024\/05\/dsc_5724-1024x693.jpg","datePublished":"2024-05-25T13:55:19+00:00","dateModified":"2025-08-21T19:25:35+00:00","breadcrumb":{"@id":"https:\/\/wp.kristdemokraterna.se\/tranas\/textsida-med-vanster-sidebar\/en-trevlig-dag-i-tranas\/#breadcrumb"},"inLanguage":"sv-SE","potentialAction":[{"@type":"ReadAction","target":["https:\/\/wp.kristdemokraterna.se\/tranas\/textsida-med-vanster-sidebar\/en-trevlig-dag-i-tranas\/"]}]},{"@type":"ImageObject","inLanguage":"sv-SE","@id":"https:\/\/wp.kristdemokraterna.se\/tranas\/textsida-med-vanster-sidebar\/en-trevlig-dag-i-tranas\/#primaryimage","url":"http:\/\/wp.kristdemokraterna.se\/tranas\/files\/2024\/05\/dsc_5724-1024x693.jpg","contentUrl":"http:\/\/wp.kristdemokraterna.se\/tranas\/files\/2024\/05\/dsc_5724-1024x693.jpg"},{"@type":"BreadcrumbList","@id":"https:\/\/wp.kristdemokraterna.se\/tranas\/textsida-med-vanster-sidebar\/en-trevlig-dag-i-tranas\/#breadcrumb","itemListElement":[{"@type":"ListItem","position":1,"name":"Hem","item":"https:\/\/wp.kristdemokraterna.se\/tranas\/"},{"@type":"ListItem","position":2,"name":"V\u00e5r partiavdelning","item":"https:\/\/wp.kristdemokraterna.se\/tranas\/textsida-med-vanster-sidebar\/"},{"@type":"ListItem","position":3,"name":"En trevlig dag i Tran\u00e5s"}]},{"@type":"WebSite","@id":"https:\/\/wp.kristdemokraterna.se\/tranas\/#website","url":"https:\/\/wp.kristdemokraterna.se\/tranas\/","name":"Kristdemokraterna | Tran\u00e5s","description":"Kristdemokraterna i Tran\u00e5s webbplats","inLanguage":"sv-SE"}]}},"_links":{"self":[{"href":"https:\/\/wp.kristdemokraterna.se\/tranas\/wp-json\/wp\/v2\/pages\/790","targetHints":{"allow":["GET"]}}],"collection":[{"href":"https:\/\/wp.kristdemokraterna.se\/tranas\/wp-json\/wp\/v2\/pages"}],"about":[{"href":"https:\/\/wp.kristdemokraterna.se\/tranas\/wp-json\/wp\/v2\/types\/page"}],"author":[{"embeddable":true,"href":"https:\/\/wp.kristdemokraterna.se\/tranas\/wp-json\/wp\/v2\/users\/469"}],"replies":[{"embeddable":true,"href":"https:\/\/wp.kristdemokraterna.se\/tranas\/wp-json\/wp\/v2\/comments?post=790"}],"version-history":[{"count":5,"href":"https:\/\/wp.kristdemokraterna.se\/tranas\/wp-json\/wp\/v2\/pages\/790\/revisions"}],"predecessor-version":[{"id":807,"href":"https:\/\/wp.kristdemokraterna.se\/tranas\/wp-json\/wp\/v2\/pages\/790\/revisions\/807"}],"up":[{"embeddable":true,"href":"https:\/\/wp.kristdemokraterna.se\/tranas\/wp-json\/wp\/v2\/pages\/269"}],"wp:attachment":[{"href":"https:\/\/wp.kristdemokraterna.se\/tranas\/wp-json\/wp\/v2\/media?parent=790"}],"curies":[{"name":"wp","href":"https:\/\/api.w.org\/{rel}","templated":true}]}}