{"id":811,"date":"2025-08-14T12:34:06","date_gmt":"2025-08-14T10:34:06","guid":{"rendered":"https:\/\/wp.kristdemokraterna.se\/tranas\/?page_id=811"},"modified":"2025-08-30T09:12:05","modified_gmt":"2025-08-30T07:12:05","slug":"fortroendevalda-i-tranas","status":"publish","type":"page","link":"https:\/\/wp.kristdemokraterna.se\/tranas\/textsida-med-vanster-sidebar\/fortroendevalda-i-tranas\/","title":{"rendered":"F\u00f6rtroendevalda i Tran\u00e5s"},"content":{"rendered":"<p><a href=\"http:\/\/wp.kristdemokraterna.se\/tranas\/files\/2025\/08\/fortroendevalda.jpg\"><img loading=\"lazy\" decoding=\"async\" class=\"alignnone size-full wp-image-912\" src=\"http:\/\/wp.kristdemokraterna.se\/tranas\/files\/2025\/08\/fortroendevalda.jpg\" alt=\"\" width=\"856\" height=\"309\" srcset=\"https:\/\/wp.kristdemokraterna.se\/tranas\/files\/2025\/08\/fortroendevalda.jpg 856w, https:\/\/wp.kristdemokraterna.se\/tranas\/files\/2025\/08\/fortroendevalda-300x108.jpg 300w, https:\/\/wp.kristdemokraterna.se\/tranas\/files\/2025\/08\/fortroendevalda-768x277.jpg 768w, https:\/\/wp.kristdemokraterna.se\/tranas\/files\/2025\/08\/fortroendevalda-370x134.jpg 370w, https:\/\/wp.kristdemokraterna.se\/tranas\/files\/2025\/08\/fortroendevalda-770x278.jpg 770w, https:\/\/wp.kristdemokraterna.se\/tranas\/files\/2025\/08\/fortroendevalda-450x162.jpg 450w, https:\/\/wp.kristdemokraterna.se\/tranas\/files\/2025\/08\/fortroendevalda-280x101.jpg 280w, https:\/\/wp.kristdemokraterna.se\/tranas\/files\/2025\/08\/fortroendevalda-340x123.jpg 340w, https:\/\/wp.kristdemokraterna.se\/tranas\/files\/2025\/08\/fortroendevalda-200x72.jpg 200w, https:\/\/wp.kristdemokraterna.se\/tranas\/files\/2025\/08\/fortroendevalda-155x56.jpg 155w\" sizes=\"auto, (max-width: 856px) 100vw, 856px\" \/><\/a><\/p>\n<p><strong>KOMMUNFULKLM\u00c4KTIGE<br \/>\n<\/strong>Mats Antonsson\u00a0 \u00a0 \u00a0mats.antonsson.po@tranas.se<br \/>\nJimmy Ryd\u00e9\u00a0 \u00a0 \u00a0 \u00a0 \u00a0 \u00a0 jimmy.ryde.po@tranas.se<br \/>\nThomas Ehn\u00a0 \u00a0 \u00a0 \u00a0 \u00a0 \u00a0thomas.ehn.po@tranas.se<br \/>\n<em>ers\u00e4ttare<\/em><br \/>\nLeif Osbeck\u00a0 \u00a0 \u00a0 \u00a0 \u00a0 \u00a0 \u00a0leif.osbeck.po@tranas.se<br \/>\nMonica H\u00f6glund<\/p>\n<p><strong>DEMOKRATIKOMMITT\u00c9N<\/strong><br \/>\nRolf Lindahl\u00a0 \u00a0 \u00a0 \u00a0 \u00a0 \u00a0 \u00a0rolf.lindahl.po@tranas.se<br \/>\n<em>ers\u00e4ttare<\/em><br \/>\nLeif Osbeck\u00a0 \u00a0 \u00a0 \u00a0 \u00a0 \u00a0 \u00a0leif.osbeck.po@tranas.se<\/p>\n<p><strong>KOMMUNSTYRELSEN<\/strong><br \/>\nTony St\u00e5hl\u00a0 \u00a0 \u00a0 \u00a0 \u00a0 \u00a0 \u00a0 \u00a0tony.stahl.po@tranas.se<br \/>\n<em>ers\u00e4ttare<\/em><br \/>\nMats Antonsson\u00a0 \u00a0 \u00a0mats.antonsson.po@tranas.se<\/p>\n<p><strong>BARN- OCH UTBILDNINGSN\u00c4MNDEN<\/strong><br \/>\nCarl Ryd\u00e9\u00a0 \u00a0 \u00a0 \u00a0 \u00a0 \u00a0 \u00a0 \u00a0 \u00a0carl.ryde.po@tranas.se<br \/>\n<em>ers\u00e4ttare<\/em><br \/>\nGunilla Bodemo Lindahl\u00a0 \u00a0gunilla.bodemo.lindahl.po@tranas.se<\/p>\n<p><strong>BYGG- OCH MILJ\u00d6N\u00c4MNDEN<\/strong><br \/>\nRolf Lindahl\u00a0 \u00a0 \u00a0 \u00a0 \u00a0 \u00a0 \u00a0rolf.lindahl.po@tranas.se<br \/>\n<em>ers\u00e4ttare<\/em><br \/>\nKenneth Andersson\u00a0 kenneth.andersson.po@tranas,se<\/p>\n<p><strong>INDIVID- OCH ARBETSMARKNADSN\u00c4MNDEN<\/strong><br \/>\nKarin Petersson\u00a0 \u00a0 \u00a0 \u00a0 \u00a0karin.petersson.po@tranas.se<\/p>\n<p><strong>KULTUR- OCH FRITIDSN\u00c4MNDEN<\/strong><br \/>\nGunilla Bodemo Lindahl\u00a0 \u00a0gunilla.bodemo.lindahl.po@tranas.se<br \/>\n<em>ers\u00e4ttare<\/em><br \/>\nThomas Ehn\u00a0 \u00a0 \u00a0 \u00a0 \u00a0 \u00a0thomas.ehn.po@tranas.se<\/p>\n<p><strong>TEKNIK- OCH GRIFTEG\u00c5RDSN\u00c4MNDEN<\/strong><br \/>\nJimmy Ryd\u00e9\u00a0 \u00a0 \u00a0 \u00a0 \u00a0 \u00a0 jimmy.ryde.po@tranas.se<br \/>\n<em>ers\u00e4ttare<\/em><br \/>\nLeif Osbeck\u00a0 \u00a0 \u00a0 \u00a0 \u00a0 \u00a0 \u00a0leif.osbeck.po@tranas.se<\/p>\n<p><strong>VALN\u00c4MNDEN<\/strong><br \/>\nJimmy Ryd\u00e9\u00a0 \u00a0 \u00a0 \u00a0 \u00a0 \u00a0 jimmy.ryde.po@tranas.se<br \/>\n<em>ers\u00e4ttare<\/em><br \/>\nBritt Antonsson\u00a0 \u00a0 \u00a0 britt.antonsson.po@tranas.se<\/p>\n<p><strong>V\u00c5RD- OCH OMSORGSN\u00c4MNDEN<\/strong><br \/>\nMats Antonsson\u00a0 \u00a0 \u00a0mats.antonsson.po@tranas.se<br \/>\n<em>ers\u00e4ttare<br \/>\n<\/em>Ingela Horgby\u00a0 \u00a0 \u00a0 \u00a0 \u00a0ingela.horgby.po@tranas.se<\/p>\n<p><strong>KOMMUNALA PENSION\u00c4RSR\u00c5DET<\/strong><br \/>\nMats Antonsson\u00a0 \u00a0 \u00a0 mats.antonsson.po@tranas.se<\/p>\n<p><strong>LANDSBYGDSR\u00c5DET<\/strong><br \/>\nThomas Ehn\u00a0 \u00a0 \u00a0 \u00a0 \u00a0 \u00a0 thomas.ehn.po@tranas.se<\/p>\n<p><strong>R\u00c5DET F\u00d6R FUNKTIONSNEDSATTA<\/strong><br \/>\nGunilla Bodemo Lindahl\u00a0 \u00a0 \u00a0 \u00a0 \u00a0 \u00a0 gunilla.bodemolindahl.po@tranas.se<\/p>\n<p><strong>TRAN\u00c5S STADSHUS AB<\/strong><br \/>\nTony St\u00e5hl\u00a0 \u00a0 \u00a0 \u00a0 \u00a0 \u00a0 \u00a0 \u00a0tony.stahl.po@tranas.se<\/p>\n","protected":false},"excerpt":{"rendered":"<p>KOMMUNFULKLM\u00c4KTIGE Mats Antonsson\u00a0 \u00a0 \u00a0mats.antonsson.po@tranas.se Jimmy Ryd\u00e9\u00a0 \u00a0 \u00a0 \u00a0 \u00a0 \u00a0 jimmy.ryde.po@tranas.se Thomas Ehn\u00a0 \u00a0 \u00a0 \u00a0 \u00a0 \u00a0thomas.ehn.po@tranas.se ers\u00e4ttare Leif Osbeck\u00a0 \u00a0 \u00a0 \u00a0 \u00a0 \u00a0 \u00a0leif.osbeck.po@tranas.se Monica H\u00f6glund DEMOKRATIKOMMITT\u00c9N Rolf Lindahl\u00a0 \u00a0 \u00a0 \u00a0 \u00a0 \u00a0 \u00a0rolf.lindahl.po@tranas.se ers\u00e4ttare Leif Osbeck\u00a0 \u00a0 \u00a0 \u00a0 \u00a0 \u00a0 \u00a0leif.osbeck.po@tranas.se KOMMUNSTYRELSEN Tony St\u00e5hl\u00a0 \u00a0 \u00a0 \u00a0 <a class=\"read-more-link\" href=\"https:\/\/wp.kristdemokraterna.se\/tranas\/textsida-med-vanster-sidebar\/fortroendevalda-i-tranas\/\">L\u00e4s mer<\/a><\/p>\n","protected":false},"author":469,"featured_media":0,"parent":269,"menu_order":0,"comment_status":"closed","ping_status":"closed","template":"","meta":{"_acf_changed":false,"footnotes":""},"class_list":["post-811","page","type-page","status-publish","hentry"],"acf":[],"yoast_head":"<!-- This site is optimized with the Yoast SEO plugin v27.4 - https:\/\/yoast.com\/product\/yoast-seo-wordpress\/ -->\n<title>F\u00f6rtroendevalda i Tran\u00e5s - Kristdemokraterna | Tran\u00e5s<\/title>\n<meta name=\"robots\" content=\"index, follow, max-snippet:-1, max-image-preview:large, max-video-preview:-1\" \/>\n<link rel=\"canonical\" href=\"https:\/\/wp.kristdemokraterna.se\/tranas\/textsida-med-vanster-sidebar\/fortroendevalda-i-tranas\/\" \/>\n<meta property=\"og:locale\" content=\"sv_SE\" \/>\n<meta property=\"og:type\" content=\"article\" \/>\n<meta property=\"og:title\" content=\"F\u00f6rtroendevalda i Tran\u00e5s - Kristdemokraterna | Tran\u00e5s\" \/>\n<meta property=\"og:description\" content=\"KOMMUNFULKLM\u00c4KTIGE Mats Antonsson\u00a0 \u00a0 \u00a0mats.antonsson.po@tranas.se Jimmy Ryd\u00e9\u00a0 \u00a0 \u00a0 \u00a0 \u00a0 \u00a0 jimmy.ryde.po@tranas.se Thomas Ehn\u00a0 \u00a0 \u00a0 \u00a0 \u00a0 \u00a0thomas.ehn.po@tranas.se ers\u00e4ttare Leif Osbeck\u00a0 \u00a0 \u00a0 \u00a0 \u00a0 \u00a0 \u00a0leif.osbeck.po@tranas.se Monica H\u00f6glund DEMOKRATIKOMMITT\u00c9N Rolf Lindahl\u00a0 \u00a0 \u00a0 \u00a0 \u00a0 \u00a0 \u00a0rolf.lindahl.po@tranas.se ers\u00e4ttare Leif Osbeck\u00a0 \u00a0 \u00a0 \u00a0 \u00a0 \u00a0 \u00a0leif.osbeck.po@tranas.se KOMMUNSTYRELSEN Tony St\u00e5hl\u00a0 \u00a0 \u00a0 \u00a0 L\u00e4s mer\" \/>\n<meta property=\"og:url\" content=\"https:\/\/wp.kristdemokraterna.se\/tranas\/textsida-med-vanster-sidebar\/fortroendevalda-i-tranas\/\" \/>\n<meta property=\"og:site_name\" content=\"Kristdemokraterna | Tran\u00e5s\" \/>\n<meta property=\"article:modified_time\" content=\"2025-08-30T07:12:05+00:00\" \/>\n<meta property=\"og:image\" content=\"https:\/\/wp.kristdemokraterna.se\/tranas\/files\/2025\/08\/fortroendevalda.jpg\" \/>\n\t<meta property=\"og:image:width\" content=\"856\" \/>\n\t<meta property=\"og:image:height\" content=\"309\" \/>\n\t<meta property=\"og:image:type\" content=\"image\/jpeg\" \/>\n<meta name=\"twitter:card\" content=\"summary_large_image\" \/>\n<meta name=\"twitter:label1\" content=\"Ber\u00e4knad l\u00e4stid\" \/>\n\t<meta name=\"twitter:data1\" content=\"1 minut\" \/>\n<script type=\"application\/ld+json\" class=\"yoast-schema-graph\">{\"@context\":\"https:\\\/\\\/schema.org\",\"@graph\":[{\"@type\":\"WebPage\",\"@id\":\"https:\\\/\\\/wp.kristdemokraterna.se\\\/tranas\\\/textsida-med-vanster-sidebar\\\/fortroendevalda-i-tranas\\\/\",\"url\":\"https:\\\/\\\/wp.kristdemokraterna.se\\\/tranas\\\/textsida-med-vanster-sidebar\\\/fortroendevalda-i-tranas\\\/\",\"name\":\"F\u00f6rtroendevalda i Tran\u00e5s - Kristdemokraterna | Tran\u00e5s\",\"isPartOf\":{\"@id\":\"https:\\\/\\\/wp.kristdemokraterna.se\\\/tranas\\\/#website\"},\"primaryImageOfPage\":{\"@id\":\"https:\\\/\\\/wp.kristdemokraterna.se\\\/tranas\\\/textsida-med-vanster-sidebar\\\/fortroendevalda-i-tranas\\\/#primaryimage\"},\"image\":{\"@id\":\"https:\\\/\\\/wp.kristdemokraterna.se\\\/tranas\\\/textsida-med-vanster-sidebar\\\/fortroendevalda-i-tranas\\\/#primaryimage\"},\"thumbnailUrl\":\"http:\\\/\\\/wp.kristdemokraterna.se\\\/tranas\\\/files\\\/2025\\\/08\\\/fortroendevalda.jpg\",\"datePublished\":\"2025-08-14T10:34:06+00:00\",\"dateModified\":\"2025-08-30T07:12:05+00:00\",\"breadcrumb\":{\"@id\":\"https:\\\/\\\/wp.kristdemokraterna.se\\\/tranas\\\/textsida-med-vanster-sidebar\\\/fortroendevalda-i-tranas\\\/#breadcrumb\"},\"inLanguage\":\"sv-SE\",\"potentialAction\":[{\"@type\":\"ReadAction\",\"target\":[\"https:\\\/\\\/wp.kristdemokraterna.se\\\/tranas\\\/textsida-med-vanster-sidebar\\\/fortroendevalda-i-tranas\\\/\"]}]},{\"@type\":\"ImageObject\",\"inLanguage\":\"sv-SE\",\"@id\":\"https:\\\/\\\/wp.kristdemokraterna.se\\\/tranas\\\/textsida-med-vanster-sidebar\\\/fortroendevalda-i-tranas\\\/#primaryimage\",\"url\":\"http:\\\/\\\/wp.kristdemokraterna.se\\\/tranas\\\/files\\\/2025\\\/08\\\/fortroendevalda.jpg\",\"contentUrl\":\"http:\\\/\\\/wp.kristdemokraterna.se\\\/tranas\\\/files\\\/2025\\\/08\\\/fortroendevalda.jpg\"},{\"@type\":\"BreadcrumbList\",\"@id\":\"https:\\\/\\\/wp.kristdemokraterna.se\\\/tranas\\\/textsida-med-vanster-sidebar\\\/fortroendevalda-i-tranas\\\/#breadcrumb\",\"itemListElement\":[{\"@type\":\"ListItem\",\"position\":1,\"name\":\"Hem\",\"item\":\"https:\\\/\\\/wp.kristdemokraterna.se\\\/tranas\\\/\"},{\"@type\":\"ListItem\",\"position\":2,\"name\":\"V\u00e5r partiavdelning\",\"item\":\"https:\\\/\\\/wp.kristdemokraterna.se\\\/tranas\\\/textsida-med-vanster-sidebar\\\/\"},{\"@type\":\"ListItem\",\"position\":3,\"name\":\"F\u00f6rtroendevalda i Tran\u00e5s\"}]},{\"@type\":\"WebSite\",\"@id\":\"https:\\\/\\\/wp.kristdemokraterna.se\\\/tranas\\\/#website\",\"url\":\"https:\\\/\\\/wp.kristdemokraterna.se\\\/tranas\\\/\",\"name\":\"Kristdemokraterna | Tran\u00e5s\",\"description\":\"Kristdemokraterna i Tran\u00e5s webbplats\",\"inLanguage\":\"sv-SE\"}]}<\/script>\n<!-- \/ Yoast SEO plugin. -->","yoast_head_json":{"title":"F\u00f6rtroendevalda i Tran\u00e5s - Kristdemokraterna | Tran\u00e5s","robots":{"index":"index","follow":"follow","max-snippet":"max-snippet:-1","max-image-preview":"max-image-preview:large","max-video-preview":"max-video-preview:-1"},"canonical":"https:\/\/wp.kristdemokraterna.se\/tranas\/textsida-med-vanster-sidebar\/fortroendevalda-i-tranas\/","og_locale":"sv_SE","og_type":"article","og_title":"F\u00f6rtroendevalda i Tran\u00e5s - Kristdemokraterna | Tran\u00e5s","og_description":"KOMMUNFULKLM\u00c4KTIGE Mats Antonsson\u00a0 \u00a0 \u00a0mats.antonsson.po@tranas.se Jimmy Ryd\u00e9\u00a0 \u00a0 \u00a0 \u00a0 \u00a0 \u00a0 jimmy.ryde.po@tranas.se Thomas Ehn\u00a0 \u00a0 \u00a0 \u00a0 \u00a0 \u00a0thomas.ehn.po@tranas.se ers\u00e4ttare Leif Osbeck\u00a0 \u00a0 \u00a0 \u00a0 \u00a0 \u00a0 \u00a0leif.osbeck.po@tranas.se Monica H\u00f6glund DEMOKRATIKOMMITT\u00c9N Rolf Lindahl\u00a0 \u00a0 \u00a0 \u00a0 \u00a0 \u00a0 \u00a0rolf.lindahl.po@tranas.se ers\u00e4ttare Leif Osbeck\u00a0 \u00a0 \u00a0 \u00a0 \u00a0 \u00a0 \u00a0leif.osbeck.po@tranas.se KOMMUNSTYRELSEN Tony St\u00e5hl\u00a0 \u00a0 \u00a0 \u00a0 L\u00e4s mer","og_url":"https:\/\/wp.kristdemokraterna.se\/tranas\/textsida-med-vanster-sidebar\/fortroendevalda-i-tranas\/","og_site_name":"Kristdemokraterna | Tran\u00e5s","article_modified_time":"2025-08-30T07:12:05+00:00","og_image":[{"width":856,"height":309,"url":"https:\/\/wp.kristdemokraterna.se\/tranas\/files\/2025\/08\/fortroendevalda.jpg","type":"image\/jpeg"}],"twitter_card":"summary_large_image","twitter_misc":{"Ber\u00e4knad l\u00e4stid":"1 minut"},"schema":{"@context":"https:\/\/schema.org","@graph":[{"@type":"WebPage","@id":"https:\/\/wp.kristdemokraterna.se\/tranas\/textsida-med-vanster-sidebar\/fortroendevalda-i-tranas\/","url":"https:\/\/wp.kristdemokraterna.se\/tranas\/textsida-med-vanster-sidebar\/fortroendevalda-i-tranas\/","name":"F\u00f6rtroendevalda i Tran\u00e5s - Kristdemokraterna | Tran\u00e5s","isPartOf":{"@id":"https:\/\/wp.kristdemokraterna.se\/tranas\/#website"},"primaryImageOfPage":{"@id":"https:\/\/wp.kristdemokraterna.se\/tranas\/textsida-med-vanster-sidebar\/fortroendevalda-i-tranas\/#primaryimage"},"image":{"@id":"https:\/\/wp.kristdemokraterna.se\/tranas\/textsida-med-vanster-sidebar\/fortroendevalda-i-tranas\/#primaryimage"},"thumbnailUrl":"http:\/\/wp.kristdemokraterna.se\/tranas\/files\/2025\/08\/fortroendevalda.jpg","datePublished":"2025-08-14T10:34:06+00:00","dateModified":"2025-08-30T07:12:05+00:00","breadcrumb":{"@id":"https:\/\/wp.kristdemokraterna.se\/tranas\/textsida-med-vanster-sidebar\/fortroendevalda-i-tranas\/#breadcrumb"},"inLanguage":"sv-SE","potentialAction":[{"@type":"ReadAction","target":["https:\/\/wp.kristdemokraterna.se\/tranas\/textsida-med-vanster-sidebar\/fortroendevalda-i-tranas\/"]}]},{"@type":"ImageObject","inLanguage":"sv-SE","@id":"https:\/\/wp.kristdemokraterna.se\/tranas\/textsida-med-vanster-sidebar\/fortroendevalda-i-tranas\/#primaryimage","url":"http:\/\/wp.kristdemokraterna.se\/tranas\/files\/2025\/08\/fortroendevalda.jpg","contentUrl":"http:\/\/wp.kristdemokraterna.se\/tranas\/files\/2025\/08\/fortroendevalda.jpg"},{"@type":"BreadcrumbList","@id":"https:\/\/wp.kristdemokraterna.se\/tranas\/textsida-med-vanster-sidebar\/fortroendevalda-i-tranas\/#breadcrumb","itemListElement":[{"@type":"ListItem","position":1,"name":"Hem","item":"https:\/\/wp.kristdemokraterna.se\/tranas\/"},{"@type":"ListItem","position":2,"name":"V\u00e5r partiavdelning","item":"https:\/\/wp.kristdemokraterna.se\/tranas\/textsida-med-vanster-sidebar\/"},{"@type":"ListItem","position":3,"name":"F\u00f6rtroendevalda i Tran\u00e5s"}]},{"@type":"WebSite","@id":"https:\/\/wp.kristdemokraterna.se\/tranas\/#website","url":"https:\/\/wp.kristdemokraterna.se\/tranas\/","name":"Kristdemokraterna | Tran\u00e5s","description":"Kristdemokraterna i Tran\u00e5s webbplats","inLanguage":"sv-SE"}]}},"_links":{"self":[{"href":"https:\/\/wp.kristdemokraterna.se\/tranas\/wp-json\/wp\/v2\/pages\/811","targetHints":{"allow":["GET"]}}],"collection":[{"href":"https:\/\/wp.kristdemokraterna.se\/tranas\/wp-json\/wp\/v2\/pages"}],"about":[{"href":"https:\/\/wp.kristdemokraterna.se\/tranas\/wp-json\/wp\/v2\/types\/page"}],"author":[{"embeddable":true,"href":"https:\/\/wp.kristdemokraterna.se\/tranas\/wp-json\/wp\/v2\/users\/469"}],"replies":[{"embeddable":true,"href":"https:\/\/wp.kristdemokraterna.se\/tranas\/wp-json\/wp\/v2\/comments?post=811"}],"version-history":[{"count":6,"href":"https:\/\/wp.kristdemokraterna.se\/tranas\/wp-json\/wp\/v2\/pages\/811\/revisions"}],"predecessor-version":[{"id":916,"href":"https:\/\/wp.kristdemokraterna.se\/tranas\/wp-json\/wp\/v2\/pages\/811\/revisions\/916"}],"up":[{"embeddable":true,"href":"https:\/\/wp.kristdemokraterna.se\/tranas\/wp-json\/wp\/v2\/pages\/269"}],"wp:attachment":[{"href":"https:\/\/wp.kristdemokraterna.se\/tranas\/wp-json\/wp\/v2\/media?parent=811"}],"curies":[{"name":"wp","href":"https:\/\/api.w.org\/{rel}","templated":true}]}}