{"id":832,"date":"2025-08-28T18:25:08","date_gmt":"2025-08-28T16:25:08","guid":{"rendered":"https:\/\/wp.kristdemokraterna.se\/tranas\/?page_id=832"},"modified":"2025-08-28T18:46:16","modified_gmt":"2025-08-28T16:46:16","slug":"kristdemokraterna-i-tranas","status":"publish","type":"page","link":"https:\/\/wp.kristdemokraterna.se\/tranas\/kristdemokraterna-i-tranas\/","title":{"rendered":"Kristdemokraterna i Tran\u00e5s"},"content":{"rendered":"<p><a href=\"http:\/\/wp.kristdemokraterna.se\/tranas\/files\/2025\/08\/gruppbild-kd-tranas-2025.jpg\"><img loading=\"lazy\" decoding=\"async\" class=\"alignnone size-large wp-image-863\" src=\"http:\/\/wp.kristdemokraterna.se\/tranas\/files\/2025\/08\/gruppbild-kd-tranas-2025-1024x648.jpg\" alt=\"\" width=\"1024\" height=\"648\" srcset=\"https:\/\/wp.kristdemokraterna.se\/tranas\/files\/2025\/08\/gruppbild-kd-tranas-2025-1024x648.jpg 1024w, https:\/\/wp.kristdemokraterna.se\/tranas\/files\/2025\/08\/gruppbild-kd-tranas-2025-300x190.jpg 300w, https:\/\/wp.kristdemokraterna.se\/tranas\/files\/2025\/08\/gruppbild-kd-tranas-2025-768x486.jpg 768w, https:\/\/wp.kristdemokraterna.se\/tranas\/files\/2025\/08\/gruppbild-kd-tranas-2025-316x200.jpg 316w, https:\/\/wp.kristdemokraterna.se\/tranas\/files\/2025\/08\/gruppbild-kd-tranas-2025-370x234.jpg 370w, https:\/\/wp.kristdemokraterna.se\/tranas\/files\/2025\/08\/gruppbild-kd-tranas-2025-770x487.jpg 770w, https:\/\/wp.kristdemokraterna.se\/tranas\/files\/2025\/08\/gruppbild-kd-tranas-2025-450x285.jpg 450w, https:\/\/wp.kristdemokraterna.se\/tranas\/files\/2025\/08\/gruppbild-kd-tranas-2025-280x177.jpg 280w, https:\/\/wp.kristdemokraterna.se\/tranas\/files\/2025\/08\/gruppbild-kd-tranas-2025-340x215.jpg 340w, https:\/\/wp.kristdemokraterna.se\/tranas\/files\/2025\/08\/gruppbild-kd-tranas-2025-200x127.jpg 200w, https:\/\/wp.kristdemokraterna.se\/tranas\/files\/2025\/08\/gruppbild-kd-tranas-2025-88x56.jpg 88w, https:\/\/wp.kristdemokraterna.se\/tranas\/files\/2025\/08\/gruppbild-kd-tranas-2025.jpg 1371w\" sizes=\"auto, (max-width: 1024px) 100vw, 1024px\" \/><\/a><\/p>\n<p>Vi vill ha ett samh\u00e4lle som tar vara p\u00e5 alla m\u00e4nniskors m\u00f6jligheter och inneboende f\u00f6rm\u00e5ga, en god integration ger trygghet i alla omr\u00e5den. Vi s\u00e4tter m\u00e4nniskov\u00e4rdet och familjen h\u00f6gt och du som h\u00e5ller med \u00e4r v\u00e4lkommen i partiet. Om du har fr\u00e5gor eller funderingar s\u00e5 kontakta oss g\u00e4rna.<\/p>\n<p>Kristdemokratisk solidaritet<br \/>\nUtg\u00e5r fr\u00e5n m\u00e4nniskans unika och okr\u00e4nkbara v\u00e4rde, personligt ansvar f\u00f6r andra och betydelsen av gemenskap. Solidaritet ses som ett moraliskt ansvar som v\u00e4xer inifr\u00e5n \u2013 fr\u00e5n individen, familjen, civilsamh\u00e4llet \u2013 och str\u00e4var efter att skydda den svage, v\u00e5rda relationer och ta ansvar f\u00f6r samh\u00e4llet i stort. Hj\u00e4lp ska ges n\u00e4ra, personligt och subsidi\u00e4rt \u2013 allts\u00e5 p\u00e5 l\u00e4gsta effektiva niv\u00e5, utan att passivisera.<\/p>\n<p>Vi vill att seniorpolitiken ska handla om mer \u00e4n pensioner och omsorg. Det handlar ocks\u00e5 om ett aktivt \u00e5ldrande, m\u00f6jlighet att arbeta l\u00e4ngre, fler anpassade bost\u00e4der och en v\u00e5rd och omsorg som ger trygghet och v\u00e4rdighet.<\/p>\n<p><strong><a href=\"https:\/\/wp.kristdemokraterna.se\/tranas\/textsida-med-vanster-sidebar\/kontakta-oss-2\/\" target=\"_blank\" rel=\"noopener\">Kontakta oss&gt;&gt;<\/a><\/strong><\/p>\n<div class=\"cff-wrapper\"><div class=\"cff-wrapper-ctn  cff-wrapper-fixed-height\"  style=\"height:300px;\" ><div id=\"cff\"  class=\"cff cff-list-container  cff-fixed-height  cff-default-styles  cff-mob-cols-1 cff-tab-cols-1\"   style=\"width:100%;\"   data-char=\"400\" ><div class=\"cff-error-msg\">\n\t<div>\n\t\t<i class=\"fa fa-lock\" aria-hidden=\"true\" style=\"margin-right: 5px;\"><\/i><b>This message is only visible to admins.<\/b><br\/>\n\t\tProblem displaying Facebook posts. Backup cache in use.\t\t\t\t\t<br\/><a href=\"javascript:void(0);\" id=\"cff-show-error\" onclick=\"cffShowError()\">Click to show error<\/a>\n\t\t\t<script type=\"text\/javascript\">function cffShowError() { document.getElementById(\"cff-error-reason\").style.display = \"block\"; document.getElementById(\"cff-show-error\").style.display = \"none\"; }<\/script>\n\t\t\t<\/div>\n\t\t\t<div id=\"cff-error-reason\">\n\t\t\t\t\t\t\t\t\t<b>Error:<\/b> (#200) Provide valid app ID\t\t\t\t\t\t\t\t\t\t\t\t\t<b>Type:<\/b> OAuthException\t\t\t\t\t\t\t\t\t\t\t\t\t\t\t\t\t\t\t\t\t\t\t\t\t\t\t\t\n\t\t\t<\/div>\n\t\t\t\t\n<\/div>\n<div class=\"cff-posts-wrap\">\n<div class=\"cff-likebox cff-bottom\" >\n\t\t<iframe title=\"Likebox Iframe\" src=\"\" class=\"fb_iframe_widget\" data-likebox-id=\"574720479216602\" data-likebox-width=\"300\" data-likebox-header=\"\" data-hide-cover=\"\" data-hide-cta=\"\" data-likebox-faces=\"\" data-height=\"130\" data-locale=\"sv_SE\" scrolling=\"no\" allowTransparency=\"true\" allow=\"encrypted-media\" ><\/iframe>\n<\/div>\n<\/div><input class=\"cff-pag-url\" type=\"hidden\" data-locatornonce=\"acc21e4705\" data-cff-shortcode=\"\" data-post-id=\"832\" data-feed-id=\"574720479216602\"><\/div><\/div><div class=\"cff-clear\"><\/div><\/div>\n<p>&nbsp;<\/p>\n","protected":false},"excerpt":{"rendered":"<p>Vi vill ha ett samh\u00e4lle som tar vara p\u00e5 alla m\u00e4nniskors m\u00f6jligheter och inneboende f\u00f6rm\u00e5ga, en god integration ger trygghet i alla omr\u00e5den. Vi s\u00e4tter m\u00e4nniskov\u00e4rdet och familjen h\u00f6gt och du som h\u00e5ller med \u00e4r v\u00e4lkommen i partiet. Om du har fr\u00e5gor eller funderingar s\u00e5 kontakta oss g\u00e4rna. Kristdemokratisk solidaritet Utg\u00e5r fr\u00e5n m\u00e4nniskans unika och <a class=\"read-more-link\" href=\"https:\/\/wp.kristdemokraterna.se\/tranas\/kristdemokraterna-i-tranas\/\">L\u00e4s mer<\/a><\/p>\n","protected":false},"author":469,"featured_media":0,"parent":0,"menu_order":0,"comment_status":"closed","ping_status":"closed","template":"page-full.php","meta":{"_acf_changed":false,"footnotes":""},"class_list":["post-832","page","type-page","status-publish","hentry"],"acf":[],"yoast_head":"<!-- This site is optimized with the Yoast SEO plugin v27.4 - https:\/\/yoast.com\/product\/yoast-seo-wordpress\/ -->\n<title>Kristdemokraterna i Tran\u00e5s - Kristdemokraterna | Tran\u00e5s<\/title>\n<meta name=\"robots\" content=\"index, follow, max-snippet:-1, max-image-preview:large, max-video-preview:-1\" \/>\n<link rel=\"canonical\" href=\"https:\/\/wp.kristdemokraterna.se\/tranas\/kristdemokraterna-i-tranas\/\" \/>\n<meta property=\"og:locale\" content=\"sv_SE\" \/>\n<meta property=\"og:type\" content=\"article\" \/>\n<meta property=\"og:title\" content=\"Kristdemokraterna i Tran\u00e5s - Kristdemokraterna | Tran\u00e5s\" \/>\n<meta property=\"og:description\" content=\"Vi vill ha ett samh\u00e4lle som tar vara p\u00e5 alla m\u00e4nniskors m\u00f6jligheter och inneboende f\u00f6rm\u00e5ga, en god integration ger trygghet i alla omr\u00e5den. Vi s\u00e4tter m\u00e4nniskov\u00e4rdet och familjen h\u00f6gt och du som h\u00e5ller med \u00e4r v\u00e4lkommen i partiet. Om du har fr\u00e5gor eller funderingar s\u00e5 kontakta oss g\u00e4rna. Kristdemokratisk solidaritet Utg\u00e5r fr\u00e5n m\u00e4nniskans unika och L\u00e4s mer\" \/>\n<meta property=\"og:url\" content=\"https:\/\/wp.kristdemokraterna.se\/tranas\/kristdemokraterna-i-tranas\/\" \/>\n<meta property=\"og:site_name\" content=\"Kristdemokraterna | Tran\u00e5s\" \/>\n<meta property=\"article:modified_time\" content=\"2025-08-28T16:46:16+00:00\" \/>\n<meta property=\"og:image\" content=\"https:\/\/wp.kristdemokraterna.se\/tranas\/files\/2025\/08\/gruppbild-kd-tranas-2025.jpg\" \/>\n\t<meta property=\"og:image:width\" content=\"1371\" \/>\n\t<meta property=\"og:image:height\" content=\"868\" \/>\n\t<meta property=\"og:image:type\" content=\"image\/jpeg\" \/>\n<meta name=\"twitter:card\" content=\"summary_large_image\" \/>\n<meta name=\"twitter:label1\" content=\"Ber\u00e4knad l\u00e4stid\" \/>\n\t<meta name=\"twitter:data1\" content=\"1 minut\" \/>\n<script type=\"application\/ld+json\" class=\"yoast-schema-graph\">{\"@context\":\"https:\\\/\\\/schema.org\",\"@graph\":[{\"@type\":\"WebPage\",\"@id\":\"https:\\\/\\\/wp.kristdemokraterna.se\\\/tranas\\\/kristdemokraterna-i-tranas\\\/\",\"url\":\"https:\\\/\\\/wp.kristdemokraterna.se\\\/tranas\\\/kristdemokraterna-i-tranas\\\/\",\"name\":\"Kristdemokraterna i Tran\u00e5s - Kristdemokraterna | Tran\u00e5s\",\"isPartOf\":{\"@id\":\"https:\\\/\\\/wp.kristdemokraterna.se\\\/tranas\\\/#website\"},\"primaryImageOfPage\":{\"@id\":\"https:\\\/\\\/wp.kristdemokraterna.se\\\/tranas\\\/kristdemokraterna-i-tranas\\\/#primaryimage\"},\"image\":{\"@id\":\"https:\\\/\\\/wp.kristdemokraterna.se\\\/tranas\\\/kristdemokraterna-i-tranas\\\/#primaryimage\"},\"thumbnailUrl\":\"http:\\\/\\\/wp.kristdemokraterna.se\\\/tranas\\\/files\\\/2025\\\/08\\\/gruppbild-kd-tranas-2025-1024x648.jpg\",\"datePublished\":\"2025-08-28T16:25:08+00:00\",\"dateModified\":\"2025-08-28T16:46:16+00:00\",\"breadcrumb\":{\"@id\":\"https:\\\/\\\/wp.kristdemokraterna.se\\\/tranas\\\/kristdemokraterna-i-tranas\\\/#breadcrumb\"},\"inLanguage\":\"sv-SE\",\"potentialAction\":[{\"@type\":\"ReadAction\",\"target\":[\"https:\\\/\\\/wp.kristdemokraterna.se\\\/tranas\\\/kristdemokraterna-i-tranas\\\/\"]}]},{\"@type\":\"ImageObject\",\"inLanguage\":\"sv-SE\",\"@id\":\"https:\\\/\\\/wp.kristdemokraterna.se\\\/tranas\\\/kristdemokraterna-i-tranas\\\/#primaryimage\",\"url\":\"https:\\\/\\\/wp.kristdemokraterna.se\\\/tranas\\\/files\\\/2025\\\/08\\\/gruppbild-kd-tranas-2025.jpg\",\"contentUrl\":\"https:\\\/\\\/wp.kristdemokraterna.se\\\/tranas\\\/files\\\/2025\\\/08\\\/gruppbild-kd-tranas-2025.jpg\",\"width\":1371,\"height\":868},{\"@type\":\"BreadcrumbList\",\"@id\":\"https:\\\/\\\/wp.kristdemokraterna.se\\\/tranas\\\/kristdemokraterna-i-tranas\\\/#breadcrumb\",\"itemListElement\":[{\"@type\":\"ListItem\",\"position\":1,\"name\":\"Hem\",\"item\":\"https:\\\/\\\/wp.kristdemokraterna.se\\\/tranas\\\/\"},{\"@type\":\"ListItem\",\"position\":2,\"name\":\"Kristdemokraterna i Tran\u00e5s\"}]},{\"@type\":\"WebSite\",\"@id\":\"https:\\\/\\\/wp.kristdemokraterna.se\\\/tranas\\\/#website\",\"url\":\"https:\\\/\\\/wp.kristdemokraterna.se\\\/tranas\\\/\",\"name\":\"Kristdemokraterna | Tran\u00e5s\",\"description\":\"Kristdemokraterna i Tran\u00e5s webbplats\",\"inLanguage\":\"sv-SE\"}]}<\/script>\n<!-- \/ Yoast SEO plugin. -->","yoast_head_json":{"title":"Kristdemokraterna i Tran\u00e5s - Kristdemokraterna | Tran\u00e5s","robots":{"index":"index","follow":"follow","max-snippet":"max-snippet:-1","max-image-preview":"max-image-preview:large","max-video-preview":"max-video-preview:-1"},"canonical":"https:\/\/wp.kristdemokraterna.se\/tranas\/kristdemokraterna-i-tranas\/","og_locale":"sv_SE","og_type":"article","og_title":"Kristdemokraterna i Tran\u00e5s - Kristdemokraterna | Tran\u00e5s","og_description":"Vi vill ha ett samh\u00e4lle som tar vara p\u00e5 alla m\u00e4nniskors m\u00f6jligheter och inneboende f\u00f6rm\u00e5ga, en god integration ger trygghet i alla omr\u00e5den. Vi s\u00e4tter m\u00e4nniskov\u00e4rdet och familjen h\u00f6gt och du som h\u00e5ller med \u00e4r v\u00e4lkommen i partiet. Om du har fr\u00e5gor eller funderingar s\u00e5 kontakta oss g\u00e4rna. Kristdemokratisk solidaritet Utg\u00e5r fr\u00e5n m\u00e4nniskans unika och L\u00e4s mer","og_url":"https:\/\/wp.kristdemokraterna.se\/tranas\/kristdemokraterna-i-tranas\/","og_site_name":"Kristdemokraterna | Tran\u00e5s","article_modified_time":"2025-08-28T16:46:16+00:00","og_image":[{"width":1371,"height":868,"url":"https:\/\/wp.kristdemokraterna.se\/tranas\/files\/2025\/08\/gruppbild-kd-tranas-2025.jpg","type":"image\/jpeg"}],"twitter_card":"summary_large_image","twitter_misc":{"Ber\u00e4knad l\u00e4stid":"1 minut"},"schema":{"@context":"https:\/\/schema.org","@graph":[{"@type":"WebPage","@id":"https:\/\/wp.kristdemokraterna.se\/tranas\/kristdemokraterna-i-tranas\/","url":"https:\/\/wp.kristdemokraterna.se\/tranas\/kristdemokraterna-i-tranas\/","name":"Kristdemokraterna i Tran\u00e5s - Kristdemokraterna | Tran\u00e5s","isPartOf":{"@id":"https:\/\/wp.kristdemokraterna.se\/tranas\/#website"},"primaryImageOfPage":{"@id":"https:\/\/wp.kristdemokraterna.se\/tranas\/kristdemokraterna-i-tranas\/#primaryimage"},"image":{"@id":"https:\/\/wp.kristdemokraterna.se\/tranas\/kristdemokraterna-i-tranas\/#primaryimage"},"thumbnailUrl":"http:\/\/wp.kristdemokraterna.se\/tranas\/files\/2025\/08\/gruppbild-kd-tranas-2025-1024x648.jpg","datePublished":"2025-08-28T16:25:08+00:00","dateModified":"2025-08-28T16:46:16+00:00","breadcrumb":{"@id":"https:\/\/wp.kristdemokraterna.se\/tranas\/kristdemokraterna-i-tranas\/#breadcrumb"},"inLanguage":"sv-SE","potentialAction":[{"@type":"ReadAction","target":["https:\/\/wp.kristdemokraterna.se\/tranas\/kristdemokraterna-i-tranas\/"]}]},{"@type":"ImageObject","inLanguage":"sv-SE","@id":"https:\/\/wp.kristdemokraterna.se\/tranas\/kristdemokraterna-i-tranas\/#primaryimage","url":"https:\/\/wp.kristdemokraterna.se\/tranas\/files\/2025\/08\/gruppbild-kd-tranas-2025.jpg","contentUrl":"https:\/\/wp.kristdemokraterna.se\/tranas\/files\/2025\/08\/gruppbild-kd-tranas-2025.jpg","width":1371,"height":868},{"@type":"BreadcrumbList","@id":"https:\/\/wp.kristdemokraterna.se\/tranas\/kristdemokraterna-i-tranas\/#breadcrumb","itemListElement":[{"@type":"ListItem","position":1,"name":"Hem","item":"https:\/\/wp.kristdemokraterna.se\/tranas\/"},{"@type":"ListItem","position":2,"name":"Kristdemokraterna i Tran\u00e5s"}]},{"@type":"WebSite","@id":"https:\/\/wp.kristdemokraterna.se\/tranas\/#website","url":"https:\/\/wp.kristdemokraterna.se\/tranas\/","name":"Kristdemokraterna | Tran\u00e5s","description":"Kristdemokraterna i Tran\u00e5s webbplats","inLanguage":"sv-SE"}]}},"_links":{"self":[{"href":"https:\/\/wp.kristdemokraterna.se\/tranas\/wp-json\/wp\/v2\/pages\/832","targetHints":{"allow":["GET"]}}],"collection":[{"href":"https:\/\/wp.kristdemokraterna.se\/tranas\/wp-json\/wp\/v2\/pages"}],"about":[{"href":"https:\/\/wp.kristdemokraterna.se\/tranas\/wp-json\/wp\/v2\/types\/page"}],"author":[{"embeddable":true,"href":"https:\/\/wp.kristdemokraterna.se\/tranas\/wp-json\/wp\/v2\/users\/469"}],"replies":[{"embeddable":true,"href":"https:\/\/wp.kristdemokraterna.se\/tranas\/wp-json\/wp\/v2\/comments?post=832"}],"version-history":[{"count":15,"href":"https:\/\/wp.kristdemokraterna.se\/tranas\/wp-json\/wp\/v2\/pages\/832\/revisions"}],"predecessor-version":[{"id":908,"href":"https:\/\/wp.kristdemokraterna.se\/tranas\/wp-json\/wp\/v2\/pages\/832\/revisions\/908"}],"wp:attachment":[{"href":"https:\/\/wp.kristdemokraterna.se\/tranas\/wp-json\/wp\/v2\/media?parent=832"}],"curies":[{"name":"wp","href":"https:\/\/api.w.org\/{rel}","templated":true}]}}