{"id":974,"date":"2026-02-05T11:24:09","date_gmt":"2026-02-05T10:24:09","guid":{"rendered":"https:\/\/wp.kristdemokraterna.se\/tranas\/?page_id=974"},"modified":"2026-02-05T11:56:49","modified_gmt":"2026-02-05T10:56:49","slug":"princip-och-handlingsprogram","status":"publish","type":"page","link":"https:\/\/wp.kristdemokraterna.se\/tranas\/kristdemokraterna-i-tranas\/princip-och-handlingsprogram\/","title":{"rendered":"Princip- och Handlingsprogram"},"content":{"rendered":"<p>Klicka p\u00e5 bilden f\u00f6r att l\u00e4sa eller ladda ner programmet<\/p>\n<p><a href=\"https:\/\/www.kd.nu\/principprogram.pdf\" target=\"_blank\" rel=\"noopener\"><img loading=\"lazy\" decoding=\"async\" class=\"alignnone wp-image-975\" src=\"http:\/\/wp.kristdemokraterna.se\/tranas\/files\/2026\/02\/kd-principprogram.jpg\" alt=\"\" width=\"333\" height=\"470\" srcset=\"https:\/\/wp.kristdemokraterna.se\/tranas\/files\/2026\/02\/kd-principprogram.jpg 592w, https:\/\/wp.kristdemokraterna.se\/tranas\/files\/2026\/02\/kd-principprogram-213x300.jpg 213w, https:\/\/wp.kristdemokraterna.se\/tranas\/files\/2026\/02\/kd-principprogram-142x200.jpg 142w, https:\/\/wp.kristdemokraterna.se\/tranas\/files\/2026\/02\/kd-principprogram-370x522.jpg 370w, https:\/\/wp.kristdemokraterna.se\/tranas\/files\/2026\/02\/kd-principprogram-450x635.jpg 450w, https:\/\/wp.kristdemokraterna.se\/tranas\/files\/2026\/02\/kd-principprogram-280x395.jpg 280w, https:\/\/wp.kristdemokraterna.se\/tranas\/files\/2026\/02\/kd-principprogram-340x480.jpg 340w, https:\/\/wp.kristdemokraterna.se\/tranas\/files\/2026\/02\/kd-principprogram-40x56.jpg 40w\" sizes=\"auto, (max-width: 333px) 100vw, 333px\" \/>\u00a0\u00a0\u00a0 <\/a><a href=\"https:\/\/kristdemokraterna.se\/download\/18.4148d11f19a7bbdf542399d\/1764583850528\/Handlingsprogram%20Seniorer.pdf\" target=\"_blank\" rel=\"noopener\"><img loading=\"lazy\" decoding=\"async\" class=\"alignnone wp-image-976\" src=\"http:\/\/wp.kristdemokraterna.se\/tranas\/files\/2026\/02\/handlingsprogram-seniorer.jpg\" alt=\"\" width=\"336\" height=\"476\" srcset=\"https:\/\/wp.kristdemokraterna.se\/tranas\/files\/2026\/02\/handlingsprogram-seniorer.jpg 592w, https:\/\/wp.kristdemokraterna.se\/tranas\/files\/2026\/02\/handlingsprogram-seniorer-212x300.jpg 212w, https:\/\/wp.kristdemokraterna.se\/tranas\/files\/2026\/02\/handlingsprogram-seniorer-141x200.jpg 141w, https:\/\/wp.kristdemokraterna.se\/tranas\/files\/2026\/02\/handlingsprogram-seniorer-370x524.jpg 370w, https:\/\/wp.kristdemokraterna.se\/tranas\/files\/2026\/02\/handlingsprogram-seniorer-450x637.jpg 450w, https:\/\/wp.kristdemokraterna.se\/tranas\/files\/2026\/02\/handlingsprogram-seniorer-280x396.jpg 280w, https:\/\/wp.kristdemokraterna.se\/tranas\/files\/2026\/02\/handlingsprogram-seniorer-340x481.jpg 340w, https:\/\/wp.kristdemokraterna.se\/tranas\/files\/2026\/02\/handlingsprogram-seniorer-40x56.jpg 40w\" sizes=\"auto, (max-width: 336px) 100vw, 336px\" \/><\/a><\/p>\n","protected":false},"excerpt":{"rendered":"<p>Klicka p\u00e5 bilden f\u00f6r att l\u00e4sa eller ladda ner programmet \u00a0\u00a0\u00a0<\/p>\n","protected":false},"author":469,"featured_media":0,"parent":832,"menu_order":0,"comment_status":"closed","ping_status":"closed","template":"","meta":{"_acf_changed":false,"footnotes":""},"class_list":["post-974","page","type-page","status-publish","hentry"],"acf":[],"yoast_head":"<!-- This site is optimized with the Yoast SEO plugin v27.4 - https:\/\/yoast.com\/product\/yoast-seo-wordpress\/ -->\n<title>Princip- och Handlingsprogram - Kristdemokraterna | Tran\u00e5s<\/title>\n<meta name=\"robots\" content=\"index, follow, max-snippet:-1, max-image-preview:large, max-video-preview:-1\" \/>\n<link rel=\"canonical\" href=\"https:\/\/wp.kristdemokraterna.se\/tranas\/kristdemokraterna-i-tranas\/princip-och-handlingsprogram\/\" \/>\n<meta property=\"og:locale\" content=\"sv_SE\" \/>\n<meta property=\"og:type\" content=\"article\" \/>\n<meta property=\"og:title\" content=\"Princip- och Handlingsprogram - Kristdemokraterna | Tran\u00e5s\" \/>\n<meta property=\"og:description\" content=\"Klicka p\u00e5 bilden f\u00f6r att l\u00e4sa eller ladda ner programmet \u00a0\u00a0\u00a0\" \/>\n<meta property=\"og:url\" content=\"https:\/\/wp.kristdemokraterna.se\/tranas\/kristdemokraterna-i-tranas\/princip-och-handlingsprogram\/\" \/>\n<meta property=\"og:site_name\" content=\"Kristdemokraterna | Tran\u00e5s\" \/>\n<meta property=\"article:modified_time\" content=\"2026-02-05T10:56:49+00:00\" \/>\n<meta property=\"og:image\" content=\"https:\/\/wp.kristdemokraterna.se\/tranas\/files\/2026\/02\/kd-principprogram.jpg\" \/>\n\t<meta property=\"og:image:width\" content=\"592\" \/>\n\t<meta property=\"og:image:height\" content=\"835\" \/>\n\t<meta property=\"og:image:type\" content=\"image\/jpeg\" \/>\n<meta name=\"twitter:card\" content=\"summary_large_image\" \/>\n<meta name=\"twitter:label1\" content=\"Ber\u00e4knad l\u00e4stid\" \/>\n\t<meta name=\"twitter:data1\" content=\"1 minut\" \/>\n<script type=\"application\/ld+json\" class=\"yoast-schema-graph\">{\"@context\":\"https:\\\/\\\/schema.org\",\"@graph\":[{\"@type\":\"WebPage\",\"@id\":\"https:\\\/\\\/wp.kristdemokraterna.se\\\/tranas\\\/kristdemokraterna-i-tranas\\\/princip-och-handlingsprogram\\\/\",\"url\":\"https:\\\/\\\/wp.kristdemokraterna.se\\\/tranas\\\/kristdemokraterna-i-tranas\\\/princip-och-handlingsprogram\\\/\",\"name\":\"Princip- och Handlingsprogram - Kristdemokraterna | Tran\u00e5s\",\"isPartOf\":{\"@id\":\"https:\\\/\\\/wp.kristdemokraterna.se\\\/tranas\\\/#website\"},\"primaryImageOfPage\":{\"@id\":\"https:\\\/\\\/wp.kristdemokraterna.se\\\/tranas\\\/kristdemokraterna-i-tranas\\\/princip-och-handlingsprogram\\\/#primaryimage\"},\"image\":{\"@id\":\"https:\\\/\\\/wp.kristdemokraterna.se\\\/tranas\\\/kristdemokraterna-i-tranas\\\/princip-och-handlingsprogram\\\/#primaryimage\"},\"thumbnailUrl\":\"http:\\\/\\\/wp.kristdemokraterna.se\\\/tranas\\\/files\\\/2026\\\/02\\\/kd-principprogram.jpg\",\"datePublished\":\"2026-02-05T10:24:09+00:00\",\"dateModified\":\"2026-02-05T10:56:49+00:00\",\"breadcrumb\":{\"@id\":\"https:\\\/\\\/wp.kristdemokraterna.se\\\/tranas\\\/kristdemokraterna-i-tranas\\\/princip-och-handlingsprogram\\\/#breadcrumb\"},\"inLanguage\":\"sv-SE\",\"potentialAction\":[{\"@type\":\"ReadAction\",\"target\":[\"https:\\\/\\\/wp.kristdemokraterna.se\\\/tranas\\\/kristdemokraterna-i-tranas\\\/princip-och-handlingsprogram\\\/\"]}]},{\"@type\":\"ImageObject\",\"inLanguage\":\"sv-SE\",\"@id\":\"https:\\\/\\\/wp.kristdemokraterna.se\\\/tranas\\\/kristdemokraterna-i-tranas\\\/princip-och-handlingsprogram\\\/#primaryimage\",\"url\":\"https:\\\/\\\/wp.kristdemokraterna.se\\\/tranas\\\/files\\\/2026\\\/02\\\/kd-principprogram.jpg\",\"contentUrl\":\"https:\\\/\\\/wp.kristdemokraterna.se\\\/tranas\\\/files\\\/2026\\\/02\\\/kd-principprogram.jpg\",\"width\":592,\"height\":835},{\"@type\":\"BreadcrumbList\",\"@id\":\"https:\\\/\\\/wp.kristdemokraterna.se\\\/tranas\\\/kristdemokraterna-i-tranas\\\/princip-och-handlingsprogram\\\/#breadcrumb\",\"itemListElement\":[{\"@type\":\"ListItem\",\"position\":1,\"name\":\"Hem\",\"item\":\"https:\\\/\\\/wp.kristdemokraterna.se\\\/tranas\\\/\"},{\"@type\":\"ListItem\",\"position\":2,\"name\":\"Kristdemokraterna i Tran\u00e5s\",\"item\":\"https:\\\/\\\/wp.kristdemokraterna.se\\\/tranas\\\/kristdemokraterna-i-tranas\\\/\"},{\"@type\":\"ListItem\",\"position\":3,\"name\":\"Princip- och Handlingsprogram\"}]},{\"@type\":\"WebSite\",\"@id\":\"https:\\\/\\\/wp.kristdemokraterna.se\\\/tranas\\\/#website\",\"url\":\"https:\\\/\\\/wp.kristdemokraterna.se\\\/tranas\\\/\",\"name\":\"Kristdemokraterna | Tran\u00e5s\",\"description\":\"Kristdemokraterna i Tran\u00e5s webbplats\",\"inLanguage\":\"sv-SE\"}]}<\/script>\n<!-- \/ Yoast SEO plugin. -->","yoast_head_json":{"title":"Princip- och Handlingsprogram - Kristdemokraterna | Tran\u00e5s","robots":{"index":"index","follow":"follow","max-snippet":"max-snippet:-1","max-image-preview":"max-image-preview:large","max-video-preview":"max-video-preview:-1"},"canonical":"https:\/\/wp.kristdemokraterna.se\/tranas\/kristdemokraterna-i-tranas\/princip-och-handlingsprogram\/","og_locale":"sv_SE","og_type":"article","og_title":"Princip- och Handlingsprogram - Kristdemokraterna | Tran\u00e5s","og_description":"Klicka p\u00e5 bilden f\u00f6r att l\u00e4sa eller ladda ner programmet \u00a0\u00a0\u00a0","og_url":"https:\/\/wp.kristdemokraterna.se\/tranas\/kristdemokraterna-i-tranas\/princip-och-handlingsprogram\/","og_site_name":"Kristdemokraterna | Tran\u00e5s","article_modified_time":"2026-02-05T10:56:49+00:00","og_image":[{"width":592,"height":835,"url":"https:\/\/wp.kristdemokraterna.se\/tranas\/files\/2026\/02\/kd-principprogram.jpg","type":"image\/jpeg"}],"twitter_card":"summary_large_image","twitter_misc":{"Ber\u00e4knad l\u00e4stid":"1 minut"},"schema":{"@context":"https:\/\/schema.org","@graph":[{"@type":"WebPage","@id":"https:\/\/wp.kristdemokraterna.se\/tranas\/kristdemokraterna-i-tranas\/princip-och-handlingsprogram\/","url":"https:\/\/wp.kristdemokraterna.se\/tranas\/kristdemokraterna-i-tranas\/princip-och-handlingsprogram\/","name":"Princip- och Handlingsprogram - Kristdemokraterna | Tran\u00e5s","isPartOf":{"@id":"https:\/\/wp.kristdemokraterna.se\/tranas\/#website"},"primaryImageOfPage":{"@id":"https:\/\/wp.kristdemokraterna.se\/tranas\/kristdemokraterna-i-tranas\/princip-och-handlingsprogram\/#primaryimage"},"image":{"@id":"https:\/\/wp.kristdemokraterna.se\/tranas\/kristdemokraterna-i-tranas\/princip-och-handlingsprogram\/#primaryimage"},"thumbnailUrl":"http:\/\/wp.kristdemokraterna.se\/tranas\/files\/2026\/02\/kd-principprogram.jpg","datePublished":"2026-02-05T10:24:09+00:00","dateModified":"2026-02-05T10:56:49+00:00","breadcrumb":{"@id":"https:\/\/wp.kristdemokraterna.se\/tranas\/kristdemokraterna-i-tranas\/princip-och-handlingsprogram\/#breadcrumb"},"inLanguage":"sv-SE","potentialAction":[{"@type":"ReadAction","target":["https:\/\/wp.kristdemokraterna.se\/tranas\/kristdemokraterna-i-tranas\/princip-och-handlingsprogram\/"]}]},{"@type":"ImageObject","inLanguage":"sv-SE","@id":"https:\/\/wp.kristdemokraterna.se\/tranas\/kristdemokraterna-i-tranas\/princip-och-handlingsprogram\/#primaryimage","url":"https:\/\/wp.kristdemokraterna.se\/tranas\/files\/2026\/02\/kd-principprogram.jpg","contentUrl":"https:\/\/wp.kristdemokraterna.se\/tranas\/files\/2026\/02\/kd-principprogram.jpg","width":592,"height":835},{"@type":"BreadcrumbList","@id":"https:\/\/wp.kristdemokraterna.se\/tranas\/kristdemokraterna-i-tranas\/princip-och-handlingsprogram\/#breadcrumb","itemListElement":[{"@type":"ListItem","position":1,"name":"Hem","item":"https:\/\/wp.kristdemokraterna.se\/tranas\/"},{"@type":"ListItem","position":2,"name":"Kristdemokraterna i Tran\u00e5s","item":"https:\/\/wp.kristdemokraterna.se\/tranas\/kristdemokraterna-i-tranas\/"},{"@type":"ListItem","position":3,"name":"Princip- och Handlingsprogram"}]},{"@type":"WebSite","@id":"https:\/\/wp.kristdemokraterna.se\/tranas\/#website","url":"https:\/\/wp.kristdemokraterna.se\/tranas\/","name":"Kristdemokraterna | Tran\u00e5s","description":"Kristdemokraterna i Tran\u00e5s webbplats","inLanguage":"sv-SE"}]}},"_links":{"self":[{"href":"https:\/\/wp.kristdemokraterna.se\/tranas\/wp-json\/wp\/v2\/pages\/974","targetHints":{"allow":["GET"]}}],"collection":[{"href":"https:\/\/wp.kristdemokraterna.se\/tranas\/wp-json\/wp\/v2\/pages"}],"about":[{"href":"https:\/\/wp.kristdemokraterna.se\/tranas\/wp-json\/wp\/v2\/types\/page"}],"author":[{"embeddable":true,"href":"https:\/\/wp.kristdemokraterna.se\/tranas\/wp-json\/wp\/v2\/users\/469"}],"replies":[{"embeddable":true,"href":"https:\/\/wp.kristdemokraterna.se\/tranas\/wp-json\/wp\/v2\/comments?post=974"}],"version-history":[{"count":4,"href":"https:\/\/wp.kristdemokraterna.se\/tranas\/wp-json\/wp\/v2\/pages\/974\/revisions"}],"predecessor-version":[{"id":981,"href":"https:\/\/wp.kristdemokraterna.se\/tranas\/wp-json\/wp\/v2\/pages\/974\/revisions\/981"}],"up":[{"embeddable":true,"href":"https:\/\/wp.kristdemokraterna.se\/tranas\/wp-json\/wp\/v2\/pages\/832"}],"wp:attachment":[{"href":"https:\/\/wp.kristdemokraterna.se\/tranas\/wp-json\/wp\/v2\/media?parent=974"}],"curies":[{"name":"wp","href":"https:\/\/api.w.org\/{rel}","templated":true}]}}