{"id":983,"date":"2026-02-08T18:06:23","date_gmt":"2026-02-08T17:06:23","guid":{"rendered":"https:\/\/wp.kristdemokraterna.se\/tranas\/?page_id=983"},"modified":"2026-02-08T18:48:02","modified_gmt":"2026-02-08T17:48:02","slug":"associerade-forbund","status":"publish","type":"page","link":"https:\/\/wp.kristdemokraterna.se\/tranas\/kristdemokraterna-i-tranas\/associerade-forbund\/","title":{"rendered":"Associerade f\u00f6rbund"},"content":{"rendered":"<p><strong>Kristdemokraterna har associerade f\u00f6rbund &#8211; ett kvinnof\u00f6rbund, ett ungdomsf\u00f6rbund och ett seniorf\u00f6rbund. Vi har ocks\u00e5 Kristdemokratiska Bondef\u00f6rbundet som \u00e4r en n\u00e4rst\u00e5ende organisation.<\/p>\n<p><span style=\"color: #005ea1\">H\u00e4r nedan hittar du snabbl\u00e4nkar till deras hemsidor.<\/span><\/strong><\/p>\n<p><span style=\"color: #005ea1\"><strong><a style=\"color: #005ea1\" href=\"https:\/\/www.kdkvinnor.se\/\" target=\"_blank\" rel=\"noopener\">KD Kvinnor<\/a><\/strong><\/span><\/p>\n<p><span style=\"color: #005ea1\"><a style=\"color: #005ea1\" href=\"https:\/\/www.kdu.se\/\" target=\"_blank\" rel=\"noopener\"><strong>KDU<\/strong><\/a><\/span><\/p>\n<p><span style=\"color: #005ea1\"><a style=\"color: #005ea1\" href=\"https:\/\/wp.kristdemokraterna.se\/kdsenior\/\" target=\"_blank\" rel=\"noopener\"><strong>KD Senior<\/strong><\/a><\/span><\/p>\n<p><span style=\"color: #005ea1\"><a style=\"color: #005ea1\" href=\"https:\/\/www.kd-b.se\/\" target=\"_blank\" rel=\"noopener\"><strong>Kristdemokratiska Bondef\u00f6rbundet<\/strong><\/a><\/span><\/p>\n","protected":false},"excerpt":{"rendered":"<p>Kristdemokraterna har associerade f\u00f6rbund &#8211; ett kvinnof\u00f6rbund, ett ungdomsf\u00f6rbund och ett seniorf\u00f6rbund. Vi har ocks\u00e5 Kristdemokratiska Bondef\u00f6rbundet som \u00e4r en n\u00e4rst\u00e5ende organisation. H\u00e4r nedan hittar du snabbl\u00e4nkar till deras hemsidor. KD Kvinnor KDU KD Senior Kristdemokratiska Bondef\u00f6rbundet<\/p>\n","protected":false},"author":469,"featured_media":0,"parent":832,"menu_order":0,"comment_status":"closed","ping_status":"closed","template":"","meta":{"_acf_changed":false,"footnotes":""},"class_list":["post-983","page","type-page","status-publish","hentry"],"acf":[],"yoast_head":"<!-- This site is optimized with the Yoast SEO plugin v27.4 - https:\/\/yoast.com\/product\/yoast-seo-wordpress\/ -->\n<title>Associerade f\u00f6rbund - Kristdemokraterna | Tran\u00e5s<\/title>\n<meta name=\"robots\" content=\"index, follow, max-snippet:-1, max-image-preview:large, max-video-preview:-1\" \/>\n<link rel=\"canonical\" href=\"https:\/\/wp.kristdemokraterna.se\/tranas\/kristdemokraterna-i-tranas\/associerade-forbund\/\" \/>\n<meta property=\"og:locale\" content=\"sv_SE\" \/>\n<meta property=\"og:type\" content=\"article\" \/>\n<meta property=\"og:title\" content=\"Associerade f\u00f6rbund - Kristdemokraterna | Tran\u00e5s\" \/>\n<meta property=\"og:description\" content=\"Kristdemokraterna har associerade f\u00f6rbund &#8211; ett kvinnof\u00f6rbund, ett ungdomsf\u00f6rbund och ett seniorf\u00f6rbund. Vi har ocks\u00e5 Kristdemokratiska Bondef\u00f6rbundet som \u00e4r en n\u00e4rst\u00e5ende organisation. H\u00e4r nedan hittar du snabbl\u00e4nkar till deras hemsidor. KD Kvinnor KDU KD Senior Kristdemokratiska Bondef\u00f6rbundet\" \/>\n<meta property=\"og:url\" content=\"https:\/\/wp.kristdemokraterna.se\/tranas\/kristdemokraterna-i-tranas\/associerade-forbund\/\" \/>\n<meta property=\"og:site_name\" content=\"Kristdemokraterna | Tran\u00e5s\" \/>\n<meta property=\"article:modified_time\" content=\"2026-02-08T17:48:02+00:00\" \/>\n<meta name=\"twitter:card\" content=\"summary_large_image\" \/>\n<meta name=\"twitter:label1\" content=\"Ber\u00e4knad l\u00e4stid\" \/>\n\t<meta name=\"twitter:data1\" content=\"1 minut\" \/>\n<script type=\"application\/ld+json\" class=\"yoast-schema-graph\">{\"@context\":\"https:\\\/\\\/schema.org\",\"@graph\":[{\"@type\":\"WebPage\",\"@id\":\"https:\\\/\\\/wp.kristdemokraterna.se\\\/tranas\\\/kristdemokraterna-i-tranas\\\/associerade-forbund\\\/\",\"url\":\"https:\\\/\\\/wp.kristdemokraterna.se\\\/tranas\\\/kristdemokraterna-i-tranas\\\/associerade-forbund\\\/\",\"name\":\"Associerade f\u00f6rbund - Kristdemokraterna | Tran\u00e5s\",\"isPartOf\":{\"@id\":\"https:\\\/\\\/wp.kristdemokraterna.se\\\/tranas\\\/#website\"},\"datePublished\":\"2026-02-08T17:06:23+00:00\",\"dateModified\":\"2026-02-08T17:48:02+00:00\",\"breadcrumb\":{\"@id\":\"https:\\\/\\\/wp.kristdemokraterna.se\\\/tranas\\\/kristdemokraterna-i-tranas\\\/associerade-forbund\\\/#breadcrumb\"},\"inLanguage\":\"sv-SE\",\"potentialAction\":[{\"@type\":\"ReadAction\",\"target\":[\"https:\\\/\\\/wp.kristdemokraterna.se\\\/tranas\\\/kristdemokraterna-i-tranas\\\/associerade-forbund\\\/\"]}]},{\"@type\":\"BreadcrumbList\",\"@id\":\"https:\\\/\\\/wp.kristdemokraterna.se\\\/tranas\\\/kristdemokraterna-i-tranas\\\/associerade-forbund\\\/#breadcrumb\",\"itemListElement\":[{\"@type\":\"ListItem\",\"position\":1,\"name\":\"Hem\",\"item\":\"https:\\\/\\\/wp.kristdemokraterna.se\\\/tranas\\\/\"},{\"@type\":\"ListItem\",\"position\":2,\"name\":\"Kristdemokraterna i Tran\u00e5s\",\"item\":\"https:\\\/\\\/wp.kristdemokraterna.se\\\/tranas\\\/kristdemokraterna-i-tranas\\\/\"},{\"@type\":\"ListItem\",\"position\":3,\"name\":\"Associerade f\u00f6rbund\"}]},{\"@type\":\"WebSite\",\"@id\":\"https:\\\/\\\/wp.kristdemokraterna.se\\\/tranas\\\/#website\",\"url\":\"https:\\\/\\\/wp.kristdemokraterna.se\\\/tranas\\\/\",\"name\":\"Kristdemokraterna | Tran\u00e5s\",\"description\":\"Kristdemokraterna i Tran\u00e5s webbplats\",\"inLanguage\":\"sv-SE\"}]}<\/script>\n<!-- \/ Yoast SEO plugin. -->","yoast_head_json":{"title":"Associerade f\u00f6rbund - Kristdemokraterna | Tran\u00e5s","robots":{"index":"index","follow":"follow","max-snippet":"max-snippet:-1","max-image-preview":"max-image-preview:large","max-video-preview":"max-video-preview:-1"},"canonical":"https:\/\/wp.kristdemokraterna.se\/tranas\/kristdemokraterna-i-tranas\/associerade-forbund\/","og_locale":"sv_SE","og_type":"article","og_title":"Associerade f\u00f6rbund - Kristdemokraterna | Tran\u00e5s","og_description":"Kristdemokraterna har associerade f\u00f6rbund &#8211; ett kvinnof\u00f6rbund, ett ungdomsf\u00f6rbund och ett seniorf\u00f6rbund. Vi har ocks\u00e5 Kristdemokratiska Bondef\u00f6rbundet som \u00e4r en n\u00e4rst\u00e5ende organisation. H\u00e4r nedan hittar du snabbl\u00e4nkar till deras hemsidor. KD Kvinnor KDU KD Senior Kristdemokratiska Bondef\u00f6rbundet","og_url":"https:\/\/wp.kristdemokraterna.se\/tranas\/kristdemokraterna-i-tranas\/associerade-forbund\/","og_site_name":"Kristdemokraterna | Tran\u00e5s","article_modified_time":"2026-02-08T17:48:02+00:00","twitter_card":"summary_large_image","twitter_misc":{"Ber\u00e4knad l\u00e4stid":"1 minut"},"schema":{"@context":"https:\/\/schema.org","@graph":[{"@type":"WebPage","@id":"https:\/\/wp.kristdemokraterna.se\/tranas\/kristdemokraterna-i-tranas\/associerade-forbund\/","url":"https:\/\/wp.kristdemokraterna.se\/tranas\/kristdemokraterna-i-tranas\/associerade-forbund\/","name":"Associerade f\u00f6rbund - Kristdemokraterna | Tran\u00e5s","isPartOf":{"@id":"https:\/\/wp.kristdemokraterna.se\/tranas\/#website"},"datePublished":"2026-02-08T17:06:23+00:00","dateModified":"2026-02-08T17:48:02+00:00","breadcrumb":{"@id":"https:\/\/wp.kristdemokraterna.se\/tranas\/kristdemokraterna-i-tranas\/associerade-forbund\/#breadcrumb"},"inLanguage":"sv-SE","potentialAction":[{"@type":"ReadAction","target":["https:\/\/wp.kristdemokraterna.se\/tranas\/kristdemokraterna-i-tranas\/associerade-forbund\/"]}]},{"@type":"BreadcrumbList","@id":"https:\/\/wp.kristdemokraterna.se\/tranas\/kristdemokraterna-i-tranas\/associerade-forbund\/#breadcrumb","itemListElement":[{"@type":"ListItem","position":1,"name":"Hem","item":"https:\/\/wp.kristdemokraterna.se\/tranas\/"},{"@type":"ListItem","position":2,"name":"Kristdemokraterna i Tran\u00e5s","item":"https:\/\/wp.kristdemokraterna.se\/tranas\/kristdemokraterna-i-tranas\/"},{"@type":"ListItem","position":3,"name":"Associerade f\u00f6rbund"}]},{"@type":"WebSite","@id":"https:\/\/wp.kristdemokraterna.se\/tranas\/#website","url":"https:\/\/wp.kristdemokraterna.se\/tranas\/","name":"Kristdemokraterna | Tran\u00e5s","description":"Kristdemokraterna i Tran\u00e5s webbplats","inLanguage":"sv-SE"}]}},"_links":{"self":[{"href":"https:\/\/wp.kristdemokraterna.se\/tranas\/wp-json\/wp\/v2\/pages\/983","targetHints":{"allow":["GET"]}}],"collection":[{"href":"https:\/\/wp.kristdemokraterna.se\/tranas\/wp-json\/wp\/v2\/pages"}],"about":[{"href":"https:\/\/wp.kristdemokraterna.se\/tranas\/wp-json\/wp\/v2\/types\/page"}],"author":[{"embeddable":true,"href":"https:\/\/wp.kristdemokraterna.se\/tranas\/wp-json\/wp\/v2\/users\/469"}],"replies":[{"embeddable":true,"href":"https:\/\/wp.kristdemokraterna.se\/tranas\/wp-json\/wp\/v2\/comments?post=983"}],"version-history":[{"count":12,"href":"https:\/\/wp.kristdemokraterna.se\/tranas\/wp-json\/wp\/v2\/pages\/983\/revisions"}],"predecessor-version":[{"id":996,"href":"https:\/\/wp.kristdemokraterna.se\/tranas\/wp-json\/wp\/v2\/pages\/983\/revisions\/996"}],"up":[{"embeddable":true,"href":"https:\/\/wp.kristdemokraterna.se\/tranas\/wp-json\/wp\/v2\/pages\/832"}],"wp:attachment":[{"href":"https:\/\/wp.kristdemokraterna.se\/tranas\/wp-json\/wp\/v2\/media?parent=983"}],"curies":[{"name":"wp","href":"https:\/\/api.w.org\/{rel}","templated":true}]}}