{"id":265,"date":"2017-11-29T16:47:40","date_gmt":"2017-11-29T15:47:40","guid":{"rendered":"http:\/\/wp.kristdemokraterna.se\/trelleborg\/?page_id=265"},"modified":"2025-12-15T09:45:07","modified_gmt":"2025-12-15T08:45:07","slug":"byatour-2022","status":"publish","type":"page","link":"https:\/\/wp.kristdemokraterna.se\/trelleborg\/","title":{"rendered":"Startsida"},"content":{"rendered":"<h1><strong>V\u00e4lkommen till Kristdemokraterna i Trelleborg.<\/strong><\/h1>\n<p><strong>Som en del av det politiska styret \u00e4r vi med varje dag och skapar en b\u00e4ttre framtid f\u00f6r Trelleborg.<\/strong><\/p>\n<p><strong>Vill du ocks\u00e5 vara med oss p\u00e5 v\u00e5r resa in i framtiden. D\u00e5 \u00e4r du v\u00e4lkommen att kontakta mig via mail.<\/strong><\/p>\n<p><strong>Ordf\u00f6rande<\/strong><\/p>\n<p><strong>Magnus \u00d6sterberg<\/strong><\/p>\n<p><strong>Kristdemokraterna Trelleborg<\/strong><\/p>\n<p><strong>magnus.osterberg@kristdemokraterna.se<\/strong><\/p>\n<p>&nbsp;<\/p>\n","protected":false},"excerpt":{"rendered":"<p>V\u00e4lkommen till Kristdemokraterna i Trelleborg. Som en del av det politiska styret \u00e4r vi med varje dag och skapar en b\u00e4ttre framtid f\u00f6r Trelleborg. Vill du ocks\u00e5 vara med oss p\u00e5 v\u00e5r resa in i framtiden. D\u00e5 \u00e4r du v\u00e4lkommen att kontakta mig via mail. Ordf\u00f6rande Magnus \u00d6sterberg Kristdemokraterna Trelleborg magnus.osterberg@kristdemokraterna.se &nbsp;<\/p>\n","protected":false},"author":2,"featured_media":0,"parent":0,"menu_order":0,"comment_status":"closed","ping_status":"closed","template":"index.php","meta":{"_acf_changed":false,"footnotes":""},"class_list":["post-265","page","type-page","status-publish","hentry"],"acf":[],"yoast_head":"<!-- This site is optimized with the Yoast SEO plugin v27.3 - https:\/\/yoast.com\/product\/yoast-seo-wordpress\/ -->\n<title>Startsida - Kristdemokraterna | Trelleborg<\/title>\n<meta name=\"robots\" content=\"noindex, follow, max-snippet:-1, max-image-preview:large, max-video-preview:-1\" \/>\n<meta property=\"og:locale\" content=\"sv_SE\" \/>\n<meta property=\"og:type\" content=\"article\" \/>\n<meta property=\"og:title\" content=\"Startsida - Kristdemokraterna | Trelleborg\" \/>\n<meta property=\"og:description\" content=\"V\u00e4lkommen till Kristdemokraterna i Trelleborg. Som en del av det politiska styret \u00e4r vi med varje dag och skapar en b\u00e4ttre framtid f\u00f6r Trelleborg. Vill du ocks\u00e5 vara med oss p\u00e5 v\u00e5r resa in i framtiden. D\u00e5 \u00e4r du v\u00e4lkommen att kontakta mig via mail. Ordf\u00f6rande Magnus \u00d6sterberg Kristdemokraterna Trelleborg magnus.osterberg@kristdemokraterna.se &nbsp;\" \/>\n<meta property=\"og:url\" content=\"https:\/\/wp.kristdemokraterna.se\/trelleborg\/\" \/>\n<meta property=\"og:site_name\" content=\"Kristdemokraterna | Trelleborg\" \/>\n<meta property=\"article:modified_time\" content=\"2025-12-15T08:45:07+00:00\" \/>\n<meta name=\"twitter:card\" content=\"summary_large_image\" \/>\n<meta name=\"twitter:label1\" content=\"Ber\u00e4knad l\u00e4stid\" \/>\n\t<meta name=\"twitter:data1\" content=\"1 minut\" \/>\n<script type=\"application\/ld+json\" class=\"yoast-schema-graph\">{\"@context\":\"https:\\\/\\\/schema.org\",\"@graph\":[{\"@type\":\"WebPage\",\"@id\":\"https:\\\/\\\/wp.kristdemokraterna.se\\\/trelleborg\\\/\",\"url\":\"https:\\\/\\\/wp.kristdemokraterna.se\\\/trelleborg\\\/\",\"name\":\"Startsida - Kristdemokraterna | Trelleborg\",\"isPartOf\":{\"@id\":\"https:\\\/\\\/wp.kristdemokraterna.se\\\/trelleborg\\\/#website\"},\"datePublished\":\"2017-11-29T15:47:40+00:00\",\"dateModified\":\"2025-12-15T08:45:07+00:00\",\"breadcrumb\":{\"@id\":\"https:\\\/\\\/wp.kristdemokraterna.se\\\/trelleborg\\\/#breadcrumb\"},\"inLanguage\":\"sv-SE\",\"potentialAction\":[{\"@type\":\"ReadAction\",\"target\":[\"https:\\\/\\\/wp.kristdemokraterna.se\\\/trelleborg\\\/\"]}]},{\"@type\":\"BreadcrumbList\",\"@id\":\"https:\\\/\\\/wp.kristdemokraterna.se\\\/trelleborg\\\/#breadcrumb\",\"itemListElement\":[{\"@type\":\"ListItem\",\"position\":1,\"name\":\"Hem\",\"item\":\"https:\\\/\\\/wp.kristdemokraterna.se\\\/trelleborg\\\/\"},{\"@type\":\"ListItem\",\"position\":2,\"name\":\"Startsida\"}]},{\"@type\":\"WebSite\",\"@id\":\"https:\\\/\\\/wp.kristdemokraterna.se\\\/trelleborg\\\/#website\",\"url\":\"https:\\\/\\\/wp.kristdemokraterna.se\\\/trelleborg\\\/\",\"name\":\"Kristdemokraterna | Trelleborg\",\"description\":\"En till Kristdemokraterna webbplats\",\"inLanguage\":\"sv-SE\"}]}<\/script>\n<!-- \/ Yoast SEO plugin. -->","yoast_head_json":{"title":"Startsida - Kristdemokraterna | Trelleborg","robots":{"index":"noindex","follow":"follow","max-snippet":"max-snippet:-1","max-image-preview":"max-image-preview:large","max-video-preview":"max-video-preview:-1"},"og_locale":"sv_SE","og_type":"article","og_title":"Startsida - Kristdemokraterna | Trelleborg","og_description":"V\u00e4lkommen till Kristdemokraterna i Trelleborg. Som en del av det politiska styret \u00e4r vi med varje dag och skapar en b\u00e4ttre framtid f\u00f6r Trelleborg. Vill du ocks\u00e5 vara med oss p\u00e5 v\u00e5r resa in i framtiden. D\u00e5 \u00e4r du v\u00e4lkommen att kontakta mig via mail. Ordf\u00f6rande Magnus \u00d6sterberg Kristdemokraterna Trelleborg magnus.osterberg@kristdemokraterna.se &nbsp;","og_url":"https:\/\/wp.kristdemokraterna.se\/trelleborg\/","og_site_name":"Kristdemokraterna | Trelleborg","article_modified_time":"2025-12-15T08:45:07+00:00","twitter_card":"summary_large_image","twitter_misc":{"Ber\u00e4knad l\u00e4stid":"1 minut"},"schema":{"@context":"https:\/\/schema.org","@graph":[{"@type":"WebPage","@id":"https:\/\/wp.kristdemokraterna.se\/trelleborg\/","url":"https:\/\/wp.kristdemokraterna.se\/trelleborg\/","name":"Startsida - Kristdemokraterna | Trelleborg","isPartOf":{"@id":"https:\/\/wp.kristdemokraterna.se\/trelleborg\/#website"},"datePublished":"2017-11-29T15:47:40+00:00","dateModified":"2025-12-15T08:45:07+00:00","breadcrumb":{"@id":"https:\/\/wp.kristdemokraterna.se\/trelleborg\/#breadcrumb"},"inLanguage":"sv-SE","potentialAction":[{"@type":"ReadAction","target":["https:\/\/wp.kristdemokraterna.se\/trelleborg\/"]}]},{"@type":"BreadcrumbList","@id":"https:\/\/wp.kristdemokraterna.se\/trelleborg\/#breadcrumb","itemListElement":[{"@type":"ListItem","position":1,"name":"Hem","item":"https:\/\/wp.kristdemokraterna.se\/trelleborg\/"},{"@type":"ListItem","position":2,"name":"Startsida"}]},{"@type":"WebSite","@id":"https:\/\/wp.kristdemokraterna.se\/trelleborg\/#website","url":"https:\/\/wp.kristdemokraterna.se\/trelleborg\/","name":"Kristdemokraterna | Trelleborg","description":"En till Kristdemokraterna webbplats","inLanguage":"sv-SE"}]}},"_links":{"self":[{"href":"https:\/\/wp.kristdemokraterna.se\/trelleborg\/wp-json\/wp\/v2\/pages\/265","targetHints":{"allow":["GET"]}}],"collection":[{"href":"https:\/\/wp.kristdemokraterna.se\/trelleborg\/wp-json\/wp\/v2\/pages"}],"about":[{"href":"https:\/\/wp.kristdemokraterna.se\/trelleborg\/wp-json\/wp\/v2\/types\/page"}],"author":[{"embeddable":true,"href":"https:\/\/wp.kristdemokraterna.se\/trelleborg\/wp-json\/wp\/v2\/users\/2"}],"replies":[{"embeddable":true,"href":"https:\/\/wp.kristdemokraterna.se\/trelleborg\/wp-json\/wp\/v2\/comments?post=265"}],"version-history":[{"count":163,"href":"https:\/\/wp.kristdemokraterna.se\/trelleborg\/wp-json\/wp\/v2\/pages\/265\/revisions"}],"predecessor-version":[{"id":936,"href":"https:\/\/wp.kristdemokraterna.se\/trelleborg\/wp-json\/wp\/v2\/pages\/265\/revisions\/936"}],"wp:attachment":[{"href":"https:\/\/wp.kristdemokraterna.se\/trelleborg\/wp-json\/wp\/v2\/media?parent=265"}],"curies":[{"name":"wp","href":"https:\/\/api.w.org\/{rel}","templated":true}]}}