{"id":342,"date":"2017-11-30T15:21:10","date_gmt":"2017-11-30T14:21:10","guid":{"rendered":"http:\/\/wp.kristdemokraterna.se\/trollhattan3\/?page_id=342"},"modified":"2018-07-10T13:41:14","modified_gmt":"2018-07-10T11:41:14","slug":"i-var-kommun","status":"publish","type":"page","link":"https:\/\/wp.kristdemokraterna.se\/trollhattan\/i-var-kommun\/","title":{"rendered":"Vad vill vi i v\u00e5r kommun"},"content":{"rendered":"<p style=\"text-align: left\"><strong>Mikael Svantesson:<\/strong><\/p>\n<p style=\"text-align: left\">Cykelv\u00e4gen mellan Sjuntorp och Trollh\u00e4ttan.<\/p>\n<p style=\"text-align: left\"><em>&#8221;Cykelv\u00e4gen mellan Sjuntorp och Trollh\u00e4ttan som inte blev klar&#8221;<\/em><\/p>\n<p style=\"text-align: left\">Vi i KD- Trollh\u00e4ttan vill att cykelv\u00e4gen skall byggas klart. V\u00e4gen \u00e4r smal, krokig och o\u00f6versk\u00e5dlig n\u00e4r man som cyklist skall dela v\u00e4gbanan med bilarna.<\/p>\n<p><a href=\"https:\/\/www.youtube.com\/watch?v=sL6vjaJgdQ8\" target=\"_blank\" rel=\"noopener\">Se filmen<\/a><\/p>\n<hr \/>\n<p><strong>Ricky Karlsson:\u00a0<\/strong><\/p>\n<p><em>&#8221;Om b\u00f6nderna- och den n\u00e4rproducerade matens betydelse.&#8221;<\/em><\/p>\n<p><a href=\"https:\/\/www.youtube.com\/embed\/mbt4vtlnP8c\">Se filmen<\/a><\/p>\n<hr \/>\n<p><strong>Anders Kz, KD Trollh\u00e4ttan:<\/strong><\/p>\n<p><em>\u201dJag vill att maten skall l\u00e4ggas upp p\u00e5 ett delikat och visuellt presentabelt s\u00e4tt- det \u00e4r en fr\u00f6jd f\u00f6r b\u00e5de \u00f6ga och smakl\u00f6kar.\u201d<\/em><\/p>\n<p><a href=\"https:\/\/www.youtube.com\/embed\/852V5EgxkxY\">Se filmen<\/a><\/p>\n<hr \/>\n<p><strong>Dana Roman Blomster, KD Trollh\u00e4ttan:<\/strong><\/p>\n<p><em>&#8221;Jag vill f\u00f6r\u00e4ndra nyanl\u00e4nda kvinnors r\u00e4tt till integration i Trollh\u00e4ttan.&#8221;<\/em><\/p>\n<p><a href=\"https:\/\/www.youtube.com\/embed\/-boGJ-ve8bY\">Se filmen!<\/a><\/p>\n<hr \/>\n<p><strong>Bedros Cicek, KD Trollh\u00e4ttan:<\/strong><\/p>\n<p>&#8221;Fritt busskort till skolelever&#8221;<\/p>\n<p><a href=\"https:\/\/www.youtube.com\/watch?v=tmdyLFeIMyg\">Se filmen:<\/a><\/p>\n","protected":false},"excerpt":{"rendered":"<p>Mikael Svantesson: Cykelv\u00e4gen mellan Sjuntorp och Trollh\u00e4ttan. &#8221;Cykelv\u00e4gen mellan Sjuntorp och Trollh\u00e4ttan som inte blev klar&#8221; Vi i KD- Trollh\u00e4ttan vill att cykelv\u00e4gen skall byggas klart. V\u00e4gen \u00e4r smal, krokig och o\u00f6versk\u00e5dlig n\u00e4r man som cyklist skall dela v\u00e4gbanan med bilarna. Se filmen Ricky Karlsson:\u00a0 &#8221;Om b\u00f6nderna- och den n\u00e4rproducerade matens betydelse.&#8221; Se filmen Anders <a class=\"read-more-link\" href=\"https:\/\/wp.kristdemokraterna.se\/trollhattan\/i-var-kommun\/\">Read More<\/a><\/p>\n","protected":false},"author":767,"featured_media":0,"parent":0,"menu_order":0,"comment_status":"closed","ping_status":"closed","template":"page-full.php","meta":{"_acf_changed":false,"footnotes":""},"class_list":["post-342","page","type-page","status-publish","hentry"],"acf":[],"yoast_head":"<!-- This site is optimized with the Yoast SEO plugin v27.5 - https:\/\/yoast.com\/product\/yoast-seo-wordpress\/ -->\n<title>Vad vill vi i v\u00e5r kommun - Kristdemokraterna i Trollh\u00e4ttan<\/title>\n<meta name=\"robots\" content=\"index, follow, max-snippet:-1, max-image-preview:large, max-video-preview:-1\" \/>\n<link rel=\"canonical\" href=\"https:\/\/wp.kristdemokraterna.se\/trollhattan\/i-var-kommun\/\" \/>\n<meta property=\"og:locale\" content=\"sv_SE\" \/>\n<meta property=\"og:type\" content=\"article\" \/>\n<meta property=\"og:title\" content=\"Vad vill vi i v\u00e5r kommun - Kristdemokraterna i Trollh\u00e4ttan\" \/>\n<meta property=\"og:description\" content=\"Mikael Svantesson: Cykelv\u00e4gen mellan Sjuntorp och Trollh\u00e4ttan. &#8221;Cykelv\u00e4gen mellan Sjuntorp och Trollh\u00e4ttan som inte blev klar&#8221; Vi i KD- Trollh\u00e4ttan vill att cykelv\u00e4gen skall byggas klart. V\u00e4gen \u00e4r smal, krokig och o\u00f6versk\u00e5dlig n\u00e4r man som cyklist skall dela v\u00e4gbanan med bilarna. Se filmen Ricky Karlsson:\u00a0 &#8221;Om b\u00f6nderna- och den n\u00e4rproducerade matens betydelse.&#8221; Se filmen Anders Read More\" \/>\n<meta property=\"og:url\" content=\"https:\/\/wp.kristdemokraterna.se\/trollhattan\/i-var-kommun\/\" \/>\n<meta property=\"og:site_name\" content=\"Kristdemokraterna i Trollh\u00e4ttan\" \/>\n<meta property=\"article:modified_time\" content=\"2018-07-10T11:41:14+00:00\" \/>\n<meta name=\"twitter:card\" content=\"summary_large_image\" \/>\n<meta name=\"twitter:label1\" content=\"Ber\u00e4knad l\u00e4stid\" \/>\n\t<meta name=\"twitter:data1\" content=\"1 minut\" \/>\n<script type=\"application\/ld+json\" class=\"yoast-schema-graph\">{\"@context\":\"https:\\\/\\\/schema.org\",\"@graph\":[{\"@type\":\"WebPage\",\"@id\":\"https:\\\/\\\/wp.kristdemokraterna.se\\\/trollhattan\\\/i-var-kommun\\\/\",\"url\":\"https:\\\/\\\/wp.kristdemokraterna.se\\\/trollhattan\\\/i-var-kommun\\\/\",\"name\":\"Vad vill vi i v\u00e5r kommun - Kristdemokraterna i Trollh\u00e4ttan\",\"isPartOf\":{\"@id\":\"https:\\\/\\\/wp.kristdemokraterna.se\\\/trollhattan\\\/#website\"},\"datePublished\":\"2017-11-30T14:21:10+00:00\",\"dateModified\":\"2018-07-10T11:41:14+00:00\",\"breadcrumb\":{\"@id\":\"https:\\\/\\\/wp.kristdemokraterna.se\\\/trollhattan\\\/i-var-kommun\\\/#breadcrumb\"},\"inLanguage\":\"sv-SE\",\"potentialAction\":[{\"@type\":\"ReadAction\",\"target\":[\"https:\\\/\\\/wp.kristdemokraterna.se\\\/trollhattan\\\/i-var-kommun\\\/\"]}]},{\"@type\":\"BreadcrumbList\",\"@id\":\"https:\\\/\\\/wp.kristdemokraterna.se\\\/trollhattan\\\/i-var-kommun\\\/#breadcrumb\",\"itemListElement\":[{\"@type\":\"ListItem\",\"position\":1,\"name\":\"Hem\",\"item\":\"https:\\\/\\\/wp.kristdemokraterna.se\\\/trollhattan\\\/\"},{\"@type\":\"ListItem\",\"position\":2,\"name\":\"Vad vill vi i v\u00e5r kommun\"}]},{\"@type\":\"WebSite\",\"@id\":\"https:\\\/\\\/wp.kristdemokraterna.se\\\/trollhattan\\\/#website\",\"url\":\"https:\\\/\\\/wp.kristdemokraterna.se\\\/trollhattan\\\/\",\"name\":\"Kristdemokraterna i Trollh\u00e4ttan\",\"description\":\"F\u00f6r ett tryggare Sverige\",\"inLanguage\":\"sv-SE\"}]}<\/script>\n<!-- \/ Yoast SEO plugin. -->","yoast_head_json":{"title":"Vad vill vi i v\u00e5r kommun - Kristdemokraterna i Trollh\u00e4ttan","robots":{"index":"index","follow":"follow","max-snippet":"max-snippet:-1","max-image-preview":"max-image-preview:large","max-video-preview":"max-video-preview:-1"},"canonical":"https:\/\/wp.kristdemokraterna.se\/trollhattan\/i-var-kommun\/","og_locale":"sv_SE","og_type":"article","og_title":"Vad vill vi i v\u00e5r kommun - Kristdemokraterna i Trollh\u00e4ttan","og_description":"Mikael Svantesson: Cykelv\u00e4gen mellan Sjuntorp och Trollh\u00e4ttan. &#8221;Cykelv\u00e4gen mellan Sjuntorp och Trollh\u00e4ttan som inte blev klar&#8221; Vi i KD- Trollh\u00e4ttan vill att cykelv\u00e4gen skall byggas klart. V\u00e4gen \u00e4r smal, krokig och o\u00f6versk\u00e5dlig n\u00e4r man som cyklist skall dela v\u00e4gbanan med bilarna. Se filmen Ricky Karlsson:\u00a0 &#8221;Om b\u00f6nderna- och den n\u00e4rproducerade matens betydelse.&#8221; Se filmen Anders Read More","og_url":"https:\/\/wp.kristdemokraterna.se\/trollhattan\/i-var-kommun\/","og_site_name":"Kristdemokraterna i Trollh\u00e4ttan","article_modified_time":"2018-07-10T11:41:14+00:00","twitter_card":"summary_large_image","twitter_misc":{"Ber\u00e4knad l\u00e4stid":"1 minut"},"schema":{"@context":"https:\/\/schema.org","@graph":[{"@type":"WebPage","@id":"https:\/\/wp.kristdemokraterna.se\/trollhattan\/i-var-kommun\/","url":"https:\/\/wp.kristdemokraterna.se\/trollhattan\/i-var-kommun\/","name":"Vad vill vi i v\u00e5r kommun - Kristdemokraterna i Trollh\u00e4ttan","isPartOf":{"@id":"https:\/\/wp.kristdemokraterna.se\/trollhattan\/#website"},"datePublished":"2017-11-30T14:21:10+00:00","dateModified":"2018-07-10T11:41:14+00:00","breadcrumb":{"@id":"https:\/\/wp.kristdemokraterna.se\/trollhattan\/i-var-kommun\/#breadcrumb"},"inLanguage":"sv-SE","potentialAction":[{"@type":"ReadAction","target":["https:\/\/wp.kristdemokraterna.se\/trollhattan\/i-var-kommun\/"]}]},{"@type":"BreadcrumbList","@id":"https:\/\/wp.kristdemokraterna.se\/trollhattan\/i-var-kommun\/#breadcrumb","itemListElement":[{"@type":"ListItem","position":1,"name":"Hem","item":"https:\/\/wp.kristdemokraterna.se\/trollhattan\/"},{"@type":"ListItem","position":2,"name":"Vad vill vi i v\u00e5r kommun"}]},{"@type":"WebSite","@id":"https:\/\/wp.kristdemokraterna.se\/trollhattan\/#website","url":"https:\/\/wp.kristdemokraterna.se\/trollhattan\/","name":"Kristdemokraterna i Trollh\u00e4ttan","description":"F\u00f6r ett tryggare Sverige","inLanguage":"sv-SE"}]}},"_links":{"self":[{"href":"https:\/\/wp.kristdemokraterna.se\/trollhattan\/wp-json\/wp\/v2\/pages\/342","targetHints":{"allow":["GET"]}}],"collection":[{"href":"https:\/\/wp.kristdemokraterna.se\/trollhattan\/wp-json\/wp\/v2\/pages"}],"about":[{"href":"https:\/\/wp.kristdemokraterna.se\/trollhattan\/wp-json\/wp\/v2\/types\/page"}],"author":[{"embeddable":true,"href":"https:\/\/wp.kristdemokraterna.se\/trollhattan\/wp-json\/wp\/v2\/users\/767"}],"replies":[{"embeddable":true,"href":"https:\/\/wp.kristdemokraterna.se\/trollhattan\/wp-json\/wp\/v2\/comments?post=342"}],"version-history":[{"count":30,"href":"https:\/\/wp.kristdemokraterna.se\/trollhattan\/wp-json\/wp\/v2\/pages\/342\/revisions"}],"predecessor-version":[{"id":541,"href":"https:\/\/wp.kristdemokraterna.se\/trollhattan\/wp-json\/wp\/v2\/pages\/342\/revisions\/541"}],"wp:attachment":[{"href":"https:\/\/wp.kristdemokraterna.se\/trollhattan\/wp-json\/wp\/v2\/media?parent=342"}],"curies":[{"name":"wp","href":"https:\/\/api.w.org\/{rel}","templated":true}]}}