{"id":53,"date":"2013-08-27T23:23:13","date_gmt":"2013-08-27T21:23:13","guid":{"rendered":"http:\/\/wp.kristdemokraterna.se\/trosa\/?page_id=53"},"modified":"2026-03-06T16:07:00","modified_gmt":"2026-03-06T15:07:00","slug":"styrelsen","status":"publish","type":"page","link":"https:\/\/wp.kristdemokraterna.se\/trosa\/om-oss\/styrelsen\/","title":{"rendered":"Styrelsen"},"content":{"rendered":"<p><strong>Sanni Schager<\/strong><br \/>\nOrdf\u00f6rande<\/p>\n<p><strong>Anders Tholerud<\/strong><br \/>\nVice ordf\u00f6rande<\/p>\n<p><strong>Mats Johansson<\/strong><br \/>\nKass\u00f6r<\/p>\n<p><strong>Arne Karlsson<\/strong><br \/>\nLedamot<\/p>\n<p><strong>Kenneth Tingl\u00f6f<\/strong><br \/>\nLedamot<\/p>\n<p><strong>Miriam Tingl\u00f6f<br \/>\n<\/strong>Ers\u00e4ttare<\/p>\n<p><strong>Niklas St\u00e5lebring<\/strong><br \/>\nErs\u00e4ttare<\/p>\n<p><strong>Marian Loley<br \/>\n<\/strong>Ers\u00e4ttare<\/p>\n<p>&nbsp;<\/p>\n","protected":false},"excerpt":{"rendered":"<p>Sanni Schager Ordf\u00f6rande Anders Tholerud Vice ordf\u00f6rande Mats Johansson Kass\u00f6r Arne Karlsson Ledamot Kenneth Tingl\u00f6f Ledamot Miriam Tingl\u00f6f Ers\u00e4ttare Niklas St\u00e5lebring Ers\u00e4ttare Marian Loley Ers\u00e4ttare &nbsp;<\/p>\n","protected":false},"author":406,"featured_media":0,"parent":34,"menu_order":0,"comment_status":"closed","ping_status":"closed","template":"","meta":{"_acf_changed":false,"footnotes":""},"class_list":["post-53","page","type-page","status-publish","hentry"],"acf":[],"yoast_head":"<!-- This site is optimized with the Yoast SEO plugin v27.4 - https:\/\/yoast.com\/product\/yoast-seo-wordpress\/ -->\n<title>Styrelsen - Trosa<\/title>\n<meta name=\"robots\" content=\"index, follow, max-snippet:-1, max-image-preview:large, max-video-preview:-1\" \/>\n<link rel=\"canonical\" href=\"https:\/\/wp.kristdemokraterna.se\/trosa\/om-oss\/styrelsen\/\" \/>\n<meta property=\"og:locale\" content=\"sv_SE\" \/>\n<meta property=\"og:type\" content=\"article\" \/>\n<meta property=\"og:title\" content=\"Styrelsen - Trosa\" \/>\n<meta property=\"og:description\" content=\"Sanni Schager Ordf\u00f6rande Anders Tholerud Vice ordf\u00f6rande Mats Johansson Kass\u00f6r Arne Karlsson Ledamot Kenneth Tingl\u00f6f Ledamot Miriam Tingl\u00f6f Ers\u00e4ttare Niklas St\u00e5lebring Ers\u00e4ttare Marian Loley Ers\u00e4ttare &nbsp;\" \/>\n<meta property=\"og:url\" content=\"https:\/\/wp.kristdemokraterna.se\/trosa\/om-oss\/styrelsen\/\" \/>\n<meta property=\"og:site_name\" content=\"Trosa\" \/>\n<meta property=\"article:modified_time\" content=\"2026-03-06T15:07:00+00:00\" \/>\n<meta name=\"twitter:card\" content=\"summary_large_image\" \/>\n<meta name=\"twitter:label1\" content=\"Ber\u00e4knad l\u00e4stid\" \/>\n\t<meta name=\"twitter:data1\" content=\"1 minut\" \/>\n<script type=\"application\/ld+json\" class=\"yoast-schema-graph\">{\"@context\":\"https:\\\/\\\/schema.org\",\"@graph\":[{\"@type\":\"WebPage\",\"@id\":\"https:\\\/\\\/wp.kristdemokraterna.se\\\/trosa\\\/om-oss\\\/styrelsen\\\/\",\"url\":\"https:\\\/\\\/wp.kristdemokraterna.se\\\/trosa\\\/om-oss\\\/styrelsen\\\/\",\"name\":\"Styrelsen - Trosa\",\"isPartOf\":{\"@id\":\"https:\\\/\\\/wp.kristdemokraterna.se\\\/trosa\\\/#website\"},\"datePublished\":\"2013-08-27T21:23:13+00:00\",\"dateModified\":\"2026-03-06T15:07:00+00:00\",\"breadcrumb\":{\"@id\":\"https:\\\/\\\/wp.kristdemokraterna.se\\\/trosa\\\/om-oss\\\/styrelsen\\\/#breadcrumb\"},\"inLanguage\":\"sv-SE\",\"potentialAction\":[{\"@type\":\"ReadAction\",\"target\":[\"https:\\\/\\\/wp.kristdemokraterna.se\\\/trosa\\\/om-oss\\\/styrelsen\\\/\"]}]},{\"@type\":\"BreadcrumbList\",\"@id\":\"https:\\\/\\\/wp.kristdemokraterna.se\\\/trosa\\\/om-oss\\\/styrelsen\\\/#breadcrumb\",\"itemListElement\":[{\"@type\":\"ListItem\",\"position\":1,\"name\":\"Hem\",\"item\":\"https:\\\/\\\/wp.kristdemokraterna.se\\\/trosa\\\/\"},{\"@type\":\"ListItem\",\"position\":2,\"name\":\"Om oss\",\"item\":\"https:\\\/\\\/wp.kristdemokraterna.se\\\/trosa\\\/om-oss\\\/\"},{\"@type\":\"ListItem\",\"position\":3,\"name\":\"Styrelsen\"}]},{\"@type\":\"WebSite\",\"@id\":\"https:\\\/\\\/wp.kristdemokraterna.se\\\/trosa\\\/#website\",\"url\":\"https:\\\/\\\/wp.kristdemokraterna.se\\\/trosa\\\/\",\"name\":\"Trosa\",\"description\":\"\",\"inLanguage\":\"sv-SE\"}]}<\/script>\n<!-- \/ Yoast SEO plugin. -->","yoast_head_json":{"title":"Styrelsen - Trosa","robots":{"index":"index","follow":"follow","max-snippet":"max-snippet:-1","max-image-preview":"max-image-preview:large","max-video-preview":"max-video-preview:-1"},"canonical":"https:\/\/wp.kristdemokraterna.se\/trosa\/om-oss\/styrelsen\/","og_locale":"sv_SE","og_type":"article","og_title":"Styrelsen - Trosa","og_description":"Sanni Schager Ordf\u00f6rande Anders Tholerud Vice ordf\u00f6rande Mats Johansson Kass\u00f6r Arne Karlsson Ledamot Kenneth Tingl\u00f6f Ledamot Miriam Tingl\u00f6f Ers\u00e4ttare Niklas St\u00e5lebring Ers\u00e4ttare Marian Loley Ers\u00e4ttare &nbsp;","og_url":"https:\/\/wp.kristdemokraterna.se\/trosa\/om-oss\/styrelsen\/","og_site_name":"Trosa","article_modified_time":"2026-03-06T15:07:00+00:00","twitter_card":"summary_large_image","twitter_misc":{"Ber\u00e4knad l\u00e4stid":"1 minut"},"schema":{"@context":"https:\/\/schema.org","@graph":[{"@type":"WebPage","@id":"https:\/\/wp.kristdemokraterna.se\/trosa\/om-oss\/styrelsen\/","url":"https:\/\/wp.kristdemokraterna.se\/trosa\/om-oss\/styrelsen\/","name":"Styrelsen - Trosa","isPartOf":{"@id":"https:\/\/wp.kristdemokraterna.se\/trosa\/#website"},"datePublished":"2013-08-27T21:23:13+00:00","dateModified":"2026-03-06T15:07:00+00:00","breadcrumb":{"@id":"https:\/\/wp.kristdemokraterna.se\/trosa\/om-oss\/styrelsen\/#breadcrumb"},"inLanguage":"sv-SE","potentialAction":[{"@type":"ReadAction","target":["https:\/\/wp.kristdemokraterna.se\/trosa\/om-oss\/styrelsen\/"]}]},{"@type":"BreadcrumbList","@id":"https:\/\/wp.kristdemokraterna.se\/trosa\/om-oss\/styrelsen\/#breadcrumb","itemListElement":[{"@type":"ListItem","position":1,"name":"Hem","item":"https:\/\/wp.kristdemokraterna.se\/trosa\/"},{"@type":"ListItem","position":2,"name":"Om oss","item":"https:\/\/wp.kristdemokraterna.se\/trosa\/om-oss\/"},{"@type":"ListItem","position":3,"name":"Styrelsen"}]},{"@type":"WebSite","@id":"https:\/\/wp.kristdemokraterna.se\/trosa\/#website","url":"https:\/\/wp.kristdemokraterna.se\/trosa\/","name":"Trosa","description":"","inLanguage":"sv-SE"}]}},"_links":{"self":[{"href":"https:\/\/wp.kristdemokraterna.se\/trosa\/wp-json\/wp\/v2\/pages\/53","targetHints":{"allow":["GET"]}}],"collection":[{"href":"https:\/\/wp.kristdemokraterna.se\/trosa\/wp-json\/wp\/v2\/pages"}],"about":[{"href":"https:\/\/wp.kristdemokraterna.se\/trosa\/wp-json\/wp\/v2\/types\/page"}],"author":[{"embeddable":true,"href":"https:\/\/wp.kristdemokraterna.se\/trosa\/wp-json\/wp\/v2\/users\/406"}],"replies":[{"embeddable":true,"href":"https:\/\/wp.kristdemokraterna.se\/trosa\/wp-json\/wp\/v2\/comments?post=53"}],"version-history":[{"count":14,"href":"https:\/\/wp.kristdemokraterna.se\/trosa\/wp-json\/wp\/v2\/pages\/53\/revisions"}],"predecessor-version":[{"id":290,"href":"https:\/\/wp.kristdemokraterna.se\/trosa\/wp-json\/wp\/v2\/pages\/53\/revisions\/290"}],"up":[{"embeddable":true,"href":"https:\/\/wp.kristdemokraterna.se\/trosa\/wp-json\/wp\/v2\/pages\/34"}],"wp:attachment":[{"href":"https:\/\/wp.kristdemokraterna.se\/trosa\/wp-json\/wp\/v2\/media?parent=53"}],"curies":[{"name":"wp","href":"https:\/\/api.w.org\/{rel}","templated":true}]}}