{"id":75,"date":"2013-08-28T18:15:51","date_gmt":"2013-08-28T16:15:51","guid":{"rendered":"http:\/\/wp.kristdemokraterna.se\/trosa\/?page_id=75"},"modified":"2018-03-07T11:51:03","modified_gmt":"2018-03-07T10:51:03","slug":"engagera-dig","status":"publish","type":"page","link":"https:\/\/wp.kristdemokraterna.se\/trosa\/engagera-dig\/","title":{"rendered":"Engagera dig!"},"content":{"rendered":"<p><a href=\"http:\/\/wp.kristdemokraterna.se\/trosa\/engagera-dig\/studio-halv-foto-truls-busch-christensen-transp-mer-kontrast-340x510\/\" rel=\"attachment wp-att-155\"><img loading=\"lazy\" decoding=\"async\" class=\"size-medium wp-image-155\" src=\"http:\/\/wp.kristdemokraterna.se\/trosa\/files\/2018\/03\/studio_halv_foto_truls_busch_christensen_transp_mer_kontrast-340x510-200x300.png\" alt=\"\" width=\"200\" height=\"300\" srcset=\"https:\/\/wp.kristdemokraterna.se\/trosa\/files\/2018\/03\/studio_halv_foto_truls_busch_christensen_transp_mer_kontrast-340x510-200x300.png 200w, https:\/\/wp.kristdemokraterna.se\/trosa\/files\/2018\/03\/studio_halv_foto_truls_busch_christensen_transp_mer_kontrast-340x510.png 340w\" sizes=\"auto, (max-width: 200px) 100vw, 200px\" \/><\/a><\/p>\n<p>Jag gick med i\u00a0Kristdemokraterna f\u00f6r att jag vill v\u00e4rna m\u00e4nniskors r\u00e4tt till sj\u00e4lvbest\u00e4mmande. Varje m\u00e4nniska \u00e4r unik och m\u00e5ste ha r\u00e4tt till mer egenmakt.\u00a0F\u00f6r mig byggs samh\u00e4llet underifr\u00e5n och familjens roll \u00e4r central. D\u00e4rf\u00f6r m\u00e5ste familjerna sj\u00e4lva f\u00e5 best\u00e4mma hur de ska f\u00f6rdela f\u00f6r\u00e4ldraledigheten, p\u00e5 samma s\u00e4tt som \u00e4ldre ska f\u00e5 best\u00e4mma mer \u00f6ver hur de vill ha sin \u00e4ldreomsorg. Idag hotas egenmakten och sj\u00e4lvbest\u00e4mmandet av kl\u00e5fingriga politiker. Det vill jag och Kristdemokraterna s\u00e4tta stopp f\u00f6r.Jag hoppas du vill vara med och arbeta f\u00f6r mer\u00a0egenmakt och mer medm\u00e4nsklighet.<br \/>\nG\u00f6r som jag gjorde\u00a0\u2013 <a href=\"https:\/\/kristdemokraterna.se\/engagera-dig\/bli-medlem\">bli medlem.<\/a><\/p>\n<p><strong>EBBA BUSCH THOR<\/strong><br \/>\nPartiledare (KD)<\/p>\n","protected":false},"excerpt":{"rendered":"<p>Jag gick med i\u00a0Kristdemokraterna f\u00f6r att jag vill v\u00e4rna m\u00e4nniskors r\u00e4tt till sj\u00e4lvbest\u00e4mmande. Varje m\u00e4nniska \u00e4r unik och m\u00e5ste ha r\u00e4tt till mer egenmakt.\u00a0F\u00f6r mig byggs samh\u00e4llet underifr\u00e5n och familjens roll \u00e4r central. D\u00e4rf\u00f6r m\u00e5ste familjerna sj\u00e4lva f\u00e5 best\u00e4mma hur de ska f\u00f6rdela f\u00f6r\u00e4ldraledigheten, p\u00e5 samma s\u00e4tt som \u00e4ldre ska f\u00e5 best\u00e4mma mer \u00f6ver hur <a class=\"read-more-link\" href=\"https:\/\/wp.kristdemokraterna.se\/trosa\/engagera-dig\/\">Read More<\/a><\/p>\n","protected":false},"author":406,"featured_media":0,"parent":0,"menu_order":4,"comment_status":"closed","ping_status":"closed","template":"","meta":{"_acf_changed":false,"footnotes":""},"class_list":["post-75","page","type-page","status-publish","hentry"],"acf":[],"yoast_head":"<!-- This site is optimized with the Yoast SEO plugin v27.4 - https:\/\/yoast.com\/product\/yoast-seo-wordpress\/ -->\n<title>Engagera dig! - Trosa<\/title>\n<meta name=\"robots\" content=\"index, follow, max-snippet:-1, max-image-preview:large, max-video-preview:-1\" \/>\n<link rel=\"canonical\" href=\"https:\/\/wp.kristdemokraterna.se\/trosa\/engagera-dig\/\" \/>\n<meta property=\"og:locale\" content=\"sv_SE\" \/>\n<meta property=\"og:type\" content=\"article\" \/>\n<meta property=\"og:title\" content=\"Engagera dig! - Trosa\" \/>\n<meta property=\"og:description\" content=\"Jag gick med i\u00a0Kristdemokraterna f\u00f6r att jag vill v\u00e4rna m\u00e4nniskors r\u00e4tt till sj\u00e4lvbest\u00e4mmande. Varje m\u00e4nniska \u00e4r unik och m\u00e5ste ha r\u00e4tt till mer egenmakt.\u00a0F\u00f6r mig byggs samh\u00e4llet underifr\u00e5n och familjens roll \u00e4r central. D\u00e4rf\u00f6r m\u00e5ste familjerna sj\u00e4lva f\u00e5 best\u00e4mma hur de ska f\u00f6rdela f\u00f6r\u00e4ldraledigheten, p\u00e5 samma s\u00e4tt som \u00e4ldre ska f\u00e5 best\u00e4mma mer \u00f6ver hur Read More\" \/>\n<meta property=\"og:url\" content=\"https:\/\/wp.kristdemokraterna.se\/trosa\/engagera-dig\/\" \/>\n<meta property=\"og:site_name\" content=\"Trosa\" \/>\n<meta property=\"article:modified_time\" content=\"2018-03-07T10:51:03+00:00\" \/>\n<meta property=\"og:image\" content=\"http:\/\/wp.kristdemokraterna.se\/trosa\/files\/2018\/03\/studio_halv_foto_truls_busch_christensen_transp_mer_kontrast-340x510-200x300.png\" \/>\n<meta name=\"twitter:card\" content=\"summary_large_image\" \/>\n<meta name=\"twitter:label1\" content=\"Ber\u00e4knad l\u00e4stid\" \/>\n\t<meta name=\"twitter:data1\" content=\"1 minut\" \/>\n<script type=\"application\/ld+json\" class=\"yoast-schema-graph\">{\"@context\":\"https:\\\/\\\/schema.org\",\"@graph\":[{\"@type\":\"WebPage\",\"@id\":\"https:\\\/\\\/wp.kristdemokraterna.se\\\/trosa\\\/engagera-dig\\\/\",\"url\":\"https:\\\/\\\/wp.kristdemokraterna.se\\\/trosa\\\/engagera-dig\\\/\",\"name\":\"Engagera dig! - Trosa\",\"isPartOf\":{\"@id\":\"https:\\\/\\\/wp.kristdemokraterna.se\\\/trosa\\\/#website\"},\"primaryImageOfPage\":{\"@id\":\"https:\\\/\\\/wp.kristdemokraterna.se\\\/trosa\\\/engagera-dig\\\/#primaryimage\"},\"image\":{\"@id\":\"https:\\\/\\\/wp.kristdemokraterna.se\\\/trosa\\\/engagera-dig\\\/#primaryimage\"},\"thumbnailUrl\":\"http:\\\/\\\/wp.kristdemokraterna.se\\\/trosa\\\/files\\\/2018\\\/03\\\/studio_halv_foto_truls_busch_christensen_transp_mer_kontrast-340x510-200x300.png\",\"datePublished\":\"2013-08-28T16:15:51+00:00\",\"dateModified\":\"2018-03-07T10:51:03+00:00\",\"breadcrumb\":{\"@id\":\"https:\\\/\\\/wp.kristdemokraterna.se\\\/trosa\\\/engagera-dig\\\/#breadcrumb\"},\"inLanguage\":\"sv-SE\",\"potentialAction\":[{\"@type\":\"ReadAction\",\"target\":[\"https:\\\/\\\/wp.kristdemokraterna.se\\\/trosa\\\/engagera-dig\\\/\"]}]},{\"@type\":\"ImageObject\",\"inLanguage\":\"sv-SE\",\"@id\":\"https:\\\/\\\/wp.kristdemokraterna.se\\\/trosa\\\/engagera-dig\\\/#primaryimage\",\"url\":\"http:\\\/\\\/wp.kristdemokraterna.se\\\/trosa\\\/files\\\/2018\\\/03\\\/studio_halv_foto_truls_busch_christensen_transp_mer_kontrast-340x510-200x300.png\",\"contentUrl\":\"http:\\\/\\\/wp.kristdemokraterna.se\\\/trosa\\\/files\\\/2018\\\/03\\\/studio_halv_foto_truls_busch_christensen_transp_mer_kontrast-340x510-200x300.png\"},{\"@type\":\"BreadcrumbList\",\"@id\":\"https:\\\/\\\/wp.kristdemokraterna.se\\\/trosa\\\/engagera-dig\\\/#breadcrumb\",\"itemListElement\":[{\"@type\":\"ListItem\",\"position\":1,\"name\":\"Hem\",\"item\":\"https:\\\/\\\/wp.kristdemokraterna.se\\\/trosa\\\/\"},{\"@type\":\"ListItem\",\"position\":2,\"name\":\"Engagera dig!\"}]},{\"@type\":\"WebSite\",\"@id\":\"https:\\\/\\\/wp.kristdemokraterna.se\\\/trosa\\\/#website\",\"url\":\"https:\\\/\\\/wp.kristdemokraterna.se\\\/trosa\\\/\",\"name\":\"Trosa\",\"description\":\"\",\"inLanguage\":\"sv-SE\"}]}<\/script>\n<!-- \/ Yoast SEO plugin. -->","yoast_head_json":{"title":"Engagera dig! - Trosa","robots":{"index":"index","follow":"follow","max-snippet":"max-snippet:-1","max-image-preview":"max-image-preview:large","max-video-preview":"max-video-preview:-1"},"canonical":"https:\/\/wp.kristdemokraterna.se\/trosa\/engagera-dig\/","og_locale":"sv_SE","og_type":"article","og_title":"Engagera dig! - Trosa","og_description":"Jag gick med i\u00a0Kristdemokraterna f\u00f6r att jag vill v\u00e4rna m\u00e4nniskors r\u00e4tt till sj\u00e4lvbest\u00e4mmande. Varje m\u00e4nniska \u00e4r unik och m\u00e5ste ha r\u00e4tt till mer egenmakt.\u00a0F\u00f6r mig byggs samh\u00e4llet underifr\u00e5n och familjens roll \u00e4r central. D\u00e4rf\u00f6r m\u00e5ste familjerna sj\u00e4lva f\u00e5 best\u00e4mma hur de ska f\u00f6rdela f\u00f6r\u00e4ldraledigheten, p\u00e5 samma s\u00e4tt som \u00e4ldre ska f\u00e5 best\u00e4mma mer \u00f6ver hur Read More","og_url":"https:\/\/wp.kristdemokraterna.se\/trosa\/engagera-dig\/","og_site_name":"Trosa","article_modified_time":"2018-03-07T10:51:03+00:00","og_image":[{"url":"http:\/\/wp.kristdemokraterna.se\/trosa\/files\/2018\/03\/studio_halv_foto_truls_busch_christensen_transp_mer_kontrast-340x510-200x300.png","type":"","width":"","height":""}],"twitter_card":"summary_large_image","twitter_misc":{"Ber\u00e4knad l\u00e4stid":"1 minut"},"schema":{"@context":"https:\/\/schema.org","@graph":[{"@type":"WebPage","@id":"https:\/\/wp.kristdemokraterna.se\/trosa\/engagera-dig\/","url":"https:\/\/wp.kristdemokraterna.se\/trosa\/engagera-dig\/","name":"Engagera dig! - Trosa","isPartOf":{"@id":"https:\/\/wp.kristdemokraterna.se\/trosa\/#website"},"primaryImageOfPage":{"@id":"https:\/\/wp.kristdemokraterna.se\/trosa\/engagera-dig\/#primaryimage"},"image":{"@id":"https:\/\/wp.kristdemokraterna.se\/trosa\/engagera-dig\/#primaryimage"},"thumbnailUrl":"http:\/\/wp.kristdemokraterna.se\/trosa\/files\/2018\/03\/studio_halv_foto_truls_busch_christensen_transp_mer_kontrast-340x510-200x300.png","datePublished":"2013-08-28T16:15:51+00:00","dateModified":"2018-03-07T10:51:03+00:00","breadcrumb":{"@id":"https:\/\/wp.kristdemokraterna.se\/trosa\/engagera-dig\/#breadcrumb"},"inLanguage":"sv-SE","potentialAction":[{"@type":"ReadAction","target":["https:\/\/wp.kristdemokraterna.se\/trosa\/engagera-dig\/"]}]},{"@type":"ImageObject","inLanguage":"sv-SE","@id":"https:\/\/wp.kristdemokraterna.se\/trosa\/engagera-dig\/#primaryimage","url":"http:\/\/wp.kristdemokraterna.se\/trosa\/files\/2018\/03\/studio_halv_foto_truls_busch_christensen_transp_mer_kontrast-340x510-200x300.png","contentUrl":"http:\/\/wp.kristdemokraterna.se\/trosa\/files\/2018\/03\/studio_halv_foto_truls_busch_christensen_transp_mer_kontrast-340x510-200x300.png"},{"@type":"BreadcrumbList","@id":"https:\/\/wp.kristdemokraterna.se\/trosa\/engagera-dig\/#breadcrumb","itemListElement":[{"@type":"ListItem","position":1,"name":"Hem","item":"https:\/\/wp.kristdemokraterna.se\/trosa\/"},{"@type":"ListItem","position":2,"name":"Engagera dig!"}]},{"@type":"WebSite","@id":"https:\/\/wp.kristdemokraterna.se\/trosa\/#website","url":"https:\/\/wp.kristdemokraterna.se\/trosa\/","name":"Trosa","description":"","inLanguage":"sv-SE"}]}},"_links":{"self":[{"href":"https:\/\/wp.kristdemokraterna.se\/trosa\/wp-json\/wp\/v2\/pages\/75","targetHints":{"allow":["GET"]}}],"collection":[{"href":"https:\/\/wp.kristdemokraterna.se\/trosa\/wp-json\/wp\/v2\/pages"}],"about":[{"href":"https:\/\/wp.kristdemokraterna.se\/trosa\/wp-json\/wp\/v2\/types\/page"}],"author":[{"embeddable":true,"href":"https:\/\/wp.kristdemokraterna.se\/trosa\/wp-json\/wp\/v2\/users\/406"}],"replies":[{"embeddable":true,"href":"https:\/\/wp.kristdemokraterna.se\/trosa\/wp-json\/wp\/v2\/comments?post=75"}],"version-history":[{"count":10,"href":"https:\/\/wp.kristdemokraterna.se\/trosa\/wp-json\/wp\/v2\/pages\/75\/revisions"}],"predecessor-version":[{"id":153,"href":"https:\/\/wp.kristdemokraterna.se\/trosa\/wp-json\/wp\/v2\/pages\/75\/revisions\/153"}],"wp:attachment":[{"href":"https:\/\/wp.kristdemokraterna.se\/trosa\/wp-json\/wp\/v2\/media?parent=75"}],"curies":[{"name":"wp","href":"https:\/\/api.w.org\/{rel}","templated":true}]}}