{"id":114,"date":"2014-06-03T16:26:01","date_gmt":"2014-06-03T14:26:01","guid":{"rendered":"http:\/\/wp.kristdemokraterna.se\/tyreso\/?page_id=114"},"modified":"2026-04-15T07:03:38","modified_gmt":"2026-04-15T05:03:38","slug":"kommunfullmaktige","status":"publish","type":"page","link":"https:\/\/wp.kristdemokraterna.se\/tyreso\/vara-uppdrag\/kommunfullmaktige\/","title":{"rendered":"Kommunfullm\u00e4ktige"},"content":{"rendered":"<p>Kommunfullm\u00e4ktige \u00e4r kommunens h\u00f6gsta beslutande organ. Kommunfullm\u00e4ktige 61 ledam\u00f6ter och 33 ers\u00e4ttare.<\/p>\n<p>Kommunfullm\u00e4ktige fattar beslut i fr\u00e5gor som \u00e4r av stor vikt eller av principiell betydelse f\u00f6r kommunen och dess inv\u00e5nare, bland annat om, hur mycket inv\u00e5narna ska betala i skatt till kommunen, taxor och andra avgifter, kommunens budget, st\u00f6rre investeringar, planer och m\u00e5l f\u00f6r verksamheten samt vilka n\u00e4mnder som finns i kommunen och hur de \u00e4r organiserade.<\/p>\n<h3>Ordinarie ledam\u00f6ter<\/h3>\n<div id=\"attachment_1416\" style=\"width: 300px\" class=\"wp-caption alignnone\"><a href=\"http:\/\/wp.kristdemokraterna.se\/tyreso\/files\/2022\/04\/ulf-perbo-mars-2022-scaled.jpg\"><img loading=\"lazy\" decoding=\"async\" aria-describedby=\"caption-attachment-1416\" class=\" wp-image-1416\" src=\"http:\/\/wp.kristdemokraterna.se\/tyreso\/files\/2022\/04\/ulf-perbo-mars-2022-scaled.jpg\" alt=\"\" width=\"290\" height=\"362\" srcset=\"https:\/\/wp.kristdemokraterna.se\/tyreso\/files\/2022\/04\/ulf-perbo-mars-2022-scaled.jpg 2048w, https:\/\/wp.kristdemokraterna.se\/tyreso\/files\/2022\/04\/ulf-perbo-mars-2022-240x300.jpg 240w, https:\/\/wp.kristdemokraterna.se\/tyreso\/files\/2022\/04\/ulf-perbo-mars-2022-819x1024.jpg 819w, https:\/\/wp.kristdemokraterna.se\/tyreso\/files\/2022\/04\/ulf-perbo-mars-2022-768x960.jpg 768w, https:\/\/wp.kristdemokraterna.se\/tyreso\/files\/2022\/04\/ulf-perbo-mars-2022-1229x1536.jpg 1229w, https:\/\/wp.kristdemokraterna.se\/tyreso\/files\/2022\/04\/ulf-perbo-mars-2022-1638x2048.jpg 1638w, https:\/\/wp.kristdemokraterna.se\/tyreso\/files\/2022\/04\/ulf-perbo-mars-2022-160x200.jpg 160w, https:\/\/wp.kristdemokraterna.se\/tyreso\/files\/2022\/04\/ulf-perbo-mars-2022-370x463.jpg 370w, https:\/\/wp.kristdemokraterna.se\/tyreso\/files\/2022\/04\/ulf-perbo-mars-2022-770x963.jpg 770w, https:\/\/wp.kristdemokraterna.se\/tyreso\/files\/2022\/04\/ulf-perbo-mars-2022-450x563.jpg 450w, https:\/\/wp.kristdemokraterna.se\/tyreso\/files\/2022\/04\/ulf-perbo-mars-2022-280x350.jpg 280w, https:\/\/wp.kristdemokraterna.se\/tyreso\/files\/2022\/04\/ulf-perbo-mars-2022-340x425.jpg 340w, https:\/\/wp.kristdemokraterna.se\/tyreso\/files\/2022\/04\/ulf-perbo-mars-2022-45x56.jpg 45w\" sizes=\"auto, (max-width: 290px) 100vw, 290px\" \/><\/a><p id=\"caption-attachment-1416\" class=\"wp-caption-text\">Ulf Perbo<br \/>Tel: 070-9946363<br \/>Epost: ulf@perbo.nu<\/p><\/div>\n<p>&nbsp;<\/p>\n<div id=\"attachment_1516\" style=\"width: 301px\" class=\"wp-caption alignnone\"><a href=\"http:\/\/wp.kristdemokraterna.se\/tyreso\/files\/2023\/01\/per-linden-scaled.jpg\"><img loading=\"lazy\" decoding=\"async\" aria-describedby=\"caption-attachment-1516\" class=\" wp-image-1516\" src=\"http:\/\/wp.kristdemokraterna.se\/tyreso\/files\/2023\/01\/per-linden-scaled.jpg\" alt=\"\" width=\"291\" height=\"364\" srcset=\"https:\/\/wp.kristdemokraterna.se\/tyreso\/files\/2023\/01\/per-linden-scaled.jpg 2048w, https:\/\/wp.kristdemokraterna.se\/tyreso\/files\/2023\/01\/per-linden-240x300.jpg 240w, https:\/\/wp.kristdemokraterna.se\/tyreso\/files\/2023\/01\/per-linden-819x1024.jpg 819w, https:\/\/wp.kristdemokraterna.se\/tyreso\/files\/2023\/01\/per-linden-768x960.jpg 768w, https:\/\/wp.kristdemokraterna.se\/tyreso\/files\/2023\/01\/per-linden-1229x1536.jpg 1229w, https:\/\/wp.kristdemokraterna.se\/tyreso\/files\/2023\/01\/per-linden-1638x2048.jpg 1638w, https:\/\/wp.kristdemokraterna.se\/tyreso\/files\/2023\/01\/per-linden-160x200.jpg 160w, https:\/\/wp.kristdemokraterna.se\/tyreso\/files\/2023\/01\/per-linden-370x463.jpg 370w, https:\/\/wp.kristdemokraterna.se\/tyreso\/files\/2023\/01\/per-linden-770x963.jpg 770w, https:\/\/wp.kristdemokraterna.se\/tyreso\/files\/2023\/01\/per-linden-450x563.jpg 450w, https:\/\/wp.kristdemokraterna.se\/tyreso\/files\/2023\/01\/per-linden-280x350.jpg 280w, https:\/\/wp.kristdemokraterna.se\/tyreso\/files\/2023\/01\/per-linden-340x425.jpg 340w, https:\/\/wp.kristdemokraterna.se\/tyreso\/files\/2023\/01\/per-linden-45x56.jpg 45w\" sizes=\"auto, (max-width: 291px) 100vw, 291px\" \/><\/a><p id=\"caption-attachment-1516\" class=\"wp-caption-text\">Per Lind\u00e9n<br \/>Tel: 08-52721937<br \/>per.linden@cgi.com<\/p><\/div>\n<h3>Ers\u00e4ttare<\/h3>\n<div id=\"attachment_1413\" style=\"width: 301px\" class=\"wp-caption alignnone\"><a href=\"http:\/\/wp.kristdemokraterna.se\/tyreso\/files\/2022\/04\/cecilia-skold-scaled.jpg\"><img loading=\"lazy\" decoding=\"async\" aria-describedby=\"caption-attachment-1413\" class=\" wp-image-1413\" src=\"http:\/\/wp.kristdemokraterna.se\/tyreso\/files\/2022\/04\/cecilia-skold-scaled.jpg\" alt=\"\" width=\"291\" height=\"336\" srcset=\"https:\/\/wp.kristdemokraterna.se\/tyreso\/files\/2022\/04\/cecilia-skold-scaled.jpg 2214w, https:\/\/wp.kristdemokraterna.se\/tyreso\/files\/2022\/04\/cecilia-skold-259x300.jpg 259w, https:\/\/wp.kristdemokraterna.se\/tyreso\/files\/2022\/04\/cecilia-skold-885x1024.jpg 885w, https:\/\/wp.kristdemokraterna.se\/tyreso\/files\/2022\/04\/cecilia-skold-768x888.jpg 768w, https:\/\/wp.kristdemokraterna.se\/tyreso\/files\/2022\/04\/cecilia-skold-1328x1536.jpg 1328w, https:\/\/wp.kristdemokraterna.se\/tyreso\/files\/2022\/04\/cecilia-skold-1771x2048.jpg 1771w, https:\/\/wp.kristdemokraterna.se\/tyreso\/files\/2022\/04\/cecilia-skold-173x200.jpg 173w, https:\/\/wp.kristdemokraterna.se\/tyreso\/files\/2022\/04\/cecilia-skold-370x428.jpg 370w, https:\/\/wp.kristdemokraterna.se\/tyreso\/files\/2022\/04\/cecilia-skold-770x891.jpg 770w, https:\/\/wp.kristdemokraterna.se\/tyreso\/files\/2022\/04\/cecilia-skold-450x520.jpg 450w, https:\/\/wp.kristdemokraterna.se\/tyreso\/files\/2022\/04\/cecilia-skold-280x324.jpg 280w, https:\/\/wp.kristdemokraterna.se\/tyreso\/files\/2022\/04\/cecilia-skold-340x393.jpg 340w, https:\/\/wp.kristdemokraterna.se\/tyreso\/files\/2022\/04\/cecilia-skold-48x56.jpg 48w\" sizes=\"auto, (max-width: 291px) 100vw, 291px\" \/><\/a><p id=\"caption-attachment-1413\" class=\"wp-caption-text\">Cecilia Sk\u00f6ld<br \/>Tel: 073-7776702<br \/>E-post: Cecilia.Skold2015@gmail.com<\/p><\/div>\n<p>&nbsp;<\/p>\n<div id=\"attachment_1514\" style=\"width: 299px\" class=\"wp-caption alignnone\"><a href=\"http:\/\/wp.kristdemokraterna.se\/tyreso\/files\/2023\/01\/9-janis-salts-color22-scaled.jpg\"><img loading=\"lazy\" decoding=\"async\" aria-describedby=\"caption-attachment-1514\" class=\" wp-image-1514\" src=\"http:\/\/wp.kristdemokraterna.se\/tyreso\/files\/2023\/01\/9-janis-salts-color22-scaled.jpg\" alt=\"\" width=\"289\" height=\"361\" srcset=\"https:\/\/wp.kristdemokraterna.se\/tyreso\/files\/2023\/01\/9-janis-salts-color22-scaled.jpg 2048w, https:\/\/wp.kristdemokraterna.se\/tyreso\/files\/2023\/01\/9-janis-salts-color22-240x300.jpg 240w, https:\/\/wp.kristdemokraterna.se\/tyreso\/files\/2023\/01\/9-janis-salts-color22-819x1024.jpg 819w, https:\/\/wp.kristdemokraterna.se\/tyreso\/files\/2023\/01\/9-janis-salts-color22-768x960.jpg 768w, https:\/\/wp.kristdemokraterna.se\/tyreso\/files\/2023\/01\/9-janis-salts-color22-1229x1536.jpg 1229w, https:\/\/wp.kristdemokraterna.se\/tyreso\/files\/2023\/01\/9-janis-salts-color22-1639x2048.jpg 1639w, https:\/\/wp.kristdemokraterna.se\/tyreso\/files\/2023\/01\/9-janis-salts-color22-160x200.jpg 160w, https:\/\/wp.kristdemokraterna.se\/tyreso\/files\/2023\/01\/9-janis-salts-color22-370x462.jpg 370w, https:\/\/wp.kristdemokraterna.se\/tyreso\/files\/2023\/01\/9-janis-salts-color22-770x962.jpg 770w, https:\/\/wp.kristdemokraterna.se\/tyreso\/files\/2023\/01\/9-janis-salts-color22-450x562.jpg 450w, https:\/\/wp.kristdemokraterna.se\/tyreso\/files\/2023\/01\/9-janis-salts-color22-280x350.jpg 280w, https:\/\/wp.kristdemokraterna.se\/tyreso\/files\/2023\/01\/9-janis-salts-color22-340x425.jpg 340w, https:\/\/wp.kristdemokraterna.se\/tyreso\/files\/2023\/01\/9-janis-salts-color22-45x56.jpg 45w\" sizes=\"auto, (max-width: 289px) 100vw, 289px\" \/><\/a><p id=\"caption-attachment-1514\" class=\"wp-caption-text\">Janis Salts<br \/>Tel: 070-7728068<br \/>Epost: saltsjanis@gmail.com<\/p><\/div>\n","protected":false},"excerpt":{"rendered":"<p>Kommunfullm\u00e4ktige \u00e4r kommunens h\u00f6gsta beslutande organ. Kommunfullm\u00e4ktige 61 ledam\u00f6ter och 33 ers\u00e4ttare. Kommunfullm\u00e4ktige fattar beslut i fr\u00e5gor som \u00e4r av stor vikt eller av principiell betydelse f\u00f6r kommunen och dess inv\u00e5nare, bland annat om, hur mycket inv\u00e5narna ska betala i skatt till kommunen, taxor och andra avgifter, kommunens budget, st\u00f6rre investeringar, planer och m\u00e5l f\u00f6r <a class=\"read-more-link\" href=\"https:\/\/wp.kristdemokraterna.se\/tyreso\/vara-uppdrag\/kommunfullmaktige\/\">Read More<\/a><\/p>\n","protected":false},"author":644,"featured_media":0,"parent":809,"menu_order":0,"comment_status":"closed","ping_status":"closed","template":"","meta":{"_acf_changed":false,"footnotes":""},"class_list":["post-114","page","type-page","status-publish","hentry"],"acf":[],"yoast_head":"<!-- This site is optimized with the Yoast SEO plugin v27.4 - https:\/\/yoast.com\/product\/yoast-seo-wordpress\/ -->\n<title>Kommunfullm\u00e4ktige - Kristdemokraterna Tyres\u00f6<\/title>\n<meta name=\"robots\" content=\"index, follow, max-snippet:-1, max-image-preview:large, max-video-preview:-1\" \/>\n<link rel=\"canonical\" href=\"https:\/\/wp.kristdemokraterna.se\/tyreso\/vara-uppdrag\/kommunfullmaktige\/\" \/>\n<meta property=\"og:locale\" content=\"sv_SE\" \/>\n<meta property=\"og:type\" content=\"article\" \/>\n<meta property=\"og:title\" content=\"Kommunfullm\u00e4ktige - Kristdemokraterna Tyres\u00f6\" \/>\n<meta property=\"og:description\" content=\"Kommunfullm\u00e4ktige \u00e4r kommunens h\u00f6gsta beslutande organ. Kommunfullm\u00e4ktige 61 ledam\u00f6ter och 33 ers\u00e4ttare. Kommunfullm\u00e4ktige fattar beslut i fr\u00e5gor som \u00e4r av stor vikt eller av principiell betydelse f\u00f6r kommunen och dess inv\u00e5nare, bland annat om, hur mycket inv\u00e5narna ska betala i skatt till kommunen, taxor och andra avgifter, kommunens budget, st\u00f6rre investeringar, planer och m\u00e5l f\u00f6r Read More\" \/>\n<meta property=\"og:url\" content=\"https:\/\/wp.kristdemokraterna.se\/tyreso\/vara-uppdrag\/kommunfullmaktige\/\" \/>\n<meta property=\"og:site_name\" content=\"Kristdemokraterna Tyres\u00f6\" \/>\n<meta property=\"article:modified_time\" content=\"2026-04-15T05:03:38+00:00\" \/>\n<meta property=\"og:image\" content=\"https:\/\/wp.kristdemokraterna.se\/tyreso\/files\/2022\/04\/ulf-perbo-mars-2022-819x1024.jpg\" \/>\n\t<meta property=\"og:image:width\" content=\"819\" \/>\n\t<meta property=\"og:image:height\" content=\"1024\" \/>\n\t<meta property=\"og:image:type\" content=\"image\/jpeg\" \/>\n<meta name=\"twitter:card\" content=\"summary_large_image\" \/>\n<meta name=\"twitter:label1\" content=\"Ber\u00e4knad l\u00e4stid\" \/>\n\t<meta name=\"twitter:data1\" content=\"2 minuter\" \/>\n<script type=\"application\/ld+json\" class=\"yoast-schema-graph\">{\"@context\":\"https:\\\/\\\/schema.org\",\"@graph\":[{\"@type\":\"WebPage\",\"@id\":\"https:\\\/\\\/wp.kristdemokraterna.se\\\/tyreso\\\/vara-uppdrag\\\/kommunfullmaktige\\\/\",\"url\":\"https:\\\/\\\/wp.kristdemokraterna.se\\\/tyreso\\\/vara-uppdrag\\\/kommunfullmaktige\\\/\",\"name\":\"Kommunfullm\u00e4ktige - Kristdemokraterna Tyres\u00f6\",\"isPartOf\":{\"@id\":\"https:\\\/\\\/wp.kristdemokraterna.se\\\/tyreso\\\/#website\"},\"primaryImageOfPage\":{\"@id\":\"https:\\\/\\\/wp.kristdemokraterna.se\\\/tyreso\\\/vara-uppdrag\\\/kommunfullmaktige\\\/#primaryimage\"},\"image\":{\"@id\":\"https:\\\/\\\/wp.kristdemokraterna.se\\\/tyreso\\\/vara-uppdrag\\\/kommunfullmaktige\\\/#primaryimage\"},\"thumbnailUrl\":\"http:\\\/\\\/wp.kristdemokraterna.se\\\/tyreso\\\/files\\\/2022\\\/04\\\/ulf-perbo-mars-2022-scaled.jpg\",\"datePublished\":\"2014-06-03T14:26:01+00:00\",\"dateModified\":\"2026-04-15T05:03:38+00:00\",\"breadcrumb\":{\"@id\":\"https:\\\/\\\/wp.kristdemokraterna.se\\\/tyreso\\\/vara-uppdrag\\\/kommunfullmaktige\\\/#breadcrumb\"},\"inLanguage\":\"sv-SE\",\"potentialAction\":[{\"@type\":\"ReadAction\",\"target\":[\"https:\\\/\\\/wp.kristdemokraterna.se\\\/tyreso\\\/vara-uppdrag\\\/kommunfullmaktige\\\/\"]}]},{\"@type\":\"ImageObject\",\"inLanguage\":\"sv-SE\",\"@id\":\"https:\\\/\\\/wp.kristdemokraterna.se\\\/tyreso\\\/vara-uppdrag\\\/kommunfullmaktige\\\/#primaryimage\",\"url\":\"http:\\\/\\\/wp.kristdemokraterna.se\\\/tyreso\\\/files\\\/2022\\\/04\\\/ulf-perbo-mars-2022-scaled.jpg\",\"contentUrl\":\"http:\\\/\\\/wp.kristdemokraterna.se\\\/tyreso\\\/files\\\/2022\\\/04\\\/ulf-perbo-mars-2022-scaled.jpg\"},{\"@type\":\"BreadcrumbList\",\"@id\":\"https:\\\/\\\/wp.kristdemokraterna.se\\\/tyreso\\\/vara-uppdrag\\\/kommunfullmaktige\\\/#breadcrumb\",\"itemListElement\":[{\"@type\":\"ListItem\",\"position\":1,\"name\":\"Hem\",\"item\":\"https:\\\/\\\/wp.kristdemokraterna.se\\\/tyreso\\\/\"},{\"@type\":\"ListItem\",\"position\":2,\"name\":\"V\u00e5ra uppdrag\",\"item\":\"https:\\\/\\\/wp.kristdemokraterna.se\\\/tyreso\\\/vara-uppdrag\\\/\"},{\"@type\":\"ListItem\",\"position\":3,\"name\":\"Kommunfullm\u00e4ktige\"}]},{\"@type\":\"WebSite\",\"@id\":\"https:\\\/\\\/wp.kristdemokraterna.se\\\/tyreso\\\/#website\",\"url\":\"https:\\\/\\\/wp.kristdemokraterna.se\\\/tyreso\\\/\",\"name\":\"Kristdemokraterna Tyres\u00f6\",\"description\":\"\",\"inLanguage\":\"sv-SE\"}]}<\/script>\n<!-- \/ Yoast SEO plugin. -->","yoast_head_json":{"title":"Kommunfullm\u00e4ktige - Kristdemokraterna Tyres\u00f6","robots":{"index":"index","follow":"follow","max-snippet":"max-snippet:-1","max-image-preview":"max-image-preview:large","max-video-preview":"max-video-preview:-1"},"canonical":"https:\/\/wp.kristdemokraterna.se\/tyreso\/vara-uppdrag\/kommunfullmaktige\/","og_locale":"sv_SE","og_type":"article","og_title":"Kommunfullm\u00e4ktige - Kristdemokraterna Tyres\u00f6","og_description":"Kommunfullm\u00e4ktige \u00e4r kommunens h\u00f6gsta beslutande organ. Kommunfullm\u00e4ktige 61 ledam\u00f6ter och 33 ers\u00e4ttare. Kommunfullm\u00e4ktige fattar beslut i fr\u00e5gor som \u00e4r av stor vikt eller av principiell betydelse f\u00f6r kommunen och dess inv\u00e5nare, bland annat om, hur mycket inv\u00e5narna ska betala i skatt till kommunen, taxor och andra avgifter, kommunens budget, st\u00f6rre investeringar, planer och m\u00e5l f\u00f6r Read More","og_url":"https:\/\/wp.kristdemokraterna.se\/tyreso\/vara-uppdrag\/kommunfullmaktige\/","og_site_name":"Kristdemokraterna Tyres\u00f6","article_modified_time":"2026-04-15T05:03:38+00:00","og_image":[{"width":819,"height":1024,"url":"https:\/\/wp.kristdemokraterna.se\/tyreso\/files\/2022\/04\/ulf-perbo-mars-2022-819x1024.jpg","type":"image\/jpeg"}],"twitter_card":"summary_large_image","twitter_misc":{"Ber\u00e4knad l\u00e4stid":"2 minuter"},"schema":{"@context":"https:\/\/schema.org","@graph":[{"@type":"WebPage","@id":"https:\/\/wp.kristdemokraterna.se\/tyreso\/vara-uppdrag\/kommunfullmaktige\/","url":"https:\/\/wp.kristdemokraterna.se\/tyreso\/vara-uppdrag\/kommunfullmaktige\/","name":"Kommunfullm\u00e4ktige - Kristdemokraterna Tyres\u00f6","isPartOf":{"@id":"https:\/\/wp.kristdemokraterna.se\/tyreso\/#website"},"primaryImageOfPage":{"@id":"https:\/\/wp.kristdemokraterna.se\/tyreso\/vara-uppdrag\/kommunfullmaktige\/#primaryimage"},"image":{"@id":"https:\/\/wp.kristdemokraterna.se\/tyreso\/vara-uppdrag\/kommunfullmaktige\/#primaryimage"},"thumbnailUrl":"http:\/\/wp.kristdemokraterna.se\/tyreso\/files\/2022\/04\/ulf-perbo-mars-2022-scaled.jpg","datePublished":"2014-06-03T14:26:01+00:00","dateModified":"2026-04-15T05:03:38+00:00","breadcrumb":{"@id":"https:\/\/wp.kristdemokraterna.se\/tyreso\/vara-uppdrag\/kommunfullmaktige\/#breadcrumb"},"inLanguage":"sv-SE","potentialAction":[{"@type":"ReadAction","target":["https:\/\/wp.kristdemokraterna.se\/tyreso\/vara-uppdrag\/kommunfullmaktige\/"]}]},{"@type":"ImageObject","inLanguage":"sv-SE","@id":"https:\/\/wp.kristdemokraterna.se\/tyreso\/vara-uppdrag\/kommunfullmaktige\/#primaryimage","url":"http:\/\/wp.kristdemokraterna.se\/tyreso\/files\/2022\/04\/ulf-perbo-mars-2022-scaled.jpg","contentUrl":"http:\/\/wp.kristdemokraterna.se\/tyreso\/files\/2022\/04\/ulf-perbo-mars-2022-scaled.jpg"},{"@type":"BreadcrumbList","@id":"https:\/\/wp.kristdemokraterna.se\/tyreso\/vara-uppdrag\/kommunfullmaktige\/#breadcrumb","itemListElement":[{"@type":"ListItem","position":1,"name":"Hem","item":"https:\/\/wp.kristdemokraterna.se\/tyreso\/"},{"@type":"ListItem","position":2,"name":"V\u00e5ra uppdrag","item":"https:\/\/wp.kristdemokraterna.se\/tyreso\/vara-uppdrag\/"},{"@type":"ListItem","position":3,"name":"Kommunfullm\u00e4ktige"}]},{"@type":"WebSite","@id":"https:\/\/wp.kristdemokraterna.se\/tyreso\/#website","url":"https:\/\/wp.kristdemokraterna.se\/tyreso\/","name":"Kristdemokraterna Tyres\u00f6","description":"","inLanguage":"sv-SE"}]}},"_links":{"self":[{"href":"https:\/\/wp.kristdemokraterna.se\/tyreso\/wp-json\/wp\/v2\/pages\/114","targetHints":{"allow":["GET"]}}],"collection":[{"href":"https:\/\/wp.kristdemokraterna.se\/tyreso\/wp-json\/wp\/v2\/pages"}],"about":[{"href":"https:\/\/wp.kristdemokraterna.se\/tyreso\/wp-json\/wp\/v2\/types\/page"}],"author":[{"embeddable":true,"href":"https:\/\/wp.kristdemokraterna.se\/tyreso\/wp-json\/wp\/v2\/users\/644"}],"replies":[{"embeddable":true,"href":"https:\/\/wp.kristdemokraterna.se\/tyreso\/wp-json\/wp\/v2\/comments?post=114"}],"version-history":[{"count":22,"href":"https:\/\/wp.kristdemokraterna.se\/tyreso\/wp-json\/wp\/v2\/pages\/114\/revisions"}],"predecessor-version":[{"id":1903,"href":"https:\/\/wp.kristdemokraterna.se\/tyreso\/wp-json\/wp\/v2\/pages\/114\/revisions\/1903"}],"up":[{"embeddable":true,"href":"https:\/\/wp.kristdemokraterna.se\/tyreso\/wp-json\/wp\/v2\/pages\/809"}],"wp:attachment":[{"href":"https:\/\/wp.kristdemokraterna.se\/tyreso\/wp-json\/wp\/v2\/media?parent=114"}],"curies":[{"name":"wp","href":"https:\/\/api.w.org\/{rel}","templated":true}]}}