{"id":160,"date":"2014-06-03T20:33:15","date_gmt":"2014-06-03T18:33:15","guid":{"rendered":"http:\/\/wp.kristdemokraterna.se\/tyreso\/?page_id=160"},"modified":"2026-01-22T13:38:06","modified_gmt":"2026-01-22T12:38:06","slug":"barn-och-utbildningsnamnd","status":"publish","type":"page","link":"https:\/\/wp.kristdemokraterna.se\/tyreso\/vara-uppdrag\/namnder-och-styrelser\/barn-och-utbildningsnamnd\/","title":{"rendered":"Barn- och utbildningsn\u00e4mnd"},"content":{"rendered":"<p>Barn- och utbildningsn\u00e4mnden ansvarar f\u00f6r f\u00f6rskola, grundskola och fritidshem. N\u00e4mnden har 11 ledam\u00f6ter och 11 ers\u00e4ttare.<\/p>\n<h3><strong>Ledamot<\/strong><\/h3>\n<div id=\"attachment_1413\" style=\"width: 267px\" class=\"wp-caption alignnone\"><a href=\"http:\/\/wp.kristdemokraterna.se\/tyreso\/files\/2022\/04\/cecilia-skold-scaled.jpg\"><img loading=\"lazy\" decoding=\"async\" aria-describedby=\"caption-attachment-1413\" class=\" wp-image-1413\" src=\"http:\/\/wp.kristdemokraterna.se\/tyreso\/files\/2022\/04\/cecilia-skold-scaled.jpg\" alt=\"\" width=\"257\" height=\"297\" srcset=\"https:\/\/wp.kristdemokraterna.se\/tyreso\/files\/2022\/04\/cecilia-skold-scaled.jpg 2214w, https:\/\/wp.kristdemokraterna.se\/tyreso\/files\/2022\/04\/cecilia-skold-259x300.jpg 259w, https:\/\/wp.kristdemokraterna.se\/tyreso\/files\/2022\/04\/cecilia-skold-885x1024.jpg 885w, https:\/\/wp.kristdemokraterna.se\/tyreso\/files\/2022\/04\/cecilia-skold-768x888.jpg 768w, https:\/\/wp.kristdemokraterna.se\/tyreso\/files\/2022\/04\/cecilia-skold-1328x1536.jpg 1328w, https:\/\/wp.kristdemokraterna.se\/tyreso\/files\/2022\/04\/cecilia-skold-1771x2048.jpg 1771w, https:\/\/wp.kristdemokraterna.se\/tyreso\/files\/2022\/04\/cecilia-skold-173x200.jpg 173w, https:\/\/wp.kristdemokraterna.se\/tyreso\/files\/2022\/04\/cecilia-skold-370x428.jpg 370w, https:\/\/wp.kristdemokraterna.se\/tyreso\/files\/2022\/04\/cecilia-skold-770x891.jpg 770w, https:\/\/wp.kristdemokraterna.se\/tyreso\/files\/2022\/04\/cecilia-skold-450x520.jpg 450w, https:\/\/wp.kristdemokraterna.se\/tyreso\/files\/2022\/04\/cecilia-skold-280x324.jpg 280w, https:\/\/wp.kristdemokraterna.se\/tyreso\/files\/2022\/04\/cecilia-skold-340x393.jpg 340w, https:\/\/wp.kristdemokraterna.se\/tyreso\/files\/2022\/04\/cecilia-skold-48x56.jpg 48w\" sizes=\"auto, (max-width: 257px) 100vw, 257px\" \/><\/a><p id=\"caption-attachment-1413\" class=\"wp-caption-text\">Cecilia Sk\u00f6ld<br \/>Tel: 073-7776702<br \/>E-post: Cecilia.Skold2015@gmail.com<\/p><\/div>\n","protected":false},"excerpt":{"rendered":"<p>Barn- och utbildningsn\u00e4mnden ansvarar f\u00f6r f\u00f6rskola, grundskola och fritidshem. N\u00e4mnden har 11 ledam\u00f6ter och 11 ers\u00e4ttare. Ledamot<\/p>\n","protected":false},"author":644,"featured_media":120,"parent":806,"menu_order":3,"comment_status":"closed","ping_status":"closed","template":"","meta":{"_acf_changed":false,"footnotes":""},"class_list":["post-160","page","type-page","status-publish","hentry"],"acf":[],"yoast_head":"<!-- This site is optimized with the Yoast SEO plugin v27.4 - https:\/\/yoast.com\/product\/yoast-seo-wordpress\/ -->\n<title>Barn- och utbildningsn\u00e4mnd - Kristdemokraterna Tyres\u00f6<\/title>\n<meta name=\"robots\" content=\"index, follow, max-snippet:-1, max-image-preview:large, max-video-preview:-1\" \/>\n<link rel=\"canonical\" href=\"https:\/\/wp.kristdemokraterna.se\/tyreso\/vara-uppdrag\/namnder-och-styrelser\/barn-och-utbildningsnamnd\/\" \/>\n<meta property=\"og:locale\" content=\"sv_SE\" \/>\n<meta property=\"og:type\" content=\"article\" \/>\n<meta property=\"og:title\" content=\"Barn- och utbildningsn\u00e4mnd - Kristdemokraterna Tyres\u00f6\" \/>\n<meta property=\"og:description\" content=\"Barn- och utbildningsn\u00e4mnden ansvarar f\u00f6r f\u00f6rskola, grundskola och fritidshem. N\u00e4mnden har 11 ledam\u00f6ter och 11 ers\u00e4ttare. Ledamot\" \/>\n<meta property=\"og:url\" content=\"https:\/\/wp.kristdemokraterna.se\/tyreso\/vara-uppdrag\/namnder-och-styrelser\/barn-och-utbildningsnamnd\/\" \/>\n<meta property=\"og:site_name\" content=\"Kristdemokraterna Tyres\u00f6\" \/>\n<meta property=\"article:modified_time\" content=\"2026-01-22T12:38:06+00:00\" \/>\n<meta property=\"og:image\" content=\"http:\/\/wp.kristdemokraterna.se\/tyreso\/files\/2014\/06\/mattias.jpg\" \/>\n\t<meta property=\"og:image:width\" content=\"2848\" \/>\n\t<meta property=\"og:image:height\" content=\"2848\" \/>\n\t<meta property=\"og:image:type\" content=\"image\/jpeg\" \/>\n<meta name=\"twitter:card\" content=\"summary_large_image\" \/>\n<meta name=\"twitter:label1\" content=\"Ber\u00e4knad l\u00e4stid\" \/>\n\t<meta name=\"twitter:data1\" content=\"1 minut\" \/>\n<script type=\"application\/ld+json\" class=\"yoast-schema-graph\">{\"@context\":\"https:\\\/\\\/schema.org\",\"@graph\":[{\"@type\":\"WebPage\",\"@id\":\"https:\\\/\\\/wp.kristdemokraterna.se\\\/tyreso\\\/vara-uppdrag\\\/namnder-och-styrelser\\\/barn-och-utbildningsnamnd\\\/\",\"url\":\"https:\\\/\\\/wp.kristdemokraterna.se\\\/tyreso\\\/vara-uppdrag\\\/namnder-och-styrelser\\\/barn-och-utbildningsnamnd\\\/\",\"name\":\"Barn- och utbildningsn\u00e4mnd - Kristdemokraterna Tyres\u00f6\",\"isPartOf\":{\"@id\":\"https:\\\/\\\/wp.kristdemokraterna.se\\\/tyreso\\\/#website\"},\"primaryImageOfPage\":{\"@id\":\"https:\\\/\\\/wp.kristdemokraterna.se\\\/tyreso\\\/vara-uppdrag\\\/namnder-och-styrelser\\\/barn-och-utbildningsnamnd\\\/#primaryimage\"},\"image\":{\"@id\":\"https:\\\/\\\/wp.kristdemokraterna.se\\\/tyreso\\\/vara-uppdrag\\\/namnder-och-styrelser\\\/barn-och-utbildningsnamnd\\\/#primaryimage\"},\"thumbnailUrl\":\"https:\\\/\\\/wp.kristdemokraterna.se\\\/tyreso\\\/files\\\/2014\\\/06\\\/mattias.jpg\",\"datePublished\":\"2014-06-03T18:33:15+00:00\",\"dateModified\":\"2026-01-22T12:38:06+00:00\",\"breadcrumb\":{\"@id\":\"https:\\\/\\\/wp.kristdemokraterna.se\\\/tyreso\\\/vara-uppdrag\\\/namnder-och-styrelser\\\/barn-och-utbildningsnamnd\\\/#breadcrumb\"},\"inLanguage\":\"sv-SE\",\"potentialAction\":[{\"@type\":\"ReadAction\",\"target\":[\"https:\\\/\\\/wp.kristdemokraterna.se\\\/tyreso\\\/vara-uppdrag\\\/namnder-och-styrelser\\\/barn-och-utbildningsnamnd\\\/\"]}]},{\"@type\":\"ImageObject\",\"inLanguage\":\"sv-SE\",\"@id\":\"https:\\\/\\\/wp.kristdemokraterna.se\\\/tyreso\\\/vara-uppdrag\\\/namnder-och-styrelser\\\/barn-och-utbildningsnamnd\\\/#primaryimage\",\"url\":\"https:\\\/\\\/wp.kristdemokraterna.se\\\/tyreso\\\/files\\\/2014\\\/06\\\/mattias.jpg\",\"contentUrl\":\"https:\\\/\\\/wp.kristdemokraterna.se\\\/tyreso\\\/files\\\/2014\\\/06\\\/mattias.jpg\",\"width\":2848,\"height\":2848,\"caption\":\"Mattias Eriksson Tel: 073-3142027 Epost: mattias.eriksson@kristdemokraterna.se\"},{\"@type\":\"BreadcrumbList\",\"@id\":\"https:\\\/\\\/wp.kristdemokraterna.se\\\/tyreso\\\/vara-uppdrag\\\/namnder-och-styrelser\\\/barn-och-utbildningsnamnd\\\/#breadcrumb\",\"itemListElement\":[{\"@type\":\"ListItem\",\"position\":1,\"name\":\"Hem\",\"item\":\"https:\\\/\\\/wp.kristdemokraterna.se\\\/tyreso\\\/\"},{\"@type\":\"ListItem\",\"position\":2,\"name\":\"V\u00e5ra uppdrag\",\"item\":\"https:\\\/\\\/wp.kristdemokraterna.se\\\/tyreso\\\/vara-uppdrag\\\/\"},{\"@type\":\"ListItem\",\"position\":3,\"name\":\"N\u00e4mnder\",\"item\":\"https:\\\/\\\/wp.kristdemokraterna.se\\\/tyreso\\\/vara-uppdrag\\\/namnder-och-styrelser\\\/\"},{\"@type\":\"ListItem\",\"position\":4,\"name\":\"Barn- och utbildningsn\u00e4mnd\"}]},{\"@type\":\"WebSite\",\"@id\":\"https:\\\/\\\/wp.kristdemokraterna.se\\\/tyreso\\\/#website\",\"url\":\"https:\\\/\\\/wp.kristdemokraterna.se\\\/tyreso\\\/\",\"name\":\"Kristdemokraterna Tyres\u00f6\",\"description\":\"\",\"inLanguage\":\"sv-SE\"}]}<\/script>\n<!-- \/ Yoast SEO plugin. -->","yoast_head_json":{"title":"Barn- och utbildningsn\u00e4mnd - Kristdemokraterna Tyres\u00f6","robots":{"index":"index","follow":"follow","max-snippet":"max-snippet:-1","max-image-preview":"max-image-preview:large","max-video-preview":"max-video-preview:-1"},"canonical":"https:\/\/wp.kristdemokraterna.se\/tyreso\/vara-uppdrag\/namnder-och-styrelser\/barn-och-utbildningsnamnd\/","og_locale":"sv_SE","og_type":"article","og_title":"Barn- och utbildningsn\u00e4mnd - Kristdemokraterna Tyres\u00f6","og_description":"Barn- och utbildningsn\u00e4mnden ansvarar f\u00f6r f\u00f6rskola, grundskola och fritidshem. N\u00e4mnden har 11 ledam\u00f6ter och 11 ers\u00e4ttare. Ledamot","og_url":"https:\/\/wp.kristdemokraterna.se\/tyreso\/vara-uppdrag\/namnder-och-styrelser\/barn-och-utbildningsnamnd\/","og_site_name":"Kristdemokraterna Tyres\u00f6","article_modified_time":"2026-01-22T12:38:06+00:00","og_image":[{"width":2848,"height":2848,"url":"http:\/\/wp.kristdemokraterna.se\/tyreso\/files\/2014\/06\/mattias.jpg","type":"image\/jpeg"}],"twitter_card":"summary_large_image","twitter_misc":{"Ber\u00e4knad l\u00e4stid":"1 minut"},"schema":{"@context":"https:\/\/schema.org","@graph":[{"@type":"WebPage","@id":"https:\/\/wp.kristdemokraterna.se\/tyreso\/vara-uppdrag\/namnder-och-styrelser\/barn-och-utbildningsnamnd\/","url":"https:\/\/wp.kristdemokraterna.se\/tyreso\/vara-uppdrag\/namnder-och-styrelser\/barn-och-utbildningsnamnd\/","name":"Barn- och utbildningsn\u00e4mnd - Kristdemokraterna Tyres\u00f6","isPartOf":{"@id":"https:\/\/wp.kristdemokraterna.se\/tyreso\/#website"},"primaryImageOfPage":{"@id":"https:\/\/wp.kristdemokraterna.se\/tyreso\/vara-uppdrag\/namnder-och-styrelser\/barn-och-utbildningsnamnd\/#primaryimage"},"image":{"@id":"https:\/\/wp.kristdemokraterna.se\/tyreso\/vara-uppdrag\/namnder-och-styrelser\/barn-och-utbildningsnamnd\/#primaryimage"},"thumbnailUrl":"https:\/\/wp.kristdemokraterna.se\/tyreso\/files\/2014\/06\/mattias.jpg","datePublished":"2014-06-03T18:33:15+00:00","dateModified":"2026-01-22T12:38:06+00:00","breadcrumb":{"@id":"https:\/\/wp.kristdemokraterna.se\/tyreso\/vara-uppdrag\/namnder-och-styrelser\/barn-och-utbildningsnamnd\/#breadcrumb"},"inLanguage":"sv-SE","potentialAction":[{"@type":"ReadAction","target":["https:\/\/wp.kristdemokraterna.se\/tyreso\/vara-uppdrag\/namnder-och-styrelser\/barn-och-utbildningsnamnd\/"]}]},{"@type":"ImageObject","inLanguage":"sv-SE","@id":"https:\/\/wp.kristdemokraterna.se\/tyreso\/vara-uppdrag\/namnder-och-styrelser\/barn-och-utbildningsnamnd\/#primaryimage","url":"https:\/\/wp.kristdemokraterna.se\/tyreso\/files\/2014\/06\/mattias.jpg","contentUrl":"https:\/\/wp.kristdemokraterna.se\/tyreso\/files\/2014\/06\/mattias.jpg","width":2848,"height":2848,"caption":"Mattias Eriksson Tel: 073-3142027 Epost: mattias.eriksson@kristdemokraterna.se"},{"@type":"BreadcrumbList","@id":"https:\/\/wp.kristdemokraterna.se\/tyreso\/vara-uppdrag\/namnder-och-styrelser\/barn-och-utbildningsnamnd\/#breadcrumb","itemListElement":[{"@type":"ListItem","position":1,"name":"Hem","item":"https:\/\/wp.kristdemokraterna.se\/tyreso\/"},{"@type":"ListItem","position":2,"name":"V\u00e5ra uppdrag","item":"https:\/\/wp.kristdemokraterna.se\/tyreso\/vara-uppdrag\/"},{"@type":"ListItem","position":3,"name":"N\u00e4mnder","item":"https:\/\/wp.kristdemokraterna.se\/tyreso\/vara-uppdrag\/namnder-och-styrelser\/"},{"@type":"ListItem","position":4,"name":"Barn- och utbildningsn\u00e4mnd"}]},{"@type":"WebSite","@id":"https:\/\/wp.kristdemokraterna.se\/tyreso\/#website","url":"https:\/\/wp.kristdemokraterna.se\/tyreso\/","name":"Kristdemokraterna Tyres\u00f6","description":"","inLanguage":"sv-SE"}]}},"_links":{"self":[{"href":"https:\/\/wp.kristdemokraterna.se\/tyreso\/wp-json\/wp\/v2\/pages\/160","targetHints":{"allow":["GET"]}}],"collection":[{"href":"https:\/\/wp.kristdemokraterna.se\/tyreso\/wp-json\/wp\/v2\/pages"}],"about":[{"href":"https:\/\/wp.kristdemokraterna.se\/tyreso\/wp-json\/wp\/v2\/types\/page"}],"author":[{"embeddable":true,"href":"https:\/\/wp.kristdemokraterna.se\/tyreso\/wp-json\/wp\/v2\/users\/644"}],"replies":[{"embeddable":true,"href":"https:\/\/wp.kristdemokraterna.se\/tyreso\/wp-json\/wp\/v2\/comments?post=160"}],"version-history":[{"count":17,"href":"https:\/\/wp.kristdemokraterna.se\/tyreso\/wp-json\/wp\/v2\/pages\/160\/revisions"}],"predecessor-version":[{"id":1870,"href":"https:\/\/wp.kristdemokraterna.se\/tyreso\/wp-json\/wp\/v2\/pages\/160\/revisions\/1870"}],"up":[{"embeddable":true,"href":"https:\/\/wp.kristdemokraterna.se\/tyreso\/wp-json\/wp\/v2\/pages\/806"}],"wp:featuredmedia":[{"embeddable":true,"href":"https:\/\/wp.kristdemokraterna.se\/tyreso\/wp-json\/wp\/v2\/media\/120"}],"wp:attachment":[{"href":"https:\/\/wp.kristdemokraterna.se\/tyreso\/wp-json\/wp\/v2\/media?parent=160"}],"curies":[{"name":"wp","href":"https:\/\/api.w.org\/{rel}","templated":true}]}}