{"id":163,"date":"2014-06-03T20:34:29","date_gmt":"2014-06-03T18:34:29","guid":{"rendered":"http:\/\/wp.kristdemokraterna.se\/tyreso\/?page_id=163"},"modified":"2026-01-22T13:35:24","modified_gmt":"2026-01-22T12:35:24","slug":"socialnamnd","status":"publish","type":"page","link":"https:\/\/wp.kristdemokraterna.se\/tyreso\/vara-uppdrag\/namnder-och-styrelser\/socialnamnd\/","title":{"rendered":"Arbetsmarknads- och socialn\u00e4mnd"},"content":{"rendered":"<p>Arbetsmarknads- och socialn\u00e4mnden ansvarar f\u00f6r fr\u00e4mjandet av arbete och egen f\u00f6rs\u00f6rjning samt integration. Vidare ansvarar man f\u00f6r flyktingmottagning, barn- och ungdomsv\u00e5rd, ekonomiskt bist\u00e5nd till familjer och enskilda, familjer\u00e5dgivning och missbruksv\u00e5rd. N\u00e4mnden har 11 ledam\u00f6ter och 11 ers\u00e4ttare.<\/p>\n<h3>Ledamot<\/h3>\n<div id=\"attachment_1516\" style=\"width: 270px\" class=\"wp-caption alignnone\"><a href=\"http:\/\/wp.kristdemokraterna.se\/tyreso\/files\/2023\/01\/per-linden-scaled.jpg\"><img loading=\"lazy\" decoding=\"async\" aria-describedby=\"caption-attachment-1516\" class=\" wp-image-1516\" src=\"http:\/\/wp.kristdemokraterna.se\/tyreso\/files\/2023\/01\/per-linden-scaled.jpg\" alt=\"\" width=\"260\" height=\"325\" srcset=\"https:\/\/wp.kristdemokraterna.se\/tyreso\/files\/2023\/01\/per-linden-scaled.jpg 2048w, https:\/\/wp.kristdemokraterna.se\/tyreso\/files\/2023\/01\/per-linden-240x300.jpg 240w, https:\/\/wp.kristdemokraterna.se\/tyreso\/files\/2023\/01\/per-linden-819x1024.jpg 819w, https:\/\/wp.kristdemokraterna.se\/tyreso\/files\/2023\/01\/per-linden-768x960.jpg 768w, https:\/\/wp.kristdemokraterna.se\/tyreso\/files\/2023\/01\/per-linden-1229x1536.jpg 1229w, https:\/\/wp.kristdemokraterna.se\/tyreso\/files\/2023\/01\/per-linden-1638x2048.jpg 1638w, https:\/\/wp.kristdemokraterna.se\/tyreso\/files\/2023\/01\/per-linden-160x200.jpg 160w, https:\/\/wp.kristdemokraterna.se\/tyreso\/files\/2023\/01\/per-linden-370x463.jpg 370w, https:\/\/wp.kristdemokraterna.se\/tyreso\/files\/2023\/01\/per-linden-770x963.jpg 770w, https:\/\/wp.kristdemokraterna.se\/tyreso\/files\/2023\/01\/per-linden-450x563.jpg 450w, https:\/\/wp.kristdemokraterna.se\/tyreso\/files\/2023\/01\/per-linden-280x350.jpg 280w, https:\/\/wp.kristdemokraterna.se\/tyreso\/files\/2023\/01\/per-linden-340x425.jpg 340w, https:\/\/wp.kristdemokraterna.se\/tyreso\/files\/2023\/01\/per-linden-45x56.jpg 45w\" sizes=\"auto, (max-width: 260px) 100vw, 260px\" \/><\/a><p id=\"caption-attachment-1516\" class=\"wp-caption-text\">Per Lind\u00e9n<br \/>Tel: 08-52721937<br \/>per.linden@cgi.com<\/p><\/div>\n<div class=\"mceTemp\">\n","protected":false},"excerpt":{"rendered":"<p>Arbetsmarknads- och socialn\u00e4mnden ansvarar f\u00f6r fr\u00e4mjandet av arbete och egen f\u00f6rs\u00f6rjning samt integration. Vidare ansvarar man f\u00f6r flyktingmottagning, barn- och ungdomsv\u00e5rd, ekonomiskt bist\u00e5nd till familjer och enskilda, familjer\u00e5dgivning och missbruksv\u00e5rd. N\u00e4mnden har 11 ledam\u00f6ter och 11 ers\u00e4ttare. Ledamot<\/p>\n","protected":false},"author":644,"featured_media":0,"parent":806,"menu_order":2,"comment_status":"closed","ping_status":"closed","template":"","meta":{"_acf_changed":false,"footnotes":""},"class_list":["post-163","page","type-page","status-publish","hentry"],"acf":[],"yoast_head":"<!-- This site is optimized with the Yoast SEO plugin v27.3 - https:\/\/yoast.com\/product\/yoast-seo-wordpress\/ -->\n<title>Arbetsmarknads- och socialn\u00e4mnd - Kristdemokraterna Tyres\u00f6<\/title>\n<meta name=\"robots\" content=\"index, follow, max-snippet:-1, max-image-preview:large, max-video-preview:-1\" \/>\n<link rel=\"canonical\" href=\"https:\/\/wp.kristdemokraterna.se\/tyreso\/vara-uppdrag\/namnder-och-styrelser\/socialnamnd\/\" \/>\n<meta property=\"og:locale\" content=\"sv_SE\" \/>\n<meta property=\"og:type\" content=\"article\" \/>\n<meta property=\"og:title\" content=\"Arbetsmarknads- och socialn\u00e4mnd - Kristdemokraterna Tyres\u00f6\" \/>\n<meta property=\"og:description\" content=\"Arbetsmarknads- och socialn\u00e4mnden ansvarar f\u00f6r fr\u00e4mjandet av arbete och egen f\u00f6rs\u00f6rjning samt integration. Vidare ansvarar man f\u00f6r flyktingmottagning, barn- och ungdomsv\u00e5rd, ekonomiskt bist\u00e5nd till familjer och enskilda, familjer\u00e5dgivning och missbruksv\u00e5rd. N\u00e4mnden har 11 ledam\u00f6ter och 11 ers\u00e4ttare. Ledamot\" \/>\n<meta property=\"og:url\" content=\"https:\/\/wp.kristdemokraterna.se\/tyreso\/vara-uppdrag\/namnder-och-styrelser\/socialnamnd\/\" \/>\n<meta property=\"og:site_name\" content=\"Kristdemokraterna Tyres\u00f6\" \/>\n<meta property=\"article:modified_time\" content=\"2026-01-22T12:35:24+00:00\" \/>\n<meta property=\"og:image\" content=\"https:\/\/wp.kristdemokraterna.se\/tyreso\/files\/2023\/01\/per-linden-819x1024.jpg\" \/>\n\t<meta property=\"og:image:width\" content=\"819\" \/>\n\t<meta property=\"og:image:height\" content=\"1024\" \/>\n\t<meta property=\"og:image:type\" content=\"image\/jpeg\" \/>\n<meta name=\"twitter:card\" content=\"summary_large_image\" \/>\n<meta name=\"twitter:label1\" content=\"Ber\u00e4knad l\u00e4stid\" \/>\n\t<meta name=\"twitter:data1\" content=\"1 minut\" \/>\n<script type=\"application\/ld+json\" class=\"yoast-schema-graph\">{\"@context\":\"https:\\\/\\\/schema.org\",\"@graph\":[{\"@type\":\"WebPage\",\"@id\":\"https:\\\/\\\/wp.kristdemokraterna.se\\\/tyreso\\\/vara-uppdrag\\\/namnder-och-styrelser\\\/socialnamnd\\\/\",\"url\":\"https:\\\/\\\/wp.kristdemokraterna.se\\\/tyreso\\\/vara-uppdrag\\\/namnder-och-styrelser\\\/socialnamnd\\\/\",\"name\":\"Arbetsmarknads- och socialn\u00e4mnd - Kristdemokraterna Tyres\u00f6\",\"isPartOf\":{\"@id\":\"https:\\\/\\\/wp.kristdemokraterna.se\\\/tyreso\\\/#website\"},\"primaryImageOfPage\":{\"@id\":\"https:\\\/\\\/wp.kristdemokraterna.se\\\/tyreso\\\/vara-uppdrag\\\/namnder-och-styrelser\\\/socialnamnd\\\/#primaryimage\"},\"image\":{\"@id\":\"https:\\\/\\\/wp.kristdemokraterna.se\\\/tyreso\\\/vara-uppdrag\\\/namnder-och-styrelser\\\/socialnamnd\\\/#primaryimage\"},\"thumbnailUrl\":\"http:\\\/\\\/wp.kristdemokraterna.se\\\/tyreso\\\/files\\\/2023\\\/01\\\/per-linden-scaled.jpg\",\"datePublished\":\"2014-06-03T18:34:29+00:00\",\"dateModified\":\"2026-01-22T12:35:24+00:00\",\"breadcrumb\":{\"@id\":\"https:\\\/\\\/wp.kristdemokraterna.se\\\/tyreso\\\/vara-uppdrag\\\/namnder-och-styrelser\\\/socialnamnd\\\/#breadcrumb\"},\"inLanguage\":\"sv-SE\",\"potentialAction\":[{\"@type\":\"ReadAction\",\"target\":[\"https:\\\/\\\/wp.kristdemokraterna.se\\\/tyreso\\\/vara-uppdrag\\\/namnder-och-styrelser\\\/socialnamnd\\\/\"]}]},{\"@type\":\"ImageObject\",\"inLanguage\":\"sv-SE\",\"@id\":\"https:\\\/\\\/wp.kristdemokraterna.se\\\/tyreso\\\/vara-uppdrag\\\/namnder-och-styrelser\\\/socialnamnd\\\/#primaryimage\",\"url\":\"http:\\\/\\\/wp.kristdemokraterna.se\\\/tyreso\\\/files\\\/2023\\\/01\\\/per-linden-scaled.jpg\",\"contentUrl\":\"http:\\\/\\\/wp.kristdemokraterna.se\\\/tyreso\\\/files\\\/2023\\\/01\\\/per-linden-scaled.jpg\"},{\"@type\":\"BreadcrumbList\",\"@id\":\"https:\\\/\\\/wp.kristdemokraterna.se\\\/tyreso\\\/vara-uppdrag\\\/namnder-och-styrelser\\\/socialnamnd\\\/#breadcrumb\",\"itemListElement\":[{\"@type\":\"ListItem\",\"position\":1,\"name\":\"Hem\",\"item\":\"https:\\\/\\\/wp.kristdemokraterna.se\\\/tyreso\\\/\"},{\"@type\":\"ListItem\",\"position\":2,\"name\":\"V\u00e5ra uppdrag\",\"item\":\"https:\\\/\\\/wp.kristdemokraterna.se\\\/tyreso\\\/vara-uppdrag\\\/\"},{\"@type\":\"ListItem\",\"position\":3,\"name\":\"N\u00e4mnder\",\"item\":\"https:\\\/\\\/wp.kristdemokraterna.se\\\/tyreso\\\/vara-uppdrag\\\/namnder-och-styrelser\\\/\"},{\"@type\":\"ListItem\",\"position\":4,\"name\":\"Arbetsmarknads- och socialn\u00e4mnd\"}]},{\"@type\":\"WebSite\",\"@id\":\"https:\\\/\\\/wp.kristdemokraterna.se\\\/tyreso\\\/#website\",\"url\":\"https:\\\/\\\/wp.kristdemokraterna.se\\\/tyreso\\\/\",\"name\":\"Kristdemokraterna Tyres\u00f6\",\"description\":\"\",\"inLanguage\":\"sv-SE\"}]}<\/script>\n<!-- \/ Yoast SEO plugin. -->","yoast_head_json":{"title":"Arbetsmarknads- och socialn\u00e4mnd - Kristdemokraterna Tyres\u00f6","robots":{"index":"index","follow":"follow","max-snippet":"max-snippet:-1","max-image-preview":"max-image-preview:large","max-video-preview":"max-video-preview:-1"},"canonical":"https:\/\/wp.kristdemokraterna.se\/tyreso\/vara-uppdrag\/namnder-och-styrelser\/socialnamnd\/","og_locale":"sv_SE","og_type":"article","og_title":"Arbetsmarknads- och socialn\u00e4mnd - Kristdemokraterna Tyres\u00f6","og_description":"Arbetsmarknads- och socialn\u00e4mnden ansvarar f\u00f6r fr\u00e4mjandet av arbete och egen f\u00f6rs\u00f6rjning samt integration. Vidare ansvarar man f\u00f6r flyktingmottagning, barn- och ungdomsv\u00e5rd, ekonomiskt bist\u00e5nd till familjer och enskilda, familjer\u00e5dgivning och missbruksv\u00e5rd. N\u00e4mnden har 11 ledam\u00f6ter och 11 ers\u00e4ttare. Ledamot","og_url":"https:\/\/wp.kristdemokraterna.se\/tyreso\/vara-uppdrag\/namnder-och-styrelser\/socialnamnd\/","og_site_name":"Kristdemokraterna Tyres\u00f6","article_modified_time":"2026-01-22T12:35:24+00:00","og_image":[{"width":819,"height":1024,"url":"https:\/\/wp.kristdemokraterna.se\/tyreso\/files\/2023\/01\/per-linden-819x1024.jpg","type":"image\/jpeg"}],"twitter_card":"summary_large_image","twitter_misc":{"Ber\u00e4knad l\u00e4stid":"1 minut"},"schema":{"@context":"https:\/\/schema.org","@graph":[{"@type":"WebPage","@id":"https:\/\/wp.kristdemokraterna.se\/tyreso\/vara-uppdrag\/namnder-och-styrelser\/socialnamnd\/","url":"https:\/\/wp.kristdemokraterna.se\/tyreso\/vara-uppdrag\/namnder-och-styrelser\/socialnamnd\/","name":"Arbetsmarknads- och socialn\u00e4mnd - Kristdemokraterna Tyres\u00f6","isPartOf":{"@id":"https:\/\/wp.kristdemokraterna.se\/tyreso\/#website"},"primaryImageOfPage":{"@id":"https:\/\/wp.kristdemokraterna.se\/tyreso\/vara-uppdrag\/namnder-och-styrelser\/socialnamnd\/#primaryimage"},"image":{"@id":"https:\/\/wp.kristdemokraterna.se\/tyreso\/vara-uppdrag\/namnder-och-styrelser\/socialnamnd\/#primaryimage"},"thumbnailUrl":"http:\/\/wp.kristdemokraterna.se\/tyreso\/files\/2023\/01\/per-linden-scaled.jpg","datePublished":"2014-06-03T18:34:29+00:00","dateModified":"2026-01-22T12:35:24+00:00","breadcrumb":{"@id":"https:\/\/wp.kristdemokraterna.se\/tyreso\/vara-uppdrag\/namnder-och-styrelser\/socialnamnd\/#breadcrumb"},"inLanguage":"sv-SE","potentialAction":[{"@type":"ReadAction","target":["https:\/\/wp.kristdemokraterna.se\/tyreso\/vara-uppdrag\/namnder-och-styrelser\/socialnamnd\/"]}]},{"@type":"ImageObject","inLanguage":"sv-SE","@id":"https:\/\/wp.kristdemokraterna.se\/tyreso\/vara-uppdrag\/namnder-och-styrelser\/socialnamnd\/#primaryimage","url":"http:\/\/wp.kristdemokraterna.se\/tyreso\/files\/2023\/01\/per-linden-scaled.jpg","contentUrl":"http:\/\/wp.kristdemokraterna.se\/tyreso\/files\/2023\/01\/per-linden-scaled.jpg"},{"@type":"BreadcrumbList","@id":"https:\/\/wp.kristdemokraterna.se\/tyreso\/vara-uppdrag\/namnder-och-styrelser\/socialnamnd\/#breadcrumb","itemListElement":[{"@type":"ListItem","position":1,"name":"Hem","item":"https:\/\/wp.kristdemokraterna.se\/tyreso\/"},{"@type":"ListItem","position":2,"name":"V\u00e5ra uppdrag","item":"https:\/\/wp.kristdemokraterna.se\/tyreso\/vara-uppdrag\/"},{"@type":"ListItem","position":3,"name":"N\u00e4mnder","item":"https:\/\/wp.kristdemokraterna.se\/tyreso\/vara-uppdrag\/namnder-och-styrelser\/"},{"@type":"ListItem","position":4,"name":"Arbetsmarknads- och socialn\u00e4mnd"}]},{"@type":"WebSite","@id":"https:\/\/wp.kristdemokraterna.se\/tyreso\/#website","url":"https:\/\/wp.kristdemokraterna.se\/tyreso\/","name":"Kristdemokraterna Tyres\u00f6","description":"","inLanguage":"sv-SE"}]}},"_links":{"self":[{"href":"https:\/\/wp.kristdemokraterna.se\/tyreso\/wp-json\/wp\/v2\/pages\/163","targetHints":{"allow":["GET"]}}],"collection":[{"href":"https:\/\/wp.kristdemokraterna.se\/tyreso\/wp-json\/wp\/v2\/pages"}],"about":[{"href":"https:\/\/wp.kristdemokraterna.se\/tyreso\/wp-json\/wp\/v2\/types\/page"}],"author":[{"embeddable":true,"href":"https:\/\/wp.kristdemokraterna.se\/tyreso\/wp-json\/wp\/v2\/users\/644"}],"replies":[{"embeddable":true,"href":"https:\/\/wp.kristdemokraterna.se\/tyreso\/wp-json\/wp\/v2\/comments?post=163"}],"version-history":[{"count":19,"href":"https:\/\/wp.kristdemokraterna.se\/tyreso\/wp-json\/wp\/v2\/pages\/163\/revisions"}],"predecessor-version":[{"id":1868,"href":"https:\/\/wp.kristdemokraterna.se\/tyreso\/wp-json\/wp\/v2\/pages\/163\/revisions\/1868"}],"up":[{"embeddable":true,"href":"https:\/\/wp.kristdemokraterna.se\/tyreso\/wp-json\/wp\/v2\/pages\/806"}],"wp:attachment":[{"href":"https:\/\/wp.kristdemokraterna.se\/tyreso\/wp-json\/wp\/v2\/media?parent=163"}],"curies":[{"name":"wp","href":"https:\/\/api.w.org\/{rel}","templated":true}]}}