{"id":169,"date":"2014-06-03T20:40:49","date_gmt":"2014-06-03T18:40:49","guid":{"rendered":"http:\/\/wp.kristdemokraterna.se\/tyreso\/?page_id=169"},"modified":"2026-01-22T14:03:24","modified_gmt":"2026-01-22T13:03:24","slug":"kultur-och-fritidsnamnd","status":"publish","type":"page","link":"https:\/\/wp.kristdemokraterna.se\/tyreso\/vara-uppdrag\/namnder-och-styrelser\/kultur-och-fritidsnamnd\/","title":{"rendered":"Kultur- och fritidsn\u00e4mnd"},"content":{"rendered":"<p>Kultur- och fritidsn\u00e4mnden ansvarar f\u00f6r kommunens allm\u00e4nna kulturverksamhet, bibliotek, kulturskolan, naturskolan, fritidsg\u00e5rdar och bidrag till f\u00f6reningar. N\u00e4mnden har 9 ledam\u00f6ter och 9 ers\u00e4ttare.<\/p>\n<p><strong>Ledamot<\/strong><\/p>\n<div id=\"attachment_1875\" style=\"width: 270px\" class=\"wp-caption alignnone\"><a href=\"http:\/\/wp.kristdemokraterna.se\/tyreso\/files\/2026\/01\/erik-scaled.jpg\"><img loading=\"lazy\" decoding=\"async\" aria-describedby=\"caption-attachment-1875\" class=\" wp-image-1875\" src=\"http:\/\/wp.kristdemokraterna.se\/tyreso\/files\/2026\/01\/erik-scaled.jpg\" alt=\"\" width=\"260\" height=\"304\" srcset=\"https:\/\/wp.kristdemokraterna.se\/tyreso\/files\/2026\/01\/erik-scaled.jpg 2190w, https:\/\/wp.kristdemokraterna.se\/tyreso\/files\/2026\/01\/erik-257x300.jpg 257w, https:\/\/wp.kristdemokraterna.se\/tyreso\/files\/2026\/01\/erik-876x1024.jpg 876w, https:\/\/wp.kristdemokraterna.se\/tyreso\/files\/2026\/01\/erik-768x898.jpg 768w, https:\/\/wp.kristdemokraterna.se\/tyreso\/files\/2026\/01\/erik-1314x1536.jpg 1314w, https:\/\/wp.kristdemokraterna.se\/tyreso\/files\/2026\/01\/erik-1752x2048.jpg 1752w, https:\/\/wp.kristdemokraterna.se\/tyreso\/files\/2026\/01\/erik-171x200.jpg 171w, https:\/\/wp.kristdemokraterna.se\/tyreso\/files\/2026\/01\/erik-370x432.jpg 370w, https:\/\/wp.kristdemokraterna.se\/tyreso\/files\/2026\/01\/erik-770x900.jpg 770w, https:\/\/wp.kristdemokraterna.se\/tyreso\/files\/2026\/01\/erik-450x526.jpg 450w, https:\/\/wp.kristdemokraterna.se\/tyreso\/files\/2026\/01\/erik-280x327.jpg 280w, https:\/\/wp.kristdemokraterna.se\/tyreso\/files\/2026\/01\/erik-340x397.jpg 340w, https:\/\/wp.kristdemokraterna.se\/tyreso\/files\/2026\/01\/erik-48x56.jpg 48w\" sizes=\"auto, (max-width: 260px) 100vw, 260px\" \/><\/a><p id=\"caption-attachment-1875\" class=\"wp-caption-text\">Erik Kainulainen<br \/>070-1714847<br \/>erkki16@hotmail.com<\/p><\/div>\n","protected":false},"excerpt":{"rendered":"<p>Kultur- och fritidsn\u00e4mnden ansvarar f\u00f6r kommunens allm\u00e4nna kulturverksamhet, bibliotek, kulturskolan, naturskolan, fritidsg\u00e5rdar och bidrag till f\u00f6reningar. N\u00e4mnden har 9 ledam\u00f6ter och 9 ers\u00e4ttare. Ledamot<\/p>\n","protected":false},"author":644,"featured_media":0,"parent":806,"menu_order":8,"comment_status":"closed","ping_status":"closed","template":"page.php","meta":{"_acf_changed":false,"footnotes":""},"class_list":["post-169","page","type-page","status-publish","hentry"],"acf":[],"yoast_head":"<!-- This site is optimized with the Yoast SEO plugin v27.3 - https:\/\/yoast.com\/product\/yoast-seo-wordpress\/ -->\n<title>Kultur- och fritidsn\u00e4mnd - Kristdemokraterna Tyres\u00f6<\/title>\n<meta name=\"robots\" content=\"index, follow, max-snippet:-1, max-image-preview:large, max-video-preview:-1\" \/>\n<link rel=\"canonical\" href=\"https:\/\/wp.kristdemokraterna.se\/tyreso\/vara-uppdrag\/namnder-och-styrelser\/kultur-och-fritidsnamnd\/\" \/>\n<meta property=\"og:locale\" content=\"sv_SE\" \/>\n<meta property=\"og:type\" content=\"article\" \/>\n<meta property=\"og:title\" content=\"Kultur- och fritidsn\u00e4mnd - Kristdemokraterna Tyres\u00f6\" \/>\n<meta property=\"og:description\" content=\"Kultur- och fritidsn\u00e4mnden ansvarar f\u00f6r kommunens allm\u00e4nna kulturverksamhet, bibliotek, kulturskolan, naturskolan, fritidsg\u00e5rdar och bidrag till f\u00f6reningar. N\u00e4mnden har 9 ledam\u00f6ter och 9 ers\u00e4ttare. Ledamot\" \/>\n<meta property=\"og:url\" content=\"https:\/\/wp.kristdemokraterna.se\/tyreso\/vara-uppdrag\/namnder-och-styrelser\/kultur-och-fritidsnamnd\/\" \/>\n<meta property=\"og:site_name\" content=\"Kristdemokraterna Tyres\u00f6\" \/>\n<meta property=\"article:modified_time\" content=\"2026-01-22T13:03:24+00:00\" \/>\n<meta property=\"og:image\" content=\"https:\/\/wp.kristdemokraterna.se\/tyreso\/files\/2026\/01\/erik-876x1024.jpg\" \/>\n\t<meta property=\"og:image:width\" content=\"876\" \/>\n\t<meta property=\"og:image:height\" content=\"1024\" \/>\n\t<meta property=\"og:image:type\" content=\"image\/jpeg\" \/>\n<meta name=\"twitter:card\" content=\"summary_large_image\" \/>\n<meta name=\"twitter:label1\" content=\"Ber\u00e4knad l\u00e4stid\" \/>\n\t<meta name=\"twitter:data1\" content=\"1 minut\" \/>\n<script type=\"application\/ld+json\" class=\"yoast-schema-graph\">{\"@context\":\"https:\\\/\\\/schema.org\",\"@graph\":[{\"@type\":\"WebPage\",\"@id\":\"https:\\\/\\\/wp.kristdemokraterna.se\\\/tyreso\\\/vara-uppdrag\\\/namnder-och-styrelser\\\/kultur-och-fritidsnamnd\\\/\",\"url\":\"https:\\\/\\\/wp.kristdemokraterna.se\\\/tyreso\\\/vara-uppdrag\\\/namnder-och-styrelser\\\/kultur-och-fritidsnamnd\\\/\",\"name\":\"Kultur- och fritidsn\u00e4mnd - Kristdemokraterna Tyres\u00f6\",\"isPartOf\":{\"@id\":\"https:\\\/\\\/wp.kristdemokraterna.se\\\/tyreso\\\/#website\"},\"primaryImageOfPage\":{\"@id\":\"https:\\\/\\\/wp.kristdemokraterna.se\\\/tyreso\\\/vara-uppdrag\\\/namnder-och-styrelser\\\/kultur-och-fritidsnamnd\\\/#primaryimage\"},\"image\":{\"@id\":\"https:\\\/\\\/wp.kristdemokraterna.se\\\/tyreso\\\/vara-uppdrag\\\/namnder-och-styrelser\\\/kultur-och-fritidsnamnd\\\/#primaryimage\"},\"thumbnailUrl\":\"http:\\\/\\\/wp.kristdemokraterna.se\\\/tyreso\\\/files\\\/2026\\\/01\\\/erik-scaled.jpg\",\"datePublished\":\"2014-06-03T18:40:49+00:00\",\"dateModified\":\"2026-01-22T13:03:24+00:00\",\"breadcrumb\":{\"@id\":\"https:\\\/\\\/wp.kristdemokraterna.se\\\/tyreso\\\/vara-uppdrag\\\/namnder-och-styrelser\\\/kultur-och-fritidsnamnd\\\/#breadcrumb\"},\"inLanguage\":\"sv-SE\",\"potentialAction\":[{\"@type\":\"ReadAction\",\"target\":[\"https:\\\/\\\/wp.kristdemokraterna.se\\\/tyreso\\\/vara-uppdrag\\\/namnder-och-styrelser\\\/kultur-och-fritidsnamnd\\\/\"]}]},{\"@type\":\"ImageObject\",\"inLanguage\":\"sv-SE\",\"@id\":\"https:\\\/\\\/wp.kristdemokraterna.se\\\/tyreso\\\/vara-uppdrag\\\/namnder-och-styrelser\\\/kultur-och-fritidsnamnd\\\/#primaryimage\",\"url\":\"http:\\\/\\\/wp.kristdemokraterna.se\\\/tyreso\\\/files\\\/2026\\\/01\\\/erik-scaled.jpg\",\"contentUrl\":\"http:\\\/\\\/wp.kristdemokraterna.se\\\/tyreso\\\/files\\\/2026\\\/01\\\/erik-scaled.jpg\"},{\"@type\":\"BreadcrumbList\",\"@id\":\"https:\\\/\\\/wp.kristdemokraterna.se\\\/tyreso\\\/vara-uppdrag\\\/namnder-och-styrelser\\\/kultur-och-fritidsnamnd\\\/#breadcrumb\",\"itemListElement\":[{\"@type\":\"ListItem\",\"position\":1,\"name\":\"Hem\",\"item\":\"https:\\\/\\\/wp.kristdemokraterna.se\\\/tyreso\\\/\"},{\"@type\":\"ListItem\",\"position\":2,\"name\":\"V\u00e5ra uppdrag\",\"item\":\"https:\\\/\\\/wp.kristdemokraterna.se\\\/tyreso\\\/vara-uppdrag\\\/\"},{\"@type\":\"ListItem\",\"position\":3,\"name\":\"N\u00e4mnder\",\"item\":\"https:\\\/\\\/wp.kristdemokraterna.se\\\/tyreso\\\/vara-uppdrag\\\/namnder-och-styrelser\\\/\"},{\"@type\":\"ListItem\",\"position\":4,\"name\":\"Kultur- och fritidsn\u00e4mnd\"}]},{\"@type\":\"WebSite\",\"@id\":\"https:\\\/\\\/wp.kristdemokraterna.se\\\/tyreso\\\/#website\",\"url\":\"https:\\\/\\\/wp.kristdemokraterna.se\\\/tyreso\\\/\",\"name\":\"Kristdemokraterna Tyres\u00f6\",\"description\":\"\",\"inLanguage\":\"sv-SE\"}]}<\/script>\n<!-- \/ Yoast SEO plugin. -->","yoast_head_json":{"title":"Kultur- och fritidsn\u00e4mnd - Kristdemokraterna Tyres\u00f6","robots":{"index":"index","follow":"follow","max-snippet":"max-snippet:-1","max-image-preview":"max-image-preview:large","max-video-preview":"max-video-preview:-1"},"canonical":"https:\/\/wp.kristdemokraterna.se\/tyreso\/vara-uppdrag\/namnder-och-styrelser\/kultur-och-fritidsnamnd\/","og_locale":"sv_SE","og_type":"article","og_title":"Kultur- och fritidsn\u00e4mnd - Kristdemokraterna Tyres\u00f6","og_description":"Kultur- och fritidsn\u00e4mnden ansvarar f\u00f6r kommunens allm\u00e4nna kulturverksamhet, bibliotek, kulturskolan, naturskolan, fritidsg\u00e5rdar och bidrag till f\u00f6reningar. N\u00e4mnden har 9 ledam\u00f6ter och 9 ers\u00e4ttare. Ledamot","og_url":"https:\/\/wp.kristdemokraterna.se\/tyreso\/vara-uppdrag\/namnder-och-styrelser\/kultur-och-fritidsnamnd\/","og_site_name":"Kristdemokraterna Tyres\u00f6","article_modified_time":"2026-01-22T13:03:24+00:00","og_image":[{"width":876,"height":1024,"url":"https:\/\/wp.kristdemokraterna.se\/tyreso\/files\/2026\/01\/erik-876x1024.jpg","type":"image\/jpeg"}],"twitter_card":"summary_large_image","twitter_misc":{"Ber\u00e4knad l\u00e4stid":"1 minut"},"schema":{"@context":"https:\/\/schema.org","@graph":[{"@type":"WebPage","@id":"https:\/\/wp.kristdemokraterna.se\/tyreso\/vara-uppdrag\/namnder-och-styrelser\/kultur-och-fritidsnamnd\/","url":"https:\/\/wp.kristdemokraterna.se\/tyreso\/vara-uppdrag\/namnder-och-styrelser\/kultur-och-fritidsnamnd\/","name":"Kultur- och fritidsn\u00e4mnd - Kristdemokraterna Tyres\u00f6","isPartOf":{"@id":"https:\/\/wp.kristdemokraterna.se\/tyreso\/#website"},"primaryImageOfPage":{"@id":"https:\/\/wp.kristdemokraterna.se\/tyreso\/vara-uppdrag\/namnder-och-styrelser\/kultur-och-fritidsnamnd\/#primaryimage"},"image":{"@id":"https:\/\/wp.kristdemokraterna.se\/tyreso\/vara-uppdrag\/namnder-och-styrelser\/kultur-och-fritidsnamnd\/#primaryimage"},"thumbnailUrl":"http:\/\/wp.kristdemokraterna.se\/tyreso\/files\/2026\/01\/erik-scaled.jpg","datePublished":"2014-06-03T18:40:49+00:00","dateModified":"2026-01-22T13:03:24+00:00","breadcrumb":{"@id":"https:\/\/wp.kristdemokraterna.se\/tyreso\/vara-uppdrag\/namnder-och-styrelser\/kultur-och-fritidsnamnd\/#breadcrumb"},"inLanguage":"sv-SE","potentialAction":[{"@type":"ReadAction","target":["https:\/\/wp.kristdemokraterna.se\/tyreso\/vara-uppdrag\/namnder-och-styrelser\/kultur-och-fritidsnamnd\/"]}]},{"@type":"ImageObject","inLanguage":"sv-SE","@id":"https:\/\/wp.kristdemokraterna.se\/tyreso\/vara-uppdrag\/namnder-och-styrelser\/kultur-och-fritidsnamnd\/#primaryimage","url":"http:\/\/wp.kristdemokraterna.se\/tyreso\/files\/2026\/01\/erik-scaled.jpg","contentUrl":"http:\/\/wp.kristdemokraterna.se\/tyreso\/files\/2026\/01\/erik-scaled.jpg"},{"@type":"BreadcrumbList","@id":"https:\/\/wp.kristdemokraterna.se\/tyreso\/vara-uppdrag\/namnder-och-styrelser\/kultur-och-fritidsnamnd\/#breadcrumb","itemListElement":[{"@type":"ListItem","position":1,"name":"Hem","item":"https:\/\/wp.kristdemokraterna.se\/tyreso\/"},{"@type":"ListItem","position":2,"name":"V\u00e5ra uppdrag","item":"https:\/\/wp.kristdemokraterna.se\/tyreso\/vara-uppdrag\/"},{"@type":"ListItem","position":3,"name":"N\u00e4mnder","item":"https:\/\/wp.kristdemokraterna.se\/tyreso\/vara-uppdrag\/namnder-och-styrelser\/"},{"@type":"ListItem","position":4,"name":"Kultur- och fritidsn\u00e4mnd"}]},{"@type":"WebSite","@id":"https:\/\/wp.kristdemokraterna.se\/tyreso\/#website","url":"https:\/\/wp.kristdemokraterna.se\/tyreso\/","name":"Kristdemokraterna Tyres\u00f6","description":"","inLanguage":"sv-SE"}]}},"_links":{"self":[{"href":"https:\/\/wp.kristdemokraterna.se\/tyreso\/wp-json\/wp\/v2\/pages\/169","targetHints":{"allow":["GET"]}}],"collection":[{"href":"https:\/\/wp.kristdemokraterna.se\/tyreso\/wp-json\/wp\/v2\/pages"}],"about":[{"href":"https:\/\/wp.kristdemokraterna.se\/tyreso\/wp-json\/wp\/v2\/types\/page"}],"author":[{"embeddable":true,"href":"https:\/\/wp.kristdemokraterna.se\/tyreso\/wp-json\/wp\/v2\/users\/644"}],"replies":[{"embeddable":true,"href":"https:\/\/wp.kristdemokraterna.se\/tyreso\/wp-json\/wp\/v2\/comments?post=169"}],"version-history":[{"count":10,"href":"https:\/\/wp.kristdemokraterna.se\/tyreso\/wp-json\/wp\/v2\/pages\/169\/revisions"}],"predecessor-version":[{"id":1877,"href":"https:\/\/wp.kristdemokraterna.se\/tyreso\/wp-json\/wp\/v2\/pages\/169\/revisions\/1877"}],"up":[{"embeddable":true,"href":"https:\/\/wp.kristdemokraterna.se\/tyreso\/wp-json\/wp\/v2\/pages\/806"}],"wp:attachment":[{"href":"https:\/\/wp.kristdemokraterna.se\/tyreso\/wp-json\/wp\/v2\/media?parent=169"}],"curies":[{"name":"wp","href":"https:\/\/api.w.org\/{rel}","templated":true}]}}