{"id":175,"date":"2014-06-03T20:43:58","date_gmt":"2014-06-03T18:43:58","guid":{"rendered":"http:\/\/wp.kristdemokraterna.se\/tyreso\/?page_id=175"},"modified":"2024-05-29T13:36:38","modified_gmt":"2024-05-29T11:36:38","slug":"krisledningsnamnd","status":"publish","type":"page","link":"https:\/\/wp.kristdemokraterna.se\/tyreso\/vara-uppdrag\/namnder-och-styrelser\/krisledningsnamnd\/","title":{"rendered":"Krisledningsn\u00e4mnd"},"content":{"rendered":"<p>Krisledningsn\u00e4mnden tr\u00e4der i funktion f\u00f6rst n\u00e4r en &#8221;extraordin\u00e4r h\u00e4ndelse&#8221; intr\u00e4ffar. N\u00e4mnden har 3 ledam\u00f6ter och 3 ers\u00e4ttare.<\/p>\n<p>F\u00f6r n\u00e4rvarande har Kristdemokraterna ingen ledamot<\/p>\n","protected":false},"excerpt":{"rendered":"<p>Krisledningsn\u00e4mnden tr\u00e4der i funktion f\u00f6rst n\u00e4r en &#8221;extraordin\u00e4r h\u00e4ndelse&#8221; intr\u00e4ffar. N\u00e4mnden har 3 ledam\u00f6ter och 3 ers\u00e4ttare. F\u00f6r n\u00e4rvarande har Kristdemokraterna ingen ledamot<\/p>\n","protected":false},"author":644,"featured_media":0,"parent":806,"menu_order":7,"comment_status":"closed","ping_status":"closed","template":"page.php","meta":{"_acf_changed":false,"footnotes":""},"class_list":["post-175","page","type-page","status-publish","hentry"],"acf":[],"yoast_head":"<!-- This site is optimized with the Yoast SEO plugin v27.3 - https:\/\/yoast.com\/product\/yoast-seo-wordpress\/ -->\n<title>Krisledningsn\u00e4mnd - Kristdemokraterna Tyres\u00f6<\/title>\n<meta name=\"robots\" content=\"index, follow, max-snippet:-1, max-image-preview:large, max-video-preview:-1\" \/>\n<link rel=\"canonical\" href=\"https:\/\/wp.kristdemokraterna.se\/tyreso\/vara-uppdrag\/namnder-och-styrelser\/krisledningsnamnd\/\" \/>\n<meta property=\"og:locale\" content=\"sv_SE\" \/>\n<meta property=\"og:type\" content=\"article\" \/>\n<meta property=\"og:title\" content=\"Krisledningsn\u00e4mnd - Kristdemokraterna Tyres\u00f6\" \/>\n<meta property=\"og:description\" content=\"Krisledningsn\u00e4mnden tr\u00e4der i funktion f\u00f6rst n\u00e4r en &#8221;extraordin\u00e4r h\u00e4ndelse&#8221; intr\u00e4ffar. N\u00e4mnden har 3 ledam\u00f6ter och 3 ers\u00e4ttare. F\u00f6r n\u00e4rvarande har Kristdemokraterna ingen ledamot\" \/>\n<meta property=\"og:url\" content=\"https:\/\/wp.kristdemokraterna.se\/tyreso\/vara-uppdrag\/namnder-och-styrelser\/krisledningsnamnd\/\" \/>\n<meta property=\"og:site_name\" content=\"Kristdemokraterna Tyres\u00f6\" \/>\n<meta property=\"article:modified_time\" content=\"2024-05-29T11:36:38+00:00\" \/>\n<meta name=\"twitter:card\" content=\"summary_large_image\" \/>\n<script type=\"application\/ld+json\" class=\"yoast-schema-graph\">{\"@context\":\"https:\\\/\\\/schema.org\",\"@graph\":[{\"@type\":\"WebPage\",\"@id\":\"https:\\\/\\\/wp.kristdemokraterna.se\\\/tyreso\\\/vara-uppdrag\\\/namnder-och-styrelser\\\/krisledningsnamnd\\\/\",\"url\":\"https:\\\/\\\/wp.kristdemokraterna.se\\\/tyreso\\\/vara-uppdrag\\\/namnder-och-styrelser\\\/krisledningsnamnd\\\/\",\"name\":\"Krisledningsn\u00e4mnd - Kristdemokraterna Tyres\u00f6\",\"isPartOf\":{\"@id\":\"https:\\\/\\\/wp.kristdemokraterna.se\\\/tyreso\\\/#website\"},\"datePublished\":\"2014-06-03T18:43:58+00:00\",\"dateModified\":\"2024-05-29T11:36:38+00:00\",\"breadcrumb\":{\"@id\":\"https:\\\/\\\/wp.kristdemokraterna.se\\\/tyreso\\\/vara-uppdrag\\\/namnder-och-styrelser\\\/krisledningsnamnd\\\/#breadcrumb\"},\"inLanguage\":\"sv-SE\",\"potentialAction\":[{\"@type\":\"ReadAction\",\"target\":[\"https:\\\/\\\/wp.kristdemokraterna.se\\\/tyreso\\\/vara-uppdrag\\\/namnder-och-styrelser\\\/krisledningsnamnd\\\/\"]}]},{\"@type\":\"BreadcrumbList\",\"@id\":\"https:\\\/\\\/wp.kristdemokraterna.se\\\/tyreso\\\/vara-uppdrag\\\/namnder-och-styrelser\\\/krisledningsnamnd\\\/#breadcrumb\",\"itemListElement\":[{\"@type\":\"ListItem\",\"position\":1,\"name\":\"Hem\",\"item\":\"https:\\\/\\\/wp.kristdemokraterna.se\\\/tyreso\\\/\"},{\"@type\":\"ListItem\",\"position\":2,\"name\":\"V\u00e5ra uppdrag\",\"item\":\"https:\\\/\\\/wp.kristdemokraterna.se\\\/tyreso\\\/vara-uppdrag\\\/\"},{\"@type\":\"ListItem\",\"position\":3,\"name\":\"N\u00e4mnder\",\"item\":\"https:\\\/\\\/wp.kristdemokraterna.se\\\/tyreso\\\/vara-uppdrag\\\/namnder-och-styrelser\\\/\"},{\"@type\":\"ListItem\",\"position\":4,\"name\":\"Krisledningsn\u00e4mnd\"}]},{\"@type\":\"WebSite\",\"@id\":\"https:\\\/\\\/wp.kristdemokraterna.se\\\/tyreso\\\/#website\",\"url\":\"https:\\\/\\\/wp.kristdemokraterna.se\\\/tyreso\\\/\",\"name\":\"Kristdemokraterna Tyres\u00f6\",\"description\":\"\",\"inLanguage\":\"sv-SE\"}]}<\/script>\n<!-- \/ Yoast SEO plugin. -->","yoast_head_json":{"title":"Krisledningsn\u00e4mnd - Kristdemokraterna Tyres\u00f6","robots":{"index":"index","follow":"follow","max-snippet":"max-snippet:-1","max-image-preview":"max-image-preview:large","max-video-preview":"max-video-preview:-1"},"canonical":"https:\/\/wp.kristdemokraterna.se\/tyreso\/vara-uppdrag\/namnder-och-styrelser\/krisledningsnamnd\/","og_locale":"sv_SE","og_type":"article","og_title":"Krisledningsn\u00e4mnd - Kristdemokraterna Tyres\u00f6","og_description":"Krisledningsn\u00e4mnden tr\u00e4der i funktion f\u00f6rst n\u00e4r en &#8221;extraordin\u00e4r h\u00e4ndelse&#8221; intr\u00e4ffar. N\u00e4mnden har 3 ledam\u00f6ter och 3 ers\u00e4ttare. F\u00f6r n\u00e4rvarande har Kristdemokraterna ingen ledamot","og_url":"https:\/\/wp.kristdemokraterna.se\/tyreso\/vara-uppdrag\/namnder-och-styrelser\/krisledningsnamnd\/","og_site_name":"Kristdemokraterna Tyres\u00f6","article_modified_time":"2024-05-29T11:36:38+00:00","twitter_card":"summary_large_image","schema":{"@context":"https:\/\/schema.org","@graph":[{"@type":"WebPage","@id":"https:\/\/wp.kristdemokraterna.se\/tyreso\/vara-uppdrag\/namnder-och-styrelser\/krisledningsnamnd\/","url":"https:\/\/wp.kristdemokraterna.se\/tyreso\/vara-uppdrag\/namnder-och-styrelser\/krisledningsnamnd\/","name":"Krisledningsn\u00e4mnd - Kristdemokraterna Tyres\u00f6","isPartOf":{"@id":"https:\/\/wp.kristdemokraterna.se\/tyreso\/#website"},"datePublished":"2014-06-03T18:43:58+00:00","dateModified":"2024-05-29T11:36:38+00:00","breadcrumb":{"@id":"https:\/\/wp.kristdemokraterna.se\/tyreso\/vara-uppdrag\/namnder-och-styrelser\/krisledningsnamnd\/#breadcrumb"},"inLanguage":"sv-SE","potentialAction":[{"@type":"ReadAction","target":["https:\/\/wp.kristdemokraterna.se\/tyreso\/vara-uppdrag\/namnder-och-styrelser\/krisledningsnamnd\/"]}]},{"@type":"BreadcrumbList","@id":"https:\/\/wp.kristdemokraterna.se\/tyreso\/vara-uppdrag\/namnder-och-styrelser\/krisledningsnamnd\/#breadcrumb","itemListElement":[{"@type":"ListItem","position":1,"name":"Hem","item":"https:\/\/wp.kristdemokraterna.se\/tyreso\/"},{"@type":"ListItem","position":2,"name":"V\u00e5ra uppdrag","item":"https:\/\/wp.kristdemokraterna.se\/tyreso\/vara-uppdrag\/"},{"@type":"ListItem","position":3,"name":"N\u00e4mnder","item":"https:\/\/wp.kristdemokraterna.se\/tyreso\/vara-uppdrag\/namnder-och-styrelser\/"},{"@type":"ListItem","position":4,"name":"Krisledningsn\u00e4mnd"}]},{"@type":"WebSite","@id":"https:\/\/wp.kristdemokraterna.se\/tyreso\/#website","url":"https:\/\/wp.kristdemokraterna.se\/tyreso\/","name":"Kristdemokraterna Tyres\u00f6","description":"","inLanguage":"sv-SE"}]}},"_links":{"self":[{"href":"https:\/\/wp.kristdemokraterna.se\/tyreso\/wp-json\/wp\/v2\/pages\/175","targetHints":{"allow":["GET"]}}],"collection":[{"href":"https:\/\/wp.kristdemokraterna.se\/tyreso\/wp-json\/wp\/v2\/pages"}],"about":[{"href":"https:\/\/wp.kristdemokraterna.se\/tyreso\/wp-json\/wp\/v2\/types\/page"}],"author":[{"embeddable":true,"href":"https:\/\/wp.kristdemokraterna.se\/tyreso\/wp-json\/wp\/v2\/users\/644"}],"replies":[{"embeddable":true,"href":"https:\/\/wp.kristdemokraterna.se\/tyreso\/wp-json\/wp\/v2\/comments?post=175"}],"version-history":[{"count":3,"href":"https:\/\/wp.kristdemokraterna.se\/tyreso\/wp-json\/wp\/v2\/pages\/175\/revisions"}],"predecessor-version":[{"id":913,"href":"https:\/\/wp.kristdemokraterna.se\/tyreso\/wp-json\/wp\/v2\/pages\/175\/revisions\/913"}],"up":[{"embeddable":true,"href":"https:\/\/wp.kristdemokraterna.se\/tyreso\/wp-json\/wp\/v2\/pages\/806"}],"wp:attachment":[{"href":"https:\/\/wp.kristdemokraterna.se\/tyreso\/wp-json\/wp\/v2\/media?parent=175"}],"curies":[{"name":"wp","href":"https:\/\/api.w.org\/{rel}","templated":true}]}}