{"id":195,"date":"2014-06-04T08:26:17","date_gmt":"2014-06-04T06:26:17","guid":{"rendered":"http:\/\/wp.kristdemokraterna.se\/tyreso\/?page_id=195"},"modified":"2026-02-12T06:57:40","modified_gmt":"2026-02-12T05:57:40","slug":"skolarbete","status":"publish","type":"page","link":"https:\/\/wp.kristdemokraterna.se\/tyreso\/skolarbete\/","title":{"rendered":"Skolarbete"},"content":{"rendered":"<p style=\"text-align: left\"><strong>Letar du efter information till ditt skolarbete? D\u00e5 finns det mycket bra information p\u00e5: <a href=\"https:\/\/kristdemokraterna.se\/ovrigt\/skolarbete\">Skolarbete | Kristdemokraterna<\/a><\/strong><\/p>\n<p style=\"text-align: left\"><strong>Lycka till!<br \/>\n<\/strong><\/p>\n<p><a href=\"http:\/\/wp.kristdemokraterna.se\/tyreso\/files\/2018\/05\/kd_standard_rgb.png\"><img loading=\"lazy\" decoding=\"async\" class=\"size-medium wp-image-609 alignleft\" src=\"http:\/\/wp.kristdemokraterna.se\/tyreso\/files\/2018\/05\/kd_standard_rgb-300x278.png\" alt=\"\" width=\"300\" height=\"278\" srcset=\"https:\/\/wp.kristdemokraterna.se\/tyreso\/files\/2018\/05\/kd_standard_rgb-300x278.png 300w, https:\/\/wp.kristdemokraterna.se\/tyreso\/files\/2018\/05\/kd_standard_rgb-768x711.png 768w, https:\/\/wp.kristdemokraterna.se\/tyreso\/files\/2018\/05\/kd_standard_rgb-1024x948.png 1024w, https:\/\/wp.kristdemokraterna.se\/tyreso\/files\/2018\/05\/kd_standard_rgb.png 2000w\" sizes=\"auto, (max-width: 300px) 100vw, 300px\" \/><\/a><\/p>\n","protected":false},"excerpt":{"rendered":"<p>Letar du efter information till ditt skolarbete? D\u00e5 finns det mycket bra information p\u00e5: Skolarbete | Kristdemokraterna Lycka till!<\/p>\n","protected":false},"author":644,"featured_media":0,"parent":0,"menu_order":6,"comment_status":"closed","ping_status":"closed","template":"","meta":{"_acf_changed":false,"footnotes":""},"class_list":["post-195","page","type-page","status-publish","hentry"],"acf":[],"yoast_head":"<!-- This site is optimized with the Yoast SEO plugin v27.4 - https:\/\/yoast.com\/product\/yoast-seo-wordpress\/ -->\n<title>Skolarbete - Kristdemokraterna Tyres\u00f6<\/title>\n<meta name=\"robots\" content=\"index, follow, max-snippet:-1, max-image-preview:large, max-video-preview:-1\" \/>\n<link rel=\"canonical\" href=\"https:\/\/wp.kristdemokraterna.se\/tyreso\/skolarbete\/\" \/>\n<meta property=\"og:locale\" content=\"sv_SE\" \/>\n<meta property=\"og:type\" content=\"article\" \/>\n<meta property=\"og:title\" content=\"Skolarbete - Kristdemokraterna Tyres\u00f6\" \/>\n<meta property=\"og:description\" content=\"Letar du efter information till ditt skolarbete? D\u00e5 finns det mycket bra information p\u00e5: Skolarbete | Kristdemokraterna Lycka till!\" \/>\n<meta property=\"og:url\" content=\"https:\/\/wp.kristdemokraterna.se\/tyreso\/skolarbete\/\" \/>\n<meta property=\"og:site_name\" content=\"Kristdemokraterna Tyres\u00f6\" \/>\n<meta property=\"article:modified_time\" content=\"2026-02-12T05:57:40+00:00\" \/>\n<meta property=\"og:image\" content=\"https:\/\/wp.kristdemokraterna.se\/tyreso\/files\/2018\/05\/kd_standard_rgb.png\" \/>\n\t<meta property=\"og:image:width\" content=\"2000\" \/>\n\t<meta property=\"og:image:height\" content=\"1852\" \/>\n\t<meta property=\"og:image:type\" content=\"image\/png\" \/>\n<meta name=\"twitter:card\" content=\"summary_large_image\" \/>\n<meta name=\"twitter:label1\" content=\"Ber\u00e4knad l\u00e4stid\" \/>\n\t<meta name=\"twitter:data1\" content=\"1 minut\" \/>\n<script type=\"application\/ld+json\" class=\"yoast-schema-graph\">{\"@context\":\"https:\\\/\\\/schema.org\",\"@graph\":[{\"@type\":\"WebPage\",\"@id\":\"https:\\\/\\\/wp.kristdemokraterna.se\\\/tyreso\\\/skolarbete\\\/\",\"url\":\"https:\\\/\\\/wp.kristdemokraterna.se\\\/tyreso\\\/skolarbete\\\/\",\"name\":\"Skolarbete - Kristdemokraterna Tyres\u00f6\",\"isPartOf\":{\"@id\":\"https:\\\/\\\/wp.kristdemokraterna.se\\\/tyreso\\\/#website\"},\"primaryImageOfPage\":{\"@id\":\"https:\\\/\\\/wp.kristdemokraterna.se\\\/tyreso\\\/skolarbete\\\/#primaryimage\"},\"image\":{\"@id\":\"https:\\\/\\\/wp.kristdemokraterna.se\\\/tyreso\\\/skolarbete\\\/#primaryimage\"},\"thumbnailUrl\":\"http:\\\/\\\/wp.kristdemokraterna.se\\\/tyreso\\\/files\\\/2018\\\/05\\\/kd_standard_rgb-300x278.png\",\"datePublished\":\"2014-06-04T06:26:17+00:00\",\"dateModified\":\"2026-02-12T05:57:40+00:00\",\"breadcrumb\":{\"@id\":\"https:\\\/\\\/wp.kristdemokraterna.se\\\/tyreso\\\/skolarbete\\\/#breadcrumb\"},\"inLanguage\":\"sv-SE\",\"potentialAction\":[{\"@type\":\"ReadAction\",\"target\":[\"https:\\\/\\\/wp.kristdemokraterna.se\\\/tyreso\\\/skolarbete\\\/\"]}]},{\"@type\":\"ImageObject\",\"inLanguage\":\"sv-SE\",\"@id\":\"https:\\\/\\\/wp.kristdemokraterna.se\\\/tyreso\\\/skolarbete\\\/#primaryimage\",\"url\":\"https:\\\/\\\/wp.kristdemokraterna.se\\\/tyreso\\\/files\\\/2018\\\/05\\\/kd_standard_rgb.png\",\"contentUrl\":\"https:\\\/\\\/wp.kristdemokraterna.se\\\/tyreso\\\/files\\\/2018\\\/05\\\/kd_standard_rgb.png\",\"width\":2000,\"height\":1852},{\"@type\":\"BreadcrumbList\",\"@id\":\"https:\\\/\\\/wp.kristdemokraterna.se\\\/tyreso\\\/skolarbete\\\/#breadcrumb\",\"itemListElement\":[{\"@type\":\"ListItem\",\"position\":1,\"name\":\"Hem\",\"item\":\"https:\\\/\\\/wp.kristdemokraterna.se\\\/tyreso\\\/\"},{\"@type\":\"ListItem\",\"position\":2,\"name\":\"Skolarbete\"}]},{\"@type\":\"WebSite\",\"@id\":\"https:\\\/\\\/wp.kristdemokraterna.se\\\/tyreso\\\/#website\",\"url\":\"https:\\\/\\\/wp.kristdemokraterna.se\\\/tyreso\\\/\",\"name\":\"Kristdemokraterna Tyres\u00f6\",\"description\":\"\",\"inLanguage\":\"sv-SE\"}]}<\/script>\n<!-- \/ Yoast SEO plugin. -->","yoast_head_json":{"title":"Skolarbete - Kristdemokraterna Tyres\u00f6","robots":{"index":"index","follow":"follow","max-snippet":"max-snippet:-1","max-image-preview":"max-image-preview:large","max-video-preview":"max-video-preview:-1"},"canonical":"https:\/\/wp.kristdemokraterna.se\/tyreso\/skolarbete\/","og_locale":"sv_SE","og_type":"article","og_title":"Skolarbete - Kristdemokraterna Tyres\u00f6","og_description":"Letar du efter information till ditt skolarbete? D\u00e5 finns det mycket bra information p\u00e5: Skolarbete | Kristdemokraterna Lycka till!","og_url":"https:\/\/wp.kristdemokraterna.se\/tyreso\/skolarbete\/","og_site_name":"Kristdemokraterna Tyres\u00f6","article_modified_time":"2026-02-12T05:57:40+00:00","og_image":[{"width":2000,"height":1852,"url":"https:\/\/wp.kristdemokraterna.se\/tyreso\/files\/2018\/05\/kd_standard_rgb.png","type":"image\/png"}],"twitter_card":"summary_large_image","twitter_misc":{"Ber\u00e4knad l\u00e4stid":"1 minut"},"schema":{"@context":"https:\/\/schema.org","@graph":[{"@type":"WebPage","@id":"https:\/\/wp.kristdemokraterna.se\/tyreso\/skolarbete\/","url":"https:\/\/wp.kristdemokraterna.se\/tyreso\/skolarbete\/","name":"Skolarbete - Kristdemokraterna Tyres\u00f6","isPartOf":{"@id":"https:\/\/wp.kristdemokraterna.se\/tyreso\/#website"},"primaryImageOfPage":{"@id":"https:\/\/wp.kristdemokraterna.se\/tyreso\/skolarbete\/#primaryimage"},"image":{"@id":"https:\/\/wp.kristdemokraterna.se\/tyreso\/skolarbete\/#primaryimage"},"thumbnailUrl":"http:\/\/wp.kristdemokraterna.se\/tyreso\/files\/2018\/05\/kd_standard_rgb-300x278.png","datePublished":"2014-06-04T06:26:17+00:00","dateModified":"2026-02-12T05:57:40+00:00","breadcrumb":{"@id":"https:\/\/wp.kristdemokraterna.se\/tyreso\/skolarbete\/#breadcrumb"},"inLanguage":"sv-SE","potentialAction":[{"@type":"ReadAction","target":["https:\/\/wp.kristdemokraterna.se\/tyreso\/skolarbete\/"]}]},{"@type":"ImageObject","inLanguage":"sv-SE","@id":"https:\/\/wp.kristdemokraterna.se\/tyreso\/skolarbete\/#primaryimage","url":"https:\/\/wp.kristdemokraterna.se\/tyreso\/files\/2018\/05\/kd_standard_rgb.png","contentUrl":"https:\/\/wp.kristdemokraterna.se\/tyreso\/files\/2018\/05\/kd_standard_rgb.png","width":2000,"height":1852},{"@type":"BreadcrumbList","@id":"https:\/\/wp.kristdemokraterna.se\/tyreso\/skolarbete\/#breadcrumb","itemListElement":[{"@type":"ListItem","position":1,"name":"Hem","item":"https:\/\/wp.kristdemokraterna.se\/tyreso\/"},{"@type":"ListItem","position":2,"name":"Skolarbete"}]},{"@type":"WebSite","@id":"https:\/\/wp.kristdemokraterna.se\/tyreso\/#website","url":"https:\/\/wp.kristdemokraterna.se\/tyreso\/","name":"Kristdemokraterna Tyres\u00f6","description":"","inLanguage":"sv-SE"}]}},"_links":{"self":[{"href":"https:\/\/wp.kristdemokraterna.se\/tyreso\/wp-json\/wp\/v2\/pages\/195","targetHints":{"allow":["GET"]}}],"collection":[{"href":"https:\/\/wp.kristdemokraterna.se\/tyreso\/wp-json\/wp\/v2\/pages"}],"about":[{"href":"https:\/\/wp.kristdemokraterna.se\/tyreso\/wp-json\/wp\/v2\/types\/page"}],"author":[{"embeddable":true,"href":"https:\/\/wp.kristdemokraterna.se\/tyreso\/wp-json\/wp\/v2\/users\/644"}],"replies":[{"embeddable":true,"href":"https:\/\/wp.kristdemokraterna.se\/tyreso\/wp-json\/wp\/v2\/comments?post=195"}],"version-history":[{"count":4,"href":"https:\/\/wp.kristdemokraterna.se\/tyreso\/wp-json\/wp\/v2\/pages\/195\/revisions"}],"predecessor-version":[{"id":608,"href":"https:\/\/wp.kristdemokraterna.se\/tyreso\/wp-json\/wp\/v2\/pages\/195\/revisions\/608"}],"wp:attachment":[{"href":"https:\/\/wp.kristdemokraterna.se\/tyreso\/wp-json\/wp\/v2\/media?parent=195"}],"curies":[{"name":"wp","href":"https:\/\/api.w.org\/{rel}","templated":true}]}}