{"id":873,"date":"2019-04-13T14:28:17","date_gmt":"2019-04-13T12:28:17","guid":{"rendered":"http:\/\/wp.kristdemokraterna.se\/tyreso\/?page_id=873"},"modified":"2026-01-22T13:40:38","modified_gmt":"2026-01-22T12:40:38","slug":"aldre-och-omsorgsnamnd","status":"publish","type":"page","link":"https:\/\/wp.kristdemokraterna.se\/tyreso\/vara-uppdrag\/namnder-och-styrelser\/aldre-och-omsorgsnamnd\/","title":{"rendered":"\u00c4ldre- och omsorgsn\u00e4mnd"},"content":{"rendered":"<p>\u00c4ldre- och omsorgsn\u00e4mnden ansvarar f\u00f6r omsorg om \u00e4ldre m\u00e4nniskor och personer med fysisk eller psykisk funktionsneds\u00e4ttning samt kommunal h\u00e4lso- och sjukv\u00e5rd. N\u00e4mnden har 11 ledam\u00f6ter och 11 ers\u00e4ttare.<\/p>\n<h3>Ledamot<\/h3>\n<div id=\"attachment_1514\" style=\"width: 270px\" class=\"wp-caption alignnone\"><a href=\"http:\/\/wp.kristdemokraterna.se\/tyreso\/files\/2023\/01\/9-janis-salts-color22-scaled.jpg\"><img loading=\"lazy\" decoding=\"async\" aria-describedby=\"caption-attachment-1514\" class=\" wp-image-1514\" src=\"http:\/\/wp.kristdemokraterna.se\/tyreso\/files\/2023\/01\/9-janis-salts-color22-scaled.jpg\" alt=\"\" width=\"260\" height=\"325\" srcset=\"https:\/\/wp.kristdemokraterna.se\/tyreso\/files\/2023\/01\/9-janis-salts-color22-scaled.jpg 2048w, https:\/\/wp.kristdemokraterna.se\/tyreso\/files\/2023\/01\/9-janis-salts-color22-240x300.jpg 240w, https:\/\/wp.kristdemokraterna.se\/tyreso\/files\/2023\/01\/9-janis-salts-color22-819x1024.jpg 819w, https:\/\/wp.kristdemokraterna.se\/tyreso\/files\/2023\/01\/9-janis-salts-color22-768x960.jpg 768w, https:\/\/wp.kristdemokraterna.se\/tyreso\/files\/2023\/01\/9-janis-salts-color22-1229x1536.jpg 1229w, https:\/\/wp.kristdemokraterna.se\/tyreso\/files\/2023\/01\/9-janis-salts-color22-1639x2048.jpg 1639w, https:\/\/wp.kristdemokraterna.se\/tyreso\/files\/2023\/01\/9-janis-salts-color22-160x200.jpg 160w, https:\/\/wp.kristdemokraterna.se\/tyreso\/files\/2023\/01\/9-janis-salts-color22-370x462.jpg 370w, https:\/\/wp.kristdemokraterna.se\/tyreso\/files\/2023\/01\/9-janis-salts-color22-770x962.jpg 770w, https:\/\/wp.kristdemokraterna.se\/tyreso\/files\/2023\/01\/9-janis-salts-color22-450x562.jpg 450w, https:\/\/wp.kristdemokraterna.se\/tyreso\/files\/2023\/01\/9-janis-salts-color22-280x350.jpg 280w, https:\/\/wp.kristdemokraterna.se\/tyreso\/files\/2023\/01\/9-janis-salts-color22-340x425.jpg 340w, https:\/\/wp.kristdemokraterna.se\/tyreso\/files\/2023\/01\/9-janis-salts-color22-45x56.jpg 45w\" sizes=\"auto, (max-width: 260px) 100vw, 260px\" \/><\/a><p id=\"caption-attachment-1514\" class=\"wp-caption-text\">Janis Salts<br \/>Tel: 070-7728068<br \/>Epost: saltsjanis@gmail.com<\/p><\/div>\n","protected":false},"excerpt":{"rendered":"<p>\u00c4ldre- och omsorgsn\u00e4mnden ansvarar f\u00f6r omsorg om \u00e4ldre m\u00e4nniskor och personer med fysisk eller psykisk funktionsneds\u00e4ttning samt kommunal h\u00e4lso- och sjukv\u00e5rd. N\u00e4mnden har 11 ledam\u00f6ter och 11 ers\u00e4ttare. Ledamot<\/p>\n","protected":false},"author":644,"featured_media":0,"parent":806,"menu_order":10,"comment_status":"closed","ping_status":"closed","template":"","meta":{"_acf_changed":false,"footnotes":""},"class_list":["post-873","page","type-page","status-publish","hentry"],"acf":[],"yoast_head":"<!-- This site is optimized with the Yoast SEO plugin v27.3 - https:\/\/yoast.com\/product\/yoast-seo-wordpress\/ -->\n<title>\u00c4ldre- och omsorgsn\u00e4mnd - Kristdemokraterna Tyres\u00f6<\/title>\n<meta name=\"robots\" content=\"index, follow, max-snippet:-1, max-image-preview:large, max-video-preview:-1\" \/>\n<link rel=\"canonical\" href=\"https:\/\/wp.kristdemokraterna.se\/tyreso\/vara-uppdrag\/namnder-och-styrelser\/aldre-och-omsorgsnamnd\/\" \/>\n<meta property=\"og:locale\" content=\"sv_SE\" \/>\n<meta property=\"og:type\" content=\"article\" \/>\n<meta property=\"og:title\" content=\"\u00c4ldre- och omsorgsn\u00e4mnd - Kristdemokraterna Tyres\u00f6\" \/>\n<meta property=\"og:description\" content=\"\u00c4ldre- och omsorgsn\u00e4mnden ansvarar f\u00f6r omsorg om \u00e4ldre m\u00e4nniskor och personer med fysisk eller psykisk funktionsneds\u00e4ttning samt kommunal h\u00e4lso- och sjukv\u00e5rd. N\u00e4mnden har 11 ledam\u00f6ter och 11 ers\u00e4ttare. Ledamot\" \/>\n<meta property=\"og:url\" content=\"https:\/\/wp.kristdemokraterna.se\/tyreso\/vara-uppdrag\/namnder-och-styrelser\/aldre-och-omsorgsnamnd\/\" \/>\n<meta property=\"og:site_name\" content=\"Kristdemokraterna Tyres\u00f6\" \/>\n<meta property=\"article:modified_time\" content=\"2026-01-22T12:40:38+00:00\" \/>\n<meta property=\"og:image\" content=\"https:\/\/wp.kristdemokraterna.se\/tyreso\/files\/2023\/01\/9-janis-salts-color22-scaled.jpg\" \/>\n\t<meta property=\"og:image:width\" content=\"2048\" \/>\n\t<meta property=\"og:image:height\" content=\"2560\" \/>\n\t<meta property=\"og:image:type\" content=\"image\/jpeg\" \/>\n<meta name=\"twitter:card\" content=\"summary_large_image\" \/>\n<meta name=\"twitter:label1\" content=\"Ber\u00e4knad l\u00e4stid\" \/>\n\t<meta name=\"twitter:data1\" content=\"1 minut\" \/>\n<script type=\"application\/ld+json\" class=\"yoast-schema-graph\">{\"@context\":\"https:\\\/\\\/schema.org\",\"@graph\":[{\"@type\":\"WebPage\",\"@id\":\"https:\\\/\\\/wp.kristdemokraterna.se\\\/tyreso\\\/vara-uppdrag\\\/namnder-och-styrelser\\\/aldre-och-omsorgsnamnd\\\/\",\"url\":\"https:\\\/\\\/wp.kristdemokraterna.se\\\/tyreso\\\/vara-uppdrag\\\/namnder-och-styrelser\\\/aldre-och-omsorgsnamnd\\\/\",\"name\":\"\u00c4ldre- och omsorgsn\u00e4mnd - Kristdemokraterna Tyres\u00f6\",\"isPartOf\":{\"@id\":\"https:\\\/\\\/wp.kristdemokraterna.se\\\/tyreso\\\/#website\"},\"primaryImageOfPage\":{\"@id\":\"https:\\\/\\\/wp.kristdemokraterna.se\\\/tyreso\\\/vara-uppdrag\\\/namnder-och-styrelser\\\/aldre-och-omsorgsnamnd\\\/#primaryimage\"},\"image\":{\"@id\":\"https:\\\/\\\/wp.kristdemokraterna.se\\\/tyreso\\\/vara-uppdrag\\\/namnder-och-styrelser\\\/aldre-och-omsorgsnamnd\\\/#primaryimage\"},\"thumbnailUrl\":\"http:\\\/\\\/wp.kristdemokraterna.se\\\/tyreso\\\/files\\\/2023\\\/01\\\/9-janis-salts-color22-scaled.jpg\",\"datePublished\":\"2019-04-13T12:28:17+00:00\",\"dateModified\":\"2026-01-22T12:40:38+00:00\",\"breadcrumb\":{\"@id\":\"https:\\\/\\\/wp.kristdemokraterna.se\\\/tyreso\\\/vara-uppdrag\\\/namnder-och-styrelser\\\/aldre-och-omsorgsnamnd\\\/#breadcrumb\"},\"inLanguage\":\"sv-SE\",\"potentialAction\":[{\"@type\":\"ReadAction\",\"target\":[\"https:\\\/\\\/wp.kristdemokraterna.se\\\/tyreso\\\/vara-uppdrag\\\/namnder-och-styrelser\\\/aldre-och-omsorgsnamnd\\\/\"]}]},{\"@type\":\"ImageObject\",\"inLanguage\":\"sv-SE\",\"@id\":\"https:\\\/\\\/wp.kristdemokraterna.se\\\/tyreso\\\/vara-uppdrag\\\/namnder-och-styrelser\\\/aldre-och-omsorgsnamnd\\\/#primaryimage\",\"url\":\"http:\\\/\\\/wp.kristdemokraterna.se\\\/tyreso\\\/files\\\/2023\\\/01\\\/9-janis-salts-color22-scaled.jpg\",\"contentUrl\":\"http:\\\/\\\/wp.kristdemokraterna.se\\\/tyreso\\\/files\\\/2023\\\/01\\\/9-janis-salts-color22-scaled.jpg\"},{\"@type\":\"BreadcrumbList\",\"@id\":\"https:\\\/\\\/wp.kristdemokraterna.se\\\/tyreso\\\/vara-uppdrag\\\/namnder-och-styrelser\\\/aldre-och-omsorgsnamnd\\\/#breadcrumb\",\"itemListElement\":[{\"@type\":\"ListItem\",\"position\":1,\"name\":\"Hem\",\"item\":\"https:\\\/\\\/wp.kristdemokraterna.se\\\/tyreso\\\/\"},{\"@type\":\"ListItem\",\"position\":2,\"name\":\"V\u00e5ra uppdrag\",\"item\":\"https:\\\/\\\/wp.kristdemokraterna.se\\\/tyreso\\\/vara-uppdrag\\\/\"},{\"@type\":\"ListItem\",\"position\":3,\"name\":\"N\u00e4mnder\",\"item\":\"https:\\\/\\\/wp.kristdemokraterna.se\\\/tyreso\\\/vara-uppdrag\\\/namnder-och-styrelser\\\/\"},{\"@type\":\"ListItem\",\"position\":4,\"name\":\"\u00c4ldre- och omsorgsn\u00e4mnd\"}]},{\"@type\":\"WebSite\",\"@id\":\"https:\\\/\\\/wp.kristdemokraterna.se\\\/tyreso\\\/#website\",\"url\":\"https:\\\/\\\/wp.kristdemokraterna.se\\\/tyreso\\\/\",\"name\":\"Kristdemokraterna Tyres\u00f6\",\"description\":\"\",\"inLanguage\":\"sv-SE\"}]}<\/script>\n<!-- \/ Yoast SEO plugin. -->","yoast_head_json":{"title":"\u00c4ldre- och omsorgsn\u00e4mnd - Kristdemokraterna Tyres\u00f6","robots":{"index":"index","follow":"follow","max-snippet":"max-snippet:-1","max-image-preview":"max-image-preview:large","max-video-preview":"max-video-preview:-1"},"canonical":"https:\/\/wp.kristdemokraterna.se\/tyreso\/vara-uppdrag\/namnder-och-styrelser\/aldre-och-omsorgsnamnd\/","og_locale":"sv_SE","og_type":"article","og_title":"\u00c4ldre- och omsorgsn\u00e4mnd - Kristdemokraterna Tyres\u00f6","og_description":"\u00c4ldre- och omsorgsn\u00e4mnden ansvarar f\u00f6r omsorg om \u00e4ldre m\u00e4nniskor och personer med fysisk eller psykisk funktionsneds\u00e4ttning samt kommunal h\u00e4lso- och sjukv\u00e5rd. N\u00e4mnden har 11 ledam\u00f6ter och 11 ers\u00e4ttare. Ledamot","og_url":"https:\/\/wp.kristdemokraterna.se\/tyreso\/vara-uppdrag\/namnder-och-styrelser\/aldre-och-omsorgsnamnd\/","og_site_name":"Kristdemokraterna Tyres\u00f6","article_modified_time":"2026-01-22T12:40:38+00:00","og_image":[{"width":2048,"height":2560,"url":"https:\/\/wp.kristdemokraterna.se\/tyreso\/files\/2023\/01\/9-janis-salts-color22-scaled.jpg","type":"image\/jpeg"}],"twitter_card":"summary_large_image","twitter_misc":{"Ber\u00e4knad l\u00e4stid":"1 minut"},"schema":{"@context":"https:\/\/schema.org","@graph":[{"@type":"WebPage","@id":"https:\/\/wp.kristdemokraterna.se\/tyreso\/vara-uppdrag\/namnder-och-styrelser\/aldre-och-omsorgsnamnd\/","url":"https:\/\/wp.kristdemokraterna.se\/tyreso\/vara-uppdrag\/namnder-och-styrelser\/aldre-och-omsorgsnamnd\/","name":"\u00c4ldre- och omsorgsn\u00e4mnd - Kristdemokraterna Tyres\u00f6","isPartOf":{"@id":"https:\/\/wp.kristdemokraterna.se\/tyreso\/#website"},"primaryImageOfPage":{"@id":"https:\/\/wp.kristdemokraterna.se\/tyreso\/vara-uppdrag\/namnder-och-styrelser\/aldre-och-omsorgsnamnd\/#primaryimage"},"image":{"@id":"https:\/\/wp.kristdemokraterna.se\/tyreso\/vara-uppdrag\/namnder-och-styrelser\/aldre-och-omsorgsnamnd\/#primaryimage"},"thumbnailUrl":"http:\/\/wp.kristdemokraterna.se\/tyreso\/files\/2023\/01\/9-janis-salts-color22-scaled.jpg","datePublished":"2019-04-13T12:28:17+00:00","dateModified":"2026-01-22T12:40:38+00:00","breadcrumb":{"@id":"https:\/\/wp.kristdemokraterna.se\/tyreso\/vara-uppdrag\/namnder-och-styrelser\/aldre-och-omsorgsnamnd\/#breadcrumb"},"inLanguage":"sv-SE","potentialAction":[{"@type":"ReadAction","target":["https:\/\/wp.kristdemokraterna.se\/tyreso\/vara-uppdrag\/namnder-och-styrelser\/aldre-och-omsorgsnamnd\/"]}]},{"@type":"ImageObject","inLanguage":"sv-SE","@id":"https:\/\/wp.kristdemokraterna.se\/tyreso\/vara-uppdrag\/namnder-och-styrelser\/aldre-och-omsorgsnamnd\/#primaryimage","url":"http:\/\/wp.kristdemokraterna.se\/tyreso\/files\/2023\/01\/9-janis-salts-color22-scaled.jpg","contentUrl":"http:\/\/wp.kristdemokraterna.se\/tyreso\/files\/2023\/01\/9-janis-salts-color22-scaled.jpg"},{"@type":"BreadcrumbList","@id":"https:\/\/wp.kristdemokraterna.se\/tyreso\/vara-uppdrag\/namnder-och-styrelser\/aldre-och-omsorgsnamnd\/#breadcrumb","itemListElement":[{"@type":"ListItem","position":1,"name":"Hem","item":"https:\/\/wp.kristdemokraterna.se\/tyreso\/"},{"@type":"ListItem","position":2,"name":"V\u00e5ra uppdrag","item":"https:\/\/wp.kristdemokraterna.se\/tyreso\/vara-uppdrag\/"},{"@type":"ListItem","position":3,"name":"N\u00e4mnder","item":"https:\/\/wp.kristdemokraterna.se\/tyreso\/vara-uppdrag\/namnder-och-styrelser\/"},{"@type":"ListItem","position":4,"name":"\u00c4ldre- och omsorgsn\u00e4mnd"}]},{"@type":"WebSite","@id":"https:\/\/wp.kristdemokraterna.se\/tyreso\/#website","url":"https:\/\/wp.kristdemokraterna.se\/tyreso\/","name":"Kristdemokraterna Tyres\u00f6","description":"","inLanguage":"sv-SE"}]}},"_links":{"self":[{"href":"https:\/\/wp.kristdemokraterna.se\/tyreso\/wp-json\/wp\/v2\/pages\/873","targetHints":{"allow":["GET"]}}],"collection":[{"href":"https:\/\/wp.kristdemokraterna.se\/tyreso\/wp-json\/wp\/v2\/pages"}],"about":[{"href":"https:\/\/wp.kristdemokraterna.se\/tyreso\/wp-json\/wp\/v2\/types\/page"}],"author":[{"embeddable":true,"href":"https:\/\/wp.kristdemokraterna.se\/tyreso\/wp-json\/wp\/v2\/users\/644"}],"replies":[{"embeddable":true,"href":"https:\/\/wp.kristdemokraterna.se\/tyreso\/wp-json\/wp\/v2\/comments?post=873"}],"version-history":[{"count":12,"href":"https:\/\/wp.kristdemokraterna.se\/tyreso\/wp-json\/wp\/v2\/pages\/873\/revisions"}],"predecessor-version":[{"id":1873,"href":"https:\/\/wp.kristdemokraterna.se\/tyreso\/wp-json\/wp\/v2\/pages\/873\/revisions\/1873"}],"up":[{"embeddable":true,"href":"https:\/\/wp.kristdemokraterna.se\/tyreso\/wp-json\/wp\/v2\/pages\/806"}],"wp:attachment":[{"href":"https:\/\/wp.kristdemokraterna.se\/tyreso\/wp-json\/wp\/v2\/media?parent=873"}],"curies":[{"name":"wp","href":"https:\/\/api.w.org\/{rel}","templated":true}]}}