{"id":883,"date":"2019-04-13T17:12:08","date_gmt":"2019-04-13T15:12:08","guid":{"rendered":"http:\/\/wp.kristdemokraterna.se\/tyreso\/?page_id=883"},"modified":"2019-04-13T17:28:48","modified_gmt":"2019-04-13T15:28:48","slug":"sodertorns-brandforsvarsforbund","status":"publish","type":"page","link":"https:\/\/wp.kristdemokraterna.se\/tyreso\/vara-uppdrag\/bolag-och-ovriga-organ\/sodertorns-brandforsvarsforbund\/","title":{"rendered":"S\u00f6dert\u00f6rns brandf\u00f6rsvarsf\u00f6rbund"},"content":{"rendered":"<p>S\u00f6dert\u00f6rns brandf\u00f6rsvarsf\u00f6rbund \u00e4r ett kommunalf\u00f6rbund. F\u00f6rbundet bildades 1993 och best\u00e5r idag av tio medlemskommuner. Organisationen styrs av en f\u00f6rbundsdirektion med f\u00f6rtroendevalda politiker fr\u00e5n dessa kommuner. Tyres\u00f6 kommun har 1 ledamot och 1 ers\u00e4ttare.<\/p>\n<p>&nbsp;<\/p>\n<p>Krisdemokraterna har ingen ledamot\/ers\u00e4ttare i S\u00f6dert\u00f6rns brandf\u00f6rsvarsf\u00f6rbund.<\/p>\n","protected":false},"excerpt":{"rendered":"<p>S\u00f6dert\u00f6rns brandf\u00f6rsvarsf\u00f6rbund \u00e4r ett kommunalf\u00f6rbund. F\u00f6rbundet bildades 1993 och best\u00e5r idag av tio medlemskommuner. Organisationen styrs av en f\u00f6rbundsdirektion med f\u00f6rtroendevalda politiker fr\u00e5n dessa kommuner. Tyres\u00f6 kommun har 1 ledamot och 1 ers\u00e4ttare. &nbsp; Krisdemokraterna har ingen ledamot\/ers\u00e4ttare i S\u00f6dert\u00f6rns brandf\u00f6rsvarsf\u00f6rbund.<\/p>\n","protected":false},"author":644,"featured_media":0,"parent":865,"menu_order":0,"comment_status":"closed","ping_status":"closed","template":"","meta":{"_acf_changed":false,"footnotes":""},"class_list":["post-883","page","type-page","status-publish","hentry"],"acf":[],"yoast_head":"<!-- This site is optimized with the Yoast SEO plugin v27.3 - https:\/\/yoast.com\/product\/yoast-seo-wordpress\/ -->\n<title>S\u00f6dert\u00f6rns brandf\u00f6rsvarsf\u00f6rbund - Kristdemokraterna Tyres\u00f6<\/title>\n<meta name=\"robots\" content=\"index, follow, max-snippet:-1, max-image-preview:large, max-video-preview:-1\" \/>\n<link rel=\"canonical\" href=\"https:\/\/wp.kristdemokraterna.se\/tyreso\/vara-uppdrag\/bolag-och-ovriga-organ\/sodertorns-brandforsvarsforbund\/\" \/>\n<meta property=\"og:locale\" content=\"sv_SE\" \/>\n<meta property=\"og:type\" content=\"article\" \/>\n<meta property=\"og:title\" content=\"S\u00f6dert\u00f6rns brandf\u00f6rsvarsf\u00f6rbund - Kristdemokraterna Tyres\u00f6\" \/>\n<meta property=\"og:description\" content=\"S\u00f6dert\u00f6rns brandf\u00f6rsvarsf\u00f6rbund \u00e4r ett kommunalf\u00f6rbund. F\u00f6rbundet bildades 1993 och best\u00e5r idag av tio medlemskommuner. Organisationen styrs av en f\u00f6rbundsdirektion med f\u00f6rtroendevalda politiker fr\u00e5n dessa kommuner. Tyres\u00f6 kommun har 1 ledamot och 1 ers\u00e4ttare. &nbsp; Krisdemokraterna har ingen ledamot\/ers\u00e4ttare i S\u00f6dert\u00f6rns brandf\u00f6rsvarsf\u00f6rbund.\" \/>\n<meta property=\"og:url\" content=\"https:\/\/wp.kristdemokraterna.se\/tyreso\/vara-uppdrag\/bolag-och-ovriga-organ\/sodertorns-brandforsvarsforbund\/\" \/>\n<meta property=\"og:site_name\" content=\"Kristdemokraterna Tyres\u00f6\" \/>\n<meta property=\"article:modified_time\" content=\"2019-04-13T15:28:48+00:00\" \/>\n<meta name=\"twitter:card\" content=\"summary_large_image\" \/>\n<script type=\"application\/ld+json\" class=\"yoast-schema-graph\">{\"@context\":\"https:\\\/\\\/schema.org\",\"@graph\":[{\"@type\":\"WebPage\",\"@id\":\"https:\\\/\\\/wp.kristdemokraterna.se\\\/tyreso\\\/vara-uppdrag\\\/bolag-och-ovriga-organ\\\/sodertorns-brandforsvarsforbund\\\/\",\"url\":\"https:\\\/\\\/wp.kristdemokraterna.se\\\/tyreso\\\/vara-uppdrag\\\/bolag-och-ovriga-organ\\\/sodertorns-brandforsvarsforbund\\\/\",\"name\":\"S\u00f6dert\u00f6rns brandf\u00f6rsvarsf\u00f6rbund - Kristdemokraterna Tyres\u00f6\",\"isPartOf\":{\"@id\":\"https:\\\/\\\/wp.kristdemokraterna.se\\\/tyreso\\\/#website\"},\"datePublished\":\"2019-04-13T15:12:08+00:00\",\"dateModified\":\"2019-04-13T15:28:48+00:00\",\"breadcrumb\":{\"@id\":\"https:\\\/\\\/wp.kristdemokraterna.se\\\/tyreso\\\/vara-uppdrag\\\/bolag-och-ovriga-organ\\\/sodertorns-brandforsvarsforbund\\\/#breadcrumb\"},\"inLanguage\":\"sv-SE\",\"potentialAction\":[{\"@type\":\"ReadAction\",\"target\":[\"https:\\\/\\\/wp.kristdemokraterna.se\\\/tyreso\\\/vara-uppdrag\\\/bolag-och-ovriga-organ\\\/sodertorns-brandforsvarsforbund\\\/\"]}]},{\"@type\":\"BreadcrumbList\",\"@id\":\"https:\\\/\\\/wp.kristdemokraterna.se\\\/tyreso\\\/vara-uppdrag\\\/bolag-och-ovriga-organ\\\/sodertorns-brandforsvarsforbund\\\/#breadcrumb\",\"itemListElement\":[{\"@type\":\"ListItem\",\"position\":1,\"name\":\"Hem\",\"item\":\"https:\\\/\\\/wp.kristdemokraterna.se\\\/tyreso\\\/\"},{\"@type\":\"ListItem\",\"position\":2,\"name\":\"V\u00e5ra uppdrag\",\"item\":\"https:\\\/\\\/wp.kristdemokraterna.se\\\/tyreso\\\/vara-uppdrag\\\/\"},{\"@type\":\"ListItem\",\"position\":3,\"name\":\"Bolag och \u00f6vriga organ\",\"item\":\"https:\\\/\\\/wp.kristdemokraterna.se\\\/tyreso\\\/vara-uppdrag\\\/bolag-och-ovriga-organ\\\/\"},{\"@type\":\"ListItem\",\"position\":4,\"name\":\"S\u00f6dert\u00f6rns brandf\u00f6rsvarsf\u00f6rbund\"}]},{\"@type\":\"WebSite\",\"@id\":\"https:\\\/\\\/wp.kristdemokraterna.se\\\/tyreso\\\/#website\",\"url\":\"https:\\\/\\\/wp.kristdemokraterna.se\\\/tyreso\\\/\",\"name\":\"Kristdemokraterna Tyres\u00f6\",\"description\":\"\",\"inLanguage\":\"sv-SE\"}]}<\/script>\n<!-- \/ Yoast SEO plugin. -->","yoast_head_json":{"title":"S\u00f6dert\u00f6rns brandf\u00f6rsvarsf\u00f6rbund - Kristdemokraterna Tyres\u00f6","robots":{"index":"index","follow":"follow","max-snippet":"max-snippet:-1","max-image-preview":"max-image-preview:large","max-video-preview":"max-video-preview:-1"},"canonical":"https:\/\/wp.kristdemokraterna.se\/tyreso\/vara-uppdrag\/bolag-och-ovriga-organ\/sodertorns-brandforsvarsforbund\/","og_locale":"sv_SE","og_type":"article","og_title":"S\u00f6dert\u00f6rns brandf\u00f6rsvarsf\u00f6rbund - Kristdemokraterna Tyres\u00f6","og_description":"S\u00f6dert\u00f6rns brandf\u00f6rsvarsf\u00f6rbund \u00e4r ett kommunalf\u00f6rbund. F\u00f6rbundet bildades 1993 och best\u00e5r idag av tio medlemskommuner. Organisationen styrs av en f\u00f6rbundsdirektion med f\u00f6rtroendevalda politiker fr\u00e5n dessa kommuner. Tyres\u00f6 kommun har 1 ledamot och 1 ers\u00e4ttare. &nbsp; Krisdemokraterna har ingen ledamot\/ers\u00e4ttare i S\u00f6dert\u00f6rns brandf\u00f6rsvarsf\u00f6rbund.","og_url":"https:\/\/wp.kristdemokraterna.se\/tyreso\/vara-uppdrag\/bolag-och-ovriga-organ\/sodertorns-brandforsvarsforbund\/","og_site_name":"Kristdemokraterna Tyres\u00f6","article_modified_time":"2019-04-13T15:28:48+00:00","twitter_card":"summary_large_image","schema":{"@context":"https:\/\/schema.org","@graph":[{"@type":"WebPage","@id":"https:\/\/wp.kristdemokraterna.se\/tyreso\/vara-uppdrag\/bolag-och-ovriga-organ\/sodertorns-brandforsvarsforbund\/","url":"https:\/\/wp.kristdemokraterna.se\/tyreso\/vara-uppdrag\/bolag-och-ovriga-organ\/sodertorns-brandforsvarsforbund\/","name":"S\u00f6dert\u00f6rns brandf\u00f6rsvarsf\u00f6rbund - Kristdemokraterna Tyres\u00f6","isPartOf":{"@id":"https:\/\/wp.kristdemokraterna.se\/tyreso\/#website"},"datePublished":"2019-04-13T15:12:08+00:00","dateModified":"2019-04-13T15:28:48+00:00","breadcrumb":{"@id":"https:\/\/wp.kristdemokraterna.se\/tyreso\/vara-uppdrag\/bolag-och-ovriga-organ\/sodertorns-brandforsvarsforbund\/#breadcrumb"},"inLanguage":"sv-SE","potentialAction":[{"@type":"ReadAction","target":["https:\/\/wp.kristdemokraterna.se\/tyreso\/vara-uppdrag\/bolag-och-ovriga-organ\/sodertorns-brandforsvarsforbund\/"]}]},{"@type":"BreadcrumbList","@id":"https:\/\/wp.kristdemokraterna.se\/tyreso\/vara-uppdrag\/bolag-och-ovriga-organ\/sodertorns-brandforsvarsforbund\/#breadcrumb","itemListElement":[{"@type":"ListItem","position":1,"name":"Hem","item":"https:\/\/wp.kristdemokraterna.se\/tyreso\/"},{"@type":"ListItem","position":2,"name":"V\u00e5ra uppdrag","item":"https:\/\/wp.kristdemokraterna.se\/tyreso\/vara-uppdrag\/"},{"@type":"ListItem","position":3,"name":"Bolag och \u00f6vriga organ","item":"https:\/\/wp.kristdemokraterna.se\/tyreso\/vara-uppdrag\/bolag-och-ovriga-organ\/"},{"@type":"ListItem","position":4,"name":"S\u00f6dert\u00f6rns brandf\u00f6rsvarsf\u00f6rbund"}]},{"@type":"WebSite","@id":"https:\/\/wp.kristdemokraterna.se\/tyreso\/#website","url":"https:\/\/wp.kristdemokraterna.se\/tyreso\/","name":"Kristdemokraterna Tyres\u00f6","description":"","inLanguage":"sv-SE"}]}},"_links":{"self":[{"href":"https:\/\/wp.kristdemokraterna.se\/tyreso\/wp-json\/wp\/v2\/pages\/883","targetHints":{"allow":["GET"]}}],"collection":[{"href":"https:\/\/wp.kristdemokraterna.se\/tyreso\/wp-json\/wp\/v2\/pages"}],"about":[{"href":"https:\/\/wp.kristdemokraterna.se\/tyreso\/wp-json\/wp\/v2\/types\/page"}],"author":[{"embeddable":true,"href":"https:\/\/wp.kristdemokraterna.se\/tyreso\/wp-json\/wp\/v2\/users\/644"}],"replies":[{"embeddable":true,"href":"https:\/\/wp.kristdemokraterna.se\/tyreso\/wp-json\/wp\/v2\/comments?post=883"}],"version-history":[{"count":3,"href":"https:\/\/wp.kristdemokraterna.se\/tyreso\/wp-json\/wp\/v2\/pages\/883\/revisions"}],"predecessor-version":[{"id":891,"href":"https:\/\/wp.kristdemokraterna.se\/tyreso\/wp-json\/wp\/v2\/pages\/883\/revisions\/891"}],"up":[{"embeddable":true,"href":"https:\/\/wp.kristdemokraterna.se\/tyreso\/wp-json\/wp\/v2\/pages\/865"}],"wp:attachment":[{"href":"https:\/\/wp.kristdemokraterna.se\/tyreso\/wp-json\/wp\/v2\/media?parent=883"}],"curies":[{"name":"wp","href":"https:\/\/api.w.org\/{rel}","templated":true}]}}