{"id":930,"date":"2019-04-13T20:32:03","date_gmt":"2019-04-13T18:32:03","guid":{"rendered":"http:\/\/wp.kristdemokraterna.se\/tyreso\/?page_id=930"},"modified":"2026-02-12T06:57:40","modified_gmt":"2026-02-12T05:57:40","slug":"varmtsamhalle","status":"publish","type":"page","link":"https:\/\/wp.kristdemokraterna.se\/tyreso\/varmtsamhalle\/","title":{"rendered":"Kristdemokraterna i Tyres\u00f6 \u2013 f\u00f6r ett friare och varmare samh\u00e4lle"},"content":{"rendered":"<p><strong>V\u00e5rt\u00a0m\u00e5l \u00e4r ett samh\u00e4lle d\u00e4r friheten att forma sitt eget liv g\u00e5r hand i hand med ansvaret f\u00f6r sin medm\u00e4nniska. Vi vill bygga ett samh\u00e4lle som h\u00e5ller samman. Ingen ska h\u00e5llas tillbaka och ingen ska l\u00e4mnas efter.<\/strong><\/p>\n<p><strong>En tillbakablick<\/strong><\/p>\n<p>\u00c5ren 1998-2018 styrde Alliansen Tyres\u00f6 kommun och i det styret ingick KD som en viktig del. 20 \u00e5r \u00e4r en l\u00e5ng politisk tid och m\u00e5nga var de beslut som fattades under denna tid. De allra flesta beslut var bra men som alltid i det politiska livet tvingas man ibland till kompromisser. Under alla dessa \u00e5r visade bokslutet p\u00e5 \u00f6verskott, ibland mycket och ibland lite mindre, med undantag f\u00f6r sista \u00e5ret, d.v.s. 2018, d\u00e5 resultatet blev -24 mkr. Det \u00e4r dock p\u00e5 sin plats att p\u00e5peka att av dessa 24 mkr var 14 mkr nedskrivning av det kommun\u00e4gda vindkraftverket, s\u00e5 driftsunderskottet var 10 mkr.<\/p>\n<p><strong>Nu ser vi fram\u00e5t<\/strong><\/p>\n<p>Sedan 2019 befinner sig KD Tyres\u00f6 i opposition efter det att Liberalerna i Tyres\u00f6 gjort upp med Socialdemokraterna och Milj\u00f6partiet om att styra kommunen med st\u00f6d av V\u00e4nsterpartiet. Deras f\u00f6rsta \u00e5tg\u00e4rd blev att h\u00f6ja skatten med hela 45 \u00f6re. Rimligen borde man f\u00f6rst ha pr\u00f6vat alla andra m\u00f6jliga \u00e5tg\u00e4rder. Vi misst\u00e4nker att m\u00e5nga som r\u00f6stade p\u00e5 Liberalerna k\u00e4nner sig lurade.<\/p>\n<p>Efter att deltagit i ledningen av kommunen i 20 \u00e5r tar lite tid att hitta r\u00e4tt i v\u00e5r nya roll, men\u00a0 Kristdemokraterna kommer att f\u00f6rs\u00f6ka f\u00f6ra en konstruktiv oppositionspolitik. Vi kommer inte klaga bara f\u00f6r att vi \u00e4r i opposition utan vi kommer bara s\u00e4ga ifr\u00e5n n\u00e4r vi tycker att besluten g\u00e5r i fel riktning. Vi vill kunna st\u00e5 f\u00f6r v\u00e5ra \u00e5sikter \u00e4ven den dag vi \u00e5ter \u00e4r med och styr kommunen.<\/p>\n","protected":false},"excerpt":{"rendered":"<p>V\u00e5rt\u00a0m\u00e5l \u00e4r ett samh\u00e4lle d\u00e4r friheten att forma sitt eget liv g\u00e5r hand i hand med ansvaret f\u00f6r sin medm\u00e4nniska. Vi vill bygga ett samh\u00e4lle som h\u00e5ller samman. Ingen ska h\u00e5llas tillbaka och ingen ska l\u00e4mnas efter. En tillbakablick \u00c5ren 1998-2018 styrde Alliansen Tyres\u00f6 kommun och i det styret ingick KD som en viktig del. <a class=\"read-more-link\" href=\"https:\/\/wp.kristdemokraterna.se\/tyreso\/varmtsamhalle\/\">Read More<\/a><\/p>\n","protected":false},"author":644,"featured_media":0,"parent":0,"menu_order":4,"comment_status":"closed","ping_status":"closed","template":"","meta":{"_acf_changed":false,"footnotes":""},"class_list":["post-930","page","type-page","status-publish","hentry"],"acf":[],"yoast_head":"<!-- This site is optimized with the Yoast SEO plugin v27.3 - https:\/\/yoast.com\/product\/yoast-seo-wordpress\/ -->\n<title>Kristdemokraterna i Tyres\u00f6 \u2013 f\u00f6r ett friare och varmare samh\u00e4lle - Kristdemokraterna Tyres\u00f6<\/title>\n<meta name=\"robots\" content=\"index, follow, max-snippet:-1, max-image-preview:large, max-video-preview:-1\" \/>\n<link rel=\"canonical\" href=\"https:\/\/wp.kristdemokraterna.se\/tyreso\/varmtsamhalle\/\" \/>\n<meta property=\"og:locale\" content=\"sv_SE\" \/>\n<meta property=\"og:type\" content=\"article\" \/>\n<meta property=\"og:title\" content=\"Kristdemokraterna i Tyres\u00f6 \u2013 f\u00f6r ett friare och varmare samh\u00e4lle - Kristdemokraterna Tyres\u00f6\" \/>\n<meta property=\"og:description\" content=\"V\u00e5rt\u00a0m\u00e5l \u00e4r ett samh\u00e4lle d\u00e4r friheten att forma sitt eget liv g\u00e5r hand i hand med ansvaret f\u00f6r sin medm\u00e4nniska. Vi vill bygga ett samh\u00e4lle som h\u00e5ller samman. Ingen ska h\u00e5llas tillbaka och ingen ska l\u00e4mnas efter. En tillbakablick \u00c5ren 1998-2018 styrde Alliansen Tyres\u00f6 kommun och i det styret ingick KD som en viktig del. Read More\" \/>\n<meta property=\"og:url\" content=\"https:\/\/wp.kristdemokraterna.se\/tyreso\/varmtsamhalle\/\" \/>\n<meta property=\"og:site_name\" content=\"Kristdemokraterna Tyres\u00f6\" \/>\n<meta property=\"article:modified_time\" content=\"2026-02-12T05:57:40+00:00\" \/>\n<meta name=\"twitter:card\" content=\"summary_large_image\" \/>\n<meta name=\"twitter:label1\" content=\"Ber\u00e4knad l\u00e4stid\" \/>\n\t<meta name=\"twitter:data1\" content=\"2 minuter\" \/>\n<script type=\"application\/ld+json\" class=\"yoast-schema-graph\">{\"@context\":\"https:\\\/\\\/schema.org\",\"@graph\":[{\"@type\":\"WebPage\",\"@id\":\"https:\\\/\\\/wp.kristdemokraterna.se\\\/tyreso\\\/varmtsamhalle\\\/\",\"url\":\"https:\\\/\\\/wp.kristdemokraterna.se\\\/tyreso\\\/varmtsamhalle\\\/\",\"name\":\"Kristdemokraterna i Tyres\u00f6 \u2013 f\u00f6r ett friare och varmare samh\u00e4lle - Kristdemokraterna Tyres\u00f6\",\"isPartOf\":{\"@id\":\"https:\\\/\\\/wp.kristdemokraterna.se\\\/tyreso\\\/#website\"},\"datePublished\":\"2019-04-13T18:32:03+00:00\",\"dateModified\":\"2026-02-12T05:57:40+00:00\",\"breadcrumb\":{\"@id\":\"https:\\\/\\\/wp.kristdemokraterna.se\\\/tyreso\\\/varmtsamhalle\\\/#breadcrumb\"},\"inLanguage\":\"sv-SE\",\"potentialAction\":[{\"@type\":\"ReadAction\",\"target\":[\"https:\\\/\\\/wp.kristdemokraterna.se\\\/tyreso\\\/varmtsamhalle\\\/\"]}]},{\"@type\":\"BreadcrumbList\",\"@id\":\"https:\\\/\\\/wp.kristdemokraterna.se\\\/tyreso\\\/varmtsamhalle\\\/#breadcrumb\",\"itemListElement\":[{\"@type\":\"ListItem\",\"position\":1,\"name\":\"Hem\",\"item\":\"https:\\\/\\\/wp.kristdemokraterna.se\\\/tyreso\\\/\"},{\"@type\":\"ListItem\",\"position\":2,\"name\":\"Kristdemokraterna i Tyres\u00f6 \u2013 f\u00f6r ett friare och varmare samh\u00e4lle\"}]},{\"@type\":\"WebSite\",\"@id\":\"https:\\\/\\\/wp.kristdemokraterna.se\\\/tyreso\\\/#website\",\"url\":\"https:\\\/\\\/wp.kristdemokraterna.se\\\/tyreso\\\/\",\"name\":\"Kristdemokraterna Tyres\u00f6\",\"description\":\"\",\"inLanguage\":\"sv-SE\"}]}<\/script>\n<!-- \/ Yoast SEO plugin. -->","yoast_head_json":{"title":"Kristdemokraterna i Tyres\u00f6 \u2013 f\u00f6r ett friare och varmare samh\u00e4lle - Kristdemokraterna Tyres\u00f6","robots":{"index":"index","follow":"follow","max-snippet":"max-snippet:-1","max-image-preview":"max-image-preview:large","max-video-preview":"max-video-preview:-1"},"canonical":"https:\/\/wp.kristdemokraterna.se\/tyreso\/varmtsamhalle\/","og_locale":"sv_SE","og_type":"article","og_title":"Kristdemokraterna i Tyres\u00f6 \u2013 f\u00f6r ett friare och varmare samh\u00e4lle - Kristdemokraterna Tyres\u00f6","og_description":"V\u00e5rt\u00a0m\u00e5l \u00e4r ett samh\u00e4lle d\u00e4r friheten att forma sitt eget liv g\u00e5r hand i hand med ansvaret f\u00f6r sin medm\u00e4nniska. Vi vill bygga ett samh\u00e4lle som h\u00e5ller samman. Ingen ska h\u00e5llas tillbaka och ingen ska l\u00e4mnas efter. En tillbakablick \u00c5ren 1998-2018 styrde Alliansen Tyres\u00f6 kommun och i det styret ingick KD som en viktig del. Read More","og_url":"https:\/\/wp.kristdemokraterna.se\/tyreso\/varmtsamhalle\/","og_site_name":"Kristdemokraterna Tyres\u00f6","article_modified_time":"2026-02-12T05:57:40+00:00","twitter_card":"summary_large_image","twitter_misc":{"Ber\u00e4knad l\u00e4stid":"2 minuter"},"schema":{"@context":"https:\/\/schema.org","@graph":[{"@type":"WebPage","@id":"https:\/\/wp.kristdemokraterna.se\/tyreso\/varmtsamhalle\/","url":"https:\/\/wp.kristdemokraterna.se\/tyreso\/varmtsamhalle\/","name":"Kristdemokraterna i Tyres\u00f6 \u2013 f\u00f6r ett friare och varmare samh\u00e4lle - Kristdemokraterna Tyres\u00f6","isPartOf":{"@id":"https:\/\/wp.kristdemokraterna.se\/tyreso\/#website"},"datePublished":"2019-04-13T18:32:03+00:00","dateModified":"2026-02-12T05:57:40+00:00","breadcrumb":{"@id":"https:\/\/wp.kristdemokraterna.se\/tyreso\/varmtsamhalle\/#breadcrumb"},"inLanguage":"sv-SE","potentialAction":[{"@type":"ReadAction","target":["https:\/\/wp.kristdemokraterna.se\/tyreso\/varmtsamhalle\/"]}]},{"@type":"BreadcrumbList","@id":"https:\/\/wp.kristdemokraterna.se\/tyreso\/varmtsamhalle\/#breadcrumb","itemListElement":[{"@type":"ListItem","position":1,"name":"Hem","item":"https:\/\/wp.kristdemokraterna.se\/tyreso\/"},{"@type":"ListItem","position":2,"name":"Kristdemokraterna i Tyres\u00f6 \u2013 f\u00f6r ett friare och varmare samh\u00e4lle"}]},{"@type":"WebSite","@id":"https:\/\/wp.kristdemokraterna.se\/tyreso\/#website","url":"https:\/\/wp.kristdemokraterna.se\/tyreso\/","name":"Kristdemokraterna Tyres\u00f6","description":"","inLanguage":"sv-SE"}]}},"_links":{"self":[{"href":"https:\/\/wp.kristdemokraterna.se\/tyreso\/wp-json\/wp\/v2\/pages\/930","targetHints":{"allow":["GET"]}}],"collection":[{"href":"https:\/\/wp.kristdemokraterna.se\/tyreso\/wp-json\/wp\/v2\/pages"}],"about":[{"href":"https:\/\/wp.kristdemokraterna.se\/tyreso\/wp-json\/wp\/v2\/types\/page"}],"author":[{"embeddable":true,"href":"https:\/\/wp.kristdemokraterna.se\/tyreso\/wp-json\/wp\/v2\/users\/644"}],"replies":[{"embeddable":true,"href":"https:\/\/wp.kristdemokraterna.se\/tyreso\/wp-json\/wp\/v2\/comments?post=930"}],"version-history":[{"count":1,"href":"https:\/\/wp.kristdemokraterna.se\/tyreso\/wp-json\/wp\/v2\/pages\/930\/revisions"}],"predecessor-version":[{"id":932,"href":"https:\/\/wp.kristdemokraterna.se\/tyreso\/wp-json\/wp\/v2\/pages\/930\/revisions\/932"}],"wp:attachment":[{"href":"https:\/\/wp.kristdemokraterna.se\/tyreso\/wp-json\/wp\/v2\/media?parent=930"}],"curies":[{"name":"wp","href":"https:\/\/api.w.org\/{rel}","templated":true}]}}