{"id":529,"date":"2014-01-31T15:03:40","date_gmt":"2014-01-31T14:03:40","guid":{"rendered":"http:\/\/wp.kristdemokraterna.se\/upplands-bro\/?page_id=14"},"modified":"2022-04-12T10:12:03","modified_gmt":"2022-04-12T08:12:03","slug":"politiker","status":"publish","type":"page","link":"https:\/\/wp.kristdemokraterna.se\/upplands-bro\/politiker\/","title":{"rendered":"Politiker"},"content":{"rendered":"<p style=\"text-align: left\"><strong>Kommunfullm\u00e4ktige 2018-2022<\/strong><\/p>\n<p style=\"text-align: right\"><strong>Janne Stefanson<\/strong><br \/>\n<a href=\"https:\/\/wp.kristdemokraterna.se\/upplands-bro\/files\/2022\/04\/js.jpg\"><img loading=\"lazy\" decoding=\"async\" class=\"wp-image-741 alignleft\" src=\"https:\/\/wp.kristdemokraterna.se\/upplands-bro\/files\/2022\/04\/js-249x300.jpg\" alt=\"\" width=\"138\" height=\"167\" srcset=\"https:\/\/wp.kristdemokraterna.se\/upplands-bro\/files\/2022\/04\/js-249x300.jpg 249w, https:\/\/wp.kristdemokraterna.se\/upplands-bro\/files\/2022\/04\/js-166x200.jpg 166w, https:\/\/wp.kristdemokraterna.se\/upplands-bro\/files\/2022\/04\/js-370x447.jpg 370w, https:\/\/wp.kristdemokraterna.se\/upplands-bro\/files\/2022\/04\/js-450x543.jpg 450w, https:\/\/wp.kristdemokraterna.se\/upplands-bro\/files\/2022\/04\/js-280x338.jpg 280w, https:\/\/wp.kristdemokraterna.se\/upplands-bro\/files\/2022\/04\/js-340x410.jpg 340w, https:\/\/wp.kristdemokraterna.se\/upplands-bro\/files\/2022\/04\/js-46x56.jpg 46w, https:\/\/wp.kristdemokraterna.se\/upplands-bro\/files\/2022\/04\/js.jpg 691w\" sizes=\"auto, (max-width: 138px) 100vw, 138px\" \/><\/a>Kommunalr\u00e5d och gruppledare<\/p>\n<p style=\"text-align: right\">ledamot i kommunfullm\u00e4ktige;<\/p>\n<p style=\"text-align: right\"><strong>ledamot i Kommunstyrelsen<\/strong>,<\/p>\n<p style=\"text-align: right\">ledamot i <strong>Kommunstyrelsens arbetsutskott<\/strong><\/p>\n<p style=\"text-align: right\">Ordf\u00f6rande i Samh\u00e4llsbyggnadsutskottet<\/p>\n<p style=\"text-align: right\">Ledamot i Trygghetsutskottet<\/p>\n<p>&nbsp;<\/p>\n<p>&nbsp;<\/p>\n<p style=\"text-align: right\"><strong>Jan-Erik Bj\u00f6rk<\/strong><\/p>\n<p style=\"text-align: right\"><strong>Kommunfullm\u00e4ktiges<\/strong> 1:e vice ordf\u00f6rande,<\/p>\n<p style=\"text-align: right\">ledamot i <strong>Kommunstyrelsen<\/strong><\/p>\n<p>vice ordf i <strong>Upplands-Bro kommunf\u00f6retag AB<\/strong><\/p>\n<p style=\"text-align: right\">ordf\u00f6rande i <strong>AB Upplands-Brohus<\/strong><\/p>\n<p style=\"text-align: right\">ledamot i<strong> Upplands-Bro Kommunfastigheter AB<\/strong><\/p>\n<p style=\"text-align: right\"><strong>ers\u00e4ttare i Bygg och Milj\u00f6n\u00e4mnden<\/strong><\/p>\n<p style=\"text-align: right\"><strong>ers\u00e4ttare i Trygghetsutskottet<\/strong><\/p>\n<p style=\"text-align: right\"><strong>Demokrati- och arvodesberedningen <\/strong>1:e v ordf<\/p>\n<p style=\"text-align: right\"><a href=\"https:\/\/wp.kristdemokraterna.se\/upplands-bro\/files\/2022\/04\/tina-1-2.jpg\"><img loading=\"lazy\" decoding=\"async\" class=\"wp-image-743 alignleft\" src=\"https:\/\/wp.kristdemokraterna.se\/upplands-bro\/files\/2022\/04\/tina-1-2-259x300.jpg\" alt=\"\" width=\"156\" height=\"181\" srcset=\"https:\/\/wp.kristdemokraterna.se\/upplands-bro\/files\/2022\/04\/tina-1-2-259x300.jpg 259w, https:\/\/wp.kristdemokraterna.se\/upplands-bro\/files\/2022\/04\/tina-1-2-173x200.jpg 173w, https:\/\/wp.kristdemokraterna.se\/upplands-bro\/files\/2022\/04\/tina-1-2-370x428.jpg 370w, https:\/\/wp.kristdemokraterna.se\/upplands-bro\/files\/2022\/04\/tina-1-2-450x520.jpg 450w, https:\/\/wp.kristdemokraterna.se\/upplands-bro\/files\/2022\/04\/tina-1-2-280x324.jpg 280w, https:\/\/wp.kristdemokraterna.se\/upplands-bro\/files\/2022\/04\/tina-1-2-340x393.jpg 340w, https:\/\/wp.kristdemokraterna.se\/upplands-bro\/files\/2022\/04\/tina-1-2-48x56.jpg 48w, https:\/\/wp.kristdemokraterna.se\/upplands-bro\/files\/2022\/04\/tina-1-2.jpg 460w\" sizes=\"auto, (max-width: 156px) 100vw, 156px\" \/><\/a><br \/>\n<strong>Tina Teljstedt<\/strong><br \/>\nledamot i kommunfullm\u00e4ktige;<\/p>\n<p style=\"text-align: right\">Ordf\u00f6rande i <strong>\u00c4ldreomsorgsn\u00e4mnden<\/strong><\/p>\n<p>&nbsp;<\/p>\n<p>&nbsp;<\/p>\n<p>&nbsp;<\/p>\n<p>&nbsp;<\/p>\n<p><strong><a href=\"http:\/\/wp.kristdemokraterna.se\/upplands-bro\/files\/2019\/11\/kel.jpg\"><img loading=\"lazy\" decoding=\"async\" class=\"wp-image-633 alignleft\" src=\"http:\/\/wp.kristdemokraterna.se\/upplands-bro\/files\/2019\/11\/kel-300x298.jpg\" alt=\"\" width=\"206\" height=\"205\" \/><\/a><\/strong><\/p>\n<p style=\"text-align: right\"><strong>Karl-Erik Lindholm<\/strong><\/p>\n<p style=\"text-align: right\">ers\u00e4ttare i Kommunfullm\u00e4ktige<\/p>\n<p style=\"text-align: right\">ers\u00e4ttare i Kommunstyrelsen<\/p>\n<p style=\"text-align: right\">1:e v ordf Tekniska n\u00e4mnden<\/p>\n<p style=\"text-align: right\">ers\u00e4ttare Samh\u00e4llsbyggnadsutskottet<\/p>\n<p style=\"text-align: right\">ordf\u00f6rande i Valn\u00e4mnden<\/p>\n<p><a href=\"http:\/\/wp.kristdemokraterna.se\/upplands-bro\/files\/2019\/11\/marlene-2.jpg\"><img loading=\"lazy\" decoding=\"async\" class=\"wp-image-634 alignleft\" src=\"http:\/\/wp.kristdemokraterna.se\/upplands-bro\/files\/2019\/11\/marlene-2-300x160.jpg\" alt=\"\" width=\"254\" height=\"140\" \/><\/a><\/p>\n<p style=\"text-align: right\"><strong>Marlene Juthstrand<\/strong><br \/>\ners\u00e4ttare i <strong>Kommunfullm\u00e4ktige<\/strong>,<\/p>\n<p style=\"text-align: right\">ers\u00e4ttare i <strong>Socialn\u00e4mnden<\/strong>,<\/p>\n<p style=\"text-align: right\">n\u00e4mndeman i<strong> Tingsr\u00e4tten<\/strong><\/p>\n<p><strong>Kommunstyrelsen<\/strong><\/p>\n<p>Janne Stefanson, ledamot i KS; ledamot i arbetsutskottet (KSAu)<\/p>\n<p>Jan-Erik Bj\u00f6rk, ledamot i KS<br \/>\nKarl-Erik Lindholm, ers\u00e4ttare i KS<\/p>\n<p><strong>Tekniska n\u00e4mnden<\/strong><br \/>\nKarl-Erik Lindholm, 1:e v ordf\/\u00a0 Daniel Lilja, ers\u00e4ttare<\/p>\n<p><strong>Socialn\u00e4mnden<br \/>\n<\/strong>Daniel Spagnolo, ledamot\/ Marlene Juthstrand, ers\u00e4ttare<\/p>\n<p><strong>\u00c4ldren\u00e4mnden<\/strong><br \/>\nTina Teljstedt, Ordf\u00f6rande\/ Marianne Manell, ers\u00e4ttare<\/p>\n<p><strong>Pension\u00e4rsr\u00e5d; Handikappr\u00e5d<\/strong><br \/>\nTina Teljstedt<\/p>\n<p><strong>Familjer\u00e4ttsn\u00e4mnden<\/strong><br \/>\nTina Teljstedt, vice ordf\u00f6rande<\/p>\n<p><strong>Utbildningsn\u00e4mnden<\/strong><br \/>\nIngvar Land\u00e4lv, ordinarie<br \/>\nDaniel Lilja, ers\u00e4ttare<\/p>\n<p><strong>Gymnasien\u00e4mnden<\/strong><br \/>\nAnna-Maj Lilly, ordinarie<br \/>\nYlva Henriksson, ers\u00e4ttare<\/p>\n<p><strong>Kultur &amp; Fritidsn\u00e4mnden<\/strong><br \/>\nLinus Stefanson, ordinarie<\/p>\n<p>Sara Andersson, ers\u00e4ttare<\/p>\n<p><strong>Bygg &amp; Milj\u00f6n\u00e4mnden<\/strong><br \/>\nJarl Teljstedt, ledamot<\/p>\n<p>Jan-Erik Bj\u00f6rk, ers\u00e4ttare<\/p>\n<p><strong>AB Upplands-Bro Kommunf\u00f6retag<\/strong><br \/>\nJan-Erik Bj\u00f6rk, vice ordf\u00f6rande<\/p>\n<p><strong>Upplands-Bro Hus AB<\/strong><br \/>\nJan-Erik Bj\u00f6rk, ordf\u00f6rande<\/p>\n<p>Karl-Erik Lindholm. ers\u00e4ttare<\/p>\n<p><strong>Upplands-Bro Kommunfastigheter AB<\/strong><br \/>\nJan-Erik Bj\u00f6rk, ledamot<\/p>\n<p><strong>N\u00e4mndeman i tingsr\u00e4tten<\/strong><br \/>\nMarlene Juthstrand<\/p>\n<p>Alwar Almkvist<\/p>\n<p><strong>Kommunrevisor:<\/strong><\/p>\n<p>Leif S\u00f6derlund<\/p>\n","protected":false},"excerpt":{"rendered":"<p>Kommunfullm\u00e4ktige 2018-2022 Janne Stefanson Kommunalr\u00e5d och gruppledare ledamot i kommunfullm\u00e4ktige; ledamot i Kommunstyrelsen, ledamot i Kommunstyrelsens arbetsutskott Ordf\u00f6rande i Samh\u00e4llsbyggnadsutskottet Ledamot i Trygghetsutskottet &nbsp; &nbsp; Jan-Erik Bj\u00f6rk Kommunfullm\u00e4ktiges 1:e vice ordf\u00f6rande, ledamot i Kommunstyrelsen vice ordf i Upplands-Bro kommunf\u00f6retag AB ordf\u00f6rande i AB Upplands-Brohus ledamot i Upplands-Bro Kommunfastigheter AB ers\u00e4ttare i Bygg och Milj\u00f6n\u00e4mnden ers\u00e4ttare <a class=\"read-more-link\" href=\"https:\/\/wp.kristdemokraterna.se\/upplands-bro\/politiker\/\">L\u00e4s mer<\/a><\/p>\n","protected":false},"author":444,"featured_media":714,"parent":0,"menu_order":0,"comment_status":"closed","ping_status":"closed","template":"","meta":{"_acf_changed":false,"footnotes":""},"class_list":["post-529","page","type-page","status-publish","hentry"],"acf":[],"yoast_head":"<!-- This site is optimized with the Yoast SEO plugin v27.3 - https:\/\/yoast.com\/product\/yoast-seo-wordpress\/ -->\n<title>Politiker - Kristdemokraterna | Upplands-Bro<\/title>\n<meta name=\"robots\" content=\"index, follow, max-snippet:-1, max-image-preview:large, max-video-preview:-1\" \/>\n<link rel=\"canonical\" href=\"https:\/\/wp.kristdemokraterna.se\/upplands-bro\/politiker\/\" \/>\n<meta property=\"og:locale\" content=\"sv_SE\" \/>\n<meta property=\"og:type\" content=\"article\" \/>\n<meta property=\"og:title\" content=\"Politiker - Kristdemokraterna | Upplands-Bro\" \/>\n<meta property=\"og:description\" content=\"Kommunfullm\u00e4ktige 2018-2022 Janne Stefanson Kommunalr\u00e5d och gruppledare ledamot i kommunfullm\u00e4ktige; ledamot i Kommunstyrelsen, ledamot i Kommunstyrelsens arbetsutskott Ordf\u00f6rande i Samh\u00e4llsbyggnadsutskottet Ledamot i Trygghetsutskottet &nbsp; &nbsp; Jan-Erik Bj\u00f6rk Kommunfullm\u00e4ktiges 1:e vice ordf\u00f6rande, ledamot i Kommunstyrelsen vice ordf i Upplands-Bro kommunf\u00f6retag AB ordf\u00f6rande i AB Upplands-Brohus ledamot i Upplands-Bro Kommunfastigheter AB ers\u00e4ttare i Bygg och Milj\u00f6n\u00e4mnden ers\u00e4ttare L\u00e4s mer\" \/>\n<meta property=\"og:url\" content=\"https:\/\/wp.kristdemokraterna.se\/upplands-bro\/politiker\/\" \/>\n<meta property=\"og:site_name\" content=\"Kristdemokraterna | Upplands-Bro\" \/>\n<meta property=\"article:modified_time\" content=\"2022-04-12T08:12:03+00:00\" \/>\n<meta property=\"og:image\" content=\"https:\/\/wp.kristdemokraterna.se\/upplands-bro\/files\/2022\/04\/js-249x300.jpg\" \/>\n<meta name=\"twitter:card\" content=\"summary_large_image\" \/>\n<meta name=\"twitter:label1\" content=\"Ber\u00e4knad l\u00e4stid\" \/>\n\t<meta name=\"twitter:data1\" content=\"2 minuter\" \/>\n<script type=\"application\/ld+json\" class=\"yoast-schema-graph\">{\"@context\":\"https:\\\/\\\/schema.org\",\"@graph\":[{\"@type\":\"WebPage\",\"@id\":\"https:\\\/\\\/wp.kristdemokraterna.se\\\/upplands-bro\\\/politiker\\\/\",\"url\":\"https:\\\/\\\/wp.kristdemokraterna.se\\\/upplands-bro\\\/politiker\\\/\",\"name\":\"Politiker - Kristdemokraterna | Upplands-Bro\",\"isPartOf\":{\"@id\":\"https:\\\/\\\/wp.kristdemokraterna.se\\\/upplands-bro\\\/#website\"},\"primaryImageOfPage\":{\"@id\":\"https:\\\/\\\/wp.kristdemokraterna.se\\\/upplands-bro\\\/politiker\\\/#primaryimage\"},\"image\":{\"@id\":\"https:\\\/\\\/wp.kristdemokraterna.se\\\/upplands-bro\\\/politiker\\\/#primaryimage\"},\"thumbnailUrl\":\"\",\"datePublished\":\"2014-01-31T14:03:40+00:00\",\"dateModified\":\"2022-04-12T08:12:03+00:00\",\"breadcrumb\":{\"@id\":\"https:\\\/\\\/wp.kristdemokraterna.se\\\/upplands-bro\\\/politiker\\\/#breadcrumb\"},\"inLanguage\":\"sv-SE\",\"potentialAction\":[{\"@type\":\"ReadAction\",\"target\":[\"https:\\\/\\\/wp.kristdemokraterna.se\\\/upplands-bro\\\/politiker\\\/\"]}]},{\"@type\":\"ImageObject\",\"inLanguage\":\"sv-SE\",\"@id\":\"https:\\\/\\\/wp.kristdemokraterna.se\\\/upplands-bro\\\/politiker\\\/#primaryimage\",\"url\":\"\",\"contentUrl\":\"\"},{\"@type\":\"BreadcrumbList\",\"@id\":\"https:\\\/\\\/wp.kristdemokraterna.se\\\/upplands-bro\\\/politiker\\\/#breadcrumb\",\"itemListElement\":[{\"@type\":\"ListItem\",\"position\":1,\"name\":\"Hem\",\"item\":\"https:\\\/\\\/wp.kristdemokraterna.se\\\/upplands-bro\\\/\"},{\"@type\":\"ListItem\",\"position\":2,\"name\":\"Politiker\"}]},{\"@type\":\"WebSite\",\"@id\":\"https:\\\/\\\/wp.kristdemokraterna.se\\\/upplands-bro\\\/#website\",\"url\":\"https:\\\/\\\/wp.kristdemokraterna.se\\\/upplands-bro\\\/\",\"name\":\"Kristdemokraterna | Upplands-Bro\",\"description\":\"En till Kristdemokraterna webbplats\",\"inLanguage\":\"sv-SE\"}]}<\/script>\n<!-- \/ Yoast SEO plugin. -->","yoast_head_json":{"title":"Politiker - Kristdemokraterna | Upplands-Bro","robots":{"index":"index","follow":"follow","max-snippet":"max-snippet:-1","max-image-preview":"max-image-preview:large","max-video-preview":"max-video-preview:-1"},"canonical":"https:\/\/wp.kristdemokraterna.se\/upplands-bro\/politiker\/","og_locale":"sv_SE","og_type":"article","og_title":"Politiker - Kristdemokraterna | Upplands-Bro","og_description":"Kommunfullm\u00e4ktige 2018-2022 Janne Stefanson Kommunalr\u00e5d och gruppledare ledamot i kommunfullm\u00e4ktige; ledamot i Kommunstyrelsen, ledamot i Kommunstyrelsens arbetsutskott Ordf\u00f6rande i Samh\u00e4llsbyggnadsutskottet Ledamot i Trygghetsutskottet &nbsp; &nbsp; Jan-Erik Bj\u00f6rk Kommunfullm\u00e4ktiges 1:e vice ordf\u00f6rande, ledamot i Kommunstyrelsen vice ordf i Upplands-Bro kommunf\u00f6retag AB ordf\u00f6rande i AB Upplands-Brohus ledamot i Upplands-Bro Kommunfastigheter AB ers\u00e4ttare i Bygg och Milj\u00f6n\u00e4mnden ers\u00e4ttare L\u00e4s mer","og_url":"https:\/\/wp.kristdemokraterna.se\/upplands-bro\/politiker\/","og_site_name":"Kristdemokraterna | Upplands-Bro","article_modified_time":"2022-04-12T08:12:03+00:00","og_image":[{"url":"https:\/\/wp.kristdemokraterna.se\/upplands-bro\/files\/2022\/04\/js-249x300.jpg","type":"","width":"","height":""}],"twitter_card":"summary_large_image","twitter_misc":{"Ber\u00e4knad l\u00e4stid":"2 minuter"},"schema":{"@context":"https:\/\/schema.org","@graph":[{"@type":"WebPage","@id":"https:\/\/wp.kristdemokraterna.se\/upplands-bro\/politiker\/","url":"https:\/\/wp.kristdemokraterna.se\/upplands-bro\/politiker\/","name":"Politiker - Kristdemokraterna | Upplands-Bro","isPartOf":{"@id":"https:\/\/wp.kristdemokraterna.se\/upplands-bro\/#website"},"primaryImageOfPage":{"@id":"https:\/\/wp.kristdemokraterna.se\/upplands-bro\/politiker\/#primaryimage"},"image":{"@id":"https:\/\/wp.kristdemokraterna.se\/upplands-bro\/politiker\/#primaryimage"},"thumbnailUrl":"","datePublished":"2014-01-31T14:03:40+00:00","dateModified":"2022-04-12T08:12:03+00:00","breadcrumb":{"@id":"https:\/\/wp.kristdemokraterna.se\/upplands-bro\/politiker\/#breadcrumb"},"inLanguage":"sv-SE","potentialAction":[{"@type":"ReadAction","target":["https:\/\/wp.kristdemokraterna.se\/upplands-bro\/politiker\/"]}]},{"@type":"ImageObject","inLanguage":"sv-SE","@id":"https:\/\/wp.kristdemokraterna.se\/upplands-bro\/politiker\/#primaryimage","url":"","contentUrl":""},{"@type":"BreadcrumbList","@id":"https:\/\/wp.kristdemokraterna.se\/upplands-bro\/politiker\/#breadcrumb","itemListElement":[{"@type":"ListItem","position":1,"name":"Hem","item":"https:\/\/wp.kristdemokraterna.se\/upplands-bro\/"},{"@type":"ListItem","position":2,"name":"Politiker"}]},{"@type":"WebSite","@id":"https:\/\/wp.kristdemokraterna.se\/upplands-bro\/#website","url":"https:\/\/wp.kristdemokraterna.se\/upplands-bro\/","name":"Kristdemokraterna | Upplands-Bro","description":"En till Kristdemokraterna webbplats","inLanguage":"sv-SE"}]}},"_links":{"self":[{"href":"https:\/\/wp.kristdemokraterna.se\/upplands-bro\/wp-json\/wp\/v2\/pages\/529","targetHints":{"allow":["GET"]}}],"collection":[{"href":"https:\/\/wp.kristdemokraterna.se\/upplands-bro\/wp-json\/wp\/v2\/pages"}],"about":[{"href":"https:\/\/wp.kristdemokraterna.se\/upplands-bro\/wp-json\/wp\/v2\/types\/page"}],"author":[{"embeddable":true,"href":"https:\/\/wp.kristdemokraterna.se\/upplands-bro\/wp-json\/wp\/v2\/users\/444"}],"replies":[{"embeddable":true,"href":"https:\/\/wp.kristdemokraterna.se\/upplands-bro\/wp-json\/wp\/v2\/comments?post=529"}],"version-history":[{"count":2,"href":"https:\/\/wp.kristdemokraterna.se\/upplands-bro\/wp-json\/wp\/v2\/pages\/529\/revisions"}],"predecessor-version":[{"id":744,"href":"https:\/\/wp.kristdemokraterna.se\/upplands-bro\/wp-json\/wp\/v2\/pages\/529\/revisions\/744"}],"wp:featuredmedia":[{"embeddable":true,"href":"https:\/\/wp.kristdemokraterna.se\/upplands-bro\/wp-json\/"}],"wp:attachment":[{"href":"https:\/\/wp.kristdemokraterna.se\/upplands-bro\/wp-json\/wp\/v2\/media?parent=529"}],"curies":[{"name":"wp","href":"https:\/\/api.w.org\/{rel}","templated":true}]}}