{"id":1066,"date":"2026-04-12T16:28:26","date_gmt":"2026-04-12T14:28:26","guid":{"rendered":"https:\/\/wp.kristdemokraterna.se\/upplandsvasby\/?page_id=1066"},"modified":"2026-04-15T14:15:31","modified_gmt":"2026-04-15T12:15:31","slug":"var-podd-med-hjarta-for-vasby","status":"publish","type":"page","link":"https:\/\/wp.kristdemokraterna.se\/upplandsvasby\/var-podd-med-hjarta-for-vasby\/","title":{"rendered":"V\u00e5r podd &#8221;Med hj\u00e4rta f\u00f6r V\u00e4sby&#8221;"},"content":{"rendered":"<p><a href=\"http:\/\/wp.kristdemokraterna.se\/upplandsvasby\/files\/2026\/04\/skarmbild-hjarta-for-vasby.png\"><img loading=\"lazy\" decoding=\"async\" class=\"alignnone size-medium wp-image-1068\" src=\"http:\/\/wp.kristdemokraterna.se\/upplandsvasby\/files\/2026\/04\/skarmbild-hjarta-for-vasby-300x297.png\" alt=\"\" width=\"300\" height=\"297\" srcset=\"https:\/\/wp.kristdemokraterna.se\/upplandsvasby\/files\/2026\/04\/skarmbild-hjarta-for-vasby-300x297.png 300w, https:\/\/wp.kristdemokraterna.se\/upplandsvasby\/files\/2026\/04\/skarmbild-hjarta-for-vasby-150x150.png 150w, https:\/\/wp.kristdemokraterna.se\/upplandsvasby\/files\/2026\/04\/skarmbild-hjarta-for-vasby-202x200.png 202w, https:\/\/wp.kristdemokraterna.se\/upplandsvasby\/files\/2026\/04\/skarmbild-hjarta-for-vasby-370x366.png 370w, https:\/\/wp.kristdemokraterna.se\/upplandsvasby\/files\/2026\/04\/skarmbild-hjarta-for-vasby-90x90.png 90w, https:\/\/wp.kristdemokraterna.se\/upplandsvasby\/files\/2026\/04\/skarmbild-hjarta-for-vasby-450x446.png 450w, https:\/\/wp.kristdemokraterna.se\/upplandsvasby\/files\/2026\/04\/skarmbild-hjarta-for-vasby-280x277.png 280w, https:\/\/wp.kristdemokraterna.se\/upplandsvasby\/files\/2026\/04\/skarmbild-hjarta-for-vasby-340x337.png 340w, https:\/\/wp.kristdemokraterna.se\/upplandsvasby\/files\/2026\/04\/skarmbild-hjarta-for-vasby-200x198.png 200w, https:\/\/wp.kristdemokraterna.se\/upplandsvasby\/files\/2026\/04\/skarmbild-hjarta-for-vasby-57x56.png 57w, https:\/\/wp.kristdemokraterna.se\/upplandsvasby\/files\/2026\/04\/skarmbild-hjarta-for-vasby.png 629w\" sizes=\"auto, (max-width: 300px) 100vw, 300px\" \/><\/a><\/p>\n<p>I v\u00e5r podd m\u00f6ter vi Maria F\u00e4lth och <span class=\"html-span xdj266r x14z9mp xat24cr x1lziwak xexx8yu xyri2b x18d9i69 x1c1uobl x1hl2dhg x16tdsg8 x1vvkbs\"><span class=\"xt0psk2\"><span class=\"xjp7ctv\">Kristina Klempt<\/span><\/span><\/span>, som lyfter viktiga fr\u00e5gor kring det som <span class=\"html-span xdj266r x14z9mp xat24cr x1lziwak xexx8yu xyri2b x18d9i69 x1c1uobl x1hl2dhg x16tdsg8 x1vvkbs\"><a class=\"x1i10hfl xjbqb8w x1ejq31n x18oe1m7 x1sy0etr xstzfhl x972fbf x10w94by x1qhh985 x14e42zd x9f619 x1ypdohk xt0psk2 x3ct3a4 xdj266r x14z9mp xat24cr x1lziwak xexx8yu xyri2b x18d9i69 x1c1uobl x16tdsg8 x1hl2dhg xggy1nq x1a2a7pz xkrqix3 x1sur9pj x1fey0fg x1s688f\" role=\"link\" href=\"https:\/\/www.facebook.com\/KdVasby?__cft__[0]=AZb49zFGdqGQeuqj9d8tDEpqV2Dp7DjEBVa-_RcA5h_RHMCaFd7HTkAw0UbMZNNrWs3XB4kdXvFfKMhCGxao91wvSAN2ocFQxTQhACF4c-D88nIjM_l44IlJwKnyX4vnipcnkSXs2ayqyBJvaXKxAGSeNw6ELP0AVEOCDVabHGXl2_z8yQZGkW7JJ7Mb-cp95IBb-GRKaLfLvk2LKem9el44&amp;__tn__=-]K-y-R\"><span class=\"xt0psk2\"><span class=\"xjp7ctv\">Kristdemokraterna V\u00e4sby<\/span><\/span><\/a><\/span> (KD) brinner f\u00f6r \u2013 och vilka hj\u00e4rtefr\u00e5gor som st\u00e5r i fokus i Upplands V\u00e4sby.<\/p>\n<div class=\"x14z9mp xat24cr x1lziwak x1vvkbs xtlvy1s x126k92a\">\n<div dir=\"auto\"><span class=\"html-span xexx8yu xyri2b x18d9i69 x1c1uobl x1hl2dhg x16tdsg8 x1vvkbs x3nfvp2 x1j61x8r x1fcty0u xdj266r xat24cr xm2jcoa x1mpyi22 xxymvpz xlup9mm x1kky2od\"><img loading=\"lazy\" decoding=\"async\" class=\"xz74otr x15mokao x1ga7v0g x16uus16 xbiv7yw\" src=\"https:\/\/static.xx.fbcdn.net\/images\/emoji.php\/v9\/t6e\/1\/16\/1f4ac.png\" alt=\"\ud83d\udcac\" width=\"16\" height=\"16\" \/><\/span> Vad \u00e4r viktigast f\u00f6r inv\u00e5narna lokalt?<\/div>\n<\/div>\n<div class=\"x14z9mp xat24cr x1lziwak x1vvkbs xtlvy1s x126k92a\">\n<div dir=\"auto\"><span class=\"html-span xexx8yu xyri2b x18d9i69 x1c1uobl x1hl2dhg x16tdsg8 x1vvkbs x3nfvp2 x1j61x8r x1fcty0u xdj266r xat24cr xm2jcoa x1mpyi22 xxymvpz xlup9mm x1kky2od\"><img loading=\"lazy\" decoding=\"async\" class=\"xz74otr x15mokao x1ga7v0g x16uus16 xbiv7yw\" src=\"https:\/\/static.xx.fbcdn.net\/images\/emoji.php\/v9\/t3c\/1\/16\/1f4a1.png\" alt=\"\ud83d\udca1\" width=\"16\" height=\"16\" \/><\/span> Vilka fr\u00e5gor driver KD \u2013 och varf\u00f6r?<\/div>\n<div dir=\"auto\"><span class=\"html-span xexx8yu xyri2b x18d9i69 x1c1uobl x1hl2dhg x16tdsg8 x1vvkbs x3nfvp2 x1j61x8r x1fcty0u xdj266r xat24cr xm2jcoa x1mpyi22 xxymvpz xlup9mm x1kky2od\"><img loading=\"lazy\" decoding=\"async\" class=\"xz74otr x15mokao x1ga7v0g x16uus16 xbiv7yw\" src=\"https:\/\/static.xx.fbcdn.net\/images\/emoji.php\/v9\/t77\/1\/16\/1f3e1.png\" alt=\"\ud83c\udfe1\" width=\"16\" height=\"16\" \/><\/span> Hur ser framtidsvisionerna ut f\u00f6r kommunen?<\/div>\n<\/div>\n<div class=\"x14z9mp xat24cr x1lziwak x1vvkbs xtlvy1s x126k92a\">\n<div dir=\"auto\">Ett samtal om engagemang, v\u00e4rderingar och lokal politik \u2013 direkt fr\u00e5n m\u00e4nniskorna bakom.<\/div>\n<\/div>\n<div class=\"x14z9mp xat24cr x1lziwak x1vvkbs xtlvy1s x126k92a\">\n<div dir=\"auto\"><span class=\"html-span xexx8yu xyri2b x18d9i69 x1c1uobl x1hl2dhg x16tdsg8 x1vvkbs x3nfvp2 x1j61x8r x1fcty0u xdj266r xat24cr xm2jcoa x1mpyi22 xxymvpz xlup9mm x1kky2od\"><img loading=\"lazy\" decoding=\"async\" class=\"xz74otr x15mokao x1ga7v0g x16uus16 xbiv7yw\" src=\"https:\/\/static.xx.fbcdn.net\/images\/emoji.php\/v9\/t1\/1\/16\/1f3a7.png\" alt=\"\ud83c\udfa7\" width=\"16\" height=\"16\" \/><\/span> Lyssna p\u00e5 avsnittet och ta del av diskussionen!<\/div>\n<\/div>\n<div class=\"x14z9mp xat24cr x1lziwak x1vvkbs xtlvy1s x126k92a\">\n<div dir=\"auto\"><span class=\"html-span xexx8yu xyri2b x18d9i69 x1c1uobl x1hl2dhg x16tdsg8 x1vvkbs x3nfvp2 x1j61x8r x1fcty0u xdj266r xat24cr xm2jcoa x1mpyi22 xxymvpz xlup9mm x1kky2od\"><img loading=\"lazy\" decoding=\"async\" class=\"xz74otr x15mokao x1ga7v0g x16uus16 xbiv7yw\" src=\"https:\/\/static.xx.fbcdn.net\/images\/emoji.php\/v9\/t51\/1\/16\/1f449.png\" alt=\"\ud83d\udc49\" width=\"16\" height=\"16\" \/><\/span> Vad tycker du \u00e4r viktigast i Upplands V\u00e4sby?<\/div>\n<\/div>\n<p><a href=\"https:\/\/www.facebook.com\/reel\/1158141773017149\">Podd 1<\/a> &#8211; Vilka \u00e4r vi? Hur har vi jobbat i opposition?<\/p>\n<p><a href=\"https:\/\/www.facebook.com\/reel\/4366619516912875\">Podd 2<\/a> &#8211; Senior- och \u00e4ldrefr\u00e5gor i V\u00e4sby.<\/p>\n<p><a href=\"https:\/\/www.facebook.com\/reel\/1308348717839088\">Podd 3<\/a> &#8211; KD Seniorers ordf\u00f6rande Bengt Hellstr\u00f6m \u00e4r g\u00e4st.<\/p>\n<p>Podd 4<\/p>\n<p>&nbsp;<\/p>\n<p>&nbsp;<\/p>\n","protected":false},"excerpt":{"rendered":"<p>I v\u00e5r podd m\u00f6ter vi Maria F\u00e4lth och Kristina Klempt, som lyfter viktiga fr\u00e5gor kring det som Kristdemokraterna V\u00e4sby (KD) brinner f\u00f6r \u2013 och vilka hj\u00e4rtefr\u00e5gor som st\u00e5r i fokus i Upplands V\u00e4sby. Vad \u00e4r viktigast f\u00f6r inv\u00e5narna lokalt? Vilka fr\u00e5gor driver KD \u2013 och varf\u00f6r? Hur ser framtidsvisionerna ut f\u00f6r kommunen? Ett samtal om <a class=\"read-more-link\" href=\"https:\/\/wp.kristdemokraterna.se\/upplandsvasby\/var-podd-med-hjarta-for-vasby\/\">L\u00e4s mer<\/a><\/p>\n","protected":false},"author":13,"featured_media":0,"parent":0,"menu_order":0,"comment_status":"closed","ping_status":"closed","template":"","meta":{"_acf_changed":false,"footnotes":""},"class_list":["post-1066","page","type-page","status-publish","hentry"],"acf":[],"yoast_head":"<!-- This site is optimized with the Yoast SEO plugin v27.4 - https:\/\/yoast.com\/product\/yoast-seo-wordpress\/ -->\n<title>V\u00e5r podd &quot;Med hj\u00e4rta f\u00f6r V\u00e4sby&quot; - Kristdemokraterna | Upplands V\u00e4sby<\/title>\n<meta name=\"robots\" content=\"index, follow, max-snippet:-1, max-image-preview:large, max-video-preview:-1\" \/>\n<link rel=\"canonical\" href=\"https:\/\/wp.kristdemokraterna.se\/upplandsvasby\/var-podd-med-hjarta-for-vasby\/\" \/>\n<meta property=\"og:locale\" content=\"sv_SE\" \/>\n<meta property=\"og:type\" content=\"article\" \/>\n<meta property=\"og:title\" content=\"V\u00e5r podd &quot;Med hj\u00e4rta f\u00f6r V\u00e4sby&quot; - Kristdemokraterna | Upplands V\u00e4sby\" \/>\n<meta property=\"og:description\" content=\"I v\u00e5r podd m\u00f6ter vi Maria F\u00e4lth och Kristina Klempt, som lyfter viktiga fr\u00e5gor kring det som Kristdemokraterna V\u00e4sby (KD) brinner f\u00f6r \u2013 och vilka hj\u00e4rtefr\u00e5gor som st\u00e5r i fokus i Upplands V\u00e4sby. Vad \u00e4r viktigast f\u00f6r inv\u00e5narna lokalt? Vilka fr\u00e5gor driver KD \u2013 och varf\u00f6r? Hur ser framtidsvisionerna ut f\u00f6r kommunen? Ett samtal om L\u00e4s mer\" \/>\n<meta property=\"og:url\" content=\"https:\/\/wp.kristdemokraterna.se\/upplandsvasby\/var-podd-med-hjarta-for-vasby\/\" \/>\n<meta property=\"og:site_name\" content=\"Kristdemokraterna | Upplands V\u00e4sby\" \/>\n<meta property=\"article:modified_time\" content=\"2026-04-15T12:15:31+00:00\" \/>\n<meta property=\"og:image\" content=\"https:\/\/wp.kristdemokraterna.se\/upplandsvasby\/files\/2026\/04\/skarmbild-hjarta-for-vasby.png\" \/>\n\t<meta property=\"og:image:width\" content=\"629\" \/>\n\t<meta property=\"og:image:height\" content=\"623\" \/>\n\t<meta property=\"og:image:type\" content=\"image\/png\" \/>\n<meta name=\"twitter:card\" content=\"summary_large_image\" \/>\n<meta name=\"twitter:label1\" content=\"Ber\u00e4knad l\u00e4stid\" \/>\n\t<meta name=\"twitter:data1\" content=\"2 minuter\" \/>\n<script type=\"application\/ld+json\" class=\"yoast-schema-graph\">{\"@context\":\"https:\\\/\\\/schema.org\",\"@graph\":[{\"@type\":\"WebPage\",\"@id\":\"https:\\\/\\\/wp.kristdemokraterna.se\\\/upplandsvasby\\\/var-podd-med-hjarta-for-vasby\\\/\",\"url\":\"https:\\\/\\\/wp.kristdemokraterna.se\\\/upplandsvasby\\\/var-podd-med-hjarta-for-vasby\\\/\",\"name\":\"V\u00e5r podd \\\"Med hj\u00e4rta f\u00f6r V\u00e4sby\\\" - Kristdemokraterna | Upplands V\u00e4sby\",\"isPartOf\":{\"@id\":\"https:\\\/\\\/wp.kristdemokraterna.se\\\/upplandsvasby\\\/#website\"},\"primaryImageOfPage\":{\"@id\":\"https:\\\/\\\/wp.kristdemokraterna.se\\\/upplandsvasby\\\/var-podd-med-hjarta-for-vasby\\\/#primaryimage\"},\"image\":{\"@id\":\"https:\\\/\\\/wp.kristdemokraterna.se\\\/upplandsvasby\\\/var-podd-med-hjarta-for-vasby\\\/#primaryimage\"},\"thumbnailUrl\":\"http:\\\/\\\/wp.kristdemokraterna.se\\\/upplandsvasby\\\/files\\\/2026\\\/04\\\/skarmbild-hjarta-for-vasby-300x297.png\",\"datePublished\":\"2026-04-12T14:28:26+00:00\",\"dateModified\":\"2026-04-15T12:15:31+00:00\",\"breadcrumb\":{\"@id\":\"https:\\\/\\\/wp.kristdemokraterna.se\\\/upplandsvasby\\\/var-podd-med-hjarta-for-vasby\\\/#breadcrumb\"},\"inLanguage\":\"sv-SE\",\"potentialAction\":[{\"@type\":\"ReadAction\",\"target\":[\"https:\\\/\\\/wp.kristdemokraterna.se\\\/upplandsvasby\\\/var-podd-med-hjarta-for-vasby\\\/\"]}]},{\"@type\":\"ImageObject\",\"inLanguage\":\"sv-SE\",\"@id\":\"https:\\\/\\\/wp.kristdemokraterna.se\\\/upplandsvasby\\\/var-podd-med-hjarta-for-vasby\\\/#primaryimage\",\"url\":\"https:\\\/\\\/wp.kristdemokraterna.se\\\/upplandsvasby\\\/files\\\/2026\\\/04\\\/skarmbild-hjarta-for-vasby.png\",\"contentUrl\":\"https:\\\/\\\/wp.kristdemokraterna.se\\\/upplandsvasby\\\/files\\\/2026\\\/04\\\/skarmbild-hjarta-for-vasby.png\",\"width\":629,\"height\":623},{\"@type\":\"BreadcrumbList\",\"@id\":\"https:\\\/\\\/wp.kristdemokraterna.se\\\/upplandsvasby\\\/var-podd-med-hjarta-for-vasby\\\/#breadcrumb\",\"itemListElement\":[{\"@type\":\"ListItem\",\"position\":1,\"name\":\"Hem\",\"item\":\"https:\\\/\\\/wp.kristdemokraterna.se\\\/upplandsvasby\\\/\"},{\"@type\":\"ListItem\",\"position\":2,\"name\":\"V\u00e5r podd &#8221;Med hj\u00e4rta f\u00f6r V\u00e4sby&#8221;\"}]},{\"@type\":\"WebSite\",\"@id\":\"https:\\\/\\\/wp.kristdemokraterna.se\\\/upplandsvasby\\\/#website\",\"url\":\"https:\\\/\\\/wp.kristdemokraterna.se\\\/upplandsvasby\\\/\",\"name\":\"Kristdemokraterna | Upplands V\u00e4sby\",\"description\":\"\u00c4nnu en webbplats hos Kristdemokraterna\",\"inLanguage\":\"sv-SE\"}]}<\/script>\n<!-- \/ Yoast SEO plugin. -->","yoast_head_json":{"title":"V\u00e5r podd \"Med hj\u00e4rta f\u00f6r V\u00e4sby\" - Kristdemokraterna | Upplands V\u00e4sby","robots":{"index":"index","follow":"follow","max-snippet":"max-snippet:-1","max-image-preview":"max-image-preview:large","max-video-preview":"max-video-preview:-1"},"canonical":"https:\/\/wp.kristdemokraterna.se\/upplandsvasby\/var-podd-med-hjarta-for-vasby\/","og_locale":"sv_SE","og_type":"article","og_title":"V\u00e5r podd \"Med hj\u00e4rta f\u00f6r V\u00e4sby\" - Kristdemokraterna | Upplands V\u00e4sby","og_description":"I v\u00e5r podd m\u00f6ter vi Maria F\u00e4lth och Kristina Klempt, som lyfter viktiga fr\u00e5gor kring det som Kristdemokraterna V\u00e4sby (KD) brinner f\u00f6r \u2013 och vilka hj\u00e4rtefr\u00e5gor som st\u00e5r i fokus i Upplands V\u00e4sby. Vad \u00e4r viktigast f\u00f6r inv\u00e5narna lokalt? Vilka fr\u00e5gor driver KD \u2013 och varf\u00f6r? Hur ser framtidsvisionerna ut f\u00f6r kommunen? Ett samtal om L\u00e4s mer","og_url":"https:\/\/wp.kristdemokraterna.se\/upplandsvasby\/var-podd-med-hjarta-for-vasby\/","og_site_name":"Kristdemokraterna | Upplands V\u00e4sby","article_modified_time":"2026-04-15T12:15:31+00:00","og_image":[{"width":629,"height":623,"url":"https:\/\/wp.kristdemokraterna.se\/upplandsvasby\/files\/2026\/04\/skarmbild-hjarta-for-vasby.png","type":"image\/png"}],"twitter_card":"summary_large_image","twitter_misc":{"Ber\u00e4knad l\u00e4stid":"2 minuter"},"schema":{"@context":"https:\/\/schema.org","@graph":[{"@type":"WebPage","@id":"https:\/\/wp.kristdemokraterna.se\/upplandsvasby\/var-podd-med-hjarta-for-vasby\/","url":"https:\/\/wp.kristdemokraterna.se\/upplandsvasby\/var-podd-med-hjarta-for-vasby\/","name":"V\u00e5r podd \"Med hj\u00e4rta f\u00f6r V\u00e4sby\" - Kristdemokraterna | Upplands V\u00e4sby","isPartOf":{"@id":"https:\/\/wp.kristdemokraterna.se\/upplandsvasby\/#website"},"primaryImageOfPage":{"@id":"https:\/\/wp.kristdemokraterna.se\/upplandsvasby\/var-podd-med-hjarta-for-vasby\/#primaryimage"},"image":{"@id":"https:\/\/wp.kristdemokraterna.se\/upplandsvasby\/var-podd-med-hjarta-for-vasby\/#primaryimage"},"thumbnailUrl":"http:\/\/wp.kristdemokraterna.se\/upplandsvasby\/files\/2026\/04\/skarmbild-hjarta-for-vasby-300x297.png","datePublished":"2026-04-12T14:28:26+00:00","dateModified":"2026-04-15T12:15:31+00:00","breadcrumb":{"@id":"https:\/\/wp.kristdemokraterna.se\/upplandsvasby\/var-podd-med-hjarta-for-vasby\/#breadcrumb"},"inLanguage":"sv-SE","potentialAction":[{"@type":"ReadAction","target":["https:\/\/wp.kristdemokraterna.se\/upplandsvasby\/var-podd-med-hjarta-for-vasby\/"]}]},{"@type":"ImageObject","inLanguage":"sv-SE","@id":"https:\/\/wp.kristdemokraterna.se\/upplandsvasby\/var-podd-med-hjarta-for-vasby\/#primaryimage","url":"https:\/\/wp.kristdemokraterna.se\/upplandsvasby\/files\/2026\/04\/skarmbild-hjarta-for-vasby.png","contentUrl":"https:\/\/wp.kristdemokraterna.se\/upplandsvasby\/files\/2026\/04\/skarmbild-hjarta-for-vasby.png","width":629,"height":623},{"@type":"BreadcrumbList","@id":"https:\/\/wp.kristdemokraterna.se\/upplandsvasby\/var-podd-med-hjarta-for-vasby\/#breadcrumb","itemListElement":[{"@type":"ListItem","position":1,"name":"Hem","item":"https:\/\/wp.kristdemokraterna.se\/upplandsvasby\/"},{"@type":"ListItem","position":2,"name":"V\u00e5r podd &#8221;Med hj\u00e4rta f\u00f6r V\u00e4sby&#8221;"}]},{"@type":"WebSite","@id":"https:\/\/wp.kristdemokraterna.se\/upplandsvasby\/#website","url":"https:\/\/wp.kristdemokraterna.se\/upplandsvasby\/","name":"Kristdemokraterna | Upplands V\u00e4sby","description":"\u00c4nnu en webbplats hos Kristdemokraterna","inLanguage":"sv-SE"}]}},"_links":{"self":[{"href":"https:\/\/wp.kristdemokraterna.se\/upplandsvasby\/wp-json\/wp\/v2\/pages\/1066","targetHints":{"allow":["GET"]}}],"collection":[{"href":"https:\/\/wp.kristdemokraterna.se\/upplandsvasby\/wp-json\/wp\/v2\/pages"}],"about":[{"href":"https:\/\/wp.kristdemokraterna.se\/upplandsvasby\/wp-json\/wp\/v2\/types\/page"}],"author":[{"embeddable":true,"href":"https:\/\/wp.kristdemokraterna.se\/upplandsvasby\/wp-json\/wp\/v2\/users\/13"}],"replies":[{"embeddable":true,"href":"https:\/\/wp.kristdemokraterna.se\/upplandsvasby\/wp-json\/wp\/v2\/comments?post=1066"}],"version-history":[{"count":7,"href":"https:\/\/wp.kristdemokraterna.se\/upplandsvasby\/wp-json\/wp\/v2\/pages\/1066\/revisions"}],"predecessor-version":[{"id":1078,"href":"https:\/\/wp.kristdemokraterna.se\/upplandsvasby\/wp-json\/wp\/v2\/pages\/1066\/revisions\/1078"}],"wp:attachment":[{"href":"https:\/\/wp.kristdemokraterna.se\/upplandsvasby\/wp-json\/wp\/v2\/media?parent=1066"}],"curies":[{"name":"wp","href":"https:\/\/api.w.org\/{rel}","templated":true}]}}