{"id":269,"date":"2017-11-29T16:48:28","date_gmt":"2017-11-29T15:48:28","guid":{"rendered":"http:\/\/wp.kristdemokraterna.se\/upplandsvasby\/?page_id=269"},"modified":"2025-01-29T15:37:11","modified_gmt":"2025-01-29T14:37:11","slug":"textsida-med-vanster-sidebar","status":"publish","type":"page","link":"https:\/\/wp.kristdemokraterna.se\/upplandsvasby\/textsida-med-vanster-sidebar\/","title":{"rendered":"V\u00e5r partiavdelning"},"content":{"rendered":"<div class=\"kvgmc6g5 cxmmr5t8 oygrvhab hcukyx3x c1et5uql\">\n<p><a href=\"http:\/\/wp.kristdemokraterna.se\/upplandsvasby\/files\/2021\/04\/social-passion.png\"><img loading=\"lazy\" decoding=\"async\" class=\"alignnone size-medium wp-image-734\" src=\"http:\/\/wp.kristdemokraterna.se\/upplandsvasby\/files\/2021\/04\/social-passion-300x251.png\" alt=\"Social passion\" width=\"300\" height=\"251\" srcset=\"https:\/\/wp.kristdemokraterna.se\/upplandsvasby\/files\/2021\/04\/social-passion-300x251.png 300w, https:\/\/wp.kristdemokraterna.se\/upplandsvasby\/files\/2021\/04\/social-passion-768x644.png 768w, https:\/\/wp.kristdemokraterna.se\/upplandsvasby\/files\/2021\/04\/social-passion-239x200.png 239w, https:\/\/wp.kristdemokraterna.se\/upplandsvasby\/files\/2021\/04\/social-passion-500x420.png 500w, https:\/\/wp.kristdemokraterna.se\/upplandsvasby\/files\/2021\/04\/social-passion-370x310.png 370w, https:\/\/wp.kristdemokraterna.se\/upplandsvasby\/files\/2021\/04\/social-passion-770x645.png 770w, https:\/\/wp.kristdemokraterna.se\/upplandsvasby\/files\/2021\/04\/social-passion-450x377.png 450w, https:\/\/wp.kristdemokraterna.se\/upplandsvasby\/files\/2021\/04\/social-passion-280x235.png 280w, https:\/\/wp.kristdemokraterna.se\/upplandsvasby\/files\/2021\/04\/social-passion-340x285.png 340w, https:\/\/wp.kristdemokraterna.se\/upplandsvasby\/files\/2021\/04\/social-passion-200x168.png 200w, https:\/\/wp.kristdemokraterna.se\/upplandsvasby\/files\/2021\/04\/social-passion-67x56.png 67w, https:\/\/wp.kristdemokraterna.se\/upplandsvasby\/files\/2021\/04\/social-passion.png 940w\" sizes=\"auto, (max-width: 300px) 100vw, 300px\" \/><\/a><\/p>\n<div dir=\"auto\"><\/div>\n<div dir=\"auto\"><\/div>\n<div dir=\"auto\"><\/div>\n<div dir=\"auto\">Vi \u00e4r KD i V\u00e4sby. <strong>Alliansens sociala r\u00f6st<\/strong> i V\u00e4sby. V\u00e5r passion f\u00f6r sociala fr\u00e5gor har alltid varit v\u00e5r drivkraft. Med v\u00e5ra ca 120 medlemmar \u00e4r vi en organisation som n\u00e5r ut till m\u00e5nga v\u00e4sbybor.<\/div>\n<div dir=\"auto\"><\/div>\n<\/div>\n<div class=\"o9v6fnle cxmmr5t8 oygrvhab hcukyx3x c1et5uql\">\n<div dir=\"auto\"><\/div>\n<div dir=\"auto\"><strong>Kort fakta:<\/strong><\/div>\n<div dir=\"auto\">&#8211;\u00a0 V\u00e5r gruppledare Maria F\u00e4lth \u00e4r gruppledare och 2:e vice ordf\u00f6rande i Omsorgsn\u00e4mnden, ordinarie i kommunstyrelsen samt kommunfullm\u00e4ktige.<\/div>\n<\/div>\n<div class=\"o9v6fnle cxmmr5t8 oygrvhab hcukyx3x c1et5uql\">\n<div dir=\"auto\">&#8211; Vi har KD-representanter i kommunens alla politiska n\u00e4mnder och styrelser.<\/div>\n<\/div>\n<p>&nbsp;<\/p>\n<p>&nbsp;<\/p>\n<p>&nbsp;<\/p>\n","protected":false},"excerpt":{"rendered":"<p>Vi \u00e4r KD i V\u00e4sby. Alliansens sociala r\u00f6st i V\u00e4sby. V\u00e5r passion f\u00f6r sociala fr\u00e5gor har alltid varit v\u00e5r drivkraft. Med v\u00e5ra ca 120 medlemmar \u00e4r vi en organisation som n\u00e5r ut till m\u00e5nga v\u00e4sbybor. Kort fakta: &#8211;\u00a0 V\u00e5r gruppledare Maria F\u00e4lth \u00e4r gruppledare och 2:e vice ordf\u00f6rande i Omsorgsn\u00e4mnden, ordinarie i kommunstyrelsen samt kommunfullm\u00e4ktige. <a class=\"read-more-link\" href=\"https:\/\/wp.kristdemokraterna.se\/upplandsvasby\/textsida-med-vanster-sidebar\/\">L\u00e4s mer<\/a><\/p>\n","protected":false},"author":13,"featured_media":0,"parent":0,"menu_order":0,"comment_status":"closed","ping_status":"closed","template":"page.php","meta":{"_acf_changed":false,"footnotes":""},"class_list":["post-269","page","type-page","status-publish","hentry"],"acf":[],"yoast_head":"<!-- This site is optimized with the Yoast SEO plugin v27.4 - https:\/\/yoast.com\/product\/yoast-seo-wordpress\/ -->\n<title>V\u00e5r partiavdelning - Kristdemokraterna | Upplands V\u00e4sby<\/title>\n<meta name=\"robots\" content=\"index, follow, max-snippet:-1, max-image-preview:large, max-video-preview:-1\" \/>\n<link rel=\"canonical\" href=\"https:\/\/wp.kristdemokraterna.se\/upplandsvasby\/textsida-med-vanster-sidebar\/\" \/>\n<meta property=\"og:locale\" content=\"sv_SE\" \/>\n<meta property=\"og:type\" content=\"article\" \/>\n<meta property=\"og:title\" content=\"V\u00e5r partiavdelning - Kristdemokraterna | Upplands V\u00e4sby\" \/>\n<meta property=\"og:description\" content=\"Vi \u00e4r KD i V\u00e4sby. Alliansens sociala r\u00f6st i V\u00e4sby. V\u00e5r passion f\u00f6r sociala fr\u00e5gor har alltid varit v\u00e5r drivkraft. Med v\u00e5ra ca 120 medlemmar \u00e4r vi en organisation som n\u00e5r ut till m\u00e5nga v\u00e4sbybor. Kort fakta: &#8211;\u00a0 V\u00e5r gruppledare Maria F\u00e4lth \u00e4r gruppledare och 2:e vice ordf\u00f6rande i Omsorgsn\u00e4mnden, ordinarie i kommunstyrelsen samt kommunfullm\u00e4ktige. L\u00e4s mer\" \/>\n<meta property=\"og:url\" content=\"https:\/\/wp.kristdemokraterna.se\/upplandsvasby\/textsida-med-vanster-sidebar\/\" \/>\n<meta property=\"og:site_name\" content=\"Kristdemokraterna | Upplands V\u00e4sby\" \/>\n<meta property=\"article:modified_time\" content=\"2025-01-29T14:37:11+00:00\" \/>\n<meta property=\"og:image\" content=\"https:\/\/wp.kristdemokraterna.se\/upplandsvasby\/files\/2021\/04\/social-passion.png\" \/>\n\t<meta property=\"og:image:width\" content=\"940\" \/>\n\t<meta property=\"og:image:height\" content=\"788\" \/>\n\t<meta property=\"og:image:type\" content=\"image\/png\" \/>\n<meta name=\"twitter:card\" content=\"summary_large_image\" \/>\n<meta name=\"twitter:label1\" content=\"Ber\u00e4knad l\u00e4stid\" \/>\n\t<meta name=\"twitter:data1\" content=\"1 minut\" \/>\n<script type=\"application\/ld+json\" class=\"yoast-schema-graph\">{\"@context\":\"https:\\\/\\\/schema.org\",\"@graph\":[{\"@type\":\"WebPage\",\"@id\":\"https:\\\/\\\/wp.kristdemokraterna.se\\\/upplandsvasby\\\/textsida-med-vanster-sidebar\\\/\",\"url\":\"https:\\\/\\\/wp.kristdemokraterna.se\\\/upplandsvasby\\\/textsida-med-vanster-sidebar\\\/\",\"name\":\"V\u00e5r partiavdelning - Kristdemokraterna | Upplands V\u00e4sby\",\"isPartOf\":{\"@id\":\"https:\\\/\\\/wp.kristdemokraterna.se\\\/upplandsvasby\\\/#website\"},\"primaryImageOfPage\":{\"@id\":\"https:\\\/\\\/wp.kristdemokraterna.se\\\/upplandsvasby\\\/textsida-med-vanster-sidebar\\\/#primaryimage\"},\"image\":{\"@id\":\"https:\\\/\\\/wp.kristdemokraterna.se\\\/upplandsvasby\\\/textsida-med-vanster-sidebar\\\/#primaryimage\"},\"thumbnailUrl\":\"http:\\\/\\\/wp.kristdemokraterna.se\\\/upplandsvasby\\\/files\\\/2021\\\/04\\\/social-passion-300x251.png\",\"datePublished\":\"2017-11-29T15:48:28+00:00\",\"dateModified\":\"2025-01-29T14:37:11+00:00\",\"breadcrumb\":{\"@id\":\"https:\\\/\\\/wp.kristdemokraterna.se\\\/upplandsvasby\\\/textsida-med-vanster-sidebar\\\/#breadcrumb\"},\"inLanguage\":\"sv-SE\",\"potentialAction\":[{\"@type\":\"ReadAction\",\"target\":[\"https:\\\/\\\/wp.kristdemokraterna.se\\\/upplandsvasby\\\/textsida-med-vanster-sidebar\\\/\"]}]},{\"@type\":\"ImageObject\",\"inLanguage\":\"sv-SE\",\"@id\":\"https:\\\/\\\/wp.kristdemokraterna.se\\\/upplandsvasby\\\/textsida-med-vanster-sidebar\\\/#primaryimage\",\"url\":\"http:\\\/\\\/wp.kristdemokraterna.se\\\/upplandsvasby\\\/files\\\/2021\\\/04\\\/social-passion-300x251.png\",\"contentUrl\":\"http:\\\/\\\/wp.kristdemokraterna.se\\\/upplandsvasby\\\/files\\\/2021\\\/04\\\/social-passion-300x251.png\"},{\"@type\":\"BreadcrumbList\",\"@id\":\"https:\\\/\\\/wp.kristdemokraterna.se\\\/upplandsvasby\\\/textsida-med-vanster-sidebar\\\/#breadcrumb\",\"itemListElement\":[{\"@type\":\"ListItem\",\"position\":1,\"name\":\"Hem\",\"item\":\"https:\\\/\\\/wp.kristdemokraterna.se\\\/upplandsvasby\\\/\"},{\"@type\":\"ListItem\",\"position\":2,\"name\":\"V\u00e5r partiavdelning\"}]},{\"@type\":\"WebSite\",\"@id\":\"https:\\\/\\\/wp.kristdemokraterna.se\\\/upplandsvasby\\\/#website\",\"url\":\"https:\\\/\\\/wp.kristdemokraterna.se\\\/upplandsvasby\\\/\",\"name\":\"Kristdemokraterna | Upplands V\u00e4sby\",\"description\":\"\u00c4nnu en webbplats hos Kristdemokraterna\",\"inLanguage\":\"sv-SE\"}]}<\/script>\n<!-- \/ Yoast SEO plugin. -->","yoast_head_json":{"title":"V\u00e5r partiavdelning - Kristdemokraterna | Upplands V\u00e4sby","robots":{"index":"index","follow":"follow","max-snippet":"max-snippet:-1","max-image-preview":"max-image-preview:large","max-video-preview":"max-video-preview:-1"},"canonical":"https:\/\/wp.kristdemokraterna.se\/upplandsvasby\/textsida-med-vanster-sidebar\/","og_locale":"sv_SE","og_type":"article","og_title":"V\u00e5r partiavdelning - Kristdemokraterna | Upplands V\u00e4sby","og_description":"Vi \u00e4r KD i V\u00e4sby. Alliansens sociala r\u00f6st i V\u00e4sby. V\u00e5r passion f\u00f6r sociala fr\u00e5gor har alltid varit v\u00e5r drivkraft. Med v\u00e5ra ca 120 medlemmar \u00e4r vi en organisation som n\u00e5r ut till m\u00e5nga v\u00e4sbybor. Kort fakta: &#8211;\u00a0 V\u00e5r gruppledare Maria F\u00e4lth \u00e4r gruppledare och 2:e vice ordf\u00f6rande i Omsorgsn\u00e4mnden, ordinarie i kommunstyrelsen samt kommunfullm\u00e4ktige. L\u00e4s mer","og_url":"https:\/\/wp.kristdemokraterna.se\/upplandsvasby\/textsida-med-vanster-sidebar\/","og_site_name":"Kristdemokraterna | Upplands V\u00e4sby","article_modified_time":"2025-01-29T14:37:11+00:00","og_image":[{"width":940,"height":788,"url":"https:\/\/wp.kristdemokraterna.se\/upplandsvasby\/files\/2021\/04\/social-passion.png","type":"image\/png"}],"twitter_card":"summary_large_image","twitter_misc":{"Ber\u00e4knad l\u00e4stid":"1 minut"},"schema":{"@context":"https:\/\/schema.org","@graph":[{"@type":"WebPage","@id":"https:\/\/wp.kristdemokraterna.se\/upplandsvasby\/textsida-med-vanster-sidebar\/","url":"https:\/\/wp.kristdemokraterna.se\/upplandsvasby\/textsida-med-vanster-sidebar\/","name":"V\u00e5r partiavdelning - Kristdemokraterna | Upplands V\u00e4sby","isPartOf":{"@id":"https:\/\/wp.kristdemokraterna.se\/upplandsvasby\/#website"},"primaryImageOfPage":{"@id":"https:\/\/wp.kristdemokraterna.se\/upplandsvasby\/textsida-med-vanster-sidebar\/#primaryimage"},"image":{"@id":"https:\/\/wp.kristdemokraterna.se\/upplandsvasby\/textsida-med-vanster-sidebar\/#primaryimage"},"thumbnailUrl":"http:\/\/wp.kristdemokraterna.se\/upplandsvasby\/files\/2021\/04\/social-passion-300x251.png","datePublished":"2017-11-29T15:48:28+00:00","dateModified":"2025-01-29T14:37:11+00:00","breadcrumb":{"@id":"https:\/\/wp.kristdemokraterna.se\/upplandsvasby\/textsida-med-vanster-sidebar\/#breadcrumb"},"inLanguage":"sv-SE","potentialAction":[{"@type":"ReadAction","target":["https:\/\/wp.kristdemokraterna.se\/upplandsvasby\/textsida-med-vanster-sidebar\/"]}]},{"@type":"ImageObject","inLanguage":"sv-SE","@id":"https:\/\/wp.kristdemokraterna.se\/upplandsvasby\/textsida-med-vanster-sidebar\/#primaryimage","url":"http:\/\/wp.kristdemokraterna.se\/upplandsvasby\/files\/2021\/04\/social-passion-300x251.png","contentUrl":"http:\/\/wp.kristdemokraterna.se\/upplandsvasby\/files\/2021\/04\/social-passion-300x251.png"},{"@type":"BreadcrumbList","@id":"https:\/\/wp.kristdemokraterna.se\/upplandsvasby\/textsida-med-vanster-sidebar\/#breadcrumb","itemListElement":[{"@type":"ListItem","position":1,"name":"Hem","item":"https:\/\/wp.kristdemokraterna.se\/upplandsvasby\/"},{"@type":"ListItem","position":2,"name":"V\u00e5r partiavdelning"}]},{"@type":"WebSite","@id":"https:\/\/wp.kristdemokraterna.se\/upplandsvasby\/#website","url":"https:\/\/wp.kristdemokraterna.se\/upplandsvasby\/","name":"Kristdemokraterna | Upplands V\u00e4sby","description":"\u00c4nnu en webbplats hos Kristdemokraterna","inLanguage":"sv-SE"}]}},"_links":{"self":[{"href":"https:\/\/wp.kristdemokraterna.se\/upplandsvasby\/wp-json\/wp\/v2\/pages\/269","targetHints":{"allow":["GET"]}}],"collection":[{"href":"https:\/\/wp.kristdemokraterna.se\/upplandsvasby\/wp-json\/wp\/v2\/pages"}],"about":[{"href":"https:\/\/wp.kristdemokraterna.se\/upplandsvasby\/wp-json\/wp\/v2\/types\/page"}],"author":[{"embeddable":true,"href":"https:\/\/wp.kristdemokraterna.se\/upplandsvasby\/wp-json\/wp\/v2\/users\/13"}],"replies":[{"embeddable":true,"href":"https:\/\/wp.kristdemokraterna.se\/upplandsvasby\/wp-json\/wp\/v2\/comments?post=269"}],"version-history":[{"count":24,"href":"https:\/\/wp.kristdemokraterna.se\/upplandsvasby\/wp-json\/wp\/v2\/pages\/269\/revisions"}],"predecessor-version":[{"id":977,"href":"https:\/\/wp.kristdemokraterna.se\/upplandsvasby\/wp-json\/wp\/v2\/pages\/269\/revisions\/977"}],"wp:attachment":[{"href":"https:\/\/wp.kristdemokraterna.se\/upplandsvasby\/wp-json\/wp\/v2\/media?parent=269"}],"curies":[{"name":"wp","href":"https:\/\/api.w.org\/{rel}","templated":true}]}}