{"id":363,"date":"2017-12-04T16:11:27","date_gmt":"2017-12-04T15:11:27","guid":{"rendered":"http:\/\/wp.kristdemokraterna.se\/upplandsvasby\/?page_id=363"},"modified":"2021-04-29T20:59:39","modified_gmt":"2021-04-29T18:59:39","slug":"kontakta-oss-2","status":"publish","type":"page","link":"https:\/\/wp.kristdemokraterna.se\/upplandsvasby\/textsida-med-vanster-sidebar\/kontakta-oss-2\/","title":{"rendered":"Kontakta oss"},"content":{"rendered":"<p><a href=\"http:\/\/wp.kristdemokraterna.se\/upplandsvasby\/files\/2019\/06\/kub_kd3.png\"><img loading=\"lazy\" decoding=\"async\" class=\"alignnone size-medium wp-image-488\" src=\"http:\/\/wp.kristdemokraterna.se\/upplandsvasby\/files\/2019\/06\/kub_kd3-300x178.png\" alt=\"\" width=\"300\" height=\"178\" srcset=\"https:\/\/wp.kristdemokraterna.se\/upplandsvasby\/files\/2019\/06\/kub_kd3-300x178.png 300w, https:\/\/wp.kristdemokraterna.se\/upplandsvasby\/files\/2019\/06\/kub_kd3-337x200.png 337w, https:\/\/wp.kristdemokraterna.se\/upplandsvasby\/files\/2019\/06\/kub_kd3-370x220.png 370w, https:\/\/wp.kristdemokraterna.se\/upplandsvasby\/files\/2019\/06\/kub_kd3-450x267.png 450w, https:\/\/wp.kristdemokraterna.se\/upplandsvasby\/files\/2019\/06\/kub_kd3-280x166.png 280w, https:\/\/wp.kristdemokraterna.se\/upplandsvasby\/files\/2019\/06\/kub_kd3-340x202.png 340w, https:\/\/wp.kristdemokraterna.se\/upplandsvasby\/files\/2019\/06\/kub_kd3-200x119.png 200w, https:\/\/wp.kristdemokraterna.se\/upplandsvasby\/files\/2019\/06\/kub_kd3-94x56.png 94w, https:\/\/wp.kristdemokraterna.se\/upplandsvasby\/files\/2019\/06\/kub_kd3.png 631w\" sizes=\"auto, (max-width: 300px) 100vw, 300px\" \/><\/a><\/p>\n<p>Kristdemokraterna Upplands V\u00e4sby<\/p>\n<p>Centralv\u00e4gen 1, 194 36 Upplands V\u00e4sby<\/p>\n<p>0739-10 46 36<\/p>\n<p><a href=\"mailto:maria.falth@kristdemokraterna.se\">maria.falth@kristdemokraterna.se<\/a> eller <a href=\"mailto:upplandsvasby@kristdemokraterna.se\">upplandsvasby@kristdemokraterna.se<\/a><\/p>\n","protected":false},"excerpt":{"rendered":"<p>Kristdemokraterna Upplands V\u00e4sby Centralv\u00e4gen 1, 194 36 Upplands V\u00e4sby 0739-10 46 36 maria.falth@kristdemokraterna.se eller upplandsvasby@kristdemokraterna.se<\/p>\n","protected":false},"author":13,"featured_media":0,"parent":269,"menu_order":0,"comment_status":"closed","ping_status":"closed","template":"page.php","meta":{"_acf_changed":false,"footnotes":""},"class_list":["post-363","page","type-page","status-publish","hentry"],"acf":[],"yoast_head":"<!-- This site is optimized with the Yoast SEO plugin v27.4 - https:\/\/yoast.com\/product\/yoast-seo-wordpress\/ -->\n<title>Kontakta oss - Kristdemokraterna | Upplands V\u00e4sby<\/title>\n<meta name=\"robots\" content=\"index, follow, max-snippet:-1, max-image-preview:large, max-video-preview:-1\" \/>\n<link rel=\"canonical\" href=\"https:\/\/wp.kristdemokraterna.se\/upplandsvasby\/textsida-med-vanster-sidebar\/kontakta-oss-2\/\" \/>\n<meta property=\"og:locale\" content=\"sv_SE\" \/>\n<meta property=\"og:type\" content=\"article\" \/>\n<meta property=\"og:title\" content=\"Kontakta oss - Kristdemokraterna | Upplands V\u00e4sby\" \/>\n<meta property=\"og:description\" content=\"Kristdemokraterna Upplands V\u00e4sby Centralv\u00e4gen 1, 194 36 Upplands V\u00e4sby 0739-10 46 36 maria.falth@kristdemokraterna.se eller upplandsvasby@kristdemokraterna.se\" \/>\n<meta property=\"og:url\" content=\"https:\/\/wp.kristdemokraterna.se\/upplandsvasby\/textsida-med-vanster-sidebar\/kontakta-oss-2\/\" \/>\n<meta property=\"og:site_name\" content=\"Kristdemokraterna | Upplands V\u00e4sby\" \/>\n<meta property=\"article:modified_time\" content=\"2021-04-29T18:59:39+00:00\" \/>\n<meta property=\"og:image\" content=\"http:\/\/wp.kristdemokraterna.se\/upplandsvasby\/files\/2019\/06\/kub_kd3-300x178.png\" \/>\n<meta name=\"twitter:card\" content=\"summary_large_image\" \/>\n<meta name=\"twitter:label1\" content=\"Ber\u00e4knad l\u00e4stid\" \/>\n\t<meta name=\"twitter:data1\" content=\"1 minut\" \/>\n<script type=\"application\/ld+json\" class=\"yoast-schema-graph\">{\"@context\":\"https:\\\/\\\/schema.org\",\"@graph\":[{\"@type\":\"WebPage\",\"@id\":\"https:\\\/\\\/wp.kristdemokraterna.se\\\/upplandsvasby\\\/textsida-med-vanster-sidebar\\\/kontakta-oss-2\\\/\",\"url\":\"https:\\\/\\\/wp.kristdemokraterna.se\\\/upplandsvasby\\\/textsida-med-vanster-sidebar\\\/kontakta-oss-2\\\/\",\"name\":\"Kontakta oss - Kristdemokraterna | Upplands V\u00e4sby\",\"isPartOf\":{\"@id\":\"https:\\\/\\\/wp.kristdemokraterna.se\\\/upplandsvasby\\\/#website\"},\"primaryImageOfPage\":{\"@id\":\"https:\\\/\\\/wp.kristdemokraterna.se\\\/upplandsvasby\\\/textsida-med-vanster-sidebar\\\/kontakta-oss-2\\\/#primaryimage\"},\"image\":{\"@id\":\"https:\\\/\\\/wp.kristdemokraterna.se\\\/upplandsvasby\\\/textsida-med-vanster-sidebar\\\/kontakta-oss-2\\\/#primaryimage\"},\"thumbnailUrl\":\"http:\\\/\\\/wp.kristdemokraterna.se\\\/upplandsvasby\\\/files\\\/2019\\\/06\\\/kub_kd3-300x178.png\",\"datePublished\":\"2017-12-04T15:11:27+00:00\",\"dateModified\":\"2021-04-29T18:59:39+00:00\",\"breadcrumb\":{\"@id\":\"https:\\\/\\\/wp.kristdemokraterna.se\\\/upplandsvasby\\\/textsida-med-vanster-sidebar\\\/kontakta-oss-2\\\/#breadcrumb\"},\"inLanguage\":\"sv-SE\",\"potentialAction\":[{\"@type\":\"ReadAction\",\"target\":[\"https:\\\/\\\/wp.kristdemokraterna.se\\\/upplandsvasby\\\/textsida-med-vanster-sidebar\\\/kontakta-oss-2\\\/\"]}]},{\"@type\":\"ImageObject\",\"inLanguage\":\"sv-SE\",\"@id\":\"https:\\\/\\\/wp.kristdemokraterna.se\\\/upplandsvasby\\\/textsida-med-vanster-sidebar\\\/kontakta-oss-2\\\/#primaryimage\",\"url\":\"http:\\\/\\\/wp.kristdemokraterna.se\\\/upplandsvasby\\\/files\\\/2019\\\/06\\\/kub_kd3-300x178.png\",\"contentUrl\":\"http:\\\/\\\/wp.kristdemokraterna.se\\\/upplandsvasby\\\/files\\\/2019\\\/06\\\/kub_kd3-300x178.png\"},{\"@type\":\"BreadcrumbList\",\"@id\":\"https:\\\/\\\/wp.kristdemokraterna.se\\\/upplandsvasby\\\/textsida-med-vanster-sidebar\\\/kontakta-oss-2\\\/#breadcrumb\",\"itemListElement\":[{\"@type\":\"ListItem\",\"position\":1,\"name\":\"Hem\",\"item\":\"https:\\\/\\\/wp.kristdemokraterna.se\\\/upplandsvasby\\\/\"},{\"@type\":\"ListItem\",\"position\":2,\"name\":\"V\u00e5r partiavdelning\",\"item\":\"https:\\\/\\\/wp.kristdemokraterna.se\\\/upplandsvasby\\\/textsida-med-vanster-sidebar\\\/\"},{\"@type\":\"ListItem\",\"position\":3,\"name\":\"Kontakta oss\"}]},{\"@type\":\"WebSite\",\"@id\":\"https:\\\/\\\/wp.kristdemokraterna.se\\\/upplandsvasby\\\/#website\",\"url\":\"https:\\\/\\\/wp.kristdemokraterna.se\\\/upplandsvasby\\\/\",\"name\":\"Kristdemokraterna | Upplands V\u00e4sby\",\"description\":\"\u00c4nnu en webbplats hos Kristdemokraterna\",\"inLanguage\":\"sv-SE\"}]}<\/script>\n<!-- \/ Yoast SEO plugin. -->","yoast_head_json":{"title":"Kontakta oss - Kristdemokraterna | Upplands V\u00e4sby","robots":{"index":"index","follow":"follow","max-snippet":"max-snippet:-1","max-image-preview":"max-image-preview:large","max-video-preview":"max-video-preview:-1"},"canonical":"https:\/\/wp.kristdemokraterna.se\/upplandsvasby\/textsida-med-vanster-sidebar\/kontakta-oss-2\/","og_locale":"sv_SE","og_type":"article","og_title":"Kontakta oss - Kristdemokraterna | Upplands V\u00e4sby","og_description":"Kristdemokraterna Upplands V\u00e4sby Centralv\u00e4gen 1, 194 36 Upplands V\u00e4sby 0739-10 46 36 maria.falth@kristdemokraterna.se eller upplandsvasby@kristdemokraterna.se","og_url":"https:\/\/wp.kristdemokraterna.se\/upplandsvasby\/textsida-med-vanster-sidebar\/kontakta-oss-2\/","og_site_name":"Kristdemokraterna | Upplands V\u00e4sby","article_modified_time":"2021-04-29T18:59:39+00:00","og_image":[{"url":"http:\/\/wp.kristdemokraterna.se\/upplandsvasby\/files\/2019\/06\/kub_kd3-300x178.png","type":"","width":"","height":""}],"twitter_card":"summary_large_image","twitter_misc":{"Ber\u00e4knad l\u00e4stid":"1 minut"},"schema":{"@context":"https:\/\/schema.org","@graph":[{"@type":"WebPage","@id":"https:\/\/wp.kristdemokraterna.se\/upplandsvasby\/textsida-med-vanster-sidebar\/kontakta-oss-2\/","url":"https:\/\/wp.kristdemokraterna.se\/upplandsvasby\/textsida-med-vanster-sidebar\/kontakta-oss-2\/","name":"Kontakta oss - Kristdemokraterna | Upplands V\u00e4sby","isPartOf":{"@id":"https:\/\/wp.kristdemokraterna.se\/upplandsvasby\/#website"},"primaryImageOfPage":{"@id":"https:\/\/wp.kristdemokraterna.se\/upplandsvasby\/textsida-med-vanster-sidebar\/kontakta-oss-2\/#primaryimage"},"image":{"@id":"https:\/\/wp.kristdemokraterna.se\/upplandsvasby\/textsida-med-vanster-sidebar\/kontakta-oss-2\/#primaryimage"},"thumbnailUrl":"http:\/\/wp.kristdemokraterna.se\/upplandsvasby\/files\/2019\/06\/kub_kd3-300x178.png","datePublished":"2017-12-04T15:11:27+00:00","dateModified":"2021-04-29T18:59:39+00:00","breadcrumb":{"@id":"https:\/\/wp.kristdemokraterna.se\/upplandsvasby\/textsida-med-vanster-sidebar\/kontakta-oss-2\/#breadcrumb"},"inLanguage":"sv-SE","potentialAction":[{"@type":"ReadAction","target":["https:\/\/wp.kristdemokraterna.se\/upplandsvasby\/textsida-med-vanster-sidebar\/kontakta-oss-2\/"]}]},{"@type":"ImageObject","inLanguage":"sv-SE","@id":"https:\/\/wp.kristdemokraterna.se\/upplandsvasby\/textsida-med-vanster-sidebar\/kontakta-oss-2\/#primaryimage","url":"http:\/\/wp.kristdemokraterna.se\/upplandsvasby\/files\/2019\/06\/kub_kd3-300x178.png","contentUrl":"http:\/\/wp.kristdemokraterna.se\/upplandsvasby\/files\/2019\/06\/kub_kd3-300x178.png"},{"@type":"BreadcrumbList","@id":"https:\/\/wp.kristdemokraterna.se\/upplandsvasby\/textsida-med-vanster-sidebar\/kontakta-oss-2\/#breadcrumb","itemListElement":[{"@type":"ListItem","position":1,"name":"Hem","item":"https:\/\/wp.kristdemokraterna.se\/upplandsvasby\/"},{"@type":"ListItem","position":2,"name":"V\u00e5r partiavdelning","item":"https:\/\/wp.kristdemokraterna.se\/upplandsvasby\/textsida-med-vanster-sidebar\/"},{"@type":"ListItem","position":3,"name":"Kontakta oss"}]},{"@type":"WebSite","@id":"https:\/\/wp.kristdemokraterna.se\/upplandsvasby\/#website","url":"https:\/\/wp.kristdemokraterna.se\/upplandsvasby\/","name":"Kristdemokraterna | Upplands V\u00e4sby","description":"\u00c4nnu en webbplats hos Kristdemokraterna","inLanguage":"sv-SE"}]}},"_links":{"self":[{"href":"https:\/\/wp.kristdemokraterna.se\/upplandsvasby\/wp-json\/wp\/v2\/pages\/363","targetHints":{"allow":["GET"]}}],"collection":[{"href":"https:\/\/wp.kristdemokraterna.se\/upplandsvasby\/wp-json\/wp\/v2\/pages"}],"about":[{"href":"https:\/\/wp.kristdemokraterna.se\/upplandsvasby\/wp-json\/wp\/v2\/types\/page"}],"author":[{"embeddable":true,"href":"https:\/\/wp.kristdemokraterna.se\/upplandsvasby\/wp-json\/wp\/v2\/users\/13"}],"replies":[{"embeddable":true,"href":"https:\/\/wp.kristdemokraterna.se\/upplandsvasby\/wp-json\/wp\/v2\/comments?post=363"}],"version-history":[{"count":5,"href":"https:\/\/wp.kristdemokraterna.se\/upplandsvasby\/wp-json\/wp\/v2\/pages\/363\/revisions"}],"predecessor-version":[{"id":677,"href":"https:\/\/wp.kristdemokraterna.se\/upplandsvasby\/wp-json\/wp\/v2\/pages\/363\/revisions\/677"}],"up":[{"embeddable":true,"href":"https:\/\/wp.kristdemokraterna.se\/upplandsvasby\/wp-json\/wp\/v2\/pages\/269"}],"wp:attachment":[{"href":"https:\/\/wp.kristdemokraterna.se\/upplandsvasby\/wp-json\/wp\/v2\/media?parent=363"}],"curies":[{"name":"wp","href":"https:\/\/api.w.org\/{rel}","templated":true}]}}