{"id":373,"date":"2017-12-04T16:47:18","date_gmt":"2017-12-04T15:47:18","guid":{"rendered":"http:\/\/wp.kristdemokraterna.se\/upplandsvasby\/?page_id=373"},"modified":"2025-01-29T15:30:19","modified_gmt":"2025-01-29T14:30:19","slug":"var-politik-i-kommunen","status":"publish","type":"page","link":"https:\/\/wp.kristdemokraterna.se\/upplandsvasby\/i-var-kommun\/textsida-fullbredd\/var-politik-i-kommunen\/","title":{"rendered":"V\u00e5r politik i kommunen"},"content":{"rendered":"<ul>\n<li><strong>Familjecentralen<\/strong> f\u00e5r forts\u00e4tta att utvecklas i sin verksamhet. Det \u00e4r viktigt med ett<br \/>\nsamlat st\u00f6d och att kompetens runt familjer och deras behov samordnas.<\/li>\n<li>Vi inf\u00f6r en <strong>familjer\u00e5dsgivningscheck<\/strong> f\u00f6r tv\u00e5 bes\u00f6k till alla som f\u00e5tt barn de tv\u00e5 senaste<br \/>\n\u00e5ren.<\/li>\n<li>Vi \u00e4r garanten f\u00f6r att det gener\u00f6sa utbudet av olika former av barnomsorg forts\u00e4tter att utvecklas.<\/li>\n<li>Vi vill genomf\u00f6ra utbildningspaketet &#8211; <strong>V\u00e5ga vara v\u00e5rdnadshavare<\/strong> &#8211; f\u00f6r att st\u00f6tta f\u00f6r\u00e4ldrar och<br \/>\nv\u00e5rdnadshavare runt den enskilde eleven.<\/li>\n<li>Inf\u00f6r en <strong>elevh\u00e4lsogaranti<\/strong> som ger r\u00e4tt till elevh\u00e4lsov\u00e5rd samma dag.<\/li>\n<li>Samarbetet mellan kommunen, de som driver f\u00f6rskola och skola,<br \/>\nfrivilligorganisationerna, ska bli b\u00e4ttre p\u00e5 att ge barn och unga en drogfri uppv\u00e4xt.<\/li>\n<li>Inf\u00f6r <strong>\u00c4ldrepedagoger<\/strong> som ska ge dem som bor p\u00e5 V\u00e5rd- och omsorgsboende n\u00e5gon<br \/>\nytterligare att anf\u00f6rtro sig till.<\/li>\n<li>Kommunen inf\u00f6r <strong>Funktionsr\u00e4ttskonsekvensbeskrivningar<\/strong> vid f\u00f6rslag till beslut.<\/li>\n<li>M\u00f6jligheten att skapa en <strong>Gl\u00e4djens tunnel<\/strong> ska utredas.<\/li>\n<li><strong>Gunnes G\u00e5rd<\/strong>, denna p\u00e4rla inom kulturen i V\u00e4sby, ges m\u00f6jlighet att v\u00e4xa och<br \/>\nkompletteras med ett turistcenter.<\/li>\n<li>Vi vill se en <strong>Fritidsbuss<\/strong> som m\u00f6jligg\u00f6r deltagande hos de olika f\u00f6reningarna.<\/li>\n<li>Kommunen ska vara en f\u00f6rebild n\u00e4r det g\u00e4ller att anst\u00e4lla personer som st\u00e5r l\u00e5ngt ifr\u00e5n<br \/>\narbetsmarknaden.\u00a0Det \u00e4r viktigt med en v\u00e4lkomnande attityd och skapa enkla kontaktv\u00e4gar.<br \/>\ngentemot n\u00e4ringslivet och att detta inkluderar \u00e4ven <strong>arbetsintegrerade sociala f\u00f6retag<\/strong>.<\/li>\n<li><strong>Trygghetsperspektivet<\/strong> ska vara en integrerad del i stadsbyggnadsarbetet.<\/li>\n<li>Det ska finnas <strong>offentliga toaletter<\/strong> \u00f6ver hela kommunen.<\/li>\n<li>Tryggheten och det brottsf\u00f6rebyggande arbetet \u00e4r centralt i arbetet med att bygga stad.<\/li>\n<\/ul>\n","protected":false},"excerpt":{"rendered":"<p>Familjecentralen f\u00e5r forts\u00e4tta att utvecklas i sin verksamhet. Det \u00e4r viktigt med ett samlat st\u00f6d och att kompetens runt familjer och deras behov samordnas. Vi inf\u00f6r en familjer\u00e5dsgivningscheck f\u00f6r tv\u00e5 bes\u00f6k till alla som f\u00e5tt barn de tv\u00e5 senaste \u00e5ren. Vi \u00e4r garanten f\u00f6r att det gener\u00f6sa utbudet av olika former av barnomsorg forts\u00e4tter att <a class=\"read-more-link\" href=\"https:\/\/wp.kristdemokraterna.se\/upplandsvasby\/i-var-kommun\/textsida-fullbredd\/var-politik-i-kommunen\/\">L\u00e4s mer<\/a><\/p>\n","protected":false},"author":13,"featured_media":0,"parent":272,"menu_order":0,"comment_status":"closed","ping_status":"closed","template":"page.php","meta":{"_acf_changed":false,"footnotes":""},"class_list":["post-373","page","type-page","status-publish","hentry"],"acf":[],"yoast_head":"<!-- This site is optimized with the Yoast SEO plugin v27.4 - https:\/\/yoast.com\/product\/yoast-seo-wordpress\/ -->\n<title>V\u00e5r politik i kommunen - Kristdemokraterna | Upplands V\u00e4sby<\/title>\n<meta name=\"robots\" content=\"index, follow, max-snippet:-1, max-image-preview:large, max-video-preview:-1\" \/>\n<link rel=\"canonical\" href=\"https:\/\/wp.kristdemokraterna.se\/upplandsvasby\/i-var-kommun\/textsida-fullbredd\/var-politik-i-kommunen\/\" \/>\n<meta property=\"og:locale\" content=\"sv_SE\" \/>\n<meta property=\"og:type\" content=\"article\" \/>\n<meta property=\"og:title\" content=\"V\u00e5r politik i kommunen - Kristdemokraterna | Upplands V\u00e4sby\" \/>\n<meta property=\"og:description\" content=\"Familjecentralen f\u00e5r forts\u00e4tta att utvecklas i sin verksamhet. Det \u00e4r viktigt med ett samlat st\u00f6d och att kompetens runt familjer och deras behov samordnas. Vi inf\u00f6r en familjer\u00e5dsgivningscheck f\u00f6r tv\u00e5 bes\u00f6k till alla som f\u00e5tt barn de tv\u00e5 senaste \u00e5ren. Vi \u00e4r garanten f\u00f6r att det gener\u00f6sa utbudet av olika former av barnomsorg forts\u00e4tter att L\u00e4s mer\" \/>\n<meta property=\"og:url\" content=\"https:\/\/wp.kristdemokraterna.se\/upplandsvasby\/i-var-kommun\/textsida-fullbredd\/var-politik-i-kommunen\/\" \/>\n<meta property=\"og:site_name\" content=\"Kristdemokraterna | Upplands V\u00e4sby\" \/>\n<meta property=\"article:modified_time\" content=\"2025-01-29T14:30:19+00:00\" \/>\n<meta name=\"twitter:card\" content=\"summary_large_image\" \/>\n<meta name=\"twitter:label1\" content=\"Ber\u00e4knad l\u00e4stid\" \/>\n\t<meta name=\"twitter:data1\" content=\"2 minuter\" \/>\n<script type=\"application\/ld+json\" class=\"yoast-schema-graph\">{\"@context\":\"https:\\\/\\\/schema.org\",\"@graph\":[{\"@type\":\"WebPage\",\"@id\":\"https:\\\/\\\/wp.kristdemokraterna.se\\\/upplandsvasby\\\/i-var-kommun\\\/textsida-fullbredd\\\/var-politik-i-kommunen\\\/\",\"url\":\"https:\\\/\\\/wp.kristdemokraterna.se\\\/upplandsvasby\\\/i-var-kommun\\\/textsida-fullbredd\\\/var-politik-i-kommunen\\\/\",\"name\":\"V\u00e5r politik i kommunen - Kristdemokraterna | Upplands V\u00e4sby\",\"isPartOf\":{\"@id\":\"https:\\\/\\\/wp.kristdemokraterna.se\\\/upplandsvasby\\\/#website\"},\"datePublished\":\"2017-12-04T15:47:18+00:00\",\"dateModified\":\"2025-01-29T14:30:19+00:00\",\"breadcrumb\":{\"@id\":\"https:\\\/\\\/wp.kristdemokraterna.se\\\/upplandsvasby\\\/i-var-kommun\\\/textsida-fullbredd\\\/var-politik-i-kommunen\\\/#breadcrumb\"},\"inLanguage\":\"sv-SE\",\"potentialAction\":[{\"@type\":\"ReadAction\",\"target\":[\"https:\\\/\\\/wp.kristdemokraterna.se\\\/upplandsvasby\\\/i-var-kommun\\\/textsida-fullbredd\\\/var-politik-i-kommunen\\\/\"]}]},{\"@type\":\"BreadcrumbList\",\"@id\":\"https:\\\/\\\/wp.kristdemokraterna.se\\\/upplandsvasby\\\/i-var-kommun\\\/textsida-fullbredd\\\/var-politik-i-kommunen\\\/#breadcrumb\",\"itemListElement\":[{\"@type\":\"ListItem\",\"position\":1,\"name\":\"Hem\",\"item\":\"https:\\\/\\\/wp.kristdemokraterna.se\\\/upplandsvasby\\\/\"},{\"@type\":\"ListItem\",\"position\":2,\"name\":\"V\u00e5r politik f\u00f6r V\u00e4sby\",\"item\":\"https:\\\/\\\/wp.kristdemokraterna.se\\\/upplandsvasby\\\/i-var-kommun\\\/\"},{\"@type\":\"ListItem\",\"position\":3,\"name\":\"Vad vi st\u00e5r f\u00f6r!\",\"item\":\"https:\\\/\\\/wp.kristdemokraterna.se\\\/upplandsvasby\\\/i-var-kommun\\\/textsida-fullbredd\\\/\"},{\"@type\":\"ListItem\",\"position\":4,\"name\":\"V\u00e5r politik i kommunen\"}]},{\"@type\":\"WebSite\",\"@id\":\"https:\\\/\\\/wp.kristdemokraterna.se\\\/upplandsvasby\\\/#website\",\"url\":\"https:\\\/\\\/wp.kristdemokraterna.se\\\/upplandsvasby\\\/\",\"name\":\"Kristdemokraterna | Upplands V\u00e4sby\",\"description\":\"\u00c4nnu en webbplats hos Kristdemokraterna\",\"inLanguage\":\"sv-SE\"}]}<\/script>\n<!-- \/ Yoast SEO plugin. -->","yoast_head_json":{"title":"V\u00e5r politik i kommunen - Kristdemokraterna | Upplands V\u00e4sby","robots":{"index":"index","follow":"follow","max-snippet":"max-snippet:-1","max-image-preview":"max-image-preview:large","max-video-preview":"max-video-preview:-1"},"canonical":"https:\/\/wp.kristdemokraterna.se\/upplandsvasby\/i-var-kommun\/textsida-fullbredd\/var-politik-i-kommunen\/","og_locale":"sv_SE","og_type":"article","og_title":"V\u00e5r politik i kommunen - Kristdemokraterna | Upplands V\u00e4sby","og_description":"Familjecentralen f\u00e5r forts\u00e4tta att utvecklas i sin verksamhet. Det \u00e4r viktigt med ett samlat st\u00f6d och att kompetens runt familjer och deras behov samordnas. Vi inf\u00f6r en familjer\u00e5dsgivningscheck f\u00f6r tv\u00e5 bes\u00f6k till alla som f\u00e5tt barn de tv\u00e5 senaste \u00e5ren. Vi \u00e4r garanten f\u00f6r att det gener\u00f6sa utbudet av olika former av barnomsorg forts\u00e4tter att L\u00e4s mer","og_url":"https:\/\/wp.kristdemokraterna.se\/upplandsvasby\/i-var-kommun\/textsida-fullbredd\/var-politik-i-kommunen\/","og_site_name":"Kristdemokraterna | Upplands V\u00e4sby","article_modified_time":"2025-01-29T14:30:19+00:00","twitter_card":"summary_large_image","twitter_misc":{"Ber\u00e4knad l\u00e4stid":"2 minuter"},"schema":{"@context":"https:\/\/schema.org","@graph":[{"@type":"WebPage","@id":"https:\/\/wp.kristdemokraterna.se\/upplandsvasby\/i-var-kommun\/textsida-fullbredd\/var-politik-i-kommunen\/","url":"https:\/\/wp.kristdemokraterna.se\/upplandsvasby\/i-var-kommun\/textsida-fullbredd\/var-politik-i-kommunen\/","name":"V\u00e5r politik i kommunen - Kristdemokraterna | Upplands V\u00e4sby","isPartOf":{"@id":"https:\/\/wp.kristdemokraterna.se\/upplandsvasby\/#website"},"datePublished":"2017-12-04T15:47:18+00:00","dateModified":"2025-01-29T14:30:19+00:00","breadcrumb":{"@id":"https:\/\/wp.kristdemokraterna.se\/upplandsvasby\/i-var-kommun\/textsida-fullbredd\/var-politik-i-kommunen\/#breadcrumb"},"inLanguage":"sv-SE","potentialAction":[{"@type":"ReadAction","target":["https:\/\/wp.kristdemokraterna.se\/upplandsvasby\/i-var-kommun\/textsida-fullbredd\/var-politik-i-kommunen\/"]}]},{"@type":"BreadcrumbList","@id":"https:\/\/wp.kristdemokraterna.se\/upplandsvasby\/i-var-kommun\/textsida-fullbredd\/var-politik-i-kommunen\/#breadcrumb","itemListElement":[{"@type":"ListItem","position":1,"name":"Hem","item":"https:\/\/wp.kristdemokraterna.se\/upplandsvasby\/"},{"@type":"ListItem","position":2,"name":"V\u00e5r politik f\u00f6r V\u00e4sby","item":"https:\/\/wp.kristdemokraterna.se\/upplandsvasby\/i-var-kommun\/"},{"@type":"ListItem","position":3,"name":"Vad vi st\u00e5r f\u00f6r!","item":"https:\/\/wp.kristdemokraterna.se\/upplandsvasby\/i-var-kommun\/textsida-fullbredd\/"},{"@type":"ListItem","position":4,"name":"V\u00e5r politik i kommunen"}]},{"@type":"WebSite","@id":"https:\/\/wp.kristdemokraterna.se\/upplandsvasby\/#website","url":"https:\/\/wp.kristdemokraterna.se\/upplandsvasby\/","name":"Kristdemokraterna | Upplands V\u00e4sby","description":"\u00c4nnu en webbplats hos Kristdemokraterna","inLanguage":"sv-SE"}]}},"_links":{"self":[{"href":"https:\/\/wp.kristdemokraterna.se\/upplandsvasby\/wp-json\/wp\/v2\/pages\/373","targetHints":{"allow":["GET"]}}],"collection":[{"href":"https:\/\/wp.kristdemokraterna.se\/upplandsvasby\/wp-json\/wp\/v2\/pages"}],"about":[{"href":"https:\/\/wp.kristdemokraterna.se\/upplandsvasby\/wp-json\/wp\/v2\/types\/page"}],"author":[{"embeddable":true,"href":"https:\/\/wp.kristdemokraterna.se\/upplandsvasby\/wp-json\/wp\/v2\/users\/13"}],"replies":[{"embeddable":true,"href":"https:\/\/wp.kristdemokraterna.se\/upplandsvasby\/wp-json\/wp\/v2\/comments?post=373"}],"version-history":[{"count":4,"href":"https:\/\/wp.kristdemokraterna.se\/upplandsvasby\/wp-json\/wp\/v2\/pages\/373\/revisions"}],"predecessor-version":[{"id":975,"href":"https:\/\/wp.kristdemokraterna.se\/upplandsvasby\/wp-json\/wp\/v2\/pages\/373\/revisions\/975"}],"up":[{"embeddable":true,"href":"https:\/\/wp.kristdemokraterna.se\/upplandsvasby\/wp-json\/wp\/v2\/pages\/272"}],"wp:attachment":[{"href":"https:\/\/wp.kristdemokraterna.se\/upplandsvasby\/wp-json\/wp\/v2\/media?parent=373"}],"curies":[{"name":"wp","href":"https:\/\/api.w.org\/{rel}","templated":true}]}}