{"id":626,"date":"2021-04-17T10:46:12","date_gmt":"2021-04-17T08:46:12","guid":{"rendered":"https:\/\/wp.kristdemokraterna.se\/upplandsvasby\/?page_id=626"},"modified":"2026-02-11T14:38:47","modified_gmt":"2026-02-11T13:38:47","slug":"fortroendevalda","status":"publish","type":"page","link":"https:\/\/wp.kristdemokraterna.se\/upplandsvasby\/textsida-med-vanster-sidebar\/fortroendevalda\/","title":{"rendered":"F\u00f6rtroendevalda 2026"},"content":{"rendered":"<p><strong>Kristdemokraterna i Upplands V\u00e4sbys representation 2025<\/strong><\/p>\n<p><strong>Kommunfullm\u00e4ktige<br \/>\nOrdinarie:\u00a0 \u00a0 \u00a0<\/strong><br \/>\n1. Maria F\u00e4lth<br \/>\n2. Kristina Klempt<\/p>\n<p><strong>Ers\u00e4ttare:\u00a0 \u00a0<\/strong><br \/>\n1. Lars Tunkrans<br \/>\n2. Linda Broberg<\/p>\n<p><strong>Kommunfullm\u00e4ktiges valberedning\u00a0\u00a0\u00a0\u00a0\u00a0\u00a0<\/strong><br \/>\nOrdinarie:\u00a0 \u00a0 \u00a0 Kristina Klempt<br \/>\nErs\u00e4ttare:<\/p>\n<p><strong>Kommunstyrelsen<\/strong><br \/>\n<strong>Ordinarie:<\/strong><br \/>\nVice ordf\u00f6rande: Maria F\u00e4lth<br \/>\nErs\u00e4ttare:\u00a0 \u00a0 \u00a0 \u00a0Kristina Klempt<\/p>\n<p><strong>KS Planutskott<\/strong><br \/>\nErs\u00e4ttare:\u00a0 \u00a0 \u00a0Maria F\u00e4lth<\/p>\n<p><strong>KS N\u00e4ringslivs- och kompetensutskott<\/strong><br \/>\nErs\u00e4ttare:\u00a0 \u00a0 \u00a0 Maria F\u00e4lth<\/p>\n<p><strong>KS Teknik- och fastighetsutskott<br \/>\n<\/strong>Ers\u00e4ttare:\u00a0 \u00a0 \u00a0 \u00a0Maria F\u00e4lth<strong><br \/>\n<\/strong><\/p>\n<p><strong>KS Klimat- och milj\u00f6utskott\u00a0 \u00a0 \u00a0 \u00a0\u00a0<\/strong><br \/>\nErs\u00e4ttare:\u00a0 \u00a0 \u00a0 \u00a0Maria F\u00e4lth<\/p>\n<p><strong>Utbildningsn\u00e4mnden\u00a0\u00a0<\/strong><br \/>\nOrdinarie:\u00a0 \u00a0 \u00a0 Ismo Salmi<br \/>\nErs\u00e4ttare:\u00a0 \u00a0 \u00a0 \u00a0Kristina Klempt<\/p>\n<p><strong>Socialn\u00e4mnden\u00a0\u00a0\u00a0\u00a0<\/strong><br \/>\nOrdinarie:\u00a0 \u00a0 \u00a0 Aleksandra Grbic<br \/>\nErs\u00e4ttare:\u00a0 \u00a0 \u00a0 \u00a0Kristina Daun<\/p>\n<p><strong>Kultur- och fritidsn\u00e4mnden\u00a0\u00a0 \u00a0\u00a0\u00a0\u00a0\u00a0\u00a0\u00a0\u00a0\u00a0<\/strong><br \/>\nOrdinarie\u00a0 \u00a0 \u00a0 Kristina Klempt<br \/>\nErs\u00e4ttare:\u00a0 \u00a0 \u00a0Raouf Ayoub<\/p>\n<p><strong>Omsorgsn\u00e4mnden<br \/>\n<\/strong>2:e vice ordf\u00f6rande:\u00a0 Maria F\u00e4lth<br \/>\nErs\u00e4ttare:\u00a0 \u00a0Linda Broberg<\/p>\n<p><strong>Bygg- och milj\u00f6n\u00e4mnden\u00a0\u00a0\u00a0<\/strong><br \/>\nOrdinarie:\u00a0 \u00a0 \u00a0 Lars Tunkrans<br \/>\nErs\u00e4ttare:\u00a0 \u00a0 \u00a0 \u00a0Karl-\u00c5ke Isaksson<\/p>\n<p><strong>Valn\u00e4mnden\u00a0<\/strong><br \/>\nOrdinare:\u00a0 \u00a0 \u00a0 G\u00f6ran Zetterlund<br \/>\nErs\u00e4ttare:\u00a0 \u00a0 \u00a0 Raouf Ayoub<\/p>\n<p><strong>Namnberedningen \u00a0\u00a0<\/strong><br \/>\nOrdinarie:\u00a0 \u00a0 \u00a0 Mikael Wallin<\/p>\n<p><strong>R\u00e5det f\u00f6r Medborgardialog\u00a0\u00a0<\/strong><br \/>\nOrdinarie:\u00a0 \u00a0 \u00a0 \u00a0Hannes Eliasstam<\/p>\n<p><strong>Kommunala Funktionsr\u00e4ttsr\u00e5det\u00a0\u00a0\u00a0\u00a0<\/strong><br \/>\nOrdinarie:\u00a0 \u00a0 \u00a0 \u00a0Maria F\u00e4lth<\/p>\n<p><strong>Pension\u00e4rsr\u00e5det\u00a0\u00a0\u00a0\u00a0\u00a0<\/strong><br \/>\nErs\u00e4ttare:\u00a0 \u00a0 \u00a0Maria F\u00e4lth<\/p>\n<p><strong>Styrelsen f\u00f6r V\u00e4sbyhem AB<\/strong><br \/>\nOrdinarie:\u00a0 \u00a0 \u00a0 \u00a0Dag Roslund<\/p>\n<p><strong>Kommunrevisionen<\/strong><br \/>\nLedamot: Jon Niklasson<\/p>\n<p><strong>God man i skog- och jordbruksfr\u00e5gor<\/strong><br \/>\nS\u00f6ren Amiltoft<\/p>\n<p><strong>Borglig vigself\u00f6rr\u00e4ttare<\/strong><br \/>\nDag Roslund<br \/>\nIsmo Salmi<br \/>\nAleksandra Grbic<\/p>\n<p><strong>Kommunala funktionsr\u00e4ttsr\u00e5det<\/strong><br \/>\nLedamot: Maria F\u00e4lth<\/p>\n<p><strong>Samordningsf\u00f6rbundet<\/strong><br \/>\nErs\u00e4ttare: Maria F\u00e4lth<\/p>\n<p>&nbsp;<\/p>\n","protected":false},"excerpt":{"rendered":"<p>Kristdemokraterna i Upplands V\u00e4sbys representation 2025 Kommunfullm\u00e4ktige Ordinarie:\u00a0 \u00a0 \u00a0 1. Maria F\u00e4lth 2. Kristina Klempt Ers\u00e4ttare:\u00a0 \u00a0 1. Lars Tunkrans 2. Linda Broberg Kommunfullm\u00e4ktiges valberedning\u00a0\u00a0\u00a0\u00a0\u00a0\u00a0 Ordinarie:\u00a0 \u00a0 \u00a0 Kristina Klempt Ers\u00e4ttare: Kommunstyrelsen Ordinarie: Vice ordf\u00f6rande: Maria F\u00e4lth Ers\u00e4ttare:\u00a0 \u00a0 \u00a0 \u00a0Kristina Klempt KS Planutskott Ers\u00e4ttare:\u00a0 \u00a0 \u00a0Maria F\u00e4lth KS N\u00e4ringslivs- och kompetensutskott Ers\u00e4ttare:\u00a0 \u00a0 <a class=\"read-more-link\" href=\"https:\/\/wp.kristdemokraterna.se\/upplandsvasby\/textsida-med-vanster-sidebar\/fortroendevalda\/\">L\u00e4s mer<\/a><\/p>\n","protected":false},"author":13,"featured_media":0,"parent":269,"menu_order":0,"comment_status":"closed","ping_status":"closed","template":"","meta":{"_acf_changed":false,"footnotes":""},"class_list":["post-626","page","type-page","status-publish","hentry"],"acf":[],"yoast_head":"<!-- This site is optimized with the Yoast SEO plugin v27.4 - https:\/\/yoast.com\/product\/yoast-seo-wordpress\/ -->\n<title>F\u00f6rtroendevalda 2026 - Kristdemokraterna | Upplands V\u00e4sby<\/title>\n<meta name=\"robots\" content=\"index, follow, max-snippet:-1, max-image-preview:large, max-video-preview:-1\" \/>\n<link rel=\"canonical\" href=\"https:\/\/wp.kristdemokraterna.se\/upplandsvasby\/textsida-med-vanster-sidebar\/fortroendevalda\/\" \/>\n<meta property=\"og:locale\" content=\"sv_SE\" \/>\n<meta property=\"og:type\" content=\"article\" \/>\n<meta property=\"og:title\" content=\"F\u00f6rtroendevalda 2026 - Kristdemokraterna | Upplands V\u00e4sby\" \/>\n<meta property=\"og:description\" content=\"Kristdemokraterna i Upplands V\u00e4sbys representation 2025 Kommunfullm\u00e4ktige Ordinarie:\u00a0 \u00a0 \u00a0 1. Maria F\u00e4lth 2. Kristina Klempt Ers\u00e4ttare:\u00a0 \u00a0 1. Lars Tunkrans 2. Linda Broberg Kommunfullm\u00e4ktiges valberedning\u00a0\u00a0\u00a0\u00a0\u00a0\u00a0 Ordinarie:\u00a0 \u00a0 \u00a0 Kristina Klempt Ers\u00e4ttare: Kommunstyrelsen Ordinarie: Vice ordf\u00f6rande: Maria F\u00e4lth Ers\u00e4ttare:\u00a0 \u00a0 \u00a0 \u00a0Kristina Klempt KS Planutskott Ers\u00e4ttare:\u00a0 \u00a0 \u00a0Maria F\u00e4lth KS N\u00e4ringslivs- och kompetensutskott Ers\u00e4ttare:\u00a0 \u00a0 L\u00e4s mer\" \/>\n<meta property=\"og:url\" content=\"https:\/\/wp.kristdemokraterna.se\/upplandsvasby\/textsida-med-vanster-sidebar\/fortroendevalda\/\" \/>\n<meta property=\"og:site_name\" content=\"Kristdemokraterna | Upplands V\u00e4sby\" \/>\n<meta property=\"article:modified_time\" content=\"2026-02-11T13:38:47+00:00\" \/>\n<meta name=\"twitter:card\" content=\"summary_large_image\" \/>\n<meta name=\"twitter:label1\" content=\"Ber\u00e4knad l\u00e4stid\" \/>\n\t<meta name=\"twitter:data1\" content=\"1 minut\" \/>\n<script type=\"application\/ld+json\" class=\"yoast-schema-graph\">{\"@context\":\"https:\\\/\\\/schema.org\",\"@graph\":[{\"@type\":\"WebPage\",\"@id\":\"https:\\\/\\\/wp.kristdemokraterna.se\\\/upplandsvasby\\\/textsida-med-vanster-sidebar\\\/fortroendevalda\\\/\",\"url\":\"https:\\\/\\\/wp.kristdemokraterna.se\\\/upplandsvasby\\\/textsida-med-vanster-sidebar\\\/fortroendevalda\\\/\",\"name\":\"F\u00f6rtroendevalda 2026 - Kristdemokraterna | Upplands V\u00e4sby\",\"isPartOf\":{\"@id\":\"https:\\\/\\\/wp.kristdemokraterna.se\\\/upplandsvasby\\\/#website\"},\"datePublished\":\"2021-04-17T08:46:12+00:00\",\"dateModified\":\"2026-02-11T13:38:47+00:00\",\"breadcrumb\":{\"@id\":\"https:\\\/\\\/wp.kristdemokraterna.se\\\/upplandsvasby\\\/textsida-med-vanster-sidebar\\\/fortroendevalda\\\/#breadcrumb\"},\"inLanguage\":\"sv-SE\",\"potentialAction\":[{\"@type\":\"ReadAction\",\"target\":[\"https:\\\/\\\/wp.kristdemokraterna.se\\\/upplandsvasby\\\/textsida-med-vanster-sidebar\\\/fortroendevalda\\\/\"]}]},{\"@type\":\"BreadcrumbList\",\"@id\":\"https:\\\/\\\/wp.kristdemokraterna.se\\\/upplandsvasby\\\/textsida-med-vanster-sidebar\\\/fortroendevalda\\\/#breadcrumb\",\"itemListElement\":[{\"@type\":\"ListItem\",\"position\":1,\"name\":\"Hem\",\"item\":\"https:\\\/\\\/wp.kristdemokraterna.se\\\/upplandsvasby\\\/\"},{\"@type\":\"ListItem\",\"position\":2,\"name\":\"V\u00e5r partiavdelning\",\"item\":\"https:\\\/\\\/wp.kristdemokraterna.se\\\/upplandsvasby\\\/textsida-med-vanster-sidebar\\\/\"},{\"@type\":\"ListItem\",\"position\":3,\"name\":\"F\u00f6rtroendevalda 2026\"}]},{\"@type\":\"WebSite\",\"@id\":\"https:\\\/\\\/wp.kristdemokraterna.se\\\/upplandsvasby\\\/#website\",\"url\":\"https:\\\/\\\/wp.kristdemokraterna.se\\\/upplandsvasby\\\/\",\"name\":\"Kristdemokraterna | Upplands V\u00e4sby\",\"description\":\"\u00c4nnu en webbplats hos Kristdemokraterna\",\"inLanguage\":\"sv-SE\"}]}<\/script>\n<!-- \/ Yoast SEO plugin. -->","yoast_head_json":{"title":"F\u00f6rtroendevalda 2026 - Kristdemokraterna | Upplands V\u00e4sby","robots":{"index":"index","follow":"follow","max-snippet":"max-snippet:-1","max-image-preview":"max-image-preview:large","max-video-preview":"max-video-preview:-1"},"canonical":"https:\/\/wp.kristdemokraterna.se\/upplandsvasby\/textsida-med-vanster-sidebar\/fortroendevalda\/","og_locale":"sv_SE","og_type":"article","og_title":"F\u00f6rtroendevalda 2026 - Kristdemokraterna | Upplands V\u00e4sby","og_description":"Kristdemokraterna i Upplands V\u00e4sbys representation 2025 Kommunfullm\u00e4ktige Ordinarie:\u00a0 \u00a0 \u00a0 1. Maria F\u00e4lth 2. Kristina Klempt Ers\u00e4ttare:\u00a0 \u00a0 1. Lars Tunkrans 2. Linda Broberg Kommunfullm\u00e4ktiges valberedning\u00a0\u00a0\u00a0\u00a0\u00a0\u00a0 Ordinarie:\u00a0 \u00a0 \u00a0 Kristina Klempt Ers\u00e4ttare: Kommunstyrelsen Ordinarie: Vice ordf\u00f6rande: Maria F\u00e4lth Ers\u00e4ttare:\u00a0 \u00a0 \u00a0 \u00a0Kristina Klempt KS Planutskott Ers\u00e4ttare:\u00a0 \u00a0 \u00a0Maria F\u00e4lth KS N\u00e4ringslivs- och kompetensutskott Ers\u00e4ttare:\u00a0 \u00a0 L\u00e4s mer","og_url":"https:\/\/wp.kristdemokraterna.se\/upplandsvasby\/textsida-med-vanster-sidebar\/fortroendevalda\/","og_site_name":"Kristdemokraterna | Upplands V\u00e4sby","article_modified_time":"2026-02-11T13:38:47+00:00","twitter_card":"summary_large_image","twitter_misc":{"Ber\u00e4knad l\u00e4stid":"1 minut"},"schema":{"@context":"https:\/\/schema.org","@graph":[{"@type":"WebPage","@id":"https:\/\/wp.kristdemokraterna.se\/upplandsvasby\/textsida-med-vanster-sidebar\/fortroendevalda\/","url":"https:\/\/wp.kristdemokraterna.se\/upplandsvasby\/textsida-med-vanster-sidebar\/fortroendevalda\/","name":"F\u00f6rtroendevalda 2026 - Kristdemokraterna | Upplands V\u00e4sby","isPartOf":{"@id":"https:\/\/wp.kristdemokraterna.se\/upplandsvasby\/#website"},"datePublished":"2021-04-17T08:46:12+00:00","dateModified":"2026-02-11T13:38:47+00:00","breadcrumb":{"@id":"https:\/\/wp.kristdemokraterna.se\/upplandsvasby\/textsida-med-vanster-sidebar\/fortroendevalda\/#breadcrumb"},"inLanguage":"sv-SE","potentialAction":[{"@type":"ReadAction","target":["https:\/\/wp.kristdemokraterna.se\/upplandsvasby\/textsida-med-vanster-sidebar\/fortroendevalda\/"]}]},{"@type":"BreadcrumbList","@id":"https:\/\/wp.kristdemokraterna.se\/upplandsvasby\/textsida-med-vanster-sidebar\/fortroendevalda\/#breadcrumb","itemListElement":[{"@type":"ListItem","position":1,"name":"Hem","item":"https:\/\/wp.kristdemokraterna.se\/upplandsvasby\/"},{"@type":"ListItem","position":2,"name":"V\u00e5r partiavdelning","item":"https:\/\/wp.kristdemokraterna.se\/upplandsvasby\/textsida-med-vanster-sidebar\/"},{"@type":"ListItem","position":3,"name":"F\u00f6rtroendevalda 2026"}]},{"@type":"WebSite","@id":"https:\/\/wp.kristdemokraterna.se\/upplandsvasby\/#website","url":"https:\/\/wp.kristdemokraterna.se\/upplandsvasby\/","name":"Kristdemokraterna | Upplands V\u00e4sby","description":"\u00c4nnu en webbplats hos Kristdemokraterna","inLanguage":"sv-SE"}]}},"_links":{"self":[{"href":"https:\/\/wp.kristdemokraterna.se\/upplandsvasby\/wp-json\/wp\/v2\/pages\/626","targetHints":{"allow":["GET"]}}],"collection":[{"href":"https:\/\/wp.kristdemokraterna.se\/upplandsvasby\/wp-json\/wp\/v2\/pages"}],"about":[{"href":"https:\/\/wp.kristdemokraterna.se\/upplandsvasby\/wp-json\/wp\/v2\/types\/page"}],"author":[{"embeddable":true,"href":"https:\/\/wp.kristdemokraterna.se\/upplandsvasby\/wp-json\/wp\/v2\/users\/13"}],"replies":[{"embeddable":true,"href":"https:\/\/wp.kristdemokraterna.se\/upplandsvasby\/wp-json\/wp\/v2\/comments?post=626"}],"version-history":[{"count":12,"href":"https:\/\/wp.kristdemokraterna.se\/upplandsvasby\/wp-json\/wp\/v2\/pages\/626\/revisions"}],"predecessor-version":[{"id":1030,"href":"https:\/\/wp.kristdemokraterna.se\/upplandsvasby\/wp-json\/wp\/v2\/pages\/626\/revisions\/1030"}],"up":[{"embeddable":true,"href":"https:\/\/wp.kristdemokraterna.se\/upplandsvasby\/wp-json\/wp\/v2\/pages\/269"}],"wp:attachment":[{"href":"https:\/\/wp.kristdemokraterna.se\/upplandsvasby\/wp-json\/wp\/v2\/media?parent=626"}],"curies":[{"name":"wp","href":"https:\/\/api.w.org\/{rel}","templated":true}]}}