{"id":823,"date":"2022-08-01T16:42:11","date_gmt":"2022-08-01T14:42:11","guid":{"rendered":"https:\/\/wp.kristdemokraterna.se\/upplandsvasby\/?page_id=823"},"modified":"2026-02-11T14:42:04","modified_gmt":"2026-02-11T13:42:04","slug":"marias-blogg","status":"publish","type":"page","link":"https:\/\/wp.kristdemokraterna.se\/upplandsvasby\/startsida\/marias-blogg\/","title":{"rendered":"Marias blogg"},"content":{"rendered":"<p>Jag vill p\u00e5 denna bloggplats ge min syn p\u00e5 samh\u00e4llet och dess viktiga best\u00e5ndsdelar &#8211; m\u00e4nniskor och n\u00e4ra gemenskaper och allt annat som ska st\u00f6dja dem. Jag \u00e4r kristdemokrat och ska s\u00e5 f\u00f6rbli. Jag \u00e4r intresserad av j\u00e4mst\u00e4lldhetsfr\u00e5gor och andra m\u00e4nniskon\u00e4ra \u00e4mnen. Just nu \u00e4r jag gruppledare och 2:e vice ordf\u00f6rande i omsorgsn\u00e4mnden i Upplands V\u00e4sby. \u00c4r ocks\u00e5 regionpolitiker med fokus p\u00e5 klimat- och regionutvecklingsfr\u00e5gor.<\/p>\n<p>H\u00e4r hittar du till <a href=\"https:\/\/mariafalthkd.blogspot.com\/\" target=\"_blank\" rel=\"noopener\">min blogg<\/a>.<\/p>\n<p><a href=\"http:\/\/wp.kristdemokraterna.se\/upplandsvasby\/files\/2022\/08\/maria.jpg\"><img loading=\"lazy\" decoding=\"async\" class=\"alignnone size-medium wp-image-755\" src=\"http:\/\/wp.kristdemokraterna.se\/upplandsvasby\/files\/2022\/08\/maria-300x251.jpg\" alt=\"\" width=\"300\" height=\"251\" srcset=\"https:\/\/wp.kristdemokraterna.se\/upplandsvasby\/files\/2022\/08\/maria-300x251.jpg 300w, https:\/\/wp.kristdemokraterna.se\/upplandsvasby\/files\/2022\/08\/maria-768x644.jpg 768w, https:\/\/wp.kristdemokraterna.se\/upplandsvasby\/files\/2022\/08\/maria-239x200.jpg 239w, https:\/\/wp.kristdemokraterna.se\/upplandsvasby\/files\/2022\/08\/maria-500x420.jpg 500w, https:\/\/wp.kristdemokraterna.se\/upplandsvasby\/files\/2022\/08\/maria-370x310.jpg 370w, https:\/\/wp.kristdemokraterna.se\/upplandsvasby\/files\/2022\/08\/maria-770x645.jpg 770w, https:\/\/wp.kristdemokraterna.se\/upplandsvasby\/files\/2022\/08\/maria-450x377.jpg 450w, https:\/\/wp.kristdemokraterna.se\/upplandsvasby\/files\/2022\/08\/maria-280x235.jpg 280w, https:\/\/wp.kristdemokraterna.se\/upplandsvasby\/files\/2022\/08\/maria-340x285.jpg 340w, https:\/\/wp.kristdemokraterna.se\/upplandsvasby\/files\/2022\/08\/maria-200x168.jpg 200w, https:\/\/wp.kristdemokraterna.se\/upplandsvasby\/files\/2022\/08\/maria-67x56.jpg 67w, https:\/\/wp.kristdemokraterna.se\/upplandsvasby\/files\/2022\/08\/maria.jpg 940w\" sizes=\"auto, (max-width: 300px) 100vw, 300px\" \/><\/a><\/p>\n<p><strong>Maria F\u00e4lth,<\/strong> gruppledare och regionpolitker (KD)<\/p>\n<p>&nbsp;<\/p>\n","protected":false},"excerpt":{"rendered":"<p>Jag vill p\u00e5 denna bloggplats ge min syn p\u00e5 samh\u00e4llet och dess viktiga best\u00e5ndsdelar &#8211; m\u00e4nniskor och n\u00e4ra gemenskaper och allt annat som ska st\u00f6dja dem. Jag \u00e4r kristdemokrat och ska s\u00e5 f\u00f6rbli. Jag \u00e4r intresserad av j\u00e4mst\u00e4lldhetsfr\u00e5gor och andra m\u00e4nniskon\u00e4ra \u00e4mnen. Just nu \u00e4r jag gruppledare och 2:e vice ordf\u00f6rande i omsorgsn\u00e4mnden i Upplands <a class=\"read-more-link\" href=\"https:\/\/wp.kristdemokraterna.se\/upplandsvasby\/startsida\/marias-blogg\/\">L\u00e4s mer<\/a><\/p>\n","protected":false},"author":13,"featured_media":0,"parent":265,"menu_order":1,"comment_status":"closed","ping_status":"closed","template":"","meta":{"_acf_changed":false,"footnotes":""},"class_list":["post-823","page","type-page","status-publish","hentry"],"acf":[],"yoast_head":"<!-- This site is optimized with the Yoast SEO plugin v27.3 - https:\/\/yoast.com\/product\/yoast-seo-wordpress\/ -->\n<title>Marias blogg - Kristdemokraterna | Upplands V\u00e4sby<\/title>\n<meta name=\"robots\" content=\"index, follow, max-snippet:-1, max-image-preview:large, max-video-preview:-1\" \/>\n<link rel=\"canonical\" href=\"https:\/\/wp.kristdemokraterna.se\/upplandsvasby\/startsida\/marias-blogg\/\" \/>\n<meta property=\"og:locale\" content=\"sv_SE\" \/>\n<meta property=\"og:type\" content=\"article\" \/>\n<meta property=\"og:title\" content=\"Marias blogg - Kristdemokraterna | Upplands V\u00e4sby\" \/>\n<meta property=\"og:description\" content=\"Jag vill p\u00e5 denna bloggplats ge min syn p\u00e5 samh\u00e4llet och dess viktiga best\u00e5ndsdelar &#8211; m\u00e4nniskor och n\u00e4ra gemenskaper och allt annat som ska st\u00f6dja dem. Jag \u00e4r kristdemokrat och ska s\u00e5 f\u00f6rbli. Jag \u00e4r intresserad av j\u00e4mst\u00e4lldhetsfr\u00e5gor och andra m\u00e4nniskon\u00e4ra \u00e4mnen. Just nu \u00e4r jag gruppledare och 2:e vice ordf\u00f6rande i omsorgsn\u00e4mnden i Upplands L\u00e4s mer\" \/>\n<meta property=\"og:url\" content=\"https:\/\/wp.kristdemokraterna.se\/upplandsvasby\/startsida\/marias-blogg\/\" \/>\n<meta property=\"og:site_name\" content=\"Kristdemokraterna | Upplands V\u00e4sby\" \/>\n<meta property=\"article:modified_time\" content=\"2026-02-11T13:42:04+00:00\" \/>\n<meta property=\"og:image\" content=\"https:\/\/wp.kristdemokraterna.se\/upplandsvasby\/files\/2022\/08\/maria.jpg\" \/>\n\t<meta property=\"og:image:width\" content=\"940\" \/>\n\t<meta property=\"og:image:height\" content=\"788\" \/>\n\t<meta property=\"og:image:type\" content=\"image\/jpeg\" \/>\n<meta name=\"twitter:card\" content=\"summary_large_image\" \/>\n<meta name=\"twitter:label1\" content=\"Ber\u00e4knad l\u00e4stid\" \/>\n\t<meta name=\"twitter:data1\" content=\"1 minut\" \/>\n<script type=\"application\/ld+json\" class=\"yoast-schema-graph\">{\"@context\":\"https:\\\/\\\/schema.org\",\"@graph\":[{\"@type\":\"WebPage\",\"@id\":\"https:\\\/\\\/wp.kristdemokraterna.se\\\/upplandsvasby\\\/startsida\\\/marias-blogg\\\/\",\"url\":\"https:\\\/\\\/wp.kristdemokraterna.se\\\/upplandsvasby\\\/startsida\\\/marias-blogg\\\/\",\"name\":\"Marias blogg - Kristdemokraterna | Upplands V\u00e4sby\",\"isPartOf\":{\"@id\":\"https:\\\/\\\/wp.kristdemokraterna.se\\\/upplandsvasby\\\/#website\"},\"primaryImageOfPage\":{\"@id\":\"https:\\\/\\\/wp.kristdemokraterna.se\\\/upplandsvasby\\\/startsida\\\/marias-blogg\\\/#primaryimage\"},\"image\":{\"@id\":\"https:\\\/\\\/wp.kristdemokraterna.se\\\/upplandsvasby\\\/startsida\\\/marias-blogg\\\/#primaryimage\"},\"thumbnailUrl\":\"http:\\\/\\\/wp.kristdemokraterna.se\\\/upplandsvasby\\\/files\\\/2022\\\/08\\\/maria-300x251.jpg\",\"datePublished\":\"2022-08-01T14:42:11+00:00\",\"dateModified\":\"2026-02-11T13:42:04+00:00\",\"breadcrumb\":{\"@id\":\"https:\\\/\\\/wp.kristdemokraterna.se\\\/upplandsvasby\\\/startsida\\\/marias-blogg\\\/#breadcrumb\"},\"inLanguage\":\"sv-SE\",\"potentialAction\":[{\"@type\":\"ReadAction\",\"target\":[\"https:\\\/\\\/wp.kristdemokraterna.se\\\/upplandsvasby\\\/startsida\\\/marias-blogg\\\/\"]}]},{\"@type\":\"ImageObject\",\"inLanguage\":\"sv-SE\",\"@id\":\"https:\\\/\\\/wp.kristdemokraterna.se\\\/upplandsvasby\\\/startsida\\\/marias-blogg\\\/#primaryimage\",\"url\":\"http:\\\/\\\/wp.kristdemokraterna.se\\\/upplandsvasby\\\/files\\\/2022\\\/08\\\/maria-300x251.jpg\",\"contentUrl\":\"http:\\\/\\\/wp.kristdemokraterna.se\\\/upplandsvasby\\\/files\\\/2022\\\/08\\\/maria-300x251.jpg\"},{\"@type\":\"BreadcrumbList\",\"@id\":\"https:\\\/\\\/wp.kristdemokraterna.se\\\/upplandsvasby\\\/startsida\\\/marias-blogg\\\/#breadcrumb\",\"itemListElement\":[{\"@type\":\"ListItem\",\"position\":1,\"name\":\"Hem\",\"item\":\"https:\\\/\\\/wp.kristdemokraterna.se\\\/upplandsvasby\\\/\"},{\"@type\":\"ListItem\",\"position\":2,\"name\":\"Startsida\",\"item\":\"https:\\\/\\\/wp.kristdemokraterna.se\\\/upplandsvasby\\\/\"},{\"@type\":\"ListItem\",\"position\":3,\"name\":\"Marias blogg\"}]},{\"@type\":\"WebSite\",\"@id\":\"https:\\\/\\\/wp.kristdemokraterna.se\\\/upplandsvasby\\\/#website\",\"url\":\"https:\\\/\\\/wp.kristdemokraterna.se\\\/upplandsvasby\\\/\",\"name\":\"Kristdemokraterna | Upplands V\u00e4sby\",\"description\":\"\u00c4nnu en webbplats hos Kristdemokraterna\",\"inLanguage\":\"sv-SE\"}]}<\/script>\n<!-- \/ Yoast SEO plugin. -->","yoast_head_json":{"title":"Marias blogg - Kristdemokraterna | Upplands V\u00e4sby","robots":{"index":"index","follow":"follow","max-snippet":"max-snippet:-1","max-image-preview":"max-image-preview:large","max-video-preview":"max-video-preview:-1"},"canonical":"https:\/\/wp.kristdemokraterna.se\/upplandsvasby\/startsida\/marias-blogg\/","og_locale":"sv_SE","og_type":"article","og_title":"Marias blogg - Kristdemokraterna | Upplands V\u00e4sby","og_description":"Jag vill p\u00e5 denna bloggplats ge min syn p\u00e5 samh\u00e4llet och dess viktiga best\u00e5ndsdelar &#8211; m\u00e4nniskor och n\u00e4ra gemenskaper och allt annat som ska st\u00f6dja dem. Jag \u00e4r kristdemokrat och ska s\u00e5 f\u00f6rbli. Jag \u00e4r intresserad av j\u00e4mst\u00e4lldhetsfr\u00e5gor och andra m\u00e4nniskon\u00e4ra \u00e4mnen. Just nu \u00e4r jag gruppledare och 2:e vice ordf\u00f6rande i omsorgsn\u00e4mnden i Upplands L\u00e4s mer","og_url":"https:\/\/wp.kristdemokraterna.se\/upplandsvasby\/startsida\/marias-blogg\/","og_site_name":"Kristdemokraterna | Upplands V\u00e4sby","article_modified_time":"2026-02-11T13:42:04+00:00","og_image":[{"width":940,"height":788,"url":"https:\/\/wp.kristdemokraterna.se\/upplandsvasby\/files\/2022\/08\/maria.jpg","type":"image\/jpeg"}],"twitter_card":"summary_large_image","twitter_misc":{"Ber\u00e4knad l\u00e4stid":"1 minut"},"schema":{"@context":"https:\/\/schema.org","@graph":[{"@type":"WebPage","@id":"https:\/\/wp.kristdemokraterna.se\/upplandsvasby\/startsida\/marias-blogg\/","url":"https:\/\/wp.kristdemokraterna.se\/upplandsvasby\/startsida\/marias-blogg\/","name":"Marias blogg - Kristdemokraterna | Upplands V\u00e4sby","isPartOf":{"@id":"https:\/\/wp.kristdemokraterna.se\/upplandsvasby\/#website"},"primaryImageOfPage":{"@id":"https:\/\/wp.kristdemokraterna.se\/upplandsvasby\/startsida\/marias-blogg\/#primaryimage"},"image":{"@id":"https:\/\/wp.kristdemokraterna.se\/upplandsvasby\/startsida\/marias-blogg\/#primaryimage"},"thumbnailUrl":"http:\/\/wp.kristdemokraterna.se\/upplandsvasby\/files\/2022\/08\/maria-300x251.jpg","datePublished":"2022-08-01T14:42:11+00:00","dateModified":"2026-02-11T13:42:04+00:00","breadcrumb":{"@id":"https:\/\/wp.kristdemokraterna.se\/upplandsvasby\/startsida\/marias-blogg\/#breadcrumb"},"inLanguage":"sv-SE","potentialAction":[{"@type":"ReadAction","target":["https:\/\/wp.kristdemokraterna.se\/upplandsvasby\/startsida\/marias-blogg\/"]}]},{"@type":"ImageObject","inLanguage":"sv-SE","@id":"https:\/\/wp.kristdemokraterna.se\/upplandsvasby\/startsida\/marias-blogg\/#primaryimage","url":"http:\/\/wp.kristdemokraterna.se\/upplandsvasby\/files\/2022\/08\/maria-300x251.jpg","contentUrl":"http:\/\/wp.kristdemokraterna.se\/upplandsvasby\/files\/2022\/08\/maria-300x251.jpg"},{"@type":"BreadcrumbList","@id":"https:\/\/wp.kristdemokraterna.se\/upplandsvasby\/startsida\/marias-blogg\/#breadcrumb","itemListElement":[{"@type":"ListItem","position":1,"name":"Hem","item":"https:\/\/wp.kristdemokraterna.se\/upplandsvasby\/"},{"@type":"ListItem","position":2,"name":"Startsida","item":"https:\/\/wp.kristdemokraterna.se\/upplandsvasby\/"},{"@type":"ListItem","position":3,"name":"Marias blogg"}]},{"@type":"WebSite","@id":"https:\/\/wp.kristdemokraterna.se\/upplandsvasby\/#website","url":"https:\/\/wp.kristdemokraterna.se\/upplandsvasby\/","name":"Kristdemokraterna | Upplands V\u00e4sby","description":"\u00c4nnu en webbplats hos Kristdemokraterna","inLanguage":"sv-SE"}]}},"_links":{"self":[{"href":"https:\/\/wp.kristdemokraterna.se\/upplandsvasby\/wp-json\/wp\/v2\/pages\/823","targetHints":{"allow":["GET"]}}],"collection":[{"href":"https:\/\/wp.kristdemokraterna.se\/upplandsvasby\/wp-json\/wp\/v2\/pages"}],"about":[{"href":"https:\/\/wp.kristdemokraterna.se\/upplandsvasby\/wp-json\/wp\/v2\/types\/page"}],"author":[{"embeddable":true,"href":"https:\/\/wp.kristdemokraterna.se\/upplandsvasby\/wp-json\/wp\/v2\/users\/13"}],"replies":[{"embeddable":true,"href":"https:\/\/wp.kristdemokraterna.se\/upplandsvasby\/wp-json\/wp\/v2\/comments?post=823"}],"version-history":[{"count":4,"href":"https:\/\/wp.kristdemokraterna.se\/upplandsvasby\/wp-json\/wp\/v2\/pages\/823\/revisions"}],"predecessor-version":[{"id":1031,"href":"https:\/\/wp.kristdemokraterna.se\/upplandsvasby\/wp-json\/wp\/v2\/pages\/823\/revisions\/1031"}],"up":[{"embeddable":true,"href":"https:\/\/wp.kristdemokraterna.se\/upplandsvasby\/wp-json\/wp\/v2\/pages\/265"}],"wp:attachment":[{"href":"https:\/\/wp.kristdemokraterna.se\/upplandsvasby\/wp-json\/wp\/v2\/media?parent=823"}],"curies":[{"name":"wp","href":"https:\/\/api.w.org\/{rel}","templated":true}]}}