{"id":2463,"date":"2018-04-05T12:39:21","date_gmt":"2018-04-05T10:39:21","guid":{"rendered":"http:\/\/wp.kristdemokraterna.se\/uppsala\/?page_id=2463"},"modified":"2025-01-13T15:27:03","modified_gmt":"2025-01-13T14:27:03","slug":"var-politik","status":"publish","type":"page","link":"https:\/\/wp.kristdemokraterna.se\/uppsala\/kd-i-uppsala-kommun\/kommunprogram-uppsala\/var-politik\/","title":{"rendered":"Kommunprogram 2018-2022"},"content":{"rendered":"<p>I v\u00e5rt kommunpolitiska program f\u00f6r mandatperioden 2018-2022 finner du text och punkter kring v\u00e5r samh\u00e4llssyn och v\u00e5ra f\u00f6rslag f\u00f6r ett b\u00e4ttre Uppsala. Klicka p\u00e5 bilden f\u00f6r att ta del av programmet.<\/p>\n<p><a href=\"http:\/\/wp.kristdemokraterna.se\/uppsala\/files\/2018\/10\/kd-uppsalas-kommunpolitiska-valprogram-2018.pdf\"><img loading=\"lazy\" decoding=\"async\" class=\"alignnone size-full wp-image-2923\" src=\"http:\/\/wp.kristdemokraterna.se\/uppsala\/files\/2018\/10\/skarmklipp.jpg\" alt=\"\" width=\"553\" height=\"784\" srcset=\"https:\/\/wp.kristdemokraterna.se\/uppsala\/files\/2018\/10\/skarmklipp.jpg 553w, https:\/\/wp.kristdemokraterna.se\/uppsala\/files\/2018\/10\/skarmklipp-212x300.jpg 212w, https:\/\/wp.kristdemokraterna.se\/uppsala\/files\/2018\/10\/skarmklipp-381x540.jpg 381w, https:\/\/wp.kristdemokraterna.se\/uppsala\/files\/2018\/10\/skarmklipp-141x200.jpg 141w, https:\/\/wp.kristdemokraterna.se\/uppsala\/files\/2018\/10\/skarmklipp-370x525.jpg 370w, https:\/\/wp.kristdemokraterna.se\/uppsala\/files\/2018\/10\/skarmklipp-450x638.jpg 450w, https:\/\/wp.kristdemokraterna.se\/uppsala\/files\/2018\/10\/skarmklipp-280x397.jpg 280w, https:\/\/wp.kristdemokraterna.se\/uppsala\/files\/2018\/10\/skarmklipp-340x482.jpg 340w, https:\/\/wp.kristdemokraterna.se\/uppsala\/files\/2018\/10\/skarmklipp-40x56.jpg 40w\" sizes=\"auto, (max-width: 553px) 100vw, 553px\" \/><\/a><\/p>\n<p>&nbsp;<\/p>\n<p>&nbsp;<\/p>\n<p>&nbsp;<\/p>\n","protected":false},"excerpt":{"rendered":"<p>I v\u00e5rt kommunpolitiska program f\u00f6r mandatperioden 2018-2022 finner du text och punkter kring v\u00e5r samh\u00e4llssyn och v\u00e5ra f\u00f6rslag f\u00f6r ett b\u00e4ttre Uppsala. Klicka p\u00e5 bilden f\u00f6r att ta del av programmet. &nbsp; &nbsp; &nbsp;<\/p>\n","protected":false},"author":764,"featured_media":0,"parent":4807,"menu_order":7,"comment_status":"closed","ping_status":"closed","template":"","meta":{"_acf_changed":false,"footnotes":""},"class_list":["post-2463","page","type-page","status-publish","hentry"],"acf":[],"yoast_head":"<!-- This site is optimized with the Yoast SEO plugin v27.4 - https:\/\/yoast.com\/product\/yoast-seo-wordpress\/ -->\n<title>Kommunprogram 2018-2022 | Kristdemokraterna | Uppsala<\/title>\n<meta name=\"robots\" content=\"index, follow, max-snippet:-1, max-image-preview:large, max-video-preview:-1\" \/>\n<link rel=\"canonical\" href=\"https:\/\/wp.kristdemokraterna.se\/uppsala\/kd-i-uppsala-kommun\/kommunprogram-uppsala\/var-politik\/\" \/>\n<meta property=\"og:locale\" content=\"sv_SE\" \/>\n<meta property=\"og:type\" content=\"article\" \/>\n<meta property=\"og:title\" content=\"Kommunprogram 2018-2022 | Kristdemokraterna | Uppsala\" \/>\n<meta property=\"og:description\" content=\"I v\u00e5rt kommunpolitiska program f\u00f6r mandatperioden 2018-2022 finner du text och punkter kring v\u00e5r samh\u00e4llssyn och v\u00e5ra f\u00f6rslag f\u00f6r ett b\u00e4ttre Uppsala. Klicka p\u00e5 bilden f\u00f6r att ta del av programmet. &nbsp; &nbsp; &nbsp;\" \/>\n<meta property=\"og:url\" content=\"https:\/\/wp.kristdemokraterna.se\/uppsala\/kd-i-uppsala-kommun\/kommunprogram-uppsala\/var-politik\/\" \/>\n<meta property=\"og:site_name\" content=\"Kristdemokraterna | Uppsala\" \/>\n<meta property=\"article:publisher\" content=\"https:\/\/www.facebook.com\/UppsalaKD\/\" \/>\n<meta property=\"article:modified_time\" content=\"2025-01-13T14:27:03+00:00\" \/>\n<meta property=\"og:image\" content=\"https:\/\/wp.kristdemokraterna.se\/uppsala\/files\/2018\/10\/skarmklipp.jpg\" \/>\n\t<meta property=\"og:image:width\" content=\"553\" \/>\n\t<meta property=\"og:image:height\" content=\"784\" \/>\n\t<meta property=\"og:image:type\" content=\"image\/jpeg\" \/>\n<meta name=\"twitter:card\" content=\"summary_large_image\" \/>\n<meta name=\"twitter:label1\" content=\"Ber\u00e4knad l\u00e4stid\" \/>\n\t<meta name=\"twitter:data1\" content=\"1 minut\" \/>\n<script type=\"application\/ld+json\" class=\"yoast-schema-graph\">{\"@context\":\"https:\\\/\\\/schema.org\",\"@graph\":[{\"@type\":\"WebPage\",\"@id\":\"https:\\\/\\\/wp.kristdemokraterna.se\\\/uppsala\\\/kd-i-uppsala-kommun\\\/kommunprogram-uppsala\\\/var-politik\\\/\",\"url\":\"https:\\\/\\\/wp.kristdemokraterna.se\\\/uppsala\\\/kd-i-uppsala-kommun\\\/kommunprogram-uppsala\\\/var-politik\\\/\",\"name\":\"Kommunprogram 2018-2022 | Kristdemokraterna | Uppsala\",\"isPartOf\":{\"@id\":\"https:\\\/\\\/wp.kristdemokraterna.se\\\/uppsala\\\/#website\"},\"primaryImageOfPage\":{\"@id\":\"https:\\\/\\\/wp.kristdemokraterna.se\\\/uppsala\\\/kd-i-uppsala-kommun\\\/kommunprogram-uppsala\\\/var-politik\\\/#primaryimage\"},\"image\":{\"@id\":\"https:\\\/\\\/wp.kristdemokraterna.se\\\/uppsala\\\/kd-i-uppsala-kommun\\\/kommunprogram-uppsala\\\/var-politik\\\/#primaryimage\"},\"thumbnailUrl\":\"http:\\\/\\\/wp.kristdemokraterna.se\\\/uppsala\\\/files\\\/2018\\\/10\\\/skarmklipp.jpg\",\"datePublished\":\"2018-04-05T10:39:21+00:00\",\"dateModified\":\"2025-01-13T14:27:03+00:00\",\"breadcrumb\":{\"@id\":\"https:\\\/\\\/wp.kristdemokraterna.se\\\/uppsala\\\/kd-i-uppsala-kommun\\\/kommunprogram-uppsala\\\/var-politik\\\/#breadcrumb\"},\"inLanguage\":\"sv-SE\",\"potentialAction\":[{\"@type\":\"ReadAction\",\"target\":[\"https:\\\/\\\/wp.kristdemokraterna.se\\\/uppsala\\\/kd-i-uppsala-kommun\\\/kommunprogram-uppsala\\\/var-politik\\\/\"]}]},{\"@type\":\"ImageObject\",\"inLanguage\":\"sv-SE\",\"@id\":\"https:\\\/\\\/wp.kristdemokraterna.se\\\/uppsala\\\/kd-i-uppsala-kommun\\\/kommunprogram-uppsala\\\/var-politik\\\/#primaryimage\",\"url\":\"https:\\\/\\\/wp.kristdemokraterna.se\\\/uppsala\\\/files\\\/2018\\\/10\\\/skarmklipp.jpg\",\"contentUrl\":\"https:\\\/\\\/wp.kristdemokraterna.se\\\/uppsala\\\/files\\\/2018\\\/10\\\/skarmklipp.jpg\",\"width\":553,\"height\":784},{\"@type\":\"BreadcrumbList\",\"@id\":\"https:\\\/\\\/wp.kristdemokraterna.se\\\/uppsala\\\/kd-i-uppsala-kommun\\\/kommunprogram-uppsala\\\/var-politik\\\/#breadcrumb\",\"itemListElement\":[{\"@type\":\"ListItem\",\"position\":1,\"name\":\"Hem\",\"item\":\"https:\\\/\\\/wp.kristdemokraterna.se\\\/uppsala\\\/\"},{\"@type\":\"ListItem\",\"position\":2,\"name\":\"Kristdemokraterna i Uppsala Kommun\",\"item\":\"https:\\\/\\\/wp.kristdemokraterna.se\\\/uppsala\\\/kd-i-uppsala-kommun\\\/\"},{\"@type\":\"ListItem\",\"position\":3,\"name\":\"Kommunprogram Uppsala\",\"item\":\"https:\\\/\\\/wp.kristdemokraterna.se\\\/uppsala\\\/kd-i-uppsala-kommun\\\/kommunprogram-uppsala\\\/\"},{\"@type\":\"ListItem\",\"position\":4,\"name\":\"Kommunprogram 2018-2022\"}]},{\"@type\":\"WebSite\",\"@id\":\"https:\\\/\\\/wp.kristdemokraterna.se\\\/uppsala\\\/#website\",\"url\":\"https:\\\/\\\/wp.kristdemokraterna.se\\\/uppsala\\\/\",\"name\":\"Kristdemokraterna Uppsala\",\"description\":\"Tryggare Uppsala\",\"publisher\":{\"@id\":\"https:\\\/\\\/wp.kristdemokraterna.se\\\/uppsala\\\/#organization\"},\"inLanguage\":\"sv-SE\"},{\"@type\":\"Organization\",\"@id\":\"https:\\\/\\\/wp.kristdemokraterna.se\\\/uppsala\\\/#organization\",\"name\":\"Kristdemokraterna Uppsala\",\"url\":\"https:\\\/\\\/wp.kristdemokraterna.se\\\/uppsala\\\/\",\"logo\":{\"@type\":\"ImageObject\",\"inLanguage\":\"sv-SE\",\"@id\":\"https:\\\/\\\/wp.kristdemokraterna.se\\\/uppsala\\\/#\\\/schema\\\/logo\\\/image\\\/\",\"url\":\"https:\\\/\\\/wp.kristdemokraterna.se\\\/uppsala\\\/files\\\/2019\\\/10\\\/kd-uppsala.png\",\"contentUrl\":\"https:\\\/\\\/wp.kristdemokraterna.se\\\/uppsala\\\/files\\\/2019\\\/10\\\/kd-uppsala.png\",\"width\":804,\"height\":421,\"caption\":\"Kristdemokraterna Uppsala\"},\"image\":{\"@id\":\"https:\\\/\\\/wp.kristdemokraterna.se\\\/uppsala\\\/#\\\/schema\\\/logo\\\/image\\\/\"},\"sameAs\":[\"https:\\\/\\\/www.facebook.com\\\/UppsalaKD\\\/\",\"https:\\\/\\\/www.instagram.com\\\/uppsalakd\\\/\"]}]}<\/script>\n<!-- \/ Yoast SEO plugin. -->","yoast_head_json":{"title":"Kommunprogram 2018-2022 | Kristdemokraterna | Uppsala","robots":{"index":"index","follow":"follow","max-snippet":"max-snippet:-1","max-image-preview":"max-image-preview:large","max-video-preview":"max-video-preview:-1"},"canonical":"https:\/\/wp.kristdemokraterna.se\/uppsala\/kd-i-uppsala-kommun\/kommunprogram-uppsala\/var-politik\/","og_locale":"sv_SE","og_type":"article","og_title":"Kommunprogram 2018-2022 | Kristdemokraterna | Uppsala","og_description":"I v\u00e5rt kommunpolitiska program f\u00f6r mandatperioden 2018-2022 finner du text och punkter kring v\u00e5r samh\u00e4llssyn och v\u00e5ra f\u00f6rslag f\u00f6r ett b\u00e4ttre Uppsala. Klicka p\u00e5 bilden f\u00f6r att ta del av programmet. &nbsp; &nbsp; &nbsp;","og_url":"https:\/\/wp.kristdemokraterna.se\/uppsala\/kd-i-uppsala-kommun\/kommunprogram-uppsala\/var-politik\/","og_site_name":"Kristdemokraterna | Uppsala","article_publisher":"https:\/\/www.facebook.com\/UppsalaKD\/","article_modified_time":"2025-01-13T14:27:03+00:00","og_image":[{"width":553,"height":784,"url":"https:\/\/wp.kristdemokraterna.se\/uppsala\/files\/2018\/10\/skarmklipp.jpg","type":"image\/jpeg"}],"twitter_card":"summary_large_image","twitter_misc":{"Ber\u00e4knad l\u00e4stid":"1 minut"},"schema":{"@context":"https:\/\/schema.org","@graph":[{"@type":"WebPage","@id":"https:\/\/wp.kristdemokraterna.se\/uppsala\/kd-i-uppsala-kommun\/kommunprogram-uppsala\/var-politik\/","url":"https:\/\/wp.kristdemokraterna.se\/uppsala\/kd-i-uppsala-kommun\/kommunprogram-uppsala\/var-politik\/","name":"Kommunprogram 2018-2022 | Kristdemokraterna | Uppsala","isPartOf":{"@id":"https:\/\/wp.kristdemokraterna.se\/uppsala\/#website"},"primaryImageOfPage":{"@id":"https:\/\/wp.kristdemokraterna.se\/uppsala\/kd-i-uppsala-kommun\/kommunprogram-uppsala\/var-politik\/#primaryimage"},"image":{"@id":"https:\/\/wp.kristdemokraterna.se\/uppsala\/kd-i-uppsala-kommun\/kommunprogram-uppsala\/var-politik\/#primaryimage"},"thumbnailUrl":"http:\/\/wp.kristdemokraterna.se\/uppsala\/files\/2018\/10\/skarmklipp.jpg","datePublished":"2018-04-05T10:39:21+00:00","dateModified":"2025-01-13T14:27:03+00:00","breadcrumb":{"@id":"https:\/\/wp.kristdemokraterna.se\/uppsala\/kd-i-uppsala-kommun\/kommunprogram-uppsala\/var-politik\/#breadcrumb"},"inLanguage":"sv-SE","potentialAction":[{"@type":"ReadAction","target":["https:\/\/wp.kristdemokraterna.se\/uppsala\/kd-i-uppsala-kommun\/kommunprogram-uppsala\/var-politik\/"]}]},{"@type":"ImageObject","inLanguage":"sv-SE","@id":"https:\/\/wp.kristdemokraterna.se\/uppsala\/kd-i-uppsala-kommun\/kommunprogram-uppsala\/var-politik\/#primaryimage","url":"https:\/\/wp.kristdemokraterna.se\/uppsala\/files\/2018\/10\/skarmklipp.jpg","contentUrl":"https:\/\/wp.kristdemokraterna.se\/uppsala\/files\/2018\/10\/skarmklipp.jpg","width":553,"height":784},{"@type":"BreadcrumbList","@id":"https:\/\/wp.kristdemokraterna.se\/uppsala\/kd-i-uppsala-kommun\/kommunprogram-uppsala\/var-politik\/#breadcrumb","itemListElement":[{"@type":"ListItem","position":1,"name":"Hem","item":"https:\/\/wp.kristdemokraterna.se\/uppsala\/"},{"@type":"ListItem","position":2,"name":"Kristdemokraterna i Uppsala Kommun","item":"https:\/\/wp.kristdemokraterna.se\/uppsala\/kd-i-uppsala-kommun\/"},{"@type":"ListItem","position":3,"name":"Kommunprogram Uppsala","item":"https:\/\/wp.kristdemokraterna.se\/uppsala\/kd-i-uppsala-kommun\/kommunprogram-uppsala\/"},{"@type":"ListItem","position":4,"name":"Kommunprogram 2018-2022"}]},{"@type":"WebSite","@id":"https:\/\/wp.kristdemokraterna.se\/uppsala\/#website","url":"https:\/\/wp.kristdemokraterna.se\/uppsala\/","name":"Kristdemokraterna Uppsala","description":"Tryggare Uppsala","publisher":{"@id":"https:\/\/wp.kristdemokraterna.se\/uppsala\/#organization"},"inLanguage":"sv-SE"},{"@type":"Organization","@id":"https:\/\/wp.kristdemokraterna.se\/uppsala\/#organization","name":"Kristdemokraterna Uppsala","url":"https:\/\/wp.kristdemokraterna.se\/uppsala\/","logo":{"@type":"ImageObject","inLanguage":"sv-SE","@id":"https:\/\/wp.kristdemokraterna.se\/uppsala\/#\/schema\/logo\/image\/","url":"https:\/\/wp.kristdemokraterna.se\/uppsala\/files\/2019\/10\/kd-uppsala.png","contentUrl":"https:\/\/wp.kristdemokraterna.se\/uppsala\/files\/2019\/10\/kd-uppsala.png","width":804,"height":421,"caption":"Kristdemokraterna Uppsala"},"image":{"@id":"https:\/\/wp.kristdemokraterna.se\/uppsala\/#\/schema\/logo\/image\/"},"sameAs":["https:\/\/www.facebook.com\/UppsalaKD\/","https:\/\/www.instagram.com\/uppsalakd\/"]}]}},"_links":{"self":[{"href":"https:\/\/wp.kristdemokraterna.se\/uppsala\/wp-json\/wp\/v2\/pages\/2463","targetHints":{"allow":["GET"]}}],"collection":[{"href":"https:\/\/wp.kristdemokraterna.se\/uppsala\/wp-json\/wp\/v2\/pages"}],"about":[{"href":"https:\/\/wp.kristdemokraterna.se\/uppsala\/wp-json\/wp\/v2\/types\/page"}],"author":[{"embeddable":true,"href":"https:\/\/wp.kristdemokraterna.se\/uppsala\/wp-json\/wp\/v2\/users\/764"}],"replies":[{"embeddable":true,"href":"https:\/\/wp.kristdemokraterna.se\/uppsala\/wp-json\/wp\/v2\/comments?post=2463"}],"version-history":[{"count":9,"href":"https:\/\/wp.kristdemokraterna.se\/uppsala\/wp-json\/wp\/v2\/pages\/2463\/revisions"}],"predecessor-version":[{"id":4798,"href":"https:\/\/wp.kristdemokraterna.se\/uppsala\/wp-json\/wp\/v2\/pages\/2463\/revisions\/4798"}],"up":[{"embeddable":true,"href":"https:\/\/wp.kristdemokraterna.se\/uppsala\/wp-json\/wp\/v2\/pages\/4807"}],"wp:attachment":[{"href":"https:\/\/wp.kristdemokraterna.se\/uppsala\/wp-json\/wp\/v2\/media?parent=2463"}],"curies":[{"name":"wp","href":"https:\/\/api.w.org\/{rel}","templated":true}]}}