{"id":2464,"date":"2018-04-05T12:39:22","date_gmt":"2018-04-05T10:39:22","guid":{"rendered":"http:\/\/wp.kristdemokraterna.se\/uppsala\/?page_id=2464"},"modified":"2026-03-07T11:08:52","modified_gmt":"2026-03-07T10:08:52","slug":"var-partiavdelning","status":"publish","type":"page","link":"https:\/\/wp.kristdemokraterna.se\/uppsala\/startsida\/var-partiavdelning\/","title":{"rendered":"Kontakta lokala partiorganisationen"},"content":{"rendered":"<p>Vi \u00e4r en av Sveriges st\u00f6rsta partiavdelningar med \u00f6ver 800 medlemmar, och \u00e4r glada \u00f6ver att ha m\u00e5nga aktiviteter \u00e5ret runt. Vi jobbar fr\u00e4mst med att utveckla v\u00e5r lokala politik tillsammans med v\u00e5ra f\u00f6retr\u00e4dare i kommunfullm\u00e4ktige. Ut\u00f6ver det anordnar vi utbildningar, afterworks och kampanjer.<\/p>\n<p>\u00c4r du intresserad av att engagera dig hos oss? Kontakta n\u00e5gon av v\u00e5ra medarbetare!<\/p>\n<h3>Partiorganisationen<\/h3>\n<p><strong>Mikael Oscarsson, distriktsordf\u00f6rande<br \/>\n<\/strong>mikael.oscarsson(@)kristdemokraterna.se<\/p>\n<p><strong>Eva Moberg, ombud<\/strong><br \/>\neva.moberg(@)kristdemokraterna.se<\/p>\n<h3>Stadshuset<\/h3>\n<p><strong>Jonas Segersam, kommunalr\u00e5d<\/strong><br \/>\n018-727 13 04, jonas.segersam(@)kristdemokraterna.se<\/p>\n<p><strong>H\u00e9l\u00e8ne Brodin Rheindorf , politisk sekreterare<\/strong><br \/>\nhelene.brodin.rheindorf(@)kristdemokraterna.se<\/p>\n<h3>Region Uppsala<\/h3>\n<p><strong>Bj\u00f6rn-Owe Bj\u00f6rk, regionr\u00e5d<br \/>\n<\/strong>\u202d072-217 32 78\u202c, bjorn-owe.bjork(@)regionuppsala.se<\/p>\n<p><strong>Frida Bj\u00f6rk, politisk sekreterare<\/strong><br \/>\nfrida.bjork(@)kristdemokraterna.se<\/p>\n<p>&nbsp;<\/p>\n","protected":false},"excerpt":{"rendered":"<p>Vi \u00e4r en av Sveriges st\u00f6rsta partiavdelningar med \u00f6ver 800 medlemmar, och \u00e4r glada \u00f6ver att ha m\u00e5nga aktiviteter \u00e5ret runt. Vi jobbar fr\u00e4mst med att utveckla v\u00e5r lokala politik tillsammans med v\u00e5ra f\u00f6retr\u00e4dare i kommunfullm\u00e4ktige. Ut\u00f6ver det anordnar vi utbildningar, afterworks och kampanjer. \u00c4r du intresserad av att engagera dig hos oss? Kontakta n\u00e5gon <a class=\"read-more-link\" href=\"https:\/\/wp.kristdemokraterna.se\/uppsala\/startsida\/var-partiavdelning\/\">Read More<\/a><\/p>\n","protected":false},"author":764,"featured_media":0,"parent":2450,"menu_order":18,"comment_status":"closed","ping_status":"closed","template":"","meta":{"_acf_changed":false,"footnotes":""},"class_list":["post-2464","page","type-page","status-publish","hentry"],"acf":[],"yoast_head":"<!-- This site is optimized with the Yoast SEO plugin v27.6 - https:\/\/yoast.com\/product\/yoast-seo-wordpress\/ -->\n<title>Kontakta lokala partiorganisationen | Kristdemokraterna | Uppsala<\/title>\n<meta name=\"robots\" content=\"index, follow, max-snippet:-1, max-image-preview:large, max-video-preview:-1\" \/>\n<link rel=\"canonical\" href=\"https:\/\/wp.kristdemokraterna.se\/uppsala\/startsida\/var-partiavdelning\/\" \/>\n<meta property=\"og:locale\" content=\"sv_SE\" \/>\n<meta property=\"og:type\" content=\"article\" \/>\n<meta property=\"og:title\" content=\"Kontakta lokala partiorganisationen | Kristdemokraterna | Uppsala\" \/>\n<meta property=\"og:description\" content=\"Vi \u00e4r en av Sveriges st\u00f6rsta partiavdelningar med \u00f6ver 800 medlemmar, och \u00e4r glada \u00f6ver att ha m\u00e5nga aktiviteter \u00e5ret runt. Vi jobbar fr\u00e4mst med att utveckla v\u00e5r lokala politik tillsammans med v\u00e5ra f\u00f6retr\u00e4dare i kommunfullm\u00e4ktige. Ut\u00f6ver det anordnar vi utbildningar, afterworks och kampanjer. \u00c4r du intresserad av att engagera dig hos oss? Kontakta n\u00e5gon Read More\" \/>\n<meta property=\"og:url\" content=\"https:\/\/wp.kristdemokraterna.se\/uppsala\/startsida\/var-partiavdelning\/\" \/>\n<meta property=\"og:site_name\" content=\"Kristdemokraterna | Uppsala\" \/>\n<meta property=\"article:publisher\" content=\"https:\/\/www.facebook.com\/UppsalaKD\/\" \/>\n<meta property=\"article:modified_time\" content=\"2026-03-07T10:08:52+00:00\" \/>\n<meta property=\"og:image\" content=\"https:\/\/wp.kristdemokraterna.se\/uppsala\/files\/2021\/12\/kom1.png\" \/>\n\t<meta property=\"og:image:width\" content=\"770\" \/>\n\t<meta property=\"og:image:height\" content=\"404\" \/>\n\t<meta property=\"og:image:type\" content=\"image\/png\" \/>\n<meta name=\"twitter:card\" content=\"summary_large_image\" \/>\n<meta name=\"twitter:label1\" content=\"Ber\u00e4knad l\u00e4stid\" \/>\n\t<meta name=\"twitter:data1\" content=\"1 minut\" \/>\n<script type=\"application\/ld+json\" class=\"yoast-schema-graph\">{\"@context\":\"https:\\\/\\\/schema.org\",\"@graph\":[{\"@type\":\"WebPage\",\"@id\":\"https:\\\/\\\/wp.kristdemokraterna.se\\\/uppsala\\\/startsida\\\/var-partiavdelning\\\/\",\"url\":\"https:\\\/\\\/wp.kristdemokraterna.se\\\/uppsala\\\/startsida\\\/var-partiavdelning\\\/\",\"name\":\"Kontakta lokala partiorganisationen | Kristdemokraterna | Uppsala\",\"isPartOf\":{\"@id\":\"https:\\\/\\\/wp.kristdemokraterna.se\\\/uppsala\\\/#website\"},\"datePublished\":\"2018-04-05T10:39:22+00:00\",\"dateModified\":\"2026-03-07T10:08:52+00:00\",\"breadcrumb\":{\"@id\":\"https:\\\/\\\/wp.kristdemokraterna.se\\\/uppsala\\\/startsida\\\/var-partiavdelning\\\/#breadcrumb\"},\"inLanguage\":\"sv-SE\",\"potentialAction\":[{\"@type\":\"ReadAction\",\"target\":[\"https:\\\/\\\/wp.kristdemokraterna.se\\\/uppsala\\\/startsida\\\/var-partiavdelning\\\/\"]}]},{\"@type\":\"BreadcrumbList\",\"@id\":\"https:\\\/\\\/wp.kristdemokraterna.se\\\/uppsala\\\/startsida\\\/var-partiavdelning\\\/#breadcrumb\",\"itemListElement\":[{\"@type\":\"ListItem\",\"position\":1,\"name\":\"Hem\",\"item\":\"https:\\\/\\\/wp.kristdemokraterna.se\\\/uppsala\\\/\"},{\"@type\":\"ListItem\",\"position\":2,\"name\":\"Startsida\",\"item\":\"https:\\\/\\\/wp.kristdemokraterna.se\\\/uppsala\\\/\"},{\"@type\":\"ListItem\",\"position\":3,\"name\":\"Kontakta lokala partiorganisationen\"}]},{\"@type\":\"WebSite\",\"@id\":\"https:\\\/\\\/wp.kristdemokraterna.se\\\/uppsala\\\/#website\",\"url\":\"https:\\\/\\\/wp.kristdemokraterna.se\\\/uppsala\\\/\",\"name\":\"Kristdemokraterna Uppsala\",\"description\":\"Tryggare Uppsala\",\"publisher\":{\"@id\":\"https:\\\/\\\/wp.kristdemokraterna.se\\\/uppsala\\\/#organization\"},\"inLanguage\":\"sv-SE\"},{\"@type\":\"Organization\",\"@id\":\"https:\\\/\\\/wp.kristdemokraterna.se\\\/uppsala\\\/#organization\",\"name\":\"Kristdemokraterna Uppsala\",\"url\":\"https:\\\/\\\/wp.kristdemokraterna.se\\\/uppsala\\\/\",\"logo\":{\"@type\":\"ImageObject\",\"inLanguage\":\"sv-SE\",\"@id\":\"https:\\\/\\\/wp.kristdemokraterna.se\\\/uppsala\\\/#\\\/schema\\\/logo\\\/image\\\/\",\"url\":\"https:\\\/\\\/wp.kristdemokraterna.se\\\/uppsala\\\/files\\\/2019\\\/10\\\/kd-uppsala.png\",\"contentUrl\":\"https:\\\/\\\/wp.kristdemokraterna.se\\\/uppsala\\\/files\\\/2019\\\/10\\\/kd-uppsala.png\",\"width\":804,\"height\":421,\"caption\":\"Kristdemokraterna Uppsala\"},\"image\":{\"@id\":\"https:\\\/\\\/wp.kristdemokraterna.se\\\/uppsala\\\/#\\\/schema\\\/logo\\\/image\\\/\"},\"sameAs\":[\"https:\\\/\\\/www.facebook.com\\\/UppsalaKD\\\/\",\"https:\\\/\\\/www.instagram.com\\\/uppsalakd\\\/\"]}]}<\/script>\n<!-- \/ Yoast SEO plugin. -->","yoast_head_json":{"title":"Kontakta lokala partiorganisationen | Kristdemokraterna | Uppsala","robots":{"index":"index","follow":"follow","max-snippet":"max-snippet:-1","max-image-preview":"max-image-preview:large","max-video-preview":"max-video-preview:-1"},"canonical":"https:\/\/wp.kristdemokraterna.se\/uppsala\/startsida\/var-partiavdelning\/","og_locale":"sv_SE","og_type":"article","og_title":"Kontakta lokala partiorganisationen | Kristdemokraterna | Uppsala","og_description":"Vi \u00e4r en av Sveriges st\u00f6rsta partiavdelningar med \u00f6ver 800 medlemmar, och \u00e4r glada \u00f6ver att ha m\u00e5nga aktiviteter \u00e5ret runt. Vi jobbar fr\u00e4mst med att utveckla v\u00e5r lokala politik tillsammans med v\u00e5ra f\u00f6retr\u00e4dare i kommunfullm\u00e4ktige. Ut\u00f6ver det anordnar vi utbildningar, afterworks och kampanjer. \u00c4r du intresserad av att engagera dig hos oss? Kontakta n\u00e5gon Read More","og_url":"https:\/\/wp.kristdemokraterna.se\/uppsala\/startsida\/var-partiavdelning\/","og_site_name":"Kristdemokraterna | Uppsala","article_publisher":"https:\/\/www.facebook.com\/UppsalaKD\/","article_modified_time":"2026-03-07T10:08:52+00:00","og_image":[{"width":770,"height":404,"url":"https:\/\/wp.kristdemokraterna.se\/uppsala\/files\/2021\/12\/kom1.png","type":"image\/png"}],"twitter_card":"summary_large_image","twitter_misc":{"Ber\u00e4knad l\u00e4stid":"1 minut"},"schema":{"@context":"https:\/\/schema.org","@graph":[{"@type":"WebPage","@id":"https:\/\/wp.kristdemokraterna.se\/uppsala\/startsida\/var-partiavdelning\/","url":"https:\/\/wp.kristdemokraterna.se\/uppsala\/startsida\/var-partiavdelning\/","name":"Kontakta lokala partiorganisationen | Kristdemokraterna | Uppsala","isPartOf":{"@id":"https:\/\/wp.kristdemokraterna.se\/uppsala\/#website"},"datePublished":"2018-04-05T10:39:22+00:00","dateModified":"2026-03-07T10:08:52+00:00","breadcrumb":{"@id":"https:\/\/wp.kristdemokraterna.se\/uppsala\/startsida\/var-partiavdelning\/#breadcrumb"},"inLanguage":"sv-SE","potentialAction":[{"@type":"ReadAction","target":["https:\/\/wp.kristdemokraterna.se\/uppsala\/startsida\/var-partiavdelning\/"]}]},{"@type":"BreadcrumbList","@id":"https:\/\/wp.kristdemokraterna.se\/uppsala\/startsida\/var-partiavdelning\/#breadcrumb","itemListElement":[{"@type":"ListItem","position":1,"name":"Hem","item":"https:\/\/wp.kristdemokraterna.se\/uppsala\/"},{"@type":"ListItem","position":2,"name":"Startsida","item":"https:\/\/wp.kristdemokraterna.se\/uppsala\/"},{"@type":"ListItem","position":3,"name":"Kontakta lokala partiorganisationen"}]},{"@type":"WebSite","@id":"https:\/\/wp.kristdemokraterna.se\/uppsala\/#website","url":"https:\/\/wp.kristdemokraterna.se\/uppsala\/","name":"Kristdemokraterna Uppsala","description":"Tryggare Uppsala","publisher":{"@id":"https:\/\/wp.kristdemokraterna.se\/uppsala\/#organization"},"inLanguage":"sv-SE"},{"@type":"Organization","@id":"https:\/\/wp.kristdemokraterna.se\/uppsala\/#organization","name":"Kristdemokraterna Uppsala","url":"https:\/\/wp.kristdemokraterna.se\/uppsala\/","logo":{"@type":"ImageObject","inLanguage":"sv-SE","@id":"https:\/\/wp.kristdemokraterna.se\/uppsala\/#\/schema\/logo\/image\/","url":"https:\/\/wp.kristdemokraterna.se\/uppsala\/files\/2019\/10\/kd-uppsala.png","contentUrl":"https:\/\/wp.kristdemokraterna.se\/uppsala\/files\/2019\/10\/kd-uppsala.png","width":804,"height":421,"caption":"Kristdemokraterna Uppsala"},"image":{"@id":"https:\/\/wp.kristdemokraterna.se\/uppsala\/#\/schema\/logo\/image\/"},"sameAs":["https:\/\/www.facebook.com\/UppsalaKD\/","https:\/\/www.instagram.com\/uppsalakd\/"]}]}},"_links":{"self":[{"href":"https:\/\/wp.kristdemokraterna.se\/uppsala\/wp-json\/wp\/v2\/pages\/2464","targetHints":{"allow":["GET"]}}],"collection":[{"href":"https:\/\/wp.kristdemokraterna.se\/uppsala\/wp-json\/wp\/v2\/pages"}],"about":[{"href":"https:\/\/wp.kristdemokraterna.se\/uppsala\/wp-json\/wp\/v2\/types\/page"}],"author":[{"embeddable":true,"href":"https:\/\/wp.kristdemokraterna.se\/uppsala\/wp-json\/wp\/v2\/users\/764"}],"replies":[{"embeddable":true,"href":"https:\/\/wp.kristdemokraterna.se\/uppsala\/wp-json\/wp\/v2\/comments?post=2464"}],"version-history":[{"count":21,"href":"https:\/\/wp.kristdemokraterna.se\/uppsala\/wp-json\/wp\/v2\/pages\/2464\/revisions"}],"predecessor-version":[{"id":4994,"href":"https:\/\/wp.kristdemokraterna.se\/uppsala\/wp-json\/wp\/v2\/pages\/2464\/revisions\/4994"}],"up":[{"embeddable":true,"href":"https:\/\/wp.kristdemokraterna.se\/uppsala\/wp-json\/wp\/v2\/pages\/2450"}],"wp:attachment":[{"href":"https:\/\/wp.kristdemokraterna.se\/uppsala\/wp-json\/wp\/v2\/media?parent=2464"}],"curies":[{"name":"wp","href":"https:\/\/api.w.org\/{rel}","templated":true}]}}