{"id":2620,"date":"2018-06-28T14:42:40","date_gmt":"2018-06-28T12:42:40","guid":{"rendered":"http:\/\/wp.kristdemokraterna.se\/uppsala\/?page_id=2620"},"modified":"2025-01-13T15:27:00","modified_gmt":"2025-01-13T14:27:00","slug":"ett-levande-centrum-i-storvreta","status":"publish","type":"page","link":"https:\/\/wp.kristdemokraterna.se\/uppsala\/kd-i-uppsala-kommun\/kommunprogram-uppsala\/lokalt-program-storvreta\/ett-levande-centrum-i-storvreta\/","title":{"rendered":"Ett levande centrum i Storvreta"},"content":{"rendered":"<p><img loading=\"lazy\" decoding=\"async\" class=\"alignnone wp-image-2759\" src=\"http:\/\/wp.kristdemokraterna.se\/uppsala\/files\/2018\/07\/asia-2792981_1920.jpg\" alt=\"\" width=\"851\" height=\"567\" srcset=\"https:\/\/wp.kristdemokraterna.se\/uppsala\/files\/2018\/07\/asia-2792981_1920.jpg 1920w, https:\/\/wp.kristdemokraterna.se\/uppsala\/files\/2018\/07\/asia-2792981_1920-300x200.jpg 300w, https:\/\/wp.kristdemokraterna.se\/uppsala\/files\/2018\/07\/asia-2792981_1920-768x512.jpg 768w, https:\/\/wp.kristdemokraterna.se\/uppsala\/files\/2018\/07\/asia-2792981_1920-540x360.jpg 540w, https:\/\/wp.kristdemokraterna.se\/uppsala\/files\/2018\/07\/asia-2792981_1920-370x247.jpg 370w, https:\/\/wp.kristdemokraterna.se\/uppsala\/files\/2018\/07\/asia-2792981_1920-770x513.jpg 770w, https:\/\/wp.kristdemokraterna.se\/uppsala\/files\/2018\/07\/asia-2792981_1920-450x300.jpg 450w, https:\/\/wp.kristdemokraterna.se\/uppsala\/files\/2018\/07\/asia-2792981_1920-280x187.jpg 280w, https:\/\/wp.kristdemokraterna.se\/uppsala\/files\/2018\/07\/asia-2792981_1920-340x227.jpg 340w, https:\/\/wp.kristdemokraterna.se\/uppsala\/files\/2018\/07\/asia-2792981_1920-200x133.jpg 200w, https:\/\/wp.kristdemokraterna.se\/uppsala\/files\/2018\/07\/asia-2792981_1920-84x56.jpg 84w\" sizes=\"auto, (max-width: 851px) 100vw, 851px\" \/><\/p>\n<p><b>Storvretas centrum har inte utvecklats p\u00e5 m\u00e5nga \u00e5r. Vi vill \u00e4ndra p\u00e5 detta. V\u00e5r vision \u00e4r att de centrala delarna ska vara trevliga och inbjud<\/b><b>ande f\u00f6r b<\/b><b>\u00e5de Storvretabor och bes\u00f6kare.<\/b><\/p>\n<p>Att skapa trivsamma milj\u00f6er i det gemensamma offentliga rummet kan handla om allt fr\u00e5n att st\u00e4lla ut fler bloml\u00e5dor och fylla tomma font\u00e4nen med vatten, till att st\u00e4rka n\u00e4ringslivet och service f\u00f6r Storvretaborna.<\/p>\n<p>I dagsl\u00e4get \u00e4r trafiksituationen oh\u00e5llbar framf\u00f6r allt p\u00e5 morgnarna. F\u00f6r\u00e4ldrar beh\u00f6ver l\u00e4mna barnen p\u00e5 skolan f\u00f6r att sedan \u00e5ka till t\u00e5get eller bussh\u00e5llplats, och hoppas p\u00e5 att f\u00e5 en parkering. Det h\u00e4r orsakar k\u00f6er vid den enda korsningen alla ska passera, som blir till os\u00e4kra situationer f\u00f6r b\u00e5de barn och vuxna. Finns idag inte trygga cykelv\u00e4gsf\u00f6rbindelse fram till centrum fr\u00e5n de olika bostadsomr\u00e5dena i Storvreta.<\/p>\n<p>Storvreta \u00e4r vidstr\u00e4ckt. M\u00e5nga anv\u00e4nder bilen d\u00e5 det inte finns kollektivtrafik till exempelvis Lillvreta, Edshammar och Fjuckby. Pendlarparkeringarna beh\u00f6ver d\u00e4rf\u00f6r ut\u00f6kas, och inte byggas bort.<\/p>\n<p>Ut\u00f6ver detta s\u00e5 beh\u00f6ver n\u00e4ringsidkare f\u00e5 sina leveranser i tid under morgonen, d\u00e4r lastbilarna som transporterar varorna ska samsas om utrymmet med \u00f6vrig trafik vid Coop-korsningen i morgonrusningen.<\/p>\n<p>Fler hyresr\u00e4tter med plats f\u00f6r n\u00e4ringsverksamhet i bottenplanet skulle kunna bidra till ett trivsamt centrum f\u00f6r alla. Behovet finns framf\u00f6r allt bland studenter och \u00e4ldre (som vill s\u00e4lja sina hus och hyra n\u00e5got mindre till dr\u00e4glig hyra). Det finns flera tomter som passar speciellt bra f\u00f6r detta \u00e4ndam\u00e5l.<\/p>\n<p>F\u00f6r att beh\u00e5lla trivsamheten i centrum s\u00e5 vill ocks\u00e5 undvika att h\u00f6ghus byggs d\u00e4r. Tre v\u00e5ningar \u00e4r lagom som maxh\u00f6jd d\u00e4r h\u00e4nsyn ska tas till befintliga h\u00f6jder p\u00e5 husen.<\/p>\n<p><strong>Vi vill ocks\u00e5:<\/strong><\/p>\n<p>\u2022 Beh\u00e5lla parkeringsytan framf\u00f6r Vivo-tomten, samt lilla parken vid Coop.<br \/>\n\u2022 Bygga fler hyresr\u00e4tter, exempelvis p\u00e5 Coop-huset.<br \/>\n\u2022 Bygg fr\u00e5n gamla Palmskolan in mot ytan d\u00e4r Vivohuset stod, exempelvis ett trivsamt hus om max tre v\u00e5ningar d\u00e4r nedre botten kan l\u00e4mpa sig f\u00f6r n\u00e4ringsverksamhet.<br \/>\n\u2022 Fr\u00e4scha upp parken vid F\u00f6reningshuset och koppla p\u00e5 vattnet till font\u00e4nen.<br \/>\n\u2022 Se \u00f6ver m\u00f6jligheten att g\u00f6ra om Coop-korsningen till en rondell, alternativt annan l\u00f6sning som motverkar bilk\u00f6er och \u00f6kar s\u00e4kerheten.<br \/>\n\u2022 Ta bort n\u00e5gra av farthindren vid Skogsvallsv\u00e4gen s\u00e5 man inte v\u00e4ljer att k\u00f6ra genom centrum.<br \/>\n\u2022 Skapa en v\u00e4g f\u00f6r att ta sig till stationen utan att beh\u00f6va passera Coop-korsningen fr\u00e5n t ex \u00c4ngeby och \u00c5rby.<\/p>\n<p>&nbsp;<\/p>\n<hr \/>\n<p><strong><a href=\"http:\/\/wp.kristdemokraterna.se\/uppsala\/var-politik\/var-vision-for-storvreta\/\">Vision f\u00f6r Storvreta<\/a><\/strong><br \/>\n<a href=\"http:\/\/wp.kristdemokraterna.se\/uppsala\/ett-levande-centrum\/\">Ett levande centrum<\/a><br \/>\n<a href=\"http:\/\/wp.kristdemokraterna.se\/uppsala\/okad-trygghet\/\">\u00d6kad trygghet<\/a><br \/>\n<a href=\"http:\/\/wp.kristdemokraterna.se\/uppsala\/forbattrad-kommunikation\/\">F\u00f6rb\u00e4ttrad kommunikation<\/a><br \/>\n<a href=\"http:\/\/wp.kristdemokraterna.se\/uppsala\/rikt-idrotts-och-friluftsliv\/\">Natur, idrott och rekreation<\/a><br \/>\n<a href=\"http:\/\/wp.kristdemokraterna.se\/uppsala\/en-blandad-bebyggelse\/\">En blandad bebyggelse<\/a><br \/>\n<a href=\"http:\/\/wp.kristdemokraterna.se\/uppsala\/en-politik-for-alla-aldrar\/\">En politik f\u00f6r alla \u00e5ldrar<\/a><\/p>\n","protected":false},"excerpt":{"rendered":"<p>Storvretas centrum har inte utvecklats p\u00e5 m\u00e5nga \u00e5r. Vi vill \u00e4ndra p\u00e5 detta. V\u00e5r vision \u00e4r att de centrala delarna ska vara trevliga och inbjudande f\u00f6r b\u00e5de Storvretabor och bes\u00f6kare. Att skapa trivsamma milj\u00f6er i det gemensamma offentliga rummet kan handla om allt fr\u00e5n att st\u00e4lla ut fler bloml\u00e5dor och fylla tomma font\u00e4nen med vatten, <a class=\"read-more-link\" href=\"https:\/\/wp.kristdemokraterna.se\/uppsala\/kd-i-uppsala-kommun\/kommunprogram-uppsala\/lokalt-program-storvreta\/ett-levande-centrum-i-storvreta\/\">Read More<\/a><\/p>\n","protected":false},"author":702,"featured_media":0,"parent":2607,"menu_order":1,"comment_status":"closed","ping_status":"closed","template":"","meta":{"_acf_changed":false,"footnotes":""},"class_list":["post-2620","page","type-page","status-publish","hentry"],"acf":[],"yoast_head":"<!-- This site is optimized with the Yoast SEO plugin v27.3 - https:\/\/yoast.com\/product\/yoast-seo-wordpress\/ -->\n<title>Ett levande centrum i Storvreta | Kristdemokraterna | Uppsala<\/title>\n<meta name=\"robots\" content=\"index, follow, max-snippet:-1, max-image-preview:large, max-video-preview:-1\" \/>\n<link rel=\"canonical\" href=\"https:\/\/wp.kristdemokraterna.se\/uppsala\/kd-i-uppsala-kommun\/kommunprogram-uppsala\/lokalt-program-storvreta\/ett-levande-centrum-i-storvreta\/\" \/>\n<meta property=\"og:locale\" content=\"sv_SE\" \/>\n<meta property=\"og:type\" content=\"article\" \/>\n<meta property=\"og:title\" content=\"Ett levande centrum i Storvreta | Kristdemokraterna | Uppsala\" \/>\n<meta property=\"og:description\" content=\"Storvretas centrum har inte utvecklats p\u00e5 m\u00e5nga \u00e5r. Vi vill \u00e4ndra p\u00e5 detta. V\u00e5r vision \u00e4r att de centrala delarna ska vara trevliga och inbjudande f\u00f6r b\u00e5de Storvretabor och bes\u00f6kare. Att skapa trivsamma milj\u00f6er i det gemensamma offentliga rummet kan handla om allt fr\u00e5n att st\u00e4lla ut fler bloml\u00e5dor och fylla tomma font\u00e4nen med vatten, Read More\" \/>\n<meta property=\"og:url\" content=\"https:\/\/wp.kristdemokraterna.se\/uppsala\/kd-i-uppsala-kommun\/kommunprogram-uppsala\/lokalt-program-storvreta\/ett-levande-centrum-i-storvreta\/\" \/>\n<meta property=\"og:site_name\" content=\"Kristdemokraterna | Uppsala\" \/>\n<meta property=\"article:publisher\" content=\"https:\/\/www.facebook.com\/UppsalaKD\/\" \/>\n<meta property=\"article:modified_time\" content=\"2025-01-13T14:27:00+00:00\" \/>\n<meta property=\"og:image\" content=\"https:\/\/wp.kristdemokraterna.se\/uppsala\/files\/2018\/07\/asia-2792981_1920.jpg\" \/>\n\t<meta property=\"og:image:width\" content=\"1920\" \/>\n\t<meta property=\"og:image:height\" content=\"1280\" \/>\n\t<meta property=\"og:image:type\" content=\"image\/jpeg\" \/>\n<meta name=\"twitter:card\" content=\"summary_large_image\" \/>\n<meta name=\"twitter:label1\" content=\"Ber\u00e4knad l\u00e4stid\" \/>\n\t<meta name=\"twitter:data1\" content=\"3 minuter\" \/>\n<script type=\"application\/ld+json\" class=\"yoast-schema-graph\">{\"@context\":\"https:\\\/\\\/schema.org\",\"@graph\":[{\"@type\":\"WebPage\",\"@id\":\"https:\\\/\\\/wp.kristdemokraterna.se\\\/uppsala\\\/kd-i-uppsala-kommun\\\/kommunprogram-uppsala\\\/lokalt-program-storvreta\\\/ett-levande-centrum-i-storvreta\\\/\",\"url\":\"https:\\\/\\\/wp.kristdemokraterna.se\\\/uppsala\\\/kd-i-uppsala-kommun\\\/kommunprogram-uppsala\\\/lokalt-program-storvreta\\\/ett-levande-centrum-i-storvreta\\\/\",\"name\":\"Ett levande centrum i Storvreta | Kristdemokraterna | Uppsala\",\"isPartOf\":{\"@id\":\"https:\\\/\\\/wp.kristdemokraterna.se\\\/uppsala\\\/#website\"},\"primaryImageOfPage\":{\"@id\":\"https:\\\/\\\/wp.kristdemokraterna.se\\\/uppsala\\\/kd-i-uppsala-kommun\\\/kommunprogram-uppsala\\\/lokalt-program-storvreta\\\/ett-levande-centrum-i-storvreta\\\/#primaryimage\"},\"image\":{\"@id\":\"https:\\\/\\\/wp.kristdemokraterna.se\\\/uppsala\\\/kd-i-uppsala-kommun\\\/kommunprogram-uppsala\\\/lokalt-program-storvreta\\\/ett-levande-centrum-i-storvreta\\\/#primaryimage\"},\"thumbnailUrl\":\"http:\\\/\\\/wp.kristdemokraterna.se\\\/uppsala\\\/files\\\/2018\\\/07\\\/asia-2792981_1920.jpg\",\"datePublished\":\"2018-06-28T12:42:40+00:00\",\"dateModified\":\"2025-01-13T14:27:00+00:00\",\"breadcrumb\":{\"@id\":\"https:\\\/\\\/wp.kristdemokraterna.se\\\/uppsala\\\/kd-i-uppsala-kommun\\\/kommunprogram-uppsala\\\/lokalt-program-storvreta\\\/ett-levande-centrum-i-storvreta\\\/#breadcrumb\"},\"inLanguage\":\"sv-SE\",\"potentialAction\":[{\"@type\":\"ReadAction\",\"target\":[\"https:\\\/\\\/wp.kristdemokraterna.se\\\/uppsala\\\/kd-i-uppsala-kommun\\\/kommunprogram-uppsala\\\/lokalt-program-storvreta\\\/ett-levande-centrum-i-storvreta\\\/\"]}]},{\"@type\":\"ImageObject\",\"inLanguage\":\"sv-SE\",\"@id\":\"https:\\\/\\\/wp.kristdemokraterna.se\\\/uppsala\\\/kd-i-uppsala-kommun\\\/kommunprogram-uppsala\\\/lokalt-program-storvreta\\\/ett-levande-centrum-i-storvreta\\\/#primaryimage\",\"url\":\"https:\\\/\\\/wp.kristdemokraterna.se\\\/uppsala\\\/files\\\/2018\\\/07\\\/asia-2792981_1920.jpg\",\"contentUrl\":\"https:\\\/\\\/wp.kristdemokraterna.se\\\/uppsala\\\/files\\\/2018\\\/07\\\/asia-2792981_1920.jpg\",\"width\":1920,\"height\":1280},{\"@type\":\"BreadcrumbList\",\"@id\":\"https:\\\/\\\/wp.kristdemokraterna.se\\\/uppsala\\\/kd-i-uppsala-kommun\\\/kommunprogram-uppsala\\\/lokalt-program-storvreta\\\/ett-levande-centrum-i-storvreta\\\/#breadcrumb\",\"itemListElement\":[{\"@type\":\"ListItem\",\"position\":1,\"name\":\"Hem\",\"item\":\"https:\\\/\\\/wp.kristdemokraterna.se\\\/uppsala\\\/\"},{\"@type\":\"ListItem\",\"position\":2,\"name\":\"Kristdemokraterna i Uppsala Kommun\",\"item\":\"https:\\\/\\\/wp.kristdemokraterna.se\\\/uppsala\\\/kd-i-uppsala-kommun\\\/\"},{\"@type\":\"ListItem\",\"position\":3,\"name\":\"Kommunprogram Uppsala\",\"item\":\"https:\\\/\\\/wp.kristdemokraterna.se\\\/uppsala\\\/kd-i-uppsala-kommun\\\/kommunprogram-uppsala\\\/\"},{\"@type\":\"ListItem\",\"position\":4,\"name\":\"Lokalt program: Storvreta\",\"item\":\"https:\\\/\\\/wp.kristdemokraterna.se\\\/uppsala\\\/kd-i-uppsala-kommun\\\/kommunprogram-uppsala\\\/lokalt-program-storvreta\\\/\"},{\"@type\":\"ListItem\",\"position\":5,\"name\":\"Ett levande centrum i Storvreta\"}]},{\"@type\":\"WebSite\",\"@id\":\"https:\\\/\\\/wp.kristdemokraterna.se\\\/uppsala\\\/#website\",\"url\":\"https:\\\/\\\/wp.kristdemokraterna.se\\\/uppsala\\\/\",\"name\":\"Kristdemokraterna Uppsala\",\"description\":\"Tryggare Uppsala\",\"publisher\":{\"@id\":\"https:\\\/\\\/wp.kristdemokraterna.se\\\/uppsala\\\/#organization\"},\"inLanguage\":\"sv-SE\"},{\"@type\":\"Organization\",\"@id\":\"https:\\\/\\\/wp.kristdemokraterna.se\\\/uppsala\\\/#organization\",\"name\":\"Kristdemokraterna Uppsala\",\"url\":\"https:\\\/\\\/wp.kristdemokraterna.se\\\/uppsala\\\/\",\"logo\":{\"@type\":\"ImageObject\",\"inLanguage\":\"sv-SE\",\"@id\":\"https:\\\/\\\/wp.kristdemokraterna.se\\\/uppsala\\\/#\\\/schema\\\/logo\\\/image\\\/\",\"url\":\"https:\\\/\\\/wp.kristdemokraterna.se\\\/uppsala\\\/files\\\/2019\\\/10\\\/kd-uppsala.png\",\"contentUrl\":\"https:\\\/\\\/wp.kristdemokraterna.se\\\/uppsala\\\/files\\\/2019\\\/10\\\/kd-uppsala.png\",\"width\":804,\"height\":421,\"caption\":\"Kristdemokraterna Uppsala\"},\"image\":{\"@id\":\"https:\\\/\\\/wp.kristdemokraterna.se\\\/uppsala\\\/#\\\/schema\\\/logo\\\/image\\\/\"},\"sameAs\":[\"https:\\\/\\\/www.facebook.com\\\/UppsalaKD\\\/\",\"https:\\\/\\\/www.instagram.com\\\/uppsalakd\\\/\"]}]}<\/script>\n<!-- \/ Yoast SEO plugin. -->","yoast_head_json":{"title":"Ett levande centrum i Storvreta | Kristdemokraterna | Uppsala","robots":{"index":"index","follow":"follow","max-snippet":"max-snippet:-1","max-image-preview":"max-image-preview:large","max-video-preview":"max-video-preview:-1"},"canonical":"https:\/\/wp.kristdemokraterna.se\/uppsala\/kd-i-uppsala-kommun\/kommunprogram-uppsala\/lokalt-program-storvreta\/ett-levande-centrum-i-storvreta\/","og_locale":"sv_SE","og_type":"article","og_title":"Ett levande centrum i Storvreta | Kristdemokraterna | Uppsala","og_description":"Storvretas centrum har inte utvecklats p\u00e5 m\u00e5nga \u00e5r. Vi vill \u00e4ndra p\u00e5 detta. V\u00e5r vision \u00e4r att de centrala delarna ska vara trevliga och inbjudande f\u00f6r b\u00e5de Storvretabor och bes\u00f6kare. Att skapa trivsamma milj\u00f6er i det gemensamma offentliga rummet kan handla om allt fr\u00e5n att st\u00e4lla ut fler bloml\u00e5dor och fylla tomma font\u00e4nen med vatten, Read More","og_url":"https:\/\/wp.kristdemokraterna.se\/uppsala\/kd-i-uppsala-kommun\/kommunprogram-uppsala\/lokalt-program-storvreta\/ett-levande-centrum-i-storvreta\/","og_site_name":"Kristdemokraterna | Uppsala","article_publisher":"https:\/\/www.facebook.com\/UppsalaKD\/","article_modified_time":"2025-01-13T14:27:00+00:00","og_image":[{"width":1920,"height":1280,"url":"https:\/\/wp.kristdemokraterna.se\/uppsala\/files\/2018\/07\/asia-2792981_1920.jpg","type":"image\/jpeg"}],"twitter_card":"summary_large_image","twitter_misc":{"Ber\u00e4knad l\u00e4stid":"3 minuter"},"schema":{"@context":"https:\/\/schema.org","@graph":[{"@type":"WebPage","@id":"https:\/\/wp.kristdemokraterna.se\/uppsala\/kd-i-uppsala-kommun\/kommunprogram-uppsala\/lokalt-program-storvreta\/ett-levande-centrum-i-storvreta\/","url":"https:\/\/wp.kristdemokraterna.se\/uppsala\/kd-i-uppsala-kommun\/kommunprogram-uppsala\/lokalt-program-storvreta\/ett-levande-centrum-i-storvreta\/","name":"Ett levande centrum i Storvreta | Kristdemokraterna | Uppsala","isPartOf":{"@id":"https:\/\/wp.kristdemokraterna.se\/uppsala\/#website"},"primaryImageOfPage":{"@id":"https:\/\/wp.kristdemokraterna.se\/uppsala\/kd-i-uppsala-kommun\/kommunprogram-uppsala\/lokalt-program-storvreta\/ett-levande-centrum-i-storvreta\/#primaryimage"},"image":{"@id":"https:\/\/wp.kristdemokraterna.se\/uppsala\/kd-i-uppsala-kommun\/kommunprogram-uppsala\/lokalt-program-storvreta\/ett-levande-centrum-i-storvreta\/#primaryimage"},"thumbnailUrl":"http:\/\/wp.kristdemokraterna.se\/uppsala\/files\/2018\/07\/asia-2792981_1920.jpg","datePublished":"2018-06-28T12:42:40+00:00","dateModified":"2025-01-13T14:27:00+00:00","breadcrumb":{"@id":"https:\/\/wp.kristdemokraterna.se\/uppsala\/kd-i-uppsala-kommun\/kommunprogram-uppsala\/lokalt-program-storvreta\/ett-levande-centrum-i-storvreta\/#breadcrumb"},"inLanguage":"sv-SE","potentialAction":[{"@type":"ReadAction","target":["https:\/\/wp.kristdemokraterna.se\/uppsala\/kd-i-uppsala-kommun\/kommunprogram-uppsala\/lokalt-program-storvreta\/ett-levande-centrum-i-storvreta\/"]}]},{"@type":"ImageObject","inLanguage":"sv-SE","@id":"https:\/\/wp.kristdemokraterna.se\/uppsala\/kd-i-uppsala-kommun\/kommunprogram-uppsala\/lokalt-program-storvreta\/ett-levande-centrum-i-storvreta\/#primaryimage","url":"https:\/\/wp.kristdemokraterna.se\/uppsala\/files\/2018\/07\/asia-2792981_1920.jpg","contentUrl":"https:\/\/wp.kristdemokraterna.se\/uppsala\/files\/2018\/07\/asia-2792981_1920.jpg","width":1920,"height":1280},{"@type":"BreadcrumbList","@id":"https:\/\/wp.kristdemokraterna.se\/uppsala\/kd-i-uppsala-kommun\/kommunprogram-uppsala\/lokalt-program-storvreta\/ett-levande-centrum-i-storvreta\/#breadcrumb","itemListElement":[{"@type":"ListItem","position":1,"name":"Hem","item":"https:\/\/wp.kristdemokraterna.se\/uppsala\/"},{"@type":"ListItem","position":2,"name":"Kristdemokraterna i Uppsala Kommun","item":"https:\/\/wp.kristdemokraterna.se\/uppsala\/kd-i-uppsala-kommun\/"},{"@type":"ListItem","position":3,"name":"Kommunprogram Uppsala","item":"https:\/\/wp.kristdemokraterna.se\/uppsala\/kd-i-uppsala-kommun\/kommunprogram-uppsala\/"},{"@type":"ListItem","position":4,"name":"Lokalt program: Storvreta","item":"https:\/\/wp.kristdemokraterna.se\/uppsala\/kd-i-uppsala-kommun\/kommunprogram-uppsala\/lokalt-program-storvreta\/"},{"@type":"ListItem","position":5,"name":"Ett levande centrum i Storvreta"}]},{"@type":"WebSite","@id":"https:\/\/wp.kristdemokraterna.se\/uppsala\/#website","url":"https:\/\/wp.kristdemokraterna.se\/uppsala\/","name":"Kristdemokraterna Uppsala","description":"Tryggare Uppsala","publisher":{"@id":"https:\/\/wp.kristdemokraterna.se\/uppsala\/#organization"},"inLanguage":"sv-SE"},{"@type":"Organization","@id":"https:\/\/wp.kristdemokraterna.se\/uppsala\/#organization","name":"Kristdemokraterna Uppsala","url":"https:\/\/wp.kristdemokraterna.se\/uppsala\/","logo":{"@type":"ImageObject","inLanguage":"sv-SE","@id":"https:\/\/wp.kristdemokraterna.se\/uppsala\/#\/schema\/logo\/image\/","url":"https:\/\/wp.kristdemokraterna.se\/uppsala\/files\/2019\/10\/kd-uppsala.png","contentUrl":"https:\/\/wp.kristdemokraterna.se\/uppsala\/files\/2019\/10\/kd-uppsala.png","width":804,"height":421,"caption":"Kristdemokraterna Uppsala"},"image":{"@id":"https:\/\/wp.kristdemokraterna.se\/uppsala\/#\/schema\/logo\/image\/"},"sameAs":["https:\/\/www.facebook.com\/UppsalaKD\/","https:\/\/www.instagram.com\/uppsalakd\/"]}]}},"_links":{"self":[{"href":"https:\/\/wp.kristdemokraterna.se\/uppsala\/wp-json\/wp\/v2\/pages\/2620","targetHints":{"allow":["GET"]}}],"collection":[{"href":"https:\/\/wp.kristdemokraterna.se\/uppsala\/wp-json\/wp\/v2\/pages"}],"about":[{"href":"https:\/\/wp.kristdemokraterna.se\/uppsala\/wp-json\/wp\/v2\/types\/page"}],"author":[{"embeddable":true,"href":"https:\/\/wp.kristdemokraterna.se\/uppsala\/wp-json\/wp\/v2\/users\/702"}],"replies":[{"embeddable":true,"href":"https:\/\/wp.kristdemokraterna.se\/uppsala\/wp-json\/wp\/v2\/comments?post=2620"}],"version-history":[{"count":32,"href":"https:\/\/wp.kristdemokraterna.se\/uppsala\/wp-json\/wp\/v2\/pages\/2620\/revisions"}],"predecessor-version":[{"id":2784,"href":"https:\/\/wp.kristdemokraterna.se\/uppsala\/wp-json\/wp\/v2\/pages\/2620\/revisions\/2784"}],"up":[{"embeddable":true,"href":"https:\/\/wp.kristdemokraterna.se\/uppsala\/wp-json\/wp\/v2\/pages\/2607"}],"wp:attachment":[{"href":"https:\/\/wp.kristdemokraterna.se\/uppsala\/wp-json\/wp\/v2\/media?parent=2620"}],"curies":[{"name":"wp","href":"https:\/\/api.w.org\/{rel}","templated":true}]}}