{"id":2636,"date":"2018-06-28T14:43:06","date_gmt":"2018-06-28T12:43:06","guid":{"rendered":"http:\/\/wp.kristdemokraterna.se\/uppsala\/?page_id=2636"},"modified":"2019-01-30T12:57:05","modified_gmt":"2019-01-30T11:57:05","slug":"okad-trygghet","status":"publish","type":"page","link":"https:\/\/wp.kristdemokraterna.se\/uppsala\/okad-trygghet\/","title":{"rendered":"\u00d6kad trygghet"},"content":{"rendered":"<p><img loading=\"lazy\" decoding=\"async\" class=\"alignnone wp-image-2164\" style=\"height: 483px;text-align: left;color: #333333;text-indent: 0px;letter-spacing: normal;font-size: 16px;font-style: normal;font-variant: normal;font-weight: 400;text-decoration: none;max-width: 1140px;background-color: transparent\" src=\"http:\/\/wp.kristdemokraterna.se\/uppsala\/files\/2017\/02\/blur-1866950_1920.jpg\" alt=\"\" width=\"726\" height=\"371\" \/><b><\/b><i><\/i><u><\/u><span style=\"text-decoration: line-through\"><\/span><\/p>\n<p><span style=\"text-align: left;color: #333333;text-indent: 0px;letter-spacing: normal;font-family: Georgia,'Times New Roman','Bitstream Charter',Times,serif;font-size: 16px;font-style: normal;font-variant: normal;text-decoration: none;cursor: text;float: none;background-color: transparent\"><b>Vi tror att det viktigaste p\u00e5 l\u00e5ng sikt \u00e4r att st\u00e4rka familjerna och att hj\u00e4lpa ungdomar i tid. P\u00e5 kort sikt beh\u00f6ver vi en \u00f6kad n\u00e4rvaro av ordningsmakten f\u00f6r att s\u00e4tta stopp f\u00f6r kriminaliteten och \u00f6ka tryggheten.<\/b><\/span><\/p>\n<p>Storvreta st\u00e5r inf\u00f6r olika sociala utmaningar. Bilar br\u00e4nns, f\u00f6nster p\u00e5 skolorna har krossats och villainbrotten \u00f6kar i antal. H\u00e4r beh\u00f6ver vi v\u00e4nda utvecklingen.<\/p>\n<p>Mer liv i centrum och en upprustning av milj\u00f6n s\u00e4nder ocks\u00e5 signaler om att vi bryr oss om v\u00e5r ort och att det aldrig \u00e4r acceptabelt att f\u00f6rst\u00f6ra f\u00f6r andra.<\/p>\n<p>Storvreta beh\u00f6ver ocks\u00e5 bli mer socialt inkluderande d\u00e4r ett rikt utbud av aktiviteter f\u00f6r olika \u00e5ldrar och behov kan \u00f6ka gemenskapen i samh\u00e4llet.<\/p>\n<p><strong>Vi vill:<\/strong><\/p>\n<ul>\n<li>Utveckla v\u00e5rdcentralen till en familjecentral med \u00f6ppen f\u00f6rskola<\/li>\n<li>Stationera en n\u00e4rpolis i Storvreta, exempelvis i anslutning till familjecentralen<\/li>\n<li>Verka f\u00f6r att s\u00e4tta upp trygghetskameror vid t\u00e5gstation, centrum, skolor och sporthallar i Storvreta<\/li>\n<li>B\u00e4ttre belysning vid och runt stationsomr\u00e5det<\/li>\n<li>Cykelst\u00e4ll p\u00e5 b\u00e5da sidor av stationen med tak och bra l\u00e5sm\u00f6jligheter<\/li>\n<li>St\u00e4rk nattvandringen<\/li>\n<li>F\u00f6rhindra segregation<\/li>\n<\/ul>\n<p>&nbsp;<\/p>\n<hr \/>\n<p><strong><a href=\"http:\/\/wp.kristdemokraterna.se\/uppsala\/var-politik\/var-vision-for-storvreta\/\">Vision f\u00f6r Storvreta<\/a><\/strong><br \/>\n<a href=\"http:\/\/wp.kristdemokraterna.se\/uppsala\/ett-levande-centrum\/\">Ett levande centrum<\/a><br \/>\n<a href=\"http:\/\/wp.kristdemokraterna.se\/uppsala\/okad-trygghet\/\">\u00d6kad trygghet<\/a><br \/>\n<a href=\"http:\/\/wp.kristdemokraterna.se\/uppsala\/forbattrad-kommunikation\/\">F\u00f6rb\u00e4ttrad kommunikation<\/a><br \/>\n<a href=\"http:\/\/wp.kristdemokraterna.se\/uppsala\/rikt-idrotts-och-friluftsliv\/\">Natur, idrott och rekreation<\/a><br \/>\n<a href=\"http:\/\/wp.kristdemokraterna.se\/uppsala\/en-blandad-bebyggelse\/\">En blandad bebyggelse<\/a><br \/>\n<a href=\"http:\/\/wp.kristdemokraterna.se\/uppsala\/en-politik-for-alla-aldrar\/\">En politik f\u00f6r alla \u00e5ldrar<\/a><\/p>\n<p>&nbsp;<\/p>\n","protected":false},"excerpt":{"rendered":"<p>Vi tror att det viktigaste p\u00e5 l\u00e5ng sikt \u00e4r att st\u00e4rka familjerna och att hj\u00e4lpa ungdomar i tid. P\u00e5 kort sikt beh\u00f6ver vi en \u00f6kad n\u00e4rvaro av ordningsmakten f\u00f6r att s\u00e4tta stopp f\u00f6r kriminaliteten och \u00f6ka tryggheten. Storvreta st\u00e5r inf\u00f6r olika sociala utmaningar. Bilar br\u00e4nns, f\u00f6nster p\u00e5 skolorna har krossats och villainbrotten \u00f6kar i antal. <a class=\"read-more-link\" href=\"https:\/\/wp.kristdemokraterna.se\/uppsala\/okad-trygghet\/\">Read More<\/a><\/p>\n","protected":false},"author":702,"featured_media":0,"parent":0,"menu_order":21,"comment_status":"closed","ping_status":"closed","template":"","meta":{"_acf_changed":false,"footnotes":""},"class_list":["post-2636","page","type-page","status-publish","hentry"],"acf":[],"yoast_head":"<!-- This site is optimized with the Yoast SEO plugin v27.3 - https:\/\/yoast.com\/product\/yoast-seo-wordpress\/ -->\n<title>\u00d6kad trygghet | Kristdemokraterna | Uppsala<\/title>\n<meta name=\"robots\" content=\"index, follow, max-snippet:-1, max-image-preview:large, max-video-preview:-1\" \/>\n<link rel=\"canonical\" href=\"https:\/\/wp.kristdemokraterna.se\/uppsala\/okad-trygghet\/\" \/>\n<meta property=\"og:locale\" content=\"sv_SE\" \/>\n<meta property=\"og:type\" content=\"article\" \/>\n<meta property=\"og:title\" content=\"\u00d6kad trygghet | Kristdemokraterna | Uppsala\" \/>\n<meta property=\"og:description\" content=\"Vi tror att det viktigaste p\u00e5 l\u00e5ng sikt \u00e4r att st\u00e4rka familjerna och att hj\u00e4lpa ungdomar i tid. P\u00e5 kort sikt beh\u00f6ver vi en \u00f6kad n\u00e4rvaro av ordningsmakten f\u00f6r att s\u00e4tta stopp f\u00f6r kriminaliteten och \u00f6ka tryggheten. Storvreta st\u00e5r inf\u00f6r olika sociala utmaningar. Bilar br\u00e4nns, f\u00f6nster p\u00e5 skolorna har krossats och villainbrotten \u00f6kar i antal. Read More\" \/>\n<meta property=\"og:url\" content=\"https:\/\/wp.kristdemokraterna.se\/uppsala\/okad-trygghet\/\" \/>\n<meta property=\"og:site_name\" content=\"Kristdemokraterna | Uppsala\" \/>\n<meta property=\"article:publisher\" content=\"https:\/\/www.facebook.com\/UppsalaKD\/\" \/>\n<meta property=\"article:modified_time\" content=\"2019-01-30T11:57:05+00:00\" \/>\n<meta property=\"og:image\" content=\"http:\/\/wp.kristdemokraterna.se\/uppsala\/files\/2017\/02\/blur-1866950_1920.jpg\" \/>\n<meta name=\"twitter:card\" content=\"summary_large_image\" \/>\n<meta name=\"twitter:label1\" content=\"Ber\u00e4knad l\u00e4stid\" \/>\n\t<meta name=\"twitter:data1\" content=\"1 minut\" \/>\n<script type=\"application\/ld+json\" class=\"yoast-schema-graph\">{\"@context\":\"https:\\\/\\\/schema.org\",\"@graph\":[{\"@type\":\"WebPage\",\"@id\":\"https:\\\/\\\/wp.kristdemokraterna.se\\\/uppsala\\\/okad-trygghet\\\/\",\"url\":\"https:\\\/\\\/wp.kristdemokraterna.se\\\/uppsala\\\/okad-trygghet\\\/\",\"name\":\"\u00d6kad trygghet | Kristdemokraterna | Uppsala\",\"isPartOf\":{\"@id\":\"https:\\\/\\\/wp.kristdemokraterna.se\\\/uppsala\\\/#website\"},\"primaryImageOfPage\":{\"@id\":\"https:\\\/\\\/wp.kristdemokraterna.se\\\/uppsala\\\/okad-trygghet\\\/#primaryimage\"},\"image\":{\"@id\":\"https:\\\/\\\/wp.kristdemokraterna.se\\\/uppsala\\\/okad-trygghet\\\/#primaryimage\"},\"thumbnailUrl\":\"http:\\\/\\\/wp.kristdemokraterna.se\\\/uppsala\\\/files\\\/2017\\\/02\\\/blur-1866950_1920.jpg\",\"datePublished\":\"2018-06-28T12:43:06+00:00\",\"dateModified\":\"2019-01-30T11:57:05+00:00\",\"breadcrumb\":{\"@id\":\"https:\\\/\\\/wp.kristdemokraterna.se\\\/uppsala\\\/okad-trygghet\\\/#breadcrumb\"},\"inLanguage\":\"sv-SE\",\"potentialAction\":[{\"@type\":\"ReadAction\",\"target\":[\"https:\\\/\\\/wp.kristdemokraterna.se\\\/uppsala\\\/okad-trygghet\\\/\"]}]},{\"@type\":\"ImageObject\",\"inLanguage\":\"sv-SE\",\"@id\":\"https:\\\/\\\/wp.kristdemokraterna.se\\\/uppsala\\\/okad-trygghet\\\/#primaryimage\",\"url\":\"https:\\\/\\\/wp.kristdemokraterna.se\\\/uppsala\\\/files\\\/2017\\\/02\\\/blur-1866950_1920.jpg\",\"contentUrl\":\"https:\\\/\\\/wp.kristdemokraterna.se\\\/uppsala\\\/files\\\/2017\\\/02\\\/blur-1866950_1920.jpg\",\"width\":1920,\"height\":1280},{\"@type\":\"BreadcrumbList\",\"@id\":\"https:\\\/\\\/wp.kristdemokraterna.se\\\/uppsala\\\/okad-trygghet\\\/#breadcrumb\",\"itemListElement\":[{\"@type\":\"ListItem\",\"position\":1,\"name\":\"Hem\",\"item\":\"https:\\\/\\\/wp.kristdemokraterna.se\\\/uppsala\\\/\"},{\"@type\":\"ListItem\",\"position\":2,\"name\":\"\u00d6kad trygghet\"}]},{\"@type\":\"WebSite\",\"@id\":\"https:\\\/\\\/wp.kristdemokraterna.se\\\/uppsala\\\/#website\",\"url\":\"https:\\\/\\\/wp.kristdemokraterna.se\\\/uppsala\\\/\",\"name\":\"Kristdemokraterna Uppsala\",\"description\":\"Tryggare Uppsala\",\"publisher\":{\"@id\":\"https:\\\/\\\/wp.kristdemokraterna.se\\\/uppsala\\\/#organization\"},\"inLanguage\":\"sv-SE\"},{\"@type\":\"Organization\",\"@id\":\"https:\\\/\\\/wp.kristdemokraterna.se\\\/uppsala\\\/#organization\",\"name\":\"Kristdemokraterna Uppsala\",\"url\":\"https:\\\/\\\/wp.kristdemokraterna.se\\\/uppsala\\\/\",\"logo\":{\"@type\":\"ImageObject\",\"inLanguage\":\"sv-SE\",\"@id\":\"https:\\\/\\\/wp.kristdemokraterna.se\\\/uppsala\\\/#\\\/schema\\\/logo\\\/image\\\/\",\"url\":\"https:\\\/\\\/wp.kristdemokraterna.se\\\/uppsala\\\/files\\\/2019\\\/10\\\/kd-uppsala.png\",\"contentUrl\":\"https:\\\/\\\/wp.kristdemokraterna.se\\\/uppsala\\\/files\\\/2019\\\/10\\\/kd-uppsala.png\",\"width\":804,\"height\":421,\"caption\":\"Kristdemokraterna Uppsala\"},\"image\":{\"@id\":\"https:\\\/\\\/wp.kristdemokraterna.se\\\/uppsala\\\/#\\\/schema\\\/logo\\\/image\\\/\"},\"sameAs\":[\"https:\\\/\\\/www.facebook.com\\\/UppsalaKD\\\/\",\"https:\\\/\\\/www.instagram.com\\\/uppsalakd\\\/\"]}]}<\/script>\n<!-- \/ Yoast SEO plugin. -->","yoast_head_json":{"title":"\u00d6kad trygghet | Kristdemokraterna | Uppsala","robots":{"index":"index","follow":"follow","max-snippet":"max-snippet:-1","max-image-preview":"max-image-preview:large","max-video-preview":"max-video-preview:-1"},"canonical":"https:\/\/wp.kristdemokraterna.se\/uppsala\/okad-trygghet\/","og_locale":"sv_SE","og_type":"article","og_title":"\u00d6kad trygghet | Kristdemokraterna | Uppsala","og_description":"Vi tror att det viktigaste p\u00e5 l\u00e5ng sikt \u00e4r att st\u00e4rka familjerna och att hj\u00e4lpa ungdomar i tid. P\u00e5 kort sikt beh\u00f6ver vi en \u00f6kad n\u00e4rvaro av ordningsmakten f\u00f6r att s\u00e4tta stopp f\u00f6r kriminaliteten och \u00f6ka tryggheten. Storvreta st\u00e5r inf\u00f6r olika sociala utmaningar. Bilar br\u00e4nns, f\u00f6nster p\u00e5 skolorna har krossats och villainbrotten \u00f6kar i antal. Read More","og_url":"https:\/\/wp.kristdemokraterna.se\/uppsala\/okad-trygghet\/","og_site_name":"Kristdemokraterna | Uppsala","article_publisher":"https:\/\/www.facebook.com\/UppsalaKD\/","article_modified_time":"2019-01-30T11:57:05+00:00","og_image":[{"url":"http:\/\/wp.kristdemokraterna.se\/uppsala\/files\/2017\/02\/blur-1866950_1920.jpg","type":"","width":"","height":""}],"twitter_card":"summary_large_image","twitter_misc":{"Ber\u00e4knad l\u00e4stid":"1 minut"},"schema":{"@context":"https:\/\/schema.org","@graph":[{"@type":"WebPage","@id":"https:\/\/wp.kristdemokraterna.se\/uppsala\/okad-trygghet\/","url":"https:\/\/wp.kristdemokraterna.se\/uppsala\/okad-trygghet\/","name":"\u00d6kad trygghet | Kristdemokraterna | Uppsala","isPartOf":{"@id":"https:\/\/wp.kristdemokraterna.se\/uppsala\/#website"},"primaryImageOfPage":{"@id":"https:\/\/wp.kristdemokraterna.se\/uppsala\/okad-trygghet\/#primaryimage"},"image":{"@id":"https:\/\/wp.kristdemokraterna.se\/uppsala\/okad-trygghet\/#primaryimage"},"thumbnailUrl":"http:\/\/wp.kristdemokraterna.se\/uppsala\/files\/2017\/02\/blur-1866950_1920.jpg","datePublished":"2018-06-28T12:43:06+00:00","dateModified":"2019-01-30T11:57:05+00:00","breadcrumb":{"@id":"https:\/\/wp.kristdemokraterna.se\/uppsala\/okad-trygghet\/#breadcrumb"},"inLanguage":"sv-SE","potentialAction":[{"@type":"ReadAction","target":["https:\/\/wp.kristdemokraterna.se\/uppsala\/okad-trygghet\/"]}]},{"@type":"ImageObject","inLanguage":"sv-SE","@id":"https:\/\/wp.kristdemokraterna.se\/uppsala\/okad-trygghet\/#primaryimage","url":"https:\/\/wp.kristdemokraterna.se\/uppsala\/files\/2017\/02\/blur-1866950_1920.jpg","contentUrl":"https:\/\/wp.kristdemokraterna.se\/uppsala\/files\/2017\/02\/blur-1866950_1920.jpg","width":1920,"height":1280},{"@type":"BreadcrumbList","@id":"https:\/\/wp.kristdemokraterna.se\/uppsala\/okad-trygghet\/#breadcrumb","itemListElement":[{"@type":"ListItem","position":1,"name":"Hem","item":"https:\/\/wp.kristdemokraterna.se\/uppsala\/"},{"@type":"ListItem","position":2,"name":"\u00d6kad trygghet"}]},{"@type":"WebSite","@id":"https:\/\/wp.kristdemokraterna.se\/uppsala\/#website","url":"https:\/\/wp.kristdemokraterna.se\/uppsala\/","name":"Kristdemokraterna Uppsala","description":"Tryggare Uppsala","publisher":{"@id":"https:\/\/wp.kristdemokraterna.se\/uppsala\/#organization"},"inLanguage":"sv-SE"},{"@type":"Organization","@id":"https:\/\/wp.kristdemokraterna.se\/uppsala\/#organization","name":"Kristdemokraterna Uppsala","url":"https:\/\/wp.kristdemokraterna.se\/uppsala\/","logo":{"@type":"ImageObject","inLanguage":"sv-SE","@id":"https:\/\/wp.kristdemokraterna.se\/uppsala\/#\/schema\/logo\/image\/","url":"https:\/\/wp.kristdemokraterna.se\/uppsala\/files\/2019\/10\/kd-uppsala.png","contentUrl":"https:\/\/wp.kristdemokraterna.se\/uppsala\/files\/2019\/10\/kd-uppsala.png","width":804,"height":421,"caption":"Kristdemokraterna Uppsala"},"image":{"@id":"https:\/\/wp.kristdemokraterna.se\/uppsala\/#\/schema\/logo\/image\/"},"sameAs":["https:\/\/www.facebook.com\/UppsalaKD\/","https:\/\/www.instagram.com\/uppsalakd\/"]}]}},"_links":{"self":[{"href":"https:\/\/wp.kristdemokraterna.se\/uppsala\/wp-json\/wp\/v2\/pages\/2636","targetHints":{"allow":["GET"]}}],"collection":[{"href":"https:\/\/wp.kristdemokraterna.se\/uppsala\/wp-json\/wp\/v2\/pages"}],"about":[{"href":"https:\/\/wp.kristdemokraterna.se\/uppsala\/wp-json\/wp\/v2\/types\/page"}],"author":[{"embeddable":true,"href":"https:\/\/wp.kristdemokraterna.se\/uppsala\/wp-json\/wp\/v2\/users\/702"}],"replies":[{"embeddable":true,"href":"https:\/\/wp.kristdemokraterna.se\/uppsala\/wp-json\/wp\/v2\/comments?post=2636"}],"version-history":[{"count":18,"href":"https:\/\/wp.kristdemokraterna.se\/uppsala\/wp-json\/wp\/v2\/pages\/2636\/revisions"}],"predecessor-version":[{"id":2745,"href":"https:\/\/wp.kristdemokraterna.se\/uppsala\/wp-json\/wp\/v2\/pages\/2636\/revisions\/2745"}],"wp:attachment":[{"href":"https:\/\/wp.kristdemokraterna.se\/uppsala\/wp-json\/wp\/v2\/media?parent=2636"}],"curies":[{"name":"wp","href":"https:\/\/api.w.org\/{rel}","templated":true}]}}