{"id":2639,"date":"2018-06-28T14:43:41","date_gmt":"2018-06-28T12:43:41","guid":{"rendered":"http:\/\/wp.kristdemokraterna.se\/uppsala\/?page_id=2639"},"modified":"2025-01-13T15:27:00","modified_gmt":"2025-01-13T14:27:00","slug":"forbattrad-kommunikation","status":"publish","type":"page","link":"https:\/\/wp.kristdemokraterna.se\/uppsala\/kd-i-uppsala-kommun\/kommunprogram-uppsala\/lokalt-program-storvreta\/forbattrad-kommunikation\/","title":{"rendered":"F\u00f6rb\u00e4ttrad kommunikation"},"content":{"rendered":"<p><img loading=\"lazy\" decoding=\"async\" class=\"alignnone size-full wp-image-2747\" src=\"http:\/\/wp.kristdemokraterna.se\/uppsala\/files\/2018\/07\/upptaget.jpg\" alt=\"\" width=\"1280\" height=\"732\" srcset=\"https:\/\/wp.kristdemokraterna.se\/uppsala\/files\/2018\/07\/upptaget.jpg 1280w, https:\/\/wp.kristdemokraterna.se\/uppsala\/files\/2018\/07\/upptaget-300x172.jpg 300w, https:\/\/wp.kristdemokraterna.se\/uppsala\/files\/2018\/07\/upptaget-768x439.jpg 768w, https:\/\/wp.kristdemokraterna.se\/uppsala\/files\/2018\/07\/upptaget-540x309.jpg 540w, https:\/\/wp.kristdemokraterna.se\/uppsala\/files\/2018\/07\/upptaget-350x200.jpg 350w, https:\/\/wp.kristdemokraterna.se\/uppsala\/files\/2018\/07\/upptaget-370x212.jpg 370w, https:\/\/wp.kristdemokraterna.se\/uppsala\/files\/2018\/07\/upptaget-770x440.jpg 770w, https:\/\/wp.kristdemokraterna.se\/uppsala\/files\/2018\/07\/upptaget-450x257.jpg 450w, https:\/\/wp.kristdemokraterna.se\/uppsala\/files\/2018\/07\/upptaget-280x160.jpg 280w, https:\/\/wp.kristdemokraterna.se\/uppsala\/files\/2018\/07\/upptaget-340x194.jpg 340w, https:\/\/wp.kristdemokraterna.se\/uppsala\/files\/2018\/07\/upptaget-200x114.jpg 200w, https:\/\/wp.kristdemokraterna.se\/uppsala\/files\/2018\/07\/upptaget-98x56.jpg 98w\" sizes=\"auto, (max-width: 1280px) 100vw, 1280px\" \/><\/p>\n<p><strong>M\u00e5nga som bor i Storvreta \u00e4r beroende av att kollektivtrafiken till och fr\u00e5n orten fungerar. Som det ser ut idag \u00e4r Uppt\u00e5gen \u00f6verbelastade, parkeringsplatserna vid stationen \u00f6verfulla och folk tvingas parkera p\u00e5 intilliggande gr\u00e4smattor. <\/strong><\/p>\n<p>Det beh\u00f6ver tas ett ordentligt helhetsgrepp d\u00e4r man \u00f6kar kapaciteten inom dessa omr\u00e5den. Vi f\u00f6resl\u00e5r ett par konkreta platser d\u00e4r man kan bygga ut pendlarparkeringarna.\u00a0Vi anser ocks\u00e5 att de som beh\u00f6ver ta bilen till pendlarparkeringarna i centrum ska kunna parkera gratis.<\/p>\n<p>I dagsl\u00e4get har Uppt\u00e5get brist p\u00e5 vagnar. F\u00f6r att f\u00e5 plats med de som beh\u00f6ver \u00e5ka t\u00e5get s\u00e5 beh\u00f6vs fler vagnar omg\u00e5ende. I v\u00e4ntan p\u00e5 dessa beh\u00f6ver kollektivtrafiken byggas ut ytterligare genom fler och billigare pendlingsbussar, f\u00f6r att kompensera.<\/p>\n<p><b>Fler pendlarparkeringar<br \/>\n<span style=\"float: none;background-color: transparent;color: #333333;cursor: text;font-family: Georgia,'Times New Roman','Bitstream Charter',Times,serif;font-size: 16px;font-style: normal;font-variant: normal;font-weight: 400;letter-spacing: normal;text-align: left;text-decoration: none;text-indent: 0px\">\u2022 Ha fler parkeringar vid biblioteket och v\u00e5rdcentralen d\u00e4r det finns en st\u00f6rre dunge som skulle kunna anv\u00e4ndas till en ut\u00f6kad parkeringsyta.<\/span><br \/>\n<span style=\"float: none;background-color: transparent;color: #333333;cursor: text;font-family: Georgia,'Times New Roman','Bitstream Charter',Times,serif;font-size: 16px;font-style: normal;font-variant: normal;font-weight: 400;letter-spacing: normal;text-align: left;text-decoration: none;text-indent: 0px\">\u2022 Ut\u00f6ka t\u00e5gstationens pendlarparkeringar vid Missionsv\u00e4gen och Vretalundsv\u00e4gen.<\/span><br \/>\n<span style=\"float: none;background-color: transparent;color: #333333;cursor: text;font-family: Georgia,'Times New Roman','Bitstream Charter',Times,serif;font-size: 16px;font-style: normal;font-variant: normal;font-weight: 400;letter-spacing: normal;text-align: left;text-decoration: none;text-indent: 0px\">\u2022 Ut\u00f6ka cykelparkeringarna med tak vid stationen.<\/span><br \/>\n<\/b><\/p>\n<p><strong>Fler vagnar till Uppt\u00e5get + fler bussar<br \/>\n<span style=\"float: none;background-color: transparent;color: #333333;cursor: text;font-family: Georgia,'Times New Roman','Bitstream Charter',Times,serif;font-size: 16px;font-style: normal;font-variant: normal;font-weight: 400;letter-spacing: normal;text-align: left;text-decoration: none;text-indent: 0px\">\u2022 Komplettera buss 110, 770 och 115 under morgonturerna d\u00e5 de alltid \u00e4r \u00f6verfulla<br \/>\n<b>\u2022 <\/b><span style=\"float: none;background-color: transparent;color: #333333;cursor: text;font-family: Georgia,'Times New Roman','Bitstream Charter',Times,serif;font-size: 16px;font-style: normal;font-variant: normal;font-weight: 400;letter-spacing: normal;text-align: left;text-decoration: none;text-indent: 0px\">Synka skolbussarna fr\u00e5n Storvretas ytteromr\u00e5den med trafiken in till Uppsala<\/span><br \/>\n<\/span><\/strong><strong>\u2022 <\/strong>Skyndsamt skaffa fler vagnar till Uppt\u00e5get<strong><br \/>\n<\/strong>\u2022 I v\u00e4ntan p\u00e5 fler vagnar inf\u00f6ra pendelbuss fr\u00e5n centrum som g\u00e5r direkt till resecentrum<strong><br \/>\n<\/strong><span style=\"text-align: left;color: #333333;text-indent: 0px;letter-spacing: normal;font-family: Georgia,'Times New Roman','Bitstream Charter',Times,serif;font-size: 16px;font-style: normal;font-variant: normal;text-decoration: none;cursor: text;float: none;background-color: transparent\">\u2022 S\u00e4kra god kommunikation till och fr\u00e5n Fuller\u00f6 hage, b\u00e5de i riktning mot Storvreta och Uppsala<\/span><\/p>\n<p><strong>Dessutom:<\/strong><br \/>\n\u2022 Bygg trygga cykelstr\u00e5k till skolorna fr\u00e5n de st\u00f6rsta bostadsomr\u00e5dena<br \/>\n<span style=\"float: none;background-color: transparent;color: #333333;cursor: text;font-family: Georgia,'Times New Roman','Bitstream Charter',Times,serif;font-size: 16px;font-style: normal;font-variant: normal;font-weight: 400;letter-spacing: normal;text-align: left;text-decoration: none;text-indent: 0px\">\u2022 <\/span>Inf\u00f6r fria resor i Uppland f\u00f6r pension\u00e4rer och de med LSS- eller f\u00e4rdtj\u00e4nstkort mellan klockan 10-15 vardagar<br \/>\n<span style=\"float: none;background-color: transparent;color: #333333;cursor: text;font-family: Georgia,'Times New Roman','Bitstream Charter',Times,serif;font-size: 16px;font-style: normal;font-variant: normal;font-weight: 400;letter-spacing: normal;text-align: left;text-decoration: none;text-indent: 0px\">\u2022 B<\/span>illigare biljetter f\u00f6r kortare str\u00e4ckor \u00f6ver zongr\u00e4nsen<\/p>\n<p>&nbsp;<\/p>\n<hr \/>\n<p><strong><a href=\"http:\/\/wp.kristdemokraterna.se\/uppsala\/var-politik\/var-vision-for-storvreta\/\">Vision f\u00f6r Storvreta<\/a><\/strong><br \/>\n<a href=\"http:\/\/wp.kristdemokraterna.se\/uppsala\/ett-levande-centrum\/\">Ett levande centrum<\/a><br \/>\n<a href=\"http:\/\/wp.kristdemokraterna.se\/uppsala\/okad-trygghet\/\">\u00d6kad trygghet<\/a><br \/>\n<a href=\"http:\/\/wp.kristdemokraterna.se\/uppsala\/forbattrad-kommunikation\/\">F\u00f6rb\u00e4ttrad kommunikation<\/a><br \/>\n<a href=\"http:\/\/wp.kristdemokraterna.se\/uppsala\/rikt-idrotts-och-friluftsliv\/\">Natur, idrott och rekreation<\/a><br \/>\n<a href=\"http:\/\/wp.kristdemokraterna.se\/uppsala\/en-blandad-bebyggelse\/\">En blandad bebyggelse<\/a><br \/>\n<a href=\"http:\/\/wp.kristdemokraterna.se\/uppsala\/en-politik-for-alla-aldrar\/\">En politik f\u00f6r alla \u00e5ldrar<\/a><\/p>\n<p>&nbsp;<\/p>\n","protected":false},"excerpt":{"rendered":"<p>M\u00e5nga som bor i Storvreta \u00e4r beroende av att kollektivtrafiken till och fr\u00e5n orten fungerar. Som det ser ut idag \u00e4r Uppt\u00e5gen \u00f6verbelastade, parkeringsplatserna vid stationen \u00f6verfulla och folk tvingas parkera p\u00e5 intilliggande gr\u00e4smattor. Det beh\u00f6ver tas ett ordentligt helhetsgrepp d\u00e4r man \u00f6kar kapaciteten inom dessa omr\u00e5den. Vi f\u00f6resl\u00e5r ett par konkreta platser d\u00e4r man <a class=\"read-more-link\" href=\"https:\/\/wp.kristdemokraterna.se\/uppsala\/kd-i-uppsala-kommun\/kommunprogram-uppsala\/lokalt-program-storvreta\/forbattrad-kommunikation\/\">Read More<\/a><\/p>\n","protected":false},"author":702,"featured_media":0,"parent":2607,"menu_order":3,"comment_status":"closed","ping_status":"closed","template":"","meta":{"_acf_changed":false,"footnotes":""},"class_list":["post-2639","page","type-page","status-publish","hentry"],"acf":[],"yoast_head":"<!-- This site is optimized with the Yoast SEO plugin v27.3 - https:\/\/yoast.com\/product\/yoast-seo-wordpress\/ -->\n<title>F\u00f6rb\u00e4ttrad kommunikation | Kristdemokraterna | Uppsala<\/title>\n<meta name=\"robots\" content=\"index, follow, max-snippet:-1, max-image-preview:large, max-video-preview:-1\" \/>\n<link rel=\"canonical\" href=\"https:\/\/wp.kristdemokraterna.se\/uppsala\/kd-i-uppsala-kommun\/kommunprogram-uppsala\/lokalt-program-storvreta\/forbattrad-kommunikation\/\" \/>\n<meta property=\"og:locale\" content=\"sv_SE\" \/>\n<meta property=\"og:type\" content=\"article\" \/>\n<meta property=\"og:title\" content=\"F\u00f6rb\u00e4ttrad kommunikation | Kristdemokraterna | Uppsala\" \/>\n<meta property=\"og:description\" content=\"M\u00e5nga som bor i Storvreta \u00e4r beroende av att kollektivtrafiken till och fr\u00e5n orten fungerar. Som det ser ut idag \u00e4r Uppt\u00e5gen \u00f6verbelastade, parkeringsplatserna vid stationen \u00f6verfulla och folk tvingas parkera p\u00e5 intilliggande gr\u00e4smattor. Det beh\u00f6ver tas ett ordentligt helhetsgrepp d\u00e4r man \u00f6kar kapaciteten inom dessa omr\u00e5den. Vi f\u00f6resl\u00e5r ett par konkreta platser d\u00e4r man Read More\" \/>\n<meta property=\"og:url\" content=\"https:\/\/wp.kristdemokraterna.se\/uppsala\/kd-i-uppsala-kommun\/kommunprogram-uppsala\/lokalt-program-storvreta\/forbattrad-kommunikation\/\" \/>\n<meta property=\"og:site_name\" content=\"Kristdemokraterna | Uppsala\" \/>\n<meta property=\"article:publisher\" content=\"https:\/\/www.facebook.com\/UppsalaKD\/\" \/>\n<meta property=\"article:modified_time\" content=\"2025-01-13T14:27:00+00:00\" \/>\n<meta property=\"og:image\" content=\"https:\/\/wp.kristdemokraterna.se\/uppsala\/files\/2018\/07\/upptaget.jpg\" \/>\n\t<meta property=\"og:image:width\" content=\"1280\" \/>\n\t<meta property=\"og:image:height\" content=\"732\" \/>\n\t<meta property=\"og:image:type\" content=\"image\/jpeg\" \/>\n<meta name=\"twitter:card\" content=\"summary_large_image\" \/>\n<meta name=\"twitter:label1\" content=\"Ber\u00e4knad l\u00e4stid\" \/>\n\t<meta name=\"twitter:data1\" content=\"2 minuter\" \/>\n<script type=\"application\/ld+json\" class=\"yoast-schema-graph\">{\"@context\":\"https:\\\/\\\/schema.org\",\"@graph\":[{\"@type\":\"WebPage\",\"@id\":\"https:\\\/\\\/wp.kristdemokraterna.se\\\/uppsala\\\/kd-i-uppsala-kommun\\\/kommunprogram-uppsala\\\/lokalt-program-storvreta\\\/forbattrad-kommunikation\\\/\",\"url\":\"https:\\\/\\\/wp.kristdemokraterna.se\\\/uppsala\\\/kd-i-uppsala-kommun\\\/kommunprogram-uppsala\\\/lokalt-program-storvreta\\\/forbattrad-kommunikation\\\/\",\"name\":\"F\u00f6rb\u00e4ttrad kommunikation | Kristdemokraterna | Uppsala\",\"isPartOf\":{\"@id\":\"https:\\\/\\\/wp.kristdemokraterna.se\\\/uppsala\\\/#website\"},\"primaryImageOfPage\":{\"@id\":\"https:\\\/\\\/wp.kristdemokraterna.se\\\/uppsala\\\/kd-i-uppsala-kommun\\\/kommunprogram-uppsala\\\/lokalt-program-storvreta\\\/forbattrad-kommunikation\\\/#primaryimage\"},\"image\":{\"@id\":\"https:\\\/\\\/wp.kristdemokraterna.se\\\/uppsala\\\/kd-i-uppsala-kommun\\\/kommunprogram-uppsala\\\/lokalt-program-storvreta\\\/forbattrad-kommunikation\\\/#primaryimage\"},\"thumbnailUrl\":\"http:\\\/\\\/wp.kristdemokraterna.se\\\/uppsala\\\/files\\\/2018\\\/07\\\/upptaget.jpg\",\"datePublished\":\"2018-06-28T12:43:41+00:00\",\"dateModified\":\"2025-01-13T14:27:00+00:00\",\"breadcrumb\":{\"@id\":\"https:\\\/\\\/wp.kristdemokraterna.se\\\/uppsala\\\/kd-i-uppsala-kommun\\\/kommunprogram-uppsala\\\/lokalt-program-storvreta\\\/forbattrad-kommunikation\\\/#breadcrumb\"},\"inLanguage\":\"sv-SE\",\"potentialAction\":[{\"@type\":\"ReadAction\",\"target\":[\"https:\\\/\\\/wp.kristdemokraterna.se\\\/uppsala\\\/kd-i-uppsala-kommun\\\/kommunprogram-uppsala\\\/lokalt-program-storvreta\\\/forbattrad-kommunikation\\\/\"]}]},{\"@type\":\"ImageObject\",\"inLanguage\":\"sv-SE\",\"@id\":\"https:\\\/\\\/wp.kristdemokraterna.se\\\/uppsala\\\/kd-i-uppsala-kommun\\\/kommunprogram-uppsala\\\/lokalt-program-storvreta\\\/forbattrad-kommunikation\\\/#primaryimage\",\"url\":\"https:\\\/\\\/wp.kristdemokraterna.se\\\/uppsala\\\/files\\\/2018\\\/07\\\/upptaget.jpg\",\"contentUrl\":\"https:\\\/\\\/wp.kristdemokraterna.se\\\/uppsala\\\/files\\\/2018\\\/07\\\/upptaget.jpg\",\"width\":1280,\"height\":732},{\"@type\":\"BreadcrumbList\",\"@id\":\"https:\\\/\\\/wp.kristdemokraterna.se\\\/uppsala\\\/kd-i-uppsala-kommun\\\/kommunprogram-uppsala\\\/lokalt-program-storvreta\\\/forbattrad-kommunikation\\\/#breadcrumb\",\"itemListElement\":[{\"@type\":\"ListItem\",\"position\":1,\"name\":\"Hem\",\"item\":\"https:\\\/\\\/wp.kristdemokraterna.se\\\/uppsala\\\/\"},{\"@type\":\"ListItem\",\"position\":2,\"name\":\"Kristdemokraterna i Uppsala Kommun\",\"item\":\"https:\\\/\\\/wp.kristdemokraterna.se\\\/uppsala\\\/kd-i-uppsala-kommun\\\/\"},{\"@type\":\"ListItem\",\"position\":3,\"name\":\"Kommunprogram Uppsala\",\"item\":\"https:\\\/\\\/wp.kristdemokraterna.se\\\/uppsala\\\/kd-i-uppsala-kommun\\\/kommunprogram-uppsala\\\/\"},{\"@type\":\"ListItem\",\"position\":4,\"name\":\"Lokalt program: Storvreta\",\"item\":\"https:\\\/\\\/wp.kristdemokraterna.se\\\/uppsala\\\/kd-i-uppsala-kommun\\\/kommunprogram-uppsala\\\/lokalt-program-storvreta\\\/\"},{\"@type\":\"ListItem\",\"position\":5,\"name\":\"F\u00f6rb\u00e4ttrad kommunikation\"}]},{\"@type\":\"WebSite\",\"@id\":\"https:\\\/\\\/wp.kristdemokraterna.se\\\/uppsala\\\/#website\",\"url\":\"https:\\\/\\\/wp.kristdemokraterna.se\\\/uppsala\\\/\",\"name\":\"Kristdemokraterna Uppsala\",\"description\":\"Tryggare Uppsala\",\"publisher\":{\"@id\":\"https:\\\/\\\/wp.kristdemokraterna.se\\\/uppsala\\\/#organization\"},\"inLanguage\":\"sv-SE\"},{\"@type\":\"Organization\",\"@id\":\"https:\\\/\\\/wp.kristdemokraterna.se\\\/uppsala\\\/#organization\",\"name\":\"Kristdemokraterna Uppsala\",\"url\":\"https:\\\/\\\/wp.kristdemokraterna.se\\\/uppsala\\\/\",\"logo\":{\"@type\":\"ImageObject\",\"inLanguage\":\"sv-SE\",\"@id\":\"https:\\\/\\\/wp.kristdemokraterna.se\\\/uppsala\\\/#\\\/schema\\\/logo\\\/image\\\/\",\"url\":\"https:\\\/\\\/wp.kristdemokraterna.se\\\/uppsala\\\/files\\\/2019\\\/10\\\/kd-uppsala.png\",\"contentUrl\":\"https:\\\/\\\/wp.kristdemokraterna.se\\\/uppsala\\\/files\\\/2019\\\/10\\\/kd-uppsala.png\",\"width\":804,\"height\":421,\"caption\":\"Kristdemokraterna Uppsala\"},\"image\":{\"@id\":\"https:\\\/\\\/wp.kristdemokraterna.se\\\/uppsala\\\/#\\\/schema\\\/logo\\\/image\\\/\"},\"sameAs\":[\"https:\\\/\\\/www.facebook.com\\\/UppsalaKD\\\/\",\"https:\\\/\\\/www.instagram.com\\\/uppsalakd\\\/\"]}]}<\/script>\n<!-- \/ Yoast SEO plugin. -->","yoast_head_json":{"title":"F\u00f6rb\u00e4ttrad kommunikation | Kristdemokraterna | Uppsala","robots":{"index":"index","follow":"follow","max-snippet":"max-snippet:-1","max-image-preview":"max-image-preview:large","max-video-preview":"max-video-preview:-1"},"canonical":"https:\/\/wp.kristdemokraterna.se\/uppsala\/kd-i-uppsala-kommun\/kommunprogram-uppsala\/lokalt-program-storvreta\/forbattrad-kommunikation\/","og_locale":"sv_SE","og_type":"article","og_title":"F\u00f6rb\u00e4ttrad kommunikation | Kristdemokraterna | Uppsala","og_description":"M\u00e5nga som bor i Storvreta \u00e4r beroende av att kollektivtrafiken till och fr\u00e5n orten fungerar. Som det ser ut idag \u00e4r Uppt\u00e5gen \u00f6verbelastade, parkeringsplatserna vid stationen \u00f6verfulla och folk tvingas parkera p\u00e5 intilliggande gr\u00e4smattor. Det beh\u00f6ver tas ett ordentligt helhetsgrepp d\u00e4r man \u00f6kar kapaciteten inom dessa omr\u00e5den. Vi f\u00f6resl\u00e5r ett par konkreta platser d\u00e4r man Read More","og_url":"https:\/\/wp.kristdemokraterna.se\/uppsala\/kd-i-uppsala-kommun\/kommunprogram-uppsala\/lokalt-program-storvreta\/forbattrad-kommunikation\/","og_site_name":"Kristdemokraterna | Uppsala","article_publisher":"https:\/\/www.facebook.com\/UppsalaKD\/","article_modified_time":"2025-01-13T14:27:00+00:00","og_image":[{"width":1280,"height":732,"url":"https:\/\/wp.kristdemokraterna.se\/uppsala\/files\/2018\/07\/upptaget.jpg","type":"image\/jpeg"}],"twitter_card":"summary_large_image","twitter_misc":{"Ber\u00e4knad l\u00e4stid":"2 minuter"},"schema":{"@context":"https:\/\/schema.org","@graph":[{"@type":"WebPage","@id":"https:\/\/wp.kristdemokraterna.se\/uppsala\/kd-i-uppsala-kommun\/kommunprogram-uppsala\/lokalt-program-storvreta\/forbattrad-kommunikation\/","url":"https:\/\/wp.kristdemokraterna.se\/uppsala\/kd-i-uppsala-kommun\/kommunprogram-uppsala\/lokalt-program-storvreta\/forbattrad-kommunikation\/","name":"F\u00f6rb\u00e4ttrad kommunikation | Kristdemokraterna | Uppsala","isPartOf":{"@id":"https:\/\/wp.kristdemokraterna.se\/uppsala\/#website"},"primaryImageOfPage":{"@id":"https:\/\/wp.kristdemokraterna.se\/uppsala\/kd-i-uppsala-kommun\/kommunprogram-uppsala\/lokalt-program-storvreta\/forbattrad-kommunikation\/#primaryimage"},"image":{"@id":"https:\/\/wp.kristdemokraterna.se\/uppsala\/kd-i-uppsala-kommun\/kommunprogram-uppsala\/lokalt-program-storvreta\/forbattrad-kommunikation\/#primaryimage"},"thumbnailUrl":"http:\/\/wp.kristdemokraterna.se\/uppsala\/files\/2018\/07\/upptaget.jpg","datePublished":"2018-06-28T12:43:41+00:00","dateModified":"2025-01-13T14:27:00+00:00","breadcrumb":{"@id":"https:\/\/wp.kristdemokraterna.se\/uppsala\/kd-i-uppsala-kommun\/kommunprogram-uppsala\/lokalt-program-storvreta\/forbattrad-kommunikation\/#breadcrumb"},"inLanguage":"sv-SE","potentialAction":[{"@type":"ReadAction","target":["https:\/\/wp.kristdemokraterna.se\/uppsala\/kd-i-uppsala-kommun\/kommunprogram-uppsala\/lokalt-program-storvreta\/forbattrad-kommunikation\/"]}]},{"@type":"ImageObject","inLanguage":"sv-SE","@id":"https:\/\/wp.kristdemokraterna.se\/uppsala\/kd-i-uppsala-kommun\/kommunprogram-uppsala\/lokalt-program-storvreta\/forbattrad-kommunikation\/#primaryimage","url":"https:\/\/wp.kristdemokraterna.se\/uppsala\/files\/2018\/07\/upptaget.jpg","contentUrl":"https:\/\/wp.kristdemokraterna.se\/uppsala\/files\/2018\/07\/upptaget.jpg","width":1280,"height":732},{"@type":"BreadcrumbList","@id":"https:\/\/wp.kristdemokraterna.se\/uppsala\/kd-i-uppsala-kommun\/kommunprogram-uppsala\/lokalt-program-storvreta\/forbattrad-kommunikation\/#breadcrumb","itemListElement":[{"@type":"ListItem","position":1,"name":"Hem","item":"https:\/\/wp.kristdemokraterna.se\/uppsala\/"},{"@type":"ListItem","position":2,"name":"Kristdemokraterna i Uppsala Kommun","item":"https:\/\/wp.kristdemokraterna.se\/uppsala\/kd-i-uppsala-kommun\/"},{"@type":"ListItem","position":3,"name":"Kommunprogram Uppsala","item":"https:\/\/wp.kristdemokraterna.se\/uppsala\/kd-i-uppsala-kommun\/kommunprogram-uppsala\/"},{"@type":"ListItem","position":4,"name":"Lokalt program: Storvreta","item":"https:\/\/wp.kristdemokraterna.se\/uppsala\/kd-i-uppsala-kommun\/kommunprogram-uppsala\/lokalt-program-storvreta\/"},{"@type":"ListItem","position":5,"name":"F\u00f6rb\u00e4ttrad kommunikation"}]},{"@type":"WebSite","@id":"https:\/\/wp.kristdemokraterna.se\/uppsala\/#website","url":"https:\/\/wp.kristdemokraterna.se\/uppsala\/","name":"Kristdemokraterna Uppsala","description":"Tryggare Uppsala","publisher":{"@id":"https:\/\/wp.kristdemokraterna.se\/uppsala\/#organization"},"inLanguage":"sv-SE"},{"@type":"Organization","@id":"https:\/\/wp.kristdemokraterna.se\/uppsala\/#organization","name":"Kristdemokraterna Uppsala","url":"https:\/\/wp.kristdemokraterna.se\/uppsala\/","logo":{"@type":"ImageObject","inLanguage":"sv-SE","@id":"https:\/\/wp.kristdemokraterna.se\/uppsala\/#\/schema\/logo\/image\/","url":"https:\/\/wp.kristdemokraterna.se\/uppsala\/files\/2019\/10\/kd-uppsala.png","contentUrl":"https:\/\/wp.kristdemokraterna.se\/uppsala\/files\/2019\/10\/kd-uppsala.png","width":804,"height":421,"caption":"Kristdemokraterna Uppsala"},"image":{"@id":"https:\/\/wp.kristdemokraterna.se\/uppsala\/#\/schema\/logo\/image\/"},"sameAs":["https:\/\/www.facebook.com\/UppsalaKD\/","https:\/\/www.instagram.com\/uppsalakd\/"]}]}},"_links":{"self":[{"href":"https:\/\/wp.kristdemokraterna.se\/uppsala\/wp-json\/wp\/v2\/pages\/2639","targetHints":{"allow":["GET"]}}],"collection":[{"href":"https:\/\/wp.kristdemokraterna.se\/uppsala\/wp-json\/wp\/v2\/pages"}],"about":[{"href":"https:\/\/wp.kristdemokraterna.se\/uppsala\/wp-json\/wp\/v2\/types\/page"}],"author":[{"embeddable":true,"href":"https:\/\/wp.kristdemokraterna.se\/uppsala\/wp-json\/wp\/v2\/users\/702"}],"replies":[{"embeddable":true,"href":"https:\/\/wp.kristdemokraterna.se\/uppsala\/wp-json\/wp\/v2\/comments?post=2639"}],"version-history":[{"count":17,"href":"https:\/\/wp.kristdemokraterna.se\/uppsala\/wp-json\/wp\/v2\/pages\/2639\/revisions"}],"predecessor-version":[{"id":2757,"href":"https:\/\/wp.kristdemokraterna.se\/uppsala\/wp-json\/wp\/v2\/pages\/2639\/revisions\/2757"}],"up":[{"embeddable":true,"href":"https:\/\/wp.kristdemokraterna.se\/uppsala\/wp-json\/wp\/v2\/pages\/2607"}],"wp:attachment":[{"href":"https:\/\/wp.kristdemokraterna.se\/uppsala\/wp-json\/wp\/v2\/media?parent=2639"}],"curies":[{"name":"wp","href":"https:\/\/api.w.org\/{rel}","templated":true}]}}