{"id":2644,"date":"2018-06-28T14:48:49","date_gmt":"2018-06-28T12:48:49","guid":{"rendered":"http:\/\/wp.kristdemokraterna.se\/uppsala\/?page_id=2644"},"modified":"2024-08-22T00:05:55","modified_gmt":"2024-08-21T22:05:55","slug":"rikt-idrotts-och-friluftsliv","status":"publish","type":"page","link":"https:\/\/wp.kristdemokraterna.se\/uppsala\/kd-i-uppsala-kommun\/kommunprogram-uppsala\/lokalt-program-storvreta\/rikt-idrotts-och-friluftsliv\/","title":{"rendered":"Natur, idrott &amp; rekreation"},"content":{"rendered":"<p><img loading=\"lazy\" decoding=\"async\" class=\"alignnone size-full wp-image-2749\" src=\"http:\/\/wp.kristdemokraterna.se\/uppsala\/files\/2018\/07\/parkbank.jpg\" alt=\"\" width=\"960\" height=\"642\" srcset=\"https:\/\/wp.kristdemokraterna.se\/uppsala\/files\/2018\/07\/parkbank.jpg 960w, https:\/\/wp.kristdemokraterna.se\/uppsala\/files\/2018\/07\/parkbank-300x201.jpg 300w, https:\/\/wp.kristdemokraterna.se\/uppsala\/files\/2018\/07\/parkbank-768x514.jpg 768w, https:\/\/wp.kristdemokraterna.se\/uppsala\/files\/2018\/07\/parkbank-540x361.jpg 540w, https:\/\/wp.kristdemokraterna.se\/uppsala\/files\/2018\/07\/parkbank-299x200.jpg 299w, https:\/\/wp.kristdemokraterna.se\/uppsala\/files\/2018\/07\/parkbank-370x247.jpg 370w, https:\/\/wp.kristdemokraterna.se\/uppsala\/files\/2018\/07\/parkbank-770x515.jpg 770w, https:\/\/wp.kristdemokraterna.se\/uppsala\/files\/2018\/07\/parkbank-450x301.jpg 450w, https:\/\/wp.kristdemokraterna.se\/uppsala\/files\/2018\/07\/parkbank-280x187.jpg 280w, https:\/\/wp.kristdemokraterna.se\/uppsala\/files\/2018\/07\/parkbank-340x227.jpg 340w, https:\/\/wp.kristdemokraterna.se\/uppsala\/files\/2018\/07\/parkbank-200x134.jpg 200w, https:\/\/wp.kristdemokraterna.se\/uppsala\/files\/2018\/07\/parkbank-84x56.jpg 84w\" sizes=\"auto, (max-width: 960px) 100vw, 960px\" \/><\/p>\n<p>Bara sju minuter fr\u00e5n Uppsala resecentrum ligger Storvreta som en oas med rikt f\u00f6reningsliv och brett utbud av natur- och fritidsupplevelser. Vi m\u00e5ste ta hand om v\u00e5ra gr\u00f6na ytor och bli b\u00e4ttre p\u00e5 att smycka gemensamma ytor, det kan ske genom enkla medel, till exempel genom att r\u00f6ja buskage och st\u00e4lla ut b\u00e4nkar.<\/p>\n<ul>\n<li>Ta hand om v\u00e5ra gr\u00f6na ytor<\/li>\n<li>St\u00e4rk civilsamh\u00e4llet och ta tillvara p\u00e5 det fantastiska f\u00f6reningslivet<\/li>\n<li>\u00c5tg\u00e4rda promenadstr\u00e5ket runt Fyris\u00e5n med bland annat b\u00e4nkar, papperskorgar och belysning s\u00e5 att den blir tillg\u00e4nglig f\u00f6r s\u00e5v\u00e4l \u00e4ldre som barnfamiljer<\/li>\n<li>Komplettera skidskyttebanan med ytterligare 18 m\u00e5l s\u00e5 att man kan anordna nationella t\u00e4vlingar<\/li>\n<li>Utred m\u00f6jligheten till simhall i centrala Storvreta<\/li>\n<li>Utveckla Parkourparken<\/li>\n<\/ul>\n<hr \/>\n<p><strong><a href=\"http:\/\/wp.kristdemokraterna.se\/uppsala\/var-politik\/var-vision-for-storvreta\/\">Vision f\u00f6r Storvreta<\/a><\/strong><br \/>\n<a href=\"http:\/\/wp.kristdemokraterna.se\/uppsala\/ett-levande-centrum\/\">Ett levande centrum<\/a><br \/>\n<a href=\"http:\/\/wp.kristdemokraterna.se\/uppsala\/okad-trygghet\/\">\u00d6kad trygghet<\/a><br \/>\n<a href=\"http:\/\/wp.kristdemokraterna.se\/uppsala\/forbattrad-kommunikation\/\">F\u00f6rb\u00e4ttrad kommunikation<\/a><br \/>\n<a href=\"http:\/\/wp.kristdemokraterna.se\/uppsala\/rikt-idrotts-och-friluftsliv\/\">Natur, idrott och rekreation<\/a><br \/>\n<a href=\"http:\/\/wp.kristdemokraterna.se\/uppsala\/en-blandad-bebyggelse\/\">En blandad bebyggelse<\/a><br \/>\n<a href=\"http:\/\/wp.kristdemokraterna.se\/uppsala\/en-politik-for-alla-aldrar\/\">En politik f\u00f6r alla \u00e5ldrar<\/a><\/p>\n<p>&nbsp;<\/p>\n","protected":false},"excerpt":{"rendered":"<p>Bara sju minuter fr\u00e5n Uppsala resecentrum ligger Storvreta som en oas med rikt f\u00f6reningsliv och brett utbud av natur- och fritidsupplevelser. Vi m\u00e5ste ta hand om v\u00e5ra gr\u00f6na ytor och bli b\u00e4ttre p\u00e5 att smycka gemensamma ytor, det kan ske genom enkla medel, till exempel genom att r\u00f6ja buskage och st\u00e4lla ut b\u00e4nkar. Ta hand <a class=\"read-more-link\" href=\"https:\/\/wp.kristdemokraterna.se\/uppsala\/kd-i-uppsala-kommun\/kommunprogram-uppsala\/lokalt-program-storvreta\/rikt-idrotts-och-friluftsliv\/\">Read More<\/a><\/p>\n","protected":false},"author":702,"featured_media":0,"parent":2607,"menu_order":25,"comment_status":"closed","ping_status":"closed","template":"","meta":{"_acf_changed":false,"footnotes":""},"class_list":["post-2644","page","type-page","status-publish","hentry"],"acf":[],"yoast_head":"<!-- This site is optimized with the Yoast SEO plugin v27.3 - https:\/\/yoast.com\/product\/yoast-seo-wordpress\/ -->\n<title>Natur, idrott &amp; rekreation | Kristdemokraterna | Uppsala<\/title>\n<meta name=\"robots\" content=\"index, follow, max-snippet:-1, max-image-preview:large, max-video-preview:-1\" \/>\n<link rel=\"canonical\" href=\"https:\/\/wp.kristdemokraterna.se\/uppsala\/kd-i-uppsala-kommun\/kommunprogram-uppsala\/lokalt-program-storvreta\/rikt-idrotts-och-friluftsliv\/\" \/>\n<meta property=\"og:locale\" content=\"sv_SE\" \/>\n<meta property=\"og:type\" content=\"article\" \/>\n<meta property=\"og:title\" content=\"Natur, idrott &amp; rekreation | Kristdemokraterna | Uppsala\" \/>\n<meta property=\"og:description\" content=\"Bara sju minuter fr\u00e5n Uppsala resecentrum ligger Storvreta som en oas med rikt f\u00f6reningsliv och brett utbud av natur- och fritidsupplevelser. Vi m\u00e5ste ta hand om v\u00e5ra gr\u00f6na ytor och bli b\u00e4ttre p\u00e5 att smycka gemensamma ytor, det kan ske genom enkla medel, till exempel genom att r\u00f6ja buskage och st\u00e4lla ut b\u00e4nkar. Ta hand Read More\" \/>\n<meta property=\"og:url\" content=\"https:\/\/wp.kristdemokraterna.se\/uppsala\/kd-i-uppsala-kommun\/kommunprogram-uppsala\/lokalt-program-storvreta\/rikt-idrotts-och-friluftsliv\/\" \/>\n<meta property=\"og:site_name\" content=\"Kristdemokraterna | Uppsala\" \/>\n<meta property=\"article:publisher\" content=\"https:\/\/www.facebook.com\/UppsalaKD\/\" \/>\n<meta property=\"article:modified_time\" content=\"2024-08-21T22:05:55+00:00\" \/>\n<meta property=\"og:image\" content=\"http:\/\/wp.kristdemokraterna.se\/uppsala\/files\/2018\/07\/parkbank.jpg\" \/>\n<meta name=\"twitter:card\" content=\"summary_large_image\" \/>\n<meta name=\"twitter:label1\" content=\"Ber\u00e4knad l\u00e4stid\" \/>\n\t<meta name=\"twitter:data1\" content=\"1 minut\" \/>\n<script type=\"application\/ld+json\" class=\"yoast-schema-graph\">{\"@context\":\"https:\\\/\\\/schema.org\",\"@graph\":[{\"@type\":\"WebPage\",\"@id\":\"https:\\\/\\\/wp.kristdemokraterna.se\\\/uppsala\\\/kd-i-uppsala-kommun\\\/kommunprogram-uppsala\\\/lokalt-program-storvreta\\\/rikt-idrotts-och-friluftsliv\\\/\",\"url\":\"https:\\\/\\\/wp.kristdemokraterna.se\\\/uppsala\\\/kd-i-uppsala-kommun\\\/kommunprogram-uppsala\\\/lokalt-program-storvreta\\\/rikt-idrotts-och-friluftsliv\\\/\",\"name\":\"Natur, idrott &amp; rekreation | Kristdemokraterna | Uppsala\",\"isPartOf\":{\"@id\":\"https:\\\/\\\/wp.kristdemokraterna.se\\\/uppsala\\\/#website\"},\"primaryImageOfPage\":{\"@id\":\"https:\\\/\\\/wp.kristdemokraterna.se\\\/uppsala\\\/kd-i-uppsala-kommun\\\/kommunprogram-uppsala\\\/lokalt-program-storvreta\\\/rikt-idrotts-och-friluftsliv\\\/#primaryimage\"},\"image\":{\"@id\":\"https:\\\/\\\/wp.kristdemokraterna.se\\\/uppsala\\\/kd-i-uppsala-kommun\\\/kommunprogram-uppsala\\\/lokalt-program-storvreta\\\/rikt-idrotts-och-friluftsliv\\\/#primaryimage\"},\"thumbnailUrl\":\"http:\\\/\\\/wp.kristdemokraterna.se\\\/uppsala\\\/files\\\/2018\\\/07\\\/parkbank.jpg\",\"datePublished\":\"2018-06-28T12:48:49+00:00\",\"dateModified\":\"2024-08-21T22:05:55+00:00\",\"breadcrumb\":{\"@id\":\"https:\\\/\\\/wp.kristdemokraterna.se\\\/uppsala\\\/kd-i-uppsala-kommun\\\/kommunprogram-uppsala\\\/lokalt-program-storvreta\\\/rikt-idrotts-och-friluftsliv\\\/#breadcrumb\"},\"inLanguage\":\"sv-SE\",\"potentialAction\":[{\"@type\":\"ReadAction\",\"target\":[\"https:\\\/\\\/wp.kristdemokraterna.se\\\/uppsala\\\/kd-i-uppsala-kommun\\\/kommunprogram-uppsala\\\/lokalt-program-storvreta\\\/rikt-idrotts-och-friluftsliv\\\/\"]}]},{\"@type\":\"ImageObject\",\"inLanguage\":\"sv-SE\",\"@id\":\"https:\\\/\\\/wp.kristdemokraterna.se\\\/uppsala\\\/kd-i-uppsala-kommun\\\/kommunprogram-uppsala\\\/lokalt-program-storvreta\\\/rikt-idrotts-och-friluftsliv\\\/#primaryimage\",\"url\":\"https:\\\/\\\/wp.kristdemokraterna.se\\\/uppsala\\\/files\\\/2018\\\/07\\\/parkbank.jpg\",\"contentUrl\":\"https:\\\/\\\/wp.kristdemokraterna.se\\\/uppsala\\\/files\\\/2018\\\/07\\\/parkbank.jpg\",\"width\":960,\"height\":642},{\"@type\":\"BreadcrumbList\",\"@id\":\"https:\\\/\\\/wp.kristdemokraterna.se\\\/uppsala\\\/kd-i-uppsala-kommun\\\/kommunprogram-uppsala\\\/lokalt-program-storvreta\\\/rikt-idrotts-och-friluftsliv\\\/#breadcrumb\",\"itemListElement\":[{\"@type\":\"ListItem\",\"position\":1,\"name\":\"Hem\",\"item\":\"https:\\\/\\\/wp.kristdemokraterna.se\\\/uppsala\\\/\"},{\"@type\":\"ListItem\",\"position\":2,\"name\":\"Kristdemokraterna i Uppsala Kommun\",\"item\":\"https:\\\/\\\/wp.kristdemokraterna.se\\\/uppsala\\\/kd-i-uppsala-kommun\\\/\"},{\"@type\":\"ListItem\",\"position\":3,\"name\":\"Kommunprogram Uppsala\",\"item\":\"https:\\\/\\\/wp.kristdemokraterna.se\\\/uppsala\\\/kd-i-uppsala-kommun\\\/kommunprogram-uppsala\\\/\"},{\"@type\":\"ListItem\",\"position\":4,\"name\":\"Lokalt program: Storvreta\",\"item\":\"https:\\\/\\\/wp.kristdemokraterna.se\\\/uppsala\\\/kd-i-uppsala-kommun\\\/kommunprogram-uppsala\\\/lokalt-program-storvreta\\\/\"},{\"@type\":\"ListItem\",\"position\":5,\"name\":\"Natur, idrott &amp; rekreation\"}]},{\"@type\":\"WebSite\",\"@id\":\"https:\\\/\\\/wp.kristdemokraterna.se\\\/uppsala\\\/#website\",\"url\":\"https:\\\/\\\/wp.kristdemokraterna.se\\\/uppsala\\\/\",\"name\":\"Kristdemokraterna Uppsala\",\"description\":\"Tryggare Uppsala\",\"publisher\":{\"@id\":\"https:\\\/\\\/wp.kristdemokraterna.se\\\/uppsala\\\/#organization\"},\"inLanguage\":\"sv-SE\"},{\"@type\":\"Organization\",\"@id\":\"https:\\\/\\\/wp.kristdemokraterna.se\\\/uppsala\\\/#organization\",\"name\":\"Kristdemokraterna Uppsala\",\"url\":\"https:\\\/\\\/wp.kristdemokraterna.se\\\/uppsala\\\/\",\"logo\":{\"@type\":\"ImageObject\",\"inLanguage\":\"sv-SE\",\"@id\":\"https:\\\/\\\/wp.kristdemokraterna.se\\\/uppsala\\\/#\\\/schema\\\/logo\\\/image\\\/\",\"url\":\"https:\\\/\\\/wp.kristdemokraterna.se\\\/uppsala\\\/files\\\/2019\\\/10\\\/kd-uppsala.png\",\"contentUrl\":\"https:\\\/\\\/wp.kristdemokraterna.se\\\/uppsala\\\/files\\\/2019\\\/10\\\/kd-uppsala.png\",\"width\":804,\"height\":421,\"caption\":\"Kristdemokraterna Uppsala\"},\"image\":{\"@id\":\"https:\\\/\\\/wp.kristdemokraterna.se\\\/uppsala\\\/#\\\/schema\\\/logo\\\/image\\\/\"},\"sameAs\":[\"https:\\\/\\\/www.facebook.com\\\/UppsalaKD\\\/\",\"https:\\\/\\\/www.instagram.com\\\/uppsalakd\\\/\"]}]}<\/script>\n<!-- \/ Yoast SEO plugin. -->","yoast_head_json":{"title":"Natur, idrott &amp; rekreation | Kristdemokraterna | Uppsala","robots":{"index":"index","follow":"follow","max-snippet":"max-snippet:-1","max-image-preview":"max-image-preview:large","max-video-preview":"max-video-preview:-1"},"canonical":"https:\/\/wp.kristdemokraterna.se\/uppsala\/kd-i-uppsala-kommun\/kommunprogram-uppsala\/lokalt-program-storvreta\/rikt-idrotts-och-friluftsliv\/","og_locale":"sv_SE","og_type":"article","og_title":"Natur, idrott &amp; rekreation | Kristdemokraterna | Uppsala","og_description":"Bara sju minuter fr\u00e5n Uppsala resecentrum ligger Storvreta som en oas med rikt f\u00f6reningsliv och brett utbud av natur- och fritidsupplevelser. Vi m\u00e5ste ta hand om v\u00e5ra gr\u00f6na ytor och bli b\u00e4ttre p\u00e5 att smycka gemensamma ytor, det kan ske genom enkla medel, till exempel genom att r\u00f6ja buskage och st\u00e4lla ut b\u00e4nkar. Ta hand Read More","og_url":"https:\/\/wp.kristdemokraterna.se\/uppsala\/kd-i-uppsala-kommun\/kommunprogram-uppsala\/lokalt-program-storvreta\/rikt-idrotts-och-friluftsliv\/","og_site_name":"Kristdemokraterna | Uppsala","article_publisher":"https:\/\/www.facebook.com\/UppsalaKD\/","article_modified_time":"2024-08-21T22:05:55+00:00","og_image":[{"url":"http:\/\/wp.kristdemokraterna.se\/uppsala\/files\/2018\/07\/parkbank.jpg","type":"","width":"","height":""}],"twitter_card":"summary_large_image","twitter_misc":{"Ber\u00e4knad l\u00e4stid":"1 minut"},"schema":{"@context":"https:\/\/schema.org","@graph":[{"@type":"WebPage","@id":"https:\/\/wp.kristdemokraterna.se\/uppsala\/kd-i-uppsala-kommun\/kommunprogram-uppsala\/lokalt-program-storvreta\/rikt-idrotts-och-friluftsliv\/","url":"https:\/\/wp.kristdemokraterna.se\/uppsala\/kd-i-uppsala-kommun\/kommunprogram-uppsala\/lokalt-program-storvreta\/rikt-idrotts-och-friluftsliv\/","name":"Natur, idrott &amp; rekreation | Kristdemokraterna | Uppsala","isPartOf":{"@id":"https:\/\/wp.kristdemokraterna.se\/uppsala\/#website"},"primaryImageOfPage":{"@id":"https:\/\/wp.kristdemokraterna.se\/uppsala\/kd-i-uppsala-kommun\/kommunprogram-uppsala\/lokalt-program-storvreta\/rikt-idrotts-och-friluftsliv\/#primaryimage"},"image":{"@id":"https:\/\/wp.kristdemokraterna.se\/uppsala\/kd-i-uppsala-kommun\/kommunprogram-uppsala\/lokalt-program-storvreta\/rikt-idrotts-och-friluftsliv\/#primaryimage"},"thumbnailUrl":"http:\/\/wp.kristdemokraterna.se\/uppsala\/files\/2018\/07\/parkbank.jpg","datePublished":"2018-06-28T12:48:49+00:00","dateModified":"2024-08-21T22:05:55+00:00","breadcrumb":{"@id":"https:\/\/wp.kristdemokraterna.se\/uppsala\/kd-i-uppsala-kommun\/kommunprogram-uppsala\/lokalt-program-storvreta\/rikt-idrotts-och-friluftsliv\/#breadcrumb"},"inLanguage":"sv-SE","potentialAction":[{"@type":"ReadAction","target":["https:\/\/wp.kristdemokraterna.se\/uppsala\/kd-i-uppsala-kommun\/kommunprogram-uppsala\/lokalt-program-storvreta\/rikt-idrotts-och-friluftsliv\/"]}]},{"@type":"ImageObject","inLanguage":"sv-SE","@id":"https:\/\/wp.kristdemokraterna.se\/uppsala\/kd-i-uppsala-kommun\/kommunprogram-uppsala\/lokalt-program-storvreta\/rikt-idrotts-och-friluftsliv\/#primaryimage","url":"https:\/\/wp.kristdemokraterna.se\/uppsala\/files\/2018\/07\/parkbank.jpg","contentUrl":"https:\/\/wp.kristdemokraterna.se\/uppsala\/files\/2018\/07\/parkbank.jpg","width":960,"height":642},{"@type":"BreadcrumbList","@id":"https:\/\/wp.kristdemokraterna.se\/uppsala\/kd-i-uppsala-kommun\/kommunprogram-uppsala\/lokalt-program-storvreta\/rikt-idrotts-och-friluftsliv\/#breadcrumb","itemListElement":[{"@type":"ListItem","position":1,"name":"Hem","item":"https:\/\/wp.kristdemokraterna.se\/uppsala\/"},{"@type":"ListItem","position":2,"name":"Kristdemokraterna i Uppsala Kommun","item":"https:\/\/wp.kristdemokraterna.se\/uppsala\/kd-i-uppsala-kommun\/"},{"@type":"ListItem","position":3,"name":"Kommunprogram Uppsala","item":"https:\/\/wp.kristdemokraterna.se\/uppsala\/kd-i-uppsala-kommun\/kommunprogram-uppsala\/"},{"@type":"ListItem","position":4,"name":"Lokalt program: Storvreta","item":"https:\/\/wp.kristdemokraterna.se\/uppsala\/kd-i-uppsala-kommun\/kommunprogram-uppsala\/lokalt-program-storvreta\/"},{"@type":"ListItem","position":5,"name":"Natur, idrott &amp; rekreation"}]},{"@type":"WebSite","@id":"https:\/\/wp.kristdemokraterna.se\/uppsala\/#website","url":"https:\/\/wp.kristdemokraterna.se\/uppsala\/","name":"Kristdemokraterna Uppsala","description":"Tryggare Uppsala","publisher":{"@id":"https:\/\/wp.kristdemokraterna.se\/uppsala\/#organization"},"inLanguage":"sv-SE"},{"@type":"Organization","@id":"https:\/\/wp.kristdemokraterna.se\/uppsala\/#organization","name":"Kristdemokraterna Uppsala","url":"https:\/\/wp.kristdemokraterna.se\/uppsala\/","logo":{"@type":"ImageObject","inLanguage":"sv-SE","@id":"https:\/\/wp.kristdemokraterna.se\/uppsala\/#\/schema\/logo\/image\/","url":"https:\/\/wp.kristdemokraterna.se\/uppsala\/files\/2019\/10\/kd-uppsala.png","contentUrl":"https:\/\/wp.kristdemokraterna.se\/uppsala\/files\/2019\/10\/kd-uppsala.png","width":804,"height":421,"caption":"Kristdemokraterna Uppsala"},"image":{"@id":"https:\/\/wp.kristdemokraterna.se\/uppsala\/#\/schema\/logo\/image\/"},"sameAs":["https:\/\/www.facebook.com\/UppsalaKD\/","https:\/\/www.instagram.com\/uppsalakd\/"]}]}},"_links":{"self":[{"href":"https:\/\/wp.kristdemokraterna.se\/uppsala\/wp-json\/wp\/v2\/pages\/2644","targetHints":{"allow":["GET"]}}],"collection":[{"href":"https:\/\/wp.kristdemokraterna.se\/uppsala\/wp-json\/wp\/v2\/pages"}],"about":[{"href":"https:\/\/wp.kristdemokraterna.se\/uppsala\/wp-json\/wp\/v2\/types\/page"}],"author":[{"embeddable":true,"href":"https:\/\/wp.kristdemokraterna.se\/uppsala\/wp-json\/wp\/v2\/users\/702"}],"replies":[{"embeddable":true,"href":"https:\/\/wp.kristdemokraterna.se\/uppsala\/wp-json\/wp\/v2\/comments?post=2644"}],"version-history":[{"count":18,"href":"https:\/\/wp.kristdemokraterna.se\/uppsala\/wp-json\/wp\/v2\/pages\/2644\/revisions"}],"predecessor-version":[{"id":2763,"href":"https:\/\/wp.kristdemokraterna.se\/uppsala\/wp-json\/wp\/v2\/pages\/2644\/revisions\/2763"}],"up":[{"embeddable":true,"href":"https:\/\/wp.kristdemokraterna.se\/uppsala\/wp-json\/wp\/v2\/pages\/2607"}],"wp:attachment":[{"href":"https:\/\/wp.kristdemokraterna.se\/uppsala\/wp-json\/wp\/v2\/media?parent=2644"}],"curies":[{"name":"wp","href":"https:\/\/api.w.org\/{rel}","templated":true}]}}