{"id":2650,"date":"2018-06-28T14:49:05","date_gmt":"2018-06-28T12:49:05","guid":{"rendered":"http:\/\/wp.kristdemokraterna.se\/uppsala\/?page_id=2650"},"modified":"2024-08-22T00:07:12","modified_gmt":"2024-08-21T22:07:12","slug":"en-blandad-bebyggelse","status":"publish","type":"page","link":"https:\/\/wp.kristdemokraterna.se\/uppsala\/kd-i-uppsala-kommun\/kommunprogram-uppsala\/lokalt-program-storvreta\/en-blandad-bebyggelse\/","title":{"rendered":"En blandad bebyggelse"},"content":{"rendered":"<p><img loading=\"lazy\" decoding=\"async\" class=\"alignnone size-full wp-image-2751\" src=\"http:\/\/wp.kristdemokraterna.se\/uppsala\/files\/2018\/07\/radhus.storvreta.jpg\" alt=\"\" width=\"1024\" height=\"768\" srcset=\"https:\/\/wp.kristdemokraterna.se\/uppsala\/files\/2018\/07\/radhus.storvreta.jpg 1024w, https:\/\/wp.kristdemokraterna.se\/uppsala\/files\/2018\/07\/radhus.storvreta-300x225.jpg 300w, https:\/\/wp.kristdemokraterna.se\/uppsala\/files\/2018\/07\/radhus.storvreta-768x576.jpg 768w, https:\/\/wp.kristdemokraterna.se\/uppsala\/files\/2018\/07\/radhus.storvreta-540x405.jpg 540w, https:\/\/wp.kristdemokraterna.se\/uppsala\/files\/2018\/07\/radhus.storvreta-267x200.jpg 267w, https:\/\/wp.kristdemokraterna.se\/uppsala\/files\/2018\/07\/radhus.storvreta-370x278.jpg 370w, https:\/\/wp.kristdemokraterna.se\/uppsala\/files\/2018\/07\/radhus.storvreta-770x578.jpg 770w, https:\/\/wp.kristdemokraterna.se\/uppsala\/files\/2018\/07\/radhus.storvreta-450x338.jpg 450w, https:\/\/wp.kristdemokraterna.se\/uppsala\/files\/2018\/07\/radhus.storvreta-280x210.jpg 280w, https:\/\/wp.kristdemokraterna.se\/uppsala\/files\/2018\/07\/radhus.storvreta-340x255.jpg 340w, https:\/\/wp.kristdemokraterna.se\/uppsala\/files\/2018\/07\/radhus.storvreta-200x150.jpg 200w, https:\/\/wp.kristdemokraterna.se\/uppsala\/files\/2018\/07\/radhus.storvreta-75x56.jpg 75w\" sizes=\"auto, (max-width: 1024px) 100vw, 1024px\" \/><\/p>\n<p><strong>Storvreta ska forts\u00e4tta att vara trivsamt och gr\u00f6nt, men det finns ocks\u00e5 en hel del ytor som l\u00e4mpar sig f\u00f6r nya bost\u00e4der. Vi vill blanda hyresr\u00e4tter, bostadsr\u00e4tter, sm\u00e5hus och villor. <\/strong><\/p>\n<p>Det \u00e4r viktigt att bygga vackert och i harmoni med omgivningen, d\u00e4rf\u00f6r \u00e4r vi emot h\u00f6ghus i centrum. Vi vill bevara den gemytliga landsortsk\u00e4nslan, men med god service och kommunikation n\u00e4ra dig.<\/p>\n<p>Vi tror att hyresr\u00e4tter \u00e4r efterfr\u00e5gade bland b\u00e5de unga och \u00e4ldre. Det finns flera l\u00e4mpliga platser f\u00f6r dessa. \u00c4ven flerfamiljshus och villor beh\u00f6ver byggas.<\/p>\n<p><strong>Vi vill:\u00a0<\/strong><\/p>\n<p>\u2022 Bygga fler hyresr\u00e4tter, exempelvis mellan biblioteket och Pluggparadiset, mellan Pluggparadiset och Morgonv\u00e4gen samt mellan \u00c4rentunaskolan och Stens stig.<br \/>\n\u2022 Bygga bost\u00e4der p\u00e5 delar av gr\u00f6nomr\u00e5det mot r\u00e4ddningstj\u00e4nsten, i h\u00f6jd med \u00c4rentunaskolan.<br \/>\n\u2022 Se \u00f6ver om det \u00e4r l\u00e4mpligt att riva Gamla kommunhuset och ers\u00e4tta det med hyresbost\u00e4der med n\u00e4ringsverksamhet i bottenplan.<br \/>\n\u2022 G\u00f6ra Fuller\u00f6 Hage till en sj\u00e4lvklar del av Storvreta, exempelvis genom samma postnummer och b\u00e4ttre kollektivtrafik<\/p>\n<p>&nbsp;<\/p>\n<hr \/>\n<p><strong><a href=\"http:\/\/wp.kristdemokraterna.se\/uppsala\/var-politik\/var-vision-for-storvreta\/\">Vision f\u00f6r Storvreta<\/a><\/strong><br \/>\n<a href=\"http:\/\/wp.kristdemokraterna.se\/uppsala\/ett-levande-centrum\/\">Ett levande centrum<\/a><br \/>\n<a href=\"http:\/\/wp.kristdemokraterna.se\/uppsala\/okad-trygghet\/\">\u00d6kad trygghet<\/a><br \/>\n<a href=\"http:\/\/wp.kristdemokraterna.se\/uppsala\/forbattrad-kommunikation\/\">F\u00f6rb\u00e4ttrad kommunikation<\/a><br \/>\n<a href=\"http:\/\/wp.kristdemokraterna.se\/uppsala\/rikt-idrotts-och-friluftsliv\/\">Natur, idrott och rekreation<\/a><br \/>\n<a href=\"http:\/\/wp.kristdemokraterna.se\/uppsala\/en-blandad-bebyggelse\/\">En blandad bebyggelse<\/a><br \/>\n<a href=\"http:\/\/wp.kristdemokraterna.se\/uppsala\/en-politik-for-alla-aldrar\/\">En politik f\u00f6r alla \u00e5ldrar<\/a><\/p>\n<p>&nbsp;<\/p>\n","protected":false},"excerpt":{"rendered":"<p>Storvreta ska forts\u00e4tta att vara trivsamt och gr\u00f6nt, men det finns ocks\u00e5 en hel del ytor som l\u00e4mpar sig f\u00f6r nya bost\u00e4der. Vi vill blanda hyresr\u00e4tter, bostadsr\u00e4tter, sm\u00e5hus och villor. Det \u00e4r viktigt att bygga vackert och i harmoni med omgivningen, d\u00e4rf\u00f6r \u00e4r vi emot h\u00f6ghus i centrum. Vi vill bevara den gemytliga landsortsk\u00e4nslan, men <a class=\"read-more-link\" href=\"https:\/\/wp.kristdemokraterna.se\/uppsala\/kd-i-uppsala-kommun\/kommunprogram-uppsala\/lokalt-program-storvreta\/en-blandad-bebyggelse\/\">Read More<\/a><\/p>\n","protected":false},"author":702,"featured_media":0,"parent":2607,"menu_order":26,"comment_status":"closed","ping_status":"closed","template":"","meta":{"_acf_changed":false,"footnotes":""},"class_list":["post-2650","page","type-page","status-publish","hentry"],"acf":[],"yoast_head":"<!-- This site is optimized with the Yoast SEO plugin v27.3 - https:\/\/yoast.com\/product\/yoast-seo-wordpress\/ -->\n<title>En blandad bebyggelse | Kristdemokraterna | Uppsala<\/title>\n<meta name=\"robots\" content=\"index, follow, max-snippet:-1, max-image-preview:large, max-video-preview:-1\" \/>\n<link rel=\"canonical\" href=\"https:\/\/wp.kristdemokraterna.se\/uppsala\/kd-i-uppsala-kommun\/kommunprogram-uppsala\/lokalt-program-storvreta\/en-blandad-bebyggelse\/\" \/>\n<meta property=\"og:locale\" content=\"sv_SE\" \/>\n<meta property=\"og:type\" content=\"article\" \/>\n<meta property=\"og:title\" content=\"En blandad bebyggelse | Kristdemokraterna | Uppsala\" \/>\n<meta property=\"og:description\" content=\"Storvreta ska forts\u00e4tta att vara trivsamt och gr\u00f6nt, men det finns ocks\u00e5 en hel del ytor som l\u00e4mpar sig f\u00f6r nya bost\u00e4der. Vi vill blanda hyresr\u00e4tter, bostadsr\u00e4tter, sm\u00e5hus och villor. Det \u00e4r viktigt att bygga vackert och i harmoni med omgivningen, d\u00e4rf\u00f6r \u00e4r vi emot h\u00f6ghus i centrum. Vi vill bevara den gemytliga landsortsk\u00e4nslan, men Read More\" \/>\n<meta property=\"og:url\" content=\"https:\/\/wp.kristdemokraterna.se\/uppsala\/kd-i-uppsala-kommun\/kommunprogram-uppsala\/lokalt-program-storvreta\/en-blandad-bebyggelse\/\" \/>\n<meta property=\"og:site_name\" content=\"Kristdemokraterna | Uppsala\" \/>\n<meta property=\"article:publisher\" content=\"https:\/\/www.facebook.com\/UppsalaKD\/\" \/>\n<meta property=\"article:modified_time\" content=\"2024-08-21T22:07:12+00:00\" \/>\n<meta property=\"og:image\" content=\"http:\/\/wp.kristdemokraterna.se\/uppsala\/files\/2018\/07\/radhus.storvreta.jpg\" \/>\n<meta name=\"twitter:card\" content=\"summary_large_image\" \/>\n<meta name=\"twitter:label1\" content=\"Ber\u00e4knad l\u00e4stid\" \/>\n\t<meta name=\"twitter:data1\" content=\"2 minuter\" \/>\n<script type=\"application\/ld+json\" class=\"yoast-schema-graph\">{\"@context\":\"https:\\\/\\\/schema.org\",\"@graph\":[{\"@type\":\"WebPage\",\"@id\":\"https:\\\/\\\/wp.kristdemokraterna.se\\\/uppsala\\\/kd-i-uppsala-kommun\\\/kommunprogram-uppsala\\\/lokalt-program-storvreta\\\/en-blandad-bebyggelse\\\/\",\"url\":\"https:\\\/\\\/wp.kristdemokraterna.se\\\/uppsala\\\/kd-i-uppsala-kommun\\\/kommunprogram-uppsala\\\/lokalt-program-storvreta\\\/en-blandad-bebyggelse\\\/\",\"name\":\"En blandad bebyggelse | Kristdemokraterna | Uppsala\",\"isPartOf\":{\"@id\":\"https:\\\/\\\/wp.kristdemokraterna.se\\\/uppsala\\\/#website\"},\"primaryImageOfPage\":{\"@id\":\"https:\\\/\\\/wp.kristdemokraterna.se\\\/uppsala\\\/kd-i-uppsala-kommun\\\/kommunprogram-uppsala\\\/lokalt-program-storvreta\\\/en-blandad-bebyggelse\\\/#primaryimage\"},\"image\":{\"@id\":\"https:\\\/\\\/wp.kristdemokraterna.se\\\/uppsala\\\/kd-i-uppsala-kommun\\\/kommunprogram-uppsala\\\/lokalt-program-storvreta\\\/en-blandad-bebyggelse\\\/#primaryimage\"},\"thumbnailUrl\":\"http:\\\/\\\/wp.kristdemokraterna.se\\\/uppsala\\\/files\\\/2018\\\/07\\\/radhus.storvreta.jpg\",\"datePublished\":\"2018-06-28T12:49:05+00:00\",\"dateModified\":\"2024-08-21T22:07:12+00:00\",\"breadcrumb\":{\"@id\":\"https:\\\/\\\/wp.kristdemokraterna.se\\\/uppsala\\\/kd-i-uppsala-kommun\\\/kommunprogram-uppsala\\\/lokalt-program-storvreta\\\/en-blandad-bebyggelse\\\/#breadcrumb\"},\"inLanguage\":\"sv-SE\",\"potentialAction\":[{\"@type\":\"ReadAction\",\"target\":[\"https:\\\/\\\/wp.kristdemokraterna.se\\\/uppsala\\\/kd-i-uppsala-kommun\\\/kommunprogram-uppsala\\\/lokalt-program-storvreta\\\/en-blandad-bebyggelse\\\/\"]}]},{\"@type\":\"ImageObject\",\"inLanguage\":\"sv-SE\",\"@id\":\"https:\\\/\\\/wp.kristdemokraterna.se\\\/uppsala\\\/kd-i-uppsala-kommun\\\/kommunprogram-uppsala\\\/lokalt-program-storvreta\\\/en-blandad-bebyggelse\\\/#primaryimage\",\"url\":\"https:\\\/\\\/wp.kristdemokraterna.se\\\/uppsala\\\/files\\\/2018\\\/07\\\/radhus.storvreta.jpg\",\"contentUrl\":\"https:\\\/\\\/wp.kristdemokraterna.se\\\/uppsala\\\/files\\\/2018\\\/07\\\/radhus.storvreta.jpg\",\"width\":1024,\"height\":768},{\"@type\":\"BreadcrumbList\",\"@id\":\"https:\\\/\\\/wp.kristdemokraterna.se\\\/uppsala\\\/kd-i-uppsala-kommun\\\/kommunprogram-uppsala\\\/lokalt-program-storvreta\\\/en-blandad-bebyggelse\\\/#breadcrumb\",\"itemListElement\":[{\"@type\":\"ListItem\",\"position\":1,\"name\":\"Hem\",\"item\":\"https:\\\/\\\/wp.kristdemokraterna.se\\\/uppsala\\\/\"},{\"@type\":\"ListItem\",\"position\":2,\"name\":\"Kristdemokraterna i Uppsala Kommun\",\"item\":\"https:\\\/\\\/wp.kristdemokraterna.se\\\/uppsala\\\/kd-i-uppsala-kommun\\\/\"},{\"@type\":\"ListItem\",\"position\":3,\"name\":\"Kommunprogram Uppsala\",\"item\":\"https:\\\/\\\/wp.kristdemokraterna.se\\\/uppsala\\\/kd-i-uppsala-kommun\\\/kommunprogram-uppsala\\\/\"},{\"@type\":\"ListItem\",\"position\":4,\"name\":\"Lokalt program: Storvreta\",\"item\":\"https:\\\/\\\/wp.kristdemokraterna.se\\\/uppsala\\\/kd-i-uppsala-kommun\\\/kommunprogram-uppsala\\\/lokalt-program-storvreta\\\/\"},{\"@type\":\"ListItem\",\"position\":5,\"name\":\"En blandad bebyggelse\"}]},{\"@type\":\"WebSite\",\"@id\":\"https:\\\/\\\/wp.kristdemokraterna.se\\\/uppsala\\\/#website\",\"url\":\"https:\\\/\\\/wp.kristdemokraterna.se\\\/uppsala\\\/\",\"name\":\"Kristdemokraterna Uppsala\",\"description\":\"Tryggare Uppsala\",\"publisher\":{\"@id\":\"https:\\\/\\\/wp.kristdemokraterna.se\\\/uppsala\\\/#organization\"},\"inLanguage\":\"sv-SE\"},{\"@type\":\"Organization\",\"@id\":\"https:\\\/\\\/wp.kristdemokraterna.se\\\/uppsala\\\/#organization\",\"name\":\"Kristdemokraterna Uppsala\",\"url\":\"https:\\\/\\\/wp.kristdemokraterna.se\\\/uppsala\\\/\",\"logo\":{\"@type\":\"ImageObject\",\"inLanguage\":\"sv-SE\",\"@id\":\"https:\\\/\\\/wp.kristdemokraterna.se\\\/uppsala\\\/#\\\/schema\\\/logo\\\/image\\\/\",\"url\":\"https:\\\/\\\/wp.kristdemokraterna.se\\\/uppsala\\\/files\\\/2019\\\/10\\\/kd-uppsala.png\",\"contentUrl\":\"https:\\\/\\\/wp.kristdemokraterna.se\\\/uppsala\\\/files\\\/2019\\\/10\\\/kd-uppsala.png\",\"width\":804,\"height\":421,\"caption\":\"Kristdemokraterna Uppsala\"},\"image\":{\"@id\":\"https:\\\/\\\/wp.kristdemokraterna.se\\\/uppsala\\\/#\\\/schema\\\/logo\\\/image\\\/\"},\"sameAs\":[\"https:\\\/\\\/www.facebook.com\\\/UppsalaKD\\\/\",\"https:\\\/\\\/www.instagram.com\\\/uppsalakd\\\/\"]}]}<\/script>\n<!-- \/ Yoast SEO plugin. -->","yoast_head_json":{"title":"En blandad bebyggelse | Kristdemokraterna | Uppsala","robots":{"index":"index","follow":"follow","max-snippet":"max-snippet:-1","max-image-preview":"max-image-preview:large","max-video-preview":"max-video-preview:-1"},"canonical":"https:\/\/wp.kristdemokraterna.se\/uppsala\/kd-i-uppsala-kommun\/kommunprogram-uppsala\/lokalt-program-storvreta\/en-blandad-bebyggelse\/","og_locale":"sv_SE","og_type":"article","og_title":"En blandad bebyggelse | Kristdemokraterna | Uppsala","og_description":"Storvreta ska forts\u00e4tta att vara trivsamt och gr\u00f6nt, men det finns ocks\u00e5 en hel del ytor som l\u00e4mpar sig f\u00f6r nya bost\u00e4der. Vi vill blanda hyresr\u00e4tter, bostadsr\u00e4tter, sm\u00e5hus och villor. Det \u00e4r viktigt att bygga vackert och i harmoni med omgivningen, d\u00e4rf\u00f6r \u00e4r vi emot h\u00f6ghus i centrum. Vi vill bevara den gemytliga landsortsk\u00e4nslan, men Read More","og_url":"https:\/\/wp.kristdemokraterna.se\/uppsala\/kd-i-uppsala-kommun\/kommunprogram-uppsala\/lokalt-program-storvreta\/en-blandad-bebyggelse\/","og_site_name":"Kristdemokraterna | Uppsala","article_publisher":"https:\/\/www.facebook.com\/UppsalaKD\/","article_modified_time":"2024-08-21T22:07:12+00:00","og_image":[{"url":"http:\/\/wp.kristdemokraterna.se\/uppsala\/files\/2018\/07\/radhus.storvreta.jpg","type":"","width":"","height":""}],"twitter_card":"summary_large_image","twitter_misc":{"Ber\u00e4knad l\u00e4stid":"2 minuter"},"schema":{"@context":"https:\/\/schema.org","@graph":[{"@type":"WebPage","@id":"https:\/\/wp.kristdemokraterna.se\/uppsala\/kd-i-uppsala-kommun\/kommunprogram-uppsala\/lokalt-program-storvreta\/en-blandad-bebyggelse\/","url":"https:\/\/wp.kristdemokraterna.se\/uppsala\/kd-i-uppsala-kommun\/kommunprogram-uppsala\/lokalt-program-storvreta\/en-blandad-bebyggelse\/","name":"En blandad bebyggelse | Kristdemokraterna | Uppsala","isPartOf":{"@id":"https:\/\/wp.kristdemokraterna.se\/uppsala\/#website"},"primaryImageOfPage":{"@id":"https:\/\/wp.kristdemokraterna.se\/uppsala\/kd-i-uppsala-kommun\/kommunprogram-uppsala\/lokalt-program-storvreta\/en-blandad-bebyggelse\/#primaryimage"},"image":{"@id":"https:\/\/wp.kristdemokraterna.se\/uppsala\/kd-i-uppsala-kommun\/kommunprogram-uppsala\/lokalt-program-storvreta\/en-blandad-bebyggelse\/#primaryimage"},"thumbnailUrl":"http:\/\/wp.kristdemokraterna.se\/uppsala\/files\/2018\/07\/radhus.storvreta.jpg","datePublished":"2018-06-28T12:49:05+00:00","dateModified":"2024-08-21T22:07:12+00:00","breadcrumb":{"@id":"https:\/\/wp.kristdemokraterna.se\/uppsala\/kd-i-uppsala-kommun\/kommunprogram-uppsala\/lokalt-program-storvreta\/en-blandad-bebyggelse\/#breadcrumb"},"inLanguage":"sv-SE","potentialAction":[{"@type":"ReadAction","target":["https:\/\/wp.kristdemokraterna.se\/uppsala\/kd-i-uppsala-kommun\/kommunprogram-uppsala\/lokalt-program-storvreta\/en-blandad-bebyggelse\/"]}]},{"@type":"ImageObject","inLanguage":"sv-SE","@id":"https:\/\/wp.kristdemokraterna.se\/uppsala\/kd-i-uppsala-kommun\/kommunprogram-uppsala\/lokalt-program-storvreta\/en-blandad-bebyggelse\/#primaryimage","url":"https:\/\/wp.kristdemokraterna.se\/uppsala\/files\/2018\/07\/radhus.storvreta.jpg","contentUrl":"https:\/\/wp.kristdemokraterna.se\/uppsala\/files\/2018\/07\/radhus.storvreta.jpg","width":1024,"height":768},{"@type":"BreadcrumbList","@id":"https:\/\/wp.kristdemokraterna.se\/uppsala\/kd-i-uppsala-kommun\/kommunprogram-uppsala\/lokalt-program-storvreta\/en-blandad-bebyggelse\/#breadcrumb","itemListElement":[{"@type":"ListItem","position":1,"name":"Hem","item":"https:\/\/wp.kristdemokraterna.se\/uppsala\/"},{"@type":"ListItem","position":2,"name":"Kristdemokraterna i Uppsala Kommun","item":"https:\/\/wp.kristdemokraterna.se\/uppsala\/kd-i-uppsala-kommun\/"},{"@type":"ListItem","position":3,"name":"Kommunprogram Uppsala","item":"https:\/\/wp.kristdemokraterna.se\/uppsala\/kd-i-uppsala-kommun\/kommunprogram-uppsala\/"},{"@type":"ListItem","position":4,"name":"Lokalt program: Storvreta","item":"https:\/\/wp.kristdemokraterna.se\/uppsala\/kd-i-uppsala-kommun\/kommunprogram-uppsala\/lokalt-program-storvreta\/"},{"@type":"ListItem","position":5,"name":"En blandad bebyggelse"}]},{"@type":"WebSite","@id":"https:\/\/wp.kristdemokraterna.se\/uppsala\/#website","url":"https:\/\/wp.kristdemokraterna.se\/uppsala\/","name":"Kristdemokraterna Uppsala","description":"Tryggare Uppsala","publisher":{"@id":"https:\/\/wp.kristdemokraterna.se\/uppsala\/#organization"},"inLanguage":"sv-SE"},{"@type":"Organization","@id":"https:\/\/wp.kristdemokraterna.se\/uppsala\/#organization","name":"Kristdemokraterna Uppsala","url":"https:\/\/wp.kristdemokraterna.se\/uppsala\/","logo":{"@type":"ImageObject","inLanguage":"sv-SE","@id":"https:\/\/wp.kristdemokraterna.se\/uppsala\/#\/schema\/logo\/image\/","url":"https:\/\/wp.kristdemokraterna.se\/uppsala\/files\/2019\/10\/kd-uppsala.png","contentUrl":"https:\/\/wp.kristdemokraterna.se\/uppsala\/files\/2019\/10\/kd-uppsala.png","width":804,"height":421,"caption":"Kristdemokraterna Uppsala"},"image":{"@id":"https:\/\/wp.kristdemokraterna.se\/uppsala\/#\/schema\/logo\/image\/"},"sameAs":["https:\/\/www.facebook.com\/UppsalaKD\/","https:\/\/www.instagram.com\/uppsalakd\/"]}]}},"_links":{"self":[{"href":"https:\/\/wp.kristdemokraterna.se\/uppsala\/wp-json\/wp\/v2\/pages\/2650","targetHints":{"allow":["GET"]}}],"collection":[{"href":"https:\/\/wp.kristdemokraterna.se\/uppsala\/wp-json\/wp\/v2\/pages"}],"about":[{"href":"https:\/\/wp.kristdemokraterna.se\/uppsala\/wp-json\/wp\/v2\/types\/page"}],"author":[{"embeddable":true,"href":"https:\/\/wp.kristdemokraterna.se\/uppsala\/wp-json\/wp\/v2\/users\/702"}],"replies":[{"embeddable":true,"href":"https:\/\/wp.kristdemokraterna.se\/uppsala\/wp-json\/wp\/v2\/comments?post=2650"}],"version-history":[{"count":9,"href":"https:\/\/wp.kristdemokraterna.se\/uppsala\/wp-json\/wp\/v2\/pages\/2650\/revisions"}],"predecessor-version":[{"id":2752,"href":"https:\/\/wp.kristdemokraterna.se\/uppsala\/wp-json\/wp\/v2\/pages\/2650\/revisions\/2752"}],"up":[{"embeddable":true,"href":"https:\/\/wp.kristdemokraterna.se\/uppsala\/wp-json\/wp\/v2\/pages\/2607"}],"wp:attachment":[{"href":"https:\/\/wp.kristdemokraterna.se\/uppsala\/wp-json\/wp\/v2\/media?parent=2650"}],"curies":[{"name":"wp","href":"https:\/\/api.w.org\/{rel}","templated":true}]}}