{"id":2707,"date":"2018-07-04T16:54:07","date_gmt":"2018-07-04T14:54:07","guid":{"rendered":"http:\/\/wp.kristdemokraterna.se\/uppsala\/?page_id=2707"},"modified":"2025-01-13T15:27:00","modified_gmt":"2025-01-13T14:27:00","slug":"en-politik-for-alla-aldrar","status":"publish","type":"page","link":"https:\/\/wp.kristdemokraterna.se\/uppsala\/kd-i-uppsala-kommun\/kommunprogram-uppsala\/lokalt-program-storvreta\/en-politik-for-alla-aldrar\/","title":{"rendered":"En politik f\u00f6r alla \u00e5ldrar"},"content":{"rendered":"<p><img loading=\"lazy\" decoding=\"async\" class=\"alignnone size-full wp-image-2754\" src=\"http:\/\/wp.kristdemokraterna.se\/uppsala\/files\/2018\/07\/generationer.jpg\" alt=\"\" width=\"960\" height=\"640\" srcset=\"https:\/\/wp.kristdemokraterna.se\/uppsala\/files\/2018\/07\/generationer.jpg 960w, https:\/\/wp.kristdemokraterna.se\/uppsala\/files\/2018\/07\/generationer-300x200.jpg 300w, https:\/\/wp.kristdemokraterna.se\/uppsala\/files\/2018\/07\/generationer-768x512.jpg 768w, https:\/\/wp.kristdemokraterna.se\/uppsala\/files\/2018\/07\/generationer-540x360.jpg 540w, https:\/\/wp.kristdemokraterna.se\/uppsala\/files\/2018\/07\/generationer-370x247.jpg 370w, https:\/\/wp.kristdemokraterna.se\/uppsala\/files\/2018\/07\/generationer-770x513.jpg 770w, https:\/\/wp.kristdemokraterna.se\/uppsala\/files\/2018\/07\/generationer-450x300.jpg 450w, https:\/\/wp.kristdemokraterna.se\/uppsala\/files\/2018\/07\/generationer-280x187.jpg 280w, https:\/\/wp.kristdemokraterna.se\/uppsala\/files\/2018\/07\/generationer-340x227.jpg 340w, https:\/\/wp.kristdemokraterna.se\/uppsala\/files\/2018\/07\/generationer-200x133.jpg 200w, https:\/\/wp.kristdemokraterna.se\/uppsala\/files\/2018\/07\/generationer-84x56.jpg 84w\" sizes=\"auto, (max-width: 960px) 100vw, 960px\" \/><\/p>\n<p>Storvretas befolkning v\u00e4xer, detta \u00e5r f\u00f6rdubblats antalet inv\u00e5nare i och med nya bostadsomr\u00e5det Fuller\u00f6 Hage. Att planera f\u00f6r ett samh\u00e4lle d\u00e4r m\u00e5nga nya pl\u00f6tsligt vill bo \u00e4r en utmaning f\u00f6r en ort som inte utvecklats p\u00e5 l\u00e4nge. Det g\u00e4ller att inte bara bygga f\u00f6r dagens generationer utan se till s\u00e5 att vi f\u00e5r ett l\u00e5ngsiktigt h\u00e5llbart samh\u00e4lle.<\/p>\n<p>S\u00e5v\u00e4l n\u00e4ringsliv, service, kommunikationer, som boende och rekreationsm\u00f6jligheter ska anpassas f\u00f6r den v\u00e4xande befolkningen och vi beh\u00f6ver s\u00f6rja f\u00f6r en fungerande infrastruktur f\u00f6r b\u00e5de barn och \u00e4ldre.<\/p>\n<p><strong>Barn och familj<\/strong><\/p>\n<ul>\n<li>Trygga skolmilj\u00f6er f\u00f6r elever och personal<\/li>\n<li>Valm\u00f6jligheter inom barnomsorgen (f\u00f6rskola, dagbarnv\u00e5rdare, \u00f6ppen f\u00f6rskola m.m.)<\/li>\n<li>Billigare enkelbiljetter \u00f6ver zongr\u00e4nserna<\/li>\n<li>Bygg trygga cykelstr\u00e5k till skolorna fr\u00e5n de st\u00f6rsta bostadsomr\u00e5dena<\/li>\n<li><span style=\"float: none;background-color: transparent;color: #333333;cursor: text;font-family: Georgia,'Times New Roman','Bitstream Charter',Times,serif;font-size: 16px;font-style: normal;font-variant: normal;font-weight: 400;letter-spacing: normal;text-align: left;text-decoration: none;text-indent: 0px\">Utred m\u00f6jligheten till simhall i centrala Storvreta<\/span><\/li>\n<\/ul>\n<p><strong>Trygg omsorg<\/strong><\/p>\n<ul>\n<li>Erbjud f\u00f6r\u00e4ldrast\u00f6d via familjecentralen<\/li>\n<li>Bygg \u00e4ldreboende p\u00e5 tomten \u00c4rentunav\u00e4gen\/Adolfsbergsv\u00e4gen<\/li>\n<li>Bygg ut Tr\u00e4ffpunkten 65+ i st\u00f6rre lokaler<\/li>\n<li>Utveckla \u00f6ppen verksamhet f\u00f6r daglediga<\/li>\n<li>Inf\u00f6r fria resor med UL f\u00f6r pension\u00e4rer vardagar mellan klockan 10-15<\/li>\n<li><span style=\"float: none;background-color: transparent;color: #333333;cursor: text;font-family: Georgia,'Times New Roman','Bitstream Charter',Times,serif;font-size: 16px;font-style: normal;font-variant: normal;font-weight: 400;letter-spacing: normal;text-align: left;text-decoration: none;text-indent: 0px\">Inf\u00f6r fria resor med UL f\u00f6r<\/span> de med LSS- eller f\u00e4rdtj\u00e4nstkort\u00a0vardagar mellan klockan 10-15<\/li>\n<\/ul>\n<hr \/>\n<p><b><a href=\"http:\/\/wp.kristdemokraterna.se\/uppsala\/var-politik\/var-vision-for-storvreta\/\">Vision f\u00f6r Storvreta<\/a><br \/>\n<\/b><a href=\"http:\/\/wp.kristdemokraterna.se\/uppsala\/ett-levande-centrum\/\">Ett levande centrum<\/a><br \/>\n<a href=\"http:\/\/wp.kristdemokraterna.se\/uppsala\/okad-trygghet\/\">\u00d6kad trygghet<\/a><br \/>\n<a href=\"http:\/\/wp.kristdemokraterna.se\/uppsala\/forbattrad-kommunikation\/\">F\u00f6rb\u00e4ttrad kommunikation<\/a><br \/>\n<a href=\"http:\/\/wp.kristdemokraterna.se\/uppsala\/rikt-idrotts-och-friluftsliv\/\">Rikt idrotts- och friluftsliv<\/a><br \/>\n<a href=\"http:\/\/wp.kristdemokraterna.se\/uppsala\/en-blandad-bebyggelse\/\">En blandad bebyggelse<\/a><br \/>\n<a href=\"http:\/\/wp.kristdemokraterna.se\/uppsala\/en-politik-for-alla-aldrar\/\">En politik f\u00f6r alla \u00e5ldrar<\/a><\/p>\n","protected":false},"excerpt":{"rendered":"<p>Storvretas befolkning v\u00e4xer, detta \u00e5r f\u00f6rdubblats antalet inv\u00e5nare i och med nya bostadsomr\u00e5det Fuller\u00f6 Hage. Att planera f\u00f6r ett samh\u00e4lle d\u00e4r m\u00e5nga nya pl\u00f6tsligt vill bo \u00e4r en utmaning f\u00f6r en ort som inte utvecklats p\u00e5 l\u00e4nge. Det g\u00e4ller att inte bara bygga f\u00f6r dagens generationer utan se till s\u00e5 att vi f\u00e5r ett l\u00e5ngsiktigt <a class=\"read-more-link\" href=\"https:\/\/wp.kristdemokraterna.se\/uppsala\/kd-i-uppsala-kommun\/kommunprogram-uppsala\/lokalt-program-storvreta\/en-politik-for-alla-aldrar\/\">Read More<\/a><\/p>\n","protected":false},"author":702,"featured_media":0,"parent":2607,"menu_order":2,"comment_status":"closed","ping_status":"closed","template":"","meta":{"_acf_changed":false,"footnotes":""},"class_list":["post-2707","page","type-page","status-publish","hentry"],"acf":[],"yoast_head":"<!-- This site is optimized with the Yoast SEO plugin v27.3 - https:\/\/yoast.com\/product\/yoast-seo-wordpress\/ -->\n<title>En politik f\u00f6r alla \u00e5ldrar | Kristdemokraterna | Uppsala<\/title>\n<meta name=\"robots\" content=\"index, follow, max-snippet:-1, max-image-preview:large, max-video-preview:-1\" \/>\n<link rel=\"canonical\" href=\"https:\/\/wp.kristdemokraterna.se\/uppsala\/kd-i-uppsala-kommun\/kommunprogram-uppsala\/lokalt-program-storvreta\/en-politik-for-alla-aldrar\/\" \/>\n<meta property=\"og:locale\" content=\"sv_SE\" \/>\n<meta property=\"og:type\" content=\"article\" \/>\n<meta property=\"og:title\" content=\"En politik f\u00f6r alla \u00e5ldrar | Kristdemokraterna | Uppsala\" \/>\n<meta property=\"og:description\" content=\"Storvretas befolkning v\u00e4xer, detta \u00e5r f\u00f6rdubblats antalet inv\u00e5nare i och med nya bostadsomr\u00e5det Fuller\u00f6 Hage. Att planera f\u00f6r ett samh\u00e4lle d\u00e4r m\u00e5nga nya pl\u00f6tsligt vill bo \u00e4r en utmaning f\u00f6r en ort som inte utvecklats p\u00e5 l\u00e4nge. Det g\u00e4ller att inte bara bygga f\u00f6r dagens generationer utan se till s\u00e5 att vi f\u00e5r ett l\u00e5ngsiktigt Read More\" \/>\n<meta property=\"og:url\" content=\"https:\/\/wp.kristdemokraterna.se\/uppsala\/kd-i-uppsala-kommun\/kommunprogram-uppsala\/lokalt-program-storvreta\/en-politik-for-alla-aldrar\/\" \/>\n<meta property=\"og:site_name\" content=\"Kristdemokraterna | Uppsala\" \/>\n<meta property=\"article:publisher\" content=\"https:\/\/www.facebook.com\/UppsalaKD\/\" \/>\n<meta property=\"article:modified_time\" content=\"2025-01-13T14:27:00+00:00\" \/>\n<meta property=\"og:image\" content=\"https:\/\/wp.kristdemokraterna.se\/uppsala\/files\/2018\/07\/generationer.jpg\" \/>\n\t<meta property=\"og:image:width\" content=\"960\" \/>\n\t<meta property=\"og:image:height\" content=\"640\" \/>\n\t<meta property=\"og:image:type\" content=\"image\/jpeg\" \/>\n<meta name=\"twitter:card\" content=\"summary_large_image\" \/>\n<meta name=\"twitter:label1\" content=\"Ber\u00e4knad l\u00e4stid\" \/>\n\t<meta name=\"twitter:data1\" content=\"2 minuter\" \/>\n<script type=\"application\/ld+json\" class=\"yoast-schema-graph\">{\"@context\":\"https:\\\/\\\/schema.org\",\"@graph\":[{\"@type\":\"WebPage\",\"@id\":\"https:\\\/\\\/wp.kristdemokraterna.se\\\/uppsala\\\/kd-i-uppsala-kommun\\\/kommunprogram-uppsala\\\/lokalt-program-storvreta\\\/en-politik-for-alla-aldrar\\\/\",\"url\":\"https:\\\/\\\/wp.kristdemokraterna.se\\\/uppsala\\\/kd-i-uppsala-kommun\\\/kommunprogram-uppsala\\\/lokalt-program-storvreta\\\/en-politik-for-alla-aldrar\\\/\",\"name\":\"En politik f\u00f6r alla \u00e5ldrar | Kristdemokraterna | Uppsala\",\"isPartOf\":{\"@id\":\"https:\\\/\\\/wp.kristdemokraterna.se\\\/uppsala\\\/#website\"},\"primaryImageOfPage\":{\"@id\":\"https:\\\/\\\/wp.kristdemokraterna.se\\\/uppsala\\\/kd-i-uppsala-kommun\\\/kommunprogram-uppsala\\\/lokalt-program-storvreta\\\/en-politik-for-alla-aldrar\\\/#primaryimage\"},\"image\":{\"@id\":\"https:\\\/\\\/wp.kristdemokraterna.se\\\/uppsala\\\/kd-i-uppsala-kommun\\\/kommunprogram-uppsala\\\/lokalt-program-storvreta\\\/en-politik-for-alla-aldrar\\\/#primaryimage\"},\"thumbnailUrl\":\"http:\\\/\\\/wp.kristdemokraterna.se\\\/uppsala\\\/files\\\/2018\\\/07\\\/generationer.jpg\",\"datePublished\":\"2018-07-04T14:54:07+00:00\",\"dateModified\":\"2025-01-13T14:27:00+00:00\",\"breadcrumb\":{\"@id\":\"https:\\\/\\\/wp.kristdemokraterna.se\\\/uppsala\\\/kd-i-uppsala-kommun\\\/kommunprogram-uppsala\\\/lokalt-program-storvreta\\\/en-politik-for-alla-aldrar\\\/#breadcrumb\"},\"inLanguage\":\"sv-SE\",\"potentialAction\":[{\"@type\":\"ReadAction\",\"target\":[\"https:\\\/\\\/wp.kristdemokraterna.se\\\/uppsala\\\/kd-i-uppsala-kommun\\\/kommunprogram-uppsala\\\/lokalt-program-storvreta\\\/en-politik-for-alla-aldrar\\\/\"]}]},{\"@type\":\"ImageObject\",\"inLanguage\":\"sv-SE\",\"@id\":\"https:\\\/\\\/wp.kristdemokraterna.se\\\/uppsala\\\/kd-i-uppsala-kommun\\\/kommunprogram-uppsala\\\/lokalt-program-storvreta\\\/en-politik-for-alla-aldrar\\\/#primaryimage\",\"url\":\"https:\\\/\\\/wp.kristdemokraterna.se\\\/uppsala\\\/files\\\/2018\\\/07\\\/generationer.jpg\",\"contentUrl\":\"https:\\\/\\\/wp.kristdemokraterna.se\\\/uppsala\\\/files\\\/2018\\\/07\\\/generationer.jpg\",\"width\":960,\"height\":640},{\"@type\":\"BreadcrumbList\",\"@id\":\"https:\\\/\\\/wp.kristdemokraterna.se\\\/uppsala\\\/kd-i-uppsala-kommun\\\/kommunprogram-uppsala\\\/lokalt-program-storvreta\\\/en-politik-for-alla-aldrar\\\/#breadcrumb\",\"itemListElement\":[{\"@type\":\"ListItem\",\"position\":1,\"name\":\"Hem\",\"item\":\"https:\\\/\\\/wp.kristdemokraterna.se\\\/uppsala\\\/\"},{\"@type\":\"ListItem\",\"position\":2,\"name\":\"Kristdemokraterna i Uppsala Kommun\",\"item\":\"https:\\\/\\\/wp.kristdemokraterna.se\\\/uppsala\\\/kd-i-uppsala-kommun\\\/\"},{\"@type\":\"ListItem\",\"position\":3,\"name\":\"Kommunprogram Uppsala\",\"item\":\"https:\\\/\\\/wp.kristdemokraterna.se\\\/uppsala\\\/kd-i-uppsala-kommun\\\/kommunprogram-uppsala\\\/\"},{\"@type\":\"ListItem\",\"position\":4,\"name\":\"Lokalt program: Storvreta\",\"item\":\"https:\\\/\\\/wp.kristdemokraterna.se\\\/uppsala\\\/kd-i-uppsala-kommun\\\/kommunprogram-uppsala\\\/lokalt-program-storvreta\\\/\"},{\"@type\":\"ListItem\",\"position\":5,\"name\":\"En politik f\u00f6r alla \u00e5ldrar\"}]},{\"@type\":\"WebSite\",\"@id\":\"https:\\\/\\\/wp.kristdemokraterna.se\\\/uppsala\\\/#website\",\"url\":\"https:\\\/\\\/wp.kristdemokraterna.se\\\/uppsala\\\/\",\"name\":\"Kristdemokraterna Uppsala\",\"description\":\"Tryggare Uppsala\",\"publisher\":{\"@id\":\"https:\\\/\\\/wp.kristdemokraterna.se\\\/uppsala\\\/#organization\"},\"inLanguage\":\"sv-SE\"},{\"@type\":\"Organization\",\"@id\":\"https:\\\/\\\/wp.kristdemokraterna.se\\\/uppsala\\\/#organization\",\"name\":\"Kristdemokraterna Uppsala\",\"url\":\"https:\\\/\\\/wp.kristdemokraterna.se\\\/uppsala\\\/\",\"logo\":{\"@type\":\"ImageObject\",\"inLanguage\":\"sv-SE\",\"@id\":\"https:\\\/\\\/wp.kristdemokraterna.se\\\/uppsala\\\/#\\\/schema\\\/logo\\\/image\\\/\",\"url\":\"https:\\\/\\\/wp.kristdemokraterna.se\\\/uppsala\\\/files\\\/2019\\\/10\\\/kd-uppsala.png\",\"contentUrl\":\"https:\\\/\\\/wp.kristdemokraterna.se\\\/uppsala\\\/files\\\/2019\\\/10\\\/kd-uppsala.png\",\"width\":804,\"height\":421,\"caption\":\"Kristdemokraterna Uppsala\"},\"image\":{\"@id\":\"https:\\\/\\\/wp.kristdemokraterna.se\\\/uppsala\\\/#\\\/schema\\\/logo\\\/image\\\/\"},\"sameAs\":[\"https:\\\/\\\/www.facebook.com\\\/UppsalaKD\\\/\",\"https:\\\/\\\/www.instagram.com\\\/uppsalakd\\\/\"]}]}<\/script>\n<!-- \/ Yoast SEO plugin. -->","yoast_head_json":{"title":"En politik f\u00f6r alla \u00e5ldrar | Kristdemokraterna | Uppsala","robots":{"index":"index","follow":"follow","max-snippet":"max-snippet:-1","max-image-preview":"max-image-preview:large","max-video-preview":"max-video-preview:-1"},"canonical":"https:\/\/wp.kristdemokraterna.se\/uppsala\/kd-i-uppsala-kommun\/kommunprogram-uppsala\/lokalt-program-storvreta\/en-politik-for-alla-aldrar\/","og_locale":"sv_SE","og_type":"article","og_title":"En politik f\u00f6r alla \u00e5ldrar | Kristdemokraterna | Uppsala","og_description":"Storvretas befolkning v\u00e4xer, detta \u00e5r f\u00f6rdubblats antalet inv\u00e5nare i och med nya bostadsomr\u00e5det Fuller\u00f6 Hage. Att planera f\u00f6r ett samh\u00e4lle d\u00e4r m\u00e5nga nya pl\u00f6tsligt vill bo \u00e4r en utmaning f\u00f6r en ort som inte utvecklats p\u00e5 l\u00e4nge. Det g\u00e4ller att inte bara bygga f\u00f6r dagens generationer utan se till s\u00e5 att vi f\u00e5r ett l\u00e5ngsiktigt Read More","og_url":"https:\/\/wp.kristdemokraterna.se\/uppsala\/kd-i-uppsala-kommun\/kommunprogram-uppsala\/lokalt-program-storvreta\/en-politik-for-alla-aldrar\/","og_site_name":"Kristdemokraterna | Uppsala","article_publisher":"https:\/\/www.facebook.com\/UppsalaKD\/","article_modified_time":"2025-01-13T14:27:00+00:00","og_image":[{"width":960,"height":640,"url":"https:\/\/wp.kristdemokraterna.se\/uppsala\/files\/2018\/07\/generationer.jpg","type":"image\/jpeg"}],"twitter_card":"summary_large_image","twitter_misc":{"Ber\u00e4knad l\u00e4stid":"2 minuter"},"schema":{"@context":"https:\/\/schema.org","@graph":[{"@type":"WebPage","@id":"https:\/\/wp.kristdemokraterna.se\/uppsala\/kd-i-uppsala-kommun\/kommunprogram-uppsala\/lokalt-program-storvreta\/en-politik-for-alla-aldrar\/","url":"https:\/\/wp.kristdemokraterna.se\/uppsala\/kd-i-uppsala-kommun\/kommunprogram-uppsala\/lokalt-program-storvreta\/en-politik-for-alla-aldrar\/","name":"En politik f\u00f6r alla \u00e5ldrar | Kristdemokraterna | Uppsala","isPartOf":{"@id":"https:\/\/wp.kristdemokraterna.se\/uppsala\/#website"},"primaryImageOfPage":{"@id":"https:\/\/wp.kristdemokraterna.se\/uppsala\/kd-i-uppsala-kommun\/kommunprogram-uppsala\/lokalt-program-storvreta\/en-politik-for-alla-aldrar\/#primaryimage"},"image":{"@id":"https:\/\/wp.kristdemokraterna.se\/uppsala\/kd-i-uppsala-kommun\/kommunprogram-uppsala\/lokalt-program-storvreta\/en-politik-for-alla-aldrar\/#primaryimage"},"thumbnailUrl":"http:\/\/wp.kristdemokraterna.se\/uppsala\/files\/2018\/07\/generationer.jpg","datePublished":"2018-07-04T14:54:07+00:00","dateModified":"2025-01-13T14:27:00+00:00","breadcrumb":{"@id":"https:\/\/wp.kristdemokraterna.se\/uppsala\/kd-i-uppsala-kommun\/kommunprogram-uppsala\/lokalt-program-storvreta\/en-politik-for-alla-aldrar\/#breadcrumb"},"inLanguage":"sv-SE","potentialAction":[{"@type":"ReadAction","target":["https:\/\/wp.kristdemokraterna.se\/uppsala\/kd-i-uppsala-kommun\/kommunprogram-uppsala\/lokalt-program-storvreta\/en-politik-for-alla-aldrar\/"]}]},{"@type":"ImageObject","inLanguage":"sv-SE","@id":"https:\/\/wp.kristdemokraterna.se\/uppsala\/kd-i-uppsala-kommun\/kommunprogram-uppsala\/lokalt-program-storvreta\/en-politik-for-alla-aldrar\/#primaryimage","url":"https:\/\/wp.kristdemokraterna.se\/uppsala\/files\/2018\/07\/generationer.jpg","contentUrl":"https:\/\/wp.kristdemokraterna.se\/uppsala\/files\/2018\/07\/generationer.jpg","width":960,"height":640},{"@type":"BreadcrumbList","@id":"https:\/\/wp.kristdemokraterna.se\/uppsala\/kd-i-uppsala-kommun\/kommunprogram-uppsala\/lokalt-program-storvreta\/en-politik-for-alla-aldrar\/#breadcrumb","itemListElement":[{"@type":"ListItem","position":1,"name":"Hem","item":"https:\/\/wp.kristdemokraterna.se\/uppsala\/"},{"@type":"ListItem","position":2,"name":"Kristdemokraterna i Uppsala Kommun","item":"https:\/\/wp.kristdemokraterna.se\/uppsala\/kd-i-uppsala-kommun\/"},{"@type":"ListItem","position":3,"name":"Kommunprogram Uppsala","item":"https:\/\/wp.kristdemokraterna.se\/uppsala\/kd-i-uppsala-kommun\/kommunprogram-uppsala\/"},{"@type":"ListItem","position":4,"name":"Lokalt program: Storvreta","item":"https:\/\/wp.kristdemokraterna.se\/uppsala\/kd-i-uppsala-kommun\/kommunprogram-uppsala\/lokalt-program-storvreta\/"},{"@type":"ListItem","position":5,"name":"En politik f\u00f6r alla \u00e5ldrar"}]},{"@type":"WebSite","@id":"https:\/\/wp.kristdemokraterna.se\/uppsala\/#website","url":"https:\/\/wp.kristdemokraterna.se\/uppsala\/","name":"Kristdemokraterna Uppsala","description":"Tryggare Uppsala","publisher":{"@id":"https:\/\/wp.kristdemokraterna.se\/uppsala\/#organization"},"inLanguage":"sv-SE"},{"@type":"Organization","@id":"https:\/\/wp.kristdemokraterna.se\/uppsala\/#organization","name":"Kristdemokraterna Uppsala","url":"https:\/\/wp.kristdemokraterna.se\/uppsala\/","logo":{"@type":"ImageObject","inLanguage":"sv-SE","@id":"https:\/\/wp.kristdemokraterna.se\/uppsala\/#\/schema\/logo\/image\/","url":"https:\/\/wp.kristdemokraterna.se\/uppsala\/files\/2019\/10\/kd-uppsala.png","contentUrl":"https:\/\/wp.kristdemokraterna.se\/uppsala\/files\/2019\/10\/kd-uppsala.png","width":804,"height":421,"caption":"Kristdemokraterna Uppsala"},"image":{"@id":"https:\/\/wp.kristdemokraterna.se\/uppsala\/#\/schema\/logo\/image\/"},"sameAs":["https:\/\/www.facebook.com\/UppsalaKD\/","https:\/\/www.instagram.com\/uppsalakd\/"]}]}},"_links":{"self":[{"href":"https:\/\/wp.kristdemokraterna.se\/uppsala\/wp-json\/wp\/v2\/pages\/2707","targetHints":{"allow":["GET"]}}],"collection":[{"href":"https:\/\/wp.kristdemokraterna.se\/uppsala\/wp-json\/wp\/v2\/pages"}],"about":[{"href":"https:\/\/wp.kristdemokraterna.se\/uppsala\/wp-json\/wp\/v2\/types\/page"}],"author":[{"embeddable":true,"href":"https:\/\/wp.kristdemokraterna.se\/uppsala\/wp-json\/wp\/v2\/users\/702"}],"replies":[{"embeddable":true,"href":"https:\/\/wp.kristdemokraterna.se\/uppsala\/wp-json\/wp\/v2\/comments?post=2707"}],"version-history":[{"count":8,"href":"https:\/\/wp.kristdemokraterna.se\/uppsala\/wp-json\/wp\/v2\/pages\/2707\/revisions"}],"predecessor-version":[{"id":2755,"href":"https:\/\/wp.kristdemokraterna.se\/uppsala\/wp-json\/wp\/v2\/pages\/2707\/revisions\/2755"}],"up":[{"embeddable":true,"href":"https:\/\/wp.kristdemokraterna.se\/uppsala\/wp-json\/wp\/v2\/pages\/2607"}],"wp:attachment":[{"href":"https:\/\/wp.kristdemokraterna.se\/uppsala\/wp-json\/wp\/v2\/media?parent=2707"}],"curies":[{"name":"wp","href":"https:\/\/api.w.org\/{rel}","templated":true}]}}