{"id":3447,"date":"2020-01-13T12:15:41","date_gmt":"2020-01-13T11:15:41","guid":{"rendered":"http:\/\/wp.kristdemokraterna.se\/uppsala\/?page_id=3447"},"modified":"2026-02-03T18:17:54","modified_gmt":"2026-02-03T17:17:54","slug":"kd-i-uppsala-kommun","status":"publish","type":"page","link":"https:\/\/wp.kristdemokraterna.se\/uppsala\/kd-i-uppsala-kommun\/","title":{"rendered":"Kristdemokraterna i Uppsala Kommun"},"content":{"rendered":"<p>Kristdemokraterna vill ha ett Uppsala som k\u00e4nnetecknas av trygghet, personlig frihet och socialt ansvar. V\u00e5ra h\u00f6gst prioriterade fr\u00e5gor \u00e4r de om en fungerande integration, ett tryggare Uppsala och en b\u00e4ttre \u00e4ldreomsorg d\u00e4r de \u00e4ldre behandlas med v\u00e4rdighet. Ut\u00f6ver detta vill vi \u00e4ven se s\u00e4nkt skatt f\u00f6r alla uppsalabor och en f\u00f6rsiktig utbyggnad av stadsk\u00e4rnan.<\/p>\n<p>Kommunalr\u00e5d i opposition \u00e4r Jonas Segersam, som ocks\u00e5 \u00e4r gruppledare f\u00f6r kommunfullm\u00e4ktigegruppen.<\/p>\n<p>I Uppsala ska trygghet inte bara vara ett politiskt slagord \u2013 det ska vara ledord i kommunens samtliga verksamheter. Inv\u00e5narna ska garanteras trygga gator och torg; barnen ska garanteras en trygg uppv\u00e4xt, och \u00e4ldre ska garanteras en trygg omsorg. Man ska helt enkelt kunna lita p\u00e5 att den grundl\u00e4ggande v\u00e4lf\u00e4rden fungerar.<\/p>\n<p><strong>V\u00e5ra viktigaste f\u00f6rslag f\u00f6r tryggare gator och torg:<\/strong><\/p>\n<ol>\n<li>V\u00e4rderingar och normer b\u00f6r ges en st\u00f6rre del i integrationsarbetet.<\/li>\n<li>Kommunens ordningsf\u00f6reskrifter ska ses \u00f6ver f\u00f6r att reglera var tiggeri inte f\u00e5r f\u00f6rekomma f\u00f6r att s\u00e4kra trygghet och trivsel i v\u00e5r offentliga milj\u00f6.<\/li>\n<li>Trygghetsperspektivet ska vara en integrerad del i stadsbyggnadsarbetet f\u00f6r att undvika att milj\u00f6er skapas som upplevs otrygga.<\/li>\n<\/ol>\n<p><strong><br \/>\nV\u00e5ra viktigaste f\u00f6rslag f\u00f6r tryggare familjer:<\/strong><\/p>\n<ol>\n<li>Barngruppernas storlek ska minska till max 12 barn i sm\u00e5barnsgrupperna och 15 i \u00f6vriga grupper.<\/li>\n<li>M\u00f6jlighet att f\u00e5 ett eget hus \u00f6kar genom tr\u00e4dg\u00e5rdsst\u00e4der (som Stabby) och egnahemsomr\u00e5den i stadsn\u00e4ra l\u00e4gen och 1000 nya sm\u00e5hus per \u00e5r.<\/li>\n<li>Barn i behov av st\u00f6d ska kunna f\u00e5ngas upp i tid genom b\u00e4ttre samverkan, inte minst barnen som v\u00e4xer upp i familjer med exempelvis missbruksproblem.<\/li>\n<\/ol>\n<p><strong><br \/>\nV\u00e5ra f\u00f6rslag f\u00f6r tryggare \u00e4ldreomsorg!<\/strong><\/p>\n<ol>\n<li>Varje person \u00f6ver 85 \u00e5r som vill, ska garanteras plats i anpassat boende, exempelvis s\u00e4rskilt boende eller trygghetsboende n\u00e4r personen sj\u00e4lv bed\u00f6mer att behovet finns. Detta utan bist\u00e5ndsbed\u00f6mning.<\/li>\n<li>Hemtj\u00e4nsten beh\u00f6ver ses \u00f6ver med ny omr\u00e5desindelning och f\u00f6rb\u00e4ttrad kvalitet exempelvis genom ett minskat antal hemtj\u00e4nstpersonal som bes\u00f6ker en enskild brukares hem.<\/li>\n<li>\u00d6ppna fler tr\u00e4ffpunkter f\u00f6r \u00e4ldre som erbjuder exempelvis motion och seniorrestauranger, \u00e4ven p\u00e5 landsbygden.<\/li>\n<\/ol>\n","protected":false},"excerpt":{"rendered":"<p>Kristdemokraterna vill ha ett Uppsala som k\u00e4nnetecknas av trygghet, personlig frihet och socialt ansvar. V\u00e5ra h\u00f6gst prioriterade fr\u00e5gor \u00e4r de om en fungerande integration, ett tryggare Uppsala och en b\u00e4ttre \u00e4ldreomsorg d\u00e4r de \u00e4ldre behandlas med v\u00e4rdighet. Ut\u00f6ver detta vill vi \u00e4ven se s\u00e4nkt skatt f\u00f6r alla uppsalabor och en f\u00f6rsiktig utbyggnad av stadsk\u00e4rnan. Kommunalr\u00e5d <a class=\"read-more-link\" href=\"https:\/\/wp.kristdemokraterna.se\/uppsala\/kd-i-uppsala-kommun\/\">Read More<\/a><\/p>\n","protected":false},"author":1055,"featured_media":0,"parent":0,"menu_order":1,"comment_status":"closed","ping_status":"closed","template":"","meta":{"_acf_changed":false,"footnotes":""},"class_list":["post-3447","page","type-page","status-publish","hentry"],"acf":[],"yoast_head":"<!-- This site is optimized with the Yoast SEO plugin v27.3 - https:\/\/yoast.com\/product\/yoast-seo-wordpress\/ -->\n<title>Kristdemokraterna i Uppsala Kommun | Kristdemokraterna | Uppsala<\/title>\n<meta name=\"robots\" content=\"index, follow, max-snippet:-1, max-image-preview:large, max-video-preview:-1\" \/>\n<link rel=\"canonical\" href=\"https:\/\/wp.kristdemokraterna.se\/uppsala\/kd-i-uppsala-kommun\/\" \/>\n<meta property=\"og:locale\" content=\"sv_SE\" \/>\n<meta property=\"og:type\" content=\"article\" \/>\n<meta property=\"og:title\" content=\"Kristdemokraterna i Uppsala Kommun | Kristdemokraterna | Uppsala\" \/>\n<meta property=\"og:description\" content=\"Kristdemokraterna vill ha ett Uppsala som k\u00e4nnetecknas av trygghet, personlig frihet och socialt ansvar. V\u00e5ra h\u00f6gst prioriterade fr\u00e5gor \u00e4r de om en fungerande integration, ett tryggare Uppsala och en b\u00e4ttre \u00e4ldreomsorg d\u00e4r de \u00e4ldre behandlas med v\u00e4rdighet. Ut\u00f6ver detta vill vi \u00e4ven se s\u00e4nkt skatt f\u00f6r alla uppsalabor och en f\u00f6rsiktig utbyggnad av stadsk\u00e4rnan. Kommunalr\u00e5d Read More\" \/>\n<meta property=\"og:url\" content=\"https:\/\/wp.kristdemokraterna.se\/uppsala\/kd-i-uppsala-kommun\/\" \/>\n<meta property=\"og:site_name\" content=\"Kristdemokraterna | Uppsala\" \/>\n<meta property=\"article:publisher\" content=\"https:\/\/www.facebook.com\/UppsalaKD\/\" \/>\n<meta property=\"article:modified_time\" content=\"2026-02-03T17:17:54+00:00\" \/>\n<meta property=\"og:image\" content=\"https:\/\/wp.kristdemokraterna.se\/uppsala\/files\/2021\/12\/kom1.png\" \/>\n\t<meta property=\"og:image:width\" content=\"770\" \/>\n\t<meta property=\"og:image:height\" content=\"404\" \/>\n\t<meta property=\"og:image:type\" content=\"image\/png\" \/>\n<meta name=\"twitter:card\" content=\"summary_large_image\" \/>\n<meta name=\"twitter:label1\" content=\"Ber\u00e4knad l\u00e4stid\" \/>\n\t<meta name=\"twitter:data1\" content=\"2 minuter\" \/>\n<script type=\"application\/ld+json\" class=\"yoast-schema-graph\">{\"@context\":\"https:\\\/\\\/schema.org\",\"@graph\":[{\"@type\":\"WebPage\",\"@id\":\"https:\\\/\\\/wp.kristdemokraterna.se\\\/uppsala\\\/kd-i-uppsala-kommun\\\/\",\"url\":\"https:\\\/\\\/wp.kristdemokraterna.se\\\/uppsala\\\/kd-i-uppsala-kommun\\\/\",\"name\":\"Kristdemokraterna i Uppsala Kommun | Kristdemokraterna | Uppsala\",\"isPartOf\":{\"@id\":\"https:\\\/\\\/wp.kristdemokraterna.se\\\/uppsala\\\/#website\"},\"datePublished\":\"2020-01-13T11:15:41+00:00\",\"dateModified\":\"2026-02-03T17:17:54+00:00\",\"breadcrumb\":{\"@id\":\"https:\\\/\\\/wp.kristdemokraterna.se\\\/uppsala\\\/kd-i-uppsala-kommun\\\/#breadcrumb\"},\"inLanguage\":\"sv-SE\",\"potentialAction\":[{\"@type\":\"ReadAction\",\"target\":[\"https:\\\/\\\/wp.kristdemokraterna.se\\\/uppsala\\\/kd-i-uppsala-kommun\\\/\"]}]},{\"@type\":\"BreadcrumbList\",\"@id\":\"https:\\\/\\\/wp.kristdemokraterna.se\\\/uppsala\\\/kd-i-uppsala-kommun\\\/#breadcrumb\",\"itemListElement\":[{\"@type\":\"ListItem\",\"position\":1,\"name\":\"Hem\",\"item\":\"https:\\\/\\\/wp.kristdemokraterna.se\\\/uppsala\\\/\"},{\"@type\":\"ListItem\",\"position\":2,\"name\":\"Kristdemokraterna i Uppsala Kommun\"}]},{\"@type\":\"WebSite\",\"@id\":\"https:\\\/\\\/wp.kristdemokraterna.se\\\/uppsala\\\/#website\",\"url\":\"https:\\\/\\\/wp.kristdemokraterna.se\\\/uppsala\\\/\",\"name\":\"Kristdemokraterna Uppsala\",\"description\":\"Tryggare Uppsala\",\"publisher\":{\"@id\":\"https:\\\/\\\/wp.kristdemokraterna.se\\\/uppsala\\\/#organization\"},\"inLanguage\":\"sv-SE\"},{\"@type\":\"Organization\",\"@id\":\"https:\\\/\\\/wp.kristdemokraterna.se\\\/uppsala\\\/#organization\",\"name\":\"Kristdemokraterna Uppsala\",\"url\":\"https:\\\/\\\/wp.kristdemokraterna.se\\\/uppsala\\\/\",\"logo\":{\"@type\":\"ImageObject\",\"inLanguage\":\"sv-SE\",\"@id\":\"https:\\\/\\\/wp.kristdemokraterna.se\\\/uppsala\\\/#\\\/schema\\\/logo\\\/image\\\/\",\"url\":\"https:\\\/\\\/wp.kristdemokraterna.se\\\/uppsala\\\/files\\\/2019\\\/10\\\/kd-uppsala.png\",\"contentUrl\":\"https:\\\/\\\/wp.kristdemokraterna.se\\\/uppsala\\\/files\\\/2019\\\/10\\\/kd-uppsala.png\",\"width\":804,\"height\":421,\"caption\":\"Kristdemokraterna Uppsala\"},\"image\":{\"@id\":\"https:\\\/\\\/wp.kristdemokraterna.se\\\/uppsala\\\/#\\\/schema\\\/logo\\\/image\\\/\"},\"sameAs\":[\"https:\\\/\\\/www.facebook.com\\\/UppsalaKD\\\/\",\"https:\\\/\\\/www.instagram.com\\\/uppsalakd\\\/\"]}]}<\/script>\n<!-- \/ Yoast SEO plugin. -->","yoast_head_json":{"title":"Kristdemokraterna i Uppsala Kommun | Kristdemokraterna | Uppsala","robots":{"index":"index","follow":"follow","max-snippet":"max-snippet:-1","max-image-preview":"max-image-preview:large","max-video-preview":"max-video-preview:-1"},"canonical":"https:\/\/wp.kristdemokraterna.se\/uppsala\/kd-i-uppsala-kommun\/","og_locale":"sv_SE","og_type":"article","og_title":"Kristdemokraterna i Uppsala Kommun | Kristdemokraterna | Uppsala","og_description":"Kristdemokraterna vill ha ett Uppsala som k\u00e4nnetecknas av trygghet, personlig frihet och socialt ansvar. V\u00e5ra h\u00f6gst prioriterade fr\u00e5gor \u00e4r de om en fungerande integration, ett tryggare Uppsala och en b\u00e4ttre \u00e4ldreomsorg d\u00e4r de \u00e4ldre behandlas med v\u00e4rdighet. Ut\u00f6ver detta vill vi \u00e4ven se s\u00e4nkt skatt f\u00f6r alla uppsalabor och en f\u00f6rsiktig utbyggnad av stadsk\u00e4rnan. Kommunalr\u00e5d Read More","og_url":"https:\/\/wp.kristdemokraterna.se\/uppsala\/kd-i-uppsala-kommun\/","og_site_name":"Kristdemokraterna | Uppsala","article_publisher":"https:\/\/www.facebook.com\/UppsalaKD\/","article_modified_time":"2026-02-03T17:17:54+00:00","og_image":[{"width":770,"height":404,"url":"https:\/\/wp.kristdemokraterna.se\/uppsala\/files\/2021\/12\/kom1.png","type":"image\/png"}],"twitter_card":"summary_large_image","twitter_misc":{"Ber\u00e4knad l\u00e4stid":"2 minuter"},"schema":{"@context":"https:\/\/schema.org","@graph":[{"@type":"WebPage","@id":"https:\/\/wp.kristdemokraterna.se\/uppsala\/kd-i-uppsala-kommun\/","url":"https:\/\/wp.kristdemokraterna.se\/uppsala\/kd-i-uppsala-kommun\/","name":"Kristdemokraterna i Uppsala Kommun | Kristdemokraterna | Uppsala","isPartOf":{"@id":"https:\/\/wp.kristdemokraterna.se\/uppsala\/#website"},"datePublished":"2020-01-13T11:15:41+00:00","dateModified":"2026-02-03T17:17:54+00:00","breadcrumb":{"@id":"https:\/\/wp.kristdemokraterna.se\/uppsala\/kd-i-uppsala-kommun\/#breadcrumb"},"inLanguage":"sv-SE","potentialAction":[{"@type":"ReadAction","target":["https:\/\/wp.kristdemokraterna.se\/uppsala\/kd-i-uppsala-kommun\/"]}]},{"@type":"BreadcrumbList","@id":"https:\/\/wp.kristdemokraterna.se\/uppsala\/kd-i-uppsala-kommun\/#breadcrumb","itemListElement":[{"@type":"ListItem","position":1,"name":"Hem","item":"https:\/\/wp.kristdemokraterna.se\/uppsala\/"},{"@type":"ListItem","position":2,"name":"Kristdemokraterna i Uppsala Kommun"}]},{"@type":"WebSite","@id":"https:\/\/wp.kristdemokraterna.se\/uppsala\/#website","url":"https:\/\/wp.kristdemokraterna.se\/uppsala\/","name":"Kristdemokraterna Uppsala","description":"Tryggare Uppsala","publisher":{"@id":"https:\/\/wp.kristdemokraterna.se\/uppsala\/#organization"},"inLanguage":"sv-SE"},{"@type":"Organization","@id":"https:\/\/wp.kristdemokraterna.se\/uppsala\/#organization","name":"Kristdemokraterna Uppsala","url":"https:\/\/wp.kristdemokraterna.se\/uppsala\/","logo":{"@type":"ImageObject","inLanguage":"sv-SE","@id":"https:\/\/wp.kristdemokraterna.se\/uppsala\/#\/schema\/logo\/image\/","url":"https:\/\/wp.kristdemokraterna.se\/uppsala\/files\/2019\/10\/kd-uppsala.png","contentUrl":"https:\/\/wp.kristdemokraterna.se\/uppsala\/files\/2019\/10\/kd-uppsala.png","width":804,"height":421,"caption":"Kristdemokraterna Uppsala"},"image":{"@id":"https:\/\/wp.kristdemokraterna.se\/uppsala\/#\/schema\/logo\/image\/"},"sameAs":["https:\/\/www.facebook.com\/UppsalaKD\/","https:\/\/www.instagram.com\/uppsalakd\/"]}]}},"_links":{"self":[{"href":"https:\/\/wp.kristdemokraterna.se\/uppsala\/wp-json\/wp\/v2\/pages\/3447","targetHints":{"allow":["GET"]}}],"collection":[{"href":"https:\/\/wp.kristdemokraterna.se\/uppsala\/wp-json\/wp\/v2\/pages"}],"about":[{"href":"https:\/\/wp.kristdemokraterna.se\/uppsala\/wp-json\/wp\/v2\/types\/page"}],"author":[{"embeddable":true,"href":"https:\/\/wp.kristdemokraterna.se\/uppsala\/wp-json\/wp\/v2\/users\/1055"}],"replies":[{"embeddable":true,"href":"https:\/\/wp.kristdemokraterna.se\/uppsala\/wp-json\/wp\/v2\/comments?post=3447"}],"version-history":[{"count":12,"href":"https:\/\/wp.kristdemokraterna.se\/uppsala\/wp-json\/wp\/v2\/pages\/3447\/revisions"}],"predecessor-version":[{"id":4947,"href":"https:\/\/wp.kristdemokraterna.se\/uppsala\/wp-json\/wp\/v2\/pages\/3447\/revisions\/4947"}],"wp:attachment":[{"href":"https:\/\/wp.kristdemokraterna.se\/uppsala\/wp-json\/wp\/v2\/media?parent=3447"}],"curies":[{"name":"wp","href":"https:\/\/api.w.org\/{rel}","templated":true}]}}