{"id":3451,"date":"2020-01-13T12:17:30","date_gmt":"2020-01-13T11:17:30","guid":{"rendered":"http:\/\/wp.kristdemokraterna.se\/uppsala\/?page_id=3451"},"modified":"2026-04-02T21:16:15","modified_gmt":"2026-04-02T19:16:15","slug":"regionen","status":"publish","type":"page","link":"https:\/\/wp.kristdemokraterna.se\/uppsala\/regionen\/","title":{"rendered":"Kristdemokraterna i Region Uppsala"},"content":{"rendered":"<h2>Sedan februari 2024 sitter Kristdemokraterna i opposition i Region Uppsala.<\/h2>\n<p>V\u00e5ra ing\u00e5ngsv\u00e4rden \u00e4r att sjukv\u00e5rden ska erbjuda tillg\u00e4nglig och v\u00e4rdig v\u00e5rd av god kvalitet p\u00e5 likv\u00e4rdiga villkor d\u00e4r det efterstr\u00e4vas att inte i f\u00f6rsta hand se en sjukdomsbild utan hela m\u00e4nniskan. H\u00e4lsofr\u00e4mjande och f\u00f6rebyggande v\u00e5rd ska prioriteras och vara en naturlig del i alla v\u00e5rdm\u00f6ten. I sammanhanget ska p\u00e5pekas att varje person har ett eget ansvar f\u00f6r att vidta de \u00e5tg\u00e4rder som beh\u00f6vs f\u00f6r att kunna ha en god h\u00e4lsa. V\u00e5rden ska styras av tillg\u00e4nglighet och flexibilitet utifr\u00e5n den enskildes behov och \u00f6nskem\u00e5l. Att sj\u00e4lv f\u00e5 v\u00e4lja v\u00e5rdenhet eller v\u00e5rdgivare \u00e4r en sj\u00e4lvklarhet.<\/p>\n<p><strong>Kristdemokraterna i enlighet med f\u00f6ljande st\u00e4llningstaganden:<\/strong><\/p>\n<ul>\n<li>Staten ska ha huvudansvaret f\u00f6r sjukhusv\u00e5rden.<\/li>\n<li>K\u00f6miljarden ska \u00e5terinf\u00f6ras i syfte att minska k\u00f6erna inom h\u00e4lso- och sjukv\u00e5rden.<\/li>\n<li>En v\u00e5rdplatsgaranti ska inf\u00f6ras som ger varje patient r\u00e4tt till en v\u00e5rdplats p\u00e5 r\u00e4tt klinik med r\u00e4tt kompetens. \u00d6verbel\u00e4ggningar \u00e4r oacceptabla.<\/li>\n<li>V\u00e5rdvalet ska utvecklas och g\u00e4lla fler omr\u00e5den, \u00e4ven inom specialistv\u00e5rden.<\/li>\n<li>Patienterna ska f\u00e5 v\u00e5rd i tid. Prioritera v\u00e5rdutveckling som leder till kortare k\u00f6er.<\/li>\n<li>Antalet hyrpersonal ska minskas.<\/li>\n<li>Digitalisera mer inom v\u00e5rden f\u00f6r kroniskt sjuka, t.ex. genom hemprovtagning och videom\u00f6ten.<\/li>\n<li>Inf\u00f6ra en stroke-ambulans i omr\u00e5den med l\u00e5ngt till sjukhus. dvs ambulans med CT som kan fastst\u00e4lla om en stroke (stroke-ambulans) beror p\u00e5 propp eller bl\u00f6dning.<\/li>\n<li>\u00d6ppna st\u00e4ngda v\u00e5rdplatser, minska antalet platser som st\u00e4ngs sommartid och under storhelger samt s\u00e4tt upp ett m\u00e5l f\u00f6r bel\u00e4ggningsgrad till max 85%.<\/li>\n<li>Certifiera patienter exempelvis med kronisk sjukdom och ge dem befogenhet att styra sin v\u00e5rd. Den som av sin l\u00e4kare blir certifierad patient ska exempelvis kunna ta eget ansvar f\u00f6r f\u00f6rnyelse av vissa recept, hj\u00e4lpmedelskort och kunna best\u00e4lla vissa \u00e5terkommande laboratorieprover.<\/li>\n<li>Patienter ska erbjudas en rehab samordnare som syr ihop v\u00e5rdkedjorna s\u00e5 att de snabbare \u00e5terf\u00e5r h\u00e4lsan<\/li>\n<li>F\u00f6rst\u00e4rka och utveckla rehabiliteringen i Region Uppsala med l\u00e4nets kommuner.<\/li>\n<\/ul>\n","protected":false},"excerpt":{"rendered":"<p>Sedan februari 2024 sitter Kristdemokraterna i opposition i Region Uppsala. V\u00e5ra ing\u00e5ngsv\u00e4rden \u00e4r att sjukv\u00e5rden ska erbjuda tillg\u00e4nglig och v\u00e4rdig v\u00e5rd av god kvalitet p\u00e5 likv\u00e4rdiga villkor d\u00e4r det efterstr\u00e4vas att inte i f\u00f6rsta hand se en sjukdomsbild utan hela m\u00e4nniskan. H\u00e4lsofr\u00e4mjande och f\u00f6rebyggande v\u00e5rd ska prioriteras och vara en naturlig del i alla v\u00e5rdm\u00f6ten. <a class=\"read-more-link\" href=\"https:\/\/wp.kristdemokraterna.se\/uppsala\/regionen\/\">Read More<\/a><\/p>\n","protected":false},"author":1055,"featured_media":0,"parent":0,"menu_order":2,"comment_status":"closed","ping_status":"closed","template":"","meta":{"_acf_changed":false,"footnotes":""},"class_list":["post-3451","page","type-page","status-publish","hentry"],"acf":[],"yoast_head":"<!-- This site is optimized with the Yoast SEO plugin v27.4 - https:\/\/yoast.com\/product\/yoast-seo-wordpress\/ -->\n<title>Kristdemokraterna i Region Uppsala | Kristdemokraterna | Uppsala<\/title>\n<meta name=\"robots\" content=\"index, follow, max-snippet:-1, max-image-preview:large, max-video-preview:-1\" \/>\n<link rel=\"canonical\" href=\"https:\/\/wp.kristdemokraterna.se\/uppsala\/regionen\/\" \/>\n<meta property=\"og:locale\" content=\"sv_SE\" \/>\n<meta property=\"og:type\" content=\"article\" \/>\n<meta property=\"og:title\" content=\"Kristdemokraterna i Region Uppsala | Kristdemokraterna | Uppsala\" \/>\n<meta property=\"og:description\" content=\"Sedan februari 2024 sitter Kristdemokraterna i opposition i Region Uppsala. V\u00e5ra ing\u00e5ngsv\u00e4rden \u00e4r att sjukv\u00e5rden ska erbjuda tillg\u00e4nglig och v\u00e4rdig v\u00e5rd av god kvalitet p\u00e5 likv\u00e4rdiga villkor d\u00e4r det efterstr\u00e4vas att inte i f\u00f6rsta hand se en sjukdomsbild utan hela m\u00e4nniskan. H\u00e4lsofr\u00e4mjande och f\u00f6rebyggande v\u00e5rd ska prioriteras och vara en naturlig del i alla v\u00e5rdm\u00f6ten. Read More\" \/>\n<meta property=\"og:url\" content=\"https:\/\/wp.kristdemokraterna.se\/uppsala\/regionen\/\" \/>\n<meta property=\"og:site_name\" content=\"Kristdemokraterna | Uppsala\" \/>\n<meta property=\"article:publisher\" content=\"https:\/\/www.facebook.com\/UppsalaKD\/\" \/>\n<meta property=\"article:modified_time\" content=\"2026-04-02T19:16:15+00:00\" \/>\n<meta property=\"og:image\" content=\"https:\/\/wp.kristdemokraterna.se\/uppsala\/files\/2021\/12\/kom1.png\" \/>\n\t<meta property=\"og:image:width\" content=\"770\" \/>\n\t<meta property=\"og:image:height\" content=\"404\" \/>\n\t<meta property=\"og:image:type\" content=\"image\/png\" \/>\n<meta name=\"twitter:card\" content=\"summary_large_image\" \/>\n<meta name=\"twitter:label1\" content=\"Ber\u00e4knad l\u00e4stid\" \/>\n\t<meta name=\"twitter:data1\" content=\"2 minuter\" \/>\n<script type=\"application\/ld+json\" class=\"yoast-schema-graph\">{\"@context\":\"https:\\\/\\\/schema.org\",\"@graph\":[{\"@type\":\"WebPage\",\"@id\":\"https:\\\/\\\/wp.kristdemokraterna.se\\\/uppsala\\\/regionen\\\/\",\"url\":\"https:\\\/\\\/wp.kristdemokraterna.se\\\/uppsala\\\/regionen\\\/\",\"name\":\"Kristdemokraterna i Region Uppsala | Kristdemokraterna | Uppsala\",\"isPartOf\":{\"@id\":\"https:\\\/\\\/wp.kristdemokraterna.se\\\/uppsala\\\/#website\"},\"datePublished\":\"2020-01-13T11:17:30+00:00\",\"dateModified\":\"2026-04-02T19:16:15+00:00\",\"breadcrumb\":{\"@id\":\"https:\\\/\\\/wp.kristdemokraterna.se\\\/uppsala\\\/regionen\\\/#breadcrumb\"},\"inLanguage\":\"sv-SE\",\"potentialAction\":[{\"@type\":\"ReadAction\",\"target\":[\"https:\\\/\\\/wp.kristdemokraterna.se\\\/uppsala\\\/regionen\\\/\"]}]},{\"@type\":\"BreadcrumbList\",\"@id\":\"https:\\\/\\\/wp.kristdemokraterna.se\\\/uppsala\\\/regionen\\\/#breadcrumb\",\"itemListElement\":[{\"@type\":\"ListItem\",\"position\":1,\"name\":\"Hem\",\"item\":\"https:\\\/\\\/wp.kristdemokraterna.se\\\/uppsala\\\/\"},{\"@type\":\"ListItem\",\"position\":2,\"name\":\"Kristdemokraterna i Region Uppsala\"}]},{\"@type\":\"WebSite\",\"@id\":\"https:\\\/\\\/wp.kristdemokraterna.se\\\/uppsala\\\/#website\",\"url\":\"https:\\\/\\\/wp.kristdemokraterna.se\\\/uppsala\\\/\",\"name\":\"Kristdemokraterna Uppsala\",\"description\":\"Tryggare Uppsala\",\"publisher\":{\"@id\":\"https:\\\/\\\/wp.kristdemokraterna.se\\\/uppsala\\\/#organization\"},\"inLanguage\":\"sv-SE\"},{\"@type\":\"Organization\",\"@id\":\"https:\\\/\\\/wp.kristdemokraterna.se\\\/uppsala\\\/#organization\",\"name\":\"Kristdemokraterna Uppsala\",\"url\":\"https:\\\/\\\/wp.kristdemokraterna.se\\\/uppsala\\\/\",\"logo\":{\"@type\":\"ImageObject\",\"inLanguage\":\"sv-SE\",\"@id\":\"https:\\\/\\\/wp.kristdemokraterna.se\\\/uppsala\\\/#\\\/schema\\\/logo\\\/image\\\/\",\"url\":\"https:\\\/\\\/wp.kristdemokraterna.se\\\/uppsala\\\/files\\\/2019\\\/10\\\/kd-uppsala.png\",\"contentUrl\":\"https:\\\/\\\/wp.kristdemokraterna.se\\\/uppsala\\\/files\\\/2019\\\/10\\\/kd-uppsala.png\",\"width\":804,\"height\":421,\"caption\":\"Kristdemokraterna Uppsala\"},\"image\":{\"@id\":\"https:\\\/\\\/wp.kristdemokraterna.se\\\/uppsala\\\/#\\\/schema\\\/logo\\\/image\\\/\"},\"sameAs\":[\"https:\\\/\\\/www.facebook.com\\\/UppsalaKD\\\/\",\"https:\\\/\\\/www.instagram.com\\\/uppsalakd\\\/\"]}]}<\/script>\n<!-- \/ Yoast SEO plugin. -->","yoast_head_json":{"title":"Kristdemokraterna i Region Uppsala | Kristdemokraterna | Uppsala","robots":{"index":"index","follow":"follow","max-snippet":"max-snippet:-1","max-image-preview":"max-image-preview:large","max-video-preview":"max-video-preview:-1"},"canonical":"https:\/\/wp.kristdemokraterna.se\/uppsala\/regionen\/","og_locale":"sv_SE","og_type":"article","og_title":"Kristdemokraterna i Region Uppsala | Kristdemokraterna | Uppsala","og_description":"Sedan februari 2024 sitter Kristdemokraterna i opposition i Region Uppsala. V\u00e5ra ing\u00e5ngsv\u00e4rden \u00e4r att sjukv\u00e5rden ska erbjuda tillg\u00e4nglig och v\u00e4rdig v\u00e5rd av god kvalitet p\u00e5 likv\u00e4rdiga villkor d\u00e4r det efterstr\u00e4vas att inte i f\u00f6rsta hand se en sjukdomsbild utan hela m\u00e4nniskan. H\u00e4lsofr\u00e4mjande och f\u00f6rebyggande v\u00e5rd ska prioriteras och vara en naturlig del i alla v\u00e5rdm\u00f6ten. Read More","og_url":"https:\/\/wp.kristdemokraterna.se\/uppsala\/regionen\/","og_site_name":"Kristdemokraterna | Uppsala","article_publisher":"https:\/\/www.facebook.com\/UppsalaKD\/","article_modified_time":"2026-04-02T19:16:15+00:00","og_image":[{"width":770,"height":404,"url":"https:\/\/wp.kristdemokraterna.se\/uppsala\/files\/2021\/12\/kom1.png","type":"image\/png"}],"twitter_card":"summary_large_image","twitter_misc":{"Ber\u00e4knad l\u00e4stid":"2 minuter"},"schema":{"@context":"https:\/\/schema.org","@graph":[{"@type":"WebPage","@id":"https:\/\/wp.kristdemokraterna.se\/uppsala\/regionen\/","url":"https:\/\/wp.kristdemokraterna.se\/uppsala\/regionen\/","name":"Kristdemokraterna i Region Uppsala | Kristdemokraterna | Uppsala","isPartOf":{"@id":"https:\/\/wp.kristdemokraterna.se\/uppsala\/#website"},"datePublished":"2020-01-13T11:17:30+00:00","dateModified":"2026-04-02T19:16:15+00:00","breadcrumb":{"@id":"https:\/\/wp.kristdemokraterna.se\/uppsala\/regionen\/#breadcrumb"},"inLanguage":"sv-SE","potentialAction":[{"@type":"ReadAction","target":["https:\/\/wp.kristdemokraterna.se\/uppsala\/regionen\/"]}]},{"@type":"BreadcrumbList","@id":"https:\/\/wp.kristdemokraterna.se\/uppsala\/regionen\/#breadcrumb","itemListElement":[{"@type":"ListItem","position":1,"name":"Hem","item":"https:\/\/wp.kristdemokraterna.se\/uppsala\/"},{"@type":"ListItem","position":2,"name":"Kristdemokraterna i Region Uppsala"}]},{"@type":"WebSite","@id":"https:\/\/wp.kristdemokraterna.se\/uppsala\/#website","url":"https:\/\/wp.kristdemokraterna.se\/uppsala\/","name":"Kristdemokraterna Uppsala","description":"Tryggare Uppsala","publisher":{"@id":"https:\/\/wp.kristdemokraterna.se\/uppsala\/#organization"},"inLanguage":"sv-SE"},{"@type":"Organization","@id":"https:\/\/wp.kristdemokraterna.se\/uppsala\/#organization","name":"Kristdemokraterna Uppsala","url":"https:\/\/wp.kristdemokraterna.se\/uppsala\/","logo":{"@type":"ImageObject","inLanguage":"sv-SE","@id":"https:\/\/wp.kristdemokraterna.se\/uppsala\/#\/schema\/logo\/image\/","url":"https:\/\/wp.kristdemokraterna.se\/uppsala\/files\/2019\/10\/kd-uppsala.png","contentUrl":"https:\/\/wp.kristdemokraterna.se\/uppsala\/files\/2019\/10\/kd-uppsala.png","width":804,"height":421,"caption":"Kristdemokraterna Uppsala"},"image":{"@id":"https:\/\/wp.kristdemokraterna.se\/uppsala\/#\/schema\/logo\/image\/"},"sameAs":["https:\/\/www.facebook.com\/UppsalaKD\/","https:\/\/www.instagram.com\/uppsalakd\/"]}]}},"_links":{"self":[{"href":"https:\/\/wp.kristdemokraterna.se\/uppsala\/wp-json\/wp\/v2\/pages\/3451","targetHints":{"allow":["GET"]}}],"collection":[{"href":"https:\/\/wp.kristdemokraterna.se\/uppsala\/wp-json\/wp\/v2\/pages"}],"about":[{"href":"https:\/\/wp.kristdemokraterna.se\/uppsala\/wp-json\/wp\/v2\/types\/page"}],"author":[{"embeddable":true,"href":"https:\/\/wp.kristdemokraterna.se\/uppsala\/wp-json\/wp\/v2\/users\/1055"}],"replies":[{"embeddable":true,"href":"https:\/\/wp.kristdemokraterna.se\/uppsala\/wp-json\/wp\/v2\/comments?post=3451"}],"version-history":[{"count":12,"href":"https:\/\/wp.kristdemokraterna.se\/uppsala\/wp-json\/wp\/v2\/pages\/3451\/revisions"}],"predecessor-version":[{"id":5012,"href":"https:\/\/wp.kristdemokraterna.se\/uppsala\/wp-json\/wp\/v2\/pages\/3451\/revisions\/5012"}],"wp:attachment":[{"href":"https:\/\/wp.kristdemokraterna.se\/uppsala\/wp-json\/wp\/v2\/media?parent=3451"}],"curies":[{"name":"wp","href":"https:\/\/api.w.org\/{rel}","templated":true}]}}