{"id":3511,"date":"2020-01-14T13:59:17","date_gmt":"2020-01-14T12:59:17","guid":{"rendered":"http:\/\/wp.kristdemokraterna.se\/uppsala\/?page_id=3511"},"modified":"2026-03-07T11:25:04","modified_gmt":"2026-03-07T10:25:04","slug":"vara-politiker-i-regionen","status":"publish","type":"page","link":"https:\/\/wp.kristdemokraterna.se\/uppsala\/regionen\/vara-politiker-i-regionen\/","title":{"rendered":"F\u00f6retr\u00e4dare i Region Uppsala"},"content":{"rendered":"<p><img loading=\"lazy\" decoding=\"async\" class=\"size-medium wp-image-4342\" src=\"http:\/\/wp.kristdemokraterna.se\/uppsala\/files\/2023\/10\/bo-rund-ram-300x300.png\" alt=\"\" width=\"300\" height=\"300\" srcset=\"https:\/\/wp.kristdemokraterna.se\/uppsala\/files\/2023\/10\/bo-rund-ram-300x300.png 300w, https:\/\/wp.kristdemokraterna.se\/uppsala\/files\/2023\/10\/bo-rund-ram-540x540.png 540w, https:\/\/wp.kristdemokraterna.se\/uppsala\/files\/2023\/10\/bo-rund-ram-150x150.png 150w, https:\/\/wp.kristdemokraterna.se\/uppsala\/files\/2023\/10\/bo-rund-ram-768x768.png 768w, https:\/\/wp.kristdemokraterna.se\/uppsala\/files\/2023\/10\/bo-rund-ram-200x200.png 200w, https:\/\/wp.kristdemokraterna.se\/uppsala\/files\/2023\/10\/bo-rund-ram-370x370.png 370w, https:\/\/wp.kristdemokraterna.se\/uppsala\/files\/2023\/10\/bo-rund-ram-90x90.png 90w, https:\/\/wp.kristdemokraterna.se\/uppsala\/files\/2023\/10\/bo-rund-ram-770x770.png 770w, https:\/\/wp.kristdemokraterna.se\/uppsala\/files\/2023\/10\/bo-rund-ram-450x450.png 450w, https:\/\/wp.kristdemokraterna.se\/uppsala\/files\/2023\/10\/bo-rund-ram-280x280.png 280w, https:\/\/wp.kristdemokraterna.se\/uppsala\/files\/2023\/10\/bo-rund-ram-340x340.png 340w, https:\/\/wp.kristdemokraterna.se\/uppsala\/files\/2023\/10\/bo-rund-ram-56x56.png 56w, https:\/\/wp.kristdemokraterna.se\/uppsala\/files\/2023\/10\/bo-rund-ram.png 1080w\" sizes=\"auto, (max-width: 300px) 100vw, 300px\" \/><\/p>\n<p style=\"text-align: left\"><strong>Bj\u00f6rn-Owe Bj\u00f6rk, Regionr\u00e5d<\/strong><br \/>\n<em>Gruppledare<\/em><br \/>\nRegionstyrelsen <em>ledamot<\/em><br \/>\nRegionfullm\u00e4ktige <em>ledamot<br \/>\n<\/em>Sjukhusstyrelsen <em>2:e vice ordf\u00f6rande<\/em><\/p>\n<p><strong>Frida Bj\u00f6rk<\/strong><br \/>\nRegionfullm\u00e4ktige <em>ledamot, mellersta listan<\/em><br \/>\nStiftelsen Upplandsmuseet <em>ordf\u00f6rande<br \/>\n<\/em>Kulturn\u00e4mnden <em>2:e vice ordf\u00f6rande<br \/>\n<\/em>Stiftelsen Musik i Uppland <em>ers\u00e4ttare<br \/>\n<\/em>M\u00e4lardalstrafik <em>ers\u00e4ttare<\/em><\/p>\n<p><b>Anna-Karin Klomp<\/b><br \/>\nRegionfullm\u00e4ktige <em>ledamot, mellersta listan<\/em><br \/>\n<b><br \/>\n<\/b><b>Anna-Karin Vaz Contreiras<\/b><br \/>\nRegionfullm\u00e4ktige <em>ledamot, mellersta listan<br \/>\n<\/em>V\u00e5rdstyrelsen <em>ledamot<\/em><br \/>\nR\u00e5det f\u00f6r delaktighet <em>ledamot<\/em><\/p>\n<p><b>Gunnar Gidlund<\/b><br \/>\nRegionfullm\u00e4ktige <em>ledamot, mellersta listan<\/em><\/p>\n<p><b>Ingvild Segersam<\/b><br \/>\nRegionfullm\u00e4ktige <em>ers\u00e4ttare, mellersta listan<\/em><br \/>\nStiftelsen Biskops Arn\u00f6\u00a0<em>ledamot<br \/>\n<\/em>V\u00e5rdstyrelsen <em>ers\u00e4ttare<br \/>\n<\/em><b><\/b><\/p>\n<p><b>Helene Rheindorf Brodin<br \/>\n<\/b>Regionfullm\u00e4ktige <em>ers\u00e4ttare, mellersta listan<\/em><br \/>\nStiftelsen Medicinhistoriska museet\u00a0<em>ledamot<\/em><\/p>\n<p><b>Alexandra Braf<\/b><br \/>\nRegionfullm\u00e4ktige <em>ers\u00e4ttare, mellersta listan<\/em><br \/>\nSjukhusstyrelsen\u00a0<em>ers\u00e4ttare<\/em><\/p>\n<p><b>Yasmin Lundstr\u00f6m<\/b><br \/>\nRegionfullm\u00e4ktige <em>ers\u00e4ttare, mellersta listan<\/em><\/p>\n<p><b><strong>Cecilia Hamenius<\/strong><br \/>\n<\/b>Regionstyrelsen\u00a0<em>ledamot<br \/>\n<\/em>Fastighet- och servicen\u00e4mnden <em>2:e vice ordf\u00f6rande<\/em><\/p>\n<p><b>Per Elfving<br \/>\n<\/b>Regionfullm\u00e4ktige <em>ledamot, s\u00f6dra listan<\/em><b><\/b><\/p>\n<p><b>Henrik Lindberg<br \/>\n<\/b>Regionfullm\u00e4ktige <em>ledamot, s\u00f6dra listan<\/em><br \/>\nPatientn\u00e4mnden <em>ers\u00e4ttare<\/em><br \/>\n<b><\/b><\/p>\n<p><strong>Magnus Nystr\u00f6m<\/strong><br \/>\nRegionfullm\u00e4ktige <em>ers\u00e4ttare, s\u00f6dra listan<br \/>\n<\/em>Regionala utvecklingsn\u00e4mnden <em>ledamot<br \/>\n<\/em><\/p>\n<p><strong>\u00c5sa Essendrup<\/strong><br \/>\nRegionfullm\u00e4ktige <em>ers\u00e4ttare, s\u00f6dra listan<\/em><\/p>\n<p><strong>Nettan Kihl<br \/>\n<\/strong>Regionfullm\u00e4ktige<em> ledamot, norra listan<\/em><strong><br \/>\n<\/strong><\/p>\n<p><strong>Sabina St\u00e5hl<br \/>\n<\/strong>Regionfullm\u00e4ktige <em>ledamot<\/em><em>, norra listan<\/em><br \/>\nRegionala utvecklingsn\u00e4mnden <em>ers\u00e4ttare<\/em><\/p>\n<p><strong>Peter Zon\u00e9<\/strong><br \/>\nRegionfullm\u00e4ktige <em>ers\u00e4ttare, norra listan<\/em><\/p>\n<p><strong>Ingela Vikander<\/strong><br \/>\nRegionfullm\u00e4ktige <em>ers\u00e4ttare<\/em><em>, norra listan<\/em><\/p>\n<p><strong>Ian Wallberg Engblom<\/strong><br \/>\nTrafik- och samh\u00e4llsutvecklingsn\u00e4mnden, <em>ledamot<\/em><\/p>\n<p><strong>Mattias Nygren<\/strong><br \/>\nRegionala utvecklingsn\u00e4mnden <em>ledamot<\/em><br \/>\nViltv\u00e5rdsf\u00f6rvaltningen <em>ledamot<\/em><\/p>\n<p><strong>Paula Bieler Eriksson<\/strong><br \/>\nRegionstyrelsen <em>ers\u00e4ttare<\/em><\/p>\n","protected":false},"excerpt":{"rendered":"<p>Bj\u00f6rn-Owe Bj\u00f6rk, Regionr\u00e5d Gruppledare Regionstyrelsen ledamot Regionfullm\u00e4ktige ledamot Sjukhusstyrelsen 2:e vice ordf\u00f6rande Frida Bj\u00f6rk Regionfullm\u00e4ktige ledamot, mellersta listan Stiftelsen Upplandsmuseet ordf\u00f6rande Kulturn\u00e4mnden 2:e vice ordf\u00f6rande Stiftelsen Musik i Uppland ers\u00e4ttare M\u00e4lardalstrafik ers\u00e4ttare Anna-Karin Klomp Regionfullm\u00e4ktige ledamot, mellersta listan Anna-Karin Vaz Contreiras Regionfullm\u00e4ktige ledamot, mellersta listan V\u00e5rdstyrelsen ledamot R\u00e5det f\u00f6r delaktighet ledamot Gunnar Gidlund Regionfullm\u00e4ktige ledamot, <a class=\"read-more-link\" href=\"https:\/\/wp.kristdemokraterna.se\/uppsala\/regionen\/vara-politiker-i-regionen\/\">Read More<\/a><\/p>\n","protected":false},"author":702,"featured_media":0,"parent":3451,"menu_order":1,"comment_status":"closed","ping_status":"closed","template":"","meta":{"_acf_changed":false,"footnotes":""},"class_list":["post-3511","page","type-page","status-publish","hentry"],"acf":[],"yoast_head":"<!-- This site is optimized with the Yoast SEO plugin v27.4 - https:\/\/yoast.com\/product\/yoast-seo-wordpress\/ -->\n<title>F\u00f6retr\u00e4dare i Region Uppsala | Kristdemokraterna | Uppsala<\/title>\n<meta name=\"robots\" content=\"index, follow, max-snippet:-1, max-image-preview:large, max-video-preview:-1\" \/>\n<link rel=\"canonical\" href=\"https:\/\/wp.kristdemokraterna.se\/uppsala\/regionen\/vara-politiker-i-regionen\/\" \/>\n<meta property=\"og:locale\" content=\"sv_SE\" \/>\n<meta property=\"og:type\" content=\"article\" \/>\n<meta property=\"og:title\" content=\"F\u00f6retr\u00e4dare i Region Uppsala | Kristdemokraterna | Uppsala\" \/>\n<meta property=\"og:description\" content=\"Bj\u00f6rn-Owe Bj\u00f6rk, Regionr\u00e5d Gruppledare Regionstyrelsen ledamot Regionfullm\u00e4ktige ledamot Sjukhusstyrelsen 2:e vice ordf\u00f6rande Frida Bj\u00f6rk Regionfullm\u00e4ktige ledamot, mellersta listan Stiftelsen Upplandsmuseet ordf\u00f6rande Kulturn\u00e4mnden 2:e vice ordf\u00f6rande Stiftelsen Musik i Uppland ers\u00e4ttare M\u00e4lardalstrafik ers\u00e4ttare Anna-Karin Klomp Regionfullm\u00e4ktige ledamot, mellersta listan Anna-Karin Vaz Contreiras Regionfullm\u00e4ktige ledamot, mellersta listan V\u00e5rdstyrelsen ledamot R\u00e5det f\u00f6r delaktighet ledamot Gunnar Gidlund Regionfullm\u00e4ktige ledamot, Read More\" \/>\n<meta property=\"og:url\" content=\"https:\/\/wp.kristdemokraterna.se\/uppsala\/regionen\/vara-politiker-i-regionen\/\" \/>\n<meta property=\"og:site_name\" content=\"Kristdemokraterna | Uppsala\" \/>\n<meta property=\"article:publisher\" content=\"https:\/\/www.facebook.com\/UppsalaKD\/\" \/>\n<meta property=\"article:modified_time\" content=\"2026-03-07T10:25:04+00:00\" \/>\n<meta property=\"og:image\" content=\"https:\/\/wp.kristdemokraterna.se\/uppsala\/files\/2023\/10\/bo-rund-ram.png\" \/>\n\t<meta property=\"og:image:width\" content=\"1080\" \/>\n\t<meta property=\"og:image:height\" content=\"1080\" \/>\n\t<meta property=\"og:image:type\" content=\"image\/png\" \/>\n<meta name=\"twitter:card\" content=\"summary_large_image\" \/>\n<meta name=\"twitter:label1\" content=\"Ber\u00e4knad l\u00e4stid\" \/>\n\t<meta name=\"twitter:data1\" content=\"2 minuter\" \/>\n<script type=\"application\/ld+json\" class=\"yoast-schema-graph\">{\"@context\":\"https:\\\/\\\/schema.org\",\"@graph\":[{\"@type\":\"WebPage\",\"@id\":\"https:\\\/\\\/wp.kristdemokraterna.se\\\/uppsala\\\/regionen\\\/vara-politiker-i-regionen\\\/\",\"url\":\"https:\\\/\\\/wp.kristdemokraterna.se\\\/uppsala\\\/regionen\\\/vara-politiker-i-regionen\\\/\",\"name\":\"F\u00f6retr\u00e4dare i Region Uppsala | Kristdemokraterna | Uppsala\",\"isPartOf\":{\"@id\":\"https:\\\/\\\/wp.kristdemokraterna.se\\\/uppsala\\\/#website\"},\"primaryImageOfPage\":{\"@id\":\"https:\\\/\\\/wp.kristdemokraterna.se\\\/uppsala\\\/regionen\\\/vara-politiker-i-regionen\\\/#primaryimage\"},\"image\":{\"@id\":\"https:\\\/\\\/wp.kristdemokraterna.se\\\/uppsala\\\/regionen\\\/vara-politiker-i-regionen\\\/#primaryimage\"},\"thumbnailUrl\":\"http:\\\/\\\/wp.kristdemokraterna.se\\\/uppsala\\\/files\\\/2023\\\/10\\\/bo-rund-ram-300x300.png\",\"datePublished\":\"2020-01-14T12:59:17+00:00\",\"dateModified\":\"2026-03-07T10:25:04+00:00\",\"breadcrumb\":{\"@id\":\"https:\\\/\\\/wp.kristdemokraterna.se\\\/uppsala\\\/regionen\\\/vara-politiker-i-regionen\\\/#breadcrumb\"},\"inLanguage\":\"sv-SE\",\"potentialAction\":[{\"@type\":\"ReadAction\",\"target\":[\"https:\\\/\\\/wp.kristdemokraterna.se\\\/uppsala\\\/regionen\\\/vara-politiker-i-regionen\\\/\"]}]},{\"@type\":\"ImageObject\",\"inLanguage\":\"sv-SE\",\"@id\":\"https:\\\/\\\/wp.kristdemokraterna.se\\\/uppsala\\\/regionen\\\/vara-politiker-i-regionen\\\/#primaryimage\",\"url\":\"http:\\\/\\\/wp.kristdemokraterna.se\\\/uppsala\\\/files\\\/2023\\\/10\\\/bo-rund-ram-300x300.png\",\"contentUrl\":\"http:\\\/\\\/wp.kristdemokraterna.se\\\/uppsala\\\/files\\\/2023\\\/10\\\/bo-rund-ram-300x300.png\"},{\"@type\":\"BreadcrumbList\",\"@id\":\"https:\\\/\\\/wp.kristdemokraterna.se\\\/uppsala\\\/regionen\\\/vara-politiker-i-regionen\\\/#breadcrumb\",\"itemListElement\":[{\"@type\":\"ListItem\",\"position\":1,\"name\":\"Hem\",\"item\":\"https:\\\/\\\/wp.kristdemokraterna.se\\\/uppsala\\\/\"},{\"@type\":\"ListItem\",\"position\":2,\"name\":\"Kristdemokraterna i Region Uppsala\",\"item\":\"https:\\\/\\\/wp.kristdemokraterna.se\\\/uppsala\\\/regionen\\\/\"},{\"@type\":\"ListItem\",\"position\":3,\"name\":\"F\u00f6retr\u00e4dare i Region Uppsala\"}]},{\"@type\":\"WebSite\",\"@id\":\"https:\\\/\\\/wp.kristdemokraterna.se\\\/uppsala\\\/#website\",\"url\":\"https:\\\/\\\/wp.kristdemokraterna.se\\\/uppsala\\\/\",\"name\":\"Kristdemokraterna Uppsala\",\"description\":\"Tryggare Uppsala\",\"publisher\":{\"@id\":\"https:\\\/\\\/wp.kristdemokraterna.se\\\/uppsala\\\/#organization\"},\"inLanguage\":\"sv-SE\"},{\"@type\":\"Organization\",\"@id\":\"https:\\\/\\\/wp.kristdemokraterna.se\\\/uppsala\\\/#organization\",\"name\":\"Kristdemokraterna Uppsala\",\"url\":\"https:\\\/\\\/wp.kristdemokraterna.se\\\/uppsala\\\/\",\"logo\":{\"@type\":\"ImageObject\",\"inLanguage\":\"sv-SE\",\"@id\":\"https:\\\/\\\/wp.kristdemokraterna.se\\\/uppsala\\\/#\\\/schema\\\/logo\\\/image\\\/\",\"url\":\"https:\\\/\\\/wp.kristdemokraterna.se\\\/uppsala\\\/files\\\/2019\\\/10\\\/kd-uppsala.png\",\"contentUrl\":\"https:\\\/\\\/wp.kristdemokraterna.se\\\/uppsala\\\/files\\\/2019\\\/10\\\/kd-uppsala.png\",\"width\":804,\"height\":421,\"caption\":\"Kristdemokraterna Uppsala\"},\"image\":{\"@id\":\"https:\\\/\\\/wp.kristdemokraterna.se\\\/uppsala\\\/#\\\/schema\\\/logo\\\/image\\\/\"},\"sameAs\":[\"https:\\\/\\\/www.facebook.com\\\/UppsalaKD\\\/\",\"https:\\\/\\\/www.instagram.com\\\/uppsalakd\\\/\"]}]}<\/script>\n<!-- \/ Yoast SEO plugin. -->","yoast_head_json":{"title":"F\u00f6retr\u00e4dare i Region Uppsala | Kristdemokraterna | Uppsala","robots":{"index":"index","follow":"follow","max-snippet":"max-snippet:-1","max-image-preview":"max-image-preview:large","max-video-preview":"max-video-preview:-1"},"canonical":"https:\/\/wp.kristdemokraterna.se\/uppsala\/regionen\/vara-politiker-i-regionen\/","og_locale":"sv_SE","og_type":"article","og_title":"F\u00f6retr\u00e4dare i Region Uppsala | Kristdemokraterna | Uppsala","og_description":"Bj\u00f6rn-Owe Bj\u00f6rk, Regionr\u00e5d Gruppledare Regionstyrelsen ledamot Regionfullm\u00e4ktige ledamot Sjukhusstyrelsen 2:e vice ordf\u00f6rande Frida Bj\u00f6rk Regionfullm\u00e4ktige ledamot, mellersta listan Stiftelsen Upplandsmuseet ordf\u00f6rande Kulturn\u00e4mnden 2:e vice ordf\u00f6rande Stiftelsen Musik i Uppland ers\u00e4ttare M\u00e4lardalstrafik ers\u00e4ttare Anna-Karin Klomp Regionfullm\u00e4ktige ledamot, mellersta listan Anna-Karin Vaz Contreiras Regionfullm\u00e4ktige ledamot, mellersta listan V\u00e5rdstyrelsen ledamot R\u00e5det f\u00f6r delaktighet ledamot Gunnar Gidlund Regionfullm\u00e4ktige ledamot, Read More","og_url":"https:\/\/wp.kristdemokraterna.se\/uppsala\/regionen\/vara-politiker-i-regionen\/","og_site_name":"Kristdemokraterna | Uppsala","article_publisher":"https:\/\/www.facebook.com\/UppsalaKD\/","article_modified_time":"2026-03-07T10:25:04+00:00","og_image":[{"width":1080,"height":1080,"url":"https:\/\/wp.kristdemokraterna.se\/uppsala\/files\/2023\/10\/bo-rund-ram.png","type":"image\/png"}],"twitter_card":"summary_large_image","twitter_misc":{"Ber\u00e4knad l\u00e4stid":"2 minuter"},"schema":{"@context":"https:\/\/schema.org","@graph":[{"@type":"WebPage","@id":"https:\/\/wp.kristdemokraterna.se\/uppsala\/regionen\/vara-politiker-i-regionen\/","url":"https:\/\/wp.kristdemokraterna.se\/uppsala\/regionen\/vara-politiker-i-regionen\/","name":"F\u00f6retr\u00e4dare i Region Uppsala | Kristdemokraterna | Uppsala","isPartOf":{"@id":"https:\/\/wp.kristdemokraterna.se\/uppsala\/#website"},"primaryImageOfPage":{"@id":"https:\/\/wp.kristdemokraterna.se\/uppsala\/regionen\/vara-politiker-i-regionen\/#primaryimage"},"image":{"@id":"https:\/\/wp.kristdemokraterna.se\/uppsala\/regionen\/vara-politiker-i-regionen\/#primaryimage"},"thumbnailUrl":"http:\/\/wp.kristdemokraterna.se\/uppsala\/files\/2023\/10\/bo-rund-ram-300x300.png","datePublished":"2020-01-14T12:59:17+00:00","dateModified":"2026-03-07T10:25:04+00:00","breadcrumb":{"@id":"https:\/\/wp.kristdemokraterna.se\/uppsala\/regionen\/vara-politiker-i-regionen\/#breadcrumb"},"inLanguage":"sv-SE","potentialAction":[{"@type":"ReadAction","target":["https:\/\/wp.kristdemokraterna.se\/uppsala\/regionen\/vara-politiker-i-regionen\/"]}]},{"@type":"ImageObject","inLanguage":"sv-SE","@id":"https:\/\/wp.kristdemokraterna.se\/uppsala\/regionen\/vara-politiker-i-regionen\/#primaryimage","url":"http:\/\/wp.kristdemokraterna.se\/uppsala\/files\/2023\/10\/bo-rund-ram-300x300.png","contentUrl":"http:\/\/wp.kristdemokraterna.se\/uppsala\/files\/2023\/10\/bo-rund-ram-300x300.png"},{"@type":"BreadcrumbList","@id":"https:\/\/wp.kristdemokraterna.se\/uppsala\/regionen\/vara-politiker-i-regionen\/#breadcrumb","itemListElement":[{"@type":"ListItem","position":1,"name":"Hem","item":"https:\/\/wp.kristdemokraterna.se\/uppsala\/"},{"@type":"ListItem","position":2,"name":"Kristdemokraterna i Region Uppsala","item":"https:\/\/wp.kristdemokraterna.se\/uppsala\/regionen\/"},{"@type":"ListItem","position":3,"name":"F\u00f6retr\u00e4dare i Region Uppsala"}]},{"@type":"WebSite","@id":"https:\/\/wp.kristdemokraterna.se\/uppsala\/#website","url":"https:\/\/wp.kristdemokraterna.se\/uppsala\/","name":"Kristdemokraterna Uppsala","description":"Tryggare Uppsala","publisher":{"@id":"https:\/\/wp.kristdemokraterna.se\/uppsala\/#organization"},"inLanguage":"sv-SE"},{"@type":"Organization","@id":"https:\/\/wp.kristdemokraterna.se\/uppsala\/#organization","name":"Kristdemokraterna Uppsala","url":"https:\/\/wp.kristdemokraterna.se\/uppsala\/","logo":{"@type":"ImageObject","inLanguage":"sv-SE","@id":"https:\/\/wp.kristdemokraterna.se\/uppsala\/#\/schema\/logo\/image\/","url":"https:\/\/wp.kristdemokraterna.se\/uppsala\/files\/2019\/10\/kd-uppsala.png","contentUrl":"https:\/\/wp.kristdemokraterna.se\/uppsala\/files\/2019\/10\/kd-uppsala.png","width":804,"height":421,"caption":"Kristdemokraterna Uppsala"},"image":{"@id":"https:\/\/wp.kristdemokraterna.se\/uppsala\/#\/schema\/logo\/image\/"},"sameAs":["https:\/\/www.facebook.com\/UppsalaKD\/","https:\/\/www.instagram.com\/uppsalakd\/"]}]}},"_links":{"self":[{"href":"https:\/\/wp.kristdemokraterna.se\/uppsala\/wp-json\/wp\/v2\/pages\/3511","targetHints":{"allow":["GET"]}}],"collection":[{"href":"https:\/\/wp.kristdemokraterna.se\/uppsala\/wp-json\/wp\/v2\/pages"}],"about":[{"href":"https:\/\/wp.kristdemokraterna.se\/uppsala\/wp-json\/wp\/v2\/types\/page"}],"author":[{"embeddable":true,"href":"https:\/\/wp.kristdemokraterna.se\/uppsala\/wp-json\/wp\/v2\/users\/702"}],"replies":[{"embeddable":true,"href":"https:\/\/wp.kristdemokraterna.se\/uppsala\/wp-json\/wp\/v2\/comments?post=3511"}],"version-history":[{"count":78,"href":"https:\/\/wp.kristdemokraterna.se\/uppsala\/wp-json\/wp\/v2\/pages\/3511\/revisions"}],"predecessor-version":[{"id":5001,"href":"https:\/\/wp.kristdemokraterna.se\/uppsala\/wp-json\/wp\/v2\/pages\/3511\/revisions\/5001"}],"up":[{"embeddable":true,"href":"https:\/\/wp.kristdemokraterna.se\/uppsala\/wp-json\/wp\/v2\/pages\/3451"}],"wp:attachment":[{"href":"https:\/\/wp.kristdemokraterna.se\/uppsala\/wp-json\/wp\/v2\/media?parent=3511"}],"curies":[{"name":"wp","href":"https:\/\/api.w.org\/{rel}","templated":true}]}}