{"id":3790,"date":"2021-02-05T13:18:06","date_gmt":"2021-02-05T12:18:06","guid":{"rendered":"http:\/\/wp.kristdemokraterna.se\/uppsala\/?page_id=3790"},"modified":"2025-02-11T16:33:23","modified_gmt":"2025-02-11T15:33:23","slug":"arsmote2025","status":"publish","type":"page","link":"https:\/\/wp.kristdemokraterna.se\/uppsala\/kd-i-uppsala-kommun\/arsmote2025\/","title":{"rendered":"\u00c5rsm\u00f6te 2025"},"content":{"rendered":"<p><a href=\"http:\/\/wp.kristdemokraterna.se\/uppsala\/files\/2025\/02\/kd-uppsala-arbetsordning-for-arsmote-2025.pdf\" target=\"_blank\" rel=\"noopener\">KD Uppsala Arbetsordning f\u00f6r \u00c5rsm\u00f6te 2025<\/a><\/p>\n<p><a href=\"http:\/\/wp.kristdemokraterna.se\/uppsala\/files\/2025\/02\/budget-2025-och-utfall-2024-1.pdf\">Budget 2025<\/a><\/p>\n<p><a href=\"http:\/\/wp.kristdemokraterna.se\/uppsala\/files\/2025\/02\/kd-verksamhetsberattlese-2024-kampanjer.pdf\">KD Verksamhetsber\u00e4ttelse 2024 Kampanjer<\/a><\/p>\n<p><a href=\"http:\/\/wp.kristdemokraterna.se\/uppsala\/files\/2025\/02\/kd-verksamhetsberattelse-2024-kf-gruppen.pdf\">KD Verksamhetsber\u00e4ttelse 2024 KF-gruppen<\/a><\/p>\n<p><a href=\"http:\/\/wp.kristdemokraterna.se\/uppsala\/files\/2025\/02\/verksamhetsplan-2025.pdf\" target=\"_blank\" rel=\"noopener\">Verksamhetsplan 2025<\/a><\/p>\n<p><a href=\"http:\/\/wp.kristdemokraterna.se\/uppsala\/files\/2025\/02\/kd-uppsala-2025-valberedningens-forslag-till-ombud-uppsala-lan.pdf\">Valberedningens f\u00f6rslag till ombud<\/a><\/p>\n<p><a href=\"http:\/\/wp.kristdemokraterna.se\/uppsala\/files\/2025\/02\/kd-arsmote-250211-valberedningens-forslag-1.docx\">Valberedningens f\u00f6rslag till partiavdelningsstyrelse<\/a><\/p>\n<p><a href=\"http:\/\/wp.kristdemokraterna.se\/uppsala\/files\/2025\/02\/kristdemokraternas-partiavdelning-i-uppsala-foreslar-arsmotet-2025.docx\">Val av nomineringskommitt\u00e9 f\u00f6r kommunval<\/a><\/p>\n<p>&nbsp;<\/p>\n<p>&nbsp;<\/p>\n<h3>Motioner<\/h3>\n<p><a href=\"http:\/\/wp.kristdemokraterna.se\/uppsala\/files\/2025\/02\/andra-systemet-for-hur-namndeman-utses.pdf\" target=\"_blank\" rel=\"noopener\">\u00c4ndra systemet f\u00f6r hur n\u00e4mndem\u00e4n utses<\/a><\/p>\n<p><a href=\"http:\/\/wp.kristdemokraterna.se\/uppsala\/files\/2025\/02\/andra-omrostningsreglerna-i-rattegangsbalken.pdf\" target=\"_blank\" rel=\"noopener\">\u00c4ndra omr\u00f6stningsreglerna i r\u00e4tteg\u00e5ngsbalken<\/a><\/p>\n<p><a href=\"http:\/\/wp.kristdemokraterna.se\/uppsala\/files\/2025\/02\/tvangsatgarder-inom-den-somatiska-varden.pdf\" target=\"_blank\" rel=\"noopener\">Tv\u00e5ngs\u00e5tg\u00e4rder inom den somatiska v\u00e5rden<\/a><\/p>\n<p><a href=\"http:\/\/wp.kristdemokraterna.se\/uppsala\/files\/2025\/02\/strama-at-regelverket-kring-ritualslaktat-kott-utkast-20250125.pdf\" target=\"_blank\" rel=\"noopener\">Strama \u00e5t reglerna kring ritualslaktat k\u00f6tt<\/a><\/p>\n<p><a href=\"http:\/\/wp.kristdemokraterna.se\/uppsala\/files\/2025\/02\/motion_forbud-barande-av-hijab-for-tjansteman-i-offentlig-tjanst_2025.pdf\" target=\"_blank\" rel=\"noopener\">F\u00f6rbud b\u00e4rande av hijab f\u00f6r tj\u00e4nstem\u00e4n i offentlig tj\u00e4nst<\/a><\/p>\n<p><a href=\"http:\/\/wp.kristdemokraterna.se\/uppsala\/files\/2025\/02\/motion_begrav-det-nuvarande-bistandet.pdf\" target=\"_blank\" rel=\"noopener\">Begrav det nuvarande bist\u00e5ndet<\/a><\/p>\n<p><a href=\"http:\/\/wp.kristdemokraterna.se\/uppsala\/files\/2025\/02\/motion-on-tidskrav-for-friskolor.pdf\" target=\"_blank\" rel=\"noopener\">Tidskrav f\u00f6r friskolor<\/a><\/p>\n<p><a href=\"http:\/\/wp.kristdemokraterna.se\/uppsala\/files\/2025\/02\/motion-om-energianlaggningar.pdf\" target=\"_blank\" rel=\"noopener\">Motion om energianl\u00e4ggningar<\/a><\/p>\n<p><a href=\"http:\/\/wp.kristdemokraterna.se\/uppsala\/files\/2025\/02\/motion-om-battre-subsidiaritet.pdf\" target=\"_blank\" rel=\"noopener\">Motion om b\u00e4ttre subsidiaritet\u00a0<\/a><\/p>\n<p><a href=\"http:\/\/wp.kristdemokraterna.se\/uppsala\/files\/2025\/02\/motion-mojliggor-for-arbetsgivare-att-sta-for-anstalldas-kollektivtrafikresor-utan-onodiga-skatter-frida-bjork-m.fl_.pdf\" target=\"_blank\" rel=\"noopener\">M\u00f6jligg\u00f6r f\u00f6r arbetsgivare att st\u00e5 f\u00f6r anst\u00e4lldas kollektivtrafikresor utan on\u00f6diga skatter<\/a><\/p>\n<p><a href=\"http:\/\/wp.kristdemokraterna.se\/uppsala\/files\/2025\/02\/motion-utvidga-omradet-for-framtidsfullmakter.pdf\" target=\"_blank\" rel=\"noopener\">Utvidga omr\u00e5det f\u00f6r framtidsfullmakter<\/a><\/p>\n<p><a href=\"http:\/\/wp.kristdemokraterna.se\/uppsala\/files\/2025\/02\/byt-system-for-att-organdonation.pdf\" target=\"_blank\" rel=\"noopener\">Byt system f\u00f6r organdonation<\/a><\/p>\n<p><a href=\"http:\/\/wp.kristdemokraterna.se\/uppsala\/files\/2025\/02\/motion-revidera-officersutbildningens-akademiska-inriktning.pdf\">Revidera officersutbildningens akademiska inriktning<\/a><\/p>\n<p><a href=\"http:\/\/wp.kristdemokraterna.se\/uppsala\/files\/2025\/02\/motion-kronofogden-ska-ej-befatta-sig-med-ockerrantor.pdf\">Kronofogden ska ej befatta sig med ockerr\u00e4ntor<\/a><\/p>\n","protected":false},"excerpt":{"rendered":"<p>KD Uppsala Arbetsordning f\u00f6r \u00c5rsm\u00f6te 2025 Budget 2025 KD Verksamhetsber\u00e4ttelse 2024 Kampanjer KD Verksamhetsber\u00e4ttelse 2024 KF-gruppen Verksamhetsplan 2025 Valberedningens f\u00f6rslag till ombud Valberedningens f\u00f6rslag till partiavdelningsstyrelse Val av nomineringskommitt\u00e9 f\u00f6r kommunval &nbsp; &nbsp; Motioner \u00c4ndra systemet f\u00f6r hur n\u00e4mndem\u00e4n utses \u00c4ndra omr\u00f6stningsreglerna i r\u00e4tteg\u00e5ngsbalken Tv\u00e5ngs\u00e5tg\u00e4rder inom den somatiska v\u00e5rden Strama \u00e5t reglerna kring ritualslaktat k\u00f6tt <a class=\"read-more-link\" href=\"https:\/\/wp.kristdemokraterna.se\/uppsala\/kd-i-uppsala-kommun\/arsmote2025\/\">Read More<\/a><\/p>\n","protected":false},"author":1064,"featured_media":0,"parent":3447,"menu_order":4,"comment_status":"closed","ping_status":"closed","template":"","meta":{"_acf_changed":false,"footnotes":""},"class_list":["post-3790","page","type-page","status-publish","hentry"],"acf":[],"yoast_head":"<!-- This site is optimized with the Yoast SEO plugin v27.3 - https:\/\/yoast.com\/product\/yoast-seo-wordpress\/ -->\n<title>\u00c5rsm\u00f6te 2025 | Kristdemokraterna | Uppsala<\/title>\n<meta name=\"robots\" content=\"index, follow, max-snippet:-1, max-image-preview:large, max-video-preview:-1\" \/>\n<link rel=\"canonical\" href=\"https:\/\/wp.kristdemokraterna.se\/uppsala\/kd-i-uppsala-kommun\/arsmote2025\/\" \/>\n<meta property=\"og:locale\" content=\"sv_SE\" \/>\n<meta property=\"og:type\" content=\"article\" \/>\n<meta property=\"og:title\" content=\"\u00c5rsm\u00f6te 2025 | Kristdemokraterna | Uppsala\" \/>\n<meta property=\"og:description\" content=\"KD Uppsala Arbetsordning f\u00f6r \u00c5rsm\u00f6te 2025 Budget 2025 KD Verksamhetsber\u00e4ttelse 2024 Kampanjer KD Verksamhetsber\u00e4ttelse 2024 KF-gruppen Verksamhetsplan 2025 Valberedningens f\u00f6rslag till ombud Valberedningens f\u00f6rslag till partiavdelningsstyrelse Val av nomineringskommitt\u00e9 f\u00f6r kommunval &nbsp; &nbsp; Motioner \u00c4ndra systemet f\u00f6r hur n\u00e4mndem\u00e4n utses \u00c4ndra omr\u00f6stningsreglerna i r\u00e4tteg\u00e5ngsbalken Tv\u00e5ngs\u00e5tg\u00e4rder inom den somatiska v\u00e5rden Strama \u00e5t reglerna kring ritualslaktat k\u00f6tt Read More\" \/>\n<meta property=\"og:url\" content=\"https:\/\/wp.kristdemokraterna.se\/uppsala\/kd-i-uppsala-kommun\/arsmote2025\/\" \/>\n<meta property=\"og:site_name\" content=\"Kristdemokraterna | Uppsala\" \/>\n<meta property=\"article:publisher\" content=\"https:\/\/www.facebook.com\/UppsalaKD\/\" \/>\n<meta property=\"article:modified_time\" content=\"2025-02-11T15:33:23+00:00\" \/>\n<meta property=\"og:image\" content=\"https:\/\/wp.kristdemokraterna.se\/uppsala\/files\/2021\/12\/kom1.png\" \/>\n\t<meta property=\"og:image:width\" content=\"770\" \/>\n\t<meta property=\"og:image:height\" content=\"404\" \/>\n\t<meta property=\"og:image:type\" content=\"image\/png\" \/>\n<meta name=\"twitter:card\" content=\"summary_large_image\" \/>\n<meta name=\"twitter:label1\" content=\"Ber\u00e4knad l\u00e4stid\" \/>\n\t<meta name=\"twitter:data1\" content=\"1 minut\" \/>\n<script type=\"application\/ld+json\" class=\"yoast-schema-graph\">{\"@context\":\"https:\\\/\\\/schema.org\",\"@graph\":[{\"@type\":\"WebPage\",\"@id\":\"https:\\\/\\\/wp.kristdemokraterna.se\\\/uppsala\\\/kd-i-uppsala-kommun\\\/arsmote2025\\\/\",\"url\":\"https:\\\/\\\/wp.kristdemokraterna.se\\\/uppsala\\\/kd-i-uppsala-kommun\\\/arsmote2025\\\/\",\"name\":\"\u00c5rsm\u00f6te 2025 | Kristdemokraterna | Uppsala\",\"isPartOf\":{\"@id\":\"https:\\\/\\\/wp.kristdemokraterna.se\\\/uppsala\\\/#website\"},\"datePublished\":\"2021-02-05T12:18:06+00:00\",\"dateModified\":\"2025-02-11T15:33:23+00:00\",\"breadcrumb\":{\"@id\":\"https:\\\/\\\/wp.kristdemokraterna.se\\\/uppsala\\\/kd-i-uppsala-kommun\\\/arsmote2025\\\/#breadcrumb\"},\"inLanguage\":\"sv-SE\",\"potentialAction\":[{\"@type\":\"ReadAction\",\"target\":[\"https:\\\/\\\/wp.kristdemokraterna.se\\\/uppsala\\\/kd-i-uppsala-kommun\\\/arsmote2025\\\/\"]}]},{\"@type\":\"BreadcrumbList\",\"@id\":\"https:\\\/\\\/wp.kristdemokraterna.se\\\/uppsala\\\/kd-i-uppsala-kommun\\\/arsmote2025\\\/#breadcrumb\",\"itemListElement\":[{\"@type\":\"ListItem\",\"position\":1,\"name\":\"Hem\",\"item\":\"https:\\\/\\\/wp.kristdemokraterna.se\\\/uppsala\\\/\"},{\"@type\":\"ListItem\",\"position\":2,\"name\":\"Kristdemokraterna i Uppsala Kommun\",\"item\":\"https:\\\/\\\/wp.kristdemokraterna.se\\\/uppsala\\\/kd-i-uppsala-kommun\\\/\"},{\"@type\":\"ListItem\",\"position\":3,\"name\":\"\u00c5rsm\u00f6te 2025\"}]},{\"@type\":\"WebSite\",\"@id\":\"https:\\\/\\\/wp.kristdemokraterna.se\\\/uppsala\\\/#website\",\"url\":\"https:\\\/\\\/wp.kristdemokraterna.se\\\/uppsala\\\/\",\"name\":\"Kristdemokraterna Uppsala\",\"description\":\"Tryggare Uppsala\",\"publisher\":{\"@id\":\"https:\\\/\\\/wp.kristdemokraterna.se\\\/uppsala\\\/#organization\"},\"inLanguage\":\"sv-SE\"},{\"@type\":\"Organization\",\"@id\":\"https:\\\/\\\/wp.kristdemokraterna.se\\\/uppsala\\\/#organization\",\"name\":\"Kristdemokraterna Uppsala\",\"url\":\"https:\\\/\\\/wp.kristdemokraterna.se\\\/uppsala\\\/\",\"logo\":{\"@type\":\"ImageObject\",\"inLanguage\":\"sv-SE\",\"@id\":\"https:\\\/\\\/wp.kristdemokraterna.se\\\/uppsala\\\/#\\\/schema\\\/logo\\\/image\\\/\",\"url\":\"https:\\\/\\\/wp.kristdemokraterna.se\\\/uppsala\\\/files\\\/2019\\\/10\\\/kd-uppsala.png\",\"contentUrl\":\"https:\\\/\\\/wp.kristdemokraterna.se\\\/uppsala\\\/files\\\/2019\\\/10\\\/kd-uppsala.png\",\"width\":804,\"height\":421,\"caption\":\"Kristdemokraterna Uppsala\"},\"image\":{\"@id\":\"https:\\\/\\\/wp.kristdemokraterna.se\\\/uppsala\\\/#\\\/schema\\\/logo\\\/image\\\/\"},\"sameAs\":[\"https:\\\/\\\/www.facebook.com\\\/UppsalaKD\\\/\",\"https:\\\/\\\/www.instagram.com\\\/uppsalakd\\\/\"]}]}<\/script>\n<!-- \/ Yoast SEO plugin. -->","yoast_head_json":{"title":"\u00c5rsm\u00f6te 2025 | Kristdemokraterna | Uppsala","robots":{"index":"index","follow":"follow","max-snippet":"max-snippet:-1","max-image-preview":"max-image-preview:large","max-video-preview":"max-video-preview:-1"},"canonical":"https:\/\/wp.kristdemokraterna.se\/uppsala\/kd-i-uppsala-kommun\/arsmote2025\/","og_locale":"sv_SE","og_type":"article","og_title":"\u00c5rsm\u00f6te 2025 | Kristdemokraterna | Uppsala","og_description":"KD Uppsala Arbetsordning f\u00f6r \u00c5rsm\u00f6te 2025 Budget 2025 KD Verksamhetsber\u00e4ttelse 2024 Kampanjer KD Verksamhetsber\u00e4ttelse 2024 KF-gruppen Verksamhetsplan 2025 Valberedningens f\u00f6rslag till ombud Valberedningens f\u00f6rslag till partiavdelningsstyrelse Val av nomineringskommitt\u00e9 f\u00f6r kommunval &nbsp; &nbsp; Motioner \u00c4ndra systemet f\u00f6r hur n\u00e4mndem\u00e4n utses \u00c4ndra omr\u00f6stningsreglerna i r\u00e4tteg\u00e5ngsbalken Tv\u00e5ngs\u00e5tg\u00e4rder inom den somatiska v\u00e5rden Strama \u00e5t reglerna kring ritualslaktat k\u00f6tt Read More","og_url":"https:\/\/wp.kristdemokraterna.se\/uppsala\/kd-i-uppsala-kommun\/arsmote2025\/","og_site_name":"Kristdemokraterna | Uppsala","article_publisher":"https:\/\/www.facebook.com\/UppsalaKD\/","article_modified_time":"2025-02-11T15:33:23+00:00","og_image":[{"width":770,"height":404,"url":"https:\/\/wp.kristdemokraterna.se\/uppsala\/files\/2021\/12\/kom1.png","type":"image\/png"}],"twitter_card":"summary_large_image","twitter_misc":{"Ber\u00e4knad l\u00e4stid":"1 minut"},"schema":{"@context":"https:\/\/schema.org","@graph":[{"@type":"WebPage","@id":"https:\/\/wp.kristdemokraterna.se\/uppsala\/kd-i-uppsala-kommun\/arsmote2025\/","url":"https:\/\/wp.kristdemokraterna.se\/uppsala\/kd-i-uppsala-kommun\/arsmote2025\/","name":"\u00c5rsm\u00f6te 2025 | Kristdemokraterna | Uppsala","isPartOf":{"@id":"https:\/\/wp.kristdemokraterna.se\/uppsala\/#website"},"datePublished":"2021-02-05T12:18:06+00:00","dateModified":"2025-02-11T15:33:23+00:00","breadcrumb":{"@id":"https:\/\/wp.kristdemokraterna.se\/uppsala\/kd-i-uppsala-kommun\/arsmote2025\/#breadcrumb"},"inLanguage":"sv-SE","potentialAction":[{"@type":"ReadAction","target":["https:\/\/wp.kristdemokraterna.se\/uppsala\/kd-i-uppsala-kommun\/arsmote2025\/"]}]},{"@type":"BreadcrumbList","@id":"https:\/\/wp.kristdemokraterna.se\/uppsala\/kd-i-uppsala-kommun\/arsmote2025\/#breadcrumb","itemListElement":[{"@type":"ListItem","position":1,"name":"Hem","item":"https:\/\/wp.kristdemokraterna.se\/uppsala\/"},{"@type":"ListItem","position":2,"name":"Kristdemokraterna i Uppsala Kommun","item":"https:\/\/wp.kristdemokraterna.se\/uppsala\/kd-i-uppsala-kommun\/"},{"@type":"ListItem","position":3,"name":"\u00c5rsm\u00f6te 2025"}]},{"@type":"WebSite","@id":"https:\/\/wp.kristdemokraterna.se\/uppsala\/#website","url":"https:\/\/wp.kristdemokraterna.se\/uppsala\/","name":"Kristdemokraterna Uppsala","description":"Tryggare Uppsala","publisher":{"@id":"https:\/\/wp.kristdemokraterna.se\/uppsala\/#organization"},"inLanguage":"sv-SE"},{"@type":"Organization","@id":"https:\/\/wp.kristdemokraterna.se\/uppsala\/#organization","name":"Kristdemokraterna Uppsala","url":"https:\/\/wp.kristdemokraterna.se\/uppsala\/","logo":{"@type":"ImageObject","inLanguage":"sv-SE","@id":"https:\/\/wp.kristdemokraterna.se\/uppsala\/#\/schema\/logo\/image\/","url":"https:\/\/wp.kristdemokraterna.se\/uppsala\/files\/2019\/10\/kd-uppsala.png","contentUrl":"https:\/\/wp.kristdemokraterna.se\/uppsala\/files\/2019\/10\/kd-uppsala.png","width":804,"height":421,"caption":"Kristdemokraterna Uppsala"},"image":{"@id":"https:\/\/wp.kristdemokraterna.se\/uppsala\/#\/schema\/logo\/image\/"},"sameAs":["https:\/\/www.facebook.com\/UppsalaKD\/","https:\/\/www.instagram.com\/uppsalakd\/"]}]}},"_links":{"self":[{"href":"https:\/\/wp.kristdemokraterna.se\/uppsala\/wp-json\/wp\/v2\/pages\/3790","targetHints":{"allow":["GET"]}}],"collection":[{"href":"https:\/\/wp.kristdemokraterna.se\/uppsala\/wp-json\/wp\/v2\/pages"}],"about":[{"href":"https:\/\/wp.kristdemokraterna.se\/uppsala\/wp-json\/wp\/v2\/types\/page"}],"author":[{"embeddable":true,"href":"https:\/\/wp.kristdemokraterna.se\/uppsala\/wp-json\/wp\/v2\/users\/1064"}],"replies":[{"embeddable":true,"href":"https:\/\/wp.kristdemokraterna.se\/uppsala\/wp-json\/wp\/v2\/comments?post=3790"}],"version-history":[{"count":49,"href":"https:\/\/wp.kristdemokraterna.se\/uppsala\/wp-json\/wp\/v2\/pages\/3790\/revisions"}],"predecessor-version":[{"id":4928,"href":"https:\/\/wp.kristdemokraterna.se\/uppsala\/wp-json\/wp\/v2\/pages\/3790\/revisions\/4928"}],"up":[{"embeddable":true,"href":"https:\/\/wp.kristdemokraterna.se\/uppsala\/wp-json\/wp\/v2\/pages\/3447"}],"wp:attachment":[{"href":"https:\/\/wp.kristdemokraterna.se\/uppsala\/wp-json\/wp\/v2\/media?parent=3790"}],"curies":[{"name":"wp","href":"https:\/\/api.w.org\/{rel}","templated":true}]}}