{"id":4131,"date":"2022-08-04T10:27:09","date_gmt":"2022-08-04T08:27:09","guid":{"rendered":"https:\/\/wp.kristdemokraterna.se\/uppsala\/?page_id=4131"},"modified":"2024-08-22T00:09:55","modified_gmt":"2024-08-21T22:09:55","slug":"lokala-program","status":"publish","type":"page","link":"https:\/\/wp.kristdemokraterna.se\/uppsala\/kd-i-uppsala-kommun\/kommunprogram-uppsala\/lokala-program\/","title":{"rendered":"Lokalt program: Bj\u00f6rklinge"},"content":{"rendered":"<p>Uppsala kommun best\u00e5r inte bara av stadsk\u00e4rnan, i kommunen finns m\u00e5nga orter och omr\u00e5den som f\u00f6rtj\u00e4nar politikernas uppm\u00e4rksamhet. D\u00e4rf\u00f6r har vi Kristdemokrater i Uppsala arbetat fram tre lokala program f\u00f6r omr\u00e5dena: Storvreta, Bj\u00f6rklinge och S\u00e4vja.<\/p>\n<p>Dessa fr\u00e5gor driver vi f\u00f6r Bj\u00f6rkling:<\/p>\n<p><strong>Jaga r\u00e5korna<\/strong><br \/>\nDet finns en stor m\u00e4ngd regler som hindrar jakt p\u00e5 de r\u00e5kor som st\u00f6r och orsakar skador i Bj\u00f6rklinge. H\u00e4r kr\u00e4vs nationella \u00e5tg\u00e4rder. Tills dess kommer Kristdemokraterna i Uppsala anv\u00e4nda de m\u00f6jligheter som finns att befria Bj\u00f6rklingeborna fr\u00e5n denna pl\u00e5ga.<\/p>\n<p><strong>Ny cykelv\u00e4g till stan<\/strong><br \/>\nTrafikverket planerar i dagsl\u00e4get att smalna av v\u00e4g 600 f\u00f6r att anl\u00e4gga en cykelv\u00e4g p\u00e5 ena sidan av norrg\u00e5ende k\u00f6rbana. Det blir ingen trevlig upplevelse varken f\u00f6r cyklister eller bilister. Kristdemokraterna vill hellre se en cykelv\u00e4g l\u00e4ngs n\u00e5gra av de mindre v\u00e4garna in till Uppsala.<\/p>\n<p><strong>Fler tr\u00e4ffpunkter 65+<\/strong><br \/>\nKristdemokraterna har l\u00e4nge drivit att vi beh\u00f6ver fler seniortr\u00e4ffpunkter, \u00e4ven p\u00e5 landsbygden. Ett exempel \u00e4r Bj\u00f6rklinge d\u00e4r nuvarande samlingslokaler \u00e4r alltf\u00f6r begr\u00e4nsade.<\/p>\n<p><strong>F\u00f6rb\u00e4ttra pendlingsm\u00f6jligheterna<\/strong><br \/>\nIdag f\u00e5r parkeringen vid Hemk\u00f6p fungera som pendlarparkering, men det \u00e4r f\u00f6r tr\u00e5ngt d\u00e4r. Det beh\u00f6vs riktiga pendlarparkeringar s\u00e5 att fler kan st\u00e4lla ifr\u00e5n sig cykel och bil f\u00f6r att ta bussen in till stan.<\/p>\n<p>Klicka <a href=\"https:\/\/wp.kristdemokraterna.se\/uppsala\/files\/2018\/10\/bjorklinge-final.pdf\">h\u00e4r<\/a> f\u00f6r direktl\u00e4nk till v\u00e5rt program f\u00f6r Bj\u00f6rklinge.<\/p>\n<p>&nbsp;<\/p>\n","protected":false},"excerpt":{"rendered":"<p>Uppsala kommun best\u00e5r inte bara av stadsk\u00e4rnan, i kommunen finns m\u00e5nga orter och omr\u00e5den som f\u00f6rtj\u00e4nar politikernas uppm\u00e4rksamhet. D\u00e4rf\u00f6r har vi Kristdemokrater i Uppsala arbetat fram tre lokala program f\u00f6r omr\u00e5dena: Storvreta, Bj\u00f6rklinge och S\u00e4vja. Dessa fr\u00e5gor driver vi f\u00f6r Bj\u00f6rkling: Jaga r\u00e5korna Det finns en stor m\u00e4ngd regler som hindrar jakt p\u00e5 de r\u00e5kor <a class=\"read-more-link\" href=\"https:\/\/wp.kristdemokraterna.se\/uppsala\/kd-i-uppsala-kommun\/kommunprogram-uppsala\/lokala-program\/\">Read More<\/a><\/p>\n","protected":false},"author":1055,"featured_media":0,"parent":4807,"menu_order":1,"comment_status":"closed","ping_status":"closed","template":"","meta":{"_acf_changed":false,"footnotes":""},"class_list":["post-4131","page","type-page","status-publish","hentry"],"acf":[],"yoast_head":"<!-- This site is optimized with the Yoast SEO plugin v27.3 - https:\/\/yoast.com\/product\/yoast-seo-wordpress\/ -->\n<title>Lokalt program: Bj\u00f6rklinge | Kristdemokraterna | Uppsala<\/title>\n<meta name=\"robots\" content=\"index, follow, max-snippet:-1, max-image-preview:large, max-video-preview:-1\" \/>\n<link rel=\"canonical\" href=\"https:\/\/wp.kristdemokraterna.se\/uppsala\/kd-i-uppsala-kommun\/kommunprogram-uppsala\/lokala-program\/\" \/>\n<meta property=\"og:locale\" content=\"sv_SE\" \/>\n<meta property=\"og:type\" content=\"article\" \/>\n<meta property=\"og:title\" content=\"Lokalt program: Bj\u00f6rklinge | Kristdemokraterna | Uppsala\" \/>\n<meta property=\"og:description\" content=\"Uppsala kommun best\u00e5r inte bara av stadsk\u00e4rnan, i kommunen finns m\u00e5nga orter och omr\u00e5den som f\u00f6rtj\u00e4nar politikernas uppm\u00e4rksamhet. D\u00e4rf\u00f6r har vi Kristdemokrater i Uppsala arbetat fram tre lokala program f\u00f6r omr\u00e5dena: Storvreta, Bj\u00f6rklinge och S\u00e4vja. Dessa fr\u00e5gor driver vi f\u00f6r Bj\u00f6rkling: Jaga r\u00e5korna Det finns en stor m\u00e4ngd regler som hindrar jakt p\u00e5 de r\u00e5kor Read More\" \/>\n<meta property=\"og:url\" content=\"https:\/\/wp.kristdemokraterna.se\/uppsala\/kd-i-uppsala-kommun\/kommunprogram-uppsala\/lokala-program\/\" \/>\n<meta property=\"og:site_name\" content=\"Kristdemokraterna | Uppsala\" \/>\n<meta property=\"article:publisher\" content=\"https:\/\/www.facebook.com\/UppsalaKD\/\" \/>\n<meta property=\"article:modified_time\" content=\"2024-08-21T22:09:55+00:00\" \/>\n<meta property=\"og:image\" content=\"https:\/\/wp.kristdemokraterna.se\/uppsala\/files\/2021\/12\/kom1.png\" \/>\n\t<meta property=\"og:image:width\" content=\"770\" \/>\n\t<meta property=\"og:image:height\" content=\"404\" \/>\n\t<meta property=\"og:image:type\" content=\"image\/png\" \/>\n<meta name=\"twitter:card\" content=\"summary_large_image\" \/>\n<meta name=\"twitter:label1\" content=\"Ber\u00e4knad l\u00e4stid\" \/>\n\t<meta name=\"twitter:data1\" content=\"2 minuter\" \/>\n<script type=\"application\/ld+json\" class=\"yoast-schema-graph\">{\"@context\":\"https:\\\/\\\/schema.org\",\"@graph\":[{\"@type\":\"WebPage\",\"@id\":\"https:\\\/\\\/wp.kristdemokraterna.se\\\/uppsala\\\/kd-i-uppsala-kommun\\\/kommunprogram-uppsala\\\/lokala-program\\\/\",\"url\":\"https:\\\/\\\/wp.kristdemokraterna.se\\\/uppsala\\\/kd-i-uppsala-kommun\\\/kommunprogram-uppsala\\\/lokala-program\\\/\",\"name\":\"Lokalt program: Bj\u00f6rklinge | Kristdemokraterna | Uppsala\",\"isPartOf\":{\"@id\":\"https:\\\/\\\/wp.kristdemokraterna.se\\\/uppsala\\\/#website\"},\"datePublished\":\"2022-08-04T08:27:09+00:00\",\"dateModified\":\"2024-08-21T22:09:55+00:00\",\"breadcrumb\":{\"@id\":\"https:\\\/\\\/wp.kristdemokraterna.se\\\/uppsala\\\/kd-i-uppsala-kommun\\\/kommunprogram-uppsala\\\/lokala-program\\\/#breadcrumb\"},\"inLanguage\":\"sv-SE\",\"potentialAction\":[{\"@type\":\"ReadAction\",\"target\":[\"https:\\\/\\\/wp.kristdemokraterna.se\\\/uppsala\\\/kd-i-uppsala-kommun\\\/kommunprogram-uppsala\\\/lokala-program\\\/\"]}]},{\"@type\":\"BreadcrumbList\",\"@id\":\"https:\\\/\\\/wp.kristdemokraterna.se\\\/uppsala\\\/kd-i-uppsala-kommun\\\/kommunprogram-uppsala\\\/lokala-program\\\/#breadcrumb\",\"itemListElement\":[{\"@type\":\"ListItem\",\"position\":1,\"name\":\"Hem\",\"item\":\"https:\\\/\\\/wp.kristdemokraterna.se\\\/uppsala\\\/\"},{\"@type\":\"ListItem\",\"position\":2,\"name\":\"Kristdemokraterna i Uppsala Kommun\",\"item\":\"https:\\\/\\\/wp.kristdemokraterna.se\\\/uppsala\\\/kd-i-uppsala-kommun\\\/\"},{\"@type\":\"ListItem\",\"position\":3,\"name\":\"Kommunprogram Uppsala\",\"item\":\"https:\\\/\\\/wp.kristdemokraterna.se\\\/uppsala\\\/kd-i-uppsala-kommun\\\/kommunprogram-uppsala\\\/\"},{\"@type\":\"ListItem\",\"position\":4,\"name\":\"Lokalt program: Bj\u00f6rklinge\"}]},{\"@type\":\"WebSite\",\"@id\":\"https:\\\/\\\/wp.kristdemokraterna.se\\\/uppsala\\\/#website\",\"url\":\"https:\\\/\\\/wp.kristdemokraterna.se\\\/uppsala\\\/\",\"name\":\"Kristdemokraterna Uppsala\",\"description\":\"Tryggare Uppsala\",\"publisher\":{\"@id\":\"https:\\\/\\\/wp.kristdemokraterna.se\\\/uppsala\\\/#organization\"},\"inLanguage\":\"sv-SE\"},{\"@type\":\"Organization\",\"@id\":\"https:\\\/\\\/wp.kristdemokraterna.se\\\/uppsala\\\/#organization\",\"name\":\"Kristdemokraterna Uppsala\",\"url\":\"https:\\\/\\\/wp.kristdemokraterna.se\\\/uppsala\\\/\",\"logo\":{\"@type\":\"ImageObject\",\"inLanguage\":\"sv-SE\",\"@id\":\"https:\\\/\\\/wp.kristdemokraterna.se\\\/uppsala\\\/#\\\/schema\\\/logo\\\/image\\\/\",\"url\":\"https:\\\/\\\/wp.kristdemokraterna.se\\\/uppsala\\\/files\\\/2019\\\/10\\\/kd-uppsala.png\",\"contentUrl\":\"https:\\\/\\\/wp.kristdemokraterna.se\\\/uppsala\\\/files\\\/2019\\\/10\\\/kd-uppsala.png\",\"width\":804,\"height\":421,\"caption\":\"Kristdemokraterna Uppsala\"},\"image\":{\"@id\":\"https:\\\/\\\/wp.kristdemokraterna.se\\\/uppsala\\\/#\\\/schema\\\/logo\\\/image\\\/\"},\"sameAs\":[\"https:\\\/\\\/www.facebook.com\\\/UppsalaKD\\\/\",\"https:\\\/\\\/www.instagram.com\\\/uppsalakd\\\/\"]}]}<\/script>\n<!-- \/ Yoast SEO plugin. -->","yoast_head_json":{"title":"Lokalt program: Bj\u00f6rklinge | Kristdemokraterna | Uppsala","robots":{"index":"index","follow":"follow","max-snippet":"max-snippet:-1","max-image-preview":"max-image-preview:large","max-video-preview":"max-video-preview:-1"},"canonical":"https:\/\/wp.kristdemokraterna.se\/uppsala\/kd-i-uppsala-kommun\/kommunprogram-uppsala\/lokala-program\/","og_locale":"sv_SE","og_type":"article","og_title":"Lokalt program: Bj\u00f6rklinge | Kristdemokraterna | Uppsala","og_description":"Uppsala kommun best\u00e5r inte bara av stadsk\u00e4rnan, i kommunen finns m\u00e5nga orter och omr\u00e5den som f\u00f6rtj\u00e4nar politikernas uppm\u00e4rksamhet. D\u00e4rf\u00f6r har vi Kristdemokrater i Uppsala arbetat fram tre lokala program f\u00f6r omr\u00e5dena: Storvreta, Bj\u00f6rklinge och S\u00e4vja. Dessa fr\u00e5gor driver vi f\u00f6r Bj\u00f6rkling: Jaga r\u00e5korna Det finns en stor m\u00e4ngd regler som hindrar jakt p\u00e5 de r\u00e5kor Read More","og_url":"https:\/\/wp.kristdemokraterna.se\/uppsala\/kd-i-uppsala-kommun\/kommunprogram-uppsala\/lokala-program\/","og_site_name":"Kristdemokraterna | Uppsala","article_publisher":"https:\/\/www.facebook.com\/UppsalaKD\/","article_modified_time":"2024-08-21T22:09:55+00:00","og_image":[{"width":770,"height":404,"url":"https:\/\/wp.kristdemokraterna.se\/uppsala\/files\/2021\/12\/kom1.png","type":"image\/png"}],"twitter_card":"summary_large_image","twitter_misc":{"Ber\u00e4knad l\u00e4stid":"2 minuter"},"schema":{"@context":"https:\/\/schema.org","@graph":[{"@type":"WebPage","@id":"https:\/\/wp.kristdemokraterna.se\/uppsala\/kd-i-uppsala-kommun\/kommunprogram-uppsala\/lokala-program\/","url":"https:\/\/wp.kristdemokraterna.se\/uppsala\/kd-i-uppsala-kommun\/kommunprogram-uppsala\/lokala-program\/","name":"Lokalt program: Bj\u00f6rklinge | Kristdemokraterna | Uppsala","isPartOf":{"@id":"https:\/\/wp.kristdemokraterna.se\/uppsala\/#website"},"datePublished":"2022-08-04T08:27:09+00:00","dateModified":"2024-08-21T22:09:55+00:00","breadcrumb":{"@id":"https:\/\/wp.kristdemokraterna.se\/uppsala\/kd-i-uppsala-kommun\/kommunprogram-uppsala\/lokala-program\/#breadcrumb"},"inLanguage":"sv-SE","potentialAction":[{"@type":"ReadAction","target":["https:\/\/wp.kristdemokraterna.se\/uppsala\/kd-i-uppsala-kommun\/kommunprogram-uppsala\/lokala-program\/"]}]},{"@type":"BreadcrumbList","@id":"https:\/\/wp.kristdemokraterna.se\/uppsala\/kd-i-uppsala-kommun\/kommunprogram-uppsala\/lokala-program\/#breadcrumb","itemListElement":[{"@type":"ListItem","position":1,"name":"Hem","item":"https:\/\/wp.kristdemokraterna.se\/uppsala\/"},{"@type":"ListItem","position":2,"name":"Kristdemokraterna i Uppsala Kommun","item":"https:\/\/wp.kristdemokraterna.se\/uppsala\/kd-i-uppsala-kommun\/"},{"@type":"ListItem","position":3,"name":"Kommunprogram Uppsala","item":"https:\/\/wp.kristdemokraterna.se\/uppsala\/kd-i-uppsala-kommun\/kommunprogram-uppsala\/"},{"@type":"ListItem","position":4,"name":"Lokalt program: Bj\u00f6rklinge"}]},{"@type":"WebSite","@id":"https:\/\/wp.kristdemokraterna.se\/uppsala\/#website","url":"https:\/\/wp.kristdemokraterna.se\/uppsala\/","name":"Kristdemokraterna Uppsala","description":"Tryggare Uppsala","publisher":{"@id":"https:\/\/wp.kristdemokraterna.se\/uppsala\/#organization"},"inLanguage":"sv-SE"},{"@type":"Organization","@id":"https:\/\/wp.kristdemokraterna.se\/uppsala\/#organization","name":"Kristdemokraterna Uppsala","url":"https:\/\/wp.kristdemokraterna.se\/uppsala\/","logo":{"@type":"ImageObject","inLanguage":"sv-SE","@id":"https:\/\/wp.kristdemokraterna.se\/uppsala\/#\/schema\/logo\/image\/","url":"https:\/\/wp.kristdemokraterna.se\/uppsala\/files\/2019\/10\/kd-uppsala.png","contentUrl":"https:\/\/wp.kristdemokraterna.se\/uppsala\/files\/2019\/10\/kd-uppsala.png","width":804,"height":421,"caption":"Kristdemokraterna Uppsala"},"image":{"@id":"https:\/\/wp.kristdemokraterna.se\/uppsala\/#\/schema\/logo\/image\/"},"sameAs":["https:\/\/www.facebook.com\/UppsalaKD\/","https:\/\/www.instagram.com\/uppsalakd\/"]}]}},"_links":{"self":[{"href":"https:\/\/wp.kristdemokraterna.se\/uppsala\/wp-json\/wp\/v2\/pages\/4131","targetHints":{"allow":["GET"]}}],"collection":[{"href":"https:\/\/wp.kristdemokraterna.se\/uppsala\/wp-json\/wp\/v2\/pages"}],"about":[{"href":"https:\/\/wp.kristdemokraterna.se\/uppsala\/wp-json\/wp\/v2\/types\/page"}],"author":[{"embeddable":true,"href":"https:\/\/wp.kristdemokraterna.se\/uppsala\/wp-json\/wp\/v2\/users\/1055"}],"replies":[{"embeddable":true,"href":"https:\/\/wp.kristdemokraterna.se\/uppsala\/wp-json\/wp\/v2\/comments?post=4131"}],"version-history":[{"count":11,"href":"https:\/\/wp.kristdemokraterna.se\/uppsala\/wp-json\/wp\/v2\/pages\/4131\/revisions"}],"predecessor-version":[{"id":4830,"href":"https:\/\/wp.kristdemokraterna.se\/uppsala\/wp-json\/wp\/v2\/pages\/4131\/revisions\/4830"}],"up":[{"embeddable":true,"href":"https:\/\/wp.kristdemokraterna.se\/uppsala\/wp-json\/wp\/v2\/pages\/4807"}],"wp:attachment":[{"href":"https:\/\/wp.kristdemokraterna.se\/uppsala\/wp-json\/wp\/v2\/media?parent=4131"}],"curies":[{"name":"wp","href":"https:\/\/api.w.org\/{rel}","templated":true}]}}